{"id":19726,"date":"2025-05-08T15:44:15","date_gmt":"2025-05-08T07:44:15","guid":{"rendered":"https:\/\/www.yoroow.com\/?post_type=product&#038;p=19726"},"modified":"2025-05-16T09:53:49","modified_gmt":"2025-05-16T01:53:49","slug":"modern201-acier-inoxydable-pop-up-drain-overflow-hole-floating-sink-vanity-vessel-lavatory-stopper-for-bathroom-sink-leak-plug","status":"publish","type":"product","link":"https:\/\/www.yoroow.com\/fr\/detail-du-produit\/modern201-acier-inoxydable-pop-up-drain-overflow-hole-floating-sink-vanity-vessel-lavatory-stopper-for-bathroom-sink-leak-plug\/","title":{"rendered":"Modern201 Stainless Steel Pop-up Drain Overflow Hole Floating Sink Vanity Vessel Lavatory Stopper for Bathroom Sink Leak Plug"},"content":{"rendered":"<p>Le bouchon moderne en acier inoxydable 201 Pop-up Drain Overflow Hole Floating Sink Vanity Vessel Lavatory Stopper for Bathroom Sink Leak Plug est fabriqu\u00e9 en acier inoxydable 201 de haute qualit\u00e9, garantissant une r\u00e9sistance \u00e0 la corrosion et une durabilit\u00e9. Sa conception flottante s'adapte aux trous d'\u00e9vacuation d'\u00e9vier standard, offrant un joint s\u00fbr pour emp\u00eacher les fuites et les d\u00e9bordements d'eau. Ce bouchon est facile \u00e0 installer et \u00e0 nettoyer, ce qui le rend adapt\u00e9 aux \u00e9viers de salle de bains et aux vasques. Fabriqu\u00e9 par un fabricant chinois exp\u00e9riment\u00e9, ce produit fait l'objet d'une inspection minutieuse afin de maintenir une qualit\u00e9 \u00e9lev\u00e9e. Il r\u00e9pond aux besoins des clients d'Am\u00e9rique du Sud et d'Asie du Sud-Est, notamment des march\u00e9s comme la Colombie, la Malaisie et l'Indon\u00e9sie, o\u00f9 la quincaillerie de salle de bains moderne est populaire. Les services OEM et les d\u00e9lais de livraison \u00e0 l'exportation garantissent la satisfaction des clients. |<\/p>","protected":false},"excerpt":{"rendered":"<p>Modern 201 Stainless Steel Pop-up Drain Overflow Hole Floating Sink Vanity Vessel Lavatory Stopper for Bathroom Sink Leak Plug is made of high-grade 201 stainless steel ensuring corrosion resistance and durability. Its floating design fits standard sink drain holes, providing a secure seal to prevent leaks and water overflow. This stopper is easy to install\u2026<\/p>","protected":false},"featured_media":19728,"template":"","meta":{"_acf_changed":false,"_kad_post_transparent":"default","_kad_post_title":"","_kad_post_layout":"default","_kad_post_sidebar_id":"","_kad_post_content_style":"default","_kad_post_vertical_padding":"default","_kad_post_feature":"","_kad_post_feature_position":"","_kad_post_header":false,"_kad_post_footer":false},"product_brand":[],"product_cat":[341,7862],"product_tag":[],"class_list":{"0":"post-19726","1":"product","2":"type-product","3":"status-publish","4":"has-post-thumbnail","6":"product_cat-sink-leak-plug","7":"product_cat-c-sinkleakplug","9":"first","10":"instock","11":"shipping-taxable","12":"purchasable","13":"product-type-variable","14":"wvs-archive-product-wrapper","15":"entry","16":"content-bg","17":"loop-entry"},"acf":[],"yoast_head":"<!-- This site is optimized with the Yoast SEO Premium plugin v25.4 (Yoast SEO v27.0) - https:\/\/yoast.com\/product\/yoast-seo-premium-wordpress\/ -->\n<title>Modern201 Stainless Steel Pop-up Drain Overflow Hole Floating Sink Vanity Vessel Lavatory Stopper for Bathroom Sink Leak Plug - YOROOW<\/title>\n<meta name=\"description\" content=\"Modern stainless steel pop-up drain overflow floating sink stopper, leak-proof design, ideal for bathroom and kitchen sinks, manufactured in China with export emphasis on South America and Southeast Asia.\" \/>\n<meta name=\"robots\" content=\"index, follow, max-snippet:-1, max-image-preview:large, max-video-preview:-1\" \/>\n<link rel=\"canonical\" href=\"https:\/\/www.yoroow.com\/fr\/detail-du-produit\/modern201-acier-inoxydable-pop-up-drain-overflow-hole-floating-sink-vanity-vessel-lavatory-stopper-for-bathroom-sink-leak-plug\/\" \/>\n<meta property=\"og:locale\" content=\"fr_FR\" \/>\n<meta property=\"og:type\" content=\"article\" \/>\n<meta property=\"og:title\" content=\"Modern201 Stainless Steel Pop-up Drain Overflow Hole Floating Sink Vanity Vessel Lavatory Stopper for Bathroom Sink Leak Plug\" \/>\n<meta property=\"og:description\" content=\"Modern stainless steel pop-up drain overflow floating sink stopper, leak-proof design, ideal for bathroom and kitchen sinks, manufactured in China with export emphasis on South America and Southeast Asia.\" \/>\n<meta property=\"og:url\" content=\"https:\/\/www.yoroow.com\/fr\/detail-du-produit\/modern201-acier-inoxydable-pop-up-drain-overflow-hole-floating-sink-vanity-vessel-lavatory-stopper-for-bathroom-sink-leak-plug\/\" \/>\n<meta property=\"og:site_name\" content=\"YOROOW\" \/>\n<meta property=\"article:publisher\" content=\"https:\/\/www.facebook.com\/people\/yoroowfaucetfactory\/61564236752362\/\" \/>\n<meta property=\"article:modified_time\" content=\"2025-05-16T01:53:49+00:00\" \/>\n<meta property=\"og:image\" content=\"https:\/\/www.yoroow.com\/wp-content\/uploads\/2025\/05\/\u5fae\u4fe1\u56fe\u7247_20210922122750.jpg\" \/>\n\t<meta property=\"og:image:width\" content=\"677\" \/>\n\t<meta property=\"og:image:height\" content=\"677\" \/>\n\t<meta property=\"og:image:type\" content=\"image\/jpeg\" \/>\n<meta name=\"twitter:card\" content=\"summary_large_image\" \/>\n<meta name=\"twitter:label1\" content=\"Dur\u00e9e de lecture estim\u00e9e\" \/>\n\t<meta name=\"twitter:data1\" content=\"1 minute\" \/>\n<script type=\"application\/ld+json\" class=\"yoast-schema-graph\">{\"@context\":\"https:\/\/schema.org\",\"@graph\":[{\"@type\":\"WebPage\",\"@id\":\"https:\/\/www.yoroow.com\/fr\/detail-du-produit\/modern201-acier-inoxydable-pop-up-drain-overflow-hole-floating-sink-vanity-vessel-lavatory-stopper-for-bathroom-sink-leak-plug\/\",\"url\":\"https:\/\/www.yoroow.com\/fr\/detail-du-produit\/modern201-acier-inoxydable-pop-up-drain-overflow-hole-floating-sink-vanity-vessel-lavatory-stopper-for-bathroom-sink-leak-plug\/\",\"name\":\"Modern201 Stainless Steel Pop-up Drain Overflow Hole Floating Sink Vanity Vessel Lavatory Stopper for Bathroom Sink Leak Plug - YOROOW\",\"isPartOf\":{\"@id\":\"https:\/\/www.yoroow.com\/fr\/#website\"},\"primaryImageOfPage\":{\"@id\":\"https:\/\/www.yoroow.com\/fr\/detail-du-produit\/modern201-acier-inoxydable-pop-up-drain-overflow-hole-floating-sink-vanity-vessel-lavatory-stopper-for-bathroom-sink-leak-plug\/#primaryimage\"},\"image\":{\"@id\":\"https:\/\/www.yoroow.com\/fr\/detail-du-produit\/modern201-acier-inoxydable-pop-up-drain-overflow-hole-floating-sink-vanity-vessel-lavatory-stopper-for-bathroom-sink-leak-plug\/#primaryimage\"},\"thumbnailUrl\":\"https:\/\/www.yoroow.com\/wp-content\/uploads\/2025\/05\/\u5fae\u4fe1\u56fe\u7247_20210922122750.jpg\",\"datePublished\":\"2025-05-08T07:44:15+00:00\",\"dateModified\":\"2025-05-16T01:53:49+00:00\",\"description\":\"Modern stainless steel pop-up drain overflow floating sink stopper, leak-proof design, ideal for bathroom and kitchen sinks, manufactured in China with export emphasis on South America and Southeast Asia.\",\"breadcrumb\":{\"@id\":\"https:\/\/www.yoroow.com\/fr\/detail-du-produit\/modern201-acier-inoxydable-pop-up-drain-overflow-hole-floating-sink-vanity-vessel-lavatory-stopper-for-bathroom-sink-leak-plug\/#breadcrumb\"},\"inLanguage\":\"fr-FR\",\"potentialAction\":[{\"@type\":\"ReadAction\",\"target\":[\"https:\/\/www.yoroow.com\/fr\/detail-du-produit\/modern201-acier-inoxydable-pop-up-drain-overflow-hole-floating-sink-vanity-vessel-lavatory-stopper-for-bathroom-sink-leak-plug\/\"]}]},{\"@type\":\"ImageObject\",\"inLanguage\":\"fr-FR\",\"@id\":\"https:\/\/www.yoroow.com\/fr\/detail-du-produit\/modern201-acier-inoxydable-pop-up-drain-overflow-hole-floating-sink-vanity-vessel-lavatory-stopper-for-bathroom-sink-leak-plug\/#primaryimage\",\"url\":\"https:\/\/www.yoroow.com\/wp-content\/uploads\/2025\/05\/\u5fae\u4fe1\u56fe\u7247_20210922122750.jpg\",\"contentUrl\":\"https:\/\/www.yoroow.com\/wp-content\/uploads\/2025\/05\/\u5fae\u4fe1\u56fe\u7247_20210922122750.jpg\",\"width\":677,\"height\":677,\"caption\":\"Modern201 Stainless Steel Pop-up Drain Overflow Hole Floating Sink Vanity Vessel Lavatory Stopper for Bathroom Sink Leak Plug\"},{\"@type\":\"BreadcrumbList\",\"@id\":\"https:\/\/www.yoroow.com\/fr\/detail-du-produit\/modern201-acier-inoxydable-pop-up-drain-overflow-hole-floating-sink-vanity-vessel-lavatory-stopper-for-bathroom-sink-leak-plug\/#breadcrumb\",\"itemListElement\":[{\"@type\":\"ListItem\",\"position\":1,\"name\":\"home\",\"item\":\"https:\/\/www.yoroow.com\/\"},{\"@type\":\"ListItem\",\"position\":2,\"name\":\"Product\",\"item\":\"https:\/\/www.yoroow.com\/product\/\"},{\"@type\":\"ListItem\",\"position\":3,\"name\":\"Modern201 Stainless Steel Pop-up Drain Overflow Hole Floating Sink Vanity Vessel Lavatory Stopper for Bathroom Sink Leak Plug\"}]},{\"@type\":\"WebSite\",\"@id\":\"https:\/\/www.yoroow.com\/fr\/#website\",\"url\":\"https:\/\/www.yoroow.com\/fr\/\",\"name\":\"YOROOW\",\"description\":\"\",\"publisher\":{\"@id\":\"https:\/\/www.yoroow.com\/fr\/#organization\"},\"potentialAction\":[{\"@type\":\"SearchAction\",\"target\":{\"@type\":\"EntryPoint\",\"urlTemplate\":\"https:\/\/www.yoroow.com\/fr\/?s={search_term_string}\"},\"query-input\":{\"@type\":\"PropertyValueSpecification\",\"valueRequired\":true,\"valueName\":\"search_term_string\"}}],\"inLanguage\":\"fr-FR\"},{\"@type\":\"Organization\",\"@id\":\"https:\/\/www.yoroow.com\/fr\/#organization\",\"name\":\"YOROOW\",\"url\":\"https:\/\/www.yoroow.com\/fr\/\",\"logo\":{\"@type\":\"ImageObject\",\"inLanguage\":\"fr-FR\",\"@id\":\"https:\/\/www.yoroow.com\/fr\/#\/schema\/logo\/image\/\",\"url\":\"https:\/\/www.yoroow.com\/wp-content\/uploads\/2024\/12\/2024123007131061.png\",\"contentUrl\":\"https:\/\/www.yoroow.com\/wp-content\/uploads\/2024\/12\/2024123007131061.png\",\"width\":168,\"height\":27,\"caption\":\"YOROOW\"},\"image\":{\"@id\":\"https:\/\/www.yoroow.com\/fr\/#\/schema\/logo\/image\/\"},\"sameAs\":[\"https:\/\/www.facebook.com\/people\/yoroowfaucetfactory\/61564236752362\/\"]}]}<\/script>\n<!-- \/ Yoast SEO Premium plugin. -->","yoast_head_json":{"title":"Modern201 Stainless Steel Pop-up Drain Overflow Hole Floating Sink Vanity Vessel Lavatory Stopper for Bathroom Sink Leak Plug - YOROOW","description":"Modern stainless steel pop-up drain overflow floating sink stopper, leak-proof design, ideal for bathroom and kitchen sinks, manufactured in China with export emphasis on South America and Southeast Asia.","robots":{"index":"index","follow":"follow","max-snippet":"max-snippet:-1","max-image-preview":"max-image-preview:large","max-video-preview":"max-video-preview:-1"},"canonical":"https:\/\/www.yoroow.com\/fr\/detail-du-produit\/modern201-acier-inoxydable-pop-up-drain-overflow-hole-floating-sink-vanity-vessel-lavatory-stopper-for-bathroom-sink-leak-plug\/","og_locale":"fr_FR","og_type":"article","og_title":"Modern201 Stainless Steel Pop-up Drain Overflow Hole Floating Sink Vanity Vessel Lavatory Stopper for Bathroom Sink Leak Plug","og_description":"Modern stainless steel pop-up drain overflow floating sink stopper, leak-proof design, ideal for bathroom and kitchen sinks, manufactured in China with export emphasis on South America and Southeast Asia.","og_url":"https:\/\/www.yoroow.com\/fr\/detail-du-produit\/modern201-acier-inoxydable-pop-up-drain-overflow-hole-floating-sink-vanity-vessel-lavatory-stopper-for-bathroom-sink-leak-plug\/","og_site_name":"YOROOW","article_publisher":"https:\/\/www.facebook.com\/people\/yoroowfaucetfactory\/61564236752362\/","article_modified_time":"2025-05-16T01:53:49+00:00","og_image":[{"width":677,"height":677,"url":"https:\/\/www.yoroow.com\/wp-content\/uploads\/2025\/05\/\u5fae\u4fe1\u56fe\u7247_20210922122750.jpg","type":"image\/jpeg"}],"twitter_card":"summary_large_image","twitter_misc":{"Dur\u00e9e de lecture estim\u00e9e":"1 minute"},"schema":{"@context":"https:\/\/schema.org","@graph":[{"@type":"WebPage","@id":"https:\/\/www.yoroow.com\/fr\/detail-du-produit\/modern201-acier-inoxydable-pop-up-drain-overflow-hole-floating-sink-vanity-vessel-lavatory-stopper-for-bathroom-sink-leak-plug\/","url":"https:\/\/www.yoroow.com\/fr\/detail-du-produit\/modern201-acier-inoxydable-pop-up-drain-overflow-hole-floating-sink-vanity-vessel-lavatory-stopper-for-bathroom-sink-leak-plug\/","name":"Modern201 Stainless Steel Pop-up Drain Overflow Hole Floating Sink Vanity Vessel Lavatory Stopper for Bathroom Sink Leak Plug - YOROOW","isPartOf":{"@id":"https:\/\/www.yoroow.com\/fr\/#website"},"primaryImageOfPage":{"@id":"https:\/\/www.yoroow.com\/fr\/detail-du-produit\/modern201-acier-inoxydable-pop-up-drain-overflow-hole-floating-sink-vanity-vessel-lavatory-stopper-for-bathroom-sink-leak-plug\/#primaryimage"},"image":{"@id":"https:\/\/www.yoroow.com\/fr\/detail-du-produit\/modern201-acier-inoxydable-pop-up-drain-overflow-hole-floating-sink-vanity-vessel-lavatory-stopper-for-bathroom-sink-leak-plug\/#primaryimage"},"thumbnailUrl":"https:\/\/www.yoroow.com\/wp-content\/uploads\/2025\/05\/\u5fae\u4fe1\u56fe\u7247_20210922122750.jpg","datePublished":"2025-05-08T07:44:15+00:00","dateModified":"2025-05-16T01:53:49+00:00","description":"Modern stainless steel pop-up drain overflow floating sink stopper, leak-proof design, ideal for bathroom and kitchen sinks, manufactured in China with export emphasis on South America and Southeast Asia.","breadcrumb":{"@id":"https:\/\/www.yoroow.com\/fr\/detail-du-produit\/modern201-acier-inoxydable-pop-up-drain-overflow-hole-floating-sink-vanity-vessel-lavatory-stopper-for-bathroom-sink-leak-plug\/#breadcrumb"},"inLanguage":"fr-FR","potentialAction":[{"@type":"ReadAction","target":["https:\/\/www.yoroow.com\/fr\/detail-du-produit\/modern201-acier-inoxydable-pop-up-drain-overflow-hole-floating-sink-vanity-vessel-lavatory-stopper-for-bathroom-sink-leak-plug\/"]}]},{"@type":"ImageObject","inLanguage":"fr-FR","@id":"https:\/\/www.yoroow.com\/fr\/detail-du-produit\/modern201-acier-inoxydable-pop-up-drain-overflow-hole-floating-sink-vanity-vessel-lavatory-stopper-for-bathroom-sink-leak-plug\/#primaryimage","url":"https:\/\/www.yoroow.com\/wp-content\/uploads\/2025\/05\/\u5fae\u4fe1\u56fe\u7247_20210922122750.jpg","contentUrl":"https:\/\/www.yoroow.com\/wp-content\/uploads\/2025\/05\/\u5fae\u4fe1\u56fe\u7247_20210922122750.jpg","width":677,"height":677,"caption":"Modern201 Stainless Steel Pop-up Drain Overflow Hole Floating Sink Vanity Vessel Lavatory Stopper for Bathroom Sink Leak Plug"},{"@type":"BreadcrumbList","@id":"https:\/\/www.yoroow.com\/fr\/detail-du-produit\/modern201-acier-inoxydable-pop-up-drain-overflow-hole-floating-sink-vanity-vessel-lavatory-stopper-for-bathroom-sink-leak-plug\/#breadcrumb","itemListElement":[{"@type":"ListItem","position":1,"name":"home","item":"https:\/\/www.yoroow.com\/"},{"@type":"ListItem","position":2,"name":"Product","item":"https:\/\/www.yoroow.com\/product\/"},{"@type":"ListItem","position":3,"name":"Modern201 Stainless Steel Pop-up Drain Overflow Hole Floating Sink Vanity Vessel Lavatory Stopper for Bathroom Sink Leak Plug"}]},{"@type":"WebSite","@id":"https:\/\/www.yoroow.com\/fr\/#website","url":"https:\/\/www.yoroow.com\/fr\/","name":"YOROOW","description":"","publisher":{"@id":"https:\/\/www.yoroow.com\/fr\/#organization"},"potentialAction":[{"@type":"SearchAction","target":{"@type":"EntryPoint","urlTemplate":"https:\/\/www.yoroow.com\/fr\/?s={search_term_string}"},"query-input":{"@type":"PropertyValueSpecification","valueRequired":true,"valueName":"search_term_string"}}],"inLanguage":"fr-FR"},{"@type":"Organization","@id":"https:\/\/www.yoroow.com\/fr\/#organization","name":"YOROOW","url":"https:\/\/www.yoroow.com\/fr\/","logo":{"@type":"ImageObject","inLanguage":"fr-FR","@id":"https:\/\/www.yoroow.com\/fr\/#\/schema\/logo\/image\/","url":"https:\/\/www.yoroow.com\/wp-content\/uploads\/2024\/12\/2024123007131061.png","contentUrl":"https:\/\/www.yoroow.com\/wp-content\/uploads\/2024\/12\/2024123007131061.png","width":168,"height":27,"caption":"YOROOW"},"image":{"@id":"https:\/\/www.yoroow.com\/fr\/#\/schema\/logo\/image\/"},"sameAs":["https:\/\/www.facebook.com\/people\/yoroowfaucetfactory\/61564236752362\/"]}]}},"_links":{"self":[{"href":"https:\/\/www.yoroow.com\/fr\/wp-json\/wp\/v2\/product\/19726","targetHints":{"allow":["GET"]}}],"collection":[{"href":"https:\/\/www.yoroow.com\/fr\/wp-json\/wp\/v2\/product"}],"about":[{"href":"https:\/\/www.yoroow.com\/fr\/wp-json\/wp\/v2\/types\/product"}],"wp:featuredmedia":[{"embeddable":true,"href":"https:\/\/www.yoroow.com\/fr\/wp-json\/wp\/v2\/media\/19728"}],"wp:attachment":[{"href":"https:\/\/www.yoroow.com\/fr\/wp-json\/wp\/v2\/media?parent=19726"}],"wp:term":[{"taxonomy":"product_brand","embeddable":true,"href":"https:\/\/www.yoroow.com\/fr\/wp-json\/wp\/v2\/product_brand?post=19726"},{"taxonomy":"product_cat","embeddable":true,"href":"https:\/\/www.yoroow.com\/fr\/wp-json\/wp\/v2\/product_cat?post=19726"},{"taxonomy":"product_tag","embeddable":true,"href":"https:\/\/www.yoroow.com\/fr\/wp-json\/wp\/v2\/product_tag?post=19726"}],"curies":[{"name":"wp","href":"https:\/\/api.w.org\/{rel}","templated":true}]}}