{"id":19672,"date":"2025-05-08T14:07:52","date_gmt":"2025-05-08T06:07:52","guid":{"rendered":"https:\/\/www.yoroow.com\/?post_type=product&#038;p=19672"},"modified":"2025-05-16T09:53:09","modified_gmt":"2025-05-16T01:53:09","slug":"miroir-chrome-de-haute-qualite-pomme-de-douche-a-main-design-fin-porte-filtre-carre-installation-facile-accessoires-de-remplacement-pour-robinet-de-salle-de-bain","status":"publish","type":"product","link":"https:\/\/www.yoroow.com\/fr\/detail-du-produit\/miroir-chrome-de-haute-qualite-pomme-de-douche-a-main-design-fin-porte-filtre-carre-installation-facile-accessoires-de-remplacement-pour-robinet-de-salle-de-bain\/","title":{"rendered":"Accessoires de robinetterie de salle de bain de haute qualit\u00e9, avec miroir chrom\u00e9, design mince, douchette \u00e0 main, support de filtre carr\u00e9, installation facile."},"content":{"rendered":"<p>Accessoires de robinetterie de salle de bains de haute qualit\u00e9 avec miroir chrom\u00e9 T\u00eate de douche \u00e0 main au design \u00e9lanc\u00e9 Porte-filtre carr\u00e9 Installation facile Accessoires de robinetterie de salle de bains de haute qualit\u00e9 avec profil \u00e9lanc\u00e9 et design carr\u00e9, compl\u00e9t\u00e9s par une finition miroir chrom\u00e9e. L'ensemble comprend un porte-filtre int\u00e9gr\u00e9 pour am\u00e9liorer la qualit\u00e9 de l'eau et r\u00e9duire les impuret\u00e9s. Con\u00e7u pour une installation et un remplacement faciles, cet accessoire s'adapte \u00e0 la plupart des tuyaux de douche standard. Fabriqu\u00e9 dans une usine chinoise dot\u00e9e d'une expertise en ing\u00e9nierie de pr\u00e9cision et en traitement de surface, le produit est soumis \u00e0 un contr\u00f4le de qualit\u00e9 rigoureux. Il s\u00e9duit les clients d'Am\u00e9rique du Sud et d'Asie du Sud-Est, en particulier sur des march\u00e9s comme le P\u00e9rou, la Malaisie et les Philippines, o\u00f9 la qualit\u00e9 de l'eau et l'esth\u00e9tique sont importantes. Les options OEM et les services logistiques \u00e0 l'exportation garantissent la satisfaction du client et une livraison sans heurts. |<\/p>","protected":false},"excerpt":{"rendered":"<p>High Quality Chrome Mirror Slim Design Handheld Shower Head Square Filter Holder Easy Installation Replacement Bathroom Faucet Accessories features a sleek handheld shower head with a slim profile and square design, complemented by a chrome mirror finish. The set includes a built-in filter holder to improve water quality and reduce impurities. Designed for easy installation\u2026<\/p>","protected":false},"featured_media":19674,"template":"","meta":{"_acf_changed":false,"_kad_post_transparent":"default","_kad_post_title":"","_kad_post_layout":"default","_kad_post_sidebar_id":"","_kad_post_content_style":"default","_kad_post_vertical_padding":"default","_kad_post_feature":"","_kad_post_feature_position":"","_kad_post_header":false,"_kad_post_footer":false},"product_brand":[],"product_cat":[1570,7865],"product_tag":[3989,3995],"class_list":{"0":"post-19672","1":"product","2":"type-product","3":"status-publish","4":"has-post-thumbnail","6":"product_cat-shower-arm","7":"product_cat-c-shower","8":"product_tag-handheld-shower-head-holder","9":"product_tag-square-filter-handheld-shower-head","11":"first","12":"instock","13":"shipping-taxable","14":"purchasable","15":"product-type-variable","16":"wvs-archive-product-wrapper","17":"entry","18":"content-bg","19":"loop-entry"},"acf":[],"yoast_head":"<!-- This site is optimized with the Yoast SEO Premium plugin v25.4 (Yoast SEO v27.0) - https:\/\/yoast.com\/product\/yoast-seo-premium-wordpress\/ -->\n<title>High Quality Chrome Mirror Slim Design Handheld Shower Head Square Filter Holder Easy Installation Replacement Bathroom Faucet Accessories - YOROOW<\/title>\n<meta name=\"description\" content=\"High-quality chrome slim handheld shower head with square filter holder, easy installation, suitable for bathroom renovations, manufactured in China and widely exported to South America and Southeast Asia.\" \/>\n<meta name=\"robots\" content=\"index, follow, max-snippet:-1, max-image-preview:large, max-video-preview:-1\" \/>\n<link rel=\"canonical\" href=\"https:\/\/www.yoroow.com\/fr\/detail-du-produit\/miroir-chrome-de-haute-qualite-pomme-de-douche-a-main-design-fin-porte-filtre-carre-installation-facile-accessoires-de-remplacement-pour-robinet-de-salle-de-bain\/\" \/>\n<meta property=\"og:locale\" content=\"fr_FR\" \/>\n<meta property=\"og:type\" content=\"article\" \/>\n<meta property=\"og:title\" content=\"High Quality Chrome Mirror Slim Design Handheld Shower Head Square Filter Holder Easy Installation Replacement Bathroom Faucet Accessories\" \/>\n<meta property=\"og:description\" content=\"High-quality chrome slim handheld shower head with square filter holder, easy installation, suitable for bathroom renovations, manufactured in China and widely exported to South America and Southeast Asia.\" \/>\n<meta property=\"og:url\" content=\"https:\/\/www.yoroow.com\/fr\/detail-du-produit\/miroir-chrome-de-haute-qualite-pomme-de-douche-a-main-design-fin-porte-filtre-carre-installation-facile-accessoires-de-remplacement-pour-robinet-de-salle-de-bain\/\" \/>\n<meta property=\"og:site_name\" content=\"YOROOW\" \/>\n<meta property=\"article:publisher\" content=\"https:\/\/www.facebook.com\/people\/yoroowfaucetfactory\/61564236752362\/\" \/>\n<meta property=\"article:modified_time\" content=\"2025-05-16T01:53:09+00:00\" \/>\n<meta property=\"og:image\" content=\"https:\/\/www.yoroow.com\/wp-content\/uploads\/2025\/05\/\u56db\u65b9\u7ba1\u55b7\u56db\u65b9\u7ba1.jpg\" \/>\n\t<meta property=\"og:image:width\" content=\"748\" \/>\n\t<meta property=\"og:image:height\" content=\"736\" \/>\n\t<meta property=\"og:image:type\" content=\"image\/jpeg\" \/>\n<meta name=\"twitter:card\" content=\"summary_large_image\" \/>\n<meta name=\"twitter:label1\" content=\"Dur\u00e9e de lecture estim\u00e9e\" \/>\n\t<meta name=\"twitter:data1\" content=\"1 minute\" \/>\n<script type=\"application\/ld+json\" class=\"yoast-schema-graph\">{\"@context\":\"https:\/\/schema.org\",\"@graph\":[{\"@type\":\"WebPage\",\"@id\":\"https:\/\/www.yoroow.com\/fr\/detail-du-produit\/miroir-chrome-de-haute-qualite-pomme-de-douche-a-main-design-fin-porte-filtre-carre-installation-facile-accessoires-de-remplacement-pour-robinet-de-salle-de-bain\/\",\"url\":\"https:\/\/www.yoroow.com\/fr\/detail-du-produit\/miroir-chrome-de-haute-qualite-pomme-de-douche-a-main-design-fin-porte-filtre-carre-installation-facile-accessoires-de-remplacement-pour-robinet-de-salle-de-bain\/\",\"name\":\"High Quality Chrome Mirror Slim Design Handheld Shower Head Square Filter Holder Easy Installation Replacement Bathroom Faucet Accessories - YOROOW\",\"isPartOf\":{\"@id\":\"https:\/\/www.yoroow.com\/fr\/#website\"},\"primaryImageOfPage\":{\"@id\":\"https:\/\/www.yoroow.com\/fr\/detail-du-produit\/miroir-chrome-de-haute-qualite-pomme-de-douche-a-main-design-fin-porte-filtre-carre-installation-facile-accessoires-de-remplacement-pour-robinet-de-salle-de-bain\/#primaryimage\"},\"image\":{\"@id\":\"https:\/\/www.yoroow.com\/fr\/detail-du-produit\/miroir-chrome-de-haute-qualite-pomme-de-douche-a-main-design-fin-porte-filtre-carre-installation-facile-accessoires-de-remplacement-pour-robinet-de-salle-de-bain\/#primaryimage\"},\"thumbnailUrl\":\"https:\/\/www.yoroow.com\/wp-content\/uploads\/2025\/05\/\u56db\u65b9\u7ba1\u55b7\u56db\u65b9\u7ba1.jpg\",\"datePublished\":\"2025-05-08T06:07:52+00:00\",\"dateModified\":\"2025-05-16T01:53:09+00:00\",\"description\":\"High-quality chrome slim handheld shower head with square filter holder, easy installation, suitable for bathroom renovations, manufactured in China and widely exported to South America and Southeast Asia.\",\"breadcrumb\":{\"@id\":\"https:\/\/www.yoroow.com\/fr\/detail-du-produit\/miroir-chrome-de-haute-qualite-pomme-de-douche-a-main-design-fin-porte-filtre-carre-installation-facile-accessoires-de-remplacement-pour-robinet-de-salle-de-bain\/#breadcrumb\"},\"inLanguage\":\"fr-FR\",\"potentialAction\":[{\"@type\":\"ReadAction\",\"target\":[\"https:\/\/www.yoroow.com\/fr\/detail-du-produit\/miroir-chrome-de-haute-qualite-pomme-de-douche-a-main-design-fin-porte-filtre-carre-installation-facile-accessoires-de-remplacement-pour-robinet-de-salle-de-bain\/\"]}]},{\"@type\":\"ImageObject\",\"inLanguage\":\"fr-FR\",\"@id\":\"https:\/\/www.yoroow.com\/fr\/detail-du-produit\/miroir-chrome-de-haute-qualite-pomme-de-douche-a-main-design-fin-porte-filtre-carre-installation-facile-accessoires-de-remplacement-pour-robinet-de-salle-de-bain\/#primaryimage\",\"url\":\"https:\/\/www.yoroow.com\/wp-content\/uploads\/2025\/05\/\u56db\u65b9\u7ba1\u55b7\u56db\u65b9\u7ba1.jpg\",\"contentUrl\":\"https:\/\/www.yoroow.com\/wp-content\/uploads\/2025\/05\/\u56db\u65b9\u7ba1\u55b7\u56db\u65b9\u7ba1.jpg\",\"width\":748,\"height\":736,\"caption\":\"High Quality Chrome Mirror Slim Design Handheld Shower Head Square Filter Holder Easy Installation Replacement Bathroom Faucet Accessories\"},{\"@type\":\"BreadcrumbList\",\"@id\":\"https:\/\/www.yoroow.com\/fr\/detail-du-produit\/miroir-chrome-de-haute-qualite-pomme-de-douche-a-main-design-fin-porte-filtre-carre-installation-facile-accessoires-de-remplacement-pour-robinet-de-salle-de-bain\/#breadcrumb\",\"itemListElement\":[{\"@type\":\"ListItem\",\"position\":1,\"name\":\"home\",\"item\":\"https:\/\/www.yoroow.com\/\"},{\"@type\":\"ListItem\",\"position\":2,\"name\":\"Product\",\"item\":\"https:\/\/www.yoroow.com\/product\/\"},{\"@type\":\"ListItem\",\"position\":3,\"name\":\"High Quality Chrome Mirror Slim Design Handheld Shower Head Square Filter Holder Easy Installation Replacement Bathroom Faucet Accessories\"}]},{\"@type\":\"WebSite\",\"@id\":\"https:\/\/www.yoroow.com\/fr\/#website\",\"url\":\"https:\/\/www.yoroow.com\/fr\/\",\"name\":\"YOROOW\",\"description\":\"\",\"publisher\":{\"@id\":\"https:\/\/www.yoroow.com\/fr\/#organization\"},\"potentialAction\":[{\"@type\":\"SearchAction\",\"target\":{\"@type\":\"EntryPoint\",\"urlTemplate\":\"https:\/\/www.yoroow.com\/fr\/?s={search_term_string}\"},\"query-input\":{\"@type\":\"PropertyValueSpecification\",\"valueRequired\":true,\"valueName\":\"search_term_string\"}}],\"inLanguage\":\"fr-FR\"},{\"@type\":\"Organization\",\"@id\":\"https:\/\/www.yoroow.com\/fr\/#organization\",\"name\":\"YOROOW\",\"url\":\"https:\/\/www.yoroow.com\/fr\/\",\"logo\":{\"@type\":\"ImageObject\",\"inLanguage\":\"fr-FR\",\"@id\":\"https:\/\/www.yoroow.com\/fr\/#\/schema\/logo\/image\/\",\"url\":\"https:\/\/www.yoroow.com\/wp-content\/uploads\/2024\/12\/2024123007131061.png\",\"contentUrl\":\"https:\/\/www.yoroow.com\/wp-content\/uploads\/2024\/12\/2024123007131061.png\",\"width\":168,\"height\":27,\"caption\":\"YOROOW\"},\"image\":{\"@id\":\"https:\/\/www.yoroow.com\/fr\/#\/schema\/logo\/image\/\"},\"sameAs\":[\"https:\/\/www.facebook.com\/people\/yoroowfaucetfactory\/61564236752362\/\"]}]}<\/script>\n<!-- \/ Yoast SEO Premium plugin. -->","yoast_head_json":{"title":"High Quality Chrome Mirror Slim Design Handheld Shower Head Square Filter Holder Easy Installation Replacement Bathroom Faucet Accessories - YOROOW","description":"High-quality chrome slim handheld shower head with square filter holder, easy installation, suitable for bathroom renovations, manufactured in China and widely exported to South America and Southeast Asia.","robots":{"index":"index","follow":"follow","max-snippet":"max-snippet:-1","max-image-preview":"max-image-preview:large","max-video-preview":"max-video-preview:-1"},"canonical":"https:\/\/www.yoroow.com\/fr\/detail-du-produit\/miroir-chrome-de-haute-qualite-pomme-de-douche-a-main-design-fin-porte-filtre-carre-installation-facile-accessoires-de-remplacement-pour-robinet-de-salle-de-bain\/","og_locale":"fr_FR","og_type":"article","og_title":"High Quality Chrome Mirror Slim Design Handheld Shower Head Square Filter Holder Easy Installation Replacement Bathroom Faucet Accessories","og_description":"High-quality chrome slim handheld shower head with square filter holder, easy installation, suitable for bathroom renovations, manufactured in China and widely exported to South America and Southeast Asia.","og_url":"https:\/\/www.yoroow.com\/fr\/detail-du-produit\/miroir-chrome-de-haute-qualite-pomme-de-douche-a-main-design-fin-porte-filtre-carre-installation-facile-accessoires-de-remplacement-pour-robinet-de-salle-de-bain\/","og_site_name":"YOROOW","article_publisher":"https:\/\/www.facebook.com\/people\/yoroowfaucetfactory\/61564236752362\/","article_modified_time":"2025-05-16T01:53:09+00:00","og_image":[{"width":748,"height":736,"url":"https:\/\/www.yoroow.com\/wp-content\/uploads\/2025\/05\/\u56db\u65b9\u7ba1\u55b7\u56db\u65b9\u7ba1.jpg","type":"image\/jpeg"}],"twitter_card":"summary_large_image","twitter_misc":{"Dur\u00e9e de lecture estim\u00e9e":"1 minute"},"schema":{"@context":"https:\/\/schema.org","@graph":[{"@type":"WebPage","@id":"https:\/\/www.yoroow.com\/fr\/detail-du-produit\/miroir-chrome-de-haute-qualite-pomme-de-douche-a-main-design-fin-porte-filtre-carre-installation-facile-accessoires-de-remplacement-pour-robinet-de-salle-de-bain\/","url":"https:\/\/www.yoroow.com\/fr\/detail-du-produit\/miroir-chrome-de-haute-qualite-pomme-de-douche-a-main-design-fin-porte-filtre-carre-installation-facile-accessoires-de-remplacement-pour-robinet-de-salle-de-bain\/","name":"High Quality Chrome Mirror Slim Design Handheld Shower Head Square Filter Holder Easy Installation Replacement Bathroom Faucet Accessories - YOROOW","isPartOf":{"@id":"https:\/\/www.yoroow.com\/fr\/#website"},"primaryImageOfPage":{"@id":"https:\/\/www.yoroow.com\/fr\/detail-du-produit\/miroir-chrome-de-haute-qualite-pomme-de-douche-a-main-design-fin-porte-filtre-carre-installation-facile-accessoires-de-remplacement-pour-robinet-de-salle-de-bain\/#primaryimage"},"image":{"@id":"https:\/\/www.yoroow.com\/fr\/detail-du-produit\/miroir-chrome-de-haute-qualite-pomme-de-douche-a-main-design-fin-porte-filtre-carre-installation-facile-accessoires-de-remplacement-pour-robinet-de-salle-de-bain\/#primaryimage"},"thumbnailUrl":"https:\/\/www.yoroow.com\/wp-content\/uploads\/2025\/05\/\u56db\u65b9\u7ba1\u55b7\u56db\u65b9\u7ba1.jpg","datePublished":"2025-05-08T06:07:52+00:00","dateModified":"2025-05-16T01:53:09+00:00","description":"High-quality chrome slim handheld shower head with square filter holder, easy installation, suitable for bathroom renovations, manufactured in China and widely exported to South America and Southeast Asia.","breadcrumb":{"@id":"https:\/\/www.yoroow.com\/fr\/detail-du-produit\/miroir-chrome-de-haute-qualite-pomme-de-douche-a-main-design-fin-porte-filtre-carre-installation-facile-accessoires-de-remplacement-pour-robinet-de-salle-de-bain\/#breadcrumb"},"inLanguage":"fr-FR","potentialAction":[{"@type":"ReadAction","target":["https:\/\/www.yoroow.com\/fr\/detail-du-produit\/miroir-chrome-de-haute-qualite-pomme-de-douche-a-main-design-fin-porte-filtre-carre-installation-facile-accessoires-de-remplacement-pour-robinet-de-salle-de-bain\/"]}]},{"@type":"ImageObject","inLanguage":"fr-FR","@id":"https:\/\/www.yoroow.com\/fr\/detail-du-produit\/miroir-chrome-de-haute-qualite-pomme-de-douche-a-main-design-fin-porte-filtre-carre-installation-facile-accessoires-de-remplacement-pour-robinet-de-salle-de-bain\/#primaryimage","url":"https:\/\/www.yoroow.com\/wp-content\/uploads\/2025\/05\/\u56db\u65b9\u7ba1\u55b7\u56db\u65b9\u7ba1.jpg","contentUrl":"https:\/\/www.yoroow.com\/wp-content\/uploads\/2025\/05\/\u56db\u65b9\u7ba1\u55b7\u56db\u65b9\u7ba1.jpg","width":748,"height":736,"caption":"High Quality Chrome Mirror Slim Design Handheld Shower Head Square Filter Holder Easy Installation Replacement Bathroom Faucet Accessories"},{"@type":"BreadcrumbList","@id":"https:\/\/www.yoroow.com\/fr\/detail-du-produit\/miroir-chrome-de-haute-qualite-pomme-de-douche-a-main-design-fin-porte-filtre-carre-installation-facile-accessoires-de-remplacement-pour-robinet-de-salle-de-bain\/#breadcrumb","itemListElement":[{"@type":"ListItem","position":1,"name":"home","item":"https:\/\/www.yoroow.com\/"},{"@type":"ListItem","position":2,"name":"Product","item":"https:\/\/www.yoroow.com\/product\/"},{"@type":"ListItem","position":3,"name":"High Quality Chrome Mirror Slim Design Handheld Shower Head Square Filter Holder Easy Installation Replacement Bathroom Faucet Accessories"}]},{"@type":"WebSite","@id":"https:\/\/www.yoroow.com\/fr\/#website","url":"https:\/\/www.yoroow.com\/fr\/","name":"YOROOW","description":"","publisher":{"@id":"https:\/\/www.yoroow.com\/fr\/#organization"},"potentialAction":[{"@type":"SearchAction","target":{"@type":"EntryPoint","urlTemplate":"https:\/\/www.yoroow.com\/fr\/?s={search_term_string}"},"query-input":{"@type":"PropertyValueSpecification","valueRequired":true,"valueName":"search_term_string"}}],"inLanguage":"fr-FR"},{"@type":"Organization","@id":"https:\/\/www.yoroow.com\/fr\/#organization","name":"YOROOW","url":"https:\/\/www.yoroow.com\/fr\/","logo":{"@type":"ImageObject","inLanguage":"fr-FR","@id":"https:\/\/www.yoroow.com\/fr\/#\/schema\/logo\/image\/","url":"https:\/\/www.yoroow.com\/wp-content\/uploads\/2024\/12\/2024123007131061.png","contentUrl":"https:\/\/www.yoroow.com\/wp-content\/uploads\/2024\/12\/2024123007131061.png","width":168,"height":27,"caption":"YOROOW"},"image":{"@id":"https:\/\/www.yoroow.com\/fr\/#\/schema\/logo\/image\/"},"sameAs":["https:\/\/www.facebook.com\/people\/yoroowfaucetfactory\/61564236752362\/"]}]}},"_links":{"self":[{"href":"https:\/\/www.yoroow.com\/fr\/wp-json\/wp\/v2\/product\/19672","targetHints":{"allow":["GET"]}}],"collection":[{"href":"https:\/\/www.yoroow.com\/fr\/wp-json\/wp\/v2\/product"}],"about":[{"href":"https:\/\/www.yoroow.com\/fr\/wp-json\/wp\/v2\/types\/product"}],"wp:featuredmedia":[{"embeddable":true,"href":"https:\/\/www.yoroow.com\/fr\/wp-json\/wp\/v2\/media\/19674"}],"wp:attachment":[{"href":"https:\/\/www.yoroow.com\/fr\/wp-json\/wp\/v2\/media?parent=19672"}],"wp:term":[{"taxonomy":"product_brand","embeddable":true,"href":"https:\/\/www.yoroow.com\/fr\/wp-json\/wp\/v2\/product_brand?post=19672"},{"taxonomy":"product_cat","embeddable":true,"href":"https:\/\/www.yoroow.com\/fr\/wp-json\/wp\/v2\/product_cat?post=19672"},{"taxonomy":"product_tag","embeddable":true,"href":"https:\/\/www.yoroow.com\/fr\/wp-json\/wp\/v2\/product_tag?post=19672"}],"curies":[{"name":"wp","href":"https:\/\/api.w.org\/{rel}","templated":true}]}}