{"id":19651,"date":"2025-05-08T11:23:09","date_gmt":"2025-05-08T03:23:09","guid":{"rendered":"https:\/\/www.yoroow.com\/?post_type=product&#038;p=19651"},"modified":"2025-05-16T09:53:02","modified_gmt":"2025-05-16T01:53:02","slug":"robinetterie-murale-en-laiton-de-haute-qualite-a-une-seule-poignee-pour-salle-de-bain-avec-douche-chromee-et-polie","status":"publish","type":"product","link":"https:\/\/www.yoroow.com\/fr\/detail-du-produit\/robinetterie-murale-en-laiton-de-haute-qualite-a-une-seule-poignee-pour-salle-de-bain-avec-douche-chromee-et-polie\/","title":{"rendered":"Robinetterie de Salle de Bain Mono-Manche en Laiton de Haute Qualit\u00e9 Rainfall Chrome Polished Shower Robinetterie de Salle de Bain Douche"},"content":{"rendered":"<p>Les robinets de bain-douche sont fabriqu\u00e9s en laiton durable et finis avec du chrome poli pour une r\u00e9sistance \u00e0 la corrosion et un attrait \u00e9l\u00e9gant. Le design \u00e0 poign\u00e9e unique permet de contr\u00f4ler en douceur la temp\u00e9rature et le d\u00e9bit de l'eau. Ce robinet mural de douche \u00e0 effet de pluie convient aussi bien aux salles de bains r\u00e9sidentielles que commerciales, offrant une exp\u00e9rience de bain luxueuse gr\u00e2ce \u00e0 une distribution uniforme de l'eau. Fabriqu\u00e9 par une usine chinoise ayant plus de dix ans d'exp\u00e9rience dans la fabrication de robinets, il fait l'objet d'une assurance qualit\u00e9 rigoureuse afin de garantir des performances durables et \u00e9tanches. Les services OEM comprennent des finitions et des emballages personnalis\u00e9s, adapt\u00e9s aux besoins des clients. Ce produit est largement export\u00e9 vers les march\u00e9s d'Am\u00e9rique du Sud et d'Asie du Sud-Est, tels que le Br\u00e9sil, le P\u00e9rou et le Vi\u00eat Nam, o\u00f9 la demande d'\u00e9quipements de salle de bains haut de gamme conna\u00eet une croissance rapide. Une logistique d'exportation efficace et une assistance multilingue renforcent la satisfaction des clients.<\/p>","protected":false},"excerpt":{"rendered":"<p>High Quality Classic Single-Handle Brass Wall-Mounted Bathroom Hardware Rainfall Chrome Polished Shower Bath Shower Faucets are crafted with durable brass and finished with polished chrome for corrosion resistance and elegant appeal. The single-handle design allows smooth water temperature and flow control. This wall-mounted rainfall shower faucet suits both residential and commercial bathrooms, providing a luxurious\u2026<\/p>","protected":false},"featured_media":19652,"template":"","meta":{"_acf_changed":false,"_kad_post_transparent":"default","_kad_post_title":"","_kad_post_layout":"default","_kad_post_sidebar_id":"","_kad_post_content_style":"default","_kad_post_vertical_padding":"default","_kad_post_feature":"","_kad_post_feature_position":"","_kad_post_header":false,"_kad_post_footer":false},"product_brand":[],"product_cat":[121,7865],"product_tag":[5303,5482],"class_list":{"0":"post-19651","1":"product","2":"type-product","3":"status-publish","4":"has-post-thumbnail","6":"product_cat-shower-set","7":"product_cat-c-shower","8":"product_tag-copper-shower-set","9":"product_tag-shower-system-with-jets","11":"first","12":"instock","13":"shipping-taxable","14":"purchasable","15":"product-type-variable","16":"wvs-archive-product-wrapper","17":"entry","18":"content-bg","19":"loop-entry"},"acf":[],"yoast_head":"<!-- This site is optimized with the Yoast SEO Premium plugin v25.4 (Yoast SEO v27.0) - https:\/\/yoast.com\/product\/yoast-seo-premium-wordpress\/ -->\n<title>High Quality Classic Single-Handle Brass Wall-Mounted Bathroom Hardware Rainfall Chrome Polished Shower Bath Shower Faucets - YOROOW<\/title>\n<meta name=\"description\" content=\"High-quality classic single-handle brass wall-mounted rainfall shower with chrome polished finish, durable and easy to install, perfect for family bathrooms, exported mainly to South America and Southeast Asia.\" \/>\n<meta name=\"robots\" content=\"index, follow, max-snippet:-1, max-image-preview:large, max-video-preview:-1\" \/>\n<link rel=\"canonical\" href=\"https:\/\/www.yoroow.com\/fr\/detail-du-produit\/robinetterie-murale-en-laiton-de-haute-qualite-a-une-seule-poignee-pour-salle-de-bain-avec-douche-chromee-et-polie\/\" \/>\n<meta property=\"og:locale\" content=\"fr_FR\" \/>\n<meta property=\"og:type\" content=\"article\" \/>\n<meta property=\"og:title\" content=\"High Quality Classic Single-Handle Brass Wall-Mounted Bathroom Hardware Rainfall Chrome Polished Shower Bath Shower Faucets\" \/>\n<meta property=\"og:description\" content=\"High-quality classic single-handle brass wall-mounted rainfall shower with chrome polished finish, durable and easy to install, perfect for family bathrooms, exported mainly to South America and Southeast Asia.\" \/>\n<meta property=\"og:url\" content=\"https:\/\/www.yoroow.com\/fr\/detail-du-produit\/robinetterie-murale-en-laiton-de-haute-qualite-a-une-seule-poignee-pour-salle-de-bain-avec-douche-chromee-et-polie\/\" \/>\n<meta property=\"og:site_name\" content=\"YOROOW\" \/>\n<meta property=\"article:publisher\" content=\"https:\/\/www.facebook.com\/people\/yoroowfaucetfactory\/61564236752362\/\" \/>\n<meta property=\"article:modified_time\" content=\"2025-05-16T01:53:02+00:00\" \/>\n<meta property=\"og:image\" content=\"https:\/\/www.yoroow.com\/wp-content\/uploads\/2025\/05\/\u5df4\u62c9\u572d-\u5706\u6837\u54c1-\u5927.jpg\" \/>\n\t<meta property=\"og:image:width\" content=\"1600\" \/>\n\t<meta property=\"og:image:height\" content=\"1600\" \/>\n\t<meta property=\"og:image:type\" content=\"image\/jpeg\" \/>\n<meta name=\"twitter:card\" content=\"summary_large_image\" \/>\n<meta name=\"twitter:label1\" content=\"Dur\u00e9e de lecture estim\u00e9e\" \/>\n\t<meta name=\"twitter:data1\" content=\"1 minute\" \/>\n<script type=\"application\/ld+json\" class=\"yoast-schema-graph\">{\"@context\":\"https:\/\/schema.org\",\"@graph\":[{\"@type\":\"WebPage\",\"@id\":\"https:\/\/www.yoroow.com\/fr\/detail-du-produit\/robinetterie-murale-en-laiton-de-haute-qualite-a-une-seule-poignee-pour-salle-de-bain-avec-douche-chromee-et-polie\/\",\"url\":\"https:\/\/www.yoroow.com\/fr\/detail-du-produit\/robinetterie-murale-en-laiton-de-haute-qualite-a-une-seule-poignee-pour-salle-de-bain-avec-douche-chromee-et-polie\/\",\"name\":\"High Quality Classic Single-Handle Brass Wall-Mounted Bathroom Hardware Rainfall Chrome Polished Shower Bath Shower Faucets - YOROOW\",\"isPartOf\":{\"@id\":\"https:\/\/www.yoroow.com\/fr\/#website\"},\"primaryImageOfPage\":{\"@id\":\"https:\/\/www.yoroow.com\/fr\/detail-du-produit\/robinetterie-murale-en-laiton-de-haute-qualite-a-une-seule-poignee-pour-salle-de-bain-avec-douche-chromee-et-polie\/#primaryimage\"},\"image\":{\"@id\":\"https:\/\/www.yoroow.com\/fr\/detail-du-produit\/robinetterie-murale-en-laiton-de-haute-qualite-a-une-seule-poignee-pour-salle-de-bain-avec-douche-chromee-et-polie\/#primaryimage\"},\"thumbnailUrl\":\"https:\/\/www.yoroow.com\/wp-content\/uploads\/2025\/05\/\u5df4\u62c9\u572d-\u5706\u6837\u54c1-\u5927.jpg\",\"datePublished\":\"2025-05-08T03:23:09+00:00\",\"dateModified\":\"2025-05-16T01:53:02+00:00\",\"description\":\"High-quality classic single-handle brass wall-mounted rainfall shower with chrome polished finish, durable and easy to install, perfect for family bathrooms, exported mainly to South America and Southeast Asia.\",\"breadcrumb\":{\"@id\":\"https:\/\/www.yoroow.com\/fr\/detail-du-produit\/robinetterie-murale-en-laiton-de-haute-qualite-a-une-seule-poignee-pour-salle-de-bain-avec-douche-chromee-et-polie\/#breadcrumb\"},\"inLanguage\":\"fr-FR\",\"potentialAction\":[{\"@type\":\"ReadAction\",\"target\":[\"https:\/\/www.yoroow.com\/fr\/detail-du-produit\/robinetterie-murale-en-laiton-de-haute-qualite-a-une-seule-poignee-pour-salle-de-bain-avec-douche-chromee-et-polie\/\"]}]},{\"@type\":\"ImageObject\",\"inLanguage\":\"fr-FR\",\"@id\":\"https:\/\/www.yoroow.com\/fr\/detail-du-produit\/robinetterie-murale-en-laiton-de-haute-qualite-a-une-seule-poignee-pour-salle-de-bain-avec-douche-chromee-et-polie\/#primaryimage\",\"url\":\"https:\/\/www.yoroow.com\/wp-content\/uploads\/2025\/05\/\u5df4\u62c9\u572d-\u5706\u6837\u54c1-\u5927.jpg\",\"contentUrl\":\"https:\/\/www.yoroow.com\/wp-content\/uploads\/2025\/05\/\u5df4\u62c9\u572d-\u5706\u6837\u54c1-\u5927.jpg\",\"width\":1600,\"height\":1600,\"caption\":\"High Quality Classic Single-Handle Brass Wall-Mounted Bathroom Hardware Rainfall Chrome Polished Shower Bath Shower Faucets\"},{\"@type\":\"BreadcrumbList\",\"@id\":\"https:\/\/www.yoroow.com\/fr\/detail-du-produit\/robinetterie-murale-en-laiton-de-haute-qualite-a-une-seule-poignee-pour-salle-de-bain-avec-douche-chromee-et-polie\/#breadcrumb\",\"itemListElement\":[{\"@type\":\"ListItem\",\"position\":1,\"name\":\"home\",\"item\":\"https:\/\/www.yoroow.com\/\"},{\"@type\":\"ListItem\",\"position\":2,\"name\":\"Product\",\"item\":\"https:\/\/www.yoroow.com\/product\/\"},{\"@type\":\"ListItem\",\"position\":3,\"name\":\"High Quality Classic Single-Handle Brass Wall-Mounted Bathroom Hardware Rainfall Chrome Polished Shower Bath Shower Faucets\"}]},{\"@type\":\"WebSite\",\"@id\":\"https:\/\/www.yoroow.com\/fr\/#website\",\"url\":\"https:\/\/www.yoroow.com\/fr\/\",\"name\":\"YOROOW\",\"description\":\"\",\"publisher\":{\"@id\":\"https:\/\/www.yoroow.com\/fr\/#organization\"},\"potentialAction\":[{\"@type\":\"SearchAction\",\"target\":{\"@type\":\"EntryPoint\",\"urlTemplate\":\"https:\/\/www.yoroow.com\/fr\/?s={search_term_string}\"},\"query-input\":{\"@type\":\"PropertyValueSpecification\",\"valueRequired\":true,\"valueName\":\"search_term_string\"}}],\"inLanguage\":\"fr-FR\"},{\"@type\":\"Organization\",\"@id\":\"https:\/\/www.yoroow.com\/fr\/#organization\",\"name\":\"YOROOW\",\"url\":\"https:\/\/www.yoroow.com\/fr\/\",\"logo\":{\"@type\":\"ImageObject\",\"inLanguage\":\"fr-FR\",\"@id\":\"https:\/\/www.yoroow.com\/fr\/#\/schema\/logo\/image\/\",\"url\":\"https:\/\/www.yoroow.com\/wp-content\/uploads\/2024\/12\/2024123007131061.png\",\"contentUrl\":\"https:\/\/www.yoroow.com\/wp-content\/uploads\/2024\/12\/2024123007131061.png\",\"width\":168,\"height\":27,\"caption\":\"YOROOW\"},\"image\":{\"@id\":\"https:\/\/www.yoroow.com\/fr\/#\/schema\/logo\/image\/\"},\"sameAs\":[\"https:\/\/www.facebook.com\/people\/yoroowfaucetfactory\/61564236752362\/\"]}]}<\/script>\n<!-- \/ Yoast SEO Premium plugin. -->","yoast_head_json":{"title":"High Quality Classic Single-Handle Brass Wall-Mounted Bathroom Hardware Rainfall Chrome Polished Shower Bath Shower Faucets - YOROOW","description":"High-quality classic single-handle brass wall-mounted rainfall shower with chrome polished finish, durable and easy to install, perfect for family bathrooms, exported mainly to South America and Southeast Asia.","robots":{"index":"index","follow":"follow","max-snippet":"max-snippet:-1","max-image-preview":"max-image-preview:large","max-video-preview":"max-video-preview:-1"},"canonical":"https:\/\/www.yoroow.com\/fr\/detail-du-produit\/robinetterie-murale-en-laiton-de-haute-qualite-a-une-seule-poignee-pour-salle-de-bain-avec-douche-chromee-et-polie\/","og_locale":"fr_FR","og_type":"article","og_title":"High Quality Classic Single-Handle Brass Wall-Mounted Bathroom Hardware Rainfall Chrome Polished Shower Bath Shower Faucets","og_description":"High-quality classic single-handle brass wall-mounted rainfall shower with chrome polished finish, durable and easy to install, perfect for family bathrooms, exported mainly to South America and Southeast Asia.","og_url":"https:\/\/www.yoroow.com\/fr\/detail-du-produit\/robinetterie-murale-en-laiton-de-haute-qualite-a-une-seule-poignee-pour-salle-de-bain-avec-douche-chromee-et-polie\/","og_site_name":"YOROOW","article_publisher":"https:\/\/www.facebook.com\/people\/yoroowfaucetfactory\/61564236752362\/","article_modified_time":"2025-05-16T01:53:02+00:00","og_image":[{"width":1600,"height":1600,"url":"https:\/\/www.yoroow.com\/wp-content\/uploads\/2025\/05\/\u5df4\u62c9\u572d-\u5706\u6837\u54c1-\u5927.jpg","type":"image\/jpeg"}],"twitter_card":"summary_large_image","twitter_misc":{"Dur\u00e9e de lecture estim\u00e9e":"1 minute"},"schema":{"@context":"https:\/\/schema.org","@graph":[{"@type":"WebPage","@id":"https:\/\/www.yoroow.com\/fr\/detail-du-produit\/robinetterie-murale-en-laiton-de-haute-qualite-a-une-seule-poignee-pour-salle-de-bain-avec-douche-chromee-et-polie\/","url":"https:\/\/www.yoroow.com\/fr\/detail-du-produit\/robinetterie-murale-en-laiton-de-haute-qualite-a-une-seule-poignee-pour-salle-de-bain-avec-douche-chromee-et-polie\/","name":"High Quality Classic Single-Handle Brass Wall-Mounted Bathroom Hardware Rainfall Chrome Polished Shower Bath Shower Faucets - YOROOW","isPartOf":{"@id":"https:\/\/www.yoroow.com\/fr\/#website"},"primaryImageOfPage":{"@id":"https:\/\/www.yoroow.com\/fr\/detail-du-produit\/robinetterie-murale-en-laiton-de-haute-qualite-a-une-seule-poignee-pour-salle-de-bain-avec-douche-chromee-et-polie\/#primaryimage"},"image":{"@id":"https:\/\/www.yoroow.com\/fr\/detail-du-produit\/robinetterie-murale-en-laiton-de-haute-qualite-a-une-seule-poignee-pour-salle-de-bain-avec-douche-chromee-et-polie\/#primaryimage"},"thumbnailUrl":"https:\/\/www.yoroow.com\/wp-content\/uploads\/2025\/05\/\u5df4\u62c9\u572d-\u5706\u6837\u54c1-\u5927.jpg","datePublished":"2025-05-08T03:23:09+00:00","dateModified":"2025-05-16T01:53:02+00:00","description":"High-quality classic single-handle brass wall-mounted rainfall shower with chrome polished finish, durable and easy to install, perfect for family bathrooms, exported mainly to South America and Southeast Asia.","breadcrumb":{"@id":"https:\/\/www.yoroow.com\/fr\/detail-du-produit\/robinetterie-murale-en-laiton-de-haute-qualite-a-une-seule-poignee-pour-salle-de-bain-avec-douche-chromee-et-polie\/#breadcrumb"},"inLanguage":"fr-FR","potentialAction":[{"@type":"ReadAction","target":["https:\/\/www.yoroow.com\/fr\/detail-du-produit\/robinetterie-murale-en-laiton-de-haute-qualite-a-une-seule-poignee-pour-salle-de-bain-avec-douche-chromee-et-polie\/"]}]},{"@type":"ImageObject","inLanguage":"fr-FR","@id":"https:\/\/www.yoroow.com\/fr\/detail-du-produit\/robinetterie-murale-en-laiton-de-haute-qualite-a-une-seule-poignee-pour-salle-de-bain-avec-douche-chromee-et-polie\/#primaryimage","url":"https:\/\/www.yoroow.com\/wp-content\/uploads\/2025\/05\/\u5df4\u62c9\u572d-\u5706\u6837\u54c1-\u5927.jpg","contentUrl":"https:\/\/www.yoroow.com\/wp-content\/uploads\/2025\/05\/\u5df4\u62c9\u572d-\u5706\u6837\u54c1-\u5927.jpg","width":1600,"height":1600,"caption":"High Quality Classic Single-Handle Brass Wall-Mounted Bathroom Hardware Rainfall Chrome Polished Shower Bath Shower Faucets"},{"@type":"BreadcrumbList","@id":"https:\/\/www.yoroow.com\/fr\/detail-du-produit\/robinetterie-murale-en-laiton-de-haute-qualite-a-une-seule-poignee-pour-salle-de-bain-avec-douche-chromee-et-polie\/#breadcrumb","itemListElement":[{"@type":"ListItem","position":1,"name":"home","item":"https:\/\/www.yoroow.com\/"},{"@type":"ListItem","position":2,"name":"Product","item":"https:\/\/www.yoroow.com\/product\/"},{"@type":"ListItem","position":3,"name":"High Quality Classic Single-Handle Brass Wall-Mounted Bathroom Hardware Rainfall Chrome Polished Shower Bath Shower Faucets"}]},{"@type":"WebSite","@id":"https:\/\/www.yoroow.com\/fr\/#website","url":"https:\/\/www.yoroow.com\/fr\/","name":"YOROOW","description":"","publisher":{"@id":"https:\/\/www.yoroow.com\/fr\/#organization"},"potentialAction":[{"@type":"SearchAction","target":{"@type":"EntryPoint","urlTemplate":"https:\/\/www.yoroow.com\/fr\/?s={search_term_string}"},"query-input":{"@type":"PropertyValueSpecification","valueRequired":true,"valueName":"search_term_string"}}],"inLanguage":"fr-FR"},{"@type":"Organization","@id":"https:\/\/www.yoroow.com\/fr\/#organization","name":"YOROOW","url":"https:\/\/www.yoroow.com\/fr\/","logo":{"@type":"ImageObject","inLanguage":"fr-FR","@id":"https:\/\/www.yoroow.com\/fr\/#\/schema\/logo\/image\/","url":"https:\/\/www.yoroow.com\/wp-content\/uploads\/2024\/12\/2024123007131061.png","contentUrl":"https:\/\/www.yoroow.com\/wp-content\/uploads\/2024\/12\/2024123007131061.png","width":168,"height":27,"caption":"YOROOW"},"image":{"@id":"https:\/\/www.yoroow.com\/fr\/#\/schema\/logo\/image\/"},"sameAs":["https:\/\/www.facebook.com\/people\/yoroowfaucetfactory\/61564236752362\/"]}]}},"_links":{"self":[{"href":"https:\/\/www.yoroow.com\/fr\/wp-json\/wp\/v2\/product\/19651","targetHints":{"allow":["GET"]}}],"collection":[{"href":"https:\/\/www.yoroow.com\/fr\/wp-json\/wp\/v2\/product"}],"about":[{"href":"https:\/\/www.yoroow.com\/fr\/wp-json\/wp\/v2\/types\/product"}],"wp:featuredmedia":[{"embeddable":true,"href":"https:\/\/www.yoroow.com\/fr\/wp-json\/wp\/v2\/media\/19652"}],"wp:attachment":[{"href":"https:\/\/www.yoroow.com\/fr\/wp-json\/wp\/v2\/media?parent=19651"}],"wp:term":[{"taxonomy":"product_brand","embeddable":true,"href":"https:\/\/www.yoroow.com\/fr\/wp-json\/wp\/v2\/product_brand?post=19651"},{"taxonomy":"product_cat","embeddable":true,"href":"https:\/\/www.yoroow.com\/fr\/wp-json\/wp\/v2\/product_cat?post=19651"},{"taxonomy":"product_tag","embeddable":true,"href":"https:\/\/www.yoroow.com\/fr\/wp-json\/wp\/v2\/product_tag?post=19651"}],"curies":[{"name":"wp","href":"https:\/\/api.w.org\/{rel}","templated":true}]}}