{"id":19625,"date":"2025-05-08T09:44:47","date_gmt":"2025-05-08T01:44:47","guid":{"rendered":"https:\/\/www.yoroow.com\/?post_type=product&#038;p=19625"},"modified":"2025-05-16T09:52:25","modified_gmt":"2025-05-16T01:52:25","slug":"kit-moderne-trois-pieces-de-laveurs-feminins-wholesale-bathroom-bidet-toilet-sprayer-plumbing-hoses","status":"publish","type":"product","link":"https:\/\/www.yoroow.com\/fr\/detail-du-produit\/kit-moderne-trois-pieces-de-laveurs-feminins-wholesale-bathroom-bidet-toilet-sprayer-plumbing-hoses\/","title":{"rendered":"Ensemble moderne de trois pi\u00e8ces de laveurs f\u00e9minins Wholesale Bathroom Bidet Toilet Sprayer Plumbing Hoses (tuyaux de plomberie)"},"content":{"rendered":"<p>L'ensemble moderne de trois pi\u00e8ces de laveurs f\u00e9minins (Wholesale Bathroom Bidet Toilet Sprayer Plumbing Hoses) est con\u00e7u pour une utilisation confortable et hygi\u00e9nique, en mettant l'accent sur les soins f\u00e9minins. L'ensemble comprend un pulv\u00e9risateur de bidet manuel, une fixation murale et des tuyaux de plomberie flexibles fabriqu\u00e9s \u00e0 partir de mat\u00e9riaux durables r\u00e9sistant \u00e0 la corrosion et \u00e0 l'usure. Adapt\u00e9s aux salles de bains r\u00e9sidentielles et commerciales, les pulv\u00e9risateurs offrent un d\u00e9bit d'eau r\u00e9gulier et un contr\u00f4le facile de la pression. Fabriqu\u00e9 par un fabricant chinois de premier plan, fort de plus de dix ans d'exp\u00e9rience, cet ensemble b\u00e9n\u00e9ficie de contr\u00f4les de qualit\u00e9 rigoureux et d'un assemblage de pr\u00e9cision. Les options de personnalisation OEM couvrent la longueur du tuyau, les styles de poign\u00e9e et l'emballage. Le produit jouit d'une popularit\u00e9 croissante sur les march\u00e9s d'Am\u00e9rique du Sud et d'Asie du Sud-Est, tels que le P\u00e9rou, l'Indon\u00e9sie et les Philippines, gr\u00e2ce \u00e0 des canaux d'exportation efficaces et \u00e0 un service client\u00e8le multilingue.<\/p>","protected":false},"excerpt":{"rendered":"<p>Modern Three-Piece Set of Feminine Washers Wholesale Bathroom Bidet Toilet Sprayer Plumbing Hoses is designed for comfortable, hygienic use with a focus on feminine care. The set includes a handheld bidet sprayer, wall mount, and flexible plumbing hoses made from durable materials resistant to corrosion and wear. Suitable for residential and commercial bathrooms, the sprayers\u2026<\/p>","protected":false},"featured_media":19626,"template":"","meta":{"_acf_changed":false,"_kad_post_transparent":"default","_kad_post_title":"","_kad_post_layout":"default","_kad_post_sidebar_id":"","_kad_post_content_style":"default","_kad_post_vertical_padding":"default","_kad_post_feature":"","_kad_post_feature_position":"","_kad_post_header":false,"_kad_post_footer":false},"product_brand":[],"product_cat":[132,7864],"product_tag":[3569,3605],"class_list":{"0":"post-19625","1":"product","2":"type-product","3":"status-publish","4":"has-post-thumbnail","6":"product_cat-bidet-sprayer","7":"product_cat-c-bidetsprayer","8":"product_tag-bidet-toilet-sprayer","9":"product_tag-modern-bidet-sprayer","11":"first","12":"instock","13":"shipping-taxable","14":"purchasable","15":"product-type-variable","16":"wvs-archive-product-wrapper","17":"entry","18":"content-bg","19":"loop-entry"},"acf":[],"yoast_head":"<!-- This site is optimized with the Yoast SEO Premium plugin v25.4 (Yoast SEO v27.0) - https:\/\/yoast.com\/product\/yoast-seo-premium-wordpress\/ -->\n<title>Modern Three-Piece Set of Feminine Washers Wholesale Bathroom Bidet Toilet Sprayer Plumbing Hoses - YOROOW<\/title>\n<meta name=\"description\" content=\"Modern three-piece set of feminine washers wholesale bathroom bidet toilet sprayer with plumbing hoses. Chinese production with reliable quality and export focus to South America and Southeast Asia.\" \/>\n<meta name=\"robots\" content=\"index, follow, max-snippet:-1, max-image-preview:large, max-video-preview:-1\" \/>\n<link rel=\"canonical\" href=\"https:\/\/www.yoroow.com\/fr\/detail-du-produit\/kit-moderne-trois-pieces-de-laveurs-feminins-wholesale-bathroom-bidet-toilet-sprayer-plumbing-hoses\/\" \/>\n<meta property=\"og:locale\" content=\"fr_FR\" \/>\n<meta property=\"og:type\" content=\"article\" \/>\n<meta property=\"og:title\" content=\"Modern Three-Piece Set of Feminine Washers Wholesale Bathroom Bidet Toilet Sprayer Plumbing Hoses\" \/>\n<meta property=\"og:description\" content=\"Modern three-piece set of feminine washers wholesale bathroom bidet toilet sprayer with plumbing hoses. Chinese production with reliable quality and export focus to South America and Southeast Asia.\" \/>\n<meta property=\"og:url\" content=\"https:\/\/www.yoroow.com\/fr\/detail-du-produit\/kit-moderne-trois-pieces-de-laveurs-feminins-wholesale-bathroom-bidet-toilet-sprayer-plumbing-hoses\/\" \/>\n<meta property=\"og:site_name\" content=\"YOROOW\" \/>\n<meta property=\"article:publisher\" content=\"https:\/\/www.facebook.com\/people\/yoroowfaucetfactory\/61564236752362\/\" \/>\n<meta property=\"article:modified_time\" content=\"2025-05-16T01:52:25+00:00\" \/>\n<meta property=\"og:image\" content=\"https:\/\/www.yoroow.com\/wp-content\/uploads\/2025\/05\/04.jpg\" \/>\n\t<meta property=\"og:image:width\" content=\"751\" \/>\n\t<meta property=\"og:image:height\" content=\"751\" \/>\n\t<meta property=\"og:image:type\" content=\"image\/jpeg\" \/>\n<meta name=\"twitter:card\" content=\"summary_large_image\" \/>\n<meta name=\"twitter:label1\" content=\"Dur\u00e9e de lecture estim\u00e9e\" \/>\n\t<meta name=\"twitter:data1\" content=\"1 minute\" \/>\n<script type=\"application\/ld+json\" class=\"yoast-schema-graph\">{\"@context\":\"https:\/\/schema.org\",\"@graph\":[{\"@type\":\"WebPage\",\"@id\":\"https:\/\/www.yoroow.com\/fr\/detail-du-produit\/kit-moderne-trois-pieces-de-laveurs-feminins-wholesale-bathroom-bidet-toilet-sprayer-plumbing-hoses\/\",\"url\":\"https:\/\/www.yoroow.com\/fr\/detail-du-produit\/kit-moderne-trois-pieces-de-laveurs-feminins-wholesale-bathroom-bidet-toilet-sprayer-plumbing-hoses\/\",\"name\":\"Modern Three-Piece Set of Feminine Washers Wholesale Bathroom Bidet Toilet Sprayer Plumbing Hoses - YOROOW\",\"isPartOf\":{\"@id\":\"https:\/\/www.yoroow.com\/fr\/#website\"},\"primaryImageOfPage\":{\"@id\":\"https:\/\/www.yoroow.com\/fr\/detail-du-produit\/kit-moderne-trois-pieces-de-laveurs-feminins-wholesale-bathroom-bidet-toilet-sprayer-plumbing-hoses\/#primaryimage\"},\"image\":{\"@id\":\"https:\/\/www.yoroow.com\/fr\/detail-du-produit\/kit-moderne-trois-pieces-de-laveurs-feminins-wholesale-bathroom-bidet-toilet-sprayer-plumbing-hoses\/#primaryimage\"},\"thumbnailUrl\":\"https:\/\/www.yoroow.com\/wp-content\/uploads\/2025\/05\/04.jpg\",\"datePublished\":\"2025-05-08T01:44:47+00:00\",\"dateModified\":\"2025-05-16T01:52:25+00:00\",\"description\":\"Modern three-piece set of feminine washers wholesale bathroom bidet toilet sprayer with plumbing hoses. Chinese production with reliable quality and export focus to South America and Southeast Asia.\",\"breadcrumb\":{\"@id\":\"https:\/\/www.yoroow.com\/fr\/detail-du-produit\/kit-moderne-trois-pieces-de-laveurs-feminins-wholesale-bathroom-bidet-toilet-sprayer-plumbing-hoses\/#breadcrumb\"},\"inLanguage\":\"fr-FR\",\"potentialAction\":[{\"@type\":\"ReadAction\",\"target\":[\"https:\/\/www.yoroow.com\/fr\/detail-du-produit\/kit-moderne-trois-pieces-de-laveurs-feminins-wholesale-bathroom-bidet-toilet-sprayer-plumbing-hoses\/\"]}]},{\"@type\":\"ImageObject\",\"inLanguage\":\"fr-FR\",\"@id\":\"https:\/\/www.yoroow.com\/fr\/detail-du-produit\/kit-moderne-trois-pieces-de-laveurs-feminins-wholesale-bathroom-bidet-toilet-sprayer-plumbing-hoses\/#primaryimage\",\"url\":\"https:\/\/www.yoroow.com\/wp-content\/uploads\/2025\/05\/04.jpg\",\"contentUrl\":\"https:\/\/www.yoroow.com\/wp-content\/uploads\/2025\/05\/04.jpg\",\"width\":751,\"height\":751,\"caption\":\"Modern Three-Piece Set of Feminine Washers Wholesale Bathroom Bidet Toilet Sprayer Plumbing Hoses\"},{\"@type\":\"BreadcrumbList\",\"@id\":\"https:\/\/www.yoroow.com\/fr\/detail-du-produit\/kit-moderne-trois-pieces-de-laveurs-feminins-wholesale-bathroom-bidet-toilet-sprayer-plumbing-hoses\/#breadcrumb\",\"itemListElement\":[{\"@type\":\"ListItem\",\"position\":1,\"name\":\"home\",\"item\":\"https:\/\/www.yoroow.com\/\"},{\"@type\":\"ListItem\",\"position\":2,\"name\":\"Product\",\"item\":\"https:\/\/www.yoroow.com\/product\/\"},{\"@type\":\"ListItem\",\"position\":3,\"name\":\"Modern Three-Piece Set of Feminine Washers Wholesale Bathroom Bidet Toilet Sprayer Plumbing Hoses\"}]},{\"@type\":\"WebSite\",\"@id\":\"https:\/\/www.yoroow.com\/fr\/#website\",\"url\":\"https:\/\/www.yoroow.com\/fr\/\",\"name\":\"YOROOW\",\"description\":\"\",\"publisher\":{\"@id\":\"https:\/\/www.yoroow.com\/fr\/#organization\"},\"potentialAction\":[{\"@type\":\"SearchAction\",\"target\":{\"@type\":\"EntryPoint\",\"urlTemplate\":\"https:\/\/www.yoroow.com\/fr\/?s={search_term_string}\"},\"query-input\":{\"@type\":\"PropertyValueSpecification\",\"valueRequired\":true,\"valueName\":\"search_term_string\"}}],\"inLanguage\":\"fr-FR\"},{\"@type\":\"Organization\",\"@id\":\"https:\/\/www.yoroow.com\/fr\/#organization\",\"name\":\"YOROOW\",\"url\":\"https:\/\/www.yoroow.com\/fr\/\",\"logo\":{\"@type\":\"ImageObject\",\"inLanguage\":\"fr-FR\",\"@id\":\"https:\/\/www.yoroow.com\/fr\/#\/schema\/logo\/image\/\",\"url\":\"https:\/\/www.yoroow.com\/wp-content\/uploads\/2024\/12\/2024123007131061.png\",\"contentUrl\":\"https:\/\/www.yoroow.com\/wp-content\/uploads\/2024\/12\/2024123007131061.png\",\"width\":168,\"height\":27,\"caption\":\"YOROOW\"},\"image\":{\"@id\":\"https:\/\/www.yoroow.com\/fr\/#\/schema\/logo\/image\/\"},\"sameAs\":[\"https:\/\/www.facebook.com\/people\/yoroowfaucetfactory\/61564236752362\/\"]}]}<\/script>\n<!-- \/ Yoast SEO Premium plugin. -->","yoast_head_json":{"title":"Modern Three-Piece Set of Feminine Washers Wholesale Bathroom Bidet Toilet Sprayer Plumbing Hoses - YOROOW","description":"Modern three-piece set of feminine washers wholesale bathroom bidet toilet sprayer with plumbing hoses. Chinese production with reliable quality and export focus to South America and Southeast Asia.","robots":{"index":"index","follow":"follow","max-snippet":"max-snippet:-1","max-image-preview":"max-image-preview:large","max-video-preview":"max-video-preview:-1"},"canonical":"https:\/\/www.yoroow.com\/fr\/detail-du-produit\/kit-moderne-trois-pieces-de-laveurs-feminins-wholesale-bathroom-bidet-toilet-sprayer-plumbing-hoses\/","og_locale":"fr_FR","og_type":"article","og_title":"Modern Three-Piece Set of Feminine Washers Wholesale Bathroom Bidet Toilet Sprayer Plumbing Hoses","og_description":"Modern three-piece set of feminine washers wholesale bathroom bidet toilet sprayer with plumbing hoses. Chinese production with reliable quality and export focus to South America and Southeast Asia.","og_url":"https:\/\/www.yoroow.com\/fr\/detail-du-produit\/kit-moderne-trois-pieces-de-laveurs-feminins-wholesale-bathroom-bidet-toilet-sprayer-plumbing-hoses\/","og_site_name":"YOROOW","article_publisher":"https:\/\/www.facebook.com\/people\/yoroowfaucetfactory\/61564236752362\/","article_modified_time":"2025-05-16T01:52:25+00:00","og_image":[{"width":751,"height":751,"url":"https:\/\/www.yoroow.com\/wp-content\/uploads\/2025\/05\/04.jpg","type":"image\/jpeg"}],"twitter_card":"summary_large_image","twitter_misc":{"Dur\u00e9e de lecture estim\u00e9e":"1 minute"},"schema":{"@context":"https:\/\/schema.org","@graph":[{"@type":"WebPage","@id":"https:\/\/www.yoroow.com\/fr\/detail-du-produit\/kit-moderne-trois-pieces-de-laveurs-feminins-wholesale-bathroom-bidet-toilet-sprayer-plumbing-hoses\/","url":"https:\/\/www.yoroow.com\/fr\/detail-du-produit\/kit-moderne-trois-pieces-de-laveurs-feminins-wholesale-bathroom-bidet-toilet-sprayer-plumbing-hoses\/","name":"Modern Three-Piece Set of Feminine Washers Wholesale Bathroom Bidet Toilet Sprayer Plumbing Hoses - YOROOW","isPartOf":{"@id":"https:\/\/www.yoroow.com\/fr\/#website"},"primaryImageOfPage":{"@id":"https:\/\/www.yoroow.com\/fr\/detail-du-produit\/kit-moderne-trois-pieces-de-laveurs-feminins-wholesale-bathroom-bidet-toilet-sprayer-plumbing-hoses\/#primaryimage"},"image":{"@id":"https:\/\/www.yoroow.com\/fr\/detail-du-produit\/kit-moderne-trois-pieces-de-laveurs-feminins-wholesale-bathroom-bidet-toilet-sprayer-plumbing-hoses\/#primaryimage"},"thumbnailUrl":"https:\/\/www.yoroow.com\/wp-content\/uploads\/2025\/05\/04.jpg","datePublished":"2025-05-08T01:44:47+00:00","dateModified":"2025-05-16T01:52:25+00:00","description":"Modern three-piece set of feminine washers wholesale bathroom bidet toilet sprayer with plumbing hoses. Chinese production with reliable quality and export focus to South America and Southeast Asia.","breadcrumb":{"@id":"https:\/\/www.yoroow.com\/fr\/detail-du-produit\/kit-moderne-trois-pieces-de-laveurs-feminins-wholesale-bathroom-bidet-toilet-sprayer-plumbing-hoses\/#breadcrumb"},"inLanguage":"fr-FR","potentialAction":[{"@type":"ReadAction","target":["https:\/\/www.yoroow.com\/fr\/detail-du-produit\/kit-moderne-trois-pieces-de-laveurs-feminins-wholesale-bathroom-bidet-toilet-sprayer-plumbing-hoses\/"]}]},{"@type":"ImageObject","inLanguage":"fr-FR","@id":"https:\/\/www.yoroow.com\/fr\/detail-du-produit\/kit-moderne-trois-pieces-de-laveurs-feminins-wholesale-bathroom-bidet-toilet-sprayer-plumbing-hoses\/#primaryimage","url":"https:\/\/www.yoroow.com\/wp-content\/uploads\/2025\/05\/04.jpg","contentUrl":"https:\/\/www.yoroow.com\/wp-content\/uploads\/2025\/05\/04.jpg","width":751,"height":751,"caption":"Modern Three-Piece Set of Feminine Washers Wholesale Bathroom Bidet Toilet Sprayer Plumbing Hoses"},{"@type":"BreadcrumbList","@id":"https:\/\/www.yoroow.com\/fr\/detail-du-produit\/kit-moderne-trois-pieces-de-laveurs-feminins-wholesale-bathroom-bidet-toilet-sprayer-plumbing-hoses\/#breadcrumb","itemListElement":[{"@type":"ListItem","position":1,"name":"home","item":"https:\/\/www.yoroow.com\/"},{"@type":"ListItem","position":2,"name":"Product","item":"https:\/\/www.yoroow.com\/product\/"},{"@type":"ListItem","position":3,"name":"Modern Three-Piece Set of Feminine Washers Wholesale Bathroom Bidet Toilet Sprayer Plumbing Hoses"}]},{"@type":"WebSite","@id":"https:\/\/www.yoroow.com\/fr\/#website","url":"https:\/\/www.yoroow.com\/fr\/","name":"YOROOW","description":"","publisher":{"@id":"https:\/\/www.yoroow.com\/fr\/#organization"},"potentialAction":[{"@type":"SearchAction","target":{"@type":"EntryPoint","urlTemplate":"https:\/\/www.yoroow.com\/fr\/?s={search_term_string}"},"query-input":{"@type":"PropertyValueSpecification","valueRequired":true,"valueName":"search_term_string"}}],"inLanguage":"fr-FR"},{"@type":"Organization","@id":"https:\/\/www.yoroow.com\/fr\/#organization","name":"YOROOW","url":"https:\/\/www.yoroow.com\/fr\/","logo":{"@type":"ImageObject","inLanguage":"fr-FR","@id":"https:\/\/www.yoroow.com\/fr\/#\/schema\/logo\/image\/","url":"https:\/\/www.yoroow.com\/wp-content\/uploads\/2024\/12\/2024123007131061.png","contentUrl":"https:\/\/www.yoroow.com\/wp-content\/uploads\/2024\/12\/2024123007131061.png","width":168,"height":27,"caption":"YOROOW"},"image":{"@id":"https:\/\/www.yoroow.com\/fr\/#\/schema\/logo\/image\/"},"sameAs":["https:\/\/www.facebook.com\/people\/yoroowfaucetfactory\/61564236752362\/"]}]}},"_links":{"self":[{"href":"https:\/\/www.yoroow.com\/fr\/wp-json\/wp\/v2\/product\/19625","targetHints":{"allow":["GET"]}}],"collection":[{"href":"https:\/\/www.yoroow.com\/fr\/wp-json\/wp\/v2\/product"}],"about":[{"href":"https:\/\/www.yoroow.com\/fr\/wp-json\/wp\/v2\/types\/product"}],"wp:featuredmedia":[{"embeddable":true,"href":"https:\/\/www.yoroow.com\/fr\/wp-json\/wp\/v2\/media\/19626"}],"wp:attachment":[{"href":"https:\/\/www.yoroow.com\/fr\/wp-json\/wp\/v2\/media?parent=19625"}],"wp:term":[{"taxonomy":"product_brand","embeddable":true,"href":"https:\/\/www.yoroow.com\/fr\/wp-json\/wp\/v2\/product_brand?post=19625"},{"taxonomy":"product_cat","embeddable":true,"href":"https:\/\/www.yoroow.com\/fr\/wp-json\/wp\/v2\/product_cat?post=19625"},{"taxonomy":"product_tag","embeddable":true,"href":"https:\/\/www.yoroow.com\/fr\/wp-json\/wp\/v2\/product_tag?post=19625"}],"curies":[{"name":"wp","href":"https:\/\/api.w.org\/{rel}","templated":true}]}}