{"id":19401,"date":"2025-05-07T11:24:29","date_gmt":"2025-05-07T03:24:29","guid":{"rendered":"https:\/\/www.yoroow.com\/?post_type=product&#038;p=19401"},"modified":"2025-05-16T09:50:41","modified_gmt":"2025-05-16T01:50:41","slug":"porte-savon-mural-en-acier-inoxydable-design-moderne-pour-salle-de-bains-et-chambres-dhotes","status":"publish","type":"product","link":"https:\/\/www.yoroow.com\/fr\/detail-du-produit\/porte-savon-mural-en-acier-inoxydable-design-moderne-pour-salle-de-bains-et-chambres-dhotes\/","title":{"rendered":"Porte-savon mural en acier inoxydable au design moderne Etag\u00e8re pour salle de bains et chambres d'h\u00f4tes"},"content":{"rendered":"<p>Le porte-savon mural en acier inoxydable Modern Design est con\u00e7u pour les h\u00f4tels, les maisons d'h\u00f4tes et les salles de bains r\u00e9sidentielles qui privil\u00e9gient \u00e0 la fois la fonctionnalit\u00e9 et l'attrait visuel. Fabriqu\u00e9 en acier inoxydable durable, il r\u00e9siste \u00e0 la rouille, \u00e0 l'humidit\u00e9 et \u00e0 l'usage quotidien, tout en offrant une esth\u00e9tique propre et moderne. L'installation murale permet de gagner de l'espace sur le lavabo ou le plan de travail et de garder le savon sec et hygi\u00e9nique. Son design minimaliste et poli s'int\u00e8gre facilement aux diff\u00e9rents d\u00e9cors de salle de bains, qu'ils soient classiques ou contemporains. Ce produit est fabriqu\u00e9 dans notre usine chinoise \u00e0 l'aide de proc\u00e9d\u00e9s de formage et de rev\u00eatement antirouille de haute pr\u00e9cision, garantissant une brillance et une fiabilit\u00e9 durables. Nous prenons en charge la fabrication de marques priv\u00e9es et pouvons personnaliser la taille, la couleur et le logo pour qu'ils correspondent \u00e0 votre marque. Notre flux de production rationalis\u00e9 et notre \u00e9quipe de contr\u00f4le qualit\u00e9 professionnelle garantissent des d\u00e9lais d'ex\u00e9cution rapides et une qualit\u00e9 constante. Ce porte-savon est particuli\u00e8rement populaire en Am\u00e9rique du Sud et en Asie du Sud-Est, o\u00f9 les secteurs de l'h\u00f4tellerie et de l'am\u00e9nagement de la maison recherchent des accessoires \u00e9l\u00e9gants, pratiques et \u00e0 des prix comp\u00e9titifs. Nous fournissons une assistance client\u00e8le multilingue et adaptons l'emballage aux d\u00e9taillants locaux et aux plateformes en ligne, ce qui facilite la p\u00e9n\u00e9tration de march\u00e9s tels que le Br\u00e9sil, le Vi\u00eat Nam et le P\u00e9rou. |<\/p>","protected":false},"excerpt":{"rendered":"<p>The Modern Design Wall-Mounted Stainless Steel Soap Dish Rack is tailored for hotels, guest houses, and residential bathrooms that prioritize both functionality and visual appeal. Crafted from durable stainless steel, it resists rust, moisture, and daily use while providing a clean, modern aesthetic. The wall-mounted installation saves space on the sink or countertop and helps\u2026<\/p>","protected":false},"featured_media":19404,"template":"","meta":{"_acf_changed":false,"_kad_post_transparent":"default","_kad_post_title":"","_kad_post_layout":"default","_kad_post_sidebar_id":"","_kad_post_content_style":"default","_kad_post_vertical_padding":"default","_kad_post_feature":"","_kad_post_feature_position":"","_kad_post_header":false,"_kad_post_footer":false},"product_brand":[],"product_cat":[7845,7883],"product_tag":[3803,7878],"class_list":{"0":"post-19401","1":"product","2":"type-product","3":"status-publish","4":"has-post-thumbnail","6":"product_cat-bathroom-accessories","7":"product_cat-c-bathroom-accessories","8":"product_tag-bathroom","9":"product_tag-soap-dish","11":"first","12":"instock","13":"shipping-taxable","14":"purchasable","15":"product-type-variable","16":"wvs-archive-product-wrapper","17":"entry","18":"content-bg","19":"loop-entry"},"acf":[],"yoast_head":"<!-- This site is optimized with the Yoast SEO Premium plugin v25.4 (Yoast SEO v27.0) - https:\/\/yoast.com\/product\/yoast-seo-premium-wordpress\/ -->\n<title>Modern Design Wall-Mounted Stainless Steel Soap Dish Rack Hotel Bathroom Shelf for Bathrooms and Guest Rooms - YOROOW<\/title>\n<meta name=\"description\" content=\"Modern design wall-mounted stainless steel soap dish rack suitable for hotel bathrooms and guest rooms. Robust and corrosion-resistant product from China, exported to South America and Southeast Asia hospitality sectors.\" \/>\n<meta name=\"robots\" content=\"index, follow, max-snippet:-1, max-image-preview:large, max-video-preview:-1\" \/>\n<link rel=\"canonical\" href=\"https:\/\/www.yoroow.com\/fr\/detail-du-produit\/porte-savon-mural-en-acier-inoxydable-design-moderne-pour-salle-de-bains-et-chambres-dhotes\/\" \/>\n<meta property=\"og:locale\" content=\"fr_FR\" \/>\n<meta property=\"og:type\" content=\"article\" \/>\n<meta property=\"og:title\" content=\"Modern Design Wall-Mounted Stainless Steel Soap Dish Rack Hotel Bathroom Shelf for Bathrooms and Guest Rooms\" \/>\n<meta property=\"og:description\" content=\"Modern design wall-mounted stainless steel soap dish rack suitable for hotel bathrooms and guest rooms. Robust and corrosion-resistant product from China, exported to South America and Southeast Asia hospitality sectors.\" \/>\n<meta property=\"og:url\" content=\"https:\/\/www.yoroow.com\/fr\/detail-du-produit\/porte-savon-mural-en-acier-inoxydable-design-moderne-pour-salle-de-bains-et-chambres-dhotes\/\" \/>\n<meta property=\"og:site_name\" content=\"YOROOW\" \/>\n<meta property=\"article:publisher\" content=\"https:\/\/www.facebook.com\/people\/yoroowfaucetfactory\/61564236752362\/\" \/>\n<meta property=\"article:modified_time\" content=\"2025-05-16T01:50:41+00:00\" \/>\n<meta property=\"og:image\" content=\"https:\/\/www.yoroow.com\/wp-content\/uploads\/2025\/05\/image.png\" \/>\n\t<meta property=\"og:image:width\" content=\"497\" \/>\n\t<meta property=\"og:image:height\" content=\"497\" \/>\n\t<meta property=\"og:image:type\" content=\"image\/png\" \/>\n<meta name=\"twitter:card\" content=\"summary_large_image\" \/>\n<meta name=\"twitter:label1\" content=\"Dur\u00e9e de lecture estim\u00e9e\" \/>\n\t<meta name=\"twitter:data1\" content=\"1 minute\" \/>\n<script type=\"application\/ld+json\" class=\"yoast-schema-graph\">{\"@context\":\"https:\/\/schema.org\",\"@graph\":[{\"@type\":\"WebPage\",\"@id\":\"https:\/\/www.yoroow.com\/fr\/detail-du-produit\/porte-savon-mural-en-acier-inoxydable-design-moderne-pour-salle-de-bains-et-chambres-dhotes\/\",\"url\":\"https:\/\/www.yoroow.com\/fr\/detail-du-produit\/porte-savon-mural-en-acier-inoxydable-design-moderne-pour-salle-de-bains-et-chambres-dhotes\/\",\"name\":\"Modern Design Wall-Mounted Stainless Steel Soap Dish Rack Hotel Bathroom Shelf for Bathrooms and Guest Rooms - YOROOW\",\"isPartOf\":{\"@id\":\"https:\/\/www.yoroow.com\/fr\/#website\"},\"primaryImageOfPage\":{\"@id\":\"https:\/\/www.yoroow.com\/fr\/detail-du-produit\/porte-savon-mural-en-acier-inoxydable-design-moderne-pour-salle-de-bains-et-chambres-dhotes\/#primaryimage\"},\"image\":{\"@id\":\"https:\/\/www.yoroow.com\/fr\/detail-du-produit\/porte-savon-mural-en-acier-inoxydable-design-moderne-pour-salle-de-bains-et-chambres-dhotes\/#primaryimage\"},\"thumbnailUrl\":\"https:\/\/www.yoroow.com\/wp-content\/uploads\/2025\/05\/image.png\",\"datePublished\":\"2025-05-07T03:24:29+00:00\",\"dateModified\":\"2025-05-16T01:50:41+00:00\",\"description\":\"Modern design wall-mounted stainless steel soap dish rack suitable for hotel bathrooms and guest rooms. Robust and corrosion-resistant product from China, exported to South America and Southeast Asia hospitality sectors.\",\"breadcrumb\":{\"@id\":\"https:\/\/www.yoroow.com\/fr\/detail-du-produit\/porte-savon-mural-en-acier-inoxydable-design-moderne-pour-salle-de-bains-et-chambres-dhotes\/#breadcrumb\"},\"inLanguage\":\"fr-FR\",\"potentialAction\":[{\"@type\":\"ReadAction\",\"target\":[\"https:\/\/www.yoroow.com\/fr\/detail-du-produit\/porte-savon-mural-en-acier-inoxydable-design-moderne-pour-salle-de-bains-et-chambres-dhotes\/\"]}]},{\"@type\":\"ImageObject\",\"inLanguage\":\"fr-FR\",\"@id\":\"https:\/\/www.yoroow.com\/fr\/detail-du-produit\/porte-savon-mural-en-acier-inoxydable-design-moderne-pour-salle-de-bains-et-chambres-dhotes\/#primaryimage\",\"url\":\"https:\/\/www.yoroow.com\/wp-content\/uploads\/2025\/05\/image.png\",\"contentUrl\":\"https:\/\/www.yoroow.com\/wp-content\/uploads\/2025\/05\/image.png\",\"width\":497,\"height\":497,\"caption\":\"Modern Design Wall-Mounted Stainless Steel Soap Dish Rack Hotel Bathroom Shelf for Bathrooms and Guest Rooms\"},{\"@type\":\"BreadcrumbList\",\"@id\":\"https:\/\/www.yoroow.com\/fr\/detail-du-produit\/porte-savon-mural-en-acier-inoxydable-design-moderne-pour-salle-de-bains-et-chambres-dhotes\/#breadcrumb\",\"itemListElement\":[{\"@type\":\"ListItem\",\"position\":1,\"name\":\"home\",\"item\":\"https:\/\/www.yoroow.com\/\"},{\"@type\":\"ListItem\",\"position\":2,\"name\":\"Product\",\"item\":\"https:\/\/www.yoroow.com\/product\/\"},{\"@type\":\"ListItem\",\"position\":3,\"name\":\"Modern Design Wall-Mounted Stainless Steel Soap Dish Rack Hotel Bathroom Shelf for Bathrooms and Guest Rooms\"}]},{\"@type\":\"WebSite\",\"@id\":\"https:\/\/www.yoroow.com\/fr\/#website\",\"url\":\"https:\/\/www.yoroow.com\/fr\/\",\"name\":\"YOROOW\",\"description\":\"\",\"publisher\":{\"@id\":\"https:\/\/www.yoroow.com\/fr\/#organization\"},\"potentialAction\":[{\"@type\":\"SearchAction\",\"target\":{\"@type\":\"EntryPoint\",\"urlTemplate\":\"https:\/\/www.yoroow.com\/fr\/?s={search_term_string}\"},\"query-input\":{\"@type\":\"PropertyValueSpecification\",\"valueRequired\":true,\"valueName\":\"search_term_string\"}}],\"inLanguage\":\"fr-FR\"},{\"@type\":\"Organization\",\"@id\":\"https:\/\/www.yoroow.com\/fr\/#organization\",\"name\":\"YOROOW\",\"url\":\"https:\/\/www.yoroow.com\/fr\/\",\"logo\":{\"@type\":\"ImageObject\",\"inLanguage\":\"fr-FR\",\"@id\":\"https:\/\/www.yoroow.com\/fr\/#\/schema\/logo\/image\/\",\"url\":\"https:\/\/www.yoroow.com\/wp-content\/uploads\/2024\/12\/2024123007131061.png\",\"contentUrl\":\"https:\/\/www.yoroow.com\/wp-content\/uploads\/2024\/12\/2024123007131061.png\",\"width\":168,\"height\":27,\"caption\":\"YOROOW\"},\"image\":{\"@id\":\"https:\/\/www.yoroow.com\/fr\/#\/schema\/logo\/image\/\"},\"sameAs\":[\"https:\/\/www.facebook.com\/people\/yoroowfaucetfactory\/61564236752362\/\"]}]}<\/script>\n<!-- \/ Yoast SEO Premium plugin. -->","yoast_head_json":{"title":"Modern Design Wall-Mounted Stainless Steel Soap Dish Rack Hotel Bathroom Shelf for Bathrooms and Guest Rooms - YOROOW","description":"Modern design wall-mounted stainless steel soap dish rack suitable for hotel bathrooms and guest rooms. Robust and corrosion-resistant product from China, exported to South America and Southeast Asia hospitality sectors.","robots":{"index":"index","follow":"follow","max-snippet":"max-snippet:-1","max-image-preview":"max-image-preview:large","max-video-preview":"max-video-preview:-1"},"canonical":"https:\/\/www.yoroow.com\/fr\/detail-du-produit\/porte-savon-mural-en-acier-inoxydable-design-moderne-pour-salle-de-bains-et-chambres-dhotes\/","og_locale":"fr_FR","og_type":"article","og_title":"Modern Design Wall-Mounted Stainless Steel Soap Dish Rack Hotel Bathroom Shelf for Bathrooms and Guest Rooms","og_description":"Modern design wall-mounted stainless steel soap dish rack suitable for hotel bathrooms and guest rooms. Robust and corrosion-resistant product from China, exported to South America and Southeast Asia hospitality sectors.","og_url":"https:\/\/www.yoroow.com\/fr\/detail-du-produit\/porte-savon-mural-en-acier-inoxydable-design-moderne-pour-salle-de-bains-et-chambres-dhotes\/","og_site_name":"YOROOW","article_publisher":"https:\/\/www.facebook.com\/people\/yoroowfaucetfactory\/61564236752362\/","article_modified_time":"2025-05-16T01:50:41+00:00","og_image":[{"width":497,"height":497,"url":"https:\/\/www.yoroow.com\/wp-content\/uploads\/2025\/05\/image.png","type":"image\/png"}],"twitter_card":"summary_large_image","twitter_misc":{"Dur\u00e9e de lecture estim\u00e9e":"1 minute"},"schema":{"@context":"https:\/\/schema.org","@graph":[{"@type":"WebPage","@id":"https:\/\/www.yoroow.com\/fr\/detail-du-produit\/porte-savon-mural-en-acier-inoxydable-design-moderne-pour-salle-de-bains-et-chambres-dhotes\/","url":"https:\/\/www.yoroow.com\/fr\/detail-du-produit\/porte-savon-mural-en-acier-inoxydable-design-moderne-pour-salle-de-bains-et-chambres-dhotes\/","name":"Modern Design Wall-Mounted Stainless Steel Soap Dish Rack Hotel Bathroom Shelf for Bathrooms and Guest Rooms - YOROOW","isPartOf":{"@id":"https:\/\/www.yoroow.com\/fr\/#website"},"primaryImageOfPage":{"@id":"https:\/\/www.yoroow.com\/fr\/detail-du-produit\/porte-savon-mural-en-acier-inoxydable-design-moderne-pour-salle-de-bains-et-chambres-dhotes\/#primaryimage"},"image":{"@id":"https:\/\/www.yoroow.com\/fr\/detail-du-produit\/porte-savon-mural-en-acier-inoxydable-design-moderne-pour-salle-de-bains-et-chambres-dhotes\/#primaryimage"},"thumbnailUrl":"https:\/\/www.yoroow.com\/wp-content\/uploads\/2025\/05\/image.png","datePublished":"2025-05-07T03:24:29+00:00","dateModified":"2025-05-16T01:50:41+00:00","description":"Modern design wall-mounted stainless steel soap dish rack suitable for hotel bathrooms and guest rooms. Robust and corrosion-resistant product from China, exported to South America and Southeast Asia hospitality sectors.","breadcrumb":{"@id":"https:\/\/www.yoroow.com\/fr\/detail-du-produit\/porte-savon-mural-en-acier-inoxydable-design-moderne-pour-salle-de-bains-et-chambres-dhotes\/#breadcrumb"},"inLanguage":"fr-FR","potentialAction":[{"@type":"ReadAction","target":["https:\/\/www.yoroow.com\/fr\/detail-du-produit\/porte-savon-mural-en-acier-inoxydable-design-moderne-pour-salle-de-bains-et-chambres-dhotes\/"]}]},{"@type":"ImageObject","inLanguage":"fr-FR","@id":"https:\/\/www.yoroow.com\/fr\/detail-du-produit\/porte-savon-mural-en-acier-inoxydable-design-moderne-pour-salle-de-bains-et-chambres-dhotes\/#primaryimage","url":"https:\/\/www.yoroow.com\/wp-content\/uploads\/2025\/05\/image.png","contentUrl":"https:\/\/www.yoroow.com\/wp-content\/uploads\/2025\/05\/image.png","width":497,"height":497,"caption":"Modern Design Wall-Mounted Stainless Steel Soap Dish Rack Hotel Bathroom Shelf for Bathrooms and Guest Rooms"},{"@type":"BreadcrumbList","@id":"https:\/\/www.yoroow.com\/fr\/detail-du-produit\/porte-savon-mural-en-acier-inoxydable-design-moderne-pour-salle-de-bains-et-chambres-dhotes\/#breadcrumb","itemListElement":[{"@type":"ListItem","position":1,"name":"home","item":"https:\/\/www.yoroow.com\/"},{"@type":"ListItem","position":2,"name":"Product","item":"https:\/\/www.yoroow.com\/product\/"},{"@type":"ListItem","position":3,"name":"Modern Design Wall-Mounted Stainless Steel Soap Dish Rack Hotel Bathroom Shelf for Bathrooms and Guest Rooms"}]},{"@type":"WebSite","@id":"https:\/\/www.yoroow.com\/fr\/#website","url":"https:\/\/www.yoroow.com\/fr\/","name":"YOROOW","description":"","publisher":{"@id":"https:\/\/www.yoroow.com\/fr\/#organization"},"potentialAction":[{"@type":"SearchAction","target":{"@type":"EntryPoint","urlTemplate":"https:\/\/www.yoroow.com\/fr\/?s={search_term_string}"},"query-input":{"@type":"PropertyValueSpecification","valueRequired":true,"valueName":"search_term_string"}}],"inLanguage":"fr-FR"},{"@type":"Organization","@id":"https:\/\/www.yoroow.com\/fr\/#organization","name":"YOROOW","url":"https:\/\/www.yoroow.com\/fr\/","logo":{"@type":"ImageObject","inLanguage":"fr-FR","@id":"https:\/\/www.yoroow.com\/fr\/#\/schema\/logo\/image\/","url":"https:\/\/www.yoroow.com\/wp-content\/uploads\/2024\/12\/2024123007131061.png","contentUrl":"https:\/\/www.yoroow.com\/wp-content\/uploads\/2024\/12\/2024123007131061.png","width":168,"height":27,"caption":"YOROOW"},"image":{"@id":"https:\/\/www.yoroow.com\/fr\/#\/schema\/logo\/image\/"},"sameAs":["https:\/\/www.facebook.com\/people\/yoroowfaucetfactory\/61564236752362\/"]}]}},"_links":{"self":[{"href":"https:\/\/www.yoroow.com\/fr\/wp-json\/wp\/v2\/product\/19401","targetHints":{"allow":["GET"]}}],"collection":[{"href":"https:\/\/www.yoroow.com\/fr\/wp-json\/wp\/v2\/product"}],"about":[{"href":"https:\/\/www.yoroow.com\/fr\/wp-json\/wp\/v2\/types\/product"}],"wp:featuredmedia":[{"embeddable":true,"href":"https:\/\/www.yoroow.com\/fr\/wp-json\/wp\/v2\/media\/19404"}],"wp:attachment":[{"href":"https:\/\/www.yoroow.com\/fr\/wp-json\/wp\/v2\/media?parent=19401"}],"wp:term":[{"taxonomy":"product_brand","embeddable":true,"href":"https:\/\/www.yoroow.com\/fr\/wp-json\/wp\/v2\/product_brand?post=19401"},{"taxonomy":"product_cat","embeddable":true,"href":"https:\/\/www.yoroow.com\/fr\/wp-json\/wp\/v2\/product_cat?post=19401"},{"taxonomy":"product_tag","embeddable":true,"href":"https:\/\/www.yoroow.com\/fr\/wp-json\/wp\/v2\/product_tag?post=19401"}],"curies":[{"name":"wp","href":"https:\/\/api.w.org\/{rel}","templated":true}]}}