{"id":17196,"date":"2025-03-29T11:18:30","date_gmt":"2025-03-29T03:18:30","guid":{"rendered":"https:\/\/www.yoroow.com\/?post_type=product&#038;p=17196"},"modified":"2025-05-16T09:49:10","modified_gmt":"2025-05-16T01:49:10","slug":"poignee-de-robinet-en-zinc-plat-elegante-et-moderne-pour-mitigeur-de-lavabo-dans-la-salle-de-bain","status":"publish","type":"product","link":"https:\/\/www.yoroow.com\/fr\/detail-du-produit\/poignee-de-robinet-en-zinc-plat-elegante-et-moderne-pour-mitigeur-de-lavabo-dans-la-salle-de-bain\/","title":{"rendered":"Poign\u00e9e de robinet en zinc plat pour mitigeur de lavabo dans la salle de bain"},"content":{"rendered":"<p>Cette \u00e9l\u00e9gante poign\u00e9e de robinet en zinc de style plat est con\u00e7ue pour les mitigeurs de lavabo, offrant un aspect minimaliste et un fonctionnement ergonomique en douceur. Son design plat s'harmonise avec la d\u00e9coration moderne des salles de bains tout en garantissant une bonne prise en main. Fabriqu\u00e9 en Chine \u00e0 partir d'un alliage de zinc finement coul\u00e9 et de syst\u00e8mes de polissage automatis\u00e9s, cet accessoire peut faire l'objet de commandes en volume et d'un marquage priv\u00e9. La poign\u00e9e est une candidate de choix pour l'exportation vers l'Asie du Sud-Est et l'Am\u00e9rique du Sud, o\u00f9 le design moderne et les am\u00e9liorations fonctionnelles des syst\u00e8mes de salle de bains existants sont des tendances en plein essor.<\/p>","protected":false},"excerpt":{"rendered":"<p>This elegant flat-style zinc faucet handle is designed for basin faucet mixers, offering a minimalist look and smooth ergonomic operation. Its flat design complements modern bathroom decor while ensuring a firm grip. Manufactured in China using fine-cast zinc alloy and automated polishing systems, this accessory supports volume orders and private label branding. The handle is\u2026<\/p>","protected":false},"featured_media":17197,"template":"","meta":{"_acf_changed":false,"_kad_post_transparent":"default","_kad_post_title":"","_kad_post_layout":"default","_kad_post_sidebar_id":"","_kad_post_content_style":"default","_kad_post_vertical_padding":"default","_kad_post_feature":"","_kad_post_feature_position":"","_kad_post_header":false,"_kad_post_footer":false},"product_brand":[],"product_cat":[7106],"product_tag":[7128,7126],"class_list":{"0":"post-17196","1":"product","2":"type-product","3":"status-publish","4":"has-post-thumbnail","6":"product_cat-faucet-handle","7":"product_tag-bathroom-tap-accessories","8":"product_tag-universal-faucet-handle","10":"first","11":"instock","12":"shipping-taxable","13":"purchasable","14":"product-type-variable","15":"wvs-archive-product-wrapper","16":"entry","17":"content-bg","18":"loop-entry"},"acf":[],"yoast_head":"<!-- This site is optimized with the Yoast SEO Premium plugin v25.4 (Yoast SEO v27.0) - https:\/\/yoast.com\/product\/yoast-seo-premium-wordpress\/ -->\n<title>Elegant Modern Flat Zinc Faucet Handle Fittings for Basin Faucet Mixer in Bathroom - YOROOW<\/title>\n<meta name=\"description\" content=\"Elegant modern flat zinc faucet handle fittings designed for basin faucet mixers in bathrooms. Universal replacement handle with corrosion-resistant coating. Produced in China, focusing on quality for South American and Southeast Asian customers.\" \/>\n<meta name=\"robots\" content=\"index, follow, max-snippet:-1, max-image-preview:large, max-video-preview:-1\" \/>\n<link rel=\"canonical\" href=\"https:\/\/www.yoroow.com\/fr\/detail-du-produit\/poignee-de-robinet-en-zinc-plat-elegante-et-moderne-pour-mitigeur-de-lavabo-dans-la-salle-de-bain\/\" \/>\n<meta property=\"og:locale\" content=\"fr_FR\" \/>\n<meta property=\"og:type\" content=\"article\" \/>\n<meta property=\"og:title\" content=\"Elegant Modern Flat Zinc Faucet Handle Fittings for Basin Faucet Mixer in Bathroom\" \/>\n<meta property=\"og:description\" content=\"Elegant modern flat zinc faucet handle fittings designed for basin faucet mixers in bathrooms. Universal replacement handle with corrosion-resistant coating. Produced in China, focusing on quality for South American and Southeast Asian customers.\" \/>\n<meta property=\"og:url\" content=\"https:\/\/www.yoroow.com\/fr\/detail-du-produit\/poignee-de-robinet-en-zinc-plat-elegante-et-moderne-pour-mitigeur-de-lavabo-dans-la-salle-de-bain\/\" \/>\n<meta property=\"og:site_name\" content=\"YOROOW\" \/>\n<meta property=\"article:publisher\" content=\"https:\/\/www.facebook.com\/people\/yoroowfaucetfactory\/61564236752362\/\" \/>\n<meta property=\"article:modified_time\" content=\"2025-05-16T01:49:10+00:00\" \/>\n<meta property=\"og:image\" content=\"https:\/\/www.yoroow.com\/wp-content\/uploads\/2025\/03\/048P.jpg\" \/>\n\t<meta property=\"og:image:width\" content=\"800\" \/>\n\t<meta property=\"og:image:height\" content=\"800\" \/>\n\t<meta property=\"og:image:type\" content=\"image\/jpeg\" \/>\n<meta name=\"twitter:card\" content=\"summary_large_image\" \/>\n<meta name=\"twitter:label1\" content=\"Dur\u00e9e de lecture estim\u00e9e\" \/>\n\t<meta name=\"twitter:data1\" content=\"1 minute\" \/>\n<script type=\"application\/ld+json\" class=\"yoast-schema-graph\">{\"@context\":\"https:\/\/schema.org\",\"@graph\":[{\"@type\":\"WebPage\",\"@id\":\"https:\/\/www.yoroow.com\/fr\/detail-du-produit\/poignee-de-robinet-en-zinc-plat-elegante-et-moderne-pour-mitigeur-de-lavabo-dans-la-salle-de-bain\/\",\"url\":\"https:\/\/www.yoroow.com\/fr\/detail-du-produit\/poignee-de-robinet-en-zinc-plat-elegante-et-moderne-pour-mitigeur-de-lavabo-dans-la-salle-de-bain\/\",\"name\":\"Elegant Modern Flat Zinc Faucet Handle Fittings for Basin Faucet Mixer in Bathroom - YOROOW\",\"isPartOf\":{\"@id\":\"https:\/\/www.yoroow.com\/fr\/#website\"},\"primaryImageOfPage\":{\"@id\":\"https:\/\/www.yoroow.com\/fr\/detail-du-produit\/poignee-de-robinet-en-zinc-plat-elegante-et-moderne-pour-mitigeur-de-lavabo-dans-la-salle-de-bain\/#primaryimage\"},\"image\":{\"@id\":\"https:\/\/www.yoroow.com\/fr\/detail-du-produit\/poignee-de-robinet-en-zinc-plat-elegante-et-moderne-pour-mitigeur-de-lavabo-dans-la-salle-de-bain\/#primaryimage\"},\"thumbnailUrl\":\"https:\/\/www.yoroow.com\/wp-content\/uploads\/2025\/03\/048P.jpg\",\"datePublished\":\"2025-03-29T03:18:30+00:00\",\"dateModified\":\"2025-05-16T01:49:10+00:00\",\"description\":\"Elegant modern flat zinc faucet handle fittings designed for basin faucet mixers in bathrooms. Universal replacement handle with corrosion-resistant coating. Produced in China, focusing on quality for South American and Southeast Asian customers.\",\"breadcrumb\":{\"@id\":\"https:\/\/www.yoroow.com\/fr\/detail-du-produit\/poignee-de-robinet-en-zinc-plat-elegante-et-moderne-pour-mitigeur-de-lavabo-dans-la-salle-de-bain\/#breadcrumb\"},\"inLanguage\":\"fr-FR\",\"potentialAction\":[{\"@type\":\"ReadAction\",\"target\":[\"https:\/\/www.yoroow.com\/fr\/detail-du-produit\/poignee-de-robinet-en-zinc-plat-elegante-et-moderne-pour-mitigeur-de-lavabo-dans-la-salle-de-bain\/\"]}]},{\"@type\":\"ImageObject\",\"inLanguage\":\"fr-FR\",\"@id\":\"https:\/\/www.yoroow.com\/fr\/detail-du-produit\/poignee-de-robinet-en-zinc-plat-elegante-et-moderne-pour-mitigeur-de-lavabo-dans-la-salle-de-bain\/#primaryimage\",\"url\":\"https:\/\/www.yoroow.com\/wp-content\/uploads\/2025\/03\/048P.jpg\",\"contentUrl\":\"https:\/\/www.yoroow.com\/wp-content\/uploads\/2025\/03\/048P.jpg\",\"width\":800,\"height\":800,\"caption\":\"Elegant Modern Flat Zinc Faucet Handle Fittings for Basin Faucet Mixer in Bathroom\"},{\"@type\":\"BreadcrumbList\",\"@id\":\"https:\/\/www.yoroow.com\/fr\/detail-du-produit\/poignee-de-robinet-en-zinc-plat-elegante-et-moderne-pour-mitigeur-de-lavabo-dans-la-salle-de-bain\/#breadcrumb\",\"itemListElement\":[{\"@type\":\"ListItem\",\"position\":1,\"name\":\"home\",\"item\":\"https:\/\/www.yoroow.com\/\"},{\"@type\":\"ListItem\",\"position\":2,\"name\":\"Product\",\"item\":\"https:\/\/www.yoroow.com\/product\/\"},{\"@type\":\"ListItem\",\"position\":3,\"name\":\"Elegant Modern Flat Zinc Faucet Handle Fittings for Basin Faucet Mixer in Bathroom\"}]},{\"@type\":\"WebSite\",\"@id\":\"https:\/\/www.yoroow.com\/fr\/#website\",\"url\":\"https:\/\/www.yoroow.com\/fr\/\",\"name\":\"YOROOW\",\"description\":\"\",\"publisher\":{\"@id\":\"https:\/\/www.yoroow.com\/fr\/#organization\"},\"potentialAction\":[{\"@type\":\"SearchAction\",\"target\":{\"@type\":\"EntryPoint\",\"urlTemplate\":\"https:\/\/www.yoroow.com\/fr\/?s={search_term_string}\"},\"query-input\":{\"@type\":\"PropertyValueSpecification\",\"valueRequired\":true,\"valueName\":\"search_term_string\"}}],\"inLanguage\":\"fr-FR\"},{\"@type\":\"Organization\",\"@id\":\"https:\/\/www.yoroow.com\/fr\/#organization\",\"name\":\"YOROOW\",\"url\":\"https:\/\/www.yoroow.com\/fr\/\",\"logo\":{\"@type\":\"ImageObject\",\"inLanguage\":\"fr-FR\",\"@id\":\"https:\/\/www.yoroow.com\/fr\/#\/schema\/logo\/image\/\",\"url\":\"https:\/\/www.yoroow.com\/wp-content\/uploads\/2024\/12\/2024123007131061.png\",\"contentUrl\":\"https:\/\/www.yoroow.com\/wp-content\/uploads\/2024\/12\/2024123007131061.png\",\"width\":168,\"height\":27,\"caption\":\"YOROOW\"},\"image\":{\"@id\":\"https:\/\/www.yoroow.com\/fr\/#\/schema\/logo\/image\/\"},\"sameAs\":[\"https:\/\/www.facebook.com\/people\/yoroowfaucetfactory\/61564236752362\/\"]}]}<\/script>\n<!-- \/ Yoast SEO Premium plugin. -->","yoast_head_json":{"title":"Elegant Modern Flat Zinc Faucet Handle Fittings for Basin Faucet Mixer in Bathroom - YOROOW","description":"Elegant modern flat zinc faucet handle fittings designed for basin faucet mixers in bathrooms. Universal replacement handle with corrosion-resistant coating. Produced in China, focusing on quality for South American and Southeast Asian customers.","robots":{"index":"index","follow":"follow","max-snippet":"max-snippet:-1","max-image-preview":"max-image-preview:large","max-video-preview":"max-video-preview:-1"},"canonical":"https:\/\/www.yoroow.com\/fr\/detail-du-produit\/poignee-de-robinet-en-zinc-plat-elegante-et-moderne-pour-mitigeur-de-lavabo-dans-la-salle-de-bain\/","og_locale":"fr_FR","og_type":"article","og_title":"Elegant Modern Flat Zinc Faucet Handle Fittings for Basin Faucet Mixer in Bathroom","og_description":"Elegant modern flat zinc faucet handle fittings designed for basin faucet mixers in bathrooms. Universal replacement handle with corrosion-resistant coating. Produced in China, focusing on quality for South American and Southeast Asian customers.","og_url":"https:\/\/www.yoroow.com\/fr\/detail-du-produit\/poignee-de-robinet-en-zinc-plat-elegante-et-moderne-pour-mitigeur-de-lavabo-dans-la-salle-de-bain\/","og_site_name":"YOROOW","article_publisher":"https:\/\/www.facebook.com\/people\/yoroowfaucetfactory\/61564236752362\/","article_modified_time":"2025-05-16T01:49:10+00:00","og_image":[{"width":800,"height":800,"url":"https:\/\/www.yoroow.com\/wp-content\/uploads\/2025\/03\/048P.jpg","type":"image\/jpeg"}],"twitter_card":"summary_large_image","twitter_misc":{"Dur\u00e9e de lecture estim\u00e9e":"1 minute"},"schema":{"@context":"https:\/\/schema.org","@graph":[{"@type":"WebPage","@id":"https:\/\/www.yoroow.com\/fr\/detail-du-produit\/poignee-de-robinet-en-zinc-plat-elegante-et-moderne-pour-mitigeur-de-lavabo-dans-la-salle-de-bain\/","url":"https:\/\/www.yoroow.com\/fr\/detail-du-produit\/poignee-de-robinet-en-zinc-plat-elegante-et-moderne-pour-mitigeur-de-lavabo-dans-la-salle-de-bain\/","name":"Elegant Modern Flat Zinc Faucet Handle Fittings for Basin Faucet Mixer in Bathroom - YOROOW","isPartOf":{"@id":"https:\/\/www.yoroow.com\/fr\/#website"},"primaryImageOfPage":{"@id":"https:\/\/www.yoroow.com\/fr\/detail-du-produit\/poignee-de-robinet-en-zinc-plat-elegante-et-moderne-pour-mitigeur-de-lavabo-dans-la-salle-de-bain\/#primaryimage"},"image":{"@id":"https:\/\/www.yoroow.com\/fr\/detail-du-produit\/poignee-de-robinet-en-zinc-plat-elegante-et-moderne-pour-mitigeur-de-lavabo-dans-la-salle-de-bain\/#primaryimage"},"thumbnailUrl":"https:\/\/www.yoroow.com\/wp-content\/uploads\/2025\/03\/048P.jpg","datePublished":"2025-03-29T03:18:30+00:00","dateModified":"2025-05-16T01:49:10+00:00","description":"Elegant modern flat zinc faucet handle fittings designed for basin faucet mixers in bathrooms. Universal replacement handle with corrosion-resistant coating. Produced in China, focusing on quality for South American and Southeast Asian customers.","breadcrumb":{"@id":"https:\/\/www.yoroow.com\/fr\/detail-du-produit\/poignee-de-robinet-en-zinc-plat-elegante-et-moderne-pour-mitigeur-de-lavabo-dans-la-salle-de-bain\/#breadcrumb"},"inLanguage":"fr-FR","potentialAction":[{"@type":"ReadAction","target":["https:\/\/www.yoroow.com\/fr\/detail-du-produit\/poignee-de-robinet-en-zinc-plat-elegante-et-moderne-pour-mitigeur-de-lavabo-dans-la-salle-de-bain\/"]}]},{"@type":"ImageObject","inLanguage":"fr-FR","@id":"https:\/\/www.yoroow.com\/fr\/detail-du-produit\/poignee-de-robinet-en-zinc-plat-elegante-et-moderne-pour-mitigeur-de-lavabo-dans-la-salle-de-bain\/#primaryimage","url":"https:\/\/www.yoroow.com\/wp-content\/uploads\/2025\/03\/048P.jpg","contentUrl":"https:\/\/www.yoroow.com\/wp-content\/uploads\/2025\/03\/048P.jpg","width":800,"height":800,"caption":"Elegant Modern Flat Zinc Faucet Handle Fittings for Basin Faucet Mixer in Bathroom"},{"@type":"BreadcrumbList","@id":"https:\/\/www.yoroow.com\/fr\/detail-du-produit\/poignee-de-robinet-en-zinc-plat-elegante-et-moderne-pour-mitigeur-de-lavabo-dans-la-salle-de-bain\/#breadcrumb","itemListElement":[{"@type":"ListItem","position":1,"name":"home","item":"https:\/\/www.yoroow.com\/"},{"@type":"ListItem","position":2,"name":"Product","item":"https:\/\/www.yoroow.com\/product\/"},{"@type":"ListItem","position":3,"name":"Elegant Modern Flat Zinc Faucet Handle Fittings for Basin Faucet Mixer in Bathroom"}]},{"@type":"WebSite","@id":"https:\/\/www.yoroow.com\/fr\/#website","url":"https:\/\/www.yoroow.com\/fr\/","name":"YOROOW","description":"","publisher":{"@id":"https:\/\/www.yoroow.com\/fr\/#organization"},"potentialAction":[{"@type":"SearchAction","target":{"@type":"EntryPoint","urlTemplate":"https:\/\/www.yoroow.com\/fr\/?s={search_term_string}"},"query-input":{"@type":"PropertyValueSpecification","valueRequired":true,"valueName":"search_term_string"}}],"inLanguage":"fr-FR"},{"@type":"Organization","@id":"https:\/\/www.yoroow.com\/fr\/#organization","name":"YOROOW","url":"https:\/\/www.yoroow.com\/fr\/","logo":{"@type":"ImageObject","inLanguage":"fr-FR","@id":"https:\/\/www.yoroow.com\/fr\/#\/schema\/logo\/image\/","url":"https:\/\/www.yoroow.com\/wp-content\/uploads\/2024\/12\/2024123007131061.png","contentUrl":"https:\/\/www.yoroow.com\/wp-content\/uploads\/2024\/12\/2024123007131061.png","width":168,"height":27,"caption":"YOROOW"},"image":{"@id":"https:\/\/www.yoroow.com\/fr\/#\/schema\/logo\/image\/"},"sameAs":["https:\/\/www.facebook.com\/people\/yoroowfaucetfactory\/61564236752362\/"]}]}},"_links":{"self":[{"href":"https:\/\/www.yoroow.com\/fr\/wp-json\/wp\/v2\/product\/17196","targetHints":{"allow":["GET"]}}],"collection":[{"href":"https:\/\/www.yoroow.com\/fr\/wp-json\/wp\/v2\/product"}],"about":[{"href":"https:\/\/www.yoroow.com\/fr\/wp-json\/wp\/v2\/types\/product"}],"wp:featuredmedia":[{"embeddable":true,"href":"https:\/\/www.yoroow.com\/fr\/wp-json\/wp\/v2\/media\/17197"}],"wp:attachment":[{"href":"https:\/\/www.yoroow.com\/fr\/wp-json\/wp\/v2\/media?parent=17196"}],"wp:term":[{"taxonomy":"product_brand","embeddable":true,"href":"https:\/\/www.yoroow.com\/fr\/wp-json\/wp\/v2\/product_brand?post=17196"},{"taxonomy":"product_cat","embeddable":true,"href":"https:\/\/www.yoroow.com\/fr\/wp-json\/wp\/v2\/product_cat?post=17196"},{"taxonomy":"product_tag","embeddable":true,"href":"https:\/\/www.yoroow.com\/fr\/wp-json\/wp\/v2\/product_tag?post=17196"}],"curies":[{"name":"wp","href":"https:\/\/api.w.org\/{rel}","templated":true}]}}