{"id":14856,"date":"2025-03-10T17:42:06","date_gmt":"2025-03-10T09:42:06","guid":{"rendered":"https:\/\/www.yoroow.com\/?post_type=product&#038;p=14856"},"modified":"2025-05-16T09:46:58","modified_gmt":"2025-05-16T01:46:58","slug":"robinetterie-de-salle-de-bain-en-zinc-chrome-a-poignee-unique-pour-leau-froide-robinetterie-de-lavabo-en-nickel","status":"publish","type":"product","link":"https:\/\/www.yoroow.com\/fr\/detail-du-produit\/robinetterie-de-salle-de-bain-en-zinc-chrome-a-poignee-unique-pour-leau-froide-robinetterie-de-lavabo-en-nickel\/","title":{"rendered":"China Supplier's Premium Modern Design Chrome Single Handle Cold Water Basin Faucet Zinc Alloy Brush Nickel Wash Sink Taps"},"content":{"rendered":"<p>Chrome Single Handle Cold Water Basin Faucet Zinc Alloy Con\u00e7u avec une finition chrom\u00e9e contemporaine et un m\u00e9canisme \u00e0 une poign\u00e9e, ce robinet permet un contr\u00f4le en douceur de l'alimentation en eau froide dans les cuisines ou les salles de bains. Sa construction en alliage de zinc garantit sa durabilit\u00e9 et sa r\u00e9sistance \u00e0 l'usure et \u00e0 la corrosion, ce qui en fait un choix solide pour un usage quotidien. L'usine YOROOW propose ce produit avec des personnalisations flexibles telles que le marquage et l'emballage, ce qui permet de r\u00e9pondre aussi bien aux commandes de gros volumes qu'aux petites s\u00e9ries. Sa proposition de valeur pour les march\u00e9s d'Am\u00e9rique du Sud et d'Asie du Sud-Est repose \u00e0 la fois sur des prix comp\u00e9titifs et sur des normes de fabrication de haute qualit\u00e9.<\/p>","protected":false},"excerpt":{"rendered":"<p>Chrome Single Handle Cold Water Basin Faucet Zinc Alloy Designed with a contemporary chrome finish and a single-handle mechanism, this faucet provides smooth control for cold water supply in kitchens or bathrooms. Its zinc alloy construction ensures durability and resistance to wear and corrosion, making it a solid choice for daily use. The YOROOW factory\u2026<\/p>","protected":false},"featured_media":14860,"template":"","meta":{"_acf_changed":false,"_kad_post_transparent":"default","_kad_post_title":"","_kad_post_layout":"default","_kad_post_sidebar_id":"","_kad_post_content_style":"default","_kad_post_vertical_padding":"default","_kad_post_feature":"","_kad_post_feature_position":"","_kad_post_header":false,"_kad_post_footer":false},"product_brand":[],"product_cat":[219],"product_tag":[3365,5915],"class_list":{"0":"post-14856","1":"product","2":"type-product","3":"status-publish","4":"has-post-thumbnail","6":"product_cat-single-cold-basin-faucet","7":"product_tag-basin-faucet-chrome-zinc-alloy-faucet-taps","8":"product_tag-single-cold-water-basin-sink-faucet","10":"first","11":"instock","12":"shipping-taxable","13":"purchasable","14":"product-type-variable","15":"wvs-archive-product-wrapper","16":"entry","17":"content-bg","18":"loop-entry"},"acf":[],"yoast_head":"<!-- This site is optimized with the Yoast SEO Premium plugin v25.4 (Yoast SEO v27.0) - https:\/\/yoast.com\/product\/yoast-seo-premium-wordpress\/ -->\n<title>China Supplier&#039;s Premium Modern Design Chrome Single Handle Cold Water Basin Faucet Zinc Alloy Brush Nickel Wash Sink Taps - YOROOW<\/title>\n<meta name=\"description\" content=\"China supplier premium modern chrome single handle cold water basin faucet in zinc alloy with brushed nickel surface, wash sink tap designed for easy installation and long-term use, manufactured with strict quality control for export to South America and Southeast Asia.\" \/>\n<meta name=\"robots\" content=\"index, follow, max-snippet:-1, max-image-preview:large, max-video-preview:-1\" \/>\n<link rel=\"canonical\" href=\"https:\/\/www.yoroow.com\/fr\/detail-du-produit\/robinetterie-de-salle-de-bain-en-zinc-chrome-a-poignee-unique-pour-leau-froide-robinetterie-de-lavabo-en-nickel\/\" \/>\n<meta property=\"og:locale\" content=\"fr_FR\" \/>\n<meta property=\"og:type\" content=\"article\" \/>\n<meta property=\"og:title\" content=\"China Supplier&#039;s Premium Modern Design Chrome Single Handle Cold Water Basin Faucet Zinc Alloy Brush Nickel Wash Sink Taps\" \/>\n<meta property=\"og:description\" content=\"China supplier premium modern chrome single handle cold water basin faucet in zinc alloy with brushed nickel surface, wash sink tap designed for easy installation and long-term use, manufactured with strict quality control for export to South America and Southeast Asia.\" \/>\n<meta property=\"og:url\" content=\"https:\/\/www.yoroow.com\/fr\/detail-du-produit\/robinetterie-de-salle-de-bain-en-zinc-chrome-a-poignee-unique-pour-leau-froide-robinetterie-de-lavabo-en-nickel\/\" \/>\n<meta property=\"og:site_name\" content=\"YOROOW\" \/>\n<meta property=\"article:publisher\" content=\"https:\/\/www.facebook.com\/people\/yoroowfaucetfactory\/61564236752362\/\" \/>\n<meta property=\"article:modified_time\" content=\"2025-05-16T01:46:58+00:00\" \/>\n<meta property=\"og:image\" content=\"https:\/\/www.yoroow.com\/wp-content\/uploads\/2025\/03\/eeeee.png\" \/>\n\t<meta property=\"og:image:width\" content=\"671\" \/>\n\t<meta property=\"og:image:height\" content=\"607\" \/>\n\t<meta property=\"og:image:type\" content=\"image\/png\" \/>\n<meta name=\"twitter:card\" content=\"summary_large_image\" \/>\n<meta name=\"twitter:label1\" content=\"Dur\u00e9e de lecture estim\u00e9e\" \/>\n\t<meta name=\"twitter:data1\" content=\"1 minute\" \/>\n<script type=\"application\/ld+json\" class=\"yoast-schema-graph\">{\"@context\":\"https:\/\/schema.org\",\"@graph\":[{\"@type\":\"WebPage\",\"@id\":\"https:\/\/www.yoroow.com\/fr\/detail-du-produit\/robinetterie-de-salle-de-bain-en-zinc-chrome-a-poignee-unique-pour-leau-froide-robinetterie-de-lavabo-en-nickel\/\",\"url\":\"https:\/\/www.yoroow.com\/fr\/detail-du-produit\/robinetterie-de-salle-de-bain-en-zinc-chrome-a-poignee-unique-pour-leau-froide-robinetterie-de-lavabo-en-nickel\/\",\"name\":\"China Supplier's Premium Modern Design Chrome Single Handle Cold Water Basin Faucet Zinc Alloy Brush Nickel Wash Sink Taps - YOROOW\",\"isPartOf\":{\"@id\":\"https:\/\/www.yoroow.com\/fr\/#website\"},\"primaryImageOfPage\":{\"@id\":\"https:\/\/www.yoroow.com\/fr\/detail-du-produit\/robinetterie-de-salle-de-bain-en-zinc-chrome-a-poignee-unique-pour-leau-froide-robinetterie-de-lavabo-en-nickel\/#primaryimage\"},\"image\":{\"@id\":\"https:\/\/www.yoroow.com\/fr\/detail-du-produit\/robinetterie-de-salle-de-bain-en-zinc-chrome-a-poignee-unique-pour-leau-froide-robinetterie-de-lavabo-en-nickel\/#primaryimage\"},\"thumbnailUrl\":\"https:\/\/www.yoroow.com\/wp-content\/uploads\/2025\/03\/eeeee.png\",\"datePublished\":\"2025-03-10T09:42:06+00:00\",\"dateModified\":\"2025-05-16T01:46:58+00:00\",\"description\":\"China supplier premium modern chrome single handle cold water basin faucet in zinc alloy with brushed nickel surface, wash sink tap designed for easy installation and long-term use, manufactured with strict quality control for export to South America and Southeast Asia.\",\"breadcrumb\":{\"@id\":\"https:\/\/www.yoroow.com\/fr\/detail-du-produit\/robinetterie-de-salle-de-bain-en-zinc-chrome-a-poignee-unique-pour-leau-froide-robinetterie-de-lavabo-en-nickel\/#breadcrumb\"},\"inLanguage\":\"fr-FR\",\"potentialAction\":[{\"@type\":\"ReadAction\",\"target\":[\"https:\/\/www.yoroow.com\/fr\/detail-du-produit\/robinetterie-de-salle-de-bain-en-zinc-chrome-a-poignee-unique-pour-leau-froide-robinetterie-de-lavabo-en-nickel\/\"]}]},{\"@type\":\"ImageObject\",\"inLanguage\":\"fr-FR\",\"@id\":\"https:\/\/www.yoroow.com\/fr\/detail-du-produit\/robinetterie-de-salle-de-bain-en-zinc-chrome-a-poignee-unique-pour-leau-froide-robinetterie-de-lavabo-en-nickel\/#primaryimage\",\"url\":\"https:\/\/www.yoroow.com\/wp-content\/uploads\/2025\/03\/eeeee.png\",\"contentUrl\":\"https:\/\/www.yoroow.com\/wp-content\/uploads\/2025\/03\/eeeee.png\",\"width\":671,\"height\":607,\"caption\":\"Factory Wholesale Sanitary Ware-Single Cold Water Basin Sink Faucet Brushed Nickel Finish Single Handle Zinc Alloy Faucet\"},{\"@type\":\"BreadcrumbList\",\"@id\":\"https:\/\/www.yoroow.com\/fr\/detail-du-produit\/robinetterie-de-salle-de-bain-en-zinc-chrome-a-poignee-unique-pour-leau-froide-robinetterie-de-lavabo-en-nickel\/#breadcrumb\",\"itemListElement\":[{\"@type\":\"ListItem\",\"position\":1,\"name\":\"home\",\"item\":\"https:\/\/www.yoroow.com\/\"},{\"@type\":\"ListItem\",\"position\":2,\"name\":\"Product\",\"item\":\"https:\/\/www.yoroow.com\/product\/\"},{\"@type\":\"ListItem\",\"position\":3,\"name\":\"China Supplier&#8217;s Premium Modern Design Chrome Single Handle Cold Water Basin Faucet Zinc Alloy Brush Nickel Wash Sink Taps\"}]},{\"@type\":\"WebSite\",\"@id\":\"https:\/\/www.yoroow.com\/fr\/#website\",\"url\":\"https:\/\/www.yoroow.com\/fr\/\",\"name\":\"YOROOW\",\"description\":\"\",\"publisher\":{\"@id\":\"https:\/\/www.yoroow.com\/fr\/#organization\"},\"potentialAction\":[{\"@type\":\"SearchAction\",\"target\":{\"@type\":\"EntryPoint\",\"urlTemplate\":\"https:\/\/www.yoroow.com\/fr\/?s={search_term_string}\"},\"query-input\":{\"@type\":\"PropertyValueSpecification\",\"valueRequired\":true,\"valueName\":\"search_term_string\"}}],\"inLanguage\":\"fr-FR\"},{\"@type\":\"Organization\",\"@id\":\"https:\/\/www.yoroow.com\/fr\/#organization\",\"name\":\"YOROOW\",\"url\":\"https:\/\/www.yoroow.com\/fr\/\",\"logo\":{\"@type\":\"ImageObject\",\"inLanguage\":\"fr-FR\",\"@id\":\"https:\/\/www.yoroow.com\/fr\/#\/schema\/logo\/image\/\",\"url\":\"https:\/\/www.yoroow.com\/wp-content\/uploads\/2024\/12\/2024123007131061.png\",\"contentUrl\":\"https:\/\/www.yoroow.com\/wp-content\/uploads\/2024\/12\/2024123007131061.png\",\"width\":168,\"height\":27,\"caption\":\"YOROOW\"},\"image\":{\"@id\":\"https:\/\/www.yoroow.com\/fr\/#\/schema\/logo\/image\/\"},\"sameAs\":[\"https:\/\/www.facebook.com\/people\/yoroowfaucetfactory\/61564236752362\/\"]}]}<\/script>\n<!-- \/ Yoast SEO Premium plugin. -->","yoast_head_json":{"title":"China Supplier's Premium Modern Design Chrome Single Handle Cold Water Basin Faucet Zinc Alloy Brush Nickel Wash Sink Taps - YOROOW","description":"China supplier premium modern chrome single handle cold water basin faucet in zinc alloy with brushed nickel surface, wash sink tap designed for easy installation and long-term use, manufactured with strict quality control for export to South America and Southeast Asia.","robots":{"index":"index","follow":"follow","max-snippet":"max-snippet:-1","max-image-preview":"max-image-preview:large","max-video-preview":"max-video-preview:-1"},"canonical":"https:\/\/www.yoroow.com\/fr\/detail-du-produit\/robinetterie-de-salle-de-bain-en-zinc-chrome-a-poignee-unique-pour-leau-froide-robinetterie-de-lavabo-en-nickel\/","og_locale":"fr_FR","og_type":"article","og_title":"China Supplier's Premium Modern Design Chrome Single Handle Cold Water Basin Faucet Zinc Alloy Brush Nickel Wash Sink Taps","og_description":"China supplier premium modern chrome single handle cold water basin faucet in zinc alloy with brushed nickel surface, wash sink tap designed for easy installation and long-term use, manufactured with strict quality control for export to South America and Southeast Asia.","og_url":"https:\/\/www.yoroow.com\/fr\/detail-du-produit\/robinetterie-de-salle-de-bain-en-zinc-chrome-a-poignee-unique-pour-leau-froide-robinetterie-de-lavabo-en-nickel\/","og_site_name":"YOROOW","article_publisher":"https:\/\/www.facebook.com\/people\/yoroowfaucetfactory\/61564236752362\/","article_modified_time":"2025-05-16T01:46:58+00:00","og_image":[{"width":671,"height":607,"url":"https:\/\/www.yoroow.com\/wp-content\/uploads\/2025\/03\/eeeee.png","type":"image\/png"}],"twitter_card":"summary_large_image","twitter_misc":{"Dur\u00e9e de lecture estim\u00e9e":"1 minute"},"schema":{"@context":"https:\/\/schema.org","@graph":[{"@type":"WebPage","@id":"https:\/\/www.yoroow.com\/fr\/detail-du-produit\/robinetterie-de-salle-de-bain-en-zinc-chrome-a-poignee-unique-pour-leau-froide-robinetterie-de-lavabo-en-nickel\/","url":"https:\/\/www.yoroow.com\/fr\/detail-du-produit\/robinetterie-de-salle-de-bain-en-zinc-chrome-a-poignee-unique-pour-leau-froide-robinetterie-de-lavabo-en-nickel\/","name":"China Supplier's Premium Modern Design Chrome Single Handle Cold Water Basin Faucet Zinc Alloy Brush Nickel Wash Sink Taps - YOROOW","isPartOf":{"@id":"https:\/\/www.yoroow.com\/fr\/#website"},"primaryImageOfPage":{"@id":"https:\/\/www.yoroow.com\/fr\/detail-du-produit\/robinetterie-de-salle-de-bain-en-zinc-chrome-a-poignee-unique-pour-leau-froide-robinetterie-de-lavabo-en-nickel\/#primaryimage"},"image":{"@id":"https:\/\/www.yoroow.com\/fr\/detail-du-produit\/robinetterie-de-salle-de-bain-en-zinc-chrome-a-poignee-unique-pour-leau-froide-robinetterie-de-lavabo-en-nickel\/#primaryimage"},"thumbnailUrl":"https:\/\/www.yoroow.com\/wp-content\/uploads\/2025\/03\/eeeee.png","datePublished":"2025-03-10T09:42:06+00:00","dateModified":"2025-05-16T01:46:58+00:00","description":"China supplier premium modern chrome single handle cold water basin faucet in zinc alloy with brushed nickel surface, wash sink tap designed for easy installation and long-term use, manufactured with strict quality control for export to South America and Southeast Asia.","breadcrumb":{"@id":"https:\/\/www.yoroow.com\/fr\/detail-du-produit\/robinetterie-de-salle-de-bain-en-zinc-chrome-a-poignee-unique-pour-leau-froide-robinetterie-de-lavabo-en-nickel\/#breadcrumb"},"inLanguage":"fr-FR","potentialAction":[{"@type":"ReadAction","target":["https:\/\/www.yoroow.com\/fr\/detail-du-produit\/robinetterie-de-salle-de-bain-en-zinc-chrome-a-poignee-unique-pour-leau-froide-robinetterie-de-lavabo-en-nickel\/"]}]},{"@type":"ImageObject","inLanguage":"fr-FR","@id":"https:\/\/www.yoroow.com\/fr\/detail-du-produit\/robinetterie-de-salle-de-bain-en-zinc-chrome-a-poignee-unique-pour-leau-froide-robinetterie-de-lavabo-en-nickel\/#primaryimage","url":"https:\/\/www.yoroow.com\/wp-content\/uploads\/2025\/03\/eeeee.png","contentUrl":"https:\/\/www.yoroow.com\/wp-content\/uploads\/2025\/03\/eeeee.png","width":671,"height":607,"caption":"Factory Wholesale Sanitary Ware-Single Cold Water Basin Sink Faucet Brushed Nickel Finish Single Handle Zinc Alloy Faucet"},{"@type":"BreadcrumbList","@id":"https:\/\/www.yoroow.com\/fr\/detail-du-produit\/robinetterie-de-salle-de-bain-en-zinc-chrome-a-poignee-unique-pour-leau-froide-robinetterie-de-lavabo-en-nickel\/#breadcrumb","itemListElement":[{"@type":"ListItem","position":1,"name":"home","item":"https:\/\/www.yoroow.com\/"},{"@type":"ListItem","position":2,"name":"Product","item":"https:\/\/www.yoroow.com\/product\/"},{"@type":"ListItem","position":3,"name":"China Supplier&#8217;s Premium Modern Design Chrome Single Handle Cold Water Basin Faucet Zinc Alloy Brush Nickel Wash Sink Taps"}]},{"@type":"WebSite","@id":"https:\/\/www.yoroow.com\/fr\/#website","url":"https:\/\/www.yoroow.com\/fr\/","name":"YOROOW","description":"","publisher":{"@id":"https:\/\/www.yoroow.com\/fr\/#organization"},"potentialAction":[{"@type":"SearchAction","target":{"@type":"EntryPoint","urlTemplate":"https:\/\/www.yoroow.com\/fr\/?s={search_term_string}"},"query-input":{"@type":"PropertyValueSpecification","valueRequired":true,"valueName":"search_term_string"}}],"inLanguage":"fr-FR"},{"@type":"Organization","@id":"https:\/\/www.yoroow.com\/fr\/#organization","name":"YOROOW","url":"https:\/\/www.yoroow.com\/fr\/","logo":{"@type":"ImageObject","inLanguage":"fr-FR","@id":"https:\/\/www.yoroow.com\/fr\/#\/schema\/logo\/image\/","url":"https:\/\/www.yoroow.com\/wp-content\/uploads\/2024\/12\/2024123007131061.png","contentUrl":"https:\/\/www.yoroow.com\/wp-content\/uploads\/2024\/12\/2024123007131061.png","width":168,"height":27,"caption":"YOROOW"},"image":{"@id":"https:\/\/www.yoroow.com\/fr\/#\/schema\/logo\/image\/"},"sameAs":["https:\/\/www.facebook.com\/people\/yoroowfaucetfactory\/61564236752362\/"]}]}},"_links":{"self":[{"href":"https:\/\/www.yoroow.com\/fr\/wp-json\/wp\/v2\/product\/14856","targetHints":{"allow":["GET"]}}],"collection":[{"href":"https:\/\/www.yoroow.com\/fr\/wp-json\/wp\/v2\/product"}],"about":[{"href":"https:\/\/www.yoroow.com\/fr\/wp-json\/wp\/v2\/types\/product"}],"wp:featuredmedia":[{"embeddable":true,"href":"https:\/\/www.yoroow.com\/fr\/wp-json\/wp\/v2\/media\/14860"}],"wp:attachment":[{"href":"https:\/\/www.yoroow.com\/fr\/wp-json\/wp\/v2\/media?parent=14856"}],"wp:term":[{"taxonomy":"product_brand","embeddable":true,"href":"https:\/\/www.yoroow.com\/fr\/wp-json\/wp\/v2\/product_brand?post=14856"},{"taxonomy":"product_cat","embeddable":true,"href":"https:\/\/www.yoroow.com\/fr\/wp-json\/wp\/v2\/product_cat?post=14856"},{"taxonomy":"product_tag","embeddable":true,"href":"https:\/\/www.yoroow.com\/fr\/wp-json\/wp\/v2\/product_tag?post=14856"}],"curies":[{"name":"wp","href":"https:\/\/api.w.org\/{rel}","templated":true}]}}