{"id":14009,"date":"2025-03-05T16:21:35","date_gmt":"2025-03-05T08:21:35","guid":{"rendered":"https:\/\/www.yoroow.com\/?post_type=product&#038;p=14009"},"modified":"2025-05-16T09:45:47","modified_gmt":"2025-05-16T01:45:47","slug":"vente-chaude-robinet-de-cuisine-style-moderne-robinet-devier-de-cuisine-flexible-laiton-deux-poignees-melangeur-de-cuisine-en-pont","status":"publish","type":"product","link":"https:\/\/www.yoroow.com\/fr\/detail-du-produit\/vente-chaude-robinet-de-cuisine-style-moderne-robinet-devier-de-cuisine-flexible-laiton-deux-poignees-melangeur-de-cuisine-en-pont\/","title":{"rendered":"Modern Style Kitchen Faucet Tap Hot Sale Zinc Kitchen Mixer with Flexible Brass Two Handles Plastic Kitchen Sink Faucet Deck"},"content":{"rendered":"<p>Ce robinet de cuisine moderne en zinc est dot\u00e9 de deux poign\u00e9es permettant de contr\u00f4ler facilement le d\u00e9bit et la temp\u00e9rature de l'eau. La conception en laiton flexible offre une durabilit\u00e9 et une r\u00e9sistance \u00e0 la corrosion, ce qui le rend id\u00e9al pour les \u00e9viers de cuisine dans les environnements r\u00e9sidentiels et commerciaux. Le design \u00e9l\u00e9gant et moderne du robinet ajoute un attrait esth\u00e9tique \u00e0 toute cuisine, tandis que sa fonctionnalit\u00e9 assure une gestion efficace de l'\u00e9coulement de l'eau. Produit en Chine, ce robinet b\u00e9n\u00e9ficie des processus de fabrication avanc\u00e9s de l'usine, garantissant une haute qualit\u00e9 \u00e0 des prix comp\u00e9titifs. L'attrait de ce produit en Am\u00e9rique du Sud et en Asie du Sud-Est est d\u00fb \u00e0 la combinaison de sa durabilit\u00e9, de son style et de son prix abordable, ce qui en fait un choix de premier ordre pour les march\u00e9s de gros \u00e0 grande \u00e9chelle.<\/p>","protected":false},"excerpt":{"rendered":"<p>This modern zinc kitchen faucet features two handles for easy control of water flow and temperature. The flexible brass design offers durability and resistance to corrosion, making it ideal for kitchen sinks in both residential and commercial settings. The faucet\u2019s sleek and modern design adds an aesthetic appeal to any kitchen, while its functionality ensures\u2026<\/p>","protected":false},"featured_media":14014,"template":"","meta":{"_acf_changed":false,"_kad_post_transparent":"default","_kad_post_title":"","_kad_post_layout":"default","_kad_post_sidebar_id":"","_kad_post_content_style":"default","_kad_post_vertical_padding":"default","_kad_post_feature":"","_kad_post_feature_position":"","_kad_post_header":false,"_kad_post_footer":false},"product_brand":[],"product_cat":[102],"product_tag":[3129,3081],"class_list":{"0":"post-14009","1":"product","2":"type-product","3":"status-publish","4":"has-post-thumbnail","6":"product_cat-kitchen-faucet","7":"product_tag-plastic-kitchen-sink-faucet","8":"product_tag-zinc-kitchen-faucet","10":"first","11":"instock","12":"shipping-taxable","13":"purchasable","14":"product-type-variable","15":"wvs-archive-product-wrapper","16":"entry","17":"content-bg","18":"loop-entry"},"acf":[],"yoast_head":"<!-- This site is optimized with the Yoast SEO Premium plugin v25.4 (Yoast SEO v27.0) - https:\/\/yoast.com\/product\/yoast-seo-premium-wordpress\/ -->\n<title>Modern Style Kitchen Faucet Tap Hot Sale Zinc Kitchen Mixer with Flexible Brass Two Handles Plastic Kitchen Sink Faucet Deck - YOROOW<\/title>\n<meta name=\"description\" content=\"Modern kitchen faucet tap with zinc body and flexible brass two handles, plastic kitchen sink faucet deck-mounted, designed for practical daily use, made by Chinese manufacturers focusing on durability and affordability, primarily exported to South American and Southeast Asian markets.\" \/>\n<meta name=\"robots\" content=\"index, follow, max-snippet:-1, max-image-preview:large, max-video-preview:-1\" \/>\n<link rel=\"canonical\" href=\"https:\/\/www.yoroow.com\/fr\/detail-du-produit\/vente-chaude-robinet-de-cuisine-style-moderne-robinet-devier-de-cuisine-flexible-laiton-deux-poignees-melangeur-de-cuisine-en-pont\/\" \/>\n<meta property=\"og:locale\" content=\"fr_FR\" \/>\n<meta property=\"og:type\" content=\"article\" \/>\n<meta property=\"og:title\" content=\"Modern Style Kitchen Faucet Tap Hot Sale Zinc Kitchen Mixer with Flexible Brass Two Handles Plastic Kitchen Sink Faucet Deck\" \/>\n<meta property=\"og:description\" content=\"Modern kitchen faucet tap with zinc body and flexible brass two handles, plastic kitchen sink faucet deck-mounted, designed for practical daily use, made by Chinese manufacturers focusing on durability and affordability, primarily exported to South American and Southeast Asian markets.\" \/>\n<meta property=\"og:url\" content=\"https:\/\/www.yoroow.com\/fr\/detail-du-produit\/vente-chaude-robinet-de-cuisine-style-moderne-robinet-devier-de-cuisine-flexible-laiton-deux-poignees-melangeur-de-cuisine-en-pont\/\" \/>\n<meta property=\"og:site_name\" content=\"YOROOW\" \/>\n<meta property=\"article:publisher\" content=\"https:\/\/www.facebook.com\/people\/yoroowfaucetfactory\/61564236752362\/\" \/>\n<meta property=\"article:modified_time\" content=\"2025-05-16T01:45:47+00:00\" \/>\n<meta property=\"og:image\" content=\"https:\/\/www.yoroow.com\/wp-content\/uploads\/2025\/03\/222.jpg\" \/>\n\t<meta property=\"og:image:width\" content=\"799\" \/>\n\t<meta property=\"og:image:height\" content=\"802\" \/>\n\t<meta property=\"og:image:type\" content=\"image\/jpeg\" \/>\n<meta name=\"twitter:card\" content=\"summary_large_image\" \/>\n<meta name=\"twitter:label1\" content=\"Dur\u00e9e de lecture estim\u00e9e\" \/>\n\t<meta name=\"twitter:data1\" content=\"1 minute\" \/>\n<script type=\"application\/ld+json\" class=\"yoast-schema-graph\">{\"@context\":\"https:\/\/schema.org\",\"@graph\":[{\"@type\":\"WebPage\",\"@id\":\"https:\/\/www.yoroow.com\/fr\/detail-du-produit\/vente-chaude-robinet-de-cuisine-style-moderne-robinet-devier-de-cuisine-flexible-laiton-deux-poignees-melangeur-de-cuisine-en-pont\/\",\"url\":\"https:\/\/www.yoroow.com\/fr\/detail-du-produit\/vente-chaude-robinet-de-cuisine-style-moderne-robinet-devier-de-cuisine-flexible-laiton-deux-poignees-melangeur-de-cuisine-en-pont\/\",\"name\":\"Modern Style Kitchen Faucet Tap Hot Sale Zinc Kitchen Mixer with Flexible Brass Two Handles Plastic Kitchen Sink Faucet Deck - YOROOW\",\"isPartOf\":{\"@id\":\"https:\/\/www.yoroow.com\/fr\/#website\"},\"primaryImageOfPage\":{\"@id\":\"https:\/\/www.yoroow.com\/fr\/detail-du-produit\/vente-chaude-robinet-de-cuisine-style-moderne-robinet-devier-de-cuisine-flexible-laiton-deux-poignees-melangeur-de-cuisine-en-pont\/#primaryimage\"},\"image\":{\"@id\":\"https:\/\/www.yoroow.com\/fr\/detail-du-produit\/vente-chaude-robinet-de-cuisine-style-moderne-robinet-devier-de-cuisine-flexible-laiton-deux-poignees-melangeur-de-cuisine-en-pont\/#primaryimage\"},\"thumbnailUrl\":\"https:\/\/www.yoroow.com\/wp-content\/uploads\/2025\/03\/222.jpg\",\"datePublished\":\"2025-03-05T08:21:35+00:00\",\"dateModified\":\"2025-05-16T01:45:47+00:00\",\"description\":\"Modern kitchen faucet tap with zinc body and flexible brass two handles, plastic kitchen sink faucet deck-mounted, designed for practical daily use, made by Chinese manufacturers focusing on durability and affordability, primarily exported to South American and Southeast Asian markets.\",\"breadcrumb\":{\"@id\":\"https:\/\/www.yoroow.com\/fr\/detail-du-produit\/vente-chaude-robinet-de-cuisine-style-moderne-robinet-devier-de-cuisine-flexible-laiton-deux-poignees-melangeur-de-cuisine-en-pont\/#breadcrumb\"},\"inLanguage\":\"fr-FR\",\"potentialAction\":[{\"@type\":\"ReadAction\",\"target\":[\"https:\/\/www.yoroow.com\/fr\/detail-du-produit\/vente-chaude-robinet-de-cuisine-style-moderne-robinet-devier-de-cuisine-flexible-laiton-deux-poignees-melangeur-de-cuisine-en-pont\/\"]}]},{\"@type\":\"ImageObject\",\"inLanguage\":\"fr-FR\",\"@id\":\"https:\/\/www.yoroow.com\/fr\/detail-du-produit\/vente-chaude-robinet-de-cuisine-style-moderne-robinet-devier-de-cuisine-flexible-laiton-deux-poignees-melangeur-de-cuisine-en-pont\/#primaryimage\",\"url\":\"https:\/\/www.yoroow.com\/wp-content\/uploads\/2025\/03\/222.jpg\",\"contentUrl\":\"https:\/\/www.yoroow.com\/wp-content\/uploads\/2025\/03\/222.jpg\",\"width\":799,\"height\":802,\"caption\":\"Modern Style Kitchen Faucet Tap Hot Sale Zinc Kitchen Mixer with Flexible Brass Two Handles Plastic Kitchen Sink Faucet Deck\"},{\"@type\":\"BreadcrumbList\",\"@id\":\"https:\/\/www.yoroow.com\/fr\/detail-du-produit\/vente-chaude-robinet-de-cuisine-style-moderne-robinet-devier-de-cuisine-flexible-laiton-deux-poignees-melangeur-de-cuisine-en-pont\/#breadcrumb\",\"itemListElement\":[{\"@type\":\"ListItem\",\"position\":1,\"name\":\"home\",\"item\":\"https:\/\/www.yoroow.com\/\"},{\"@type\":\"ListItem\",\"position\":2,\"name\":\"Product\",\"item\":\"https:\/\/www.yoroow.com\/product\/\"},{\"@type\":\"ListItem\",\"position\":3,\"name\":\"Modern Style Kitchen Faucet Tap Hot Sale Zinc Kitchen Mixer with Flexible Brass Two Handles Plastic Kitchen Sink Faucet Deck\"}]},{\"@type\":\"WebSite\",\"@id\":\"https:\/\/www.yoroow.com\/fr\/#website\",\"url\":\"https:\/\/www.yoroow.com\/fr\/\",\"name\":\"YOROOW\",\"description\":\"\",\"publisher\":{\"@id\":\"https:\/\/www.yoroow.com\/fr\/#organization\"},\"potentialAction\":[{\"@type\":\"SearchAction\",\"target\":{\"@type\":\"EntryPoint\",\"urlTemplate\":\"https:\/\/www.yoroow.com\/fr\/?s={search_term_string}\"},\"query-input\":{\"@type\":\"PropertyValueSpecification\",\"valueRequired\":true,\"valueName\":\"search_term_string\"}}],\"inLanguage\":\"fr-FR\"},{\"@type\":\"Organization\",\"@id\":\"https:\/\/www.yoroow.com\/fr\/#organization\",\"name\":\"YOROOW\",\"url\":\"https:\/\/www.yoroow.com\/fr\/\",\"logo\":{\"@type\":\"ImageObject\",\"inLanguage\":\"fr-FR\",\"@id\":\"https:\/\/www.yoroow.com\/fr\/#\/schema\/logo\/image\/\",\"url\":\"https:\/\/www.yoroow.com\/wp-content\/uploads\/2024\/12\/2024123007131061.png\",\"contentUrl\":\"https:\/\/www.yoroow.com\/wp-content\/uploads\/2024\/12\/2024123007131061.png\",\"width\":168,\"height\":27,\"caption\":\"YOROOW\"},\"image\":{\"@id\":\"https:\/\/www.yoroow.com\/fr\/#\/schema\/logo\/image\/\"},\"sameAs\":[\"https:\/\/www.facebook.com\/people\/yoroowfaucetfactory\/61564236752362\/\"]}]}<\/script>\n<!-- \/ Yoast SEO Premium plugin. -->","yoast_head_json":{"title":"Modern Style Kitchen Faucet Tap Hot Sale Zinc Kitchen Mixer with Flexible Brass Two Handles Plastic Kitchen Sink Faucet Deck - YOROOW","description":"Modern kitchen faucet tap with zinc body and flexible brass two handles, plastic kitchen sink faucet deck-mounted, designed for practical daily use, made by Chinese manufacturers focusing on durability and affordability, primarily exported to South American and Southeast Asian markets.","robots":{"index":"index","follow":"follow","max-snippet":"max-snippet:-1","max-image-preview":"max-image-preview:large","max-video-preview":"max-video-preview:-1"},"canonical":"https:\/\/www.yoroow.com\/fr\/detail-du-produit\/vente-chaude-robinet-de-cuisine-style-moderne-robinet-devier-de-cuisine-flexible-laiton-deux-poignees-melangeur-de-cuisine-en-pont\/","og_locale":"fr_FR","og_type":"article","og_title":"Modern Style Kitchen Faucet Tap Hot Sale Zinc Kitchen Mixer with Flexible Brass Two Handles Plastic Kitchen Sink Faucet Deck","og_description":"Modern kitchen faucet tap with zinc body and flexible brass two handles, plastic kitchen sink faucet deck-mounted, designed for practical daily use, made by Chinese manufacturers focusing on durability and affordability, primarily exported to South American and Southeast Asian markets.","og_url":"https:\/\/www.yoroow.com\/fr\/detail-du-produit\/vente-chaude-robinet-de-cuisine-style-moderne-robinet-devier-de-cuisine-flexible-laiton-deux-poignees-melangeur-de-cuisine-en-pont\/","og_site_name":"YOROOW","article_publisher":"https:\/\/www.facebook.com\/people\/yoroowfaucetfactory\/61564236752362\/","article_modified_time":"2025-05-16T01:45:47+00:00","og_image":[{"width":799,"height":802,"url":"https:\/\/www.yoroow.com\/wp-content\/uploads\/2025\/03\/222.jpg","type":"image\/jpeg"}],"twitter_card":"summary_large_image","twitter_misc":{"Dur\u00e9e de lecture estim\u00e9e":"1 minute"},"schema":{"@context":"https:\/\/schema.org","@graph":[{"@type":"WebPage","@id":"https:\/\/www.yoroow.com\/fr\/detail-du-produit\/vente-chaude-robinet-de-cuisine-style-moderne-robinet-devier-de-cuisine-flexible-laiton-deux-poignees-melangeur-de-cuisine-en-pont\/","url":"https:\/\/www.yoroow.com\/fr\/detail-du-produit\/vente-chaude-robinet-de-cuisine-style-moderne-robinet-devier-de-cuisine-flexible-laiton-deux-poignees-melangeur-de-cuisine-en-pont\/","name":"Modern Style Kitchen Faucet Tap Hot Sale Zinc Kitchen Mixer with Flexible Brass Two Handles Plastic Kitchen Sink Faucet Deck - YOROOW","isPartOf":{"@id":"https:\/\/www.yoroow.com\/fr\/#website"},"primaryImageOfPage":{"@id":"https:\/\/www.yoroow.com\/fr\/detail-du-produit\/vente-chaude-robinet-de-cuisine-style-moderne-robinet-devier-de-cuisine-flexible-laiton-deux-poignees-melangeur-de-cuisine-en-pont\/#primaryimage"},"image":{"@id":"https:\/\/www.yoroow.com\/fr\/detail-du-produit\/vente-chaude-robinet-de-cuisine-style-moderne-robinet-devier-de-cuisine-flexible-laiton-deux-poignees-melangeur-de-cuisine-en-pont\/#primaryimage"},"thumbnailUrl":"https:\/\/www.yoroow.com\/wp-content\/uploads\/2025\/03\/222.jpg","datePublished":"2025-03-05T08:21:35+00:00","dateModified":"2025-05-16T01:45:47+00:00","description":"Modern kitchen faucet tap with zinc body and flexible brass two handles, plastic kitchen sink faucet deck-mounted, designed for practical daily use, made by Chinese manufacturers focusing on durability and affordability, primarily exported to South American and Southeast Asian markets.","breadcrumb":{"@id":"https:\/\/www.yoroow.com\/fr\/detail-du-produit\/vente-chaude-robinet-de-cuisine-style-moderne-robinet-devier-de-cuisine-flexible-laiton-deux-poignees-melangeur-de-cuisine-en-pont\/#breadcrumb"},"inLanguage":"fr-FR","potentialAction":[{"@type":"ReadAction","target":["https:\/\/www.yoroow.com\/fr\/detail-du-produit\/vente-chaude-robinet-de-cuisine-style-moderne-robinet-devier-de-cuisine-flexible-laiton-deux-poignees-melangeur-de-cuisine-en-pont\/"]}]},{"@type":"ImageObject","inLanguage":"fr-FR","@id":"https:\/\/www.yoroow.com\/fr\/detail-du-produit\/vente-chaude-robinet-de-cuisine-style-moderne-robinet-devier-de-cuisine-flexible-laiton-deux-poignees-melangeur-de-cuisine-en-pont\/#primaryimage","url":"https:\/\/www.yoroow.com\/wp-content\/uploads\/2025\/03\/222.jpg","contentUrl":"https:\/\/www.yoroow.com\/wp-content\/uploads\/2025\/03\/222.jpg","width":799,"height":802,"caption":"Modern Style Kitchen Faucet Tap Hot Sale Zinc Kitchen Mixer with Flexible Brass Two Handles Plastic Kitchen Sink Faucet Deck"},{"@type":"BreadcrumbList","@id":"https:\/\/www.yoroow.com\/fr\/detail-du-produit\/vente-chaude-robinet-de-cuisine-style-moderne-robinet-devier-de-cuisine-flexible-laiton-deux-poignees-melangeur-de-cuisine-en-pont\/#breadcrumb","itemListElement":[{"@type":"ListItem","position":1,"name":"home","item":"https:\/\/www.yoroow.com\/"},{"@type":"ListItem","position":2,"name":"Product","item":"https:\/\/www.yoroow.com\/product\/"},{"@type":"ListItem","position":3,"name":"Modern Style Kitchen Faucet Tap Hot Sale Zinc Kitchen Mixer with Flexible Brass Two Handles Plastic Kitchen Sink Faucet Deck"}]},{"@type":"WebSite","@id":"https:\/\/www.yoroow.com\/fr\/#website","url":"https:\/\/www.yoroow.com\/fr\/","name":"YOROOW","description":"","publisher":{"@id":"https:\/\/www.yoroow.com\/fr\/#organization"},"potentialAction":[{"@type":"SearchAction","target":{"@type":"EntryPoint","urlTemplate":"https:\/\/www.yoroow.com\/fr\/?s={search_term_string}"},"query-input":{"@type":"PropertyValueSpecification","valueRequired":true,"valueName":"search_term_string"}}],"inLanguage":"fr-FR"},{"@type":"Organization","@id":"https:\/\/www.yoroow.com\/fr\/#organization","name":"YOROOW","url":"https:\/\/www.yoroow.com\/fr\/","logo":{"@type":"ImageObject","inLanguage":"fr-FR","@id":"https:\/\/www.yoroow.com\/fr\/#\/schema\/logo\/image\/","url":"https:\/\/www.yoroow.com\/wp-content\/uploads\/2024\/12\/2024123007131061.png","contentUrl":"https:\/\/www.yoroow.com\/wp-content\/uploads\/2024\/12\/2024123007131061.png","width":168,"height":27,"caption":"YOROOW"},"image":{"@id":"https:\/\/www.yoroow.com\/fr\/#\/schema\/logo\/image\/"},"sameAs":["https:\/\/www.facebook.com\/people\/yoroowfaucetfactory\/61564236752362\/"]}]}},"_links":{"self":[{"href":"https:\/\/www.yoroow.com\/fr\/wp-json\/wp\/v2\/product\/14009","targetHints":{"allow":["GET"]}}],"collection":[{"href":"https:\/\/www.yoroow.com\/fr\/wp-json\/wp\/v2\/product"}],"about":[{"href":"https:\/\/www.yoroow.com\/fr\/wp-json\/wp\/v2\/types\/product"}],"wp:featuredmedia":[{"embeddable":true,"href":"https:\/\/www.yoroow.com\/fr\/wp-json\/wp\/v2\/media\/14014"}],"wp:attachment":[{"href":"https:\/\/www.yoroow.com\/fr\/wp-json\/wp\/v2\/media?parent=14009"}],"wp:term":[{"taxonomy":"product_brand","embeddable":true,"href":"https:\/\/www.yoroow.com\/fr\/wp-json\/wp\/v2\/product_brand?post=14009"},{"taxonomy":"product_cat","embeddable":true,"href":"https:\/\/www.yoroow.com\/fr\/wp-json\/wp\/v2\/product_cat?post=14009"},{"taxonomy":"product_tag","embeddable":true,"href":"https:\/\/www.yoroow.com\/fr\/wp-json\/wp\/v2\/product_tag?post=14009"}],"curies":[{"name":"wp","href":"https:\/\/api.w.org\/{rel}","templated":true}]}}