{"id":13871,"date":"2025-03-04T17:00:54","date_gmt":"2025-03-04T09:00:54","guid":{"rendered":"https:\/\/www.yoroow.com\/?post_type=product&#038;p=13871"},"modified":"2025-05-16T09:45:38","modified_gmt":"2025-05-16T01:45:38","slug":"robinet-de-lavabo-moderne-a-une-poignee-en-cuivre-avec-corps-en-laiton-et-noyau-de-valve-en-ceramique-pour-salle-de-bain-domestique","status":"publish","type":"product","link":"https:\/\/www.yoroow.com\/fr\/detail-du-produit\/robinet-de-lavabo-moderne-a-une-poignee-en-cuivre-avec-corps-en-laiton-et-noyau-de-valve-en-ceramique-pour-salle-de-bain-domestique\/","title":{"rendered":"Robinet de lavabo en bronze antique design moderne en laiton cuivre pour la maison et la salle de bain"},"content":{"rendered":"<p>Ce robinet de lavabo en chrome antique est dot\u00e9 d'une seule poign\u00e9e, ce qui permet de contr\u00f4ler facilement l'eau froide et l'eau chaude. L'esth\u00e9tique vintage est compl\u00e9t\u00e9e par une fonctionnalit\u00e9 moderne, ce qui en fait un choix polyvalent pour les styles de salle de bains traditionnels et contemporains. Sa construction robuste en laiton garantit une durabilit\u00e9 \u00e0 long terme et une r\u00e9sistance \u00e0 la corrosion. Ce robinet convient aux salles de bains r\u00e9sidentielles et aux h\u00f4tels, offrant \u00e0 la fois style et praticit\u00e9. Fabriqu\u00e9 en Chine, ce robinet b\u00e9n\u00e9ficie de la rentabilit\u00e9 de l'usine et d'un d\u00e9lai de production rapide. Sa popularit\u00e9 en Am\u00e9rique du Sud et en Asie du Sud-Est s'explique par la demande de robinets de style classique abordables, de haute qualit\u00e9, d'une excellente durabilit\u00e9 et d'un prix comp\u00e9titif.<\/p>","protected":false},"excerpt":{"rendered":"<p>Ce robinet de lavabo en chrome antique est dot\u00e9 d'une seule poign\u00e9e, ce qui permet de contr\u00f4ler facilement l'eau froide et l'eau chaude. L'esth\u00e9tique vintage est compl\u00e9t\u00e9e par une fonctionnalit\u00e9 moderne, ce qui en fait un choix polyvalent pour les styles de salle de bains traditionnels et contemporains. Sa construction robuste en laiton garantit une durabilit\u00e9 \u00e0 long terme et une r\u00e9sistance \u00e0 la corrosion. Ce robinet convient aux salles de bains r\u00e9sidentielles...<\/p>","protected":false},"featured_media":13875,"template":"","meta":{"_acf_changed":false,"_kad_post_transparent":"default","_kad_post_title":"","_kad_post_layout":"default","_kad_post_sidebar_id":"","_kad_post_content_style":"default","_kad_post_vertical_padding":"default","_kad_post_feature":"","_kad_post_feature_position":"","_kad_post_header":false,"_kad_post_footer":false},"product_brand":[],"product_cat":[238],"product_tag":[5273,5897],"class_list":{"0":"post-13871","1":"product","2":"type-product","3":"status-publish","4":"has-post-thumbnail","6":"product_cat-mixer-basin-faucet","7":"product_tag-antique-bathroom-basin-faucet","8":"product_tag-antique-bronze-brass-wash-basin-faucet","10":"first","11":"instock","12":"shipping-taxable","13":"purchasable","14":"product-type-variable","15":"wvs-archive-product-wrapper","16":"entry","17":"content-bg","18":"loop-entry"},"acf":[],"yoast_head":"<!-- This site is optimized with the Yoast SEO Premium plugin v25.4 (Yoast SEO v27.0) - https:\/\/yoast.com\/product\/yoast-seo-premium-wordpress\/ -->\n<title>Antique Bronze Basin Faucet Modern Single-Handle Gun Grey Design Premium Copper Brass for Home Bathroom - YOROOW<\/title>\n<meta name=\"description\" content=\"Antique bronze basin faucet with modern single-handle gun grey design crafted from premium copper brass, perfect for home bathrooms needing vintage style, produced by experienced Chinese manufacturers with strict quality control, targeted for export to South America and Southeast Asia.\" \/>\n<meta name=\"robots\" content=\"index, follow, max-snippet:-1, max-image-preview:large, max-video-preview:-1\" \/>\n<link rel=\"canonical\" href=\"https:\/\/www.yoroow.com\/fr\/detail-du-produit\/robinet-de-lavabo-moderne-a-une-poignee-en-cuivre-avec-corps-en-laiton-et-noyau-de-valve-en-ceramique-pour-salle-de-bain-domestique\/\" \/>\n<meta property=\"og:locale\" content=\"fr_FR\" \/>\n<meta property=\"og:type\" content=\"article\" \/>\n<meta property=\"og:title\" content=\"Antique Bronze Basin Faucet Modern Single-Handle Gun Grey Design Premium Copper Brass for Home Bathroom\" \/>\n<meta property=\"og:description\" content=\"Antique bronze basin faucet with modern single-handle gun grey design crafted from premium copper brass, perfect for home bathrooms needing vintage style, produced by experienced Chinese manufacturers with strict quality control, targeted for export to South America and Southeast Asia.\" \/>\n<meta property=\"og:url\" content=\"https:\/\/www.yoroow.com\/fr\/detail-du-produit\/robinet-de-lavabo-moderne-a-une-poignee-en-cuivre-avec-corps-en-laiton-et-noyau-de-valve-en-ceramique-pour-salle-de-bain-domestique\/\" \/>\n<meta property=\"og:site_name\" content=\"YOROOW\" \/>\n<meta property=\"article:publisher\" content=\"https:\/\/www.facebook.com\/people\/yoroowfaucetfactory\/61564236752362\/\" \/>\n<meta property=\"article:modified_time\" content=\"2025-05-16T01:45:38+00:00\" \/>\n<meta property=\"og:image\" content=\"https:\/\/www.yoroow.com\/wp-content\/uploads\/2025\/03\/4958B7C1-53A2-4C39-B90E-B7ADCA871257.jpeg\" \/>\n\t<meta property=\"og:image:width\" content=\"624\" \/>\n\t<meta property=\"og:image:height\" content=\"631\" \/>\n\t<meta property=\"og:image:type\" content=\"image\/jpeg\" \/>\n<meta name=\"twitter:card\" content=\"summary_large_image\" \/>\n<meta name=\"twitter:label1\" content=\"Dur\u00e9e de lecture estim\u00e9e\" \/>\n\t<meta name=\"twitter:data1\" content=\"1 minute\" \/>\n<script type=\"application\/ld+json\" class=\"yoast-schema-graph\">{\"@context\":\"https:\/\/schema.org\",\"@graph\":[{\"@type\":\"WebPage\",\"@id\":\"https:\/\/www.yoroow.com\/fr\/detail-du-produit\/robinet-de-lavabo-moderne-a-une-poignee-en-cuivre-avec-corps-en-laiton-et-noyau-de-valve-en-ceramique-pour-salle-de-bain-domestique\/\",\"url\":\"https:\/\/www.yoroow.com\/fr\/detail-du-produit\/robinet-de-lavabo-moderne-a-une-poignee-en-cuivre-avec-corps-en-laiton-et-noyau-de-valve-en-ceramique-pour-salle-de-bain-domestique\/\",\"name\":\"Antique Bronze Basin Faucet Modern Single-Handle Gun Grey Design Premium Copper Brass for Home Bathroom - YOROOW\",\"isPartOf\":{\"@id\":\"https:\/\/www.yoroow.com\/fr\/#website\"},\"primaryImageOfPage\":{\"@id\":\"https:\/\/www.yoroow.com\/fr\/detail-du-produit\/robinet-de-lavabo-moderne-a-une-poignee-en-cuivre-avec-corps-en-laiton-et-noyau-de-valve-en-ceramique-pour-salle-de-bain-domestique\/#primaryimage\"},\"image\":{\"@id\":\"https:\/\/www.yoroow.com\/fr\/detail-du-produit\/robinet-de-lavabo-moderne-a-une-poignee-en-cuivre-avec-corps-en-laiton-et-noyau-de-valve-en-ceramique-pour-salle-de-bain-domestique\/#primaryimage\"},\"thumbnailUrl\":\"https:\/\/www.yoroow.com\/wp-content\/uploads\/2025\/03\/4958B7C1-53A2-4C39-B90E-B7ADCA871257.jpeg\",\"datePublished\":\"2025-03-04T09:00:54+00:00\",\"dateModified\":\"2025-05-16T01:45:38+00:00\",\"description\":\"Antique bronze basin faucet with modern single-handle gun grey design crafted from premium copper brass, perfect for home bathrooms needing vintage style, produced by experienced Chinese manufacturers with strict quality control, targeted for export to South America and Southeast Asia.\",\"breadcrumb\":{\"@id\":\"https:\/\/www.yoroow.com\/fr\/detail-du-produit\/robinet-de-lavabo-moderne-a-une-poignee-en-cuivre-avec-corps-en-laiton-et-noyau-de-valve-en-ceramique-pour-salle-de-bain-domestique\/#breadcrumb\"},\"inLanguage\":\"fr-FR\",\"potentialAction\":[{\"@type\":\"ReadAction\",\"target\":[\"https:\/\/www.yoroow.com\/fr\/detail-du-produit\/robinet-de-lavabo-moderne-a-une-poignee-en-cuivre-avec-corps-en-laiton-et-noyau-de-valve-en-ceramique-pour-salle-de-bain-domestique\/\"]}]},{\"@type\":\"ImageObject\",\"inLanguage\":\"fr-FR\",\"@id\":\"https:\/\/www.yoroow.com\/fr\/detail-du-produit\/robinet-de-lavabo-moderne-a-une-poignee-en-cuivre-avec-corps-en-laiton-et-noyau-de-valve-en-ceramique-pour-salle-de-bain-domestique\/#primaryimage\",\"url\":\"https:\/\/www.yoroow.com\/wp-content\/uploads\/2025\/03\/4958B7C1-53A2-4C39-B90E-B7ADCA871257.jpeg\",\"contentUrl\":\"https:\/\/www.yoroow.com\/wp-content\/uploads\/2025\/03\/4958B7C1-53A2-4C39-B90E-B7ADCA871257.jpeg\",\"width\":624,\"height\":631,\"caption\":\"Antique Bronze Basin Faucet Modern Single-Handle Gun Grey Design Premium Copper Brass for Home Bathroom\"},{\"@type\":\"BreadcrumbList\",\"@id\":\"https:\/\/www.yoroow.com\/fr\/detail-du-produit\/robinet-de-lavabo-moderne-a-une-poignee-en-cuivre-avec-corps-en-laiton-et-noyau-de-valve-en-ceramique-pour-salle-de-bain-domestique\/#breadcrumb\",\"itemListElement\":[{\"@type\":\"ListItem\",\"position\":1,\"name\":\"home\",\"item\":\"https:\/\/www.yoroow.com\/\"},{\"@type\":\"ListItem\",\"position\":2,\"name\":\"Product\",\"item\":\"https:\/\/www.yoroow.com\/product\/\"},{\"@type\":\"ListItem\",\"position\":3,\"name\":\"Antique Bronze Basin Faucet Modern Single-Handle Gun Grey Design Premium Copper Brass for Home Bathroom\"}]},{\"@type\":\"WebSite\",\"@id\":\"https:\/\/www.yoroow.com\/fr\/#website\",\"url\":\"https:\/\/www.yoroow.com\/fr\/\",\"name\":\"YOROOW\",\"description\":\"\",\"publisher\":{\"@id\":\"https:\/\/www.yoroow.com\/fr\/#organization\"},\"potentialAction\":[{\"@type\":\"SearchAction\",\"target\":{\"@type\":\"EntryPoint\",\"urlTemplate\":\"https:\/\/www.yoroow.com\/fr\/?s={search_term_string}\"},\"query-input\":{\"@type\":\"PropertyValueSpecification\",\"valueRequired\":true,\"valueName\":\"search_term_string\"}}],\"inLanguage\":\"fr-FR\"},{\"@type\":\"Organization\",\"@id\":\"https:\/\/www.yoroow.com\/fr\/#organization\",\"name\":\"YOROOW\",\"url\":\"https:\/\/www.yoroow.com\/fr\/\",\"logo\":{\"@type\":\"ImageObject\",\"inLanguage\":\"fr-FR\",\"@id\":\"https:\/\/www.yoroow.com\/fr\/#\/schema\/logo\/image\/\",\"url\":\"https:\/\/www.yoroow.com\/wp-content\/uploads\/2024\/12\/2024123007131061.png\",\"contentUrl\":\"https:\/\/www.yoroow.com\/wp-content\/uploads\/2024\/12\/2024123007131061.png\",\"width\":168,\"height\":27,\"caption\":\"YOROOW\"},\"image\":{\"@id\":\"https:\/\/www.yoroow.com\/fr\/#\/schema\/logo\/image\/\"},\"sameAs\":[\"https:\/\/www.facebook.com\/people\/yoroowfaucetfactory\/61564236752362\/\"]}]}<\/script>\n<!-- \/ Yoast SEO Premium plugin. -->","yoast_head_json":{"title":"Antique Bronze Basin Faucet Modern Single-Handle Gun Grey Design Premium Copper Brass for Home Bathroom - YOROOW","description":"Antique bronze basin faucet with modern single-handle gun grey design crafted from premium copper brass, perfect for home bathrooms needing vintage style, produced by experienced Chinese manufacturers with strict quality control, targeted for export to South America and Southeast Asia.","robots":{"index":"index","follow":"follow","max-snippet":"max-snippet:-1","max-image-preview":"max-image-preview:large","max-video-preview":"max-video-preview:-1"},"canonical":"https:\/\/www.yoroow.com\/fr\/detail-du-produit\/robinet-de-lavabo-moderne-a-une-poignee-en-cuivre-avec-corps-en-laiton-et-noyau-de-valve-en-ceramique-pour-salle-de-bain-domestique\/","og_locale":"fr_FR","og_type":"article","og_title":"Antique Bronze Basin Faucet Modern Single-Handle Gun Grey Design Premium Copper Brass for Home Bathroom","og_description":"Antique bronze basin faucet with modern single-handle gun grey design crafted from premium copper brass, perfect for home bathrooms needing vintage style, produced by experienced Chinese manufacturers with strict quality control, targeted for export to South America and Southeast Asia.","og_url":"https:\/\/www.yoroow.com\/fr\/detail-du-produit\/robinet-de-lavabo-moderne-a-une-poignee-en-cuivre-avec-corps-en-laiton-et-noyau-de-valve-en-ceramique-pour-salle-de-bain-domestique\/","og_site_name":"YOROOW","article_publisher":"https:\/\/www.facebook.com\/people\/yoroowfaucetfactory\/61564236752362\/","article_modified_time":"2025-05-16T01:45:38+00:00","og_image":[{"width":624,"height":631,"url":"https:\/\/www.yoroow.com\/wp-content\/uploads\/2025\/03\/4958B7C1-53A2-4C39-B90E-B7ADCA871257.jpeg","type":"image\/jpeg"}],"twitter_card":"summary_large_image","twitter_misc":{"Dur\u00e9e de lecture estim\u00e9e":"1 minute"},"schema":{"@context":"https:\/\/schema.org","@graph":[{"@type":"WebPage","@id":"https:\/\/www.yoroow.com\/fr\/detail-du-produit\/robinet-de-lavabo-moderne-a-une-poignee-en-cuivre-avec-corps-en-laiton-et-noyau-de-valve-en-ceramique-pour-salle-de-bain-domestique\/","url":"https:\/\/www.yoroow.com\/fr\/detail-du-produit\/robinet-de-lavabo-moderne-a-une-poignee-en-cuivre-avec-corps-en-laiton-et-noyau-de-valve-en-ceramique-pour-salle-de-bain-domestique\/","name":"Antique Bronze Basin Faucet Modern Single-Handle Gun Grey Design Premium Copper Brass for Home Bathroom - YOROOW","isPartOf":{"@id":"https:\/\/www.yoroow.com\/fr\/#website"},"primaryImageOfPage":{"@id":"https:\/\/www.yoroow.com\/fr\/detail-du-produit\/robinet-de-lavabo-moderne-a-une-poignee-en-cuivre-avec-corps-en-laiton-et-noyau-de-valve-en-ceramique-pour-salle-de-bain-domestique\/#primaryimage"},"image":{"@id":"https:\/\/www.yoroow.com\/fr\/detail-du-produit\/robinet-de-lavabo-moderne-a-une-poignee-en-cuivre-avec-corps-en-laiton-et-noyau-de-valve-en-ceramique-pour-salle-de-bain-domestique\/#primaryimage"},"thumbnailUrl":"https:\/\/www.yoroow.com\/wp-content\/uploads\/2025\/03\/4958B7C1-53A2-4C39-B90E-B7ADCA871257.jpeg","datePublished":"2025-03-04T09:00:54+00:00","dateModified":"2025-05-16T01:45:38+00:00","description":"Antique bronze basin faucet with modern single-handle gun grey design crafted from premium copper brass, perfect for home bathrooms needing vintage style, produced by experienced Chinese manufacturers with strict quality control, targeted for export to South America and Southeast Asia.","breadcrumb":{"@id":"https:\/\/www.yoroow.com\/fr\/detail-du-produit\/robinet-de-lavabo-moderne-a-une-poignee-en-cuivre-avec-corps-en-laiton-et-noyau-de-valve-en-ceramique-pour-salle-de-bain-domestique\/#breadcrumb"},"inLanguage":"fr-FR","potentialAction":[{"@type":"ReadAction","target":["https:\/\/www.yoroow.com\/fr\/detail-du-produit\/robinet-de-lavabo-moderne-a-une-poignee-en-cuivre-avec-corps-en-laiton-et-noyau-de-valve-en-ceramique-pour-salle-de-bain-domestique\/"]}]},{"@type":"ImageObject","inLanguage":"fr-FR","@id":"https:\/\/www.yoroow.com\/fr\/detail-du-produit\/robinet-de-lavabo-moderne-a-une-poignee-en-cuivre-avec-corps-en-laiton-et-noyau-de-valve-en-ceramique-pour-salle-de-bain-domestique\/#primaryimage","url":"https:\/\/www.yoroow.com\/wp-content\/uploads\/2025\/03\/4958B7C1-53A2-4C39-B90E-B7ADCA871257.jpeg","contentUrl":"https:\/\/www.yoroow.com\/wp-content\/uploads\/2025\/03\/4958B7C1-53A2-4C39-B90E-B7ADCA871257.jpeg","width":624,"height":631,"caption":"Antique Bronze Basin Faucet Modern Single-Handle Gun Grey Design Premium Copper Brass for Home Bathroom"},{"@type":"BreadcrumbList","@id":"https:\/\/www.yoroow.com\/fr\/detail-du-produit\/robinet-de-lavabo-moderne-a-une-poignee-en-cuivre-avec-corps-en-laiton-et-noyau-de-valve-en-ceramique-pour-salle-de-bain-domestique\/#breadcrumb","itemListElement":[{"@type":"ListItem","position":1,"name":"home","item":"https:\/\/www.yoroow.com\/"},{"@type":"ListItem","position":2,"name":"Product","item":"https:\/\/www.yoroow.com\/product\/"},{"@type":"ListItem","position":3,"name":"Antique Bronze Basin Faucet Modern Single-Handle Gun Grey Design Premium Copper Brass for Home Bathroom"}]},{"@type":"WebSite","@id":"https:\/\/www.yoroow.com\/fr\/#website","url":"https:\/\/www.yoroow.com\/fr\/","name":"YOROOW","description":"","publisher":{"@id":"https:\/\/www.yoroow.com\/fr\/#organization"},"potentialAction":[{"@type":"SearchAction","target":{"@type":"EntryPoint","urlTemplate":"https:\/\/www.yoroow.com\/fr\/?s={search_term_string}"},"query-input":{"@type":"PropertyValueSpecification","valueRequired":true,"valueName":"search_term_string"}}],"inLanguage":"fr-FR"},{"@type":"Organization","@id":"https:\/\/www.yoroow.com\/fr\/#organization","name":"YOROOW","url":"https:\/\/www.yoroow.com\/fr\/","logo":{"@type":"ImageObject","inLanguage":"fr-FR","@id":"https:\/\/www.yoroow.com\/fr\/#\/schema\/logo\/image\/","url":"https:\/\/www.yoroow.com\/wp-content\/uploads\/2024\/12\/2024123007131061.png","contentUrl":"https:\/\/www.yoroow.com\/wp-content\/uploads\/2024\/12\/2024123007131061.png","width":168,"height":27,"caption":"YOROOW"},"image":{"@id":"https:\/\/www.yoroow.com\/fr\/#\/schema\/logo\/image\/"},"sameAs":["https:\/\/www.facebook.com\/people\/yoroowfaucetfactory\/61564236752362\/"]}]}},"_links":{"self":[{"href":"https:\/\/www.yoroow.com\/fr\/wp-json\/wp\/v2\/product\/13871","targetHints":{"allow":["GET"]}}],"collection":[{"href":"https:\/\/www.yoroow.com\/fr\/wp-json\/wp\/v2\/product"}],"about":[{"href":"https:\/\/www.yoroow.com\/fr\/wp-json\/wp\/v2\/types\/product"}],"wp:featuredmedia":[{"embeddable":true,"href":"https:\/\/www.yoroow.com\/fr\/wp-json\/wp\/v2\/media\/13875"}],"wp:attachment":[{"href":"https:\/\/www.yoroow.com\/fr\/wp-json\/wp\/v2\/media?parent=13871"}],"wp:term":[{"taxonomy":"product_brand","embeddable":true,"href":"https:\/\/www.yoroow.com\/fr\/wp-json\/wp\/v2\/product_brand?post=13871"},{"taxonomy":"product_cat","embeddable":true,"href":"https:\/\/www.yoroow.com\/fr\/wp-json\/wp\/v2\/product_cat?post=13871"},{"taxonomy":"product_tag","embeddable":true,"href":"https:\/\/www.yoroow.com\/fr\/wp-json\/wp\/v2\/product_tag?post=13871"}],"curies":[{"name":"wp","href":"https:\/\/api.w.org\/{rel}","templated":true}]}}