{"id":13550,"date":"2025-02-28T17:17:29","date_gmt":"2025-02-28T09:17:29","guid":{"rendered":"https:\/\/www.yoroow.com\/?post_type=product&#038;p=13550"},"modified":"2025-05-16T09:45:29","modified_gmt":"2025-05-16T01:45:29","slug":"pomme-de-douche-pluie-en-plastique-pour-salle-de-bain-accessoires-filtre-pour-douche-pluie-pomme-de-douche-ronde","status":"publish","type":"product","link":"https:\/\/www.yoroow.com\/fr\/detail-du-produit\/pomme-de-douche-pluie-en-plastique-pour-salle-de-bain-accessoires-filtre-pour-douche-pluie-pomme-de-douche-ronde\/","title":{"rendered":"Douche de pluie portable avec filtre en plastique Accessoires de salle de bain Top-Gerne Robinet de bain et de douche de Chine"},"content":{"rendered":"<p>Cette pomme de douche portative est con\u00e7ue pour \u00eatre pratique et durable. Elle est fabriqu\u00e9e \u00e0 partir d'un mat\u00e9riau plastique de haute qualit\u00e9. Le filtre sup\u00e9rieur assure un d\u00e9bit d'eau plus propre, ce qui la rend id\u00e9ale pour les r\u00e9gions o\u00f9 l'eau est dure. Cette pomme de douche convient aux salles de bains r\u00e9sidentielles et h\u00f4teli\u00e8res et offre une exp\u00e9rience rafra\u00eechissante de la pluie. Sa l\u00e9g\u00e8ret\u00e9 la rend facile \u00e0 d\u00e9placer et \u00e0 installer, ce qui permet d'am\u00e9liorer sans probl\u00e8me la qualit\u00e9 de la salle de bains. Le produit est fabriqu\u00e9 en Chine et se concentre sur des solutions rentables, garantissant une haute qualit\u00e9 \u00e0 des prix comp\u00e9titifs. Les capacit\u00e9s de l'usine \u00e0 produire des accessoires de salle de bains durables et abordables sont un avantage pour les march\u00e9s d'Am\u00e9rique du Sud et d'Asie du Sud-Est, offrant des importations fiables avec une exp\u00e9dition rapide et des commandes en vrac flexibles.<\/p>","protected":false},"excerpt":{"rendered":"<p>This portable rain shower head is designed for convenience and durability, made with high-quality plastic material. The filter top ensures cleaner water flow, making it ideal for areas with hard water. This shower head is suitable for both residential and hotel bathrooms, providing a refreshing rainfall experience. The lightweight design makes it easy to move\u2026<\/p>","protected":false},"featured_media":13545,"template":"","meta":{"_acf_changed":false,"_kad_post_transparent":"default","_kad_post_title":"","_kad_post_layout":"default","_kad_post_sidebar_id":"","_kad_post_content_style":"default","_kad_post_vertical_padding":"default","_kad_post_feature":"","_kad_post_feature_position":"","_kad_post_header":false,"_kad_post_footer":false},"product_brand":[],"product_cat":[236],"product_tag":[4012,4320],"class_list":{"0":"post-13550","1":"product","2":"type-product","3":"status-publish","4":"has-post-thumbnail","6":"product_cat-shower-head-hand","7":"product_tag-portable-shower-head","8":"product_tag-shower-head-made-in-china","10":"first","11":"instock","12":"shipping-taxable","13":"purchasable","14":"product-type-variable","15":"wvs-archive-product-wrapper","16":"entry","17":"content-bg","18":"loop-entry"},"acf":[],"yoast_head":"<!-- This site is optimized with the Yoast SEO Premium plugin v25.4 (Yoast SEO v27.0) - https:\/\/yoast.com\/product\/yoast-seo-premium-wordpress\/ -->\n<title>Factory-Made Portable Rain Shower Head with Filter Top Plastic Bathroom Accessories Top-Gerne Bath &amp; Shower Faucet from China - YOROOW<\/title>\n<meta name=\"description\" content=\"Factory-made portable rain shower head with filter, top plastic bathroom accessory. Popular bath and shower faucet from China, lightweight and easy to install. Exported to South America and Southeast Asia with competitive pricing.\" \/>\n<meta name=\"robots\" content=\"index, follow, max-snippet:-1, max-image-preview:large, max-video-preview:-1\" \/>\n<link rel=\"canonical\" href=\"https:\/\/www.yoroow.com\/fr\/detail-du-produit\/pomme-de-douche-pluie-en-plastique-pour-salle-de-bain-accessoires-filtre-pour-douche-pluie-pomme-de-douche-ronde\/\" \/>\n<meta property=\"og:locale\" content=\"fr_FR\" \/>\n<meta property=\"og:type\" content=\"article\" \/>\n<meta property=\"og:title\" content=\"Factory-Made Portable Rain Shower Head with Filter Top Plastic Bathroom Accessories Top-Gerne Bath &amp; Shower Faucet from China\" \/>\n<meta property=\"og:description\" content=\"Factory-made portable rain shower head with filter, top plastic bathroom accessory. Popular bath and shower faucet from China, lightweight and easy to install. Exported to South America and Southeast Asia with competitive pricing.\" \/>\n<meta property=\"og:url\" content=\"https:\/\/www.yoroow.com\/fr\/detail-du-produit\/pomme-de-douche-pluie-en-plastique-pour-salle-de-bain-accessoires-filtre-pour-douche-pluie-pomme-de-douche-ronde\/\" \/>\n<meta property=\"og:site_name\" content=\"YOROOW\" \/>\n<meta property=\"article:publisher\" content=\"https:\/\/www.facebook.com\/people\/yoroowfaucetfactory\/61564236752362\/\" \/>\n<meta property=\"article:modified_time\" content=\"2025-05-16T01:45:29+00:00\" \/>\n<meta property=\"og:image\" content=\"https:\/\/www.yoroow.com\/wp-content\/uploads\/2025\/02\/4\u5bf8.jpg\" \/>\n\t<meta property=\"og:image:width\" content=\"519\" \/>\n\t<meta property=\"og:image:height\" content=\"519\" \/>\n\t<meta property=\"og:image:type\" content=\"image\/jpeg\" \/>\n<meta name=\"twitter:card\" content=\"summary_large_image\" \/>\n<meta name=\"twitter:label1\" content=\"Dur\u00e9e de lecture estim\u00e9e\" \/>\n\t<meta name=\"twitter:data1\" content=\"1 minute\" \/>\n<script type=\"application\/ld+json\" class=\"yoast-schema-graph\">{\"@context\":\"https:\/\/schema.org\",\"@graph\":[{\"@type\":\"WebPage\",\"@id\":\"https:\/\/www.yoroow.com\/fr\/detail-du-produit\/pomme-de-douche-pluie-en-plastique-pour-salle-de-bain-accessoires-filtre-pour-douche-pluie-pomme-de-douche-ronde\/\",\"url\":\"https:\/\/www.yoroow.com\/fr\/detail-du-produit\/pomme-de-douche-pluie-en-plastique-pour-salle-de-bain-accessoires-filtre-pour-douche-pluie-pomme-de-douche-ronde\/\",\"name\":\"Factory-Made Portable Rain Shower Head with Filter Top Plastic Bathroom Accessories Top-Gerne Bath & Shower Faucet from China - YOROOW\",\"isPartOf\":{\"@id\":\"https:\/\/www.yoroow.com\/fr\/#website\"},\"primaryImageOfPage\":{\"@id\":\"https:\/\/www.yoroow.com\/fr\/detail-du-produit\/pomme-de-douche-pluie-en-plastique-pour-salle-de-bain-accessoires-filtre-pour-douche-pluie-pomme-de-douche-ronde\/#primaryimage\"},\"image\":{\"@id\":\"https:\/\/www.yoroow.com\/fr\/detail-du-produit\/pomme-de-douche-pluie-en-plastique-pour-salle-de-bain-accessoires-filtre-pour-douche-pluie-pomme-de-douche-ronde\/#primaryimage\"},\"thumbnailUrl\":\"https:\/\/www.yoroow.com\/wp-content\/uploads\/2025\/02\/4\u5bf8.jpg\",\"datePublished\":\"2025-02-28T09:17:29+00:00\",\"dateModified\":\"2025-05-16T01:45:29+00:00\",\"description\":\"Factory-made portable rain shower head with filter, top plastic bathroom accessory. Popular bath and shower faucet from China, lightweight and easy to install. Exported to South America and Southeast Asia with competitive pricing.\",\"breadcrumb\":{\"@id\":\"https:\/\/www.yoroow.com\/fr\/detail-du-produit\/pomme-de-douche-pluie-en-plastique-pour-salle-de-bain-accessoires-filtre-pour-douche-pluie-pomme-de-douche-ronde\/#breadcrumb\"},\"inLanguage\":\"fr-FR\",\"potentialAction\":[{\"@type\":\"ReadAction\",\"target\":[\"https:\/\/www.yoroow.com\/fr\/detail-du-produit\/pomme-de-douche-pluie-en-plastique-pour-salle-de-bain-accessoires-filtre-pour-douche-pluie-pomme-de-douche-ronde\/\"]}]},{\"@type\":\"ImageObject\",\"inLanguage\":\"fr-FR\",\"@id\":\"https:\/\/www.yoroow.com\/fr\/detail-du-produit\/pomme-de-douche-pluie-en-plastique-pour-salle-de-bain-accessoires-filtre-pour-douche-pluie-pomme-de-douche-ronde\/#primaryimage\",\"url\":\"https:\/\/www.yoroow.com\/wp-content\/uploads\/2025\/02\/4\u5bf8.jpg\",\"contentUrl\":\"https:\/\/www.yoroow.com\/wp-content\/uploads\/2025\/02\/4\u5bf8.jpg\",\"width\":519,\"height\":519,\"caption\":\"Factory Bathroom Rain Shower Head Accessories Plastic Water Rainfall Shower Filter Top Round Shower Head\"},{\"@type\":\"BreadcrumbList\",\"@id\":\"https:\/\/www.yoroow.com\/fr\/detail-du-produit\/pomme-de-douche-pluie-en-plastique-pour-salle-de-bain-accessoires-filtre-pour-douche-pluie-pomme-de-douche-ronde\/#breadcrumb\",\"itemListElement\":[{\"@type\":\"ListItem\",\"position\":1,\"name\":\"home\",\"item\":\"https:\/\/www.yoroow.com\/\"},{\"@type\":\"ListItem\",\"position\":2,\"name\":\"Product\",\"item\":\"https:\/\/www.yoroow.com\/product\/\"},{\"@type\":\"ListItem\",\"position\":3,\"name\":\"Factory-Made Portable Rain Shower Head with Filter Top Plastic Bathroom Accessories Top-Gerne Bath &#038; Shower Faucet from China\"}]},{\"@type\":\"WebSite\",\"@id\":\"https:\/\/www.yoroow.com\/fr\/#website\",\"url\":\"https:\/\/www.yoroow.com\/fr\/\",\"name\":\"YOROOW\",\"description\":\"\",\"publisher\":{\"@id\":\"https:\/\/www.yoroow.com\/fr\/#organization\"},\"potentialAction\":[{\"@type\":\"SearchAction\",\"target\":{\"@type\":\"EntryPoint\",\"urlTemplate\":\"https:\/\/www.yoroow.com\/fr\/?s={search_term_string}\"},\"query-input\":{\"@type\":\"PropertyValueSpecification\",\"valueRequired\":true,\"valueName\":\"search_term_string\"}}],\"inLanguage\":\"fr-FR\"},{\"@type\":\"Organization\",\"@id\":\"https:\/\/www.yoroow.com\/fr\/#organization\",\"name\":\"YOROOW\",\"url\":\"https:\/\/www.yoroow.com\/fr\/\",\"logo\":{\"@type\":\"ImageObject\",\"inLanguage\":\"fr-FR\",\"@id\":\"https:\/\/www.yoroow.com\/fr\/#\/schema\/logo\/image\/\",\"url\":\"https:\/\/www.yoroow.com\/wp-content\/uploads\/2024\/12\/2024123007131061.png\",\"contentUrl\":\"https:\/\/www.yoroow.com\/wp-content\/uploads\/2024\/12\/2024123007131061.png\",\"width\":168,\"height\":27,\"caption\":\"YOROOW\"},\"image\":{\"@id\":\"https:\/\/www.yoroow.com\/fr\/#\/schema\/logo\/image\/\"},\"sameAs\":[\"https:\/\/www.facebook.com\/people\/yoroowfaucetfactory\/61564236752362\/\"]}]}<\/script>\n<!-- \/ Yoast SEO Premium plugin. -->","yoast_head_json":{"title":"Factory-Made Portable Rain Shower Head with Filter Top Plastic Bathroom Accessories Top-Gerne Bath & Shower Faucet from China - YOROOW","description":"Factory-made portable rain shower head with filter, top plastic bathroom accessory. Popular bath and shower faucet from China, lightweight and easy to install. Exported to South America and Southeast Asia with competitive pricing.","robots":{"index":"index","follow":"follow","max-snippet":"max-snippet:-1","max-image-preview":"max-image-preview:large","max-video-preview":"max-video-preview:-1"},"canonical":"https:\/\/www.yoroow.com\/fr\/detail-du-produit\/pomme-de-douche-pluie-en-plastique-pour-salle-de-bain-accessoires-filtre-pour-douche-pluie-pomme-de-douche-ronde\/","og_locale":"fr_FR","og_type":"article","og_title":"Factory-Made Portable Rain Shower Head with Filter Top Plastic Bathroom Accessories Top-Gerne Bath & Shower Faucet from China","og_description":"Factory-made portable rain shower head with filter, top plastic bathroom accessory. Popular bath and shower faucet from China, lightweight and easy to install. Exported to South America and Southeast Asia with competitive pricing.","og_url":"https:\/\/www.yoroow.com\/fr\/detail-du-produit\/pomme-de-douche-pluie-en-plastique-pour-salle-de-bain-accessoires-filtre-pour-douche-pluie-pomme-de-douche-ronde\/","og_site_name":"YOROOW","article_publisher":"https:\/\/www.facebook.com\/people\/yoroowfaucetfactory\/61564236752362\/","article_modified_time":"2025-05-16T01:45:29+00:00","og_image":[{"width":519,"height":519,"url":"https:\/\/www.yoroow.com\/wp-content\/uploads\/2025\/02\/4\u5bf8.jpg","type":"image\/jpeg"}],"twitter_card":"summary_large_image","twitter_misc":{"Dur\u00e9e de lecture estim\u00e9e":"1 minute"},"schema":{"@context":"https:\/\/schema.org","@graph":[{"@type":"WebPage","@id":"https:\/\/www.yoroow.com\/fr\/detail-du-produit\/pomme-de-douche-pluie-en-plastique-pour-salle-de-bain-accessoires-filtre-pour-douche-pluie-pomme-de-douche-ronde\/","url":"https:\/\/www.yoroow.com\/fr\/detail-du-produit\/pomme-de-douche-pluie-en-plastique-pour-salle-de-bain-accessoires-filtre-pour-douche-pluie-pomme-de-douche-ronde\/","name":"Factory-Made Portable Rain Shower Head with Filter Top Plastic Bathroom Accessories Top-Gerne Bath & Shower Faucet from China - YOROOW","isPartOf":{"@id":"https:\/\/www.yoroow.com\/fr\/#website"},"primaryImageOfPage":{"@id":"https:\/\/www.yoroow.com\/fr\/detail-du-produit\/pomme-de-douche-pluie-en-plastique-pour-salle-de-bain-accessoires-filtre-pour-douche-pluie-pomme-de-douche-ronde\/#primaryimage"},"image":{"@id":"https:\/\/www.yoroow.com\/fr\/detail-du-produit\/pomme-de-douche-pluie-en-plastique-pour-salle-de-bain-accessoires-filtre-pour-douche-pluie-pomme-de-douche-ronde\/#primaryimage"},"thumbnailUrl":"https:\/\/www.yoroow.com\/wp-content\/uploads\/2025\/02\/4\u5bf8.jpg","datePublished":"2025-02-28T09:17:29+00:00","dateModified":"2025-05-16T01:45:29+00:00","description":"Factory-made portable rain shower head with filter, top plastic bathroom accessory. Popular bath and shower faucet from China, lightweight and easy to install. Exported to South America and Southeast Asia with competitive pricing.","breadcrumb":{"@id":"https:\/\/www.yoroow.com\/fr\/detail-du-produit\/pomme-de-douche-pluie-en-plastique-pour-salle-de-bain-accessoires-filtre-pour-douche-pluie-pomme-de-douche-ronde\/#breadcrumb"},"inLanguage":"fr-FR","potentialAction":[{"@type":"ReadAction","target":["https:\/\/www.yoroow.com\/fr\/detail-du-produit\/pomme-de-douche-pluie-en-plastique-pour-salle-de-bain-accessoires-filtre-pour-douche-pluie-pomme-de-douche-ronde\/"]}]},{"@type":"ImageObject","inLanguage":"fr-FR","@id":"https:\/\/www.yoroow.com\/fr\/detail-du-produit\/pomme-de-douche-pluie-en-plastique-pour-salle-de-bain-accessoires-filtre-pour-douche-pluie-pomme-de-douche-ronde\/#primaryimage","url":"https:\/\/www.yoroow.com\/wp-content\/uploads\/2025\/02\/4\u5bf8.jpg","contentUrl":"https:\/\/www.yoroow.com\/wp-content\/uploads\/2025\/02\/4\u5bf8.jpg","width":519,"height":519,"caption":"Factory Bathroom Rain Shower Head Accessories Plastic Water Rainfall Shower Filter Top Round Shower Head"},{"@type":"BreadcrumbList","@id":"https:\/\/www.yoroow.com\/fr\/detail-du-produit\/pomme-de-douche-pluie-en-plastique-pour-salle-de-bain-accessoires-filtre-pour-douche-pluie-pomme-de-douche-ronde\/#breadcrumb","itemListElement":[{"@type":"ListItem","position":1,"name":"home","item":"https:\/\/www.yoroow.com\/"},{"@type":"ListItem","position":2,"name":"Product","item":"https:\/\/www.yoroow.com\/product\/"},{"@type":"ListItem","position":3,"name":"Factory-Made Portable Rain Shower Head with Filter Top Plastic Bathroom Accessories Top-Gerne Bath &#038; Shower Faucet from China"}]},{"@type":"WebSite","@id":"https:\/\/www.yoroow.com\/fr\/#website","url":"https:\/\/www.yoroow.com\/fr\/","name":"YOROOW","description":"","publisher":{"@id":"https:\/\/www.yoroow.com\/fr\/#organization"},"potentialAction":[{"@type":"SearchAction","target":{"@type":"EntryPoint","urlTemplate":"https:\/\/www.yoroow.com\/fr\/?s={search_term_string}"},"query-input":{"@type":"PropertyValueSpecification","valueRequired":true,"valueName":"search_term_string"}}],"inLanguage":"fr-FR"},{"@type":"Organization","@id":"https:\/\/www.yoroow.com\/fr\/#organization","name":"YOROOW","url":"https:\/\/www.yoroow.com\/fr\/","logo":{"@type":"ImageObject","inLanguage":"fr-FR","@id":"https:\/\/www.yoroow.com\/fr\/#\/schema\/logo\/image\/","url":"https:\/\/www.yoroow.com\/wp-content\/uploads\/2024\/12\/2024123007131061.png","contentUrl":"https:\/\/www.yoroow.com\/wp-content\/uploads\/2024\/12\/2024123007131061.png","width":168,"height":27,"caption":"YOROOW"},"image":{"@id":"https:\/\/www.yoroow.com\/fr\/#\/schema\/logo\/image\/"},"sameAs":["https:\/\/www.facebook.com\/people\/yoroowfaucetfactory\/61564236752362\/"]}]}},"_links":{"self":[{"href":"https:\/\/www.yoroow.com\/fr\/wp-json\/wp\/v2\/product\/13550","targetHints":{"allow":["GET"]}}],"collection":[{"href":"https:\/\/www.yoroow.com\/fr\/wp-json\/wp\/v2\/product"}],"about":[{"href":"https:\/\/www.yoroow.com\/fr\/wp-json\/wp\/v2\/types\/product"}],"wp:featuredmedia":[{"embeddable":true,"href":"https:\/\/www.yoroow.com\/fr\/wp-json\/wp\/v2\/media\/13545"}],"wp:attachment":[{"href":"https:\/\/www.yoroow.com\/fr\/wp-json\/wp\/v2\/media?parent=13550"}],"wp:term":[{"taxonomy":"product_brand","embeddable":true,"href":"https:\/\/www.yoroow.com\/fr\/wp-json\/wp\/v2\/product_brand?post=13550"},{"taxonomy":"product_cat","embeddable":true,"href":"https:\/\/www.yoroow.com\/fr\/wp-json\/wp\/v2\/product_cat?post=13550"},{"taxonomy":"product_tag","embeddable":true,"href":"https:\/\/www.yoroow.com\/fr\/wp-json\/wp\/v2\/product_tag?post=13550"}],"curies":[{"name":"wp","href":"https:\/\/api.w.org\/{rel}","templated":true}]}}