{"id":12943,"date":"2025-02-25T14:22:03","date_gmt":"2025-02-25T06:22:03","guid":{"rendered":"https:\/\/www.yoroow.com\/?post_type=product&#038;p=12943"},"modified":"2025-05-16T09:41:55","modified_gmt":"2025-05-16T01:41:55","slug":"vente-directe-dusine-robinet-de-cuisine-a-une-poignee-multicolore-robinet-deau-a-tuyau-colore-pivotant-sur-360-degres","status":"publish","type":"product","link":"https:\/\/www.yoroow.com\/fr\/detail-du-produit\/vente-directe-dusine-robinet-de-cuisine-a-une-poignee-multicolore-robinet-deau-a-tuyau-colore-pivotant-sur-360-degres\/","title":{"rendered":"Robinet de cuisine moderne en zinc Factory Direct Sale Multicolor Single Handle Mixer 360 Degree Swivel Colourful Kitchen Faucet"},"content":{"rendered":"<p>Ce robinet de cuisine moderne en zinc est dot\u00e9 d'un mitigeur multicolore et d'un bec pivotant \u00e0 360 degr\u00e9s, con\u00e7u pour les applications domestiques et h\u00f4teli\u00e8res. Le tuyau vibrant et le design minimaliste du corps refl\u00e8tent un environnement de cuisine jeune et \u00e9nergique. Il prend en charge l'eau chaude et l'eau froide, garantissant confort et polyvalence. Fabriqu\u00e9 par une usine de robinetterie ayant plus de 10 ans d'exp\u00e9rience dans l'exportation, le produit est fabriqu\u00e9 \u00e0 l'aide de techniques avanc\u00e9es de moulage sous pression et de polissage, garantissant une brillance durable de la surface et l'int\u00e9grit\u00e9 de la structure. Ce robinet est bien accueilli en Asie du Sud-Est et en Am\u00e9rique du Sud, en particulier par les distributeurs qui fournissent des accessoires de cuisine color\u00e9s aux march\u00e9s de milieu de gamme. Gr\u00e2ce \u00e0 des services OEM flexibles, y compris la personnalisation du tuyau et l'emballage de vente au d\u00e9tail, ce robinet soutient des strat\u00e9gies de marque diff\u00e9renci\u00e9es dans toutes les r\u00e9gions.<\/p>","protected":false},"excerpt":{"rendered":"<p>This factory direct-sale modern zinc kitchen faucet features a multicolor single-handle mixer and a 360-degree swivel spout, tailored for both home and hospitality applications. The vibrant hose and minimalist body design reflect a youthful, energetic kitchen environment. It supports hot and cold water, ensuring comfort and versatility. Manufactured by a faucet factory with over 10\u2026<\/p>","protected":false},"featured_media":12878,"template":"","meta":{"_acf_changed":false,"_kad_post_transparent":"default","_kad_post_title":"","_kad_post_layout":"default","_kad_post_sidebar_id":"","_kad_post_content_style":"default","_kad_post_vertical_padding":"default","_kad_post_feature":"","_kad_post_feature_position":"","_kad_post_header":false,"_kad_post_footer":false},"product_brand":[],"product_cat":[246,1556],"product_tag":[3331,3289],"class_list":{"0":"post-12943","1":"product","2":"type-product","3":"status-publish","4":"has-post-thumbnail","6":"product_cat-mixer-kitchen-faucet","7":"product_cat-color-hose-faucet","8":"product_tag-kitchen-tap-faucet","9":"product_tag-kitchen-tap-water-and-morden-zinc","11":"first","12":"instock","13":"shipping-taxable","14":"purchasable","15":"product-type-variable","16":"wvs-archive-product-wrapper","17":"entry","18":"content-bg","19":"loop-entry"},"acf":[],"yoast_head":"<!-- This site is optimized with the Yoast SEO Premium plugin v25.4 (Yoast SEO v27.0) - https:\/\/yoast.com\/product\/yoast-seo-premium-wordpress\/ -->\n<title>Modern Zinc Kitchen Tap Faucet Factory Direct Sale Multicolor Single Handle Mixer 360 Degree Swivel Colourful Kitchen Faucet - YOROOW<\/title>\n<meta name=\"description\" content=\"Modern zinc kitchen tap with multicolor finish and single-handle mixer, featuring 360-degree swivel and colorful flexible hose. Ideal for hotel and home kitchens. Produced in China, providing reliable OEM manufacturing for South American and Southeast Asian clients.\" \/>\n<meta name=\"robots\" content=\"index, follow, max-snippet:-1, max-image-preview:large, max-video-preview:-1\" \/>\n<link rel=\"canonical\" href=\"https:\/\/www.yoroow.com\/fr\/detail-du-produit\/vente-directe-dusine-robinet-de-cuisine-a-une-poignee-multicolore-robinet-deau-a-tuyau-colore-pivotant-sur-360-degres\/\" \/>\n<meta property=\"og:locale\" content=\"fr_FR\" \/>\n<meta property=\"og:type\" content=\"article\" \/>\n<meta property=\"og:title\" content=\"Modern Zinc Kitchen Tap Faucet Factory Direct Sale Multicolor Single Handle Mixer 360 Degree Swivel Colourful Kitchen Faucet\" \/>\n<meta property=\"og:description\" content=\"Modern zinc kitchen tap with multicolor finish and single-handle mixer, featuring 360-degree swivel and colorful flexible hose. Ideal for hotel and home kitchens. Produced in China, providing reliable OEM manufacturing for South American and Southeast Asian clients.\" \/>\n<meta property=\"og:url\" content=\"https:\/\/www.yoroow.com\/fr\/detail-du-produit\/vente-directe-dusine-robinet-de-cuisine-a-une-poignee-multicolore-robinet-deau-a-tuyau-colore-pivotant-sur-360-degres\/\" \/>\n<meta property=\"og:site_name\" content=\"YOROOW\" \/>\n<meta property=\"article:publisher\" content=\"https:\/\/www.facebook.com\/people\/yoroowfaucetfactory\/61564236752362\/\" \/>\n<meta property=\"article:modified_time\" content=\"2025-05-16T01:41:55+00:00\" \/>\n<meta property=\"og:image\" content=\"https:\/\/www.yoroow.com\/wp-content\/uploads\/2025\/02\/NATAL-03GREEN.jpg\" \/>\n\t<meta property=\"og:image:width\" content=\"737\" \/>\n\t<meta property=\"og:image:height\" content=\"737\" \/>\n\t<meta property=\"og:image:type\" content=\"image\/jpeg\" \/>\n<meta name=\"twitter:card\" content=\"summary_large_image\" \/>\n<meta name=\"twitter:label1\" content=\"Dur\u00e9e de lecture estim\u00e9e\" \/>\n\t<meta name=\"twitter:data1\" content=\"1 minute\" \/>\n<script type=\"application\/ld+json\" class=\"yoast-schema-graph\">{\"@context\":\"https:\/\/schema.org\",\"@graph\":[{\"@type\":\"WebPage\",\"@id\":\"https:\/\/www.yoroow.com\/fr\/detail-du-produit\/vente-directe-dusine-robinet-de-cuisine-a-une-poignee-multicolore-robinet-deau-a-tuyau-colore-pivotant-sur-360-degres\/\",\"url\":\"https:\/\/www.yoroow.com\/fr\/detail-du-produit\/vente-directe-dusine-robinet-de-cuisine-a-une-poignee-multicolore-robinet-deau-a-tuyau-colore-pivotant-sur-360-degres\/\",\"name\":\"Modern Zinc Kitchen Tap Faucet Factory Direct Sale Multicolor Single Handle Mixer 360 Degree Swivel Colourful Kitchen Faucet - YOROOW\",\"isPartOf\":{\"@id\":\"https:\/\/www.yoroow.com\/fr\/#website\"},\"primaryImageOfPage\":{\"@id\":\"https:\/\/www.yoroow.com\/fr\/detail-du-produit\/vente-directe-dusine-robinet-de-cuisine-a-une-poignee-multicolore-robinet-deau-a-tuyau-colore-pivotant-sur-360-degres\/#primaryimage\"},\"image\":{\"@id\":\"https:\/\/www.yoroow.com\/fr\/detail-du-produit\/vente-directe-dusine-robinet-de-cuisine-a-une-poignee-multicolore-robinet-deau-a-tuyau-colore-pivotant-sur-360-degres\/#primaryimage\"},\"thumbnailUrl\":\"https:\/\/www.yoroow.com\/wp-content\/uploads\/2025\/02\/NATAL-03GREEN.jpg\",\"datePublished\":\"2025-02-25T06:22:03+00:00\",\"dateModified\":\"2025-05-16T01:41:55+00:00\",\"description\":\"Modern zinc kitchen tap with multicolor finish and single-handle mixer, featuring 360-degree swivel and colorful flexible hose. Ideal for hotel and home kitchens. Produced in China, providing reliable OEM manufacturing for South American and Southeast Asian clients.\",\"breadcrumb\":{\"@id\":\"https:\/\/www.yoroow.com\/fr\/detail-du-produit\/vente-directe-dusine-robinet-de-cuisine-a-une-poignee-multicolore-robinet-deau-a-tuyau-colore-pivotant-sur-360-degres\/#breadcrumb\"},\"inLanguage\":\"fr-FR\",\"potentialAction\":[{\"@type\":\"ReadAction\",\"target\":[\"https:\/\/www.yoroow.com\/fr\/detail-du-produit\/vente-directe-dusine-robinet-de-cuisine-a-une-poignee-multicolore-robinet-deau-a-tuyau-colore-pivotant-sur-360-degres\/\"]}]},{\"@type\":\"ImageObject\",\"inLanguage\":\"fr-FR\",\"@id\":\"https:\/\/www.yoroow.com\/fr\/detail-du-produit\/vente-directe-dusine-robinet-de-cuisine-a-une-poignee-multicolore-robinet-deau-a-tuyau-colore-pivotant-sur-360-degres\/#primaryimage\",\"url\":\"https:\/\/www.yoroow.com\/wp-content\/uploads\/2025\/02\/NATAL-03GREEN.jpg\",\"contentUrl\":\"https:\/\/www.yoroow.com\/wp-content\/uploads\/2025\/02\/NATAL-03GREEN.jpg\",\"width\":737,\"height\":737,\"caption\":\"Hot Sale 304 Stainless Steel Kitchen Faucet 360 Degree Rotating Flexible Tap Mixer 360 Degree Rotating Stainless Kitchen Faucet\"},{\"@type\":\"BreadcrumbList\",\"@id\":\"https:\/\/www.yoroow.com\/fr\/detail-du-produit\/vente-directe-dusine-robinet-de-cuisine-a-une-poignee-multicolore-robinet-deau-a-tuyau-colore-pivotant-sur-360-degres\/#breadcrumb\",\"itemListElement\":[{\"@type\":\"ListItem\",\"position\":1,\"name\":\"home\",\"item\":\"https:\/\/www.yoroow.com\/\"},{\"@type\":\"ListItem\",\"position\":2,\"name\":\"Product\",\"item\":\"https:\/\/www.yoroow.com\/product\/\"},{\"@type\":\"ListItem\",\"position\":3,\"name\":\"Modern Zinc Kitchen Tap Faucet Factory Direct Sale Multicolor Single Handle Mixer 360 Degree Swivel Colourful Kitchen Faucet\"}]},{\"@type\":\"WebSite\",\"@id\":\"https:\/\/www.yoroow.com\/fr\/#website\",\"url\":\"https:\/\/www.yoroow.com\/fr\/\",\"name\":\"YOROOW\",\"description\":\"\",\"publisher\":{\"@id\":\"https:\/\/www.yoroow.com\/fr\/#organization\"},\"potentialAction\":[{\"@type\":\"SearchAction\",\"target\":{\"@type\":\"EntryPoint\",\"urlTemplate\":\"https:\/\/www.yoroow.com\/fr\/?s={search_term_string}\"},\"query-input\":{\"@type\":\"PropertyValueSpecification\",\"valueRequired\":true,\"valueName\":\"search_term_string\"}}],\"inLanguage\":\"fr-FR\"},{\"@type\":\"Organization\",\"@id\":\"https:\/\/www.yoroow.com\/fr\/#organization\",\"name\":\"YOROOW\",\"url\":\"https:\/\/www.yoroow.com\/fr\/\",\"logo\":{\"@type\":\"ImageObject\",\"inLanguage\":\"fr-FR\",\"@id\":\"https:\/\/www.yoroow.com\/fr\/#\/schema\/logo\/image\/\",\"url\":\"https:\/\/www.yoroow.com\/wp-content\/uploads\/2024\/12\/2024123007131061.png\",\"contentUrl\":\"https:\/\/www.yoroow.com\/wp-content\/uploads\/2024\/12\/2024123007131061.png\",\"width\":168,\"height\":27,\"caption\":\"YOROOW\"},\"image\":{\"@id\":\"https:\/\/www.yoroow.com\/fr\/#\/schema\/logo\/image\/\"},\"sameAs\":[\"https:\/\/www.facebook.com\/people\/yoroowfaucetfactory\/61564236752362\/\"]}]}<\/script>\n<!-- \/ Yoast SEO Premium plugin. -->","yoast_head_json":{"title":"Modern Zinc Kitchen Tap Faucet Factory Direct Sale Multicolor Single Handle Mixer 360 Degree Swivel Colourful Kitchen Faucet - YOROOW","description":"Modern zinc kitchen tap with multicolor finish and single-handle mixer, featuring 360-degree swivel and colorful flexible hose. Ideal for hotel and home kitchens. Produced in China, providing reliable OEM manufacturing for South American and Southeast Asian clients.","robots":{"index":"index","follow":"follow","max-snippet":"max-snippet:-1","max-image-preview":"max-image-preview:large","max-video-preview":"max-video-preview:-1"},"canonical":"https:\/\/www.yoroow.com\/fr\/detail-du-produit\/vente-directe-dusine-robinet-de-cuisine-a-une-poignee-multicolore-robinet-deau-a-tuyau-colore-pivotant-sur-360-degres\/","og_locale":"fr_FR","og_type":"article","og_title":"Modern Zinc Kitchen Tap Faucet Factory Direct Sale Multicolor Single Handle Mixer 360 Degree Swivel Colourful Kitchen Faucet","og_description":"Modern zinc kitchen tap with multicolor finish and single-handle mixer, featuring 360-degree swivel and colorful flexible hose. Ideal for hotel and home kitchens. Produced in China, providing reliable OEM manufacturing for South American and Southeast Asian clients.","og_url":"https:\/\/www.yoroow.com\/fr\/detail-du-produit\/vente-directe-dusine-robinet-de-cuisine-a-une-poignee-multicolore-robinet-deau-a-tuyau-colore-pivotant-sur-360-degres\/","og_site_name":"YOROOW","article_publisher":"https:\/\/www.facebook.com\/people\/yoroowfaucetfactory\/61564236752362\/","article_modified_time":"2025-05-16T01:41:55+00:00","og_image":[{"width":737,"height":737,"url":"https:\/\/www.yoroow.com\/wp-content\/uploads\/2025\/02\/NATAL-03GREEN.jpg","type":"image\/jpeg"}],"twitter_card":"summary_large_image","twitter_misc":{"Dur\u00e9e de lecture estim\u00e9e":"1 minute"},"schema":{"@context":"https:\/\/schema.org","@graph":[{"@type":"WebPage","@id":"https:\/\/www.yoroow.com\/fr\/detail-du-produit\/vente-directe-dusine-robinet-de-cuisine-a-une-poignee-multicolore-robinet-deau-a-tuyau-colore-pivotant-sur-360-degres\/","url":"https:\/\/www.yoroow.com\/fr\/detail-du-produit\/vente-directe-dusine-robinet-de-cuisine-a-une-poignee-multicolore-robinet-deau-a-tuyau-colore-pivotant-sur-360-degres\/","name":"Modern Zinc Kitchen Tap Faucet Factory Direct Sale Multicolor Single Handle Mixer 360 Degree Swivel Colourful Kitchen Faucet - YOROOW","isPartOf":{"@id":"https:\/\/www.yoroow.com\/fr\/#website"},"primaryImageOfPage":{"@id":"https:\/\/www.yoroow.com\/fr\/detail-du-produit\/vente-directe-dusine-robinet-de-cuisine-a-une-poignee-multicolore-robinet-deau-a-tuyau-colore-pivotant-sur-360-degres\/#primaryimage"},"image":{"@id":"https:\/\/www.yoroow.com\/fr\/detail-du-produit\/vente-directe-dusine-robinet-de-cuisine-a-une-poignee-multicolore-robinet-deau-a-tuyau-colore-pivotant-sur-360-degres\/#primaryimage"},"thumbnailUrl":"https:\/\/www.yoroow.com\/wp-content\/uploads\/2025\/02\/NATAL-03GREEN.jpg","datePublished":"2025-02-25T06:22:03+00:00","dateModified":"2025-05-16T01:41:55+00:00","description":"Modern zinc kitchen tap with multicolor finish and single-handle mixer, featuring 360-degree swivel and colorful flexible hose. Ideal for hotel and home kitchens. Produced in China, providing reliable OEM manufacturing for South American and Southeast Asian clients.","breadcrumb":{"@id":"https:\/\/www.yoroow.com\/fr\/detail-du-produit\/vente-directe-dusine-robinet-de-cuisine-a-une-poignee-multicolore-robinet-deau-a-tuyau-colore-pivotant-sur-360-degres\/#breadcrumb"},"inLanguage":"fr-FR","potentialAction":[{"@type":"ReadAction","target":["https:\/\/www.yoroow.com\/fr\/detail-du-produit\/vente-directe-dusine-robinet-de-cuisine-a-une-poignee-multicolore-robinet-deau-a-tuyau-colore-pivotant-sur-360-degres\/"]}]},{"@type":"ImageObject","inLanguage":"fr-FR","@id":"https:\/\/www.yoroow.com\/fr\/detail-du-produit\/vente-directe-dusine-robinet-de-cuisine-a-une-poignee-multicolore-robinet-deau-a-tuyau-colore-pivotant-sur-360-degres\/#primaryimage","url":"https:\/\/www.yoroow.com\/wp-content\/uploads\/2025\/02\/NATAL-03GREEN.jpg","contentUrl":"https:\/\/www.yoroow.com\/wp-content\/uploads\/2025\/02\/NATAL-03GREEN.jpg","width":737,"height":737,"caption":"Hot Sale 304 Stainless Steel Kitchen Faucet 360 Degree Rotating Flexible Tap Mixer 360 Degree Rotating Stainless Kitchen Faucet"},{"@type":"BreadcrumbList","@id":"https:\/\/www.yoroow.com\/fr\/detail-du-produit\/vente-directe-dusine-robinet-de-cuisine-a-une-poignee-multicolore-robinet-deau-a-tuyau-colore-pivotant-sur-360-degres\/#breadcrumb","itemListElement":[{"@type":"ListItem","position":1,"name":"home","item":"https:\/\/www.yoroow.com\/"},{"@type":"ListItem","position":2,"name":"Product","item":"https:\/\/www.yoroow.com\/product\/"},{"@type":"ListItem","position":3,"name":"Modern Zinc Kitchen Tap Faucet Factory Direct Sale Multicolor Single Handle Mixer 360 Degree Swivel Colourful Kitchen Faucet"}]},{"@type":"WebSite","@id":"https:\/\/www.yoroow.com\/fr\/#website","url":"https:\/\/www.yoroow.com\/fr\/","name":"YOROOW","description":"","publisher":{"@id":"https:\/\/www.yoroow.com\/fr\/#organization"},"potentialAction":[{"@type":"SearchAction","target":{"@type":"EntryPoint","urlTemplate":"https:\/\/www.yoroow.com\/fr\/?s={search_term_string}"},"query-input":{"@type":"PropertyValueSpecification","valueRequired":true,"valueName":"search_term_string"}}],"inLanguage":"fr-FR"},{"@type":"Organization","@id":"https:\/\/www.yoroow.com\/fr\/#organization","name":"YOROOW","url":"https:\/\/www.yoroow.com\/fr\/","logo":{"@type":"ImageObject","inLanguage":"fr-FR","@id":"https:\/\/www.yoroow.com\/fr\/#\/schema\/logo\/image\/","url":"https:\/\/www.yoroow.com\/wp-content\/uploads\/2024\/12\/2024123007131061.png","contentUrl":"https:\/\/www.yoroow.com\/wp-content\/uploads\/2024\/12\/2024123007131061.png","width":168,"height":27,"caption":"YOROOW"},"image":{"@id":"https:\/\/www.yoroow.com\/fr\/#\/schema\/logo\/image\/"},"sameAs":["https:\/\/www.facebook.com\/people\/yoroowfaucetfactory\/61564236752362\/"]}]}},"_links":{"self":[{"href":"https:\/\/www.yoroow.com\/fr\/wp-json\/wp\/v2\/product\/12943","targetHints":{"allow":["GET"]}}],"collection":[{"href":"https:\/\/www.yoroow.com\/fr\/wp-json\/wp\/v2\/product"}],"about":[{"href":"https:\/\/www.yoroow.com\/fr\/wp-json\/wp\/v2\/types\/product"}],"wp:featuredmedia":[{"embeddable":true,"href":"https:\/\/www.yoroow.com\/fr\/wp-json\/wp\/v2\/media\/12878"}],"wp:attachment":[{"href":"https:\/\/www.yoroow.com\/fr\/wp-json\/wp\/v2\/media?parent=12943"}],"wp:term":[{"taxonomy":"product_brand","embeddable":true,"href":"https:\/\/www.yoroow.com\/fr\/wp-json\/wp\/v2\/product_brand?post=12943"},{"taxonomy":"product_cat","embeddable":true,"href":"https:\/\/www.yoroow.com\/fr\/wp-json\/wp\/v2\/product_cat?post=12943"},{"taxonomy":"product_tag","embeddable":true,"href":"https:\/\/www.yoroow.com\/fr\/wp-json\/wp\/v2\/product_tag?post=12943"}],"curies":[{"name":"wp","href":"https:\/\/api.w.org\/{rel}","templated":true}]}}