{"id":12913,"date":"2025-02-25T14:07:38","date_gmt":"2025-02-25T06:07:38","guid":{"rendered":"https:\/\/www.yoroow.com\/?post_type=product&#038;p=12913"},"modified":"2025-05-16T09:41:45","modified_gmt":"2025-05-16T01:41:45","slug":"robinet-de-cuisine-flexible-moderne-robinets-de-cuisine-en-zinc-rotatifs-a-360-degres","status":"publish","type":"product","link":"https:\/\/www.yoroow.com\/fr\/detail-du-produit\/robinet-de-cuisine-flexible-moderne-robinets-de-cuisine-en-zinc-rotatifs-a-360-degres\/","title":{"rendered":"Modern Style 304 Stainless Steel Kitchen Faucet 360 Degree Flexible Tap Mixer 360 Degree Kitchen Faucet Kitchen Faucet"},"content":{"rendered":"<p>Ce robinet de cuisine de style moderne est fabriqu\u00e9 en acier inoxydable 304 et est dot\u00e9 d'un bec rotatif \u00e0 360 degr\u00e9s et d'un mitigeur flexible, offrant \u00e0 la fois fonctionnalit\u00e9 et style. Son esth\u00e9tique minimaliste convient \u00e0 un large \u00e9ventail d'int\u00e9rieurs de cuisine, des appartements urbains compacts aux maisons familiales spacieuses. Le robinet offre un contr\u00f4le fiable de la temp\u00e9rature de l'eau et une grande maniabilit\u00e9 gr\u00e2ce \u00e0 son flexible rotatif et extensible. Fabriqu\u00e9 dans une usine chinoise de haut niveau, ce mod\u00e8le est appr\u00e9ci\u00e9 pour son traitement de surface lisse, sa r\u00e9sistance \u00e0 la rouille et ses performances en mati\u00e8re d'\u00e9conomie d'eau. Il est id\u00e9al pour les r\u00e9novations de cuisine, les projets immobiliers et les grossistes en quincaillerie. Forte d'une d\u00e9cennie d'exp\u00e9rience en mati\u00e8re d'OEM, notre usine prend en charge le marquage personnalis\u00e9, la gravure de logo au laser et l'emballage d'exportation adapt\u00e9 \u00e0 l'Am\u00e9rique latine et \u00e0 l'Asie du Sud-Est. Le produit est tr\u00e8s recherch\u00e9 sur des march\u00e9s tels que le P\u00e9rou, la Colombie, le Vietnam et l'Indon\u00e9sie, o\u00f9 les acheteurs privil\u00e9gient \u00e0 la fois la valeur et la performance.<\/p>","protected":false},"excerpt":{"rendered":"<p>This modern-style kitchen faucet is crafted from 304 stainless steel and is designed with a 360-degree rotating spout and a flexible mixer tap, offering both functionality and style. Its minimalist aesthetic suits a wide range of kitchen interiors, from compact urban apartments to spacious family homes. The faucet provides reliable water temperature control and easy\u2026<\/p>","protected":false},"featured_media":12890,"template":"","meta":{"_acf_changed":false,"_kad_post_transparent":"default","_kad_post_title":"","_kad_post_layout":"default","_kad_post_sidebar_id":"","_kad_post_content_style":"default","_kad_post_vertical_padding":"default","_kad_post_feature":"","_kad_post_feature_position":"","_kad_post_header":false,"_kad_post_footer":false},"product_brand":[],"product_cat":[246,1556],"product_tag":[5539,3331],"class_list":{"0":"post-12913","1":"product","2":"type-product","3":"status-publish","4":"has-post-thumbnail","6":"product_cat-mixer-kitchen-faucet","7":"product_cat-color-hose-faucet","8":"product_tag-304-kitchen-sink-faucet","9":"product_tag-kitchen-tap-faucet","11":"first","12":"instock","13":"shipping-taxable","14":"purchasable","15":"product-type-variable","16":"wvs-archive-product-wrapper","17":"entry","18":"content-bg","19":"loop-entry"},"acf":[],"yoast_head":"<!-- This site is optimized with the Yoast SEO Premium plugin v25.4 (Yoast SEO v27.0) - https:\/\/yoast.com\/product\/yoast-seo-premium-wordpress\/ -->\n<title>Modern Style 304 Stainless Steel Kitchen Faucet 360 Degree Rotating Flexible Tap Mixer 360 Degree Kitchen Faucet Kitchen Faucet - YOROOW<\/title>\n<meta name=\"description\" content=\"This modern style 304 stainless steel kitchen faucet features a 360-degree rotating flexible mixer tap. Perfect for kitchen sinks requiring versatility and durability. Our Chinese factory guarantees high-quality materials and OEM customization for clients in South America and Southeast Asia.\" \/>\n<meta name=\"robots\" content=\"index, follow, max-snippet:-1, max-image-preview:large, max-video-preview:-1\" \/>\n<link rel=\"canonical\" href=\"https:\/\/www.yoroow.com\/fr\/detail-du-produit\/robinet-de-cuisine-flexible-moderne-robinets-de-cuisine-en-zinc-rotatifs-a-360-degres\/\" \/>\n<meta property=\"og:locale\" content=\"fr_FR\" \/>\n<meta property=\"og:type\" content=\"article\" \/>\n<meta property=\"og:title\" content=\"Modern Style 304 Stainless Steel Kitchen Faucet 360 Degree Rotating Flexible Tap Mixer 360 Degree Kitchen Faucet Kitchen Faucet\" \/>\n<meta property=\"og:description\" content=\"This modern style 304 stainless steel kitchen faucet features a 360-degree rotating flexible mixer tap. Perfect for kitchen sinks requiring versatility and durability. Our Chinese factory guarantees high-quality materials and OEM customization for clients in South America and Southeast Asia.\" \/>\n<meta property=\"og:url\" content=\"https:\/\/www.yoroow.com\/fr\/detail-du-produit\/robinet-de-cuisine-flexible-moderne-robinets-de-cuisine-en-zinc-rotatifs-a-360-degres\/\" \/>\n<meta property=\"og:site_name\" content=\"YOROOW\" \/>\n<meta property=\"article:publisher\" content=\"https:\/\/www.facebook.com\/people\/yoroowfaucetfactory\/61564236752362\/\" \/>\n<meta property=\"article:modified_time\" content=\"2025-05-16T01:41:45+00:00\" \/>\n<meta property=\"og:image\" content=\"https:\/\/www.yoroow.com\/wp-content\/uploads\/2025\/02\/\u5fae\u4fe1\u56fe\u7247_20210820145158.jpg\" \/>\n\t<meta property=\"og:image:width\" content=\"737\" \/>\n\t<meta property=\"og:image:height\" content=\"737\" \/>\n\t<meta property=\"og:image:type\" content=\"image\/jpeg\" \/>\n<meta name=\"twitter:card\" content=\"summary_large_image\" \/>\n<meta name=\"twitter:label1\" content=\"Dur\u00e9e de lecture estim\u00e9e\" \/>\n\t<meta name=\"twitter:data1\" content=\"1 minute\" \/>\n<script type=\"application\/ld+json\" class=\"yoast-schema-graph\">{\"@context\":\"https:\/\/schema.org\",\"@graph\":[{\"@type\":\"WebPage\",\"@id\":\"https:\/\/www.yoroow.com\/fr\/detail-du-produit\/robinet-de-cuisine-flexible-moderne-robinets-de-cuisine-en-zinc-rotatifs-a-360-degres\/\",\"url\":\"https:\/\/www.yoroow.com\/fr\/detail-du-produit\/robinet-de-cuisine-flexible-moderne-robinets-de-cuisine-en-zinc-rotatifs-a-360-degres\/\",\"name\":\"Modern Style 304 Stainless Steel Kitchen Faucet 360 Degree Rotating Flexible Tap Mixer 360 Degree Kitchen Faucet Kitchen Faucet - YOROOW\",\"isPartOf\":{\"@id\":\"https:\/\/www.yoroow.com\/fr\/#website\"},\"primaryImageOfPage\":{\"@id\":\"https:\/\/www.yoroow.com\/fr\/detail-du-produit\/robinet-de-cuisine-flexible-moderne-robinets-de-cuisine-en-zinc-rotatifs-a-360-degres\/#primaryimage\"},\"image\":{\"@id\":\"https:\/\/www.yoroow.com\/fr\/detail-du-produit\/robinet-de-cuisine-flexible-moderne-robinets-de-cuisine-en-zinc-rotatifs-a-360-degres\/#primaryimage\"},\"thumbnailUrl\":\"https:\/\/www.yoroow.com\/wp-content\/uploads\/2025\/02\/\u5fae\u4fe1\u56fe\u7247_20210820145158.jpg\",\"datePublished\":\"2025-02-25T06:07:38+00:00\",\"dateModified\":\"2025-05-16T01:41:45+00:00\",\"description\":\"This modern style 304 stainless steel kitchen faucet features a 360-degree rotating flexible mixer tap. Perfect for kitchen sinks requiring versatility and durability. Our Chinese factory guarantees high-quality materials and OEM customization for clients in South America and Southeast Asia.\",\"breadcrumb\":{\"@id\":\"https:\/\/www.yoroow.com\/fr\/detail-du-produit\/robinet-de-cuisine-flexible-moderne-robinets-de-cuisine-en-zinc-rotatifs-a-360-degres\/#breadcrumb\"},\"inLanguage\":\"fr-FR\",\"potentialAction\":[{\"@type\":\"ReadAction\",\"target\":[\"https:\/\/www.yoroow.com\/fr\/detail-du-produit\/robinet-de-cuisine-flexible-moderne-robinets-de-cuisine-en-zinc-rotatifs-a-360-degres\/\"]}]},{\"@type\":\"ImageObject\",\"inLanguage\":\"fr-FR\",\"@id\":\"https:\/\/www.yoroow.com\/fr\/detail-du-produit\/robinet-de-cuisine-flexible-moderne-robinets-de-cuisine-en-zinc-rotatifs-a-360-degres\/#primaryimage\",\"url\":\"https:\/\/www.yoroow.com\/wp-content\/uploads\/2025\/02\/\u5fae\u4fe1\u56fe\u7247_20210820145158.jpg\",\"contentUrl\":\"https:\/\/www.yoroow.com\/wp-content\/uploads\/2025\/02\/\u5fae\u4fe1\u56fe\u7247_20210820145158.jpg\",\"width\":737,\"height\":737,\"caption\":\"Hot Sale 304 Stainless Steel Kitchen Faucet 360 Degree Rotating Flexible Tap Mixer 360 Degree Rotating Stainless Kitchen Faucet - 7503B1-070P-C36(RD)\"},{\"@type\":\"BreadcrumbList\",\"@id\":\"https:\/\/www.yoroow.com\/fr\/detail-du-produit\/robinet-de-cuisine-flexible-moderne-robinets-de-cuisine-en-zinc-rotatifs-a-360-degres\/#breadcrumb\",\"itemListElement\":[{\"@type\":\"ListItem\",\"position\":1,\"name\":\"home\",\"item\":\"https:\/\/www.yoroow.com\/\"},{\"@type\":\"ListItem\",\"position\":2,\"name\":\"Product\",\"item\":\"https:\/\/www.yoroow.com\/product\/\"},{\"@type\":\"ListItem\",\"position\":3,\"name\":\"Modern Style 304 Stainless Steel Kitchen Faucet 360 Degree Rotating Flexible Tap Mixer 360 Degree Kitchen Faucet Kitchen Faucet\"}]},{\"@type\":\"WebSite\",\"@id\":\"https:\/\/www.yoroow.com\/fr\/#website\",\"url\":\"https:\/\/www.yoroow.com\/fr\/\",\"name\":\"YOROOW\",\"description\":\"\",\"publisher\":{\"@id\":\"https:\/\/www.yoroow.com\/fr\/#organization\"},\"potentialAction\":[{\"@type\":\"SearchAction\",\"target\":{\"@type\":\"EntryPoint\",\"urlTemplate\":\"https:\/\/www.yoroow.com\/fr\/?s={search_term_string}\"},\"query-input\":{\"@type\":\"PropertyValueSpecification\",\"valueRequired\":true,\"valueName\":\"search_term_string\"}}],\"inLanguage\":\"fr-FR\"},{\"@type\":\"Organization\",\"@id\":\"https:\/\/www.yoroow.com\/fr\/#organization\",\"name\":\"YOROOW\",\"url\":\"https:\/\/www.yoroow.com\/fr\/\",\"logo\":{\"@type\":\"ImageObject\",\"inLanguage\":\"fr-FR\",\"@id\":\"https:\/\/www.yoroow.com\/fr\/#\/schema\/logo\/image\/\",\"url\":\"https:\/\/www.yoroow.com\/wp-content\/uploads\/2024\/12\/2024123007131061.png\",\"contentUrl\":\"https:\/\/www.yoroow.com\/wp-content\/uploads\/2024\/12\/2024123007131061.png\",\"width\":168,\"height\":27,\"caption\":\"YOROOW\"},\"image\":{\"@id\":\"https:\/\/www.yoroow.com\/fr\/#\/schema\/logo\/image\/\"},\"sameAs\":[\"https:\/\/www.facebook.com\/people\/yoroowfaucetfactory\/61564236752362\/\"]}]}<\/script>\n<!-- \/ Yoast SEO Premium plugin. -->","yoast_head_json":{"title":"Modern Style 304 Stainless Steel Kitchen Faucet 360 Degree Rotating Flexible Tap Mixer 360 Degree Kitchen Faucet Kitchen Faucet - YOROOW","description":"This modern style 304 stainless steel kitchen faucet features a 360-degree rotating flexible mixer tap. Perfect for kitchen sinks requiring versatility and durability. Our Chinese factory guarantees high-quality materials and OEM customization for clients in South America and Southeast Asia.","robots":{"index":"index","follow":"follow","max-snippet":"max-snippet:-1","max-image-preview":"max-image-preview:large","max-video-preview":"max-video-preview:-1"},"canonical":"https:\/\/www.yoroow.com\/fr\/detail-du-produit\/robinet-de-cuisine-flexible-moderne-robinets-de-cuisine-en-zinc-rotatifs-a-360-degres\/","og_locale":"fr_FR","og_type":"article","og_title":"Modern Style 304 Stainless Steel Kitchen Faucet 360 Degree Rotating Flexible Tap Mixer 360 Degree Kitchen Faucet Kitchen Faucet","og_description":"This modern style 304 stainless steel kitchen faucet features a 360-degree rotating flexible mixer tap. Perfect for kitchen sinks requiring versatility and durability. Our Chinese factory guarantees high-quality materials and OEM customization for clients in South America and Southeast Asia.","og_url":"https:\/\/www.yoroow.com\/fr\/detail-du-produit\/robinet-de-cuisine-flexible-moderne-robinets-de-cuisine-en-zinc-rotatifs-a-360-degres\/","og_site_name":"YOROOW","article_publisher":"https:\/\/www.facebook.com\/people\/yoroowfaucetfactory\/61564236752362\/","article_modified_time":"2025-05-16T01:41:45+00:00","og_image":[{"width":737,"height":737,"url":"https:\/\/www.yoroow.com\/wp-content\/uploads\/2025\/02\/\u5fae\u4fe1\u56fe\u7247_20210820145158.jpg","type":"image\/jpeg"}],"twitter_card":"summary_large_image","twitter_misc":{"Dur\u00e9e de lecture estim\u00e9e":"1 minute"},"schema":{"@context":"https:\/\/schema.org","@graph":[{"@type":"WebPage","@id":"https:\/\/www.yoroow.com\/fr\/detail-du-produit\/robinet-de-cuisine-flexible-moderne-robinets-de-cuisine-en-zinc-rotatifs-a-360-degres\/","url":"https:\/\/www.yoroow.com\/fr\/detail-du-produit\/robinet-de-cuisine-flexible-moderne-robinets-de-cuisine-en-zinc-rotatifs-a-360-degres\/","name":"Modern Style 304 Stainless Steel Kitchen Faucet 360 Degree Rotating Flexible Tap Mixer 360 Degree Kitchen Faucet Kitchen Faucet - YOROOW","isPartOf":{"@id":"https:\/\/www.yoroow.com\/fr\/#website"},"primaryImageOfPage":{"@id":"https:\/\/www.yoroow.com\/fr\/detail-du-produit\/robinet-de-cuisine-flexible-moderne-robinets-de-cuisine-en-zinc-rotatifs-a-360-degres\/#primaryimage"},"image":{"@id":"https:\/\/www.yoroow.com\/fr\/detail-du-produit\/robinet-de-cuisine-flexible-moderne-robinets-de-cuisine-en-zinc-rotatifs-a-360-degres\/#primaryimage"},"thumbnailUrl":"https:\/\/www.yoroow.com\/wp-content\/uploads\/2025\/02\/\u5fae\u4fe1\u56fe\u7247_20210820145158.jpg","datePublished":"2025-02-25T06:07:38+00:00","dateModified":"2025-05-16T01:41:45+00:00","description":"This modern style 304 stainless steel kitchen faucet features a 360-degree rotating flexible mixer tap. Perfect for kitchen sinks requiring versatility and durability. Our Chinese factory guarantees high-quality materials and OEM customization for clients in South America and Southeast Asia.","breadcrumb":{"@id":"https:\/\/www.yoroow.com\/fr\/detail-du-produit\/robinet-de-cuisine-flexible-moderne-robinets-de-cuisine-en-zinc-rotatifs-a-360-degres\/#breadcrumb"},"inLanguage":"fr-FR","potentialAction":[{"@type":"ReadAction","target":["https:\/\/www.yoroow.com\/fr\/detail-du-produit\/robinet-de-cuisine-flexible-moderne-robinets-de-cuisine-en-zinc-rotatifs-a-360-degres\/"]}]},{"@type":"ImageObject","inLanguage":"fr-FR","@id":"https:\/\/www.yoroow.com\/fr\/detail-du-produit\/robinet-de-cuisine-flexible-moderne-robinets-de-cuisine-en-zinc-rotatifs-a-360-degres\/#primaryimage","url":"https:\/\/www.yoroow.com\/wp-content\/uploads\/2025\/02\/\u5fae\u4fe1\u56fe\u7247_20210820145158.jpg","contentUrl":"https:\/\/www.yoroow.com\/wp-content\/uploads\/2025\/02\/\u5fae\u4fe1\u56fe\u7247_20210820145158.jpg","width":737,"height":737,"caption":"Hot Sale 304 Stainless Steel Kitchen Faucet 360 Degree Rotating Flexible Tap Mixer 360 Degree Rotating Stainless Kitchen Faucet - 7503B1-070P-C36(RD)"},{"@type":"BreadcrumbList","@id":"https:\/\/www.yoroow.com\/fr\/detail-du-produit\/robinet-de-cuisine-flexible-moderne-robinets-de-cuisine-en-zinc-rotatifs-a-360-degres\/#breadcrumb","itemListElement":[{"@type":"ListItem","position":1,"name":"home","item":"https:\/\/www.yoroow.com\/"},{"@type":"ListItem","position":2,"name":"Product","item":"https:\/\/www.yoroow.com\/product\/"},{"@type":"ListItem","position":3,"name":"Modern Style 304 Stainless Steel Kitchen Faucet 360 Degree Rotating Flexible Tap Mixer 360 Degree Kitchen Faucet Kitchen Faucet"}]},{"@type":"WebSite","@id":"https:\/\/www.yoroow.com\/fr\/#website","url":"https:\/\/www.yoroow.com\/fr\/","name":"YOROOW","description":"","publisher":{"@id":"https:\/\/www.yoroow.com\/fr\/#organization"},"potentialAction":[{"@type":"SearchAction","target":{"@type":"EntryPoint","urlTemplate":"https:\/\/www.yoroow.com\/fr\/?s={search_term_string}"},"query-input":{"@type":"PropertyValueSpecification","valueRequired":true,"valueName":"search_term_string"}}],"inLanguage":"fr-FR"},{"@type":"Organization","@id":"https:\/\/www.yoroow.com\/fr\/#organization","name":"YOROOW","url":"https:\/\/www.yoroow.com\/fr\/","logo":{"@type":"ImageObject","inLanguage":"fr-FR","@id":"https:\/\/www.yoroow.com\/fr\/#\/schema\/logo\/image\/","url":"https:\/\/www.yoroow.com\/wp-content\/uploads\/2024\/12\/2024123007131061.png","contentUrl":"https:\/\/www.yoroow.com\/wp-content\/uploads\/2024\/12\/2024123007131061.png","width":168,"height":27,"caption":"YOROOW"},"image":{"@id":"https:\/\/www.yoroow.com\/fr\/#\/schema\/logo\/image\/"},"sameAs":["https:\/\/www.facebook.com\/people\/yoroowfaucetfactory\/61564236752362\/"]}]}},"_links":{"self":[{"href":"https:\/\/www.yoroow.com\/fr\/wp-json\/wp\/v2\/product\/12913","targetHints":{"allow":["GET"]}}],"collection":[{"href":"https:\/\/www.yoroow.com\/fr\/wp-json\/wp\/v2\/product"}],"about":[{"href":"https:\/\/www.yoroow.com\/fr\/wp-json\/wp\/v2\/types\/product"}],"wp:featuredmedia":[{"embeddable":true,"href":"https:\/\/www.yoroow.com\/fr\/wp-json\/wp\/v2\/media\/12890"}],"wp:attachment":[{"href":"https:\/\/www.yoroow.com\/fr\/wp-json\/wp\/v2\/media?parent=12913"}],"wp:term":[{"taxonomy":"product_brand","embeddable":true,"href":"https:\/\/www.yoroow.com\/fr\/wp-json\/wp\/v2\/product_brand?post=12913"},{"taxonomy":"product_cat","embeddable":true,"href":"https:\/\/www.yoroow.com\/fr\/wp-json\/wp\/v2\/product_cat?post=12913"},{"taxonomy":"product_tag","embeddable":true,"href":"https:\/\/www.yoroow.com\/fr\/wp-json\/wp\/v2\/product_tag?post=12913"}],"curies":[{"name":"wp","href":"https:\/\/api.w.org\/{rel}","templated":true}]}}