{"id":12746,"date":"2025-02-25T10:14:41","date_gmt":"2025-02-25T02:14:41","guid":{"rendered":"https:\/\/www.yoroow.com\/?post_type=product&#038;p=12746"},"modified":"2025-05-16T09:40:14","modified_gmt":"2025-05-16T01:40:14","slug":"vente-directe-dusine-robinet-de-lavabo-avec-douchette-chromee","status":"publish","type":"product","link":"https:\/\/www.yoroow.com\/fr\/detail-du-produit\/vente-directe-dusine-robinet-de-lavabo-avec-douchette-chromee\/","title":{"rendered":"Factory Direct Sales Chrome Plated Deck Pull Spray Basin Faucet Water Tap Single Cold Basin Faucet Zinc Handle Wash Handin Basin"},"content":{"rendered":"<p>Factory Direct Sales Chrome Plated Deck Pull Spray Basin Faucet Water Tap Single Cold Basin Faucet Zinc Handle Wash Hand Basin Ce robinet de lavabo \u00e0 tirette chrom\u00e9 mont\u00e9 sur le pont offre une grande polyvalence gr\u00e2ce \u00e0 sa fonction extractible, facilitant l'utilisation pour se laver les mains et d'autres t\u00e2ches. Son robinet d'eau froide unique est id\u00e9al pour les lavabos de salle de bains, et la poign\u00e9e en zinc garantit une longue dur\u00e9e de vie. Fabriqu\u00e9 dans une usine chinoise avec des proc\u00e9d\u00e9s de fabrication modernes, ce robinet est con\u00e7u pour un d\u00e9bit d'eau efficace et une installation facile. Le mod\u00e8le de vente directe \u00e0 l'usine garantit des prix comp\u00e9titifs, ce qui le rend id\u00e9al pour l'exportation vers les march\u00e9s d'Am\u00e9rique du Sud et d'Asie du Sud-Est, qui privil\u00e9gient la fonctionnalit\u00e9 et la rentabilit\u00e9.<\/p>","protected":false},"excerpt":{"rendered":"<p>Factory Direct Sales Chrome Plated Deck Pull Spray Basin Faucet Water Tap Single Cold Basin Faucet Zinc Handle Wash Hand Basin Ce robinet de lavabo \u00e0 tirette chrom\u00e9 mont\u00e9 sur le pont offre une grande polyvalence gr\u00e2ce \u00e0 sa fonction extractible, facilitant l'utilisation pour se laver les mains et d'autres t\u00e2ches. Son robinet d'eau froide simple est id\u00e9al pour les lavabos de salle de bains, et...<\/p>","protected":false},"featured_media":12772,"template":"","meta":{"_acf_changed":false,"_kad_post_transparent":"default","_kad_post_title":"","_kad_post_layout":"default","_kad_post_sidebar_id":"","_kad_post_content_style":"default","_kad_post_vertical_padding":"default","_kad_post_feature":"","_kad_post_feature_position":"","_kad_post_header":false,"_kad_post_footer":false},"product_brand":[],"product_cat":[219],"product_tag":[3434,3423],"class_list":{"0":"post-12746","1":"product","2":"type-product","3":"status-publish","4":"has-post-thumbnail","6":"product_cat-single-cold-basin-faucet","7":"product_tag-wash-hand-basin-tap","8":"product_tag-zinc-handle-basin-tap","10":"first","11":"instock","12":"shipping-taxable","13":"purchasable","14":"product-type-variable","15":"wvs-archive-product-wrapper","16":"entry","17":"content-bg","18":"loop-entry"},"acf":[],"yoast_head":"<!-- This site is optimized with the Yoast SEO Premium plugin v25.4 (Yoast SEO v27.0) - https:\/\/yoast.com\/product\/yoast-seo-premium-wordpress\/ -->\n<title>Factory Direct Sales Chrome Plated Deck Pull Spray Basin Faucet Water Tap Single Cold Basin Faucet Zinc Handle Wash Hand Basin - YOROOW<\/title>\n<meta name=\"description\" content=\"This chrome plated deck-mounted pull spray basin faucet features a single cold water function with a zinc handle, ideal for hand wash basins in modern bathrooms. Produced by our Chinese factory, it offers competitive pricing and quality assurance, making it popular in South America and Southeast Asia for hotels and residential use.\" \/>\n<meta name=\"robots\" content=\"index, follow, max-snippet:-1, max-image-preview:large, max-video-preview:-1\" \/>\n<link rel=\"canonical\" href=\"https:\/\/www.yoroow.com\/fr\/detail-du-produit\/vente-directe-dusine-robinet-de-lavabo-avec-douchette-chromee\/\" \/>\n<meta property=\"og:locale\" content=\"fr_FR\" \/>\n<meta property=\"og:type\" content=\"article\" \/>\n<meta property=\"og:title\" content=\"Factory Direct Sales Chrome Plated Deck Pull Spray Basin Faucet Water Tap Single Cold Basin Faucet Zinc Handle Wash Hand Basin\" \/>\n<meta property=\"og:description\" content=\"This chrome plated deck-mounted pull spray basin faucet features a single cold water function with a zinc handle, ideal for hand wash basins in modern bathrooms. Produced by our Chinese factory, it offers competitive pricing and quality assurance, making it popular in South America and Southeast Asia for hotels and residential use.\" \/>\n<meta property=\"og:url\" content=\"https:\/\/www.yoroow.com\/fr\/detail-du-produit\/vente-directe-dusine-robinet-de-lavabo-avec-douchette-chromee\/\" \/>\n<meta property=\"og:site_name\" content=\"YOROOW\" \/>\n<meta property=\"article:publisher\" content=\"https:\/\/www.facebook.com\/people\/yoroowfaucetfactory\/61564236752362\/\" \/>\n<meta property=\"article:modified_time\" content=\"2025-05-16T01:40:14+00:00\" \/>\n<meta property=\"og:image\" content=\"https:\/\/www.yoroow.com\/wp-content\/uploads\/2025\/02\/232323.png\" \/>\n\t<meta property=\"og:image:width\" content=\"493\" \/>\n\t<meta property=\"og:image:height\" content=\"492\" \/>\n\t<meta property=\"og:image:type\" content=\"image\/png\" \/>\n<meta name=\"twitter:card\" content=\"summary_large_image\" \/>\n<meta name=\"twitter:label1\" content=\"Dur\u00e9e de lecture estim\u00e9e\" \/>\n\t<meta name=\"twitter:data1\" content=\"1 minute\" \/>\n<script type=\"application\/ld+json\" class=\"yoast-schema-graph\">{\"@context\":\"https:\/\/schema.org\",\"@graph\":[{\"@type\":\"WebPage\",\"@id\":\"https:\/\/www.yoroow.com\/fr\/detail-du-produit\/vente-directe-dusine-robinet-de-lavabo-avec-douchette-chromee\/\",\"url\":\"https:\/\/www.yoroow.com\/fr\/detail-du-produit\/vente-directe-dusine-robinet-de-lavabo-avec-douchette-chromee\/\",\"name\":\"Factory Direct Sales Chrome Plated Deck Pull Spray Basin Faucet Water Tap Single Cold Basin Faucet Zinc Handle Wash Hand Basin - YOROOW\",\"isPartOf\":{\"@id\":\"https:\/\/www.yoroow.com\/fr\/#website\"},\"primaryImageOfPage\":{\"@id\":\"https:\/\/www.yoroow.com\/fr\/detail-du-produit\/vente-directe-dusine-robinet-de-lavabo-avec-douchette-chromee\/#primaryimage\"},\"image\":{\"@id\":\"https:\/\/www.yoroow.com\/fr\/detail-du-produit\/vente-directe-dusine-robinet-de-lavabo-avec-douchette-chromee\/#primaryimage\"},\"thumbnailUrl\":\"https:\/\/www.yoroow.com\/wp-content\/uploads\/2025\/02\/232323.png\",\"datePublished\":\"2025-02-25T02:14:41+00:00\",\"dateModified\":\"2025-05-16T01:40:14+00:00\",\"description\":\"This chrome plated deck-mounted pull spray basin faucet features a single cold water function with a zinc handle, ideal for hand wash basins in modern bathrooms. Produced by our Chinese factory, it offers competitive pricing and quality assurance, making it popular in South America and Southeast Asia for hotels and residential use.\",\"breadcrumb\":{\"@id\":\"https:\/\/www.yoroow.com\/fr\/detail-du-produit\/vente-directe-dusine-robinet-de-lavabo-avec-douchette-chromee\/#breadcrumb\"},\"inLanguage\":\"fr-FR\",\"potentialAction\":[{\"@type\":\"ReadAction\",\"target\":[\"https:\/\/www.yoroow.com\/fr\/detail-du-produit\/vente-directe-dusine-robinet-de-lavabo-avec-douchette-chromee\/\"]}]},{\"@type\":\"ImageObject\",\"inLanguage\":\"fr-FR\",\"@id\":\"https:\/\/www.yoroow.com\/fr\/detail-du-produit\/vente-directe-dusine-robinet-de-lavabo-avec-douchette-chromee\/#primaryimage\",\"url\":\"https:\/\/www.yoroow.com\/wp-content\/uploads\/2025\/02\/232323.png\",\"contentUrl\":\"https:\/\/www.yoroow.com\/wp-content\/uploads\/2025\/02\/232323.png\",\"width\":493,\"height\":492,\"caption\":\"Factory Direct Sales Chrome Plated Deck Pull Spray Basin Faucet Water Tap Single Cold Basin Faucet Zinc Handle Wash Hand Basin\"},{\"@type\":\"BreadcrumbList\",\"@id\":\"https:\/\/www.yoroow.com\/fr\/detail-du-produit\/vente-directe-dusine-robinet-de-lavabo-avec-douchette-chromee\/#breadcrumb\",\"itemListElement\":[{\"@type\":\"ListItem\",\"position\":1,\"name\":\"home\",\"item\":\"https:\/\/www.yoroow.com\/\"},{\"@type\":\"ListItem\",\"position\":2,\"name\":\"Product\",\"item\":\"https:\/\/www.yoroow.com\/product\/\"},{\"@type\":\"ListItem\",\"position\":3,\"name\":\"Factory Direct Sales Chrome Plated Deck Pull Spray Basin Faucet Water Tap Single Cold Basin Faucet Zinc Handle Wash Hand Basin\"}]},{\"@type\":\"WebSite\",\"@id\":\"https:\/\/www.yoroow.com\/fr\/#website\",\"url\":\"https:\/\/www.yoroow.com\/fr\/\",\"name\":\"YOROOW\",\"description\":\"\",\"publisher\":{\"@id\":\"https:\/\/www.yoroow.com\/fr\/#organization\"},\"potentialAction\":[{\"@type\":\"SearchAction\",\"target\":{\"@type\":\"EntryPoint\",\"urlTemplate\":\"https:\/\/www.yoroow.com\/fr\/?s={search_term_string}\"},\"query-input\":{\"@type\":\"PropertyValueSpecification\",\"valueRequired\":true,\"valueName\":\"search_term_string\"}}],\"inLanguage\":\"fr-FR\"},{\"@type\":\"Organization\",\"@id\":\"https:\/\/www.yoroow.com\/fr\/#organization\",\"name\":\"YOROOW\",\"url\":\"https:\/\/www.yoroow.com\/fr\/\",\"logo\":{\"@type\":\"ImageObject\",\"inLanguage\":\"fr-FR\",\"@id\":\"https:\/\/www.yoroow.com\/fr\/#\/schema\/logo\/image\/\",\"url\":\"https:\/\/www.yoroow.com\/wp-content\/uploads\/2024\/12\/2024123007131061.png\",\"contentUrl\":\"https:\/\/www.yoroow.com\/wp-content\/uploads\/2024\/12\/2024123007131061.png\",\"width\":168,\"height\":27,\"caption\":\"YOROOW\"},\"image\":{\"@id\":\"https:\/\/www.yoroow.com\/fr\/#\/schema\/logo\/image\/\"},\"sameAs\":[\"https:\/\/www.facebook.com\/people\/yoroowfaucetfactory\/61564236752362\/\"]}]}<\/script>\n<!-- \/ Yoast SEO Premium plugin. -->","yoast_head_json":{"title":"Factory Direct Sales Chrome Plated Deck Pull Spray Basin Faucet Water Tap Single Cold Basin Faucet Zinc Handle Wash Hand Basin - YOROOW","description":"This chrome plated deck-mounted pull spray basin faucet features a single cold water function with a zinc handle, ideal for hand wash basins in modern bathrooms. Produced by our Chinese factory, it offers competitive pricing and quality assurance, making it popular in South America and Southeast Asia for hotels and residential use.","robots":{"index":"index","follow":"follow","max-snippet":"max-snippet:-1","max-image-preview":"max-image-preview:large","max-video-preview":"max-video-preview:-1"},"canonical":"https:\/\/www.yoroow.com\/fr\/detail-du-produit\/vente-directe-dusine-robinet-de-lavabo-avec-douchette-chromee\/","og_locale":"fr_FR","og_type":"article","og_title":"Factory Direct Sales Chrome Plated Deck Pull Spray Basin Faucet Water Tap Single Cold Basin Faucet Zinc Handle Wash Hand Basin","og_description":"This chrome plated deck-mounted pull spray basin faucet features a single cold water function with a zinc handle, ideal for hand wash basins in modern bathrooms. Produced by our Chinese factory, it offers competitive pricing and quality assurance, making it popular in South America and Southeast Asia for hotels and residential use.","og_url":"https:\/\/www.yoroow.com\/fr\/detail-du-produit\/vente-directe-dusine-robinet-de-lavabo-avec-douchette-chromee\/","og_site_name":"YOROOW","article_publisher":"https:\/\/www.facebook.com\/people\/yoroowfaucetfactory\/61564236752362\/","article_modified_time":"2025-05-16T01:40:14+00:00","og_image":[{"width":493,"height":492,"url":"https:\/\/www.yoroow.com\/wp-content\/uploads\/2025\/02\/232323.png","type":"image\/png"}],"twitter_card":"summary_large_image","twitter_misc":{"Dur\u00e9e de lecture estim\u00e9e":"1 minute"},"schema":{"@context":"https:\/\/schema.org","@graph":[{"@type":"WebPage","@id":"https:\/\/www.yoroow.com\/fr\/detail-du-produit\/vente-directe-dusine-robinet-de-lavabo-avec-douchette-chromee\/","url":"https:\/\/www.yoroow.com\/fr\/detail-du-produit\/vente-directe-dusine-robinet-de-lavabo-avec-douchette-chromee\/","name":"Factory Direct Sales Chrome Plated Deck Pull Spray Basin Faucet Water Tap Single Cold Basin Faucet Zinc Handle Wash Hand Basin - YOROOW","isPartOf":{"@id":"https:\/\/www.yoroow.com\/fr\/#website"},"primaryImageOfPage":{"@id":"https:\/\/www.yoroow.com\/fr\/detail-du-produit\/vente-directe-dusine-robinet-de-lavabo-avec-douchette-chromee\/#primaryimage"},"image":{"@id":"https:\/\/www.yoroow.com\/fr\/detail-du-produit\/vente-directe-dusine-robinet-de-lavabo-avec-douchette-chromee\/#primaryimage"},"thumbnailUrl":"https:\/\/www.yoroow.com\/wp-content\/uploads\/2025\/02\/232323.png","datePublished":"2025-02-25T02:14:41+00:00","dateModified":"2025-05-16T01:40:14+00:00","description":"This chrome plated deck-mounted pull spray basin faucet features a single cold water function with a zinc handle, ideal for hand wash basins in modern bathrooms. Produced by our Chinese factory, it offers competitive pricing and quality assurance, making it popular in South America and Southeast Asia for hotels and residential use.","breadcrumb":{"@id":"https:\/\/www.yoroow.com\/fr\/detail-du-produit\/vente-directe-dusine-robinet-de-lavabo-avec-douchette-chromee\/#breadcrumb"},"inLanguage":"fr-FR","potentialAction":[{"@type":"ReadAction","target":["https:\/\/www.yoroow.com\/fr\/detail-du-produit\/vente-directe-dusine-robinet-de-lavabo-avec-douchette-chromee\/"]}]},{"@type":"ImageObject","inLanguage":"fr-FR","@id":"https:\/\/www.yoroow.com\/fr\/detail-du-produit\/vente-directe-dusine-robinet-de-lavabo-avec-douchette-chromee\/#primaryimage","url":"https:\/\/www.yoroow.com\/wp-content\/uploads\/2025\/02\/232323.png","contentUrl":"https:\/\/www.yoroow.com\/wp-content\/uploads\/2025\/02\/232323.png","width":493,"height":492,"caption":"Factory Direct Sales Chrome Plated Deck Pull Spray Basin Faucet Water Tap Single Cold Basin Faucet Zinc Handle Wash Hand Basin"},{"@type":"BreadcrumbList","@id":"https:\/\/www.yoroow.com\/fr\/detail-du-produit\/vente-directe-dusine-robinet-de-lavabo-avec-douchette-chromee\/#breadcrumb","itemListElement":[{"@type":"ListItem","position":1,"name":"home","item":"https:\/\/www.yoroow.com\/"},{"@type":"ListItem","position":2,"name":"Product","item":"https:\/\/www.yoroow.com\/product\/"},{"@type":"ListItem","position":3,"name":"Factory Direct Sales Chrome Plated Deck Pull Spray Basin Faucet Water Tap Single Cold Basin Faucet Zinc Handle Wash Hand Basin"}]},{"@type":"WebSite","@id":"https:\/\/www.yoroow.com\/fr\/#website","url":"https:\/\/www.yoroow.com\/fr\/","name":"YOROOW","description":"","publisher":{"@id":"https:\/\/www.yoroow.com\/fr\/#organization"},"potentialAction":[{"@type":"SearchAction","target":{"@type":"EntryPoint","urlTemplate":"https:\/\/www.yoroow.com\/fr\/?s={search_term_string}"},"query-input":{"@type":"PropertyValueSpecification","valueRequired":true,"valueName":"search_term_string"}}],"inLanguage":"fr-FR"},{"@type":"Organization","@id":"https:\/\/www.yoroow.com\/fr\/#organization","name":"YOROOW","url":"https:\/\/www.yoroow.com\/fr\/","logo":{"@type":"ImageObject","inLanguage":"fr-FR","@id":"https:\/\/www.yoroow.com\/fr\/#\/schema\/logo\/image\/","url":"https:\/\/www.yoroow.com\/wp-content\/uploads\/2024\/12\/2024123007131061.png","contentUrl":"https:\/\/www.yoroow.com\/wp-content\/uploads\/2024\/12\/2024123007131061.png","width":168,"height":27,"caption":"YOROOW"},"image":{"@id":"https:\/\/www.yoroow.com\/fr\/#\/schema\/logo\/image\/"},"sameAs":["https:\/\/www.facebook.com\/people\/yoroowfaucetfactory\/61564236752362\/"]}]}},"_links":{"self":[{"href":"https:\/\/www.yoroow.com\/fr\/wp-json\/wp\/v2\/product\/12746","targetHints":{"allow":["GET"]}}],"collection":[{"href":"https:\/\/www.yoroow.com\/fr\/wp-json\/wp\/v2\/product"}],"about":[{"href":"https:\/\/www.yoroow.com\/fr\/wp-json\/wp\/v2\/types\/product"}],"wp:featuredmedia":[{"embeddable":true,"href":"https:\/\/www.yoroow.com\/fr\/wp-json\/wp\/v2\/media\/12772"}],"wp:attachment":[{"href":"https:\/\/www.yoroow.com\/fr\/wp-json\/wp\/v2\/media?parent=12746"}],"wp:term":[{"taxonomy":"product_brand","embeddable":true,"href":"https:\/\/www.yoroow.com\/fr\/wp-json\/wp\/v2\/product_brand?post=12746"},{"taxonomy":"product_cat","embeddable":true,"href":"https:\/\/www.yoroow.com\/fr\/wp-json\/wp\/v2\/product_cat?post=12746"},{"taxonomy":"product_tag","embeddable":true,"href":"https:\/\/www.yoroow.com\/fr\/wp-json\/wp\/v2\/product_tag?post=12746"}],"curies":[{"name":"wp","href":"https:\/\/api.w.org\/{rel}","templated":true}]}}