{"id":12691,"date":"2025-02-24T16:00:18","date_gmt":"2025-02-24T08:00:18","guid":{"rendered":"https:\/\/www.yoroow.com\/?post_type=product&#038;p=12691"},"modified":"2025-05-16T09:39:25","modified_gmt":"2025-05-16T01:39:25","slug":"modeles-chauds-lavabos-de-salle-de-bain-en-acier-inoxydable-mitigeur-devier-robinet-de-salle-de-bain-filtre-deau-chaude-et-froide-robinet","status":"publish","type":"product","link":"https:\/\/www.yoroow.com\/fr\/detail-du-produit\/modeles-chauds-lavabos-de-salle-de-bain-en-acier-inoxydable-mitigeur-devier-robinet-de-salle-de-bain-filtre-deau-chaude-et-froide-robinet\/","title":{"rendered":"Robinet mitigeur pour salle de bain en acier inoxydable 304, design moderne et contemporain"},"content":{"rendered":"<p>Ce robinet de lavabo haut et moderne allie un design \u00e9pur\u00e9 et contemporain \u00e0 des mat\u00e9riaux de haute qualit\u00e9. Fabriqu\u00e9 en acier inoxydable 304 durable, il est dot\u00e9 d'un m\u00e9langeur en zinc qui permet de contr\u00f4ler le d\u00e9bit d'eau en douceur. Id\u00e9al pour les salles de bains, ce robinet offre \u00e0 la fois fonctionnalit\u00e9 et style, avec une finition bross\u00e9e r\u00e9sistante \u00e0 la corrosion qui garantit la long\u00e9vit\u00e9. Il convient aux espaces r\u00e9sidentiels et commerciaux haut de gamme, en particulier sur les march\u00e9s d'Am\u00e9rique du Sud et d'Asie du Sud-Est, o\u00f9 la qualit\u00e9 et l'attrait esth\u00e9tique sont prioritaires. Le produit b\u00e9n\u00e9ficie des solides capacit\u00e9s de fabrication de YOROOW en Chine, ce qui permet d'offrir \u00e0 la vente directe des options personnalis\u00e9es adapt\u00e9es aux diverses demandes du march\u00e9.<\/p>","protected":false},"excerpt":{"rendered":"<p>This modern tall basin tap combines a sleek, contemporary design with high-quality materials. Made from durable 304 stainless steel, it features a zinc mixer for smooth water flow control. Ideal for bathrooms, this faucet offers both functionality and style, with a corrosion-resistant brushed finish that ensures longevity. It is suitable for high-end residential and commercial\u2026<\/p>","protected":false},"featured_media":12678,"template":"","meta":{"_acf_changed":false,"_kad_post_transparent":"default","_kad_post_title":"","_kad_post_layout":"default","_kad_post_sidebar_id":"","_kad_post_content_style":"default","_kad_post_vertical_padding":"default","_kad_post_feature":"","_kad_post_feature_position":"","_kad_post_header":false,"_kad_post_footer":false},"product_brand":[],"product_cat":[238,1560],"product_tag":[6033,3421],"class_list":{"0":"post-12691","1":"product","2":"type-product","3":"status-publish","4":"has-post-thumbnail","6":"product_cat-mixer-basin-faucet","7":"product_cat-tall-basin-mixer-faucet","8":"product_tag-modern-basin-taps","9":"product_tag-zinc-basin-tap","11":"first","12":"instock","13":"shipping-taxable","14":"purchasable","15":"product-type-variable","16":"wvs-archive-product-wrapper","17":"entry","18":"content-bg","19":"loop-entry"},"acf":[],"yoast_head":"<!-- This site is optimized with the Yoast SEO Premium plugin v25.4 (Yoast SEO v27.0) - https:\/\/yoast.com\/product\/yoast-seo-premium-wordpress\/ -->\n<title>Modern Contemporary Design 304 Stainless Steel Tall Basin Tap Zinc Mixer Faucet for Bathroom Water Tap - YOROOW<\/title>\n<meta name=\"description\" content=\"Modern 304 stainless steel tall basin tap with zinc mixer body. Contemporary bathroom solution with hot and cold water. Chinese factory production with fast delivery. Ideal for export to South America and Southeast Asia.\" \/>\n<meta name=\"robots\" content=\"index, follow, max-snippet:-1, max-image-preview:large, max-video-preview:-1\" \/>\n<link rel=\"canonical\" href=\"https:\/\/www.yoroow.com\/fr\/detail-du-produit\/modeles-chauds-lavabos-de-salle-de-bain-en-acier-inoxydable-mitigeur-devier-robinet-de-salle-de-bain-filtre-deau-chaude-et-froide-robinet\/\" \/>\n<meta property=\"og:locale\" content=\"fr_FR\" \/>\n<meta property=\"og:type\" content=\"article\" \/>\n<meta property=\"og:title\" content=\"Modern Contemporary Design 304 Stainless Steel Tall Basin Tap Zinc Mixer Faucet for Bathroom Water Tap\" \/>\n<meta property=\"og:description\" content=\"Modern 304 stainless steel tall basin tap with zinc mixer body. Contemporary bathroom solution with hot and cold water. Chinese factory production with fast delivery. Ideal for export to South America and Southeast Asia.\" \/>\n<meta property=\"og:url\" content=\"https:\/\/www.yoroow.com\/fr\/detail-du-produit\/modeles-chauds-lavabos-de-salle-de-bain-en-acier-inoxydable-mitigeur-devier-robinet-de-salle-de-bain-filtre-deau-chaude-et-froide-robinet\/\" \/>\n<meta property=\"og:site_name\" content=\"YOROOW\" \/>\n<meta property=\"article:publisher\" content=\"https:\/\/www.facebook.com\/people\/yoroowfaucetfactory\/61564236752362\/\" \/>\n<meta property=\"article:modified_time\" content=\"2025-05-16T01:39:25+00:00\" \/>\n<meta property=\"og:image\" content=\"https:\/\/www.yoroow.com\/wp-content\/uploads\/2025\/02\/61-0106-1.jpg\" \/>\n\t<meta property=\"og:image:width\" content=\"500\" \/>\n\t<meta property=\"og:image:height\" content=\"500\" \/>\n\t<meta property=\"og:image:type\" content=\"image\/jpeg\" \/>\n<meta name=\"twitter:card\" content=\"summary_large_image\" \/>\n<meta name=\"twitter:label1\" content=\"Dur\u00e9e de lecture estim\u00e9e\" \/>\n\t<meta name=\"twitter:data1\" content=\"1 minute\" \/>\n<script type=\"application\/ld+json\" class=\"yoast-schema-graph\">{\"@context\":\"https:\/\/schema.org\",\"@graph\":[{\"@type\":\"WebPage\",\"@id\":\"https:\/\/www.yoroow.com\/fr\/detail-du-produit\/modeles-chauds-lavabos-de-salle-de-bain-en-acier-inoxydable-mitigeur-devier-robinet-de-salle-de-bain-filtre-deau-chaude-et-froide-robinet\/\",\"url\":\"https:\/\/www.yoroow.com\/fr\/detail-du-produit\/modeles-chauds-lavabos-de-salle-de-bain-en-acier-inoxydable-mitigeur-devier-robinet-de-salle-de-bain-filtre-deau-chaude-et-froide-robinet\/\",\"name\":\"Modern Contemporary Design 304 Stainless Steel Tall Basin Tap Zinc Mixer Faucet for Bathroom Water Tap - YOROOW\",\"isPartOf\":{\"@id\":\"https:\/\/www.yoroow.com\/fr\/#website\"},\"primaryImageOfPage\":{\"@id\":\"https:\/\/www.yoroow.com\/fr\/detail-du-produit\/modeles-chauds-lavabos-de-salle-de-bain-en-acier-inoxydable-mitigeur-devier-robinet-de-salle-de-bain-filtre-deau-chaude-et-froide-robinet\/#primaryimage\"},\"image\":{\"@id\":\"https:\/\/www.yoroow.com\/fr\/detail-du-produit\/modeles-chauds-lavabos-de-salle-de-bain-en-acier-inoxydable-mitigeur-devier-robinet-de-salle-de-bain-filtre-deau-chaude-et-froide-robinet\/#primaryimage\"},\"thumbnailUrl\":\"https:\/\/www.yoroow.com\/wp-content\/uploads\/2025\/02\/61-0106-1.jpg\",\"datePublished\":\"2025-02-24T08:00:18+00:00\",\"dateModified\":\"2025-05-16T01:39:25+00:00\",\"description\":\"Modern 304 stainless steel tall basin tap with zinc mixer body. Contemporary bathroom solution with hot and cold water. Chinese factory production with fast delivery. Ideal for export to South America and Southeast Asia.\",\"breadcrumb\":{\"@id\":\"https:\/\/www.yoroow.com\/fr\/detail-du-produit\/modeles-chauds-lavabos-de-salle-de-bain-en-acier-inoxydable-mitigeur-devier-robinet-de-salle-de-bain-filtre-deau-chaude-et-froide-robinet\/#breadcrumb\"},\"inLanguage\":\"fr-FR\",\"potentialAction\":[{\"@type\":\"ReadAction\",\"target\":[\"https:\/\/www.yoroow.com\/fr\/detail-du-produit\/modeles-chauds-lavabos-de-salle-de-bain-en-acier-inoxydable-mitigeur-devier-robinet-de-salle-de-bain-filtre-deau-chaude-et-froide-robinet\/\"]}]},{\"@type\":\"ImageObject\",\"inLanguage\":\"fr-FR\",\"@id\":\"https:\/\/www.yoroow.com\/fr\/detail-du-produit\/modeles-chauds-lavabos-de-salle-de-bain-en-acier-inoxydable-mitigeur-devier-robinet-de-salle-de-bain-filtre-deau-chaude-et-froide-robinet\/#primaryimage\",\"url\":\"https:\/\/www.yoroow.com\/wp-content\/uploads\/2025\/02\/61-0106-1.jpg\",\"contentUrl\":\"https:\/\/www.yoroow.com\/wp-content\/uploads\/2025\/02\/61-0106-1.jpg\",\"width\":500,\"height\":500,\"caption\":\"Classic Brass Single-Handle Basin Faucet Zinc Brass Waterfall Tap Tall Body Hot Cold Water Bathroom Sink Faucet Toilet Faucet\"},{\"@type\":\"BreadcrumbList\",\"@id\":\"https:\/\/www.yoroow.com\/fr\/detail-du-produit\/modeles-chauds-lavabos-de-salle-de-bain-en-acier-inoxydable-mitigeur-devier-robinet-de-salle-de-bain-filtre-deau-chaude-et-froide-robinet\/#breadcrumb\",\"itemListElement\":[{\"@type\":\"ListItem\",\"position\":1,\"name\":\"home\",\"item\":\"https:\/\/www.yoroow.com\/\"},{\"@type\":\"ListItem\",\"position\":2,\"name\":\"Product\",\"item\":\"https:\/\/www.yoroow.com\/product\/\"},{\"@type\":\"ListItem\",\"position\":3,\"name\":\"Modern Contemporary Design 304 Stainless Steel Tall Basin Tap Zinc Mixer Faucet for Bathroom Water Tap\"}]},{\"@type\":\"WebSite\",\"@id\":\"https:\/\/www.yoroow.com\/fr\/#website\",\"url\":\"https:\/\/www.yoroow.com\/fr\/\",\"name\":\"YOROOW\",\"description\":\"\",\"publisher\":{\"@id\":\"https:\/\/www.yoroow.com\/fr\/#organization\"},\"potentialAction\":[{\"@type\":\"SearchAction\",\"target\":{\"@type\":\"EntryPoint\",\"urlTemplate\":\"https:\/\/www.yoroow.com\/fr\/?s={search_term_string}\"},\"query-input\":{\"@type\":\"PropertyValueSpecification\",\"valueRequired\":true,\"valueName\":\"search_term_string\"}}],\"inLanguage\":\"fr-FR\"},{\"@type\":\"Organization\",\"@id\":\"https:\/\/www.yoroow.com\/fr\/#organization\",\"name\":\"YOROOW\",\"url\":\"https:\/\/www.yoroow.com\/fr\/\",\"logo\":{\"@type\":\"ImageObject\",\"inLanguage\":\"fr-FR\",\"@id\":\"https:\/\/www.yoroow.com\/fr\/#\/schema\/logo\/image\/\",\"url\":\"https:\/\/www.yoroow.com\/wp-content\/uploads\/2024\/12\/2024123007131061.png\",\"contentUrl\":\"https:\/\/www.yoroow.com\/wp-content\/uploads\/2024\/12\/2024123007131061.png\",\"width\":168,\"height\":27,\"caption\":\"YOROOW\"},\"image\":{\"@id\":\"https:\/\/www.yoroow.com\/fr\/#\/schema\/logo\/image\/\"},\"sameAs\":[\"https:\/\/www.facebook.com\/people\/yoroowfaucetfactory\/61564236752362\/\"]}]}<\/script>\n<!-- \/ Yoast SEO Premium plugin. -->","yoast_head_json":{"title":"Modern Contemporary Design 304 Stainless Steel Tall Basin Tap Zinc Mixer Faucet for Bathroom Water Tap - YOROOW","description":"Modern 304 stainless steel tall basin tap with zinc mixer body. Contemporary bathroom solution with hot and cold water. Chinese factory production with fast delivery. Ideal for export to South America and Southeast Asia.","robots":{"index":"index","follow":"follow","max-snippet":"max-snippet:-1","max-image-preview":"max-image-preview:large","max-video-preview":"max-video-preview:-1"},"canonical":"https:\/\/www.yoroow.com\/fr\/detail-du-produit\/modeles-chauds-lavabos-de-salle-de-bain-en-acier-inoxydable-mitigeur-devier-robinet-de-salle-de-bain-filtre-deau-chaude-et-froide-robinet\/","og_locale":"fr_FR","og_type":"article","og_title":"Modern Contemporary Design 304 Stainless Steel Tall Basin Tap Zinc Mixer Faucet for Bathroom Water Tap","og_description":"Modern 304 stainless steel tall basin tap with zinc mixer body. Contemporary bathroom solution with hot and cold water. Chinese factory production with fast delivery. Ideal for export to South America and Southeast Asia.","og_url":"https:\/\/www.yoroow.com\/fr\/detail-du-produit\/modeles-chauds-lavabos-de-salle-de-bain-en-acier-inoxydable-mitigeur-devier-robinet-de-salle-de-bain-filtre-deau-chaude-et-froide-robinet\/","og_site_name":"YOROOW","article_publisher":"https:\/\/www.facebook.com\/people\/yoroowfaucetfactory\/61564236752362\/","article_modified_time":"2025-05-16T01:39:25+00:00","og_image":[{"width":500,"height":500,"url":"https:\/\/www.yoroow.com\/wp-content\/uploads\/2025\/02\/61-0106-1.jpg","type":"image\/jpeg"}],"twitter_card":"summary_large_image","twitter_misc":{"Dur\u00e9e de lecture estim\u00e9e":"1 minute"},"schema":{"@context":"https:\/\/schema.org","@graph":[{"@type":"WebPage","@id":"https:\/\/www.yoroow.com\/fr\/detail-du-produit\/modeles-chauds-lavabos-de-salle-de-bain-en-acier-inoxydable-mitigeur-devier-robinet-de-salle-de-bain-filtre-deau-chaude-et-froide-robinet\/","url":"https:\/\/www.yoroow.com\/fr\/detail-du-produit\/modeles-chauds-lavabos-de-salle-de-bain-en-acier-inoxydable-mitigeur-devier-robinet-de-salle-de-bain-filtre-deau-chaude-et-froide-robinet\/","name":"Modern Contemporary Design 304 Stainless Steel Tall Basin Tap Zinc Mixer Faucet for Bathroom Water Tap - YOROOW","isPartOf":{"@id":"https:\/\/www.yoroow.com\/fr\/#website"},"primaryImageOfPage":{"@id":"https:\/\/www.yoroow.com\/fr\/detail-du-produit\/modeles-chauds-lavabos-de-salle-de-bain-en-acier-inoxydable-mitigeur-devier-robinet-de-salle-de-bain-filtre-deau-chaude-et-froide-robinet\/#primaryimage"},"image":{"@id":"https:\/\/www.yoroow.com\/fr\/detail-du-produit\/modeles-chauds-lavabos-de-salle-de-bain-en-acier-inoxydable-mitigeur-devier-robinet-de-salle-de-bain-filtre-deau-chaude-et-froide-robinet\/#primaryimage"},"thumbnailUrl":"https:\/\/www.yoroow.com\/wp-content\/uploads\/2025\/02\/61-0106-1.jpg","datePublished":"2025-02-24T08:00:18+00:00","dateModified":"2025-05-16T01:39:25+00:00","description":"Modern 304 stainless steel tall basin tap with zinc mixer body. Contemporary bathroom solution with hot and cold water. Chinese factory production with fast delivery. Ideal for export to South America and Southeast Asia.","breadcrumb":{"@id":"https:\/\/www.yoroow.com\/fr\/detail-du-produit\/modeles-chauds-lavabos-de-salle-de-bain-en-acier-inoxydable-mitigeur-devier-robinet-de-salle-de-bain-filtre-deau-chaude-et-froide-robinet\/#breadcrumb"},"inLanguage":"fr-FR","potentialAction":[{"@type":"ReadAction","target":["https:\/\/www.yoroow.com\/fr\/detail-du-produit\/modeles-chauds-lavabos-de-salle-de-bain-en-acier-inoxydable-mitigeur-devier-robinet-de-salle-de-bain-filtre-deau-chaude-et-froide-robinet\/"]}]},{"@type":"ImageObject","inLanguage":"fr-FR","@id":"https:\/\/www.yoroow.com\/fr\/detail-du-produit\/modeles-chauds-lavabos-de-salle-de-bain-en-acier-inoxydable-mitigeur-devier-robinet-de-salle-de-bain-filtre-deau-chaude-et-froide-robinet\/#primaryimage","url":"https:\/\/www.yoroow.com\/wp-content\/uploads\/2025\/02\/61-0106-1.jpg","contentUrl":"https:\/\/www.yoroow.com\/wp-content\/uploads\/2025\/02\/61-0106-1.jpg","width":500,"height":500,"caption":"Classic Brass Single-Handle Basin Faucet Zinc Brass Waterfall Tap Tall Body Hot Cold Water Bathroom Sink Faucet Toilet Faucet"},{"@type":"BreadcrumbList","@id":"https:\/\/www.yoroow.com\/fr\/detail-du-produit\/modeles-chauds-lavabos-de-salle-de-bain-en-acier-inoxydable-mitigeur-devier-robinet-de-salle-de-bain-filtre-deau-chaude-et-froide-robinet\/#breadcrumb","itemListElement":[{"@type":"ListItem","position":1,"name":"home","item":"https:\/\/www.yoroow.com\/"},{"@type":"ListItem","position":2,"name":"Product","item":"https:\/\/www.yoroow.com\/product\/"},{"@type":"ListItem","position":3,"name":"Modern Contemporary Design 304 Stainless Steel Tall Basin Tap Zinc Mixer Faucet for Bathroom Water Tap"}]},{"@type":"WebSite","@id":"https:\/\/www.yoroow.com\/fr\/#website","url":"https:\/\/www.yoroow.com\/fr\/","name":"YOROOW","description":"","publisher":{"@id":"https:\/\/www.yoroow.com\/fr\/#organization"},"potentialAction":[{"@type":"SearchAction","target":{"@type":"EntryPoint","urlTemplate":"https:\/\/www.yoroow.com\/fr\/?s={search_term_string}"},"query-input":{"@type":"PropertyValueSpecification","valueRequired":true,"valueName":"search_term_string"}}],"inLanguage":"fr-FR"},{"@type":"Organization","@id":"https:\/\/www.yoroow.com\/fr\/#organization","name":"YOROOW","url":"https:\/\/www.yoroow.com\/fr\/","logo":{"@type":"ImageObject","inLanguage":"fr-FR","@id":"https:\/\/www.yoroow.com\/fr\/#\/schema\/logo\/image\/","url":"https:\/\/www.yoroow.com\/wp-content\/uploads\/2024\/12\/2024123007131061.png","contentUrl":"https:\/\/www.yoroow.com\/wp-content\/uploads\/2024\/12\/2024123007131061.png","width":168,"height":27,"caption":"YOROOW"},"image":{"@id":"https:\/\/www.yoroow.com\/fr\/#\/schema\/logo\/image\/"},"sameAs":["https:\/\/www.facebook.com\/people\/yoroowfaucetfactory\/61564236752362\/"]}]}},"_links":{"self":[{"href":"https:\/\/www.yoroow.com\/fr\/wp-json\/wp\/v2\/product\/12691","targetHints":{"allow":["GET"]}}],"collection":[{"href":"https:\/\/www.yoroow.com\/fr\/wp-json\/wp\/v2\/product"}],"about":[{"href":"https:\/\/www.yoroow.com\/fr\/wp-json\/wp\/v2\/types\/product"}],"wp:featuredmedia":[{"embeddable":true,"href":"https:\/\/www.yoroow.com\/fr\/wp-json\/wp\/v2\/media\/12678"}],"wp:attachment":[{"href":"https:\/\/www.yoroow.com\/fr\/wp-json\/wp\/v2\/media?parent=12691"}],"wp:term":[{"taxonomy":"product_brand","embeddable":true,"href":"https:\/\/www.yoroow.com\/fr\/wp-json\/wp\/v2\/product_brand?post=12691"},{"taxonomy":"product_cat","embeddable":true,"href":"https:\/\/www.yoroow.com\/fr\/wp-json\/wp\/v2\/product_cat?post=12691"},{"taxonomy":"product_tag","embeddable":true,"href":"https:\/\/www.yoroow.com\/fr\/wp-json\/wp\/v2\/product_tag?post=12691"}],"curies":[{"name":"wp","href":"https:\/\/api.w.org\/{rel}","templated":true}]}}