{"id":12358,"date":"2025-02-22T11:12:53","date_gmt":"2025-02-22T03:12:53","guid":{"rendered":"https:\/\/www.yoroow.com\/?post_type=product&#038;p=12358"},"modified":"2025-05-16T09:36:19","modified_gmt":"2025-05-16T01:36:19","slug":"lieux-publics-usage-hospitalier-accessoires-de-lavage-temporises-laiton-avec-pied-de-lit-lavabo-froid-robinetterie","status":"publish","type":"product","link":"https:\/\/www.yoroow.com\/fr\/detail-du-produit\/lieux-publics-usage-hospitalier-accessoires-de-lavage-temporises-laiton-avec-pied-de-lit-lavabo-froid-robinetterie\/","title":{"rendered":"Robinet de lavabo \u00e0 pied en laiton \u00e0 temporisation commerciale Robinet d'\u00e9vier \u00e0 pied en cuivre pour lieux publics H\u00f4pitaux Accessoires de lavage"},"content":{"rendered":"<p>Commercial Time Delay Brass Footboard Basin Faucet Copper Foot Pedal Sink Valve for Public Places Hospitals Wash Accessories Ce robinet de lavabo commercial \u00e0 p\u00e9dale est con\u00e7u pour les espaces publics, les h\u00f4pitaux et autres environnements tr\u00e8s fr\u00e9quent\u00e9s o\u00f9 il est essentiel d'avoir les mains libres. Fabriqu\u00e9 en laiton de haute qualit\u00e9 avec une p\u00e9dale en cuivre, il offre des performances fiables avec une fonction de temporisation pour une utilisation efficace de l'eau. La p\u00e9dale permet aux utilisateurs d'activer le d\u00e9bit d'eau sans toucher le robinet, ce qui garantit des conditions hygi\u00e9niques dans les lieux o\u00f9 l'hygi\u00e8ne est essentielle. L'expertise de YOROOW en mati\u00e8re de fabrication chinoise permet d'offrir ce produit \u00e0 des prix comp\u00e9titifs, ce qui en fait un excellent choix pour l'exportation vers les march\u00e9s d'Am\u00e9rique du Sud et d'Asie du Sud-Est, o\u00f9 les robinets de qualit\u00e9 commerciale sont tr\u00e8s demand\u00e9s.<\/p>","protected":false},"excerpt":{"rendered":"<p>Commercial Time Delay Brass Footboard Basin Faucet Copper Foot Pedal Sink Valve for Public Places Hospitals Wash Accessories This commercial foot pedal basin faucet is designed for public spaces, hospitals, and other high-traffic environments where hands-free operation is crucial. Made from high-quality brass with a copper foot pedal, it provides reliable performance with time-delay functionality\u2026<\/p>","protected":false},"featured_media":12360,"template":"","meta":{"_acf_changed":false,"_kad_post_transparent":"default","_kad_post_title":"","_kad_post_layout":"default","_kad_post_sidebar_id":"","_kad_post_content_style":"default","_kad_post_vertical_padding":"default","_kad_post_feature":"","_kad_post_feature_position":"","_kad_post_header":false,"_kad_post_footer":false},"product_brand":[],"product_cat":[233],"product_tag":[7394,7408],"class_list":{"0":"post-12358","1":"product","2":"type-product","3":"status-publish","4":"has-post-thumbnail","6":"product_cat-pedaled-faucet","7":"product_tag-commercial-foot-pedal-sink","8":"product_tag-copper-foot-pedal-sink-valve","10":"first","11":"instock","12":"shipping-taxable","13":"purchasable","14":"product-type-variable","15":"wvs-archive-product-wrapper","16":"entry","17":"content-bg","18":"loop-entry"},"acf":[],"yoast_head":"<!-- This site is optimized with the Yoast SEO Premium plugin v25.4 (Yoast SEO v27.0) - https:\/\/yoast.com\/product\/yoast-seo-premium-wordpress\/ -->\n<title>Commercial Time Delay Brass Footboard Basin Faucet Copper Foot Pedal Sink Valve for Public Places Hospitals Wash Accessories - YOROOW<\/title>\n<meta name=\"description\" content=\"Commercial time-delay brass footboard basin faucet with copper construction for public places and hospitals. Durable and hygienic design made in China, perfect for high-traffic wash areas. Widely exported to healthcare facilities in South America and Southeast Asia.\" \/>\n<meta name=\"robots\" content=\"index, follow, max-snippet:-1, max-image-preview:large, max-video-preview:-1\" \/>\n<link rel=\"canonical\" href=\"https:\/\/www.yoroow.com\/fr\/detail-du-produit\/lieux-publics-usage-hospitalier-accessoires-de-lavage-temporises-laiton-avec-pied-de-lit-lavabo-froid-robinetterie\/\" \/>\n<meta property=\"og:locale\" content=\"fr_FR\" \/>\n<meta property=\"og:type\" content=\"article\" \/>\n<meta property=\"og:title\" content=\"Commercial Time Delay Brass Footboard Basin Faucet Copper Foot Pedal Sink Valve for Public Places Hospitals Wash Accessories\" \/>\n<meta property=\"og:description\" content=\"Commercial time-delay brass footboard basin faucet with copper construction for public places and hospitals. Durable and hygienic design made in China, perfect for high-traffic wash areas. Widely exported to healthcare facilities in South America and Southeast Asia.\" \/>\n<meta property=\"og:url\" content=\"https:\/\/www.yoroow.com\/fr\/detail-du-produit\/lieux-publics-usage-hospitalier-accessoires-de-lavage-temporises-laiton-avec-pied-de-lit-lavabo-froid-robinetterie\/\" \/>\n<meta property=\"og:site_name\" content=\"YOROOW\" \/>\n<meta property=\"article:publisher\" content=\"https:\/\/www.facebook.com\/people\/yoroowfaucetfactory\/61564236752362\/\" \/>\n<meta property=\"article:modified_time\" content=\"2025-05-16T01:36:19+00:00\" \/>\n<meta property=\"og:image\" content=\"https:\/\/www.yoroow.com\/wp-content\/uploads\/2025\/02\/image-1-1.png\" \/>\n\t<meta property=\"og:image:width\" content=\"730\" \/>\n\t<meta property=\"og:image:height\" content=\"721\" \/>\n\t<meta property=\"og:image:type\" content=\"image\/png\" \/>\n<meta name=\"twitter:card\" content=\"summary_large_image\" \/>\n<meta name=\"twitter:label1\" content=\"Dur\u00e9e de lecture estim\u00e9e\" \/>\n\t<meta name=\"twitter:data1\" content=\"1 minute\" \/>\n<script type=\"application\/ld+json\" class=\"yoast-schema-graph\">{\"@context\":\"https:\/\/schema.org\",\"@graph\":[{\"@type\":\"WebPage\",\"@id\":\"https:\/\/www.yoroow.com\/fr\/detail-du-produit\/lieux-publics-usage-hospitalier-accessoires-de-lavage-temporises-laiton-avec-pied-de-lit-lavabo-froid-robinetterie\/\",\"url\":\"https:\/\/www.yoroow.com\/fr\/detail-du-produit\/lieux-publics-usage-hospitalier-accessoires-de-lavage-temporises-laiton-avec-pied-de-lit-lavabo-froid-robinetterie\/\",\"name\":\"Commercial Time Delay Brass Footboard Basin Faucet Copper Foot Pedal Sink Valve for Public Places Hospitals Wash Accessories - YOROOW\",\"isPartOf\":{\"@id\":\"https:\/\/www.yoroow.com\/fr\/#website\"},\"primaryImageOfPage\":{\"@id\":\"https:\/\/www.yoroow.com\/fr\/detail-du-produit\/lieux-publics-usage-hospitalier-accessoires-de-lavage-temporises-laiton-avec-pied-de-lit-lavabo-froid-robinetterie\/#primaryimage\"},\"image\":{\"@id\":\"https:\/\/www.yoroow.com\/fr\/detail-du-produit\/lieux-publics-usage-hospitalier-accessoires-de-lavage-temporises-laiton-avec-pied-de-lit-lavabo-froid-robinetterie\/#primaryimage\"},\"thumbnailUrl\":\"https:\/\/www.yoroow.com\/wp-content\/uploads\/2025\/02\/image-1-1.png\",\"datePublished\":\"2025-02-22T03:12:53+00:00\",\"dateModified\":\"2025-05-16T01:36:19+00:00\",\"description\":\"Commercial time-delay brass footboard basin faucet with copper construction for public places and hospitals. Durable and hygienic design made in China, perfect for high-traffic wash areas. Widely exported to healthcare facilities in South America and Southeast Asia.\",\"breadcrumb\":{\"@id\":\"https:\/\/www.yoroow.com\/fr\/detail-du-produit\/lieux-publics-usage-hospitalier-accessoires-de-lavage-temporises-laiton-avec-pied-de-lit-lavabo-froid-robinetterie\/#breadcrumb\"},\"inLanguage\":\"fr-FR\",\"potentialAction\":[{\"@type\":\"ReadAction\",\"target\":[\"https:\/\/www.yoroow.com\/fr\/detail-du-produit\/lieux-publics-usage-hospitalier-accessoires-de-lavage-temporises-laiton-avec-pied-de-lit-lavabo-froid-robinetterie\/\"]}]},{\"@type\":\"ImageObject\",\"inLanguage\":\"fr-FR\",\"@id\":\"https:\/\/www.yoroow.com\/fr\/detail-du-produit\/lieux-publics-usage-hospitalier-accessoires-de-lavage-temporises-laiton-avec-pied-de-lit-lavabo-froid-robinetterie\/#primaryimage\",\"url\":\"https:\/\/www.yoroow.com\/wp-content\/uploads\/2025\/02\/image-1-1.png\",\"contentUrl\":\"https:\/\/www.yoroow.com\/wp-content\/uploads\/2025\/02\/image-1-1.png\",\"width\":730,\"height\":721,\"caption\":\"Public Places Hospital Use Wash Accessories Time Delay Brass with Footboard Wash Cold Basin Faucet\"},{\"@type\":\"BreadcrumbList\",\"@id\":\"https:\/\/www.yoroow.com\/fr\/detail-du-produit\/lieux-publics-usage-hospitalier-accessoires-de-lavage-temporises-laiton-avec-pied-de-lit-lavabo-froid-robinetterie\/#breadcrumb\",\"itemListElement\":[{\"@type\":\"ListItem\",\"position\":1,\"name\":\"home\",\"item\":\"https:\/\/www.yoroow.com\/\"},{\"@type\":\"ListItem\",\"position\":2,\"name\":\"Product\",\"item\":\"https:\/\/www.yoroow.com\/product\/\"},{\"@type\":\"ListItem\",\"position\":3,\"name\":\"Commercial Time Delay Brass Footboard Basin Faucet Copper Foot Pedal Sink Valve for Public Places Hospitals Wash Accessories\"}]},{\"@type\":\"WebSite\",\"@id\":\"https:\/\/www.yoroow.com\/fr\/#website\",\"url\":\"https:\/\/www.yoroow.com\/fr\/\",\"name\":\"YOROOW\",\"description\":\"\",\"publisher\":{\"@id\":\"https:\/\/www.yoroow.com\/fr\/#organization\"},\"potentialAction\":[{\"@type\":\"SearchAction\",\"target\":{\"@type\":\"EntryPoint\",\"urlTemplate\":\"https:\/\/www.yoroow.com\/fr\/?s={search_term_string}\"},\"query-input\":{\"@type\":\"PropertyValueSpecification\",\"valueRequired\":true,\"valueName\":\"search_term_string\"}}],\"inLanguage\":\"fr-FR\"},{\"@type\":\"Organization\",\"@id\":\"https:\/\/www.yoroow.com\/fr\/#organization\",\"name\":\"YOROOW\",\"url\":\"https:\/\/www.yoroow.com\/fr\/\",\"logo\":{\"@type\":\"ImageObject\",\"inLanguage\":\"fr-FR\",\"@id\":\"https:\/\/www.yoroow.com\/fr\/#\/schema\/logo\/image\/\",\"url\":\"https:\/\/www.yoroow.com\/wp-content\/uploads\/2024\/12\/2024123007131061.png\",\"contentUrl\":\"https:\/\/www.yoroow.com\/wp-content\/uploads\/2024\/12\/2024123007131061.png\",\"width\":168,\"height\":27,\"caption\":\"YOROOW\"},\"image\":{\"@id\":\"https:\/\/www.yoroow.com\/fr\/#\/schema\/logo\/image\/\"},\"sameAs\":[\"https:\/\/www.facebook.com\/people\/yoroowfaucetfactory\/61564236752362\/\"]}]}<\/script>\n<!-- \/ Yoast SEO Premium plugin. -->","yoast_head_json":{"title":"Commercial Time Delay Brass Footboard Basin Faucet Copper Foot Pedal Sink Valve for Public Places Hospitals Wash Accessories - YOROOW","description":"Commercial time-delay brass footboard basin faucet with copper construction for public places and hospitals. Durable and hygienic design made in China, perfect for high-traffic wash areas. Widely exported to healthcare facilities in South America and Southeast Asia.","robots":{"index":"index","follow":"follow","max-snippet":"max-snippet:-1","max-image-preview":"max-image-preview:large","max-video-preview":"max-video-preview:-1"},"canonical":"https:\/\/www.yoroow.com\/fr\/detail-du-produit\/lieux-publics-usage-hospitalier-accessoires-de-lavage-temporises-laiton-avec-pied-de-lit-lavabo-froid-robinetterie\/","og_locale":"fr_FR","og_type":"article","og_title":"Commercial Time Delay Brass Footboard Basin Faucet Copper Foot Pedal Sink Valve for Public Places Hospitals Wash Accessories","og_description":"Commercial time-delay brass footboard basin faucet with copper construction for public places and hospitals. Durable and hygienic design made in China, perfect for high-traffic wash areas. Widely exported to healthcare facilities in South America and Southeast Asia.","og_url":"https:\/\/www.yoroow.com\/fr\/detail-du-produit\/lieux-publics-usage-hospitalier-accessoires-de-lavage-temporises-laiton-avec-pied-de-lit-lavabo-froid-robinetterie\/","og_site_name":"YOROOW","article_publisher":"https:\/\/www.facebook.com\/people\/yoroowfaucetfactory\/61564236752362\/","article_modified_time":"2025-05-16T01:36:19+00:00","og_image":[{"width":730,"height":721,"url":"https:\/\/www.yoroow.com\/wp-content\/uploads\/2025\/02\/image-1-1.png","type":"image\/png"}],"twitter_card":"summary_large_image","twitter_misc":{"Dur\u00e9e de lecture estim\u00e9e":"1 minute"},"schema":{"@context":"https:\/\/schema.org","@graph":[{"@type":"WebPage","@id":"https:\/\/www.yoroow.com\/fr\/detail-du-produit\/lieux-publics-usage-hospitalier-accessoires-de-lavage-temporises-laiton-avec-pied-de-lit-lavabo-froid-robinetterie\/","url":"https:\/\/www.yoroow.com\/fr\/detail-du-produit\/lieux-publics-usage-hospitalier-accessoires-de-lavage-temporises-laiton-avec-pied-de-lit-lavabo-froid-robinetterie\/","name":"Commercial Time Delay Brass Footboard Basin Faucet Copper Foot Pedal Sink Valve for Public Places Hospitals Wash Accessories - YOROOW","isPartOf":{"@id":"https:\/\/www.yoroow.com\/fr\/#website"},"primaryImageOfPage":{"@id":"https:\/\/www.yoroow.com\/fr\/detail-du-produit\/lieux-publics-usage-hospitalier-accessoires-de-lavage-temporises-laiton-avec-pied-de-lit-lavabo-froid-robinetterie\/#primaryimage"},"image":{"@id":"https:\/\/www.yoroow.com\/fr\/detail-du-produit\/lieux-publics-usage-hospitalier-accessoires-de-lavage-temporises-laiton-avec-pied-de-lit-lavabo-froid-robinetterie\/#primaryimage"},"thumbnailUrl":"https:\/\/www.yoroow.com\/wp-content\/uploads\/2025\/02\/image-1-1.png","datePublished":"2025-02-22T03:12:53+00:00","dateModified":"2025-05-16T01:36:19+00:00","description":"Commercial time-delay brass footboard basin faucet with copper construction for public places and hospitals. Durable and hygienic design made in China, perfect for high-traffic wash areas. Widely exported to healthcare facilities in South America and Southeast Asia.","breadcrumb":{"@id":"https:\/\/www.yoroow.com\/fr\/detail-du-produit\/lieux-publics-usage-hospitalier-accessoires-de-lavage-temporises-laiton-avec-pied-de-lit-lavabo-froid-robinetterie\/#breadcrumb"},"inLanguage":"fr-FR","potentialAction":[{"@type":"ReadAction","target":["https:\/\/www.yoroow.com\/fr\/detail-du-produit\/lieux-publics-usage-hospitalier-accessoires-de-lavage-temporises-laiton-avec-pied-de-lit-lavabo-froid-robinetterie\/"]}]},{"@type":"ImageObject","inLanguage":"fr-FR","@id":"https:\/\/www.yoroow.com\/fr\/detail-du-produit\/lieux-publics-usage-hospitalier-accessoires-de-lavage-temporises-laiton-avec-pied-de-lit-lavabo-froid-robinetterie\/#primaryimage","url":"https:\/\/www.yoroow.com\/wp-content\/uploads\/2025\/02\/image-1-1.png","contentUrl":"https:\/\/www.yoroow.com\/wp-content\/uploads\/2025\/02\/image-1-1.png","width":730,"height":721,"caption":"Public Places Hospital Use Wash Accessories Time Delay Brass with Footboard Wash Cold Basin Faucet"},{"@type":"BreadcrumbList","@id":"https:\/\/www.yoroow.com\/fr\/detail-du-produit\/lieux-publics-usage-hospitalier-accessoires-de-lavage-temporises-laiton-avec-pied-de-lit-lavabo-froid-robinetterie\/#breadcrumb","itemListElement":[{"@type":"ListItem","position":1,"name":"home","item":"https:\/\/www.yoroow.com\/"},{"@type":"ListItem","position":2,"name":"Product","item":"https:\/\/www.yoroow.com\/product\/"},{"@type":"ListItem","position":3,"name":"Commercial Time Delay Brass Footboard Basin Faucet Copper Foot Pedal Sink Valve for Public Places Hospitals Wash Accessories"}]},{"@type":"WebSite","@id":"https:\/\/www.yoroow.com\/fr\/#website","url":"https:\/\/www.yoroow.com\/fr\/","name":"YOROOW","description":"","publisher":{"@id":"https:\/\/www.yoroow.com\/fr\/#organization"},"potentialAction":[{"@type":"SearchAction","target":{"@type":"EntryPoint","urlTemplate":"https:\/\/www.yoroow.com\/fr\/?s={search_term_string}"},"query-input":{"@type":"PropertyValueSpecification","valueRequired":true,"valueName":"search_term_string"}}],"inLanguage":"fr-FR"},{"@type":"Organization","@id":"https:\/\/www.yoroow.com\/fr\/#organization","name":"YOROOW","url":"https:\/\/www.yoroow.com\/fr\/","logo":{"@type":"ImageObject","inLanguage":"fr-FR","@id":"https:\/\/www.yoroow.com\/fr\/#\/schema\/logo\/image\/","url":"https:\/\/www.yoroow.com\/wp-content\/uploads\/2024\/12\/2024123007131061.png","contentUrl":"https:\/\/www.yoroow.com\/wp-content\/uploads\/2024\/12\/2024123007131061.png","width":168,"height":27,"caption":"YOROOW"},"image":{"@id":"https:\/\/www.yoroow.com\/fr\/#\/schema\/logo\/image\/"},"sameAs":["https:\/\/www.facebook.com\/people\/yoroowfaucetfactory\/61564236752362\/"]}]}},"_links":{"self":[{"href":"https:\/\/www.yoroow.com\/fr\/wp-json\/wp\/v2\/product\/12358","targetHints":{"allow":["GET"]}}],"collection":[{"href":"https:\/\/www.yoroow.com\/fr\/wp-json\/wp\/v2\/product"}],"about":[{"href":"https:\/\/www.yoroow.com\/fr\/wp-json\/wp\/v2\/types\/product"}],"wp:featuredmedia":[{"embeddable":true,"href":"https:\/\/www.yoroow.com\/fr\/wp-json\/wp\/v2\/media\/12360"}],"wp:attachment":[{"href":"https:\/\/www.yoroow.com\/fr\/wp-json\/wp\/v2\/media?parent=12358"}],"wp:term":[{"taxonomy":"product_brand","embeddable":true,"href":"https:\/\/www.yoroow.com\/fr\/wp-json\/wp\/v2\/product_brand?post=12358"},{"taxonomy":"product_cat","embeddable":true,"href":"https:\/\/www.yoroow.com\/fr\/wp-json\/wp\/v2\/product_cat?post=12358"},{"taxonomy":"product_tag","embeddable":true,"href":"https:\/\/www.yoroow.com\/fr\/wp-json\/wp\/v2\/product_tag?post=12358"}],"curies":[{"name":"wp","href":"https:\/\/api.w.org\/{rel}","templated":true}]}}