{"id":12345,"date":"2025-02-22T10:14:40","date_gmt":"2025-02-22T02:14:40","guid":{"rendered":"https:\/\/www.yoroow.com\/?post_type=product&#038;p=12345"},"modified":"2025-05-16T09:35:48","modified_gmt":"2025-05-16T01:35:48","slug":"robinet-chrome-cuivre-economique-mitigeur-de-lavabo-inox-noir-et-or-robinet-de-lavabo-salle-de-bain-robinet-deau-pour-lavabo-%e5%a4%8d%e5%88%b6","status":"publish","type":"product","link":"https:\/\/www.yoroow.com\/fr\/detail-du-produit\/robinet-chrome-cuivre-economique-mitigeur-de-lavabo-inox-noir-et-or-robinet-de-lavabo-salle-de-bain-robinet-deau-pour-lavabo-%e5%a4%8d%e5%88%b6\/","title":{"rendered":"Economic Hotel Basin Faucests Hot Cold Water Stainless Steel Black Gold Basin Mixer Tap Chrome Copper Bathroom Sink Water Faucet"},"content":{"rendered":"<p>Economic Hotel Basin Faucests Hot Cold Water Stainless Steel Black Gold Basin Mixer Tap Chrome Copper Bathroom Sink Water Faucet Ce robinet de lavabo d'h\u00f4tel combine un acier inoxydable de haute qualit\u00e9 avec des finitions noires et dor\u00e9es pour une solution de salle de bain \u00e9l\u00e9gante et fonctionnelle. Il fournit de l'eau chaude et de l'eau froide, avec un corps en cuivre chrom\u00e9 durable con\u00e7u pour une utilisation \u00e0 long terme dans les environnements commerciaux. Le mitigeur \u00e0 une poign\u00e9e permet de contr\u00f4ler facilement le d\u00e9bit et la temp\u00e9rature de l'eau. Id\u00e9al pour les salles de bains d'h\u00f4tels, les \u00e9viers commerciaux et les espaces r\u00e9sidentiels, ce robinet est con\u00e7u pour supporter des volumes d'utilisation \u00e9lev\u00e9s. L'usine de YOROOW en Chine garantit des prix abordables avec des normes de production de haute qualit\u00e9, ce qui en fait une excellente option pour les entreprises ciblant les march\u00e9s d'Am\u00e9rique du Sud et d'Asie du Sud-Est.<\/p>","protected":false},"excerpt":{"rendered":"<p>Economic Hotel Basin Faucets Hot Cold Water Stainless Steel Black Gold Basin Mixer Tap Chrome Copper Bathroom Sink Water Faucet This hotel basin faucet combines high-quality stainless steel with black and gold finishes for a stylish and functional bathroom solution. It provides hot and cold water functionality, with a durable chrome copper body designed for\u2026<\/p>","protected":false},"featured_media":12332,"template":"","meta":{"_acf_changed":false,"_kad_post_transparent":"default","_kad_post_title":"","_kad_post_layout":"default","_kad_post_sidebar_id":"","_kad_post_content_style":"default","_kad_post_vertical_padding":"default","_kad_post_feature":"","_kad_post_feature_position":"","_kad_post_header":false,"_kad_post_footer":false},"product_brand":[],"product_cat":[238,1567],"product_tag":[5921,5987],"class_list":{"0":"post-12345","1":"product","2":"type-product","3":"status-publish","4":"has-post-thumbnail","6":"product_cat-mixer-basin-faucet","7":"product_cat-special-7139b","8":"product_tag-basin-faucet-with-lever","9":"product_tag-hotel-basin-faucets-with-hot-and-cold-water","11":"first","12":"instock","13":"shipping-taxable","14":"purchasable","15":"product-type-variable","16":"wvs-archive-product-wrapper","17":"entry","18":"content-bg","19":"loop-entry"},"acf":[],"yoast_head":"<!-- This site is optimized with the Yoast SEO Premium plugin v25.4 (Yoast SEO v27.0) - https:\/\/yoast.com\/product\/yoast-seo-premium-wordpress\/ -->\n<title>Economic Hotel Basin Faucets Hot Cold Water Stainless Steel Black Gold Basin Mixer Tap Chrome Copper Bathroom Sink Water Faucet - YOROOW<\/title>\n<meta name=\"description\" content=\"Economic hotel basin faucet with hot and cold water function, crafted from stainless steel with black and gold finishes. Reliable Chinese manufacturing supports OEM customization and cost-effective solutions. Perfect for hotel bathrooms and exported mainly to Latin America and Southeast Asia.\" \/>\n<meta name=\"robots\" content=\"index, follow, max-snippet:-1, max-image-preview:large, max-video-preview:-1\" \/>\n<link rel=\"canonical\" href=\"https:\/\/www.yoroow.com\/fr\/detail-du-produit\/robinet-chrome-cuivre-economique-mitigeur-de-lavabo-inox-noir-et-or-robinet-de-lavabo-salle-de-bain-robinet-deau-pour-lavabo-\u590d\u5236\/\" \/>\n<meta property=\"og:locale\" content=\"fr_FR\" \/>\n<meta property=\"og:type\" content=\"article\" \/>\n<meta property=\"og:title\" content=\"Economic Hotel Basin Faucets Hot Cold Water Stainless Steel Black Gold Basin Mixer Tap Chrome Copper Bathroom Sink Water Faucet\" \/>\n<meta property=\"og:description\" content=\"Economic hotel basin faucet with hot and cold water function, crafted from stainless steel with black and gold finishes. Reliable Chinese manufacturing supports OEM customization and cost-effective solutions. Perfect for hotel bathrooms and exported mainly to Latin America and Southeast Asia.\" \/>\n<meta property=\"og:url\" content=\"https:\/\/www.yoroow.com\/fr\/detail-du-produit\/robinet-chrome-cuivre-economique-mitigeur-de-lavabo-inox-noir-et-or-robinet-de-lavabo-salle-de-bain-robinet-deau-pour-lavabo-\u590d\u5236\/\" \/>\n<meta property=\"og:site_name\" content=\"YOROOW\" \/>\n<meta property=\"article:publisher\" content=\"https:\/\/www.facebook.com\/people\/yoroowfaucetfactory\/61564236752362\/\" \/>\n<meta property=\"article:modified_time\" content=\"2025-05-16T01:35:48+00:00\" \/>\n<meta property=\"og:image\" content=\"https:\/\/www.yoroow.com\/wp-content\/uploads\/2025\/02\/7139B2.jpg\" \/>\n\t<meta property=\"og:image:width\" content=\"750\" \/>\n\t<meta property=\"og:image:height\" content=\"750\" \/>\n\t<meta property=\"og:image:type\" content=\"image\/jpeg\" \/>\n<meta name=\"twitter:card\" content=\"summary_large_image\" \/>\n<meta name=\"twitter:label1\" content=\"Dur\u00e9e de lecture estim\u00e9e\" \/>\n\t<meta name=\"twitter:data1\" content=\"1 minute\" \/>\n<script type=\"application\/ld+json\" class=\"yoast-schema-graph\">{\"@context\":\"https:\/\/schema.org\",\"@graph\":[{\"@type\":\"WebPage\",\"@id\":\"https:\/\/www.yoroow.com\/fr\/detail-du-produit\/robinet-chrome-cuivre-economique-mitigeur-de-lavabo-inox-noir-et-or-robinet-de-lavabo-salle-de-bain-robinet-deau-pour-lavabo-%e5%a4%8d%e5%88%b6\/\",\"url\":\"https:\/\/www.yoroow.com\/fr\/detail-du-produit\/robinet-chrome-cuivre-economique-mitigeur-de-lavabo-inox-noir-et-or-robinet-de-lavabo-salle-de-bain-robinet-deau-pour-lavabo-%e5%a4%8d%e5%88%b6\/\",\"name\":\"Economic Hotel Basin Faucets Hot Cold Water Stainless Steel Black Gold Basin Mixer Tap Chrome Copper Bathroom Sink Water Faucet - YOROOW\",\"isPartOf\":{\"@id\":\"https:\/\/www.yoroow.com\/fr\/#website\"},\"primaryImageOfPage\":{\"@id\":\"https:\/\/www.yoroow.com\/fr\/detail-du-produit\/robinet-chrome-cuivre-economique-mitigeur-de-lavabo-inox-noir-et-or-robinet-de-lavabo-salle-de-bain-robinet-deau-pour-lavabo-%e5%a4%8d%e5%88%b6\/#primaryimage\"},\"image\":{\"@id\":\"https:\/\/www.yoroow.com\/fr\/detail-du-produit\/robinet-chrome-cuivre-economique-mitigeur-de-lavabo-inox-noir-et-or-robinet-de-lavabo-salle-de-bain-robinet-deau-pour-lavabo-%e5%a4%8d%e5%88%b6\/#primaryimage\"},\"thumbnailUrl\":\"https:\/\/www.yoroow.com\/wp-content\/uploads\/2025\/02\/7139B2.jpg\",\"datePublished\":\"2025-02-22T02:14:40+00:00\",\"dateModified\":\"2025-05-16T01:35:48+00:00\",\"description\":\"Economic hotel basin faucet with hot and cold water function, crafted from stainless steel with black and gold finishes. Reliable Chinese manufacturing supports OEM customization and cost-effective solutions. Perfect for hotel bathrooms and exported mainly to Latin America and Southeast Asia.\",\"breadcrumb\":{\"@id\":\"https:\/\/www.yoroow.com\/fr\/detail-du-produit\/robinet-chrome-cuivre-economique-mitigeur-de-lavabo-inox-noir-et-or-robinet-de-lavabo-salle-de-bain-robinet-deau-pour-lavabo-%e5%a4%8d%e5%88%b6\/#breadcrumb\"},\"inLanguage\":\"fr-FR\",\"potentialAction\":[{\"@type\":\"ReadAction\",\"target\":[\"https:\/\/www.yoroow.com\/fr\/detail-du-produit\/robinet-chrome-cuivre-economique-mitigeur-de-lavabo-inox-noir-et-or-robinet-de-lavabo-salle-de-bain-robinet-deau-pour-lavabo-%e5%a4%8d%e5%88%b6\/\"]}]},{\"@type\":\"ImageObject\",\"inLanguage\":\"fr-FR\",\"@id\":\"https:\/\/www.yoroow.com\/fr\/detail-du-produit\/robinet-chrome-cuivre-economique-mitigeur-de-lavabo-inox-noir-et-or-robinet-de-lavabo-salle-de-bain-robinet-deau-pour-lavabo-%e5%a4%8d%e5%88%b6\/#primaryimage\",\"url\":\"https:\/\/www.yoroow.com\/wp-content\/uploads\/2025\/02\/7139B2.jpg\",\"contentUrl\":\"https:\/\/www.yoroow.com\/wp-content\/uploads\/2025\/02\/7139B2.jpg\",\"width\":750,\"height\":750,\"caption\":\"Classic Black Basin Mixer Faucet for Bathroom Hotel Villa-Brushed Finish Vanity Faucet for Washbasin\"},{\"@type\":\"BreadcrumbList\",\"@id\":\"https:\/\/www.yoroow.com\/fr\/detail-du-produit\/robinet-chrome-cuivre-economique-mitigeur-de-lavabo-inox-noir-et-or-robinet-de-lavabo-salle-de-bain-robinet-deau-pour-lavabo-%e5%a4%8d%e5%88%b6\/#breadcrumb\",\"itemListElement\":[{\"@type\":\"ListItem\",\"position\":1,\"name\":\"home\",\"item\":\"https:\/\/www.yoroow.com\/\"},{\"@type\":\"ListItem\",\"position\":2,\"name\":\"Product\",\"item\":\"https:\/\/www.yoroow.com\/product\/\"},{\"@type\":\"ListItem\",\"position\":3,\"name\":\"Economic Hotel Basin Faucets Hot Cold Water Stainless Steel Black Gold Basin Mixer Tap Chrome Copper Bathroom Sink Water Faucet\"}]},{\"@type\":\"WebSite\",\"@id\":\"https:\/\/www.yoroow.com\/fr\/#website\",\"url\":\"https:\/\/www.yoroow.com\/fr\/\",\"name\":\"YOROOW\",\"description\":\"\",\"publisher\":{\"@id\":\"https:\/\/www.yoroow.com\/fr\/#organization\"},\"potentialAction\":[{\"@type\":\"SearchAction\",\"target\":{\"@type\":\"EntryPoint\",\"urlTemplate\":\"https:\/\/www.yoroow.com\/fr\/?s={search_term_string}\"},\"query-input\":{\"@type\":\"PropertyValueSpecification\",\"valueRequired\":true,\"valueName\":\"search_term_string\"}}],\"inLanguage\":\"fr-FR\"},{\"@type\":\"Organization\",\"@id\":\"https:\/\/www.yoroow.com\/fr\/#organization\",\"name\":\"YOROOW\",\"url\":\"https:\/\/www.yoroow.com\/fr\/\",\"logo\":{\"@type\":\"ImageObject\",\"inLanguage\":\"fr-FR\",\"@id\":\"https:\/\/www.yoroow.com\/fr\/#\/schema\/logo\/image\/\",\"url\":\"https:\/\/www.yoroow.com\/wp-content\/uploads\/2024\/12\/2024123007131061.png\",\"contentUrl\":\"https:\/\/www.yoroow.com\/wp-content\/uploads\/2024\/12\/2024123007131061.png\",\"width\":168,\"height\":27,\"caption\":\"YOROOW\"},\"image\":{\"@id\":\"https:\/\/www.yoroow.com\/fr\/#\/schema\/logo\/image\/\"},\"sameAs\":[\"https:\/\/www.facebook.com\/people\/yoroowfaucetfactory\/61564236752362\/\"]}]}<\/script>\n<!-- \/ Yoast SEO Premium plugin. -->","yoast_head_json":{"title":"Economic Hotel Basin Faucets Hot Cold Water Stainless Steel Black Gold Basin Mixer Tap Chrome Copper Bathroom Sink Water Faucet - YOROOW","description":"Economic hotel basin faucet with hot and cold water function, crafted from stainless steel with black and gold finishes. Reliable Chinese manufacturing supports OEM customization and cost-effective solutions. Perfect for hotel bathrooms and exported mainly to Latin America and Southeast Asia.","robots":{"index":"index","follow":"follow","max-snippet":"max-snippet:-1","max-image-preview":"max-image-preview:large","max-video-preview":"max-video-preview:-1"},"canonical":"https:\/\/www.yoroow.com\/fr\/detail-du-produit\/robinet-chrome-cuivre-economique-mitigeur-de-lavabo-inox-noir-et-or-robinet-de-lavabo-salle-de-bain-robinet-deau-pour-lavabo-\u590d\u5236\/","og_locale":"fr_FR","og_type":"article","og_title":"Economic Hotel Basin Faucets Hot Cold Water Stainless Steel Black Gold Basin Mixer Tap Chrome Copper Bathroom Sink Water Faucet","og_description":"Economic hotel basin faucet with hot and cold water function, crafted from stainless steel with black and gold finishes. Reliable Chinese manufacturing supports OEM customization and cost-effective solutions. Perfect for hotel bathrooms and exported mainly to Latin America and Southeast Asia.","og_url":"https:\/\/www.yoroow.com\/fr\/detail-du-produit\/robinet-chrome-cuivre-economique-mitigeur-de-lavabo-inox-noir-et-or-robinet-de-lavabo-salle-de-bain-robinet-deau-pour-lavabo-\u590d\u5236\/","og_site_name":"YOROOW","article_publisher":"https:\/\/www.facebook.com\/people\/yoroowfaucetfactory\/61564236752362\/","article_modified_time":"2025-05-16T01:35:48+00:00","og_image":[{"width":750,"height":750,"url":"https:\/\/www.yoroow.com\/wp-content\/uploads\/2025\/02\/7139B2.jpg","type":"image\/jpeg"}],"twitter_card":"summary_large_image","twitter_misc":{"Dur\u00e9e de lecture estim\u00e9e":"1 minute"},"schema":{"@context":"https:\/\/schema.org","@graph":[{"@type":"WebPage","@id":"https:\/\/www.yoroow.com\/fr\/detail-du-produit\/robinet-chrome-cuivre-economique-mitigeur-de-lavabo-inox-noir-et-or-robinet-de-lavabo-salle-de-bain-robinet-deau-pour-lavabo-%e5%a4%8d%e5%88%b6\/","url":"https:\/\/www.yoroow.com\/fr\/detail-du-produit\/robinet-chrome-cuivre-economique-mitigeur-de-lavabo-inox-noir-et-or-robinet-de-lavabo-salle-de-bain-robinet-deau-pour-lavabo-%e5%a4%8d%e5%88%b6\/","name":"Economic Hotel Basin Faucets Hot Cold Water Stainless Steel Black Gold Basin Mixer Tap Chrome Copper Bathroom Sink Water Faucet - YOROOW","isPartOf":{"@id":"https:\/\/www.yoroow.com\/fr\/#website"},"primaryImageOfPage":{"@id":"https:\/\/www.yoroow.com\/fr\/detail-du-produit\/robinet-chrome-cuivre-economique-mitigeur-de-lavabo-inox-noir-et-or-robinet-de-lavabo-salle-de-bain-robinet-deau-pour-lavabo-%e5%a4%8d%e5%88%b6\/#primaryimage"},"image":{"@id":"https:\/\/www.yoroow.com\/fr\/detail-du-produit\/robinet-chrome-cuivre-economique-mitigeur-de-lavabo-inox-noir-et-or-robinet-de-lavabo-salle-de-bain-robinet-deau-pour-lavabo-%e5%a4%8d%e5%88%b6\/#primaryimage"},"thumbnailUrl":"https:\/\/www.yoroow.com\/wp-content\/uploads\/2025\/02\/7139B2.jpg","datePublished":"2025-02-22T02:14:40+00:00","dateModified":"2025-05-16T01:35:48+00:00","description":"Economic hotel basin faucet with hot and cold water function, crafted from stainless steel with black and gold finishes. Reliable Chinese manufacturing supports OEM customization and cost-effective solutions. Perfect for hotel bathrooms and exported mainly to Latin America and Southeast Asia.","breadcrumb":{"@id":"https:\/\/www.yoroow.com\/fr\/detail-du-produit\/robinet-chrome-cuivre-economique-mitigeur-de-lavabo-inox-noir-et-or-robinet-de-lavabo-salle-de-bain-robinet-deau-pour-lavabo-%e5%a4%8d%e5%88%b6\/#breadcrumb"},"inLanguage":"fr-FR","potentialAction":[{"@type":"ReadAction","target":["https:\/\/www.yoroow.com\/fr\/detail-du-produit\/robinet-chrome-cuivre-economique-mitigeur-de-lavabo-inox-noir-et-or-robinet-de-lavabo-salle-de-bain-robinet-deau-pour-lavabo-%e5%a4%8d%e5%88%b6\/"]}]},{"@type":"ImageObject","inLanguage":"fr-FR","@id":"https:\/\/www.yoroow.com\/fr\/detail-du-produit\/robinet-chrome-cuivre-economique-mitigeur-de-lavabo-inox-noir-et-or-robinet-de-lavabo-salle-de-bain-robinet-deau-pour-lavabo-%e5%a4%8d%e5%88%b6\/#primaryimage","url":"https:\/\/www.yoroow.com\/wp-content\/uploads\/2025\/02\/7139B2.jpg","contentUrl":"https:\/\/www.yoroow.com\/wp-content\/uploads\/2025\/02\/7139B2.jpg","width":750,"height":750,"caption":"Classic Black Basin Mixer Faucet for Bathroom Hotel Villa-Brushed Finish Vanity Faucet for Washbasin"},{"@type":"BreadcrumbList","@id":"https:\/\/www.yoroow.com\/fr\/detail-du-produit\/robinet-chrome-cuivre-economique-mitigeur-de-lavabo-inox-noir-et-or-robinet-de-lavabo-salle-de-bain-robinet-deau-pour-lavabo-%e5%a4%8d%e5%88%b6\/#breadcrumb","itemListElement":[{"@type":"ListItem","position":1,"name":"home","item":"https:\/\/www.yoroow.com\/"},{"@type":"ListItem","position":2,"name":"Product","item":"https:\/\/www.yoroow.com\/product\/"},{"@type":"ListItem","position":3,"name":"Economic Hotel Basin Faucets Hot Cold Water Stainless Steel Black Gold Basin Mixer Tap Chrome Copper Bathroom Sink Water Faucet"}]},{"@type":"WebSite","@id":"https:\/\/www.yoroow.com\/fr\/#website","url":"https:\/\/www.yoroow.com\/fr\/","name":"YOROOW","description":"","publisher":{"@id":"https:\/\/www.yoroow.com\/fr\/#organization"},"potentialAction":[{"@type":"SearchAction","target":{"@type":"EntryPoint","urlTemplate":"https:\/\/www.yoroow.com\/fr\/?s={search_term_string}"},"query-input":{"@type":"PropertyValueSpecification","valueRequired":true,"valueName":"search_term_string"}}],"inLanguage":"fr-FR"},{"@type":"Organization","@id":"https:\/\/www.yoroow.com\/fr\/#organization","name":"YOROOW","url":"https:\/\/www.yoroow.com\/fr\/","logo":{"@type":"ImageObject","inLanguage":"fr-FR","@id":"https:\/\/www.yoroow.com\/fr\/#\/schema\/logo\/image\/","url":"https:\/\/www.yoroow.com\/wp-content\/uploads\/2024\/12\/2024123007131061.png","contentUrl":"https:\/\/www.yoroow.com\/wp-content\/uploads\/2024\/12\/2024123007131061.png","width":168,"height":27,"caption":"YOROOW"},"image":{"@id":"https:\/\/www.yoroow.com\/fr\/#\/schema\/logo\/image\/"},"sameAs":["https:\/\/www.facebook.com\/people\/yoroowfaucetfactory\/61564236752362\/"]}]}},"_links":{"self":[{"href":"https:\/\/www.yoroow.com\/fr\/wp-json\/wp\/v2\/product\/12345","targetHints":{"allow":["GET"]}}],"collection":[{"href":"https:\/\/www.yoroow.com\/fr\/wp-json\/wp\/v2\/product"}],"about":[{"href":"https:\/\/www.yoroow.com\/fr\/wp-json\/wp\/v2\/types\/product"}],"wp:featuredmedia":[{"embeddable":true,"href":"https:\/\/www.yoroow.com\/fr\/wp-json\/wp\/v2\/media\/12332"}],"wp:attachment":[{"href":"https:\/\/www.yoroow.com\/fr\/wp-json\/wp\/v2\/media?parent=12345"}],"wp:term":[{"taxonomy":"product_brand","embeddable":true,"href":"https:\/\/www.yoroow.com\/fr\/wp-json\/wp\/v2\/product_brand?post=12345"},{"taxonomy":"product_cat","embeddable":true,"href":"https:\/\/www.yoroow.com\/fr\/wp-json\/wp\/v2\/product_cat?post=12345"},{"taxonomy":"product_tag","embeddable":true,"href":"https:\/\/www.yoroow.com\/fr\/wp-json\/wp\/v2\/product_tag?post=12345"}],"curies":[{"name":"wp","href":"https:\/\/api.w.org\/{rel}","templated":true}]}}