{"id":12261,"date":"2025-02-22T09:41:44","date_gmt":"2025-02-22T01:41:44","guid":{"rendered":"https:\/\/www.yoroow.com\/?post_type=product&#038;p=12261"},"modified":"2025-05-16T09:35:35","modified_gmt":"2025-05-16T01:35:35","slug":"robinet-de-cuisine-en-acier-inoxydable-304-a-tirette-mode-cascade-rotation-chaud-et-froid-pour-evier-de-cuisine","status":"publish","type":"product","link":"https:\/\/www.yoroow.com\/fr\/detail-du-produit\/robinet-de-cuisine-en-acier-inoxydable-304-a-tirette-mode-cascade-rotation-chaud-et-froid-pour-evier-de-cuisine\/","title":{"rendered":"Robinet de cuisine moderne en acier inoxydable Rotation \u00e0 360 degr\u00e9s Mode cascade Rotation chaud-froid \u00c9vier de cuisine Robinet \u00e0 tirette"},"content":{"rendered":"<p>Modern Stainless Steel Single Kitchen Faucet 360 Degree Rotatable Tap Waterfall Mode Hot Cold Rotation Kitchen Sink Pull Faucet offers a 360-degree rotating spout for greater reach and flexibility. The waterfall mode provides a soothing flow of water, while the hot and cold water mixing functionality ensures precise temperature control. Made from stainless steel, this faucet is durable and corrosion-resistant. YOROOW\u2019s manufacturing capabilities ensure cost-effective production without sacrificing quality. This faucet is a great fit for customers in South America and Southeast Asia, where durable, modern kitchen fixtures are highly sought after.<\/p>","protected":false},"excerpt":{"rendered":"<p>Modern Stainless Steel Single Kitchen Faucet 360 Degree Rotatable Tap Waterfall Mode Hot Cold Rotation Kitchen Sink Pull Faucet offers a 360-degree rotating spout for greater reach and flexibility. The waterfall mode provides a soothing flow of water, while the hot and cold water mixing functionality ensures precise temperature control. Made from stainless steel, this\u2026<\/p>","protected":false},"featured_media":12293,"template":"","meta":{"_acf_changed":false,"_kad_post_transparent":"default","_kad_post_title":"","_kad_post_layout":"default","_kad_post_sidebar_id":"","_kad_post_content_style":"default","_kad_post_vertical_padding":"default","_kad_post_feature":"","_kad_post_feature_position":"","_kad_post_header":false,"_kad_post_footer":false},"product_brand":[],"product_cat":[246,1565],"product_tag":[3106,3263],"class_list":{"0":"post-12261","1":"product","2":"type-product","3":"status-publish","4":"has-post-thumbnail","6":"product_cat-mixer-kitchen-faucet","7":"product_cat-pulling-kitchen-mixer-faucet","8":"product_tag-modern-stainless-steel-kitchen-faucet-with-single","9":"product_tag-tap-faucet-for-kitchen-sink-360-degree-rotatable","11":"first","12":"instock","13":"shipping-taxable","14":"purchasable","15":"product-type-variable","16":"wvs-archive-product-wrapper","17":"entry","18":"content-bg","19":"loop-entry"},"acf":[],"yoast_head":"<!-- This site is optimized with the Yoast SEO Premium plugin v25.4 (Yoast SEO v27.0) - https:\/\/yoast.com\/product\/yoast-seo-premium-wordpress\/ -->\n<title>Modern Stainless Steel Single Kitchen Faucet 360 Degree Rotatable Tap Waterfall Mode Hot Cold Rotation Kitchen Sink Pull Faucet - YOROOW<\/title>\n<meta name=\"description\" content=\"Modern stainless steel single kitchen faucet with 360 degree rotatable tap waterfall mode, hot cold rotation kitchen sink pull faucet. Made in China with focus on quality and South American and Southeast Asian exports.\" \/>\n<meta name=\"robots\" content=\"index, follow, max-snippet:-1, max-image-preview:large, max-video-preview:-1\" \/>\n<link rel=\"canonical\" href=\"https:\/\/www.yoroow.com\/fr\/detail-du-produit\/robinet-de-cuisine-en-acier-inoxydable-304-a-tirette-mode-cascade-rotation-chaud-et-froid-pour-evier-de-cuisine\/\" \/>\n<meta property=\"og:locale\" content=\"fr_FR\" \/>\n<meta property=\"og:type\" content=\"article\" \/>\n<meta property=\"og:title\" content=\"Modern Stainless Steel Single Kitchen Faucet 360 Degree Rotatable Tap Waterfall Mode Hot Cold Rotation Kitchen Sink Pull Faucet\" \/>\n<meta property=\"og:description\" content=\"Modern stainless steel single kitchen faucet with 360 degree rotatable tap waterfall mode, hot cold rotation kitchen sink pull faucet. Made in China with focus on quality and South American and Southeast Asian exports.\" \/>\n<meta property=\"og:url\" content=\"https:\/\/www.yoroow.com\/fr\/detail-du-produit\/robinet-de-cuisine-en-acier-inoxydable-304-a-tirette-mode-cascade-rotation-chaud-et-froid-pour-evier-de-cuisine\/\" \/>\n<meta property=\"og:site_name\" content=\"YOROOW\" \/>\n<meta property=\"article:publisher\" content=\"https:\/\/www.facebook.com\/people\/yoroowfaucetfactory\/61564236752362\/\" \/>\n<meta property=\"article:modified_time\" content=\"2025-05-16T01:35:35+00:00\" \/>\n<meta property=\"og:image\" content=\"https:\/\/www.yoroow.com\/wp-content\/uploads\/2025\/02\/3-6.jpg\" \/>\n\t<meta property=\"og:image:width\" content=\"660\" \/>\n\t<meta property=\"og:image:height\" content=\"660\" \/>\n\t<meta property=\"og:image:type\" content=\"image\/jpeg\" \/>\n<meta name=\"twitter:card\" content=\"summary_large_image\" \/>\n<meta name=\"twitter:label1\" content=\"Dur\u00e9e de lecture estim\u00e9e\" \/>\n\t<meta name=\"twitter:data1\" content=\"2 minutes\" \/>\n<script type=\"application\/ld+json\" class=\"yoast-schema-graph\">{\"@context\":\"https:\/\/schema.org\",\"@graph\":[{\"@type\":\"WebPage\",\"@id\":\"https:\/\/www.yoroow.com\/fr\/detail-du-produit\/robinet-de-cuisine-en-acier-inoxydable-304-a-tirette-mode-cascade-rotation-chaud-et-froid-pour-evier-de-cuisine\/\",\"url\":\"https:\/\/www.yoroow.com\/fr\/detail-du-produit\/robinet-de-cuisine-en-acier-inoxydable-304-a-tirette-mode-cascade-rotation-chaud-et-froid-pour-evier-de-cuisine\/\",\"name\":\"Modern Stainless Steel Single Kitchen Faucet 360 Degree Rotatable Tap Waterfall Mode Hot Cold Rotation Kitchen Sink Pull Faucet - YOROOW\",\"isPartOf\":{\"@id\":\"https:\/\/www.yoroow.com\/fr\/#website\"},\"primaryImageOfPage\":{\"@id\":\"https:\/\/www.yoroow.com\/fr\/detail-du-produit\/robinet-de-cuisine-en-acier-inoxydable-304-a-tirette-mode-cascade-rotation-chaud-et-froid-pour-evier-de-cuisine\/#primaryimage\"},\"image\":{\"@id\":\"https:\/\/www.yoroow.com\/fr\/detail-du-produit\/robinet-de-cuisine-en-acier-inoxydable-304-a-tirette-mode-cascade-rotation-chaud-et-froid-pour-evier-de-cuisine\/#primaryimage\"},\"thumbnailUrl\":\"https:\/\/www.yoroow.com\/wp-content\/uploads\/2025\/02\/3-6.jpg\",\"datePublished\":\"2025-02-22T01:41:44+00:00\",\"dateModified\":\"2025-05-16T01:35:35+00:00\",\"description\":\"Modern stainless steel single kitchen faucet with 360 degree rotatable tap waterfall mode, hot cold rotation kitchen sink pull faucet. Made in China with focus on quality and South American and Southeast Asian exports.\",\"breadcrumb\":{\"@id\":\"https:\/\/www.yoroow.com\/fr\/detail-du-produit\/robinet-de-cuisine-en-acier-inoxydable-304-a-tirette-mode-cascade-rotation-chaud-et-froid-pour-evier-de-cuisine\/#breadcrumb\"},\"inLanguage\":\"fr-FR\",\"potentialAction\":[{\"@type\":\"ReadAction\",\"target\":[\"https:\/\/www.yoroow.com\/fr\/detail-du-produit\/robinet-de-cuisine-en-acier-inoxydable-304-a-tirette-mode-cascade-rotation-chaud-et-froid-pour-evier-de-cuisine\/\"]}]},{\"@type\":\"ImageObject\",\"inLanguage\":\"fr-FR\",\"@id\":\"https:\/\/www.yoroow.com\/fr\/detail-du-produit\/robinet-de-cuisine-en-acier-inoxydable-304-a-tirette-mode-cascade-rotation-chaud-et-froid-pour-evier-de-cuisine\/#primaryimage\",\"url\":\"https:\/\/www.yoroow.com\/wp-content\/uploads\/2025\/02\/3-6.jpg\",\"contentUrl\":\"https:\/\/www.yoroow.com\/wp-content\/uploads\/2025\/02\/3-6.jpg\",\"width\":660,\"height\":660,\"caption\":\"Modern Stainless Steel Single Kitchen Faucet 360 Degree Rotatable Tap Waterfall Mode Hot Cold Rotation Kitchen Sink Pull Faucet\"},{\"@type\":\"BreadcrumbList\",\"@id\":\"https:\/\/www.yoroow.com\/fr\/detail-du-produit\/robinet-de-cuisine-en-acier-inoxydable-304-a-tirette-mode-cascade-rotation-chaud-et-froid-pour-evier-de-cuisine\/#breadcrumb\",\"itemListElement\":[{\"@type\":\"ListItem\",\"position\":1,\"name\":\"home\",\"item\":\"https:\/\/www.yoroow.com\/\"},{\"@type\":\"ListItem\",\"position\":2,\"name\":\"Product\",\"item\":\"https:\/\/www.yoroow.com\/product\/\"},{\"@type\":\"ListItem\",\"position\":3,\"name\":\"Modern Stainless Steel Single Kitchen Faucet 360 Degree Rotatable Tap Waterfall Mode Hot Cold Rotation Kitchen Sink Pull Faucet\"}]},{\"@type\":\"WebSite\",\"@id\":\"https:\/\/www.yoroow.com\/fr\/#website\",\"url\":\"https:\/\/www.yoroow.com\/fr\/\",\"name\":\"YOROOW\",\"description\":\"\",\"publisher\":{\"@id\":\"https:\/\/www.yoroow.com\/fr\/#organization\"},\"potentialAction\":[{\"@type\":\"SearchAction\",\"target\":{\"@type\":\"EntryPoint\",\"urlTemplate\":\"https:\/\/www.yoroow.com\/fr\/?s={search_term_string}\"},\"query-input\":{\"@type\":\"PropertyValueSpecification\",\"valueRequired\":true,\"valueName\":\"search_term_string\"}}],\"inLanguage\":\"fr-FR\"},{\"@type\":\"Organization\",\"@id\":\"https:\/\/www.yoroow.com\/fr\/#organization\",\"name\":\"YOROOW\",\"url\":\"https:\/\/www.yoroow.com\/fr\/\",\"logo\":{\"@type\":\"ImageObject\",\"inLanguage\":\"fr-FR\",\"@id\":\"https:\/\/www.yoroow.com\/fr\/#\/schema\/logo\/image\/\",\"url\":\"https:\/\/www.yoroow.com\/wp-content\/uploads\/2024\/12\/2024123007131061.png\",\"contentUrl\":\"https:\/\/www.yoroow.com\/wp-content\/uploads\/2024\/12\/2024123007131061.png\",\"width\":168,\"height\":27,\"caption\":\"YOROOW\"},\"image\":{\"@id\":\"https:\/\/www.yoroow.com\/fr\/#\/schema\/logo\/image\/\"},\"sameAs\":[\"https:\/\/www.facebook.com\/people\/yoroowfaucetfactory\/61564236752362\/\"]}]}<\/script>\n<!-- \/ Yoast SEO Premium plugin. -->","yoast_head_json":{"title":"Modern Stainless Steel Single Kitchen Faucet 360 Degree Rotatable Tap Waterfall Mode Hot Cold Rotation Kitchen Sink Pull Faucet - YOROOW","description":"Modern stainless steel single kitchen faucet with 360 degree rotatable tap waterfall mode, hot cold rotation kitchen sink pull faucet. Made in China with focus on quality and South American and Southeast Asian exports.","robots":{"index":"index","follow":"follow","max-snippet":"max-snippet:-1","max-image-preview":"max-image-preview:large","max-video-preview":"max-video-preview:-1"},"canonical":"https:\/\/www.yoroow.com\/fr\/detail-du-produit\/robinet-de-cuisine-en-acier-inoxydable-304-a-tirette-mode-cascade-rotation-chaud-et-froid-pour-evier-de-cuisine\/","og_locale":"fr_FR","og_type":"article","og_title":"Modern Stainless Steel Single Kitchen Faucet 360 Degree Rotatable Tap Waterfall Mode Hot Cold Rotation Kitchen Sink Pull Faucet","og_description":"Modern stainless steel single kitchen faucet with 360 degree rotatable tap waterfall mode, hot cold rotation kitchen sink pull faucet. Made in China with focus on quality and South American and Southeast Asian exports.","og_url":"https:\/\/www.yoroow.com\/fr\/detail-du-produit\/robinet-de-cuisine-en-acier-inoxydable-304-a-tirette-mode-cascade-rotation-chaud-et-froid-pour-evier-de-cuisine\/","og_site_name":"YOROOW","article_publisher":"https:\/\/www.facebook.com\/people\/yoroowfaucetfactory\/61564236752362\/","article_modified_time":"2025-05-16T01:35:35+00:00","og_image":[{"width":660,"height":660,"url":"https:\/\/www.yoroow.com\/wp-content\/uploads\/2025\/02\/3-6.jpg","type":"image\/jpeg"}],"twitter_card":"summary_large_image","twitter_misc":{"Dur\u00e9e de lecture estim\u00e9e":"2 minutes"},"schema":{"@context":"https:\/\/schema.org","@graph":[{"@type":"WebPage","@id":"https:\/\/www.yoroow.com\/fr\/detail-du-produit\/robinet-de-cuisine-en-acier-inoxydable-304-a-tirette-mode-cascade-rotation-chaud-et-froid-pour-evier-de-cuisine\/","url":"https:\/\/www.yoroow.com\/fr\/detail-du-produit\/robinet-de-cuisine-en-acier-inoxydable-304-a-tirette-mode-cascade-rotation-chaud-et-froid-pour-evier-de-cuisine\/","name":"Modern Stainless Steel Single Kitchen Faucet 360 Degree Rotatable Tap Waterfall Mode Hot Cold Rotation Kitchen Sink Pull Faucet - YOROOW","isPartOf":{"@id":"https:\/\/www.yoroow.com\/fr\/#website"},"primaryImageOfPage":{"@id":"https:\/\/www.yoroow.com\/fr\/detail-du-produit\/robinet-de-cuisine-en-acier-inoxydable-304-a-tirette-mode-cascade-rotation-chaud-et-froid-pour-evier-de-cuisine\/#primaryimage"},"image":{"@id":"https:\/\/www.yoroow.com\/fr\/detail-du-produit\/robinet-de-cuisine-en-acier-inoxydable-304-a-tirette-mode-cascade-rotation-chaud-et-froid-pour-evier-de-cuisine\/#primaryimage"},"thumbnailUrl":"https:\/\/www.yoroow.com\/wp-content\/uploads\/2025\/02\/3-6.jpg","datePublished":"2025-02-22T01:41:44+00:00","dateModified":"2025-05-16T01:35:35+00:00","description":"Modern stainless steel single kitchen faucet with 360 degree rotatable tap waterfall mode, hot cold rotation kitchen sink pull faucet. Made in China with focus on quality and South American and Southeast Asian exports.","breadcrumb":{"@id":"https:\/\/www.yoroow.com\/fr\/detail-du-produit\/robinet-de-cuisine-en-acier-inoxydable-304-a-tirette-mode-cascade-rotation-chaud-et-froid-pour-evier-de-cuisine\/#breadcrumb"},"inLanguage":"fr-FR","potentialAction":[{"@type":"ReadAction","target":["https:\/\/www.yoroow.com\/fr\/detail-du-produit\/robinet-de-cuisine-en-acier-inoxydable-304-a-tirette-mode-cascade-rotation-chaud-et-froid-pour-evier-de-cuisine\/"]}]},{"@type":"ImageObject","inLanguage":"fr-FR","@id":"https:\/\/www.yoroow.com\/fr\/detail-du-produit\/robinet-de-cuisine-en-acier-inoxydable-304-a-tirette-mode-cascade-rotation-chaud-et-froid-pour-evier-de-cuisine\/#primaryimage","url":"https:\/\/www.yoroow.com\/wp-content\/uploads\/2025\/02\/3-6.jpg","contentUrl":"https:\/\/www.yoroow.com\/wp-content\/uploads\/2025\/02\/3-6.jpg","width":660,"height":660,"caption":"Modern Stainless Steel Single Kitchen Faucet 360 Degree Rotatable Tap Waterfall Mode Hot Cold Rotation Kitchen Sink Pull Faucet"},{"@type":"BreadcrumbList","@id":"https:\/\/www.yoroow.com\/fr\/detail-du-produit\/robinet-de-cuisine-en-acier-inoxydable-304-a-tirette-mode-cascade-rotation-chaud-et-froid-pour-evier-de-cuisine\/#breadcrumb","itemListElement":[{"@type":"ListItem","position":1,"name":"home","item":"https:\/\/www.yoroow.com\/"},{"@type":"ListItem","position":2,"name":"Product","item":"https:\/\/www.yoroow.com\/product\/"},{"@type":"ListItem","position":3,"name":"Modern Stainless Steel Single Kitchen Faucet 360 Degree Rotatable Tap Waterfall Mode Hot Cold Rotation Kitchen Sink Pull Faucet"}]},{"@type":"WebSite","@id":"https:\/\/www.yoroow.com\/fr\/#website","url":"https:\/\/www.yoroow.com\/fr\/","name":"YOROOW","description":"","publisher":{"@id":"https:\/\/www.yoroow.com\/fr\/#organization"},"potentialAction":[{"@type":"SearchAction","target":{"@type":"EntryPoint","urlTemplate":"https:\/\/www.yoroow.com\/fr\/?s={search_term_string}"},"query-input":{"@type":"PropertyValueSpecification","valueRequired":true,"valueName":"search_term_string"}}],"inLanguage":"fr-FR"},{"@type":"Organization","@id":"https:\/\/www.yoroow.com\/fr\/#organization","name":"YOROOW","url":"https:\/\/www.yoroow.com\/fr\/","logo":{"@type":"ImageObject","inLanguage":"fr-FR","@id":"https:\/\/www.yoroow.com\/fr\/#\/schema\/logo\/image\/","url":"https:\/\/www.yoroow.com\/wp-content\/uploads\/2024\/12\/2024123007131061.png","contentUrl":"https:\/\/www.yoroow.com\/wp-content\/uploads\/2024\/12\/2024123007131061.png","width":168,"height":27,"caption":"YOROOW"},"image":{"@id":"https:\/\/www.yoroow.com\/fr\/#\/schema\/logo\/image\/"},"sameAs":["https:\/\/www.facebook.com\/people\/yoroowfaucetfactory\/61564236752362\/"]}]}},"_links":{"self":[{"href":"https:\/\/www.yoroow.com\/fr\/wp-json\/wp\/v2\/product\/12261","targetHints":{"allow":["GET"]}}],"collection":[{"href":"https:\/\/www.yoroow.com\/fr\/wp-json\/wp\/v2\/product"}],"about":[{"href":"https:\/\/www.yoroow.com\/fr\/wp-json\/wp\/v2\/types\/product"}],"wp:featuredmedia":[{"embeddable":true,"href":"https:\/\/www.yoroow.com\/fr\/wp-json\/wp\/v2\/media\/12293"}],"wp:attachment":[{"href":"https:\/\/www.yoroow.com\/fr\/wp-json\/wp\/v2\/media?parent=12261"}],"wp:term":[{"taxonomy":"product_brand","embeddable":true,"href":"https:\/\/www.yoroow.com\/fr\/wp-json\/wp\/v2\/product_brand?post=12261"},{"taxonomy":"product_cat","embeddable":true,"href":"https:\/\/www.yoroow.com\/fr\/wp-json\/wp\/v2\/product_cat?post=12261"},{"taxonomy":"product_tag","embeddable":true,"href":"https:\/\/www.yoroow.com\/fr\/wp-json\/wp\/v2\/product_tag?post=12261"}],"curies":[{"name":"wp","href":"https:\/\/api.w.org\/{rel}","templated":true}]}}