{"id":12251,"date":"2025-02-22T09:34:38","date_gmt":"2025-02-22T01:34:38","guid":{"rendered":"https:\/\/www.yoroow.com\/?post_type=product&#038;p=12251"},"modified":"2025-05-16T09:35:32","modified_gmt":"2025-05-16T01:35:32","slug":"robinetterie-de-cuisine-inox-moderne-extractible-noir-ce-contemporain-mitigeur-eau-chaude-eau-froide-robinetterie-devier-ceramique","status":"publish","type":"product","link":"https:\/\/www.yoroow.com\/fr\/detail-du-produit\/robinetterie-de-cuisine-inox-moderne-extractible-noir-ce-contemporain-mitigeur-eau-chaude-eau-froide-robinetterie-devier-ceramique\/","title":{"rendered":"Robinet de cuisine contemporain en acier inoxydable Modern Pull Black Hot &amp; Cold Water Ceramic Sink Mixer"},"content":{"rendered":"<p>Robinet de cuisine contemporain en acier inoxydable Modern Pull Black Hot &amp; Cold Water Ceramic Sink Mixer combine un style moderne avec une fonctionnalit\u00e9 pratique. La finition noire ajoute une touche \u00e9l\u00e9gante, tandis que le m\u00e9langeur d'\u00e9vier en c\u00e9ramique assure un fonctionnement en douceur. Le robinet est fabriqu\u00e9 en acier inoxydable de haute qualit\u00e9 pour une durabilit\u00e9 et une performance \u00e0 long terme. L'expertise de YOROOW en mati\u00e8re de fabrication offre des solutions rentables avec des r\u00e9sultats de haute qualit\u00e9. Ce robinet est parfait pour les clients d'Am\u00e9rique du Sud et d'Asie du Sud-Est, o\u00f9 les robinets de cuisine durables, modernes et abordables sont tr\u00e8s demand\u00e9s.<\/p>","protected":false},"excerpt":{"rendered":"<p>Robinet de cuisine contemporain en acier inoxydable Modern Pull Black Hot &amp; Cold Water Ceramic Sink Mixer combine un style moderne avec une fonctionnalit\u00e9 pratique. La finition noire ajoute une touche \u00e9l\u00e9gante, tandis que le m\u00e9langeur d'\u00e9vier en c\u00e9ramique assure un fonctionnement en douceur. Le robinet est fabriqu\u00e9 en acier inoxydable de haute qualit\u00e9 pour une durabilit\u00e9 et une performance \u00e0 long terme. L'expertise de YOROOW en mati\u00e8re de fabrication permet d'obtenir des...<\/p>","protected":false},"featured_media":12239,"template":"","meta":{"_acf_changed":false,"_kad_post_transparent":"default","_kad_post_title":"","_kad_post_layout":"default","_kad_post_sidebar_id":"","_kad_post_content_style":"default","_kad_post_vertical_padding":"default","_kad_post_feature":"","_kad_post_feature_position":"","_kad_post_header":false,"_kad_post_footer":false},"product_brand":[],"product_cat":[246,1564],"product_tag":[3148,5540],"class_list":{"0":"post-12251","1":"product","2":"type-product","3":"status-publish","4":"has-post-thumbnail","6":"product_cat-mixer-kitchen-faucet","7":"product_cat-spring-mixer-faucet","8":"product_tag-kitchen-faucet-with-hot-water","9":"product_tag-stainless-steel-kitchen-sink-faucet","11":"first","12":"instock","13":"shipping-taxable","14":"purchasable","15":"product-type-variable","16":"wvs-archive-product-wrapper","17":"entry","18":"content-bg","19":"loop-entry"},"acf":[],"yoast_head":"<!-- This site is optimized with the Yoast SEO Premium plugin v25.4 (Yoast SEO v27.0) - https:\/\/yoast.com\/product\/yoast-seo-premium-wordpress\/ -->\n<title>Contemporary Stainless Steel Kitchen Faucet Modern Pull Black Hot &amp; Cold Water Ceramic Sink Mixer - YOROOW<\/title>\n<meta name=\"description\" content=\"Contemporary stainless steel kitchen faucet with modern pull black hot &amp; cold water ceramic sink mixer. Chinese factory made for quality and export to South America and Southeast Asia markets.\" \/>\n<meta name=\"robots\" content=\"index, follow, max-snippet:-1, max-image-preview:large, max-video-preview:-1\" \/>\n<link rel=\"canonical\" href=\"https:\/\/www.yoroow.com\/fr\/detail-du-produit\/robinetterie-de-cuisine-inox-moderne-extractible-noir-ce-contemporain-mitigeur-eau-chaude-eau-froide-robinetterie-devier-ceramique\/\" \/>\n<meta property=\"og:locale\" content=\"fr_FR\" \/>\n<meta property=\"og:type\" content=\"article\" \/>\n<meta property=\"og:title\" content=\"Contemporary Stainless Steel Kitchen Faucet Modern Pull Black Hot &amp; Cold Water Ceramic Sink Mixer\" \/>\n<meta property=\"og:description\" content=\"Contemporary stainless steel kitchen faucet with modern pull black hot &amp; cold water ceramic sink mixer. Chinese factory made for quality and export to South America and Southeast Asia markets.\" \/>\n<meta property=\"og:url\" content=\"https:\/\/www.yoroow.com\/fr\/detail-du-produit\/robinetterie-de-cuisine-inox-moderne-extractible-noir-ce-contemporain-mitigeur-eau-chaude-eau-froide-robinetterie-devier-ceramique\/\" \/>\n<meta property=\"og:site_name\" content=\"YOROOW\" \/>\n<meta property=\"article:publisher\" content=\"https:\/\/www.facebook.com\/people\/yoroowfaucetfactory\/61564236752362\/\" \/>\n<meta property=\"article:modified_time\" content=\"2025-05-16T01:35:32+00:00\" \/>\n<meta property=\"og:image\" content=\"https:\/\/www.yoroow.com\/wp-content\/uploads\/2025\/02\/3444444.jpg\" \/>\n\t<meta property=\"og:image:width\" content=\"768\" \/>\n\t<meta property=\"og:image:height\" content=\"768\" \/>\n\t<meta property=\"og:image:type\" content=\"image\/jpeg\" \/>\n<meta name=\"twitter:card\" content=\"summary_large_image\" \/>\n<meta name=\"twitter:label1\" content=\"Dur\u00e9e de lecture estim\u00e9e\" \/>\n\t<meta name=\"twitter:data1\" content=\"1 minute\" \/>\n<script type=\"application\/ld+json\" class=\"yoast-schema-graph\">{\"@context\":\"https:\/\/schema.org\",\"@graph\":[{\"@type\":\"WebPage\",\"@id\":\"https:\/\/www.yoroow.com\/fr\/detail-du-produit\/robinetterie-de-cuisine-inox-moderne-extractible-noir-ce-contemporain-mitigeur-eau-chaude-eau-froide-robinetterie-devier-ceramique\/\",\"url\":\"https:\/\/www.yoroow.com\/fr\/detail-du-produit\/robinetterie-de-cuisine-inox-moderne-extractible-noir-ce-contemporain-mitigeur-eau-chaude-eau-froide-robinetterie-devier-ceramique\/\",\"name\":\"Contemporary Stainless Steel Kitchen Faucet Modern Pull Black Hot & Cold Water Ceramic Sink Mixer - YOROOW\",\"isPartOf\":{\"@id\":\"https:\/\/www.yoroow.com\/fr\/#website\"},\"primaryImageOfPage\":{\"@id\":\"https:\/\/www.yoroow.com\/fr\/detail-du-produit\/robinetterie-de-cuisine-inox-moderne-extractible-noir-ce-contemporain-mitigeur-eau-chaude-eau-froide-robinetterie-devier-ceramique\/#primaryimage\"},\"image\":{\"@id\":\"https:\/\/www.yoroow.com\/fr\/detail-du-produit\/robinetterie-de-cuisine-inox-moderne-extractible-noir-ce-contemporain-mitigeur-eau-chaude-eau-froide-robinetterie-devier-ceramique\/#primaryimage\"},\"thumbnailUrl\":\"https:\/\/www.yoroow.com\/wp-content\/uploads\/2025\/02\/3444444.jpg\",\"datePublished\":\"2025-02-22T01:34:38+00:00\",\"dateModified\":\"2025-05-16T01:35:32+00:00\",\"description\":\"Contemporary stainless steel kitchen faucet with modern pull black hot &amp; cold water ceramic sink mixer. Chinese factory made for quality and export to South America and Southeast Asia markets.\",\"breadcrumb\":{\"@id\":\"https:\/\/www.yoroow.com\/fr\/detail-du-produit\/robinetterie-de-cuisine-inox-moderne-extractible-noir-ce-contemporain-mitigeur-eau-chaude-eau-froide-robinetterie-devier-ceramique\/#breadcrumb\"},\"inLanguage\":\"fr-FR\",\"potentialAction\":[{\"@type\":\"ReadAction\",\"target\":[\"https:\/\/www.yoroow.com\/fr\/detail-du-produit\/robinetterie-de-cuisine-inox-moderne-extractible-noir-ce-contemporain-mitigeur-eau-chaude-eau-froide-robinetterie-devier-ceramique\/\"]}]},{\"@type\":\"ImageObject\",\"inLanguage\":\"fr-FR\",\"@id\":\"https:\/\/www.yoroow.com\/fr\/detail-du-produit\/robinetterie-de-cuisine-inox-moderne-extractible-noir-ce-contemporain-mitigeur-eau-chaude-eau-froide-robinetterie-devier-ceramique\/#primaryimage\",\"url\":\"https:\/\/www.yoroow.com\/wp-content\/uploads\/2025\/02\/3444444.jpg\",\"contentUrl\":\"https:\/\/www.yoroow.com\/wp-content\/uploads\/2025\/02\/3444444.jpg\",\"width\":768,\"height\":768,\"caption\":\"Modern Design 360 Degree Rotatable Kitchen Faucet High Quality Chrome Spring Pull Sprayer 304 Stainless Steel Hot Cold Mixer Tap\"},{\"@type\":\"BreadcrumbList\",\"@id\":\"https:\/\/www.yoroow.com\/fr\/detail-du-produit\/robinetterie-de-cuisine-inox-moderne-extractible-noir-ce-contemporain-mitigeur-eau-chaude-eau-froide-robinetterie-devier-ceramique\/#breadcrumb\",\"itemListElement\":[{\"@type\":\"ListItem\",\"position\":1,\"name\":\"home\",\"item\":\"https:\/\/www.yoroow.com\/\"},{\"@type\":\"ListItem\",\"position\":2,\"name\":\"Product\",\"item\":\"https:\/\/www.yoroow.com\/product\/\"},{\"@type\":\"ListItem\",\"position\":3,\"name\":\"Contemporary Stainless Steel Kitchen Faucet Modern Pull Black Hot &#038; Cold Water Ceramic Sink Mixer\"}]},{\"@type\":\"WebSite\",\"@id\":\"https:\/\/www.yoroow.com\/fr\/#website\",\"url\":\"https:\/\/www.yoroow.com\/fr\/\",\"name\":\"YOROOW\",\"description\":\"\",\"publisher\":{\"@id\":\"https:\/\/www.yoroow.com\/fr\/#organization\"},\"potentialAction\":[{\"@type\":\"SearchAction\",\"target\":{\"@type\":\"EntryPoint\",\"urlTemplate\":\"https:\/\/www.yoroow.com\/fr\/?s={search_term_string}\"},\"query-input\":{\"@type\":\"PropertyValueSpecification\",\"valueRequired\":true,\"valueName\":\"search_term_string\"}}],\"inLanguage\":\"fr-FR\"},{\"@type\":\"Organization\",\"@id\":\"https:\/\/www.yoroow.com\/fr\/#organization\",\"name\":\"YOROOW\",\"url\":\"https:\/\/www.yoroow.com\/fr\/\",\"logo\":{\"@type\":\"ImageObject\",\"inLanguage\":\"fr-FR\",\"@id\":\"https:\/\/www.yoroow.com\/fr\/#\/schema\/logo\/image\/\",\"url\":\"https:\/\/www.yoroow.com\/wp-content\/uploads\/2024\/12\/2024123007131061.png\",\"contentUrl\":\"https:\/\/www.yoroow.com\/wp-content\/uploads\/2024\/12\/2024123007131061.png\",\"width\":168,\"height\":27,\"caption\":\"YOROOW\"},\"image\":{\"@id\":\"https:\/\/www.yoroow.com\/fr\/#\/schema\/logo\/image\/\"},\"sameAs\":[\"https:\/\/www.facebook.com\/people\/yoroowfaucetfactory\/61564236752362\/\"]}]}<\/script>\n<!-- \/ Yoast SEO Premium plugin. -->","yoast_head_json":{"title":"Contemporary Stainless Steel Kitchen Faucet Modern Pull Black Hot & Cold Water Ceramic Sink Mixer - YOROOW","description":"Contemporary stainless steel kitchen faucet with modern pull black hot &amp; cold water ceramic sink mixer. Chinese factory made for quality and export to South America and Southeast Asia markets.","robots":{"index":"index","follow":"follow","max-snippet":"max-snippet:-1","max-image-preview":"max-image-preview:large","max-video-preview":"max-video-preview:-1"},"canonical":"https:\/\/www.yoroow.com\/fr\/detail-du-produit\/robinetterie-de-cuisine-inox-moderne-extractible-noir-ce-contemporain-mitigeur-eau-chaude-eau-froide-robinetterie-devier-ceramique\/","og_locale":"fr_FR","og_type":"article","og_title":"Contemporary Stainless Steel Kitchen Faucet Modern Pull Black Hot & Cold Water Ceramic Sink Mixer","og_description":"Contemporary stainless steel kitchen faucet with modern pull black hot &amp; cold water ceramic sink mixer. Chinese factory made for quality and export to South America and Southeast Asia markets.","og_url":"https:\/\/www.yoroow.com\/fr\/detail-du-produit\/robinetterie-de-cuisine-inox-moderne-extractible-noir-ce-contemporain-mitigeur-eau-chaude-eau-froide-robinetterie-devier-ceramique\/","og_site_name":"YOROOW","article_publisher":"https:\/\/www.facebook.com\/people\/yoroowfaucetfactory\/61564236752362\/","article_modified_time":"2025-05-16T01:35:32+00:00","og_image":[{"width":768,"height":768,"url":"https:\/\/www.yoroow.com\/wp-content\/uploads\/2025\/02\/3444444.jpg","type":"image\/jpeg"}],"twitter_card":"summary_large_image","twitter_misc":{"Dur\u00e9e de lecture estim\u00e9e":"1 minute"},"schema":{"@context":"https:\/\/schema.org","@graph":[{"@type":"WebPage","@id":"https:\/\/www.yoroow.com\/fr\/detail-du-produit\/robinetterie-de-cuisine-inox-moderne-extractible-noir-ce-contemporain-mitigeur-eau-chaude-eau-froide-robinetterie-devier-ceramique\/","url":"https:\/\/www.yoroow.com\/fr\/detail-du-produit\/robinetterie-de-cuisine-inox-moderne-extractible-noir-ce-contemporain-mitigeur-eau-chaude-eau-froide-robinetterie-devier-ceramique\/","name":"Contemporary Stainless Steel Kitchen Faucet Modern Pull Black Hot & Cold Water Ceramic Sink Mixer - YOROOW","isPartOf":{"@id":"https:\/\/www.yoroow.com\/fr\/#website"},"primaryImageOfPage":{"@id":"https:\/\/www.yoroow.com\/fr\/detail-du-produit\/robinetterie-de-cuisine-inox-moderne-extractible-noir-ce-contemporain-mitigeur-eau-chaude-eau-froide-robinetterie-devier-ceramique\/#primaryimage"},"image":{"@id":"https:\/\/www.yoroow.com\/fr\/detail-du-produit\/robinetterie-de-cuisine-inox-moderne-extractible-noir-ce-contemporain-mitigeur-eau-chaude-eau-froide-robinetterie-devier-ceramique\/#primaryimage"},"thumbnailUrl":"https:\/\/www.yoroow.com\/wp-content\/uploads\/2025\/02\/3444444.jpg","datePublished":"2025-02-22T01:34:38+00:00","dateModified":"2025-05-16T01:35:32+00:00","description":"Contemporary stainless steel kitchen faucet with modern pull black hot &amp; cold water ceramic sink mixer. Chinese factory made for quality and export to South America and Southeast Asia markets.","breadcrumb":{"@id":"https:\/\/www.yoroow.com\/fr\/detail-du-produit\/robinetterie-de-cuisine-inox-moderne-extractible-noir-ce-contemporain-mitigeur-eau-chaude-eau-froide-robinetterie-devier-ceramique\/#breadcrumb"},"inLanguage":"fr-FR","potentialAction":[{"@type":"ReadAction","target":["https:\/\/www.yoroow.com\/fr\/detail-du-produit\/robinetterie-de-cuisine-inox-moderne-extractible-noir-ce-contemporain-mitigeur-eau-chaude-eau-froide-robinetterie-devier-ceramique\/"]}]},{"@type":"ImageObject","inLanguage":"fr-FR","@id":"https:\/\/www.yoroow.com\/fr\/detail-du-produit\/robinetterie-de-cuisine-inox-moderne-extractible-noir-ce-contemporain-mitigeur-eau-chaude-eau-froide-robinetterie-devier-ceramique\/#primaryimage","url":"https:\/\/www.yoroow.com\/wp-content\/uploads\/2025\/02\/3444444.jpg","contentUrl":"https:\/\/www.yoroow.com\/wp-content\/uploads\/2025\/02\/3444444.jpg","width":768,"height":768,"caption":"Modern Design 360 Degree Rotatable Kitchen Faucet High Quality Chrome Spring Pull Sprayer 304 Stainless Steel Hot Cold Mixer Tap"},{"@type":"BreadcrumbList","@id":"https:\/\/www.yoroow.com\/fr\/detail-du-produit\/robinetterie-de-cuisine-inox-moderne-extractible-noir-ce-contemporain-mitigeur-eau-chaude-eau-froide-robinetterie-devier-ceramique\/#breadcrumb","itemListElement":[{"@type":"ListItem","position":1,"name":"home","item":"https:\/\/www.yoroow.com\/"},{"@type":"ListItem","position":2,"name":"Product","item":"https:\/\/www.yoroow.com\/product\/"},{"@type":"ListItem","position":3,"name":"Contemporary Stainless Steel Kitchen Faucet Modern Pull Black Hot &#038; Cold Water Ceramic Sink Mixer"}]},{"@type":"WebSite","@id":"https:\/\/www.yoroow.com\/fr\/#website","url":"https:\/\/www.yoroow.com\/fr\/","name":"YOROOW","description":"","publisher":{"@id":"https:\/\/www.yoroow.com\/fr\/#organization"},"potentialAction":[{"@type":"SearchAction","target":{"@type":"EntryPoint","urlTemplate":"https:\/\/www.yoroow.com\/fr\/?s={search_term_string}"},"query-input":{"@type":"PropertyValueSpecification","valueRequired":true,"valueName":"search_term_string"}}],"inLanguage":"fr-FR"},{"@type":"Organization","@id":"https:\/\/www.yoroow.com\/fr\/#organization","name":"YOROOW","url":"https:\/\/www.yoroow.com\/fr\/","logo":{"@type":"ImageObject","inLanguage":"fr-FR","@id":"https:\/\/www.yoroow.com\/fr\/#\/schema\/logo\/image\/","url":"https:\/\/www.yoroow.com\/wp-content\/uploads\/2024\/12\/2024123007131061.png","contentUrl":"https:\/\/www.yoroow.com\/wp-content\/uploads\/2024\/12\/2024123007131061.png","width":168,"height":27,"caption":"YOROOW"},"image":{"@id":"https:\/\/www.yoroow.com\/fr\/#\/schema\/logo\/image\/"},"sameAs":["https:\/\/www.facebook.com\/people\/yoroowfaucetfactory\/61564236752362\/"]}]}},"_links":{"self":[{"href":"https:\/\/www.yoroow.com\/fr\/wp-json\/wp\/v2\/product\/12251","targetHints":{"allow":["GET"]}}],"collection":[{"href":"https:\/\/www.yoroow.com\/fr\/wp-json\/wp\/v2\/product"}],"about":[{"href":"https:\/\/www.yoroow.com\/fr\/wp-json\/wp\/v2\/types\/product"}],"wp:featuredmedia":[{"embeddable":true,"href":"https:\/\/www.yoroow.com\/fr\/wp-json\/wp\/v2\/media\/12239"}],"wp:attachment":[{"href":"https:\/\/www.yoroow.com\/fr\/wp-json\/wp\/v2\/media?parent=12251"}],"wp:term":[{"taxonomy":"product_brand","embeddable":true,"href":"https:\/\/www.yoroow.com\/fr\/wp-json\/wp\/v2\/product_brand?post=12251"},{"taxonomy":"product_cat","embeddable":true,"href":"https:\/\/www.yoroow.com\/fr\/wp-json\/wp\/v2\/product_cat?post=12251"},{"taxonomy":"product_tag","embeddable":true,"href":"https:\/\/www.yoroow.com\/fr\/wp-json\/wp\/v2\/product_tag?post=12251"}],"curies":[{"name":"wp","href":"https:\/\/api.w.org\/{rel}","templated":true}]}}