{"id":12194,"date":"2025-02-22T08:56:12","date_gmt":"2025-02-22T00:56:12","guid":{"rendered":"https:\/\/147.93.71.162\/?post_type=product&#038;p=12194"},"modified":"2025-05-16T09:34:49","modified_gmt":"2025-05-16T01:34:49","slug":"robinetterie-de-salle-de-bain-moderne-a-une-poignee-pour-leau-froide-montee-sur-le-pont-chromee-et-bon-marche","status":"publish","type":"product","link":"https:\/\/www.yoroow.com\/fr\/detail-du-produit\/robinetterie-de-salle-de-bain-moderne-a-une-poignee-pour-leau-froide-montee-sur-le-pont-chromee-et-bon-marche\/","title":{"rendered":"Robinet de lavabo traditionnel avec poign\u00e9e en zinc Style contemporain pour \u00e9cole, h\u00f4pital, salon, salle de bain"},"content":{"rendered":"<p>Le robinet traditionnel de lavabo \u00e0 eau froide avec poign\u00e9e en zinc, au design contemporain, pour les \u00e9coles, les h\u00f4pitaux, les salons et les salles de bains, a \u00e9t\u00e9 con\u00e7u pour \u00eatre simple et pratique. Dot\u00e9 d'une poign\u00e9e en zinc, ce robinet est durable et facile \u00e0 utiliser, ce qui le rend id\u00e9al pour les \u00e9coles, les h\u00f4pitaux et les salles de bains r\u00e9sidentielles. Le design traditionnel du robinet lui permet de s'adapter \u00e0 un large \u00e9ventail de styles de salles de bains. Fabriqu\u00e9 par YOROOW en Chine, ce robinet offre un excellent rapport qualit\u00e9-prix avec des prix comp\u00e9titifs et une qualit\u00e9 fiable. Ce produit est particuli\u00e8rement populaire sur les march\u00e9s d'Am\u00e9rique du Sud et d'Asie du Sud-Est, o\u00f9 le besoin de robinets abordables et de haute qualit\u00e9 se fait de plus en plus sentir.<\/p>","protected":false},"excerpt":{"rendered":"<p>Traditional Single Cold Basin Faucet with Zinc Handle Contemporary Design Style for School Hospital Living Room Bathroom Use is designed for simplicity and practicality. Featuring a zinc handle, the faucet is durable and easy to operate, making it ideal for schools, hospitals, and residential bathrooms. The faucet\u2019s traditional design ensures it complements a wide range\u2026<\/p>","protected":false},"featured_media":12205,"template":"","meta":{"_acf_changed":false,"_kad_post_transparent":"default","_kad_post_title":"","_kad_post_layout":"default","_kad_post_sidebar_id":"","_kad_post_content_style":"default","_kad_post_vertical_padding":"default","_kad_post_feature":"","_kad_post_feature_position":"","_kad_post_header":false,"_kad_post_footer":false},"product_brand":[],"product_cat":[219,1562],"product_tag":[3455,3423],"class_list":{"0":"post-12194","1":"product","2":"type-product","3":"status-publish","4":"has-post-thumbnail","6":"product_cat-single-cold-basin-faucet","7":"product_cat-long-aerator-single-cold-basin-faucet","8":"product_tag-bathroom-face-basin-tap-traditional","9":"product_tag-zinc-handle-basin-tap","11":"first","12":"instock","13":"shipping-taxable","14":"purchasable","15":"product-type-variable","16":"wvs-archive-product-wrapper","17":"entry","18":"content-bg","19":"loop-entry"},"acf":[],"yoast_head":"<!-- This site is optimized with the Yoast SEO Premium plugin v25.4 (Yoast SEO v27.0) - https:\/\/yoast.com\/product\/yoast-seo-premium-wordpress\/ -->\n<title>Traditional Single Cold Basin Faucet with Zinc Handle Contemporary Design Style for School Hospital Living Room Bathroom Use - YOROOW<\/title>\n<meta name=\"description\" content=\"Traditional single cold basin faucet with zinc handle featuring contemporary design for schools, hospitals, living rooms, and bathrooms. Chinese factory production with export to South America and Southeast Asia emphasis.\" \/>\n<meta name=\"robots\" content=\"index, follow, max-snippet:-1, max-image-preview:large, max-video-preview:-1\" \/>\n<link rel=\"canonical\" href=\"https:\/\/www.yoroow.com\/fr\/detail-du-produit\/robinetterie-de-salle-de-bain-moderne-a-une-poignee-pour-leau-froide-montee-sur-le-pont-chromee-et-bon-marche\/\" \/>\n<meta property=\"og:locale\" content=\"fr_FR\" \/>\n<meta property=\"og:type\" content=\"article\" \/>\n<meta property=\"og:title\" content=\"Traditional Single Cold Basin Faucet with Zinc Handle Contemporary Design Style for School Hospital Living Room Bathroom Use\" \/>\n<meta property=\"og:description\" content=\"Traditional single cold basin faucet with zinc handle featuring contemporary design for schools, hospitals, living rooms, and bathrooms. Chinese factory production with export to South America and Southeast Asia emphasis.\" \/>\n<meta property=\"og:url\" content=\"https:\/\/www.yoroow.com\/fr\/detail-du-produit\/robinetterie-de-salle-de-bain-moderne-a-une-poignee-pour-leau-froide-montee-sur-le-pont-chromee-et-bon-marche\/\" \/>\n<meta property=\"og:site_name\" content=\"YOROOW\" \/>\n<meta property=\"article:publisher\" content=\"https:\/\/www.facebook.com\/people\/yoroowfaucetfactory\/61564236752362\/\" \/>\n<meta property=\"article:modified_time\" content=\"2025-05-16T01:34:49+00:00\" \/>\n<meta property=\"og:image\" content=\"https:\/\/www.yoroow.com\/wp-content\/uploads\/2025\/02\/12798083410_18643450-1.jpg\" \/>\n\t<meta property=\"og:image:width\" content=\"351\" \/>\n\t<meta property=\"og:image:height\" content=\"351\" \/>\n\t<meta property=\"og:image:type\" content=\"image\/jpeg\" \/>\n<meta name=\"twitter:card\" content=\"summary_large_image\" \/>\n<meta name=\"twitter:label1\" content=\"Dur\u00e9e de lecture estim\u00e9e\" \/>\n\t<meta name=\"twitter:data1\" content=\"1 minute\" \/>\n<script type=\"application\/ld+json\" class=\"yoast-schema-graph\">{\"@context\":\"https:\/\/schema.org\",\"@graph\":[{\"@type\":\"WebPage\",\"@id\":\"https:\/\/www.yoroow.com\/fr\/detail-du-produit\/robinetterie-de-salle-de-bain-moderne-a-une-poignee-pour-leau-froide-montee-sur-le-pont-chromee-et-bon-marche\/\",\"url\":\"https:\/\/www.yoroow.com\/fr\/detail-du-produit\/robinetterie-de-salle-de-bain-moderne-a-une-poignee-pour-leau-froide-montee-sur-le-pont-chromee-et-bon-marche\/\",\"name\":\"Traditional Single Cold Basin Faucet with Zinc Handle Contemporary Design Style for School Hospital Living Room Bathroom Use - YOROOW\",\"isPartOf\":{\"@id\":\"https:\/\/www.yoroow.com\/fr\/#website\"},\"primaryImageOfPage\":{\"@id\":\"https:\/\/www.yoroow.com\/fr\/detail-du-produit\/robinetterie-de-salle-de-bain-moderne-a-une-poignee-pour-leau-froide-montee-sur-le-pont-chromee-et-bon-marche\/#primaryimage\"},\"image\":{\"@id\":\"https:\/\/www.yoroow.com\/fr\/detail-du-produit\/robinetterie-de-salle-de-bain-moderne-a-une-poignee-pour-leau-froide-montee-sur-le-pont-chromee-et-bon-marche\/#primaryimage\"},\"thumbnailUrl\":\"https:\/\/www.yoroow.com\/wp-content\/uploads\/2025\/02\/12798083410_18643450-1.jpg\",\"datePublished\":\"2025-02-22T00:56:12+00:00\",\"dateModified\":\"2025-05-16T01:34:49+00:00\",\"description\":\"Traditional single cold basin faucet with zinc handle featuring contemporary design for schools, hospitals, living rooms, and bathrooms. Chinese factory production with export to South America and Southeast Asia emphasis.\",\"breadcrumb\":{\"@id\":\"https:\/\/www.yoroow.com\/fr\/detail-du-produit\/robinetterie-de-salle-de-bain-moderne-a-une-poignee-pour-leau-froide-montee-sur-le-pont-chromee-et-bon-marche\/#breadcrumb\"},\"inLanguage\":\"fr-FR\",\"potentialAction\":[{\"@type\":\"ReadAction\",\"target\":[\"https:\/\/www.yoroow.com\/fr\/detail-du-produit\/robinetterie-de-salle-de-bain-moderne-a-une-poignee-pour-leau-froide-montee-sur-le-pont-chromee-et-bon-marche\/\"]}]},{\"@type\":\"ImageObject\",\"inLanguage\":\"fr-FR\",\"@id\":\"https:\/\/www.yoroow.com\/fr\/detail-du-produit\/robinetterie-de-salle-de-bain-moderne-a-une-poignee-pour-leau-froide-montee-sur-le-pont-chromee-et-bon-marche\/#primaryimage\",\"url\":\"https:\/\/www.yoroow.com\/wp-content\/uploads\/2025\/02\/12798083410_18643450-1.jpg\",\"contentUrl\":\"https:\/\/www.yoroow.com\/wp-content\/uploads\/2025\/02\/12798083410_18643450-1.jpg\",\"width\":351,\"height\":351,\"caption\":\"Traditional Single Cold Basin Faucet with Zinc Handle Contemporary Design Style for School Hospital Living Room Bathroom Use\"},{\"@type\":\"BreadcrumbList\",\"@id\":\"https:\/\/www.yoroow.com\/fr\/detail-du-produit\/robinetterie-de-salle-de-bain-moderne-a-une-poignee-pour-leau-froide-montee-sur-le-pont-chromee-et-bon-marche\/#breadcrumb\",\"itemListElement\":[{\"@type\":\"ListItem\",\"position\":1,\"name\":\"home\",\"item\":\"https:\/\/www.yoroow.com\/\"},{\"@type\":\"ListItem\",\"position\":2,\"name\":\"Product\",\"item\":\"https:\/\/www.yoroow.com\/product\/\"},{\"@type\":\"ListItem\",\"position\":3,\"name\":\"Traditional Single Cold Basin Faucet with Zinc Handle Contemporary Design Style for School Hospital Living Room Bathroom Use\"}]},{\"@type\":\"WebSite\",\"@id\":\"https:\/\/www.yoroow.com\/fr\/#website\",\"url\":\"https:\/\/www.yoroow.com\/fr\/\",\"name\":\"YOROOW\",\"description\":\"\",\"publisher\":{\"@id\":\"https:\/\/www.yoroow.com\/fr\/#organization\"},\"potentialAction\":[{\"@type\":\"SearchAction\",\"target\":{\"@type\":\"EntryPoint\",\"urlTemplate\":\"https:\/\/www.yoroow.com\/fr\/?s={search_term_string}\"},\"query-input\":{\"@type\":\"PropertyValueSpecification\",\"valueRequired\":true,\"valueName\":\"search_term_string\"}}],\"inLanguage\":\"fr-FR\"},{\"@type\":\"Organization\",\"@id\":\"https:\/\/www.yoroow.com\/fr\/#organization\",\"name\":\"YOROOW\",\"url\":\"https:\/\/www.yoroow.com\/fr\/\",\"logo\":{\"@type\":\"ImageObject\",\"inLanguage\":\"fr-FR\",\"@id\":\"https:\/\/www.yoroow.com\/fr\/#\/schema\/logo\/image\/\",\"url\":\"https:\/\/www.yoroow.com\/wp-content\/uploads\/2024\/12\/2024123007131061.png\",\"contentUrl\":\"https:\/\/www.yoroow.com\/wp-content\/uploads\/2024\/12\/2024123007131061.png\",\"width\":168,\"height\":27,\"caption\":\"YOROOW\"},\"image\":{\"@id\":\"https:\/\/www.yoroow.com\/fr\/#\/schema\/logo\/image\/\"},\"sameAs\":[\"https:\/\/www.facebook.com\/people\/yoroowfaucetfactory\/61564236752362\/\"]}]}<\/script>\n<!-- \/ Yoast SEO Premium plugin. -->","yoast_head_json":{"title":"Traditional Single Cold Basin Faucet with Zinc Handle Contemporary Design Style for School Hospital Living Room Bathroom Use - YOROOW","description":"Traditional single cold basin faucet with zinc handle featuring contemporary design for schools, hospitals, living rooms, and bathrooms. Chinese factory production with export to South America and Southeast Asia emphasis.","robots":{"index":"index","follow":"follow","max-snippet":"max-snippet:-1","max-image-preview":"max-image-preview:large","max-video-preview":"max-video-preview:-1"},"canonical":"https:\/\/www.yoroow.com\/fr\/detail-du-produit\/robinetterie-de-salle-de-bain-moderne-a-une-poignee-pour-leau-froide-montee-sur-le-pont-chromee-et-bon-marche\/","og_locale":"fr_FR","og_type":"article","og_title":"Traditional Single Cold Basin Faucet with Zinc Handle Contemporary Design Style for School Hospital Living Room Bathroom Use","og_description":"Traditional single cold basin faucet with zinc handle featuring contemporary design for schools, hospitals, living rooms, and bathrooms. Chinese factory production with export to South America and Southeast Asia emphasis.","og_url":"https:\/\/www.yoroow.com\/fr\/detail-du-produit\/robinetterie-de-salle-de-bain-moderne-a-une-poignee-pour-leau-froide-montee-sur-le-pont-chromee-et-bon-marche\/","og_site_name":"YOROOW","article_publisher":"https:\/\/www.facebook.com\/people\/yoroowfaucetfactory\/61564236752362\/","article_modified_time":"2025-05-16T01:34:49+00:00","og_image":[{"width":351,"height":351,"url":"https:\/\/www.yoroow.com\/wp-content\/uploads\/2025\/02\/12798083410_18643450-1.jpg","type":"image\/jpeg"}],"twitter_card":"summary_large_image","twitter_misc":{"Dur\u00e9e de lecture estim\u00e9e":"1 minute"},"schema":{"@context":"https:\/\/schema.org","@graph":[{"@type":"WebPage","@id":"https:\/\/www.yoroow.com\/fr\/detail-du-produit\/robinetterie-de-salle-de-bain-moderne-a-une-poignee-pour-leau-froide-montee-sur-le-pont-chromee-et-bon-marche\/","url":"https:\/\/www.yoroow.com\/fr\/detail-du-produit\/robinetterie-de-salle-de-bain-moderne-a-une-poignee-pour-leau-froide-montee-sur-le-pont-chromee-et-bon-marche\/","name":"Traditional Single Cold Basin Faucet with Zinc Handle Contemporary Design Style for School Hospital Living Room Bathroom Use - YOROOW","isPartOf":{"@id":"https:\/\/www.yoroow.com\/fr\/#website"},"primaryImageOfPage":{"@id":"https:\/\/www.yoroow.com\/fr\/detail-du-produit\/robinetterie-de-salle-de-bain-moderne-a-une-poignee-pour-leau-froide-montee-sur-le-pont-chromee-et-bon-marche\/#primaryimage"},"image":{"@id":"https:\/\/www.yoroow.com\/fr\/detail-du-produit\/robinetterie-de-salle-de-bain-moderne-a-une-poignee-pour-leau-froide-montee-sur-le-pont-chromee-et-bon-marche\/#primaryimage"},"thumbnailUrl":"https:\/\/www.yoroow.com\/wp-content\/uploads\/2025\/02\/12798083410_18643450-1.jpg","datePublished":"2025-02-22T00:56:12+00:00","dateModified":"2025-05-16T01:34:49+00:00","description":"Traditional single cold basin faucet with zinc handle featuring contemporary design for schools, hospitals, living rooms, and bathrooms. Chinese factory production with export to South America and Southeast Asia emphasis.","breadcrumb":{"@id":"https:\/\/www.yoroow.com\/fr\/detail-du-produit\/robinetterie-de-salle-de-bain-moderne-a-une-poignee-pour-leau-froide-montee-sur-le-pont-chromee-et-bon-marche\/#breadcrumb"},"inLanguage":"fr-FR","potentialAction":[{"@type":"ReadAction","target":["https:\/\/www.yoroow.com\/fr\/detail-du-produit\/robinetterie-de-salle-de-bain-moderne-a-une-poignee-pour-leau-froide-montee-sur-le-pont-chromee-et-bon-marche\/"]}]},{"@type":"ImageObject","inLanguage":"fr-FR","@id":"https:\/\/www.yoroow.com\/fr\/detail-du-produit\/robinetterie-de-salle-de-bain-moderne-a-une-poignee-pour-leau-froide-montee-sur-le-pont-chromee-et-bon-marche\/#primaryimage","url":"https:\/\/www.yoroow.com\/wp-content\/uploads\/2025\/02\/12798083410_18643450-1.jpg","contentUrl":"https:\/\/www.yoroow.com\/wp-content\/uploads\/2025\/02\/12798083410_18643450-1.jpg","width":351,"height":351,"caption":"Traditional Single Cold Basin Faucet with Zinc Handle Contemporary Design Style for School Hospital Living Room Bathroom Use"},{"@type":"BreadcrumbList","@id":"https:\/\/www.yoroow.com\/fr\/detail-du-produit\/robinetterie-de-salle-de-bain-moderne-a-une-poignee-pour-leau-froide-montee-sur-le-pont-chromee-et-bon-marche\/#breadcrumb","itemListElement":[{"@type":"ListItem","position":1,"name":"home","item":"https:\/\/www.yoroow.com\/"},{"@type":"ListItem","position":2,"name":"Product","item":"https:\/\/www.yoroow.com\/product\/"},{"@type":"ListItem","position":3,"name":"Traditional Single Cold Basin Faucet with Zinc Handle Contemporary Design Style for School Hospital Living Room Bathroom Use"}]},{"@type":"WebSite","@id":"https:\/\/www.yoroow.com\/fr\/#website","url":"https:\/\/www.yoroow.com\/fr\/","name":"YOROOW","description":"","publisher":{"@id":"https:\/\/www.yoroow.com\/fr\/#organization"},"potentialAction":[{"@type":"SearchAction","target":{"@type":"EntryPoint","urlTemplate":"https:\/\/www.yoroow.com\/fr\/?s={search_term_string}"},"query-input":{"@type":"PropertyValueSpecification","valueRequired":true,"valueName":"search_term_string"}}],"inLanguage":"fr-FR"},{"@type":"Organization","@id":"https:\/\/www.yoroow.com\/fr\/#organization","name":"YOROOW","url":"https:\/\/www.yoroow.com\/fr\/","logo":{"@type":"ImageObject","inLanguage":"fr-FR","@id":"https:\/\/www.yoroow.com\/fr\/#\/schema\/logo\/image\/","url":"https:\/\/www.yoroow.com\/wp-content\/uploads\/2024\/12\/2024123007131061.png","contentUrl":"https:\/\/www.yoroow.com\/wp-content\/uploads\/2024\/12\/2024123007131061.png","width":168,"height":27,"caption":"YOROOW"},"image":{"@id":"https:\/\/www.yoroow.com\/fr\/#\/schema\/logo\/image\/"},"sameAs":["https:\/\/www.facebook.com\/people\/yoroowfaucetfactory\/61564236752362\/"]}]}},"_links":{"self":[{"href":"https:\/\/www.yoroow.com\/fr\/wp-json\/wp\/v2\/product\/12194","targetHints":{"allow":["GET"]}}],"collection":[{"href":"https:\/\/www.yoroow.com\/fr\/wp-json\/wp\/v2\/product"}],"about":[{"href":"https:\/\/www.yoroow.com\/fr\/wp-json\/wp\/v2\/types\/product"}],"wp:featuredmedia":[{"embeddable":true,"href":"https:\/\/www.yoroow.com\/fr\/wp-json\/wp\/v2\/media\/12205"}],"wp:attachment":[{"href":"https:\/\/www.yoroow.com\/fr\/wp-json\/wp\/v2\/media?parent=12194"}],"wp:term":[{"taxonomy":"product_brand","embeddable":true,"href":"https:\/\/www.yoroow.com\/fr\/wp-json\/wp\/v2\/product_brand?post=12194"},{"taxonomy":"product_cat","embeddable":true,"href":"https:\/\/www.yoroow.com\/fr\/wp-json\/wp\/v2\/product_cat?post=12194"},{"taxonomy":"product_tag","embeddable":true,"href":"https:\/\/www.yoroow.com\/fr\/wp-json\/wp\/v2\/product_tag?post=12194"}],"curies":[{"name":"wp","href":"https:\/\/api.w.org\/{rel}","templated":true}]}}