{"id":12175,"date":"2025-02-21T23:05:56","date_gmt":"2025-02-21T15:05:56","guid":{"rendered":"https:\/\/www.yoroow.com\/?post_type=product&#038;p=12175"},"modified":"2025-05-16T09:34:18","modified_gmt":"2025-05-16T01:34:18","slug":"design-moderne-chrome-poli-mitigeur-deau-chaude-sus-froide-mitigeur-deau-en-cascade-robinet-de-lavabo-de-salle-de-bain-robinet-de-lavabo","status":"publish","type":"product","link":"https:\/\/www.yoroow.com\/fr\/detail-du-produit\/design-moderne-chrome-poli-mitigeur-deau-chaude-sus-froide-mitigeur-deau-en-cascade-robinet-de-lavabo-de-salle-de-bain-robinet-de-lavabo\/","title":{"rendered":"Modern Design Chrome Polished SUS Basin Tap Classic Deckounted Cold Hot Water Mixer Waterfall Waterfall Bathroom Sink Faucet with Lever"},"content":{"rendered":"<p>Modern Design Chrome Polished SUS Basin Tap Classic Deck Mounted Cold Hot Water Mixer Waterfall Bathroom Sink Faucet with Lever offre une solution \u00e9l\u00e9gante et fonctionnelle pour les salles de bains contemporaines. La finition SUS (acier inoxydable) polie au chrome ajoute de l'\u00e9l\u00e9gance, tandis que le design mont\u00e9 sur le pont assure une installation facile. Le robinet est \u00e9quip\u00e9 d'un m\u00e9langeur d'eau chaude et d'eau froide, ce qui permet de r\u00e9gler la temp\u00e9rature de l'eau, tandis que le bec en cascade offre un flux d'eau apaisant. Les capacit\u00e9s de fabrication en usine de YOROOW garantissent une production rentable, une assurance qualit\u00e9 et des options de personnalisation. Ce robinet r\u00e9pond aux exigences des march\u00e9s d'Am\u00e9rique du Sud et d'Asie du Sud-Est, o\u00f9 les appareils sanitaires modernes, durables et abordables sont tr\u00e8s demand\u00e9s.<\/p>","protected":false},"excerpt":{"rendered":"<p>Modern Design Chrome Polished SUS Basin Tap Classic Deck Mounted Cold Hot Water Mixer Waterfall Bathroom Sink Faucet with Lever offers a stylish and functional solution for contemporary bathrooms. The chrome-polished SUS (stainless steel) finish adds elegance, while the deck-mounted design ensures easy installation. The faucet features both hot and cold water mixing, providing adjustable\u2026<\/p>","protected":false},"featured_media":12181,"template":"","meta":{"_acf_changed":false,"_kad_post_transparent":"default","_kad_post_title":"","_kad_post_layout":"default","_kad_post_sidebar_id":"","_kad_post_content_style":"default","_kad_post_vertical_padding":"default","_kad_post_feature":"","_kad_post_feature_position":"","_kad_post_header":false,"_kad_post_footer":false},"product_brand":[],"product_cat":[238,1558],"product_tag":[5921,3386],"class_list":{"0":"post-12175","1":"product","2":"type-product","3":"status-publish","4":"has-post-thumbnail","6":"product_cat-mixer-basin-faucet","7":"product_cat-square-basin-mixer-faucet","8":"product_tag-basin-faucet-with-lever","9":"product_tag-classic-basin-faucet","11":"first","12":"instock","13":"shipping-taxable","14":"purchasable","15":"product-type-variable","16":"wvs-archive-product-wrapper","17":"entry","18":"content-bg","19":"loop-entry"},"acf":[],"yoast_head":"<!-- This site is optimized with the Yoast SEO Premium plugin v25.4 (Yoast SEO v27.0) - https:\/\/yoast.com\/product\/yoast-seo-premium-wordpress\/ -->\n<title>Modern Design Chrome Polished SUS Basin Tap Classic Deck Mounted Cold Hot Water Mixer Waterfall Bathroom Sink Faucet with Lever - YOROOW<\/title>\n<meta name=\"description\" content=\"Modern design chrome polished SUS basin tap classic deck mounted hot cold water mixer waterfall bathroom sink faucet with lever. Chinese factory craftsmanship meets export standards for South America and Southeast Asia markets.\" \/>\n<meta name=\"robots\" content=\"index, follow, max-snippet:-1, max-image-preview:large, max-video-preview:-1\" \/>\n<link rel=\"canonical\" href=\"https:\/\/www.yoroow.com\/fr\/detail-du-produit\/design-moderne-chrome-poli-mitigeur-deau-chaude-sus-froide-mitigeur-deau-en-cascade-robinet-de-lavabo-de-salle-de-bain-robinet-de-lavabo\/\" \/>\n<meta property=\"og:locale\" content=\"fr_FR\" \/>\n<meta property=\"og:type\" content=\"article\" \/>\n<meta property=\"og:title\" content=\"Modern Design Chrome Polished SUS Basin Tap Classic Deck Mounted Cold Hot Water Mixer Waterfall Bathroom Sink Faucet with Lever\" \/>\n<meta property=\"og:description\" content=\"Modern design chrome polished SUS basin tap classic deck mounted hot cold water mixer waterfall bathroom sink faucet with lever. Chinese factory craftsmanship meets export standards for South America and Southeast Asia markets.\" \/>\n<meta property=\"og:url\" content=\"https:\/\/www.yoroow.com\/fr\/detail-du-produit\/design-moderne-chrome-poli-mitigeur-deau-chaude-sus-froide-mitigeur-deau-en-cascade-robinet-de-lavabo-de-salle-de-bain-robinet-de-lavabo\/\" \/>\n<meta property=\"og:site_name\" content=\"YOROOW\" \/>\n<meta property=\"article:publisher\" content=\"https:\/\/www.facebook.com\/people\/yoroowfaucetfactory\/61564236752362\/\" \/>\n<meta property=\"article:modified_time\" content=\"2025-05-16T01:34:18+00:00\" \/>\n<meta property=\"og:image\" content=\"https:\/\/www.yoroow.com\/wp-content\/uploads\/2025\/02\/\u56fe\u72471-2.jpg\" \/>\n\t<meta property=\"og:image:width\" content=\"453\" \/>\n\t<meta property=\"og:image:height\" content=\"453\" \/>\n\t<meta property=\"og:image:type\" content=\"image\/jpeg\" \/>\n<meta name=\"twitter:card\" content=\"summary_large_image\" \/>\n<meta name=\"twitter:label1\" content=\"Dur\u00e9e de lecture estim\u00e9e\" \/>\n\t<meta name=\"twitter:data1\" content=\"1 minute\" \/>\n<script type=\"application\/ld+json\" class=\"yoast-schema-graph\">{\"@context\":\"https:\/\/schema.org\",\"@graph\":[{\"@type\":\"WebPage\",\"@id\":\"https:\/\/www.yoroow.com\/fr\/detail-du-produit\/design-moderne-chrome-poli-mitigeur-deau-chaude-sus-froide-mitigeur-deau-en-cascade-robinet-de-lavabo-de-salle-de-bain-robinet-de-lavabo\/\",\"url\":\"https:\/\/www.yoroow.com\/fr\/detail-du-produit\/design-moderne-chrome-poli-mitigeur-deau-chaude-sus-froide-mitigeur-deau-en-cascade-robinet-de-lavabo-de-salle-de-bain-robinet-de-lavabo\/\",\"name\":\"Modern Design Chrome Polished SUS Basin Tap Classic Deck Mounted Cold Hot Water Mixer Waterfall Bathroom Sink Faucet with Lever - YOROOW\",\"isPartOf\":{\"@id\":\"https:\/\/www.yoroow.com\/fr\/#website\"},\"primaryImageOfPage\":{\"@id\":\"https:\/\/www.yoroow.com\/fr\/detail-du-produit\/design-moderne-chrome-poli-mitigeur-deau-chaude-sus-froide-mitigeur-deau-en-cascade-robinet-de-lavabo-de-salle-de-bain-robinet-de-lavabo\/#primaryimage\"},\"image\":{\"@id\":\"https:\/\/www.yoroow.com\/fr\/detail-du-produit\/design-moderne-chrome-poli-mitigeur-deau-chaude-sus-froide-mitigeur-deau-en-cascade-robinet-de-lavabo-de-salle-de-bain-robinet-de-lavabo\/#primaryimage\"},\"thumbnailUrl\":\"https:\/\/www.yoroow.com\/wp-content\/uploads\/2025\/02\/\u56fe\u72471-2.jpg\",\"datePublished\":\"2025-02-21T15:05:56+00:00\",\"dateModified\":\"2025-05-16T01:34:18+00:00\",\"description\":\"Modern design chrome polished SUS basin tap classic deck mounted hot cold water mixer waterfall bathroom sink faucet with lever. Chinese factory craftsmanship meets export standards for South America and Southeast Asia markets.\",\"breadcrumb\":{\"@id\":\"https:\/\/www.yoroow.com\/fr\/detail-du-produit\/design-moderne-chrome-poli-mitigeur-deau-chaude-sus-froide-mitigeur-deau-en-cascade-robinet-de-lavabo-de-salle-de-bain-robinet-de-lavabo\/#breadcrumb\"},\"inLanguage\":\"fr-FR\",\"potentialAction\":[{\"@type\":\"ReadAction\",\"target\":[\"https:\/\/www.yoroow.com\/fr\/detail-du-produit\/design-moderne-chrome-poli-mitigeur-deau-chaude-sus-froide-mitigeur-deau-en-cascade-robinet-de-lavabo-de-salle-de-bain-robinet-de-lavabo\/\"]}]},{\"@type\":\"ImageObject\",\"inLanguage\":\"fr-FR\",\"@id\":\"https:\/\/www.yoroow.com\/fr\/detail-du-produit\/design-moderne-chrome-poli-mitigeur-deau-chaude-sus-froide-mitigeur-deau-en-cascade-robinet-de-lavabo-de-salle-de-bain-robinet-de-lavabo\/#primaryimage\",\"url\":\"https:\/\/www.yoroow.com\/wp-content\/uploads\/2025\/02\/\u56fe\u72471-2.jpg\",\"contentUrl\":\"https:\/\/www.yoroow.com\/wp-content\/uploads\/2025\/02\/\u56fe\u72471-2.jpg\",\"width\":453,\"height\":453,\"caption\":\"201 Stainless Steel Single Handle Basin Faucet Classic Zinc Thermostatic Hot\/Cold Water Mixer Metered Faucets for Home Use\"},{\"@type\":\"BreadcrumbList\",\"@id\":\"https:\/\/www.yoroow.com\/fr\/detail-du-produit\/design-moderne-chrome-poli-mitigeur-deau-chaude-sus-froide-mitigeur-deau-en-cascade-robinet-de-lavabo-de-salle-de-bain-robinet-de-lavabo\/#breadcrumb\",\"itemListElement\":[{\"@type\":\"ListItem\",\"position\":1,\"name\":\"home\",\"item\":\"https:\/\/www.yoroow.com\/\"},{\"@type\":\"ListItem\",\"position\":2,\"name\":\"Product\",\"item\":\"https:\/\/www.yoroow.com\/product\/\"},{\"@type\":\"ListItem\",\"position\":3,\"name\":\"Modern Design Chrome Polished SUS Basin Tap Classic Deck Mounted Cold Hot Water Mixer Waterfall Bathroom Sink Faucet with Lever\"}]},{\"@type\":\"WebSite\",\"@id\":\"https:\/\/www.yoroow.com\/fr\/#website\",\"url\":\"https:\/\/www.yoroow.com\/fr\/\",\"name\":\"YOROOW\",\"description\":\"\",\"publisher\":{\"@id\":\"https:\/\/www.yoroow.com\/fr\/#organization\"},\"potentialAction\":[{\"@type\":\"SearchAction\",\"target\":{\"@type\":\"EntryPoint\",\"urlTemplate\":\"https:\/\/www.yoroow.com\/fr\/?s={search_term_string}\"},\"query-input\":{\"@type\":\"PropertyValueSpecification\",\"valueRequired\":true,\"valueName\":\"search_term_string\"}}],\"inLanguage\":\"fr-FR\"},{\"@type\":\"Organization\",\"@id\":\"https:\/\/www.yoroow.com\/fr\/#organization\",\"name\":\"YOROOW\",\"url\":\"https:\/\/www.yoroow.com\/fr\/\",\"logo\":{\"@type\":\"ImageObject\",\"inLanguage\":\"fr-FR\",\"@id\":\"https:\/\/www.yoroow.com\/fr\/#\/schema\/logo\/image\/\",\"url\":\"https:\/\/www.yoroow.com\/wp-content\/uploads\/2024\/12\/2024123007131061.png\",\"contentUrl\":\"https:\/\/www.yoroow.com\/wp-content\/uploads\/2024\/12\/2024123007131061.png\",\"width\":168,\"height\":27,\"caption\":\"YOROOW\"},\"image\":{\"@id\":\"https:\/\/www.yoroow.com\/fr\/#\/schema\/logo\/image\/\"},\"sameAs\":[\"https:\/\/www.facebook.com\/people\/yoroowfaucetfactory\/61564236752362\/\"]}]}<\/script>\n<!-- \/ Yoast SEO Premium plugin. -->","yoast_head_json":{"title":"Modern Design Chrome Polished SUS Basin Tap Classic Deck Mounted Cold Hot Water Mixer Waterfall Bathroom Sink Faucet with Lever - YOROOW","description":"Modern design chrome polished SUS basin tap classic deck mounted hot cold water mixer waterfall bathroom sink faucet with lever. Chinese factory craftsmanship meets export standards for South America and Southeast Asia markets.","robots":{"index":"index","follow":"follow","max-snippet":"max-snippet:-1","max-image-preview":"max-image-preview:large","max-video-preview":"max-video-preview:-1"},"canonical":"https:\/\/www.yoroow.com\/fr\/detail-du-produit\/design-moderne-chrome-poli-mitigeur-deau-chaude-sus-froide-mitigeur-deau-en-cascade-robinet-de-lavabo-de-salle-de-bain-robinet-de-lavabo\/","og_locale":"fr_FR","og_type":"article","og_title":"Modern Design Chrome Polished SUS Basin Tap Classic Deck Mounted Cold Hot Water Mixer Waterfall Bathroom Sink Faucet with Lever","og_description":"Modern design chrome polished SUS basin tap classic deck mounted hot cold water mixer waterfall bathroom sink faucet with lever. Chinese factory craftsmanship meets export standards for South America and Southeast Asia markets.","og_url":"https:\/\/www.yoroow.com\/fr\/detail-du-produit\/design-moderne-chrome-poli-mitigeur-deau-chaude-sus-froide-mitigeur-deau-en-cascade-robinet-de-lavabo-de-salle-de-bain-robinet-de-lavabo\/","og_site_name":"YOROOW","article_publisher":"https:\/\/www.facebook.com\/people\/yoroowfaucetfactory\/61564236752362\/","article_modified_time":"2025-05-16T01:34:18+00:00","og_image":[{"width":453,"height":453,"url":"https:\/\/www.yoroow.com\/wp-content\/uploads\/2025\/02\/\u56fe\u72471-2.jpg","type":"image\/jpeg"}],"twitter_card":"summary_large_image","twitter_misc":{"Dur\u00e9e de lecture estim\u00e9e":"1 minute"},"schema":{"@context":"https:\/\/schema.org","@graph":[{"@type":"WebPage","@id":"https:\/\/www.yoroow.com\/fr\/detail-du-produit\/design-moderne-chrome-poli-mitigeur-deau-chaude-sus-froide-mitigeur-deau-en-cascade-robinet-de-lavabo-de-salle-de-bain-robinet-de-lavabo\/","url":"https:\/\/www.yoroow.com\/fr\/detail-du-produit\/design-moderne-chrome-poli-mitigeur-deau-chaude-sus-froide-mitigeur-deau-en-cascade-robinet-de-lavabo-de-salle-de-bain-robinet-de-lavabo\/","name":"Modern Design Chrome Polished SUS Basin Tap Classic Deck Mounted Cold Hot Water Mixer Waterfall Bathroom Sink Faucet with Lever - YOROOW","isPartOf":{"@id":"https:\/\/www.yoroow.com\/fr\/#website"},"primaryImageOfPage":{"@id":"https:\/\/www.yoroow.com\/fr\/detail-du-produit\/design-moderne-chrome-poli-mitigeur-deau-chaude-sus-froide-mitigeur-deau-en-cascade-robinet-de-lavabo-de-salle-de-bain-robinet-de-lavabo\/#primaryimage"},"image":{"@id":"https:\/\/www.yoroow.com\/fr\/detail-du-produit\/design-moderne-chrome-poli-mitigeur-deau-chaude-sus-froide-mitigeur-deau-en-cascade-robinet-de-lavabo-de-salle-de-bain-robinet-de-lavabo\/#primaryimage"},"thumbnailUrl":"https:\/\/www.yoroow.com\/wp-content\/uploads\/2025\/02\/\u56fe\u72471-2.jpg","datePublished":"2025-02-21T15:05:56+00:00","dateModified":"2025-05-16T01:34:18+00:00","description":"Modern design chrome polished SUS basin tap classic deck mounted hot cold water mixer waterfall bathroom sink faucet with lever. Chinese factory craftsmanship meets export standards for South America and Southeast Asia markets.","breadcrumb":{"@id":"https:\/\/www.yoroow.com\/fr\/detail-du-produit\/design-moderne-chrome-poli-mitigeur-deau-chaude-sus-froide-mitigeur-deau-en-cascade-robinet-de-lavabo-de-salle-de-bain-robinet-de-lavabo\/#breadcrumb"},"inLanguage":"fr-FR","potentialAction":[{"@type":"ReadAction","target":["https:\/\/www.yoroow.com\/fr\/detail-du-produit\/design-moderne-chrome-poli-mitigeur-deau-chaude-sus-froide-mitigeur-deau-en-cascade-robinet-de-lavabo-de-salle-de-bain-robinet-de-lavabo\/"]}]},{"@type":"ImageObject","inLanguage":"fr-FR","@id":"https:\/\/www.yoroow.com\/fr\/detail-du-produit\/design-moderne-chrome-poli-mitigeur-deau-chaude-sus-froide-mitigeur-deau-en-cascade-robinet-de-lavabo-de-salle-de-bain-robinet-de-lavabo\/#primaryimage","url":"https:\/\/www.yoroow.com\/wp-content\/uploads\/2025\/02\/\u56fe\u72471-2.jpg","contentUrl":"https:\/\/www.yoroow.com\/wp-content\/uploads\/2025\/02\/\u56fe\u72471-2.jpg","width":453,"height":453,"caption":"201 Stainless Steel Single Handle Basin Faucet Classic Zinc Thermostatic Hot\/Cold Water Mixer Metered Faucets for Home Use"},{"@type":"BreadcrumbList","@id":"https:\/\/www.yoroow.com\/fr\/detail-du-produit\/design-moderne-chrome-poli-mitigeur-deau-chaude-sus-froide-mitigeur-deau-en-cascade-robinet-de-lavabo-de-salle-de-bain-robinet-de-lavabo\/#breadcrumb","itemListElement":[{"@type":"ListItem","position":1,"name":"home","item":"https:\/\/www.yoroow.com\/"},{"@type":"ListItem","position":2,"name":"Product","item":"https:\/\/www.yoroow.com\/product\/"},{"@type":"ListItem","position":3,"name":"Modern Design Chrome Polished SUS Basin Tap Classic Deck Mounted Cold Hot Water Mixer Waterfall Bathroom Sink Faucet with Lever"}]},{"@type":"WebSite","@id":"https:\/\/www.yoroow.com\/fr\/#website","url":"https:\/\/www.yoroow.com\/fr\/","name":"YOROOW","description":"","publisher":{"@id":"https:\/\/www.yoroow.com\/fr\/#organization"},"potentialAction":[{"@type":"SearchAction","target":{"@type":"EntryPoint","urlTemplate":"https:\/\/www.yoroow.com\/fr\/?s={search_term_string}"},"query-input":{"@type":"PropertyValueSpecification","valueRequired":true,"valueName":"search_term_string"}}],"inLanguage":"fr-FR"},{"@type":"Organization","@id":"https:\/\/www.yoroow.com\/fr\/#organization","name":"YOROOW","url":"https:\/\/www.yoroow.com\/fr\/","logo":{"@type":"ImageObject","inLanguage":"fr-FR","@id":"https:\/\/www.yoroow.com\/fr\/#\/schema\/logo\/image\/","url":"https:\/\/www.yoroow.com\/wp-content\/uploads\/2024\/12\/2024123007131061.png","contentUrl":"https:\/\/www.yoroow.com\/wp-content\/uploads\/2024\/12\/2024123007131061.png","width":168,"height":27,"caption":"YOROOW"},"image":{"@id":"https:\/\/www.yoroow.com\/fr\/#\/schema\/logo\/image\/"},"sameAs":["https:\/\/www.facebook.com\/people\/yoroowfaucetfactory\/61564236752362\/"]}]}},"_links":{"self":[{"href":"https:\/\/www.yoroow.com\/fr\/wp-json\/wp\/v2\/product\/12175","targetHints":{"allow":["GET"]}}],"collection":[{"href":"https:\/\/www.yoroow.com\/fr\/wp-json\/wp\/v2\/product"}],"about":[{"href":"https:\/\/www.yoroow.com\/fr\/wp-json\/wp\/v2\/types\/product"}],"wp:featuredmedia":[{"embeddable":true,"href":"https:\/\/www.yoroow.com\/fr\/wp-json\/wp\/v2\/media\/12181"}],"wp:attachment":[{"href":"https:\/\/www.yoroow.com\/fr\/wp-json\/wp\/v2\/media?parent=12175"}],"wp:term":[{"taxonomy":"product_brand","embeddable":true,"href":"https:\/\/www.yoroow.com\/fr\/wp-json\/wp\/v2\/product_brand?post=12175"},{"taxonomy":"product_cat","embeddable":true,"href":"https:\/\/www.yoroow.com\/fr\/wp-json\/wp\/v2\/product_cat?post=12175"},{"taxonomy":"product_tag","embeddable":true,"href":"https:\/\/www.yoroow.com\/fr\/wp-json\/wp\/v2\/product_tag?post=12175"}],"curies":[{"name":"wp","href":"https:\/\/api.w.org\/{rel}","templated":true}]}}