{"id":11981,"date":"2025-02-21T17:54:59","date_gmt":"2025-02-21T09:54:59","guid":{"rendered":"https:\/\/www.yoroow.com\/?post_type=product&#038;p=11981"},"modified":"2025-05-16T09:32:39","modified_gmt":"2025-05-16T01:32:39","slug":"prix-pas-cher-mitigeur-de-douche-chrome-salle-de-bain-moderne-sus201-robinets-de-douche-muraux-mitigeurs","status":"publish","type":"product","link":"https:\/\/www.yoroow.com\/fr\/detail-du-produit\/prix-pas-cher-mitigeur-de-douche-chrome-salle-de-bain-moderne-sus201-robinets-de-douche-muraux-mitigeurs\/","title":{"rendered":"Modern Budget Bath &amp; Shower Faucets Stainless Steel Hot Cold Chrome Shower Mixer Faucet SUS201 Wall Mount"},"content":{"rendered":"<p>Ce robinet de baignoire et de douche \u00e9conomique est fabriqu\u00e9 en acier inoxydable SUS201 durable et pr\u00e9sente une finition chrom\u00e9e \u00e9l\u00e9gante, offrant une fonctionnalit\u00e9 de m\u00e9lange d'eau chaude et d'eau froide. Le design mural est parfait pour les salles de bains peu encombr\u00e9es dans les maisons, les h\u00f4tels et autres lieux commerciaux. Le design facile \u00e0 installer garantit une installation rapide, tandis que la construction en acier inoxydable de haute qualit\u00e9 assure la long\u00e9vit\u00e9 et la r\u00e9sistance \u00e0 la corrosion. Fabriqu\u00e9 par YOROOW en Chine, ce robinet offre un excellent rapport qualit\u00e9-prix, ce qui en fait un choix populaire pour les clients d'Am\u00e9rique du Sud et d'Asie du Sud-Est, o\u00f9 la demande de produits de salle de bains abordables et de haute qualit\u00e9 est en hausse. L'expertise de YOROOW en mati\u00e8re de production \u00e0 grande \u00e9chelle et de logistique internationale garantit que le robinet est livr\u00e9 \u00e0 temps et r\u00e9pond aux besoins d'un large \u00e9ventail de clients. Avec son prix abordable, sa durabilit\u00e9 et son design \u00e9l\u00e9gant, ce robinet est une solution id\u00e9ale pour les consommateurs soucieux de leur budget et qui ne veulent pas faire de compromis sur la qualit\u00e9.<\/p>","protected":false},"excerpt":{"rendered":"<p>This budget-friendly bath and shower faucet is constructed from durable SUS201 stainless steel and features a sleek chrome finish, providing both hot and cold water mixing functionality. The wall-mounted design is perfect for space-efficient bathrooms in homes, hotels, and other commercial settings. The easy-to-install design ensures quick setup, while the high-quality stainless steel construction ensures\u2026<\/p>","protected":false},"featured_media":11988,"template":"","meta":{"_acf_changed":false,"_kad_post_transparent":"default","_kad_post_title":"","_kad_post_layout":"default","_kad_post_sidebar_id":"","_kad_post_content_style":"default","_kad_post_vertical_padding":"default","_kad_post_feature":"","_kad_post_feature_position":"","_kad_post_header":false,"_kad_post_footer":false},"product_brand":[],"product_cat":[122,1552],"product_tag":[6562,6335],"class_list":{"0":"post-11981","1":"product","2":"type-product","3":"status-publish","4":"has-post-thumbnail","6":"product_cat-bathshower-faucet","7":"product_cat-bxg01series","8":"product_tag-budget-bath-faucet","9":"product_tag-stainless-steel-hot-and-cold-shower-faucet-set","11":"first","12":"instock","13":"shipping-taxable","14":"purchasable","15":"product-type-variable","16":"wvs-archive-product-wrapper","17":"entry","18":"content-bg","19":"loop-entry"},"acf":[],"yoast_head":"<!-- This site is optimized with the Yoast SEO Premium plugin v25.4 (Yoast SEO v27.0) - https:\/\/yoast.com\/product\/yoast-seo-premium-wordpress\/ -->\n<title>Modern Budget Bath &amp; Shower Faucets Stainless Steel Hot Cold Chrome Shower Mixer Faucet SUS201 Wall Mount - YOROOW<\/title>\n<meta name=\"description\" content=\"Modern budget bath and shower faucet set made from stainless steel SUS201 with hot and cold chrome shower mixer. Wall mount design for easy installation. Produced in China with cost efficiency, targeting South American and Southeast Asian budget-conscious consumers.\" \/>\n<meta name=\"robots\" content=\"index, follow, max-snippet:-1, max-image-preview:large, max-video-preview:-1\" \/>\n<link rel=\"canonical\" href=\"https:\/\/www.yoroow.com\/fr\/detail-du-produit\/prix-pas-cher-mitigeur-de-douche-chrome-salle-de-bain-moderne-sus201-robinets-de-douche-muraux-mitigeurs\/\" \/>\n<meta property=\"og:locale\" content=\"fr_FR\" \/>\n<meta property=\"og:type\" content=\"article\" \/>\n<meta property=\"og:title\" content=\"Modern Budget Bath &amp; Shower Faucets Stainless Steel Hot Cold Chrome Shower Mixer Faucet SUS201 Wall Mount\" \/>\n<meta property=\"og:description\" content=\"Modern budget bath and shower faucet set made from stainless steel SUS201 with hot and cold chrome shower mixer. Wall mount design for easy installation. Produced in China with cost efficiency, targeting South American and Southeast Asian budget-conscious consumers.\" \/>\n<meta property=\"og:url\" content=\"https:\/\/www.yoroow.com\/fr\/detail-du-produit\/prix-pas-cher-mitigeur-de-douche-chrome-salle-de-bain-moderne-sus201-robinets-de-douche-muraux-mitigeurs\/\" \/>\n<meta property=\"og:site_name\" content=\"YOROOW\" \/>\n<meta property=\"article:publisher\" content=\"https:\/\/www.facebook.com\/people\/yoroowfaucetfactory\/61564236752362\/\" \/>\n<meta property=\"article:modified_time\" content=\"2025-05-16T01:32:39+00:00\" \/>\n<meta property=\"og:image\" content=\"https:\/\/www.yoroow.com\/wp-content\/uploads\/2025\/02\/O1CN01eip6sz1mwIDVP3QIZ_3084865018-0-cib.jpg\" \/>\n\t<meta property=\"og:image:width\" content=\"673\" \/>\n\t<meta property=\"og:image:height\" content=\"673\" \/>\n\t<meta property=\"og:image:type\" content=\"image\/jpeg\" \/>\n<meta name=\"twitter:card\" content=\"summary_large_image\" \/>\n<meta name=\"twitter:label1\" content=\"Dur\u00e9e de lecture estim\u00e9e\" \/>\n\t<meta name=\"twitter:data1\" content=\"1 minute\" \/>\n<script type=\"application\/ld+json\" class=\"yoast-schema-graph\">{\"@context\":\"https:\/\/schema.org\",\"@graph\":[{\"@type\":\"WebPage\",\"@id\":\"https:\/\/www.yoroow.com\/fr\/detail-du-produit\/prix-pas-cher-mitigeur-de-douche-chrome-salle-de-bain-moderne-sus201-robinets-de-douche-muraux-mitigeurs\/\",\"url\":\"https:\/\/www.yoroow.com\/fr\/detail-du-produit\/prix-pas-cher-mitigeur-de-douche-chrome-salle-de-bain-moderne-sus201-robinets-de-douche-muraux-mitigeurs\/\",\"name\":\"Modern Budget Bath & Shower Faucets Stainless Steel Hot Cold Chrome Shower Mixer Faucet SUS201 Wall Mount - YOROOW\",\"isPartOf\":{\"@id\":\"https:\/\/www.yoroow.com\/fr\/#website\"},\"primaryImageOfPage\":{\"@id\":\"https:\/\/www.yoroow.com\/fr\/detail-du-produit\/prix-pas-cher-mitigeur-de-douche-chrome-salle-de-bain-moderne-sus201-robinets-de-douche-muraux-mitigeurs\/#primaryimage\"},\"image\":{\"@id\":\"https:\/\/www.yoroow.com\/fr\/detail-du-produit\/prix-pas-cher-mitigeur-de-douche-chrome-salle-de-bain-moderne-sus201-robinets-de-douche-muraux-mitigeurs\/#primaryimage\"},\"thumbnailUrl\":\"https:\/\/www.yoroow.com\/wp-content\/uploads\/2025\/02\/O1CN01eip6sz1mwIDVP3QIZ_3084865018-0-cib.jpg\",\"datePublished\":\"2025-02-21T09:54:59+00:00\",\"dateModified\":\"2025-05-16T01:32:39+00:00\",\"description\":\"Modern budget bath and shower faucet set made from stainless steel SUS201 with hot and cold chrome shower mixer. Wall mount design for easy installation. Produced in China with cost efficiency, targeting South American and Southeast Asian budget-conscious consumers.\",\"breadcrumb\":{\"@id\":\"https:\/\/www.yoroow.com\/fr\/detail-du-produit\/prix-pas-cher-mitigeur-de-douche-chrome-salle-de-bain-moderne-sus201-robinets-de-douche-muraux-mitigeurs\/#breadcrumb\"},\"inLanguage\":\"fr-FR\",\"potentialAction\":[{\"@type\":\"ReadAction\",\"target\":[\"https:\/\/www.yoroow.com\/fr\/detail-du-produit\/prix-pas-cher-mitigeur-de-douche-chrome-salle-de-bain-moderne-sus201-robinets-de-douche-muraux-mitigeurs\/\"]}]},{\"@type\":\"ImageObject\",\"inLanguage\":\"fr-FR\",\"@id\":\"https:\/\/www.yoroow.com\/fr\/detail-du-produit\/prix-pas-cher-mitigeur-de-douche-chrome-salle-de-bain-moderne-sus201-robinets-de-douche-muraux-mitigeurs\/#primaryimage\",\"url\":\"https:\/\/www.yoroow.com\/wp-content\/uploads\/2025\/02\/O1CN01eip6sz1mwIDVP3QIZ_3084865018-0-cib.jpg\",\"contentUrl\":\"https:\/\/www.yoroow.com\/wp-content\/uploads\/2025\/02\/O1CN01eip6sz1mwIDVP3QIZ_3084865018-0-cib.jpg\",\"width\":673,\"height\":673,\"caption\":\"Modern Budget Bath & Shower Faucets Stainless Steel Hot Cold Chrome Shower Mixer Faucet SUS201 Wall Mount\"},{\"@type\":\"BreadcrumbList\",\"@id\":\"https:\/\/www.yoroow.com\/fr\/detail-du-produit\/prix-pas-cher-mitigeur-de-douche-chrome-salle-de-bain-moderne-sus201-robinets-de-douche-muraux-mitigeurs\/#breadcrumb\",\"itemListElement\":[{\"@type\":\"ListItem\",\"position\":1,\"name\":\"home\",\"item\":\"https:\/\/www.yoroow.com\/\"},{\"@type\":\"ListItem\",\"position\":2,\"name\":\"Product\",\"item\":\"https:\/\/www.yoroow.com\/product\/\"},{\"@type\":\"ListItem\",\"position\":3,\"name\":\"Modern Budget Bath &#038; Shower Faucets Stainless Steel Hot Cold Chrome Shower Mixer Faucet SUS201 Wall Mount\"}]},{\"@type\":\"WebSite\",\"@id\":\"https:\/\/www.yoroow.com\/fr\/#website\",\"url\":\"https:\/\/www.yoroow.com\/fr\/\",\"name\":\"YOROOW\",\"description\":\"\",\"publisher\":{\"@id\":\"https:\/\/www.yoroow.com\/fr\/#organization\"},\"potentialAction\":[{\"@type\":\"SearchAction\",\"target\":{\"@type\":\"EntryPoint\",\"urlTemplate\":\"https:\/\/www.yoroow.com\/fr\/?s={search_term_string}\"},\"query-input\":{\"@type\":\"PropertyValueSpecification\",\"valueRequired\":true,\"valueName\":\"search_term_string\"}}],\"inLanguage\":\"fr-FR\"},{\"@type\":\"Organization\",\"@id\":\"https:\/\/www.yoroow.com\/fr\/#organization\",\"name\":\"YOROOW\",\"url\":\"https:\/\/www.yoroow.com\/fr\/\",\"logo\":{\"@type\":\"ImageObject\",\"inLanguage\":\"fr-FR\",\"@id\":\"https:\/\/www.yoroow.com\/fr\/#\/schema\/logo\/image\/\",\"url\":\"https:\/\/www.yoroow.com\/wp-content\/uploads\/2024\/12\/2024123007131061.png\",\"contentUrl\":\"https:\/\/www.yoroow.com\/wp-content\/uploads\/2024\/12\/2024123007131061.png\",\"width\":168,\"height\":27,\"caption\":\"YOROOW\"},\"image\":{\"@id\":\"https:\/\/www.yoroow.com\/fr\/#\/schema\/logo\/image\/\"},\"sameAs\":[\"https:\/\/www.facebook.com\/people\/yoroowfaucetfactory\/61564236752362\/\"]}]}<\/script>\n<!-- \/ Yoast SEO Premium plugin. -->","yoast_head_json":{"title":"Modern Budget Bath & Shower Faucets Stainless Steel Hot Cold Chrome Shower Mixer Faucet SUS201 Wall Mount - YOROOW","description":"Modern budget bath and shower faucet set made from stainless steel SUS201 with hot and cold chrome shower mixer. Wall mount design for easy installation. Produced in China with cost efficiency, targeting South American and Southeast Asian budget-conscious consumers.","robots":{"index":"index","follow":"follow","max-snippet":"max-snippet:-1","max-image-preview":"max-image-preview:large","max-video-preview":"max-video-preview:-1"},"canonical":"https:\/\/www.yoroow.com\/fr\/detail-du-produit\/prix-pas-cher-mitigeur-de-douche-chrome-salle-de-bain-moderne-sus201-robinets-de-douche-muraux-mitigeurs\/","og_locale":"fr_FR","og_type":"article","og_title":"Modern Budget Bath & Shower Faucets Stainless Steel Hot Cold Chrome Shower Mixer Faucet SUS201 Wall Mount","og_description":"Modern budget bath and shower faucet set made from stainless steel SUS201 with hot and cold chrome shower mixer. Wall mount design for easy installation. Produced in China with cost efficiency, targeting South American and Southeast Asian budget-conscious consumers.","og_url":"https:\/\/www.yoroow.com\/fr\/detail-du-produit\/prix-pas-cher-mitigeur-de-douche-chrome-salle-de-bain-moderne-sus201-robinets-de-douche-muraux-mitigeurs\/","og_site_name":"YOROOW","article_publisher":"https:\/\/www.facebook.com\/people\/yoroowfaucetfactory\/61564236752362\/","article_modified_time":"2025-05-16T01:32:39+00:00","og_image":[{"width":673,"height":673,"url":"https:\/\/www.yoroow.com\/wp-content\/uploads\/2025\/02\/O1CN01eip6sz1mwIDVP3QIZ_3084865018-0-cib.jpg","type":"image\/jpeg"}],"twitter_card":"summary_large_image","twitter_misc":{"Dur\u00e9e de lecture estim\u00e9e":"1 minute"},"schema":{"@context":"https:\/\/schema.org","@graph":[{"@type":"WebPage","@id":"https:\/\/www.yoroow.com\/fr\/detail-du-produit\/prix-pas-cher-mitigeur-de-douche-chrome-salle-de-bain-moderne-sus201-robinets-de-douche-muraux-mitigeurs\/","url":"https:\/\/www.yoroow.com\/fr\/detail-du-produit\/prix-pas-cher-mitigeur-de-douche-chrome-salle-de-bain-moderne-sus201-robinets-de-douche-muraux-mitigeurs\/","name":"Modern Budget Bath & Shower Faucets Stainless Steel Hot Cold Chrome Shower Mixer Faucet SUS201 Wall Mount - YOROOW","isPartOf":{"@id":"https:\/\/www.yoroow.com\/fr\/#website"},"primaryImageOfPage":{"@id":"https:\/\/www.yoroow.com\/fr\/detail-du-produit\/prix-pas-cher-mitigeur-de-douche-chrome-salle-de-bain-moderne-sus201-robinets-de-douche-muraux-mitigeurs\/#primaryimage"},"image":{"@id":"https:\/\/www.yoroow.com\/fr\/detail-du-produit\/prix-pas-cher-mitigeur-de-douche-chrome-salle-de-bain-moderne-sus201-robinets-de-douche-muraux-mitigeurs\/#primaryimage"},"thumbnailUrl":"https:\/\/www.yoroow.com\/wp-content\/uploads\/2025\/02\/O1CN01eip6sz1mwIDVP3QIZ_3084865018-0-cib.jpg","datePublished":"2025-02-21T09:54:59+00:00","dateModified":"2025-05-16T01:32:39+00:00","description":"Modern budget bath and shower faucet set made from stainless steel SUS201 with hot and cold chrome shower mixer. Wall mount design for easy installation. Produced in China with cost efficiency, targeting South American and Southeast Asian budget-conscious consumers.","breadcrumb":{"@id":"https:\/\/www.yoroow.com\/fr\/detail-du-produit\/prix-pas-cher-mitigeur-de-douche-chrome-salle-de-bain-moderne-sus201-robinets-de-douche-muraux-mitigeurs\/#breadcrumb"},"inLanguage":"fr-FR","potentialAction":[{"@type":"ReadAction","target":["https:\/\/www.yoroow.com\/fr\/detail-du-produit\/prix-pas-cher-mitigeur-de-douche-chrome-salle-de-bain-moderne-sus201-robinets-de-douche-muraux-mitigeurs\/"]}]},{"@type":"ImageObject","inLanguage":"fr-FR","@id":"https:\/\/www.yoroow.com\/fr\/detail-du-produit\/prix-pas-cher-mitigeur-de-douche-chrome-salle-de-bain-moderne-sus201-robinets-de-douche-muraux-mitigeurs\/#primaryimage","url":"https:\/\/www.yoroow.com\/wp-content\/uploads\/2025\/02\/O1CN01eip6sz1mwIDVP3QIZ_3084865018-0-cib.jpg","contentUrl":"https:\/\/www.yoroow.com\/wp-content\/uploads\/2025\/02\/O1CN01eip6sz1mwIDVP3QIZ_3084865018-0-cib.jpg","width":673,"height":673,"caption":"Modern Budget Bath & Shower Faucets Stainless Steel Hot Cold Chrome Shower Mixer Faucet SUS201 Wall Mount"},{"@type":"BreadcrumbList","@id":"https:\/\/www.yoroow.com\/fr\/detail-du-produit\/prix-pas-cher-mitigeur-de-douche-chrome-salle-de-bain-moderne-sus201-robinets-de-douche-muraux-mitigeurs\/#breadcrumb","itemListElement":[{"@type":"ListItem","position":1,"name":"home","item":"https:\/\/www.yoroow.com\/"},{"@type":"ListItem","position":2,"name":"Product","item":"https:\/\/www.yoroow.com\/product\/"},{"@type":"ListItem","position":3,"name":"Modern Budget Bath &#038; Shower Faucets Stainless Steel Hot Cold Chrome Shower Mixer Faucet SUS201 Wall Mount"}]},{"@type":"WebSite","@id":"https:\/\/www.yoroow.com\/fr\/#website","url":"https:\/\/www.yoroow.com\/fr\/","name":"YOROOW","description":"","publisher":{"@id":"https:\/\/www.yoroow.com\/fr\/#organization"},"potentialAction":[{"@type":"SearchAction","target":{"@type":"EntryPoint","urlTemplate":"https:\/\/www.yoroow.com\/fr\/?s={search_term_string}"},"query-input":{"@type":"PropertyValueSpecification","valueRequired":true,"valueName":"search_term_string"}}],"inLanguage":"fr-FR"},{"@type":"Organization","@id":"https:\/\/www.yoroow.com\/fr\/#organization","name":"YOROOW","url":"https:\/\/www.yoroow.com\/fr\/","logo":{"@type":"ImageObject","inLanguage":"fr-FR","@id":"https:\/\/www.yoroow.com\/fr\/#\/schema\/logo\/image\/","url":"https:\/\/www.yoroow.com\/wp-content\/uploads\/2024\/12\/2024123007131061.png","contentUrl":"https:\/\/www.yoroow.com\/wp-content\/uploads\/2024\/12\/2024123007131061.png","width":168,"height":27,"caption":"YOROOW"},"image":{"@id":"https:\/\/www.yoroow.com\/fr\/#\/schema\/logo\/image\/"},"sameAs":["https:\/\/www.facebook.com\/people\/yoroowfaucetfactory\/61564236752362\/"]}]}},"_links":{"self":[{"href":"https:\/\/www.yoroow.com\/fr\/wp-json\/wp\/v2\/product\/11981","targetHints":{"allow":["GET"]}}],"collection":[{"href":"https:\/\/www.yoroow.com\/fr\/wp-json\/wp\/v2\/product"}],"about":[{"href":"https:\/\/www.yoroow.com\/fr\/wp-json\/wp\/v2\/types\/product"}],"wp:featuredmedia":[{"embeddable":true,"href":"https:\/\/www.yoroow.com\/fr\/wp-json\/wp\/v2\/media\/11988"}],"wp:attachment":[{"href":"https:\/\/www.yoroow.com\/fr\/wp-json\/wp\/v2\/media?parent=11981"}],"wp:term":[{"taxonomy":"product_brand","embeddable":true,"href":"https:\/\/www.yoroow.com\/fr\/wp-json\/wp\/v2\/product_brand?post=11981"},{"taxonomy":"product_cat","embeddable":true,"href":"https:\/\/www.yoroow.com\/fr\/wp-json\/wp\/v2\/product_cat?post=11981"},{"taxonomy":"product_tag","embeddable":true,"href":"https:\/\/www.yoroow.com\/fr\/wp-json\/wp\/v2\/product_tag?post=11981"}],"curies":[{"name":"wp","href":"https:\/\/api.w.org\/{rel}","templated":true}]}}