{"id":11848,"date":"2025-02-21T14:43:19","date_gmt":"2025-02-21T06:43:19","guid":{"rendered":"https:\/\/www.yoroow.com\/?post_type=product&#038;p=11848"},"modified":"2025-05-16T09:29:43","modified_gmt":"2025-05-16T01:29:43","slug":"luxueuse-salle-de-bain-toilettes-cuisine-vanne-dangle-carree-en-zinc-chrome-de-haute-qualite-vanne-darret-de-haute-qualite","status":"publish","type":"product","link":"https:\/\/www.yoroow.com\/fr\/detail-du-produit\/luxueuse-salle-de-bain-toilettes-cuisine-vanne-dangle-carree-en-zinc-chrome-de-haute-qualite-vanne-darret-de-haute-qualite\/","title":{"rendered":"Modern Style 1\/2\u2033 Brass Faucet Angle Valve Durable Water Stop for Kitchen Hotel Bathrooms Outdoor-Bathroom Faucet Accessories"},"content":{"rendered":"<p>Robinet d'\u00e9querre en laiton de style moderne Arr\u00eat d'eau durable pour cuisine H\u00f4tel Toilettes Salle de bains Applications ext\u00e9rieures Ce robinet d'\u00e9querre en laiton moderne est con\u00e7u pour arr\u00eater et r\u00e9guler l'eau dans les cuisines, les salles de bains, les chambres d'h\u00f4tel et les robinets d'ext\u00e9rieur. Avec un c\u0153ur de vanne de haute pr\u00e9cision et un corps en laiton r\u00e9sistant \u00e0 la corrosion, elle garantit une durabilit\u00e9 \u00e0 long terme. Fabriqu\u00e9e dans une usine de robinetterie chinoise professionnelle, cette vanne est largement personnalisable, notamment en termes de taille, de m\u00e9lange de mat\u00e9riaux et de marquage. Couramment install\u00e9e sur les entr\u00e9es d'eau des \u00e9viers, des toilettes et des chauffe-eau, elle est essentielle pour contr\u00f4ler la distribution de l'eau. Il est particuli\u00e8rement populaire sur les march\u00e9s \u00e9mergents d'Asie du Sud-Est et d'Am\u00e9rique latine, o\u00f9 l'efficacit\u00e9 et la durabilit\u00e9 de la plomberie sont des priorit\u00e9s essentielles.<\/p>","protected":false},"excerpt":{"rendered":"<p>Modern Style Brass Faucet Angle Valve Durable Water Stop for Kitchen Hotel Toilets Bathrooms Outdoor Applications This modern brass angle valve is designed for water stop and regulation in kitchens, bathrooms, hotel rooms, and outdoor taps. With a high-precision valve core and corrosion-resistant brass body, it guarantees long-term durability. Made in a professional Chinese faucet\u2026<\/p>","protected":false},"featured_media":11844,"template":"","meta":{"_acf_changed":false,"_kad_post_transparent":"default","_kad_post_title":"","_kad_post_layout":"default","_kad_post_sidebar_id":"","_kad_post_content_style":"default","_kad_post_vertical_padding":"default","_kad_post_feature":"","_kad_post_feature_position":"","_kad_post_header":false,"_kad_post_footer":false},"product_brand":[],"product_cat":[210,1535],"product_tag":[569,574,609],"class_list":{"0":"post-11848","1":"product","2":"type-product","3":"status-publish","4":"has-post-thumbnail","6":"product_cat-angle-valve-angle-valve","7":"product_cat-052aseries","8":"product_tag-brass-faucet-angle-valve-toilet","9":"product_tag-brass-valve-angle-valve-toilet-1-2","10":"product_tag-water-stop-angle-valve","12":"first","13":"instock","14":"shipping-taxable","15":"purchasable","16":"product-type-variable","17":"wvs-archive-product-wrapper","18":"entry","19":"content-bg","20":"loop-entry"},"acf":[],"yoast_head":"<!-- This site is optimized with the Yoast SEO Premium plugin v25.4 (Yoast SEO v27.0) - https:\/\/yoast.com\/product\/yoast-seo-premium-wordpress\/ -->\n<title>Modern Style 1\/2&quot; Brass Faucet Angle Valve Durable Water Stop for Kitchen Hotel Bathrooms Outdoor-Bathroom Faucet Accessories - YOROOW<\/title>\n<meta name=\"description\" content=\"Modern style brass angle valve with durable water stop function suitable for kitchens, hotels, toilets, and outdoor use. Made from high-quality brass ensuring longevity. Manufactured in China with strict quality control, widely exported to South America and Southeast Asia.\" \/>\n<meta name=\"robots\" content=\"index, follow, max-snippet:-1, max-image-preview:large, max-video-preview:-1\" \/>\n<link rel=\"canonical\" href=\"https:\/\/www.yoroow.com\/fr\/detail-du-produit\/luxueuse-salle-de-bain-toilettes-cuisine-vanne-dangle-carree-en-zinc-chrome-de-haute-qualite-vanne-darret-de-haute-qualite\/\" \/>\n<meta property=\"og:locale\" content=\"fr_FR\" \/>\n<meta property=\"og:type\" content=\"article\" \/>\n<meta property=\"og:title\" content=\"Modern Style 1\/2&quot; Brass Faucet Angle Valve Durable Water Stop for Kitchen Hotel Bathrooms Outdoor-Bathroom Faucet Accessories\" \/>\n<meta property=\"og:description\" content=\"Modern style brass angle valve with durable water stop function suitable for kitchens, hotels, toilets, and outdoor use. Made from high-quality brass ensuring longevity. Manufactured in China with strict quality control, widely exported to South America and Southeast Asia.\" \/>\n<meta property=\"og:url\" content=\"https:\/\/www.yoroow.com\/fr\/detail-du-produit\/luxueuse-salle-de-bain-toilettes-cuisine-vanne-dangle-carree-en-zinc-chrome-de-haute-qualite-vanne-darret-de-haute-qualite\/\" \/>\n<meta property=\"og:site_name\" content=\"YOROOW\" \/>\n<meta property=\"article:publisher\" content=\"https:\/\/www.facebook.com\/people\/yoroowfaucetfactory\/61564236752362\/\" \/>\n<meta property=\"article:modified_time\" content=\"2025-05-16T01:29:43+00:00\" \/>\n<meta property=\"og:image\" content=\"https:\/\/www.yoroow.com\/wp-content\/uploads\/2025\/02\/image-6.png\" \/>\n\t<meta property=\"og:image:width\" content=\"502\" \/>\n\t<meta property=\"og:image:height\" content=\"502\" \/>\n\t<meta property=\"og:image:type\" content=\"image\/png\" \/>\n<meta name=\"twitter:card\" content=\"summary_large_image\" \/>\n<meta name=\"twitter:label1\" content=\"Dur\u00e9e de lecture estim\u00e9e\" \/>\n\t<meta name=\"twitter:data1\" content=\"1 minute\" \/>\n<script type=\"application\/ld+json\" class=\"yoast-schema-graph\">{\"@context\":\"https:\/\/schema.org\",\"@graph\":[{\"@type\":\"WebPage\",\"@id\":\"https:\/\/www.yoroow.com\/fr\/detail-du-produit\/luxueuse-salle-de-bain-toilettes-cuisine-vanne-dangle-carree-en-zinc-chrome-de-haute-qualite-vanne-darret-de-haute-qualite\/\",\"url\":\"https:\/\/www.yoroow.com\/fr\/detail-du-produit\/luxueuse-salle-de-bain-toilettes-cuisine-vanne-dangle-carree-en-zinc-chrome-de-haute-qualite-vanne-darret-de-haute-qualite\/\",\"name\":\"Modern Style 1\/2\\\" Brass Faucet Angle Valve Durable Water Stop for Kitchen Hotel Bathrooms Outdoor-Bathroom Faucet Accessories - YOROOW\",\"isPartOf\":{\"@id\":\"https:\/\/www.yoroow.com\/fr\/#website\"},\"primaryImageOfPage\":{\"@id\":\"https:\/\/www.yoroow.com\/fr\/detail-du-produit\/luxueuse-salle-de-bain-toilettes-cuisine-vanne-dangle-carree-en-zinc-chrome-de-haute-qualite-vanne-darret-de-haute-qualite\/#primaryimage\"},\"image\":{\"@id\":\"https:\/\/www.yoroow.com\/fr\/detail-du-produit\/luxueuse-salle-de-bain-toilettes-cuisine-vanne-dangle-carree-en-zinc-chrome-de-haute-qualite-vanne-darret-de-haute-qualite\/#primaryimage\"},\"thumbnailUrl\":\"https:\/\/www.yoroow.com\/wp-content\/uploads\/2025\/02\/image-6.png\",\"datePublished\":\"2025-02-21T06:43:19+00:00\",\"dateModified\":\"2025-05-16T01:29:43+00:00\",\"description\":\"Modern style brass angle valve with durable water stop function suitable for kitchens, hotels, toilets, and outdoor use. Made from high-quality brass ensuring longevity. Manufactured in China with strict quality control, widely exported to South America and Southeast Asia.\",\"breadcrumb\":{\"@id\":\"https:\/\/www.yoroow.com\/fr\/detail-du-produit\/luxueuse-salle-de-bain-toilettes-cuisine-vanne-dangle-carree-en-zinc-chrome-de-haute-qualite-vanne-darret-de-haute-qualite\/#breadcrumb\"},\"inLanguage\":\"fr-FR\",\"potentialAction\":[{\"@type\":\"ReadAction\",\"target\":[\"https:\/\/www.yoroow.com\/fr\/detail-du-produit\/luxueuse-salle-de-bain-toilettes-cuisine-vanne-dangle-carree-en-zinc-chrome-de-haute-qualite-vanne-darret-de-haute-qualite\/\"]}]},{\"@type\":\"ImageObject\",\"inLanguage\":\"fr-FR\",\"@id\":\"https:\/\/www.yoroow.com\/fr\/detail-du-produit\/luxueuse-salle-de-bain-toilettes-cuisine-vanne-dangle-carree-en-zinc-chrome-de-haute-qualite-vanne-darret-de-haute-qualite\/#primaryimage\",\"url\":\"https:\/\/www.yoroow.com\/wp-content\/uploads\/2025\/02\/image-6.png\",\"contentUrl\":\"https:\/\/www.yoroow.com\/wp-content\/uploads\/2025\/02\/image-6.png\",\"width\":502,\"height\":502,\"caption\":\"Dual-Outlet Multifunctional Garden Faucet 2-Way Car Wash Tap Customized Chrome Wash Tap Wholesale Zinc Alloy Double Handle Tap\"},{\"@type\":\"BreadcrumbList\",\"@id\":\"https:\/\/www.yoroow.com\/fr\/detail-du-produit\/luxueuse-salle-de-bain-toilettes-cuisine-vanne-dangle-carree-en-zinc-chrome-de-haute-qualite-vanne-darret-de-haute-qualite\/#breadcrumb\",\"itemListElement\":[{\"@type\":\"ListItem\",\"position\":1,\"name\":\"home\",\"item\":\"https:\/\/www.yoroow.com\/\"},{\"@type\":\"ListItem\",\"position\":2,\"name\":\"Product\",\"item\":\"https:\/\/www.yoroow.com\/product\/\"},{\"@type\":\"ListItem\",\"position\":3,\"name\":\"Modern Style 1\/2&#8243; Brass Faucet Angle Valve Durable Water Stop for Kitchen Hotel Bathrooms Outdoor-Bathroom Faucet Accessories\"}]},{\"@type\":\"WebSite\",\"@id\":\"https:\/\/www.yoroow.com\/fr\/#website\",\"url\":\"https:\/\/www.yoroow.com\/fr\/\",\"name\":\"YOROOW\",\"description\":\"\",\"publisher\":{\"@id\":\"https:\/\/www.yoroow.com\/fr\/#organization\"},\"potentialAction\":[{\"@type\":\"SearchAction\",\"target\":{\"@type\":\"EntryPoint\",\"urlTemplate\":\"https:\/\/www.yoroow.com\/fr\/?s={search_term_string}\"},\"query-input\":{\"@type\":\"PropertyValueSpecification\",\"valueRequired\":true,\"valueName\":\"search_term_string\"}}],\"inLanguage\":\"fr-FR\"},{\"@type\":\"Organization\",\"@id\":\"https:\/\/www.yoroow.com\/fr\/#organization\",\"name\":\"YOROOW\",\"url\":\"https:\/\/www.yoroow.com\/fr\/\",\"logo\":{\"@type\":\"ImageObject\",\"inLanguage\":\"fr-FR\",\"@id\":\"https:\/\/www.yoroow.com\/fr\/#\/schema\/logo\/image\/\",\"url\":\"https:\/\/www.yoroow.com\/wp-content\/uploads\/2024\/12\/2024123007131061.png\",\"contentUrl\":\"https:\/\/www.yoroow.com\/wp-content\/uploads\/2024\/12\/2024123007131061.png\",\"width\":168,\"height\":27,\"caption\":\"YOROOW\"},\"image\":{\"@id\":\"https:\/\/www.yoroow.com\/fr\/#\/schema\/logo\/image\/\"},\"sameAs\":[\"https:\/\/www.facebook.com\/people\/yoroowfaucetfactory\/61564236752362\/\"]}]}<\/script>\n<!-- \/ Yoast SEO Premium plugin. -->","yoast_head_json":{"title":"Modern Style 1\/2\" Brass Faucet Angle Valve Durable Water Stop for Kitchen Hotel Bathrooms Outdoor-Bathroom Faucet Accessories - YOROOW","description":"Modern style brass angle valve with durable water stop function suitable for kitchens, hotels, toilets, and outdoor use. Made from high-quality brass ensuring longevity. Manufactured in China with strict quality control, widely exported to South America and Southeast Asia.","robots":{"index":"index","follow":"follow","max-snippet":"max-snippet:-1","max-image-preview":"max-image-preview:large","max-video-preview":"max-video-preview:-1"},"canonical":"https:\/\/www.yoroow.com\/fr\/detail-du-produit\/luxueuse-salle-de-bain-toilettes-cuisine-vanne-dangle-carree-en-zinc-chrome-de-haute-qualite-vanne-darret-de-haute-qualite\/","og_locale":"fr_FR","og_type":"article","og_title":"Modern Style 1\/2\" Brass Faucet Angle Valve Durable Water Stop for Kitchen Hotel Bathrooms Outdoor-Bathroom Faucet Accessories","og_description":"Modern style brass angle valve with durable water stop function suitable for kitchens, hotels, toilets, and outdoor use. Made from high-quality brass ensuring longevity. Manufactured in China with strict quality control, widely exported to South America and Southeast Asia.","og_url":"https:\/\/www.yoroow.com\/fr\/detail-du-produit\/luxueuse-salle-de-bain-toilettes-cuisine-vanne-dangle-carree-en-zinc-chrome-de-haute-qualite-vanne-darret-de-haute-qualite\/","og_site_name":"YOROOW","article_publisher":"https:\/\/www.facebook.com\/people\/yoroowfaucetfactory\/61564236752362\/","article_modified_time":"2025-05-16T01:29:43+00:00","og_image":[{"width":502,"height":502,"url":"https:\/\/www.yoroow.com\/wp-content\/uploads\/2025\/02\/image-6.png","type":"image\/png"}],"twitter_card":"summary_large_image","twitter_misc":{"Dur\u00e9e de lecture estim\u00e9e":"1 minute"},"schema":{"@context":"https:\/\/schema.org","@graph":[{"@type":"WebPage","@id":"https:\/\/www.yoroow.com\/fr\/detail-du-produit\/luxueuse-salle-de-bain-toilettes-cuisine-vanne-dangle-carree-en-zinc-chrome-de-haute-qualite-vanne-darret-de-haute-qualite\/","url":"https:\/\/www.yoroow.com\/fr\/detail-du-produit\/luxueuse-salle-de-bain-toilettes-cuisine-vanne-dangle-carree-en-zinc-chrome-de-haute-qualite-vanne-darret-de-haute-qualite\/","name":"Modern Style 1\/2\" Brass Faucet Angle Valve Durable Water Stop for Kitchen Hotel Bathrooms Outdoor-Bathroom Faucet Accessories - YOROOW","isPartOf":{"@id":"https:\/\/www.yoroow.com\/fr\/#website"},"primaryImageOfPage":{"@id":"https:\/\/www.yoroow.com\/fr\/detail-du-produit\/luxueuse-salle-de-bain-toilettes-cuisine-vanne-dangle-carree-en-zinc-chrome-de-haute-qualite-vanne-darret-de-haute-qualite\/#primaryimage"},"image":{"@id":"https:\/\/www.yoroow.com\/fr\/detail-du-produit\/luxueuse-salle-de-bain-toilettes-cuisine-vanne-dangle-carree-en-zinc-chrome-de-haute-qualite-vanne-darret-de-haute-qualite\/#primaryimage"},"thumbnailUrl":"https:\/\/www.yoroow.com\/wp-content\/uploads\/2025\/02\/image-6.png","datePublished":"2025-02-21T06:43:19+00:00","dateModified":"2025-05-16T01:29:43+00:00","description":"Modern style brass angle valve with durable water stop function suitable for kitchens, hotels, toilets, and outdoor use. Made from high-quality brass ensuring longevity. Manufactured in China with strict quality control, widely exported to South America and Southeast Asia.","breadcrumb":{"@id":"https:\/\/www.yoroow.com\/fr\/detail-du-produit\/luxueuse-salle-de-bain-toilettes-cuisine-vanne-dangle-carree-en-zinc-chrome-de-haute-qualite-vanne-darret-de-haute-qualite\/#breadcrumb"},"inLanguage":"fr-FR","potentialAction":[{"@type":"ReadAction","target":["https:\/\/www.yoroow.com\/fr\/detail-du-produit\/luxueuse-salle-de-bain-toilettes-cuisine-vanne-dangle-carree-en-zinc-chrome-de-haute-qualite-vanne-darret-de-haute-qualite\/"]}]},{"@type":"ImageObject","inLanguage":"fr-FR","@id":"https:\/\/www.yoroow.com\/fr\/detail-du-produit\/luxueuse-salle-de-bain-toilettes-cuisine-vanne-dangle-carree-en-zinc-chrome-de-haute-qualite-vanne-darret-de-haute-qualite\/#primaryimage","url":"https:\/\/www.yoroow.com\/wp-content\/uploads\/2025\/02\/image-6.png","contentUrl":"https:\/\/www.yoroow.com\/wp-content\/uploads\/2025\/02\/image-6.png","width":502,"height":502,"caption":"Dual-Outlet Multifunctional Garden Faucet 2-Way Car Wash Tap Customized Chrome Wash Tap Wholesale Zinc Alloy Double Handle Tap"},{"@type":"BreadcrumbList","@id":"https:\/\/www.yoroow.com\/fr\/detail-du-produit\/luxueuse-salle-de-bain-toilettes-cuisine-vanne-dangle-carree-en-zinc-chrome-de-haute-qualite-vanne-darret-de-haute-qualite\/#breadcrumb","itemListElement":[{"@type":"ListItem","position":1,"name":"home","item":"https:\/\/www.yoroow.com\/"},{"@type":"ListItem","position":2,"name":"Product","item":"https:\/\/www.yoroow.com\/product\/"},{"@type":"ListItem","position":3,"name":"Modern Style 1\/2&#8243; Brass Faucet Angle Valve Durable Water Stop for Kitchen Hotel Bathrooms Outdoor-Bathroom Faucet Accessories"}]},{"@type":"WebSite","@id":"https:\/\/www.yoroow.com\/fr\/#website","url":"https:\/\/www.yoroow.com\/fr\/","name":"YOROOW","description":"","publisher":{"@id":"https:\/\/www.yoroow.com\/fr\/#organization"},"potentialAction":[{"@type":"SearchAction","target":{"@type":"EntryPoint","urlTemplate":"https:\/\/www.yoroow.com\/fr\/?s={search_term_string}"},"query-input":{"@type":"PropertyValueSpecification","valueRequired":true,"valueName":"search_term_string"}}],"inLanguage":"fr-FR"},{"@type":"Organization","@id":"https:\/\/www.yoroow.com\/fr\/#organization","name":"YOROOW","url":"https:\/\/www.yoroow.com\/fr\/","logo":{"@type":"ImageObject","inLanguage":"fr-FR","@id":"https:\/\/www.yoroow.com\/fr\/#\/schema\/logo\/image\/","url":"https:\/\/www.yoroow.com\/wp-content\/uploads\/2024\/12\/2024123007131061.png","contentUrl":"https:\/\/www.yoroow.com\/wp-content\/uploads\/2024\/12\/2024123007131061.png","width":168,"height":27,"caption":"YOROOW"},"image":{"@id":"https:\/\/www.yoroow.com\/fr\/#\/schema\/logo\/image\/"},"sameAs":["https:\/\/www.facebook.com\/people\/yoroowfaucetfactory\/61564236752362\/"]}]}},"_links":{"self":[{"href":"https:\/\/www.yoroow.com\/fr\/wp-json\/wp\/v2\/product\/11848","targetHints":{"allow":["GET"]}}],"collection":[{"href":"https:\/\/www.yoroow.com\/fr\/wp-json\/wp\/v2\/product"}],"about":[{"href":"https:\/\/www.yoroow.com\/fr\/wp-json\/wp\/v2\/types\/product"}],"wp:featuredmedia":[{"embeddable":true,"href":"https:\/\/www.yoroow.com\/fr\/wp-json\/wp\/v2\/media\/11844"}],"wp:attachment":[{"href":"https:\/\/www.yoroow.com\/fr\/wp-json\/wp\/v2\/media?parent=11848"}],"wp:term":[{"taxonomy":"product_brand","embeddable":true,"href":"https:\/\/www.yoroow.com\/fr\/wp-json\/wp\/v2\/product_brand?post=11848"},{"taxonomy":"product_cat","embeddable":true,"href":"https:\/\/www.yoroow.com\/fr\/wp-json\/wp\/v2\/product_cat?post=11848"},{"taxonomy":"product_tag","embeddable":true,"href":"https:\/\/www.yoroow.com\/fr\/wp-json\/wp\/v2\/product_tag?post=11848"}],"curies":[{"name":"wp","href":"https:\/\/api.w.org\/{rel}","templated":true}]}}