{"id":11769,"date":"2025-02-21T11:25:12","date_gmt":"2025-02-21T03:25:12","guid":{"rendered":"https:\/\/www.yoroow.com\/?post_type=product&#038;p=11769"},"modified":"2025-05-16T09:27:50","modified_gmt":"2025-05-16T01:27:50","slug":"robinet-devier-de-cuisine-en-laiton-a-prix-avantageux-robinet-devier-de-cuisine-a-montage-mural-flexible-et-chrome","status":"publish","type":"product","link":"https:\/\/www.yoroow.com\/fr\/detail-du-produit\/robinet-devier-de-cuisine-en-laiton-a-prix-avantageux-robinet-devier-de-cuisine-a-montage-mural-flexible-et-chrome\/","title":{"rendered":"Vintage Single Cold Kitchen Faucet Flexible Chrome Plated Brass Sink Tap Wall Mount Plastic Material Retro Kitchen Faucets"},"content":{"rendered":"<p>Ce robinet de lavabo chrom\u00e9 \u00e0 une poign\u00e9e est un accessoire de salle de bains de haute qualit\u00e9 con\u00e7u pour la facilit\u00e9 d'utilisation et la durabilit\u00e9. Sa construction en zinc garantit des performances durables, tandis que la finition chrom\u00e9e ajoute une touche \u00e9l\u00e9gante aux salles de bains modernes. La conception \u00e0 poign\u00e9e unique du robinet permet de contr\u00f4ler facilement la temp\u00e9rature et le d\u00e9bit de l'eau. Id\u00e9al pour les h\u00f4tels, les appartements et les salles de bains r\u00e9sidentielles, c'est une option abordable mais fiable pour les environnements tr\u00e8s fr\u00e9quent\u00e9s. Fabriqu\u00e9 par YOROOW en Chine, ce robinet est con\u00e7u pour les march\u00e9s nationaux et internationaux, avec un accent particulier sur les solutions rentables pour l'Am\u00e9rique du Sud et l'Asie du Sud-Est.<\/p>","protected":false},"excerpt":{"rendered":"<p>This Single-Handle Chrome Basin Faucet is a high-quality bathroom fixture designed for ease of use and durability. Its zinc construction ensures long-lasting performance, while the chrome finish adds a sleek touch to modern bathrooms. The faucet\u2019s single-handle design allows for easy water temperature and flow control. Ideal for hotels, apartments, and residential bathrooms, it is\u2026<\/p>","protected":false},"featured_media":11755,"template":"","meta":{"_acf_changed":false,"_kad_post_transparent":"default","_kad_post_title":"","_kad_post_layout":"default","_kad_post_sidebar_id":"","_kad_post_content_style":"default","_kad_post_vertical_padding":"default","_kad_post_feature":"","_kad_post_feature_position":"","_kad_post_header":false,"_kad_post_footer":false},"product_brand":[],"product_cat":[221,223,1532],"product_tag":[3128,3108],"class_list":{"0":"post-11769","1":"product","2":"type-product","3":"status-publish","4":"has-post-thumbnail","6":"product_cat-single-cold-kitchen-faucet-kitchen-faucet","7":"product_cat-wall-mounted-kitchen-faucet","8":"product_cat-008sseries","9":"product_tag-plastic-faucet-kitchen","10":"product_tag-vintage-kitchen-faucets-brass","12":"first","13":"instock","14":"shipping-taxable","15":"purchasable","16":"product-type-variable","17":"wvs-archive-product-wrapper","18":"entry","19":"content-bg","20":"loop-entry"},"acf":[],"yoast_head":"<!-- This site is optimized with the Yoast SEO Premium plugin v25.4 (Yoast SEO v27.0) - https:\/\/yoast.com\/product\/yoast-seo-premium-wordpress\/ -->\n<title>Vintage Single Cold Kitchen Faucet Flexible Chrome Plated Brass Sink Tap Wall Mounted Plastic Material Retro Kitchen Faucets - YOROOW<\/title>\n<meta name=\"description\" content=\"Vintage style single cold kitchen faucet with chrome plated brass and plastic materials. Wall mounted design suits retro kitchens. Factory specializes in competitive pricing and quality control for export markets including South America and Southeast Asia.\" \/>\n<meta name=\"robots\" content=\"index, follow, max-snippet:-1, max-image-preview:large, max-video-preview:-1\" \/>\n<link rel=\"canonical\" href=\"https:\/\/www.yoroow.com\/fr\/detail-du-produit\/robinet-devier-de-cuisine-en-laiton-a-prix-avantageux-robinet-devier-de-cuisine-a-montage-mural-flexible-et-chrome\/\" \/>\n<meta property=\"og:locale\" content=\"fr_FR\" \/>\n<meta property=\"og:type\" content=\"article\" \/>\n<meta property=\"og:title\" content=\"Vintage Single Cold Kitchen Faucet Flexible Chrome Plated Brass Sink Tap Wall Mounted Plastic Material Retro Kitchen Faucets\" \/>\n<meta property=\"og:description\" content=\"Vintage style single cold kitchen faucet with chrome plated brass and plastic materials. Wall mounted design suits retro kitchens. Factory specializes in competitive pricing and quality control for export markets including South America and Southeast Asia.\" \/>\n<meta property=\"og:url\" content=\"https:\/\/www.yoroow.com\/fr\/detail-du-produit\/robinet-devier-de-cuisine-en-laiton-a-prix-avantageux-robinet-devier-de-cuisine-a-montage-mural-flexible-et-chrome\/\" \/>\n<meta property=\"og:site_name\" content=\"YOROOW\" \/>\n<meta property=\"article:publisher\" content=\"https:\/\/www.facebook.com\/people\/yoroowfaucetfactory\/61564236752362\/\" \/>\n<meta property=\"article:modified_time\" content=\"2025-05-16T01:27:50+00:00\" \/>\n<meta property=\"og:image\" content=\"https:\/\/www.yoroow.com\/wp-content\/uploads\/2025\/02\/\u56fe\u72471.jpg\" \/>\n\t<meta property=\"og:image:width\" content=\"488\" \/>\n\t<meta property=\"og:image:height\" content=\"488\" \/>\n\t<meta property=\"og:image:type\" content=\"image\/jpeg\" \/>\n<meta name=\"twitter:card\" content=\"summary_large_image\" \/>\n<meta name=\"twitter:label1\" content=\"Dur\u00e9e de lecture estim\u00e9e\" \/>\n\t<meta name=\"twitter:data1\" content=\"1 minute\" \/>\n<script type=\"application\/ld+json\" class=\"yoast-schema-graph\">{\"@context\":\"https:\/\/schema.org\",\"@graph\":[{\"@type\":\"WebPage\",\"@id\":\"https:\/\/www.yoroow.com\/fr\/detail-du-produit\/robinet-devier-de-cuisine-en-laiton-a-prix-avantageux-robinet-devier-de-cuisine-a-montage-mural-flexible-et-chrome\/\",\"url\":\"https:\/\/www.yoroow.com\/fr\/detail-du-produit\/robinet-devier-de-cuisine-en-laiton-a-prix-avantageux-robinet-devier-de-cuisine-a-montage-mural-flexible-et-chrome\/\",\"name\":\"Vintage Single Cold Kitchen Faucet Flexible Chrome Plated Brass Sink Tap Wall Mounted Plastic Material Retro Kitchen Faucets - YOROOW\",\"isPartOf\":{\"@id\":\"https:\/\/www.yoroow.com\/fr\/#website\"},\"primaryImageOfPage\":{\"@id\":\"https:\/\/www.yoroow.com\/fr\/detail-du-produit\/robinet-devier-de-cuisine-en-laiton-a-prix-avantageux-robinet-devier-de-cuisine-a-montage-mural-flexible-et-chrome\/#primaryimage\"},\"image\":{\"@id\":\"https:\/\/www.yoroow.com\/fr\/detail-du-produit\/robinet-devier-de-cuisine-en-laiton-a-prix-avantageux-robinet-devier-de-cuisine-a-montage-mural-flexible-et-chrome\/#primaryimage\"},\"thumbnailUrl\":\"https:\/\/www.yoroow.com\/wp-content\/uploads\/2025\/02\/\u56fe\u72471.jpg\",\"datePublished\":\"2025-02-21T03:25:12+00:00\",\"dateModified\":\"2025-05-16T01:27:50+00:00\",\"description\":\"Vintage style single cold kitchen faucet with chrome plated brass and plastic materials. Wall mounted design suits retro kitchens. Factory specializes in competitive pricing and quality control for export markets including South America and Southeast Asia.\",\"breadcrumb\":{\"@id\":\"https:\/\/www.yoroow.com\/fr\/detail-du-produit\/robinet-devier-de-cuisine-en-laiton-a-prix-avantageux-robinet-devier-de-cuisine-a-montage-mural-flexible-et-chrome\/#breadcrumb\"},\"inLanguage\":\"fr-FR\",\"potentialAction\":[{\"@type\":\"ReadAction\",\"target\":[\"https:\/\/www.yoroow.com\/fr\/detail-du-produit\/robinet-devier-de-cuisine-en-laiton-a-prix-avantageux-robinet-devier-de-cuisine-a-montage-mural-flexible-et-chrome\/\"]}]},{\"@type\":\"ImageObject\",\"inLanguage\":\"fr-FR\",\"@id\":\"https:\/\/www.yoroow.com\/fr\/detail-du-produit\/robinet-devier-de-cuisine-en-laiton-a-prix-avantageux-robinet-devier-de-cuisine-a-montage-mural-flexible-et-chrome\/#primaryimage\",\"url\":\"https:\/\/www.yoroow.com\/wp-content\/uploads\/2025\/02\/\u56fe\u72471.jpg\",\"contentUrl\":\"https:\/\/www.yoroow.com\/wp-content\/uploads\/2025\/02\/\u56fe\u72471.jpg\",\"width\":488,\"height\":488,\"caption\":\"High Quality Modern Style Wall Mount Tap Zinc Body Faucet for Hotels Gardens Long Body Plastic Faucet Accessories\"},{\"@type\":\"BreadcrumbList\",\"@id\":\"https:\/\/www.yoroow.com\/fr\/detail-du-produit\/robinet-devier-de-cuisine-en-laiton-a-prix-avantageux-robinet-devier-de-cuisine-a-montage-mural-flexible-et-chrome\/#breadcrumb\",\"itemListElement\":[{\"@type\":\"ListItem\",\"position\":1,\"name\":\"home\",\"item\":\"https:\/\/www.yoroow.com\/\"},{\"@type\":\"ListItem\",\"position\":2,\"name\":\"Product\",\"item\":\"https:\/\/www.yoroow.com\/product\/\"},{\"@type\":\"ListItem\",\"position\":3,\"name\":\"Vintage Single Cold Kitchen Faucet Flexible Chrome Plated Brass Sink Tap Wall Mounted Plastic Material Retro Kitchen Faucets\"}]},{\"@type\":\"WebSite\",\"@id\":\"https:\/\/www.yoroow.com\/fr\/#website\",\"url\":\"https:\/\/www.yoroow.com\/fr\/\",\"name\":\"YOROOW\",\"description\":\"\",\"publisher\":{\"@id\":\"https:\/\/www.yoroow.com\/fr\/#organization\"},\"potentialAction\":[{\"@type\":\"SearchAction\",\"target\":{\"@type\":\"EntryPoint\",\"urlTemplate\":\"https:\/\/www.yoroow.com\/fr\/?s={search_term_string}\"},\"query-input\":{\"@type\":\"PropertyValueSpecification\",\"valueRequired\":true,\"valueName\":\"search_term_string\"}}],\"inLanguage\":\"fr-FR\"},{\"@type\":\"Organization\",\"@id\":\"https:\/\/www.yoroow.com\/fr\/#organization\",\"name\":\"YOROOW\",\"url\":\"https:\/\/www.yoroow.com\/fr\/\",\"logo\":{\"@type\":\"ImageObject\",\"inLanguage\":\"fr-FR\",\"@id\":\"https:\/\/www.yoroow.com\/fr\/#\/schema\/logo\/image\/\",\"url\":\"https:\/\/www.yoroow.com\/wp-content\/uploads\/2024\/12\/2024123007131061.png\",\"contentUrl\":\"https:\/\/www.yoroow.com\/wp-content\/uploads\/2024\/12\/2024123007131061.png\",\"width\":168,\"height\":27,\"caption\":\"YOROOW\"},\"image\":{\"@id\":\"https:\/\/www.yoroow.com\/fr\/#\/schema\/logo\/image\/\"},\"sameAs\":[\"https:\/\/www.facebook.com\/people\/yoroowfaucetfactory\/61564236752362\/\"]}]}<\/script>\n<!-- \/ Yoast SEO Premium plugin. -->","yoast_head_json":{"title":"Vintage Single Cold Kitchen Faucet Flexible Chrome Plated Brass Sink Tap Wall Mounted Plastic Material Retro Kitchen Faucets - YOROOW","description":"Vintage style single cold kitchen faucet with chrome plated brass and plastic materials. Wall mounted design suits retro kitchens. Factory specializes in competitive pricing and quality control for export markets including South America and Southeast Asia.","robots":{"index":"index","follow":"follow","max-snippet":"max-snippet:-1","max-image-preview":"max-image-preview:large","max-video-preview":"max-video-preview:-1"},"canonical":"https:\/\/www.yoroow.com\/fr\/detail-du-produit\/robinet-devier-de-cuisine-en-laiton-a-prix-avantageux-robinet-devier-de-cuisine-a-montage-mural-flexible-et-chrome\/","og_locale":"fr_FR","og_type":"article","og_title":"Vintage Single Cold Kitchen Faucet Flexible Chrome Plated Brass Sink Tap Wall Mounted Plastic Material Retro Kitchen Faucets","og_description":"Vintage style single cold kitchen faucet with chrome plated brass and plastic materials. Wall mounted design suits retro kitchens. Factory specializes in competitive pricing and quality control for export markets including South America and Southeast Asia.","og_url":"https:\/\/www.yoroow.com\/fr\/detail-du-produit\/robinet-devier-de-cuisine-en-laiton-a-prix-avantageux-robinet-devier-de-cuisine-a-montage-mural-flexible-et-chrome\/","og_site_name":"YOROOW","article_publisher":"https:\/\/www.facebook.com\/people\/yoroowfaucetfactory\/61564236752362\/","article_modified_time":"2025-05-16T01:27:50+00:00","og_image":[{"width":488,"height":488,"url":"https:\/\/www.yoroow.com\/wp-content\/uploads\/2025\/02\/\u56fe\u72471.jpg","type":"image\/jpeg"}],"twitter_card":"summary_large_image","twitter_misc":{"Dur\u00e9e de lecture estim\u00e9e":"1 minute"},"schema":{"@context":"https:\/\/schema.org","@graph":[{"@type":"WebPage","@id":"https:\/\/www.yoroow.com\/fr\/detail-du-produit\/robinet-devier-de-cuisine-en-laiton-a-prix-avantageux-robinet-devier-de-cuisine-a-montage-mural-flexible-et-chrome\/","url":"https:\/\/www.yoroow.com\/fr\/detail-du-produit\/robinet-devier-de-cuisine-en-laiton-a-prix-avantageux-robinet-devier-de-cuisine-a-montage-mural-flexible-et-chrome\/","name":"Vintage Single Cold Kitchen Faucet Flexible Chrome Plated Brass Sink Tap Wall Mounted Plastic Material Retro Kitchen Faucets - YOROOW","isPartOf":{"@id":"https:\/\/www.yoroow.com\/fr\/#website"},"primaryImageOfPage":{"@id":"https:\/\/www.yoroow.com\/fr\/detail-du-produit\/robinet-devier-de-cuisine-en-laiton-a-prix-avantageux-robinet-devier-de-cuisine-a-montage-mural-flexible-et-chrome\/#primaryimage"},"image":{"@id":"https:\/\/www.yoroow.com\/fr\/detail-du-produit\/robinet-devier-de-cuisine-en-laiton-a-prix-avantageux-robinet-devier-de-cuisine-a-montage-mural-flexible-et-chrome\/#primaryimage"},"thumbnailUrl":"https:\/\/www.yoroow.com\/wp-content\/uploads\/2025\/02\/\u56fe\u72471.jpg","datePublished":"2025-02-21T03:25:12+00:00","dateModified":"2025-05-16T01:27:50+00:00","description":"Vintage style single cold kitchen faucet with chrome plated brass and plastic materials. Wall mounted design suits retro kitchens. Factory specializes in competitive pricing and quality control for export markets including South America and Southeast Asia.","breadcrumb":{"@id":"https:\/\/www.yoroow.com\/fr\/detail-du-produit\/robinet-devier-de-cuisine-en-laiton-a-prix-avantageux-robinet-devier-de-cuisine-a-montage-mural-flexible-et-chrome\/#breadcrumb"},"inLanguage":"fr-FR","potentialAction":[{"@type":"ReadAction","target":["https:\/\/www.yoroow.com\/fr\/detail-du-produit\/robinet-devier-de-cuisine-en-laiton-a-prix-avantageux-robinet-devier-de-cuisine-a-montage-mural-flexible-et-chrome\/"]}]},{"@type":"ImageObject","inLanguage":"fr-FR","@id":"https:\/\/www.yoroow.com\/fr\/detail-du-produit\/robinet-devier-de-cuisine-en-laiton-a-prix-avantageux-robinet-devier-de-cuisine-a-montage-mural-flexible-et-chrome\/#primaryimage","url":"https:\/\/www.yoroow.com\/wp-content\/uploads\/2025\/02\/\u56fe\u72471.jpg","contentUrl":"https:\/\/www.yoroow.com\/wp-content\/uploads\/2025\/02\/\u56fe\u72471.jpg","width":488,"height":488,"caption":"High Quality Modern Style Wall Mount Tap Zinc Body Faucet for Hotels Gardens Long Body Plastic Faucet Accessories"},{"@type":"BreadcrumbList","@id":"https:\/\/www.yoroow.com\/fr\/detail-du-produit\/robinet-devier-de-cuisine-en-laiton-a-prix-avantageux-robinet-devier-de-cuisine-a-montage-mural-flexible-et-chrome\/#breadcrumb","itemListElement":[{"@type":"ListItem","position":1,"name":"home","item":"https:\/\/www.yoroow.com\/"},{"@type":"ListItem","position":2,"name":"Product","item":"https:\/\/www.yoroow.com\/product\/"},{"@type":"ListItem","position":3,"name":"Vintage Single Cold Kitchen Faucet Flexible Chrome Plated Brass Sink Tap Wall Mounted Plastic Material Retro Kitchen Faucets"}]},{"@type":"WebSite","@id":"https:\/\/www.yoroow.com\/fr\/#website","url":"https:\/\/www.yoroow.com\/fr\/","name":"YOROOW","description":"","publisher":{"@id":"https:\/\/www.yoroow.com\/fr\/#organization"},"potentialAction":[{"@type":"SearchAction","target":{"@type":"EntryPoint","urlTemplate":"https:\/\/www.yoroow.com\/fr\/?s={search_term_string}"},"query-input":{"@type":"PropertyValueSpecification","valueRequired":true,"valueName":"search_term_string"}}],"inLanguage":"fr-FR"},{"@type":"Organization","@id":"https:\/\/www.yoroow.com\/fr\/#organization","name":"YOROOW","url":"https:\/\/www.yoroow.com\/fr\/","logo":{"@type":"ImageObject","inLanguage":"fr-FR","@id":"https:\/\/www.yoroow.com\/fr\/#\/schema\/logo\/image\/","url":"https:\/\/www.yoroow.com\/wp-content\/uploads\/2024\/12\/2024123007131061.png","contentUrl":"https:\/\/www.yoroow.com\/wp-content\/uploads\/2024\/12\/2024123007131061.png","width":168,"height":27,"caption":"YOROOW"},"image":{"@id":"https:\/\/www.yoroow.com\/fr\/#\/schema\/logo\/image\/"},"sameAs":["https:\/\/www.facebook.com\/people\/yoroowfaucetfactory\/61564236752362\/"]}]}},"_links":{"self":[{"href":"https:\/\/www.yoroow.com\/fr\/wp-json\/wp\/v2\/product\/11769","targetHints":{"allow":["GET"]}}],"collection":[{"href":"https:\/\/www.yoroow.com\/fr\/wp-json\/wp\/v2\/product"}],"about":[{"href":"https:\/\/www.yoroow.com\/fr\/wp-json\/wp\/v2\/types\/product"}],"wp:featuredmedia":[{"embeddable":true,"href":"https:\/\/www.yoroow.com\/fr\/wp-json\/wp\/v2\/media\/11755"}],"wp:attachment":[{"href":"https:\/\/www.yoroow.com\/fr\/wp-json\/wp\/v2\/media?parent=11769"}],"wp:term":[{"taxonomy":"product_brand","embeddable":true,"href":"https:\/\/www.yoroow.com\/fr\/wp-json\/wp\/v2\/product_brand?post=11769"},{"taxonomy":"product_cat","embeddable":true,"href":"https:\/\/www.yoroow.com\/fr\/wp-json\/wp\/v2\/product_cat?post=11769"},{"taxonomy":"product_tag","embeddable":true,"href":"https:\/\/www.yoroow.com\/fr\/wp-json\/wp\/v2\/product_tag?post=11769"}],"curies":[{"name":"wp","href":"https:\/\/api.w.org\/{rel}","templated":true}]}}