{"id":11736,"date":"2025-02-21T10:35:38","date_gmt":"2025-02-21T02:35:38","guid":{"rendered":"https:\/\/www.yoroow.com\/?post_type=product&#038;p=11736"},"modified":"2025-05-16T09:27:12","modified_gmt":"2025-05-16T01:27:12","slug":"nouveau-design-robinetterie-sanitaire-double-poignee-robinetterie-murale-en-zinc-robinetterie-de-cuisine-mitigeur-deau","status":"publish","type":"product","link":"https:\/\/www.yoroow.com\/fr\/detail-du-produit\/nouveau-design-robinetterie-sanitaire-double-poignee-robinetterie-murale-en-zinc-robinetterie-de-cuisine-mitigeur-deau\/","title":{"rendered":"Nouveau Design Robinet de Cuisine Mural Poign\u00e9es Doubles Zinc Robinet Eau Chaude Eau Froide Robinet de Bassin Robinet SanitaireRobinetterie Cuisine Eau"},"content":{"rendered":"<p>Le robinet de cuisine \u00e0 col de cygne Luxury Black est un robinet \u00e0 froid unique de qualit\u00e9 sup\u00e9rieure con\u00e7u pour les cuisines haut de gamme des h\u00f4tels et des appartements. Dot\u00e9 d'une finition noire \u00e9l\u00e9gante, il allie style et fonctionnalit\u00e9, offrant un design \u00e9l\u00e9gant qui s'harmonise avec les cuisines modernes. La forme en col de cygne assure un d\u00e9bit et une port\u00e9e optimaux de l'eau, ce qui le rend id\u00e9al pour les grands \u00e9viers. Ce robinet est fabriqu\u00e9 en Chine avec un alliage de zinc de premi\u00e8re qualit\u00e9, ce qui garantit sa durabilit\u00e9 et ses performances \u00e0 long terme. L'expertise de YOROOW en mati\u00e8re de robinets sur mesure garantit des normes de haute qualit\u00e9 pour l'exportation vers les march\u00e9s d'Am\u00e9rique du Sud et d'Asie du Sud-Est. Avec des services OEM flexibles et des prix rentables, c'est le choix id\u00e9al pour les clients internationaux.<\/p>","protected":false},"excerpt":{"rendered":"<p>The Luxury Black Gooseneck Kitchen Tap is a premium, single cold faucet designed for high-end kitchens in hotels and apartments. Featuring a sleek black finish, it combines style with functionality, offering an elegant design that complements modern kitchen settings. The gooseneck shape ensures optimal water flow and reach, making it ideal for large sinks. This\u2026<\/p>","protected":false},"featured_media":11744,"template":"","meta":{"_acf_changed":false,"_kad_post_transparent":"default","_kad_post_title":"","_kad_post_layout":"default","_kad_post_sidebar_id":"","_kad_post_content_style":"default","_kad_post_vertical_padding":"default","_kad_post_feature":"","_kad_post_feature_position":"","_kad_post_header":false,"_kad_post_footer":false},"product_brand":[],"product_cat":[102,246,223,1530],"product_tag":[5822,3147],"class_list":{"0":"post-11736","1":"product","2":"type-product","3":"status-publish","4":"has-post-thumbnail","6":"product_cat-kitchen-faucet","7":"product_cat-mixer-kitchen-faucet","8":"product_cat-wall-mounted-kitchen-faucet","9":"product_cat-832sseries","10":"product_tag-kitchen-basin-tap","11":"product_tag-kitchen-faucet-with-hot-and-cold-water","13":"first","14":"instock","15":"shipping-taxable","16":"purchasable","17":"product-type-variable","18":"wvs-archive-product-wrapper","19":"entry","20":"content-bg","21":"loop-entry"},"acf":[],"yoast_head":"<!-- This site is optimized with the Yoast SEO Premium plugin v25.4 (Yoast SEO v27.0) - https:\/\/yoast.com\/product\/yoast-seo-premium-wordpress\/ -->\n<title>New Design Wall Mounted Kitchen Faucet Dual Handles Zinc Water Tap Hot Cold Water Basin Tap Sanitary WareTaps Kitchen Water - YOROOW<\/title>\n<meta name=\"description\" content=\"New design wall-mounted kitchen faucet with dual handles zinc water tap offering hot and cold water mixing. Manufactured in China for export with efficient production targeting South America and Southeast Asia.\" \/>\n<meta name=\"robots\" content=\"index, follow, max-snippet:-1, max-image-preview:large, max-video-preview:-1\" \/>\n<link rel=\"canonical\" href=\"https:\/\/www.yoroow.com\/fr\/detail-du-produit\/nouveau-design-robinetterie-sanitaire-double-poignee-robinetterie-murale-en-zinc-robinetterie-de-cuisine-mitigeur-deau\/\" \/>\n<meta property=\"og:locale\" content=\"fr_FR\" \/>\n<meta property=\"og:type\" content=\"article\" \/>\n<meta property=\"og:title\" content=\"New Design Wall Mounted Kitchen Faucet Dual Handles Zinc Water Tap Hot Cold Water Basin Tap Sanitary WareTaps Kitchen Water\" \/>\n<meta property=\"og:description\" content=\"New design wall-mounted kitchen faucet with dual handles zinc water tap offering hot and cold water mixing. Manufactured in China for export with efficient production targeting South America and Southeast Asia.\" \/>\n<meta property=\"og:url\" content=\"https:\/\/www.yoroow.com\/fr\/detail-du-produit\/nouveau-design-robinetterie-sanitaire-double-poignee-robinetterie-murale-en-zinc-robinetterie-de-cuisine-mitigeur-deau\/\" \/>\n<meta property=\"og:site_name\" content=\"YOROOW\" \/>\n<meta property=\"article:publisher\" content=\"https:\/\/www.facebook.com\/people\/yoroowfaucetfactory\/61564236752362\/\" \/>\n<meta property=\"article:modified_time\" content=\"2025-05-16T01:27:12+00:00\" \/>\n<meta property=\"og:image\" content=\"https:\/\/www.yoroow.com\/wp-content\/uploads\/2025\/02\/8641A-S127A-B1.jpg\" \/>\n\t<meta property=\"og:image:width\" content=\"800\" \/>\n\t<meta property=\"og:image:height\" content=\"800\" \/>\n\t<meta property=\"og:image:type\" content=\"image\/jpeg\" \/>\n<meta name=\"twitter:card\" content=\"summary_large_image\" \/>\n<meta name=\"twitter:label1\" content=\"Dur\u00e9e de lecture estim\u00e9e\" \/>\n\t<meta name=\"twitter:data1\" content=\"1 minute\" \/>\n<script type=\"application\/ld+json\" class=\"yoast-schema-graph\">{\"@context\":\"https:\/\/schema.org\",\"@graph\":[{\"@type\":\"WebPage\",\"@id\":\"https:\/\/www.yoroow.com\/fr\/detail-du-produit\/nouveau-design-robinetterie-sanitaire-double-poignee-robinetterie-murale-en-zinc-robinetterie-de-cuisine-mitigeur-deau\/\",\"url\":\"https:\/\/www.yoroow.com\/fr\/detail-du-produit\/nouveau-design-robinetterie-sanitaire-double-poignee-robinetterie-murale-en-zinc-robinetterie-de-cuisine-mitigeur-deau\/\",\"name\":\"New Design Wall Mounted Kitchen Faucet Dual Handles Zinc Water Tap Hot Cold Water Basin Tap Sanitary WareTaps Kitchen Water - YOROOW\",\"isPartOf\":{\"@id\":\"https:\/\/www.yoroow.com\/fr\/#website\"},\"primaryImageOfPage\":{\"@id\":\"https:\/\/www.yoroow.com\/fr\/detail-du-produit\/nouveau-design-robinetterie-sanitaire-double-poignee-robinetterie-murale-en-zinc-robinetterie-de-cuisine-mitigeur-deau\/#primaryimage\"},\"image\":{\"@id\":\"https:\/\/www.yoroow.com\/fr\/detail-du-produit\/nouveau-design-robinetterie-sanitaire-double-poignee-robinetterie-murale-en-zinc-robinetterie-de-cuisine-mitigeur-deau\/#primaryimage\"},\"thumbnailUrl\":\"https:\/\/www.yoroow.com\/wp-content\/uploads\/2025\/02\/8641A-S127A-B1.jpg\",\"datePublished\":\"2025-02-21T02:35:38+00:00\",\"dateModified\":\"2025-05-16T01:27:12+00:00\",\"description\":\"New design wall-mounted kitchen faucet with dual handles zinc water tap offering hot and cold water mixing. Manufactured in China for export with efficient production targeting South America and Southeast Asia.\",\"breadcrumb\":{\"@id\":\"https:\/\/www.yoroow.com\/fr\/detail-du-produit\/nouveau-design-robinetterie-sanitaire-double-poignee-robinetterie-murale-en-zinc-robinetterie-de-cuisine-mitigeur-deau\/#breadcrumb\"},\"inLanguage\":\"fr-FR\",\"potentialAction\":[{\"@type\":\"ReadAction\",\"target\":[\"https:\/\/www.yoroow.com\/fr\/detail-du-produit\/nouveau-design-robinetterie-sanitaire-double-poignee-robinetterie-murale-en-zinc-robinetterie-de-cuisine-mitigeur-deau\/\"]}]},{\"@type\":\"ImageObject\",\"inLanguage\":\"fr-FR\",\"@id\":\"https:\/\/www.yoroow.com\/fr\/detail-du-produit\/nouveau-design-robinetterie-sanitaire-double-poignee-robinetterie-murale-en-zinc-robinetterie-de-cuisine-mitigeur-deau\/#primaryimage\",\"url\":\"https:\/\/www.yoroow.com\/wp-content\/uploads\/2025\/02\/8641A-S127A-B1.jpg\",\"contentUrl\":\"https:\/\/www.yoroow.com\/wp-content\/uploads\/2025\/02\/8641A-S127A-B1.jpg\",\"width\":800,\"height\":800,\"caption\":\"New Design Wall Mounted Kitchen Faucet Dual Handles Zinc Water Tap Hot Cold Water Basin Tap Sanitary WareTaps Kitchen Water\"},{\"@type\":\"BreadcrumbList\",\"@id\":\"https:\/\/www.yoroow.com\/fr\/detail-du-produit\/nouveau-design-robinetterie-sanitaire-double-poignee-robinetterie-murale-en-zinc-robinetterie-de-cuisine-mitigeur-deau\/#breadcrumb\",\"itemListElement\":[{\"@type\":\"ListItem\",\"position\":1,\"name\":\"home\",\"item\":\"https:\/\/www.yoroow.com\/\"},{\"@type\":\"ListItem\",\"position\":2,\"name\":\"Product\",\"item\":\"https:\/\/www.yoroow.com\/product\/\"},{\"@type\":\"ListItem\",\"position\":3,\"name\":\"New Design Wall Mounted Kitchen Faucet Dual Handles Zinc Water Tap Hot Cold Water Basin Tap Sanitary WareTaps Kitchen Water\"}]},{\"@type\":\"WebSite\",\"@id\":\"https:\/\/www.yoroow.com\/fr\/#website\",\"url\":\"https:\/\/www.yoroow.com\/fr\/\",\"name\":\"YOROOW\",\"description\":\"\",\"publisher\":{\"@id\":\"https:\/\/www.yoroow.com\/fr\/#organization\"},\"potentialAction\":[{\"@type\":\"SearchAction\",\"target\":{\"@type\":\"EntryPoint\",\"urlTemplate\":\"https:\/\/www.yoroow.com\/fr\/?s={search_term_string}\"},\"query-input\":{\"@type\":\"PropertyValueSpecification\",\"valueRequired\":true,\"valueName\":\"search_term_string\"}}],\"inLanguage\":\"fr-FR\"},{\"@type\":\"Organization\",\"@id\":\"https:\/\/www.yoroow.com\/fr\/#organization\",\"name\":\"YOROOW\",\"url\":\"https:\/\/www.yoroow.com\/fr\/\",\"logo\":{\"@type\":\"ImageObject\",\"inLanguage\":\"fr-FR\",\"@id\":\"https:\/\/www.yoroow.com\/fr\/#\/schema\/logo\/image\/\",\"url\":\"https:\/\/www.yoroow.com\/wp-content\/uploads\/2024\/12\/2024123007131061.png\",\"contentUrl\":\"https:\/\/www.yoroow.com\/wp-content\/uploads\/2024\/12\/2024123007131061.png\",\"width\":168,\"height\":27,\"caption\":\"YOROOW\"},\"image\":{\"@id\":\"https:\/\/www.yoroow.com\/fr\/#\/schema\/logo\/image\/\"},\"sameAs\":[\"https:\/\/www.facebook.com\/people\/yoroowfaucetfactory\/61564236752362\/\"]}]}<\/script>\n<!-- \/ Yoast SEO Premium plugin. -->","yoast_head_json":{"title":"New Design Wall Mounted Kitchen Faucet Dual Handles Zinc Water Tap Hot Cold Water Basin Tap Sanitary WareTaps Kitchen Water - YOROOW","description":"New design wall-mounted kitchen faucet with dual handles zinc water tap offering hot and cold water mixing. Manufactured in China for export with efficient production targeting South America and Southeast Asia.","robots":{"index":"index","follow":"follow","max-snippet":"max-snippet:-1","max-image-preview":"max-image-preview:large","max-video-preview":"max-video-preview:-1"},"canonical":"https:\/\/www.yoroow.com\/fr\/detail-du-produit\/nouveau-design-robinetterie-sanitaire-double-poignee-robinetterie-murale-en-zinc-robinetterie-de-cuisine-mitigeur-deau\/","og_locale":"fr_FR","og_type":"article","og_title":"New Design Wall Mounted Kitchen Faucet Dual Handles Zinc Water Tap Hot Cold Water Basin Tap Sanitary WareTaps Kitchen Water","og_description":"New design wall-mounted kitchen faucet with dual handles zinc water tap offering hot and cold water mixing. Manufactured in China for export with efficient production targeting South America and Southeast Asia.","og_url":"https:\/\/www.yoroow.com\/fr\/detail-du-produit\/nouveau-design-robinetterie-sanitaire-double-poignee-robinetterie-murale-en-zinc-robinetterie-de-cuisine-mitigeur-deau\/","og_site_name":"YOROOW","article_publisher":"https:\/\/www.facebook.com\/people\/yoroowfaucetfactory\/61564236752362\/","article_modified_time":"2025-05-16T01:27:12+00:00","og_image":[{"width":800,"height":800,"url":"https:\/\/www.yoroow.com\/wp-content\/uploads\/2025\/02\/8641A-S127A-B1.jpg","type":"image\/jpeg"}],"twitter_card":"summary_large_image","twitter_misc":{"Dur\u00e9e de lecture estim\u00e9e":"1 minute"},"schema":{"@context":"https:\/\/schema.org","@graph":[{"@type":"WebPage","@id":"https:\/\/www.yoroow.com\/fr\/detail-du-produit\/nouveau-design-robinetterie-sanitaire-double-poignee-robinetterie-murale-en-zinc-robinetterie-de-cuisine-mitigeur-deau\/","url":"https:\/\/www.yoroow.com\/fr\/detail-du-produit\/nouveau-design-robinetterie-sanitaire-double-poignee-robinetterie-murale-en-zinc-robinetterie-de-cuisine-mitigeur-deau\/","name":"New Design Wall Mounted Kitchen Faucet Dual Handles Zinc Water Tap Hot Cold Water Basin Tap Sanitary WareTaps Kitchen Water - YOROOW","isPartOf":{"@id":"https:\/\/www.yoroow.com\/fr\/#website"},"primaryImageOfPage":{"@id":"https:\/\/www.yoroow.com\/fr\/detail-du-produit\/nouveau-design-robinetterie-sanitaire-double-poignee-robinetterie-murale-en-zinc-robinetterie-de-cuisine-mitigeur-deau\/#primaryimage"},"image":{"@id":"https:\/\/www.yoroow.com\/fr\/detail-du-produit\/nouveau-design-robinetterie-sanitaire-double-poignee-robinetterie-murale-en-zinc-robinetterie-de-cuisine-mitigeur-deau\/#primaryimage"},"thumbnailUrl":"https:\/\/www.yoroow.com\/wp-content\/uploads\/2025\/02\/8641A-S127A-B1.jpg","datePublished":"2025-02-21T02:35:38+00:00","dateModified":"2025-05-16T01:27:12+00:00","description":"New design wall-mounted kitchen faucet with dual handles zinc water tap offering hot and cold water mixing. Manufactured in China for export with efficient production targeting South America and Southeast Asia.","breadcrumb":{"@id":"https:\/\/www.yoroow.com\/fr\/detail-du-produit\/nouveau-design-robinetterie-sanitaire-double-poignee-robinetterie-murale-en-zinc-robinetterie-de-cuisine-mitigeur-deau\/#breadcrumb"},"inLanguage":"fr-FR","potentialAction":[{"@type":"ReadAction","target":["https:\/\/www.yoroow.com\/fr\/detail-du-produit\/nouveau-design-robinetterie-sanitaire-double-poignee-robinetterie-murale-en-zinc-robinetterie-de-cuisine-mitigeur-deau\/"]}]},{"@type":"ImageObject","inLanguage":"fr-FR","@id":"https:\/\/www.yoroow.com\/fr\/detail-du-produit\/nouveau-design-robinetterie-sanitaire-double-poignee-robinetterie-murale-en-zinc-robinetterie-de-cuisine-mitigeur-deau\/#primaryimage","url":"https:\/\/www.yoroow.com\/wp-content\/uploads\/2025\/02\/8641A-S127A-B1.jpg","contentUrl":"https:\/\/www.yoroow.com\/wp-content\/uploads\/2025\/02\/8641A-S127A-B1.jpg","width":800,"height":800,"caption":"New Design Wall Mounted Kitchen Faucet Dual Handles Zinc Water Tap Hot Cold Water Basin Tap Sanitary WareTaps Kitchen Water"},{"@type":"BreadcrumbList","@id":"https:\/\/www.yoroow.com\/fr\/detail-du-produit\/nouveau-design-robinetterie-sanitaire-double-poignee-robinetterie-murale-en-zinc-robinetterie-de-cuisine-mitigeur-deau\/#breadcrumb","itemListElement":[{"@type":"ListItem","position":1,"name":"home","item":"https:\/\/www.yoroow.com\/"},{"@type":"ListItem","position":2,"name":"Product","item":"https:\/\/www.yoroow.com\/product\/"},{"@type":"ListItem","position":3,"name":"New Design Wall Mounted Kitchen Faucet Dual Handles Zinc Water Tap Hot Cold Water Basin Tap Sanitary WareTaps Kitchen Water"}]},{"@type":"WebSite","@id":"https:\/\/www.yoroow.com\/fr\/#website","url":"https:\/\/www.yoroow.com\/fr\/","name":"YOROOW","description":"","publisher":{"@id":"https:\/\/www.yoroow.com\/fr\/#organization"},"potentialAction":[{"@type":"SearchAction","target":{"@type":"EntryPoint","urlTemplate":"https:\/\/www.yoroow.com\/fr\/?s={search_term_string}"},"query-input":{"@type":"PropertyValueSpecification","valueRequired":true,"valueName":"search_term_string"}}],"inLanguage":"fr-FR"},{"@type":"Organization","@id":"https:\/\/www.yoroow.com\/fr\/#organization","name":"YOROOW","url":"https:\/\/www.yoroow.com\/fr\/","logo":{"@type":"ImageObject","inLanguage":"fr-FR","@id":"https:\/\/www.yoroow.com\/fr\/#\/schema\/logo\/image\/","url":"https:\/\/www.yoroow.com\/wp-content\/uploads\/2024\/12\/2024123007131061.png","contentUrl":"https:\/\/www.yoroow.com\/wp-content\/uploads\/2024\/12\/2024123007131061.png","width":168,"height":27,"caption":"YOROOW"},"image":{"@id":"https:\/\/www.yoroow.com\/fr\/#\/schema\/logo\/image\/"},"sameAs":["https:\/\/www.facebook.com\/people\/yoroowfaucetfactory\/61564236752362\/"]}]}},"_links":{"self":[{"href":"https:\/\/www.yoroow.com\/fr\/wp-json\/wp\/v2\/product\/11736","targetHints":{"allow":["GET"]}}],"collection":[{"href":"https:\/\/www.yoroow.com\/fr\/wp-json\/wp\/v2\/product"}],"about":[{"href":"https:\/\/www.yoroow.com\/fr\/wp-json\/wp\/v2\/types\/product"}],"wp:featuredmedia":[{"embeddable":true,"href":"https:\/\/www.yoroow.com\/fr\/wp-json\/wp\/v2\/media\/11744"}],"wp:attachment":[{"href":"https:\/\/www.yoroow.com\/fr\/wp-json\/wp\/v2\/media?parent=11736"}],"wp:term":[{"taxonomy":"product_brand","embeddable":true,"href":"https:\/\/www.yoroow.com\/fr\/wp-json\/wp\/v2\/product_brand?post=11736"},{"taxonomy":"product_cat","embeddable":true,"href":"https:\/\/www.yoroow.com\/fr\/wp-json\/wp\/v2\/product_cat?post=11736"},{"taxonomy":"product_tag","embeddable":true,"href":"https:\/\/www.yoroow.com\/fr\/wp-json\/wp\/v2\/product_tag?post=11736"}],"curies":[{"name":"wp","href":"https:\/\/api.w.org\/{rel}","templated":true}]}}