{"id":11728,"date":"2025-02-21T10:18:33","date_gmt":"2025-02-21T02:18:33","guid":{"rendered":"https:\/\/www.yoroow.com\/?post_type=product&#038;p=11728"},"modified":"2025-05-16T09:26:59","modified_gmt":"2025-05-16T01:26:59","slug":"robinet-de-salle-de-bain-en-cuivre-pour-douche-chaude-et-froide-avec-jet-de-pluie-surface-chromee-cartouche-en-ceramique","status":"publish","type":"product","link":"https:\/\/www.yoroow.com\/fr\/detail-du-produit\/robinet-de-salle-de-bain-en-cuivre-pour-douche-chaude-et-froide-avec-jet-de-pluie-surface-chromee-cartouche-en-ceramique\/","title":{"rendered":"Hotel-Grade Brass Shower Set Hot Cold Chrome Rain Spray Wholesale Price Copper Body Bathroom Faucet"},"content":{"rendered":"<p>L'ensemble de douche en laiton de qualit\u00e9 h\u00f4teli\u00e8re est con\u00e7u pour les h\u00f4tels de luxe et les installations de salles de bains haut de gamme. Le corps en laiton chrom\u00e9, qui permet de contr\u00f4ler l'eau chaude et l'eau froide, garantit la durabilit\u00e9 et un aspect de qualit\u00e9 sup\u00e9rieure. Cet ensemble est id\u00e9al pour les h\u00f4tels, les centres de vill\u00e9giature et les immeubles r\u00e9sidentiels haut de gamme. L'usine de fabrication chinoise de YOROOW offre un contr\u00f4le de qualit\u00e9 de premier ordre, garantissant que chaque ensemble est conforme aux normes internationales. Ce produit est parfaitement adapt\u00e9 \u00e0 l'exportation vers les industries h\u00f4teli\u00e8res en plein essor d'Am\u00e9rique du Sud et d'Asie du Sud-Est, o\u00f9 la demande d'accessoires de salle de bains haut de gamme est en hausse.<\/p>","protected":false},"excerpt":{"rendered":"<p>The Hotel-Grade Brass Shower Set is designed for luxury hotels and high-end bathroom installations. Featuring both hot and cold water control, the chrome-plated brass body ensures durability and a premium appearance. This set is ideal for use in hotels, resorts, and upscale residential buildings. YOROOW\u2019s Chinese manufacturing facility offers premium quality control, ensuring that each\u2026<\/p>","protected":false},"featured_media":11720,"template":"","meta":{"_acf_changed":false,"_kad_post_transparent":"default","_kad_post_title":"","_kad_post_layout":"default","_kad_post_sidebar_id":"","_kad_post_content_style":"default","_kad_post_vertical_padding":"default","_kad_post_feature":"","_kad_post_feature_position":"","_kad_post_header":false,"_kad_post_footer":false},"product_brand":[],"product_cat":[122,1527],"product_tag":[5302,5373],"class_list":{"0":"post-11728","1":"product","2":"type-product","3":"status-publish","4":"has-post-thumbnail","6":"product_cat-bathshower-faucet","7":"product_cat-084pseries","8":"product_tag-brass-mixer-faucets-and-shower-set","9":"product_tag-hotel-shower-set","11":"first","12":"instock","13":"shipping-taxable","14":"purchasable","15":"product-type-variable","16":"wvs-archive-product-wrapper","17":"entry","18":"content-bg","19":"loop-entry"},"acf":[],"yoast_head":"<!-- This site is optimized with the Yoast SEO Premium plugin v25.4 (Yoast SEO v27.0) - https:\/\/yoast.com\/product\/yoast-seo-premium-wordpress\/ -->\n<title>Hotel-Grade Brass Shower Set Hot Cold Chrome Rain Spray Wholesale Price Copper Body Bathroom Faucet - YOROOW<\/title>\n<meta name=\"description\" content=\"Hotel-grade brass shower set with hot and cold chrome rain spray features copper body and wholesale pricing. Chinese manufacturing delivers reliable export service to Latin America and Southeast Asia.\" \/>\n<meta name=\"robots\" content=\"index, follow, max-snippet:-1, max-image-preview:large, max-video-preview:-1\" \/>\n<link rel=\"canonical\" href=\"https:\/\/www.yoroow.com\/fr\/detail-du-produit\/robinet-de-salle-de-bain-en-cuivre-pour-douche-chaude-et-froide-avec-jet-de-pluie-surface-chromee-cartouche-en-ceramique\/\" \/>\n<meta property=\"og:locale\" content=\"fr_FR\" \/>\n<meta property=\"og:type\" content=\"article\" \/>\n<meta property=\"og:title\" content=\"Hotel-Grade Brass Shower Set Hot Cold Chrome Rain Spray Wholesale Price Copper Body Bathroom Faucet\" \/>\n<meta property=\"og:description\" content=\"Hotel-grade brass shower set with hot and cold chrome rain spray features copper body and wholesale pricing. Chinese manufacturing delivers reliable export service to Latin America and Southeast Asia.\" \/>\n<meta property=\"og:url\" content=\"https:\/\/www.yoroow.com\/fr\/detail-du-produit\/robinet-de-salle-de-bain-en-cuivre-pour-douche-chaude-et-froide-avec-jet-de-pluie-surface-chromee-cartouche-en-ceramique\/\" \/>\n<meta property=\"og:site_name\" content=\"YOROOW\" \/>\n<meta property=\"article:publisher\" content=\"https:\/\/www.facebook.com\/people\/yoroowfaucetfactory\/61564236752362\/\" \/>\n<meta property=\"article:modified_time\" content=\"2025-05-16T01:26:59+00:00\" \/>\n<meta property=\"og:image\" content=\"https:\/\/www.yoroow.com\/wp-content\/uploads\/2025\/02\/6025C-084P.jpg\" \/>\n\t<meta property=\"og:image:width\" content=\"2480\" \/>\n\t<meta property=\"og:image:height\" content=\"2480\" \/>\n\t<meta property=\"og:image:type\" content=\"image\/jpeg\" \/>\n<meta name=\"twitter:card\" content=\"summary_large_image\" \/>\n<meta name=\"twitter:label1\" content=\"Dur\u00e9e de lecture estim\u00e9e\" \/>\n\t<meta name=\"twitter:data1\" content=\"1 minute\" \/>\n<script type=\"application\/ld+json\" class=\"yoast-schema-graph\">{\"@context\":\"https:\/\/schema.org\",\"@graph\":[{\"@type\":\"WebPage\",\"@id\":\"https:\/\/www.yoroow.com\/fr\/detail-du-produit\/robinet-de-salle-de-bain-en-cuivre-pour-douche-chaude-et-froide-avec-jet-de-pluie-surface-chromee-cartouche-en-ceramique\/\",\"url\":\"https:\/\/www.yoroow.com\/fr\/detail-du-produit\/robinet-de-salle-de-bain-en-cuivre-pour-douche-chaude-et-froide-avec-jet-de-pluie-surface-chromee-cartouche-en-ceramique\/\",\"name\":\"Hotel-Grade Brass Shower Set Hot Cold Chrome Rain Spray Wholesale Price Copper Body Bathroom Faucet - YOROOW\",\"isPartOf\":{\"@id\":\"https:\/\/www.yoroow.com\/fr\/#website\"},\"primaryImageOfPage\":{\"@id\":\"https:\/\/www.yoroow.com\/fr\/detail-du-produit\/robinet-de-salle-de-bain-en-cuivre-pour-douche-chaude-et-froide-avec-jet-de-pluie-surface-chromee-cartouche-en-ceramique\/#primaryimage\"},\"image\":{\"@id\":\"https:\/\/www.yoroow.com\/fr\/detail-du-produit\/robinet-de-salle-de-bain-en-cuivre-pour-douche-chaude-et-froide-avec-jet-de-pluie-surface-chromee-cartouche-en-ceramique\/#primaryimage\"},\"thumbnailUrl\":\"https:\/\/www.yoroow.com\/wp-content\/uploads\/2025\/02\/6025C-084P.jpg\",\"datePublished\":\"2025-02-21T02:18:33+00:00\",\"dateModified\":\"2025-05-16T01:26:59+00:00\",\"description\":\"Hotel-grade brass shower set with hot and cold chrome rain spray features copper body and wholesale pricing. Chinese manufacturing delivers reliable export service to Latin America and Southeast Asia.\",\"breadcrumb\":{\"@id\":\"https:\/\/www.yoroow.com\/fr\/detail-du-produit\/robinet-de-salle-de-bain-en-cuivre-pour-douche-chaude-et-froide-avec-jet-de-pluie-surface-chromee-cartouche-en-ceramique\/#breadcrumb\"},\"inLanguage\":\"fr-FR\",\"potentialAction\":[{\"@type\":\"ReadAction\",\"target\":[\"https:\/\/www.yoroow.com\/fr\/detail-du-produit\/robinet-de-salle-de-bain-en-cuivre-pour-douche-chaude-et-froide-avec-jet-de-pluie-surface-chromee-cartouche-en-ceramique\/\"]}]},{\"@type\":\"ImageObject\",\"inLanguage\":\"fr-FR\",\"@id\":\"https:\/\/www.yoroow.com\/fr\/detail-du-produit\/robinet-de-salle-de-bain-en-cuivre-pour-douche-chaude-et-froide-avec-jet-de-pluie-surface-chromee-cartouche-en-ceramique\/#primaryimage\",\"url\":\"https:\/\/www.yoroow.com\/wp-content\/uploads\/2025\/02\/6025C-084P.jpg\",\"contentUrl\":\"https:\/\/www.yoroow.com\/wp-content\/uploads\/2025\/02\/6025C-084P.jpg\",\"width\":2480,\"height\":2480,\"caption\":\"Modern High Quality Single Handle Brass Kitchen Faucet Zinc Deck Mounted Mixer Tap Designer Kitchen Sink Tap\"},{\"@type\":\"BreadcrumbList\",\"@id\":\"https:\/\/www.yoroow.com\/fr\/detail-du-produit\/robinet-de-salle-de-bain-en-cuivre-pour-douche-chaude-et-froide-avec-jet-de-pluie-surface-chromee-cartouche-en-ceramique\/#breadcrumb\",\"itemListElement\":[{\"@type\":\"ListItem\",\"position\":1,\"name\":\"home\",\"item\":\"https:\/\/www.yoroow.com\/\"},{\"@type\":\"ListItem\",\"position\":2,\"name\":\"Product\",\"item\":\"https:\/\/www.yoroow.com\/product\/\"},{\"@type\":\"ListItem\",\"position\":3,\"name\":\"Hotel-Grade Brass Shower Set Hot Cold Chrome Rain Spray Wholesale Price Copper Body Bathroom Faucet\"}]},{\"@type\":\"WebSite\",\"@id\":\"https:\/\/www.yoroow.com\/fr\/#website\",\"url\":\"https:\/\/www.yoroow.com\/fr\/\",\"name\":\"YOROOW\",\"description\":\"\",\"publisher\":{\"@id\":\"https:\/\/www.yoroow.com\/fr\/#organization\"},\"potentialAction\":[{\"@type\":\"SearchAction\",\"target\":{\"@type\":\"EntryPoint\",\"urlTemplate\":\"https:\/\/www.yoroow.com\/fr\/?s={search_term_string}\"},\"query-input\":{\"@type\":\"PropertyValueSpecification\",\"valueRequired\":true,\"valueName\":\"search_term_string\"}}],\"inLanguage\":\"fr-FR\"},{\"@type\":\"Organization\",\"@id\":\"https:\/\/www.yoroow.com\/fr\/#organization\",\"name\":\"YOROOW\",\"url\":\"https:\/\/www.yoroow.com\/fr\/\",\"logo\":{\"@type\":\"ImageObject\",\"inLanguage\":\"fr-FR\",\"@id\":\"https:\/\/www.yoroow.com\/fr\/#\/schema\/logo\/image\/\",\"url\":\"https:\/\/www.yoroow.com\/wp-content\/uploads\/2024\/12\/2024123007131061.png\",\"contentUrl\":\"https:\/\/www.yoroow.com\/wp-content\/uploads\/2024\/12\/2024123007131061.png\",\"width\":168,\"height\":27,\"caption\":\"YOROOW\"},\"image\":{\"@id\":\"https:\/\/www.yoroow.com\/fr\/#\/schema\/logo\/image\/\"},\"sameAs\":[\"https:\/\/www.facebook.com\/people\/yoroowfaucetfactory\/61564236752362\/\"]}]}<\/script>\n<!-- \/ Yoast SEO Premium plugin. -->","yoast_head_json":{"title":"Hotel-Grade Brass Shower Set Hot Cold Chrome Rain Spray Wholesale Price Copper Body Bathroom Faucet - YOROOW","description":"Hotel-grade brass shower set with hot and cold chrome rain spray features copper body and wholesale pricing. Chinese manufacturing delivers reliable export service to Latin America and Southeast Asia.","robots":{"index":"index","follow":"follow","max-snippet":"max-snippet:-1","max-image-preview":"max-image-preview:large","max-video-preview":"max-video-preview:-1"},"canonical":"https:\/\/www.yoroow.com\/fr\/detail-du-produit\/robinet-de-salle-de-bain-en-cuivre-pour-douche-chaude-et-froide-avec-jet-de-pluie-surface-chromee-cartouche-en-ceramique\/","og_locale":"fr_FR","og_type":"article","og_title":"Hotel-Grade Brass Shower Set Hot Cold Chrome Rain Spray Wholesale Price Copper Body Bathroom Faucet","og_description":"Hotel-grade brass shower set with hot and cold chrome rain spray features copper body and wholesale pricing. Chinese manufacturing delivers reliable export service to Latin America and Southeast Asia.","og_url":"https:\/\/www.yoroow.com\/fr\/detail-du-produit\/robinet-de-salle-de-bain-en-cuivre-pour-douche-chaude-et-froide-avec-jet-de-pluie-surface-chromee-cartouche-en-ceramique\/","og_site_name":"YOROOW","article_publisher":"https:\/\/www.facebook.com\/people\/yoroowfaucetfactory\/61564236752362\/","article_modified_time":"2025-05-16T01:26:59+00:00","og_image":[{"width":2480,"height":2480,"url":"https:\/\/www.yoroow.com\/wp-content\/uploads\/2025\/02\/6025C-084P.jpg","type":"image\/jpeg"}],"twitter_card":"summary_large_image","twitter_misc":{"Dur\u00e9e de lecture estim\u00e9e":"1 minute"},"schema":{"@context":"https:\/\/schema.org","@graph":[{"@type":"WebPage","@id":"https:\/\/www.yoroow.com\/fr\/detail-du-produit\/robinet-de-salle-de-bain-en-cuivre-pour-douche-chaude-et-froide-avec-jet-de-pluie-surface-chromee-cartouche-en-ceramique\/","url":"https:\/\/www.yoroow.com\/fr\/detail-du-produit\/robinet-de-salle-de-bain-en-cuivre-pour-douche-chaude-et-froide-avec-jet-de-pluie-surface-chromee-cartouche-en-ceramique\/","name":"Hotel-Grade Brass Shower Set Hot Cold Chrome Rain Spray Wholesale Price Copper Body Bathroom Faucet - YOROOW","isPartOf":{"@id":"https:\/\/www.yoroow.com\/fr\/#website"},"primaryImageOfPage":{"@id":"https:\/\/www.yoroow.com\/fr\/detail-du-produit\/robinet-de-salle-de-bain-en-cuivre-pour-douche-chaude-et-froide-avec-jet-de-pluie-surface-chromee-cartouche-en-ceramique\/#primaryimage"},"image":{"@id":"https:\/\/www.yoroow.com\/fr\/detail-du-produit\/robinet-de-salle-de-bain-en-cuivre-pour-douche-chaude-et-froide-avec-jet-de-pluie-surface-chromee-cartouche-en-ceramique\/#primaryimage"},"thumbnailUrl":"https:\/\/www.yoroow.com\/wp-content\/uploads\/2025\/02\/6025C-084P.jpg","datePublished":"2025-02-21T02:18:33+00:00","dateModified":"2025-05-16T01:26:59+00:00","description":"Hotel-grade brass shower set with hot and cold chrome rain spray features copper body and wholesale pricing. Chinese manufacturing delivers reliable export service to Latin America and Southeast Asia.","breadcrumb":{"@id":"https:\/\/www.yoroow.com\/fr\/detail-du-produit\/robinet-de-salle-de-bain-en-cuivre-pour-douche-chaude-et-froide-avec-jet-de-pluie-surface-chromee-cartouche-en-ceramique\/#breadcrumb"},"inLanguage":"fr-FR","potentialAction":[{"@type":"ReadAction","target":["https:\/\/www.yoroow.com\/fr\/detail-du-produit\/robinet-de-salle-de-bain-en-cuivre-pour-douche-chaude-et-froide-avec-jet-de-pluie-surface-chromee-cartouche-en-ceramique\/"]}]},{"@type":"ImageObject","inLanguage":"fr-FR","@id":"https:\/\/www.yoroow.com\/fr\/detail-du-produit\/robinet-de-salle-de-bain-en-cuivre-pour-douche-chaude-et-froide-avec-jet-de-pluie-surface-chromee-cartouche-en-ceramique\/#primaryimage","url":"https:\/\/www.yoroow.com\/wp-content\/uploads\/2025\/02\/6025C-084P.jpg","contentUrl":"https:\/\/www.yoroow.com\/wp-content\/uploads\/2025\/02\/6025C-084P.jpg","width":2480,"height":2480,"caption":"Modern High Quality Single Handle Brass Kitchen Faucet Zinc Deck Mounted Mixer Tap Designer Kitchen Sink Tap"},{"@type":"BreadcrumbList","@id":"https:\/\/www.yoroow.com\/fr\/detail-du-produit\/robinet-de-salle-de-bain-en-cuivre-pour-douche-chaude-et-froide-avec-jet-de-pluie-surface-chromee-cartouche-en-ceramique\/#breadcrumb","itemListElement":[{"@type":"ListItem","position":1,"name":"home","item":"https:\/\/www.yoroow.com\/"},{"@type":"ListItem","position":2,"name":"Product","item":"https:\/\/www.yoroow.com\/product\/"},{"@type":"ListItem","position":3,"name":"Hotel-Grade Brass Shower Set Hot Cold Chrome Rain Spray Wholesale Price Copper Body Bathroom Faucet"}]},{"@type":"WebSite","@id":"https:\/\/www.yoroow.com\/fr\/#website","url":"https:\/\/www.yoroow.com\/fr\/","name":"YOROOW","description":"","publisher":{"@id":"https:\/\/www.yoroow.com\/fr\/#organization"},"potentialAction":[{"@type":"SearchAction","target":{"@type":"EntryPoint","urlTemplate":"https:\/\/www.yoroow.com\/fr\/?s={search_term_string}"},"query-input":{"@type":"PropertyValueSpecification","valueRequired":true,"valueName":"search_term_string"}}],"inLanguage":"fr-FR"},{"@type":"Organization","@id":"https:\/\/www.yoroow.com\/fr\/#organization","name":"YOROOW","url":"https:\/\/www.yoroow.com\/fr\/","logo":{"@type":"ImageObject","inLanguage":"fr-FR","@id":"https:\/\/www.yoroow.com\/fr\/#\/schema\/logo\/image\/","url":"https:\/\/www.yoroow.com\/wp-content\/uploads\/2024\/12\/2024123007131061.png","contentUrl":"https:\/\/www.yoroow.com\/wp-content\/uploads\/2024\/12\/2024123007131061.png","width":168,"height":27,"caption":"YOROOW"},"image":{"@id":"https:\/\/www.yoroow.com\/fr\/#\/schema\/logo\/image\/"},"sameAs":["https:\/\/www.facebook.com\/people\/yoroowfaucetfactory\/61564236752362\/"]}]}},"_links":{"self":[{"href":"https:\/\/www.yoroow.com\/fr\/wp-json\/wp\/v2\/product\/11728","targetHints":{"allow":["GET"]}}],"collection":[{"href":"https:\/\/www.yoroow.com\/fr\/wp-json\/wp\/v2\/product"}],"about":[{"href":"https:\/\/www.yoroow.com\/fr\/wp-json\/wp\/v2\/types\/product"}],"wp:featuredmedia":[{"embeddable":true,"href":"https:\/\/www.yoroow.com\/fr\/wp-json\/wp\/v2\/media\/11720"}],"wp:attachment":[{"href":"https:\/\/www.yoroow.com\/fr\/wp-json\/wp\/v2\/media?parent=11728"}],"wp:term":[{"taxonomy":"product_brand","embeddable":true,"href":"https:\/\/www.yoroow.com\/fr\/wp-json\/wp\/v2\/product_brand?post=11728"},{"taxonomy":"product_cat","embeddable":true,"href":"https:\/\/www.yoroow.com\/fr\/wp-json\/wp\/v2\/product_cat?post=11728"},{"taxonomy":"product_tag","embeddable":true,"href":"https:\/\/www.yoroow.com\/fr\/wp-json\/wp\/v2\/product_tag?post=11728"}],"curies":[{"name":"wp","href":"https:\/\/api.w.org\/{rel}","templated":true}]}}