{"id":11705,"date":"2025-02-21T09:27:33","date_gmt":"2025-02-21T01:27:33","guid":{"rendered":"https:\/\/www.yoroow.com\/?post_type=product&#038;p=11705"},"modified":"2025-05-16T09:26:17","modified_gmt":"2025-05-16T01:26:17","slug":"robinet-mitigeur-de-lavabo-moderne-monotrou-a-col-haut-chrome-eau-chaude-et-froide-robinet-de-salle-de-bain-en-laiton-cartouche-ceramique","status":"publish","type":"product","link":"https:\/\/www.yoroow.com\/fr\/detail-du-produit\/robinet-mitigeur-de-lavabo-moderne-monotrou-a-col-haut-chrome-eau-chaude-et-froide-robinet-de-salle-de-bain-en-laiton-cartouche-ceramique\/","title":{"rendered":"Modern Single Lever Zinc Faucet Thermostatic Basin Mixer Tap for Bathroom Single Hole Mount Wholesale Available"},"content":{"rendered":"<p>Le robinet mitigeur thermostatique moderne en zinc est un robinet de salle de bains de haute qualit\u00e9 con\u00e7u pour une installation monotrou. Il pr\u00e9sente un design \u00e9l\u00e9gant et moderne avec un contr\u00f4le thermostatique pour une temp\u00e9rature d'eau constante, ce qui le rend id\u00e9al pour une utilisation quotidienne dans les salles de bains r\u00e9sidentielles et commerciales. Fabriqu\u00e9 en zinc durable, ce robinet offre une r\u00e9sistance sup\u00e9rieure \u00e0 la corrosion, garantissant des performances durables. Son design convient parfaitement \u00e0 diverses applications dans les salles de bains, qu'il s'agisse de r\u00e9sidences priv\u00e9es, d'h\u00f4tels ou de toilettes publiques. L'usine YOROOW, bas\u00e9e en Chine, propose des prix comp\u00e9titifs et des options de personnalisation flexibles, y compris diff\u00e9rentes finitions et un emballage sur mesure, ce qui en fait un excellent choix pour les march\u00e9s d'Am\u00e9rique du Sud et d'Asie du Sud-Est.<\/p>","protected":false},"excerpt":{"rendered":"<p>The Modern Single Lever Zinc Faucet Thermostatic Basin Mixer Tap is a high-quality bathroom faucet designed for single hole installation. It features a sleek, modern design with a thermostatic control for consistent water temperature, making it ideal for daily use in both residential and commercial bathrooms. Manufactured from durable zinc, this faucet offers superior resistance\u2026<\/p>","protected":false},"featured_media":11687,"template":"","meta":{"_acf_changed":false,"_kad_post_transparent":"default","_kad_post_title":"","_kad_post_layout":"default","_kad_post_sidebar_id":"","_kad_post_content_style":"default","_kad_post_vertical_padding":"default","_kad_post_feature":"","_kad_post_feature_position":"","_kad_post_header":false,"_kad_post_footer":false},"product_brand":[],"product_cat":[238,1526],"product_tag":[5901,5881],"class_list":{"0":"post-11705","1":"product","2":"type-product","3":"status-publish","4":"has-post-thumbnail","6":"product_cat-mixer-basin-faucet","7":"product_cat-109pseries","8":"product_tag-basin-faucet-with-mixer-wholesale","9":"product_tag-zinc-single-lever-faucet-basin-mixer-tap-for-bathroom","11":"first","12":"instock","13":"shipping-taxable","14":"purchasable","15":"product-type-variable","16":"wvs-archive-product-wrapper","17":"entry","18":"content-bg","19":"loop-entry"},"acf":[],"yoast_head":"<!-- This site is optimized with the Yoast SEO Premium plugin v25.4 (Yoast SEO v27.0) - https:\/\/yoast.com\/product\/yoast-seo-premium-wordpress\/ -->\n<title>Modern Single Lever Zinc Faucet Thermostatic Basin Mixer Tap for Bathroom Single Hole Mount Wholesale Available - YOROOW<\/title>\n<meta name=\"description\" content=\"Modern zinc single lever basin mixer tap with thermostatic function and single-hole mount perfect for wholesale. Chinese factory offers customization and quality assurance for South American and Southeast Asian buyers.\" \/>\n<meta name=\"robots\" content=\"index, follow, max-snippet:-1, max-image-preview:large, max-video-preview:-1\" \/>\n<link rel=\"canonical\" href=\"https:\/\/www.yoroow.com\/fr\/detail-du-produit\/robinet-mitigeur-de-lavabo-moderne-monotrou-a-col-haut-chrome-eau-chaude-et-froide-robinet-de-salle-de-bain-en-laiton-cartouche-ceramique\/\" \/>\n<meta property=\"og:locale\" content=\"fr_FR\" \/>\n<meta property=\"og:type\" content=\"article\" \/>\n<meta property=\"og:title\" content=\"Modern Single Lever Zinc Faucet Thermostatic Basin Mixer Tap for Bathroom Single Hole Mount Wholesale Available\" \/>\n<meta property=\"og:description\" content=\"Modern zinc single lever basin mixer tap with thermostatic function and single-hole mount perfect for wholesale. Chinese factory offers customization and quality assurance for South American and Southeast Asian buyers.\" \/>\n<meta property=\"og:url\" content=\"https:\/\/www.yoroow.com\/fr\/detail-du-produit\/robinet-mitigeur-de-lavabo-moderne-monotrou-a-col-haut-chrome-eau-chaude-et-froide-robinet-de-salle-de-bain-en-laiton-cartouche-ceramique\/\" \/>\n<meta property=\"og:site_name\" content=\"YOROOW\" \/>\n<meta property=\"article:publisher\" content=\"https:\/\/www.facebook.com\/people\/yoroowfaucetfactory\/61564236752362\/\" \/>\n<meta property=\"article:modified_time\" content=\"2025-05-16T01:26:17+00:00\" \/>\n<meta property=\"og:image\" content=\"https:\/\/www.yoroow.com\/wp-content\/uploads\/2025\/02\/7014C-084P.jpg\" \/>\n\t<meta property=\"og:image:width\" content=\"893\" \/>\n\t<meta property=\"og:image:height\" content=\"893\" \/>\n\t<meta property=\"og:image:type\" content=\"image\/jpeg\" \/>\n<meta name=\"twitter:card\" content=\"summary_large_image\" \/>\n<meta name=\"twitter:label1\" content=\"Dur\u00e9e de lecture estim\u00e9e\" \/>\n\t<meta name=\"twitter:data1\" content=\"1 minute\" \/>\n<script type=\"application\/ld+json\" class=\"yoast-schema-graph\">{\"@context\":\"https:\/\/schema.org\",\"@graph\":[{\"@type\":\"WebPage\",\"@id\":\"https:\/\/www.yoroow.com\/fr\/detail-du-produit\/robinet-mitigeur-de-lavabo-moderne-monotrou-a-col-haut-chrome-eau-chaude-et-froide-robinet-de-salle-de-bain-en-laiton-cartouche-ceramique\/\",\"url\":\"https:\/\/www.yoroow.com\/fr\/detail-du-produit\/robinet-mitigeur-de-lavabo-moderne-monotrou-a-col-haut-chrome-eau-chaude-et-froide-robinet-de-salle-de-bain-en-laiton-cartouche-ceramique\/\",\"name\":\"Modern Single Lever Zinc Faucet Thermostatic Basin Mixer Tap for Bathroom Single Hole Mount Wholesale Available - YOROOW\",\"isPartOf\":{\"@id\":\"https:\/\/www.yoroow.com\/fr\/#website\"},\"primaryImageOfPage\":{\"@id\":\"https:\/\/www.yoroow.com\/fr\/detail-du-produit\/robinet-mitigeur-de-lavabo-moderne-monotrou-a-col-haut-chrome-eau-chaude-et-froide-robinet-de-salle-de-bain-en-laiton-cartouche-ceramique\/#primaryimage\"},\"image\":{\"@id\":\"https:\/\/www.yoroow.com\/fr\/detail-du-produit\/robinet-mitigeur-de-lavabo-moderne-monotrou-a-col-haut-chrome-eau-chaude-et-froide-robinet-de-salle-de-bain-en-laiton-cartouche-ceramique\/#primaryimage\"},\"thumbnailUrl\":\"https:\/\/www.yoroow.com\/wp-content\/uploads\/2025\/02\/7014C-084P.jpg\",\"datePublished\":\"2025-02-21T01:27:33+00:00\",\"dateModified\":\"2025-05-16T01:26:17+00:00\",\"description\":\"Modern zinc single lever basin mixer tap with thermostatic function and single-hole mount perfect for wholesale. Chinese factory offers customization and quality assurance for South American and Southeast Asian buyers.\",\"breadcrumb\":{\"@id\":\"https:\/\/www.yoroow.com\/fr\/detail-du-produit\/robinet-mitigeur-de-lavabo-moderne-monotrou-a-col-haut-chrome-eau-chaude-et-froide-robinet-de-salle-de-bain-en-laiton-cartouche-ceramique\/#breadcrumb\"},\"inLanguage\":\"fr-FR\",\"potentialAction\":[{\"@type\":\"ReadAction\",\"target\":[\"https:\/\/www.yoroow.com\/fr\/detail-du-produit\/robinet-mitigeur-de-lavabo-moderne-monotrou-a-col-haut-chrome-eau-chaude-et-froide-robinet-de-salle-de-bain-en-laiton-cartouche-ceramique\/\"]}]},{\"@type\":\"ImageObject\",\"inLanguage\":\"fr-FR\",\"@id\":\"https:\/\/www.yoroow.com\/fr\/detail-du-produit\/robinet-mitigeur-de-lavabo-moderne-monotrou-a-col-haut-chrome-eau-chaude-et-froide-robinet-de-salle-de-bain-en-laiton-cartouche-ceramique\/#primaryimage\",\"url\":\"https:\/\/www.yoroow.com\/wp-content\/uploads\/2025\/02\/7014C-084P.jpg\",\"contentUrl\":\"https:\/\/www.yoroow.com\/wp-content\/uploads\/2025\/02\/7014C-084P.jpg\",\"width\":893,\"height\":893,\"caption\":\"Good Quality Single-Handle Chrome Basin Faucet Thermostatic Zinc Material Single-Hole Mount Bathroom Wash Hand Mixer Faucet\"},{\"@type\":\"BreadcrumbList\",\"@id\":\"https:\/\/www.yoroow.com\/fr\/detail-du-produit\/robinet-mitigeur-de-lavabo-moderne-monotrou-a-col-haut-chrome-eau-chaude-et-froide-robinet-de-salle-de-bain-en-laiton-cartouche-ceramique\/#breadcrumb\",\"itemListElement\":[{\"@type\":\"ListItem\",\"position\":1,\"name\":\"home\",\"item\":\"https:\/\/www.yoroow.com\/\"},{\"@type\":\"ListItem\",\"position\":2,\"name\":\"Product\",\"item\":\"https:\/\/www.yoroow.com\/product\/\"},{\"@type\":\"ListItem\",\"position\":3,\"name\":\"Modern Single Lever Zinc Faucet Thermostatic Basin Mixer Tap for Bathroom Single Hole Mount Wholesale Available\"}]},{\"@type\":\"WebSite\",\"@id\":\"https:\/\/www.yoroow.com\/fr\/#website\",\"url\":\"https:\/\/www.yoroow.com\/fr\/\",\"name\":\"YOROOW\",\"description\":\"\",\"publisher\":{\"@id\":\"https:\/\/www.yoroow.com\/fr\/#organization\"},\"potentialAction\":[{\"@type\":\"SearchAction\",\"target\":{\"@type\":\"EntryPoint\",\"urlTemplate\":\"https:\/\/www.yoroow.com\/fr\/?s={search_term_string}\"},\"query-input\":{\"@type\":\"PropertyValueSpecification\",\"valueRequired\":true,\"valueName\":\"search_term_string\"}}],\"inLanguage\":\"fr-FR\"},{\"@type\":\"Organization\",\"@id\":\"https:\/\/www.yoroow.com\/fr\/#organization\",\"name\":\"YOROOW\",\"url\":\"https:\/\/www.yoroow.com\/fr\/\",\"logo\":{\"@type\":\"ImageObject\",\"inLanguage\":\"fr-FR\",\"@id\":\"https:\/\/www.yoroow.com\/fr\/#\/schema\/logo\/image\/\",\"url\":\"https:\/\/www.yoroow.com\/wp-content\/uploads\/2024\/12\/2024123007131061.png\",\"contentUrl\":\"https:\/\/www.yoroow.com\/wp-content\/uploads\/2024\/12\/2024123007131061.png\",\"width\":168,\"height\":27,\"caption\":\"YOROOW\"},\"image\":{\"@id\":\"https:\/\/www.yoroow.com\/fr\/#\/schema\/logo\/image\/\"},\"sameAs\":[\"https:\/\/www.facebook.com\/people\/yoroowfaucetfactory\/61564236752362\/\"]}]}<\/script>\n<!-- \/ Yoast SEO Premium plugin. -->","yoast_head_json":{"title":"Modern Single Lever Zinc Faucet Thermostatic Basin Mixer Tap for Bathroom Single Hole Mount Wholesale Available - YOROOW","description":"Modern zinc single lever basin mixer tap with thermostatic function and single-hole mount perfect for wholesale. Chinese factory offers customization and quality assurance for South American and Southeast Asian buyers.","robots":{"index":"index","follow":"follow","max-snippet":"max-snippet:-1","max-image-preview":"max-image-preview:large","max-video-preview":"max-video-preview:-1"},"canonical":"https:\/\/www.yoroow.com\/fr\/detail-du-produit\/robinet-mitigeur-de-lavabo-moderne-monotrou-a-col-haut-chrome-eau-chaude-et-froide-robinet-de-salle-de-bain-en-laiton-cartouche-ceramique\/","og_locale":"fr_FR","og_type":"article","og_title":"Modern Single Lever Zinc Faucet Thermostatic Basin Mixer Tap for Bathroom Single Hole Mount Wholesale Available","og_description":"Modern zinc single lever basin mixer tap with thermostatic function and single-hole mount perfect for wholesale. Chinese factory offers customization and quality assurance for South American and Southeast Asian buyers.","og_url":"https:\/\/www.yoroow.com\/fr\/detail-du-produit\/robinet-mitigeur-de-lavabo-moderne-monotrou-a-col-haut-chrome-eau-chaude-et-froide-robinet-de-salle-de-bain-en-laiton-cartouche-ceramique\/","og_site_name":"YOROOW","article_publisher":"https:\/\/www.facebook.com\/people\/yoroowfaucetfactory\/61564236752362\/","article_modified_time":"2025-05-16T01:26:17+00:00","og_image":[{"width":893,"height":893,"url":"https:\/\/www.yoroow.com\/wp-content\/uploads\/2025\/02\/7014C-084P.jpg","type":"image\/jpeg"}],"twitter_card":"summary_large_image","twitter_misc":{"Dur\u00e9e de lecture estim\u00e9e":"1 minute"},"schema":{"@context":"https:\/\/schema.org","@graph":[{"@type":"WebPage","@id":"https:\/\/www.yoroow.com\/fr\/detail-du-produit\/robinet-mitigeur-de-lavabo-moderne-monotrou-a-col-haut-chrome-eau-chaude-et-froide-robinet-de-salle-de-bain-en-laiton-cartouche-ceramique\/","url":"https:\/\/www.yoroow.com\/fr\/detail-du-produit\/robinet-mitigeur-de-lavabo-moderne-monotrou-a-col-haut-chrome-eau-chaude-et-froide-robinet-de-salle-de-bain-en-laiton-cartouche-ceramique\/","name":"Modern Single Lever Zinc Faucet Thermostatic Basin Mixer Tap for Bathroom Single Hole Mount Wholesale Available - YOROOW","isPartOf":{"@id":"https:\/\/www.yoroow.com\/fr\/#website"},"primaryImageOfPage":{"@id":"https:\/\/www.yoroow.com\/fr\/detail-du-produit\/robinet-mitigeur-de-lavabo-moderne-monotrou-a-col-haut-chrome-eau-chaude-et-froide-robinet-de-salle-de-bain-en-laiton-cartouche-ceramique\/#primaryimage"},"image":{"@id":"https:\/\/www.yoroow.com\/fr\/detail-du-produit\/robinet-mitigeur-de-lavabo-moderne-monotrou-a-col-haut-chrome-eau-chaude-et-froide-robinet-de-salle-de-bain-en-laiton-cartouche-ceramique\/#primaryimage"},"thumbnailUrl":"https:\/\/www.yoroow.com\/wp-content\/uploads\/2025\/02\/7014C-084P.jpg","datePublished":"2025-02-21T01:27:33+00:00","dateModified":"2025-05-16T01:26:17+00:00","description":"Modern zinc single lever basin mixer tap with thermostatic function and single-hole mount perfect for wholesale. Chinese factory offers customization and quality assurance for South American and Southeast Asian buyers.","breadcrumb":{"@id":"https:\/\/www.yoroow.com\/fr\/detail-du-produit\/robinet-mitigeur-de-lavabo-moderne-monotrou-a-col-haut-chrome-eau-chaude-et-froide-robinet-de-salle-de-bain-en-laiton-cartouche-ceramique\/#breadcrumb"},"inLanguage":"fr-FR","potentialAction":[{"@type":"ReadAction","target":["https:\/\/www.yoroow.com\/fr\/detail-du-produit\/robinet-mitigeur-de-lavabo-moderne-monotrou-a-col-haut-chrome-eau-chaude-et-froide-robinet-de-salle-de-bain-en-laiton-cartouche-ceramique\/"]}]},{"@type":"ImageObject","inLanguage":"fr-FR","@id":"https:\/\/www.yoroow.com\/fr\/detail-du-produit\/robinet-mitigeur-de-lavabo-moderne-monotrou-a-col-haut-chrome-eau-chaude-et-froide-robinet-de-salle-de-bain-en-laiton-cartouche-ceramique\/#primaryimage","url":"https:\/\/www.yoroow.com\/wp-content\/uploads\/2025\/02\/7014C-084P.jpg","contentUrl":"https:\/\/www.yoroow.com\/wp-content\/uploads\/2025\/02\/7014C-084P.jpg","width":893,"height":893,"caption":"Good Quality Single-Handle Chrome Basin Faucet Thermostatic Zinc Material Single-Hole Mount Bathroom Wash Hand Mixer Faucet"},{"@type":"BreadcrumbList","@id":"https:\/\/www.yoroow.com\/fr\/detail-du-produit\/robinet-mitigeur-de-lavabo-moderne-monotrou-a-col-haut-chrome-eau-chaude-et-froide-robinet-de-salle-de-bain-en-laiton-cartouche-ceramique\/#breadcrumb","itemListElement":[{"@type":"ListItem","position":1,"name":"home","item":"https:\/\/www.yoroow.com\/"},{"@type":"ListItem","position":2,"name":"Product","item":"https:\/\/www.yoroow.com\/product\/"},{"@type":"ListItem","position":3,"name":"Modern Single Lever Zinc Faucet Thermostatic Basin Mixer Tap for Bathroom Single Hole Mount Wholesale Available"}]},{"@type":"WebSite","@id":"https:\/\/www.yoroow.com\/fr\/#website","url":"https:\/\/www.yoroow.com\/fr\/","name":"YOROOW","description":"","publisher":{"@id":"https:\/\/www.yoroow.com\/fr\/#organization"},"potentialAction":[{"@type":"SearchAction","target":{"@type":"EntryPoint","urlTemplate":"https:\/\/www.yoroow.com\/fr\/?s={search_term_string}"},"query-input":{"@type":"PropertyValueSpecification","valueRequired":true,"valueName":"search_term_string"}}],"inLanguage":"fr-FR"},{"@type":"Organization","@id":"https:\/\/www.yoroow.com\/fr\/#organization","name":"YOROOW","url":"https:\/\/www.yoroow.com\/fr\/","logo":{"@type":"ImageObject","inLanguage":"fr-FR","@id":"https:\/\/www.yoroow.com\/fr\/#\/schema\/logo\/image\/","url":"https:\/\/www.yoroow.com\/wp-content\/uploads\/2024\/12\/2024123007131061.png","contentUrl":"https:\/\/www.yoroow.com\/wp-content\/uploads\/2024\/12\/2024123007131061.png","width":168,"height":27,"caption":"YOROOW"},"image":{"@id":"https:\/\/www.yoroow.com\/fr\/#\/schema\/logo\/image\/"},"sameAs":["https:\/\/www.facebook.com\/people\/yoroowfaucetfactory\/61564236752362\/"]}]}},"_links":{"self":[{"href":"https:\/\/www.yoroow.com\/fr\/wp-json\/wp\/v2\/product\/11705","targetHints":{"allow":["GET"]}}],"collection":[{"href":"https:\/\/www.yoroow.com\/fr\/wp-json\/wp\/v2\/product"}],"about":[{"href":"https:\/\/www.yoroow.com\/fr\/wp-json\/wp\/v2\/types\/product"}],"wp:featuredmedia":[{"embeddable":true,"href":"https:\/\/www.yoroow.com\/fr\/wp-json\/wp\/v2\/media\/11687"}],"wp:attachment":[{"href":"https:\/\/www.yoroow.com\/fr\/wp-json\/wp\/v2\/media?parent=11705"}],"wp:term":[{"taxonomy":"product_brand","embeddable":true,"href":"https:\/\/www.yoroow.com\/fr\/wp-json\/wp\/v2\/product_brand?post=11705"},{"taxonomy":"product_cat","embeddable":true,"href":"https:\/\/www.yoroow.com\/fr\/wp-json\/wp\/v2\/product_cat?post=11705"},{"taxonomy":"product_tag","embeddable":true,"href":"https:\/\/www.yoroow.com\/fr\/wp-json\/wp\/v2\/product_tag?post=11705"}],"curies":[{"name":"wp","href":"https:\/\/api.w.org\/{rel}","templated":true}]}}