{"id":11615,"date":"2025-02-20T16:56:01","date_gmt":"2025-02-20T08:56:01","guid":{"rendered":"https:\/\/www.yoroow.com\/?post_type=product&#038;p=11615"},"modified":"2025-05-16T09:25:37","modified_gmt":"2025-05-16T01:25:37","slug":"nouveau-robinet-de-cuisine-pour-hotel-appartement-robinet-de-cuisine-robinetterie-economique","status":"publish","type":"product","link":"https:\/\/www.yoroow.com\/fr\/detail-du-produit\/nouveau-robinet-de-cuisine-pour-hotel-appartement-robinet-de-cuisine-robinetterie-economique\/","title":{"rendered":"Robinet de cuisine antique simple et froid avec bras long Robinet de cuisine pour h\u00f4tels et appartements Robinetterie \u00e9l\u00e9gante"},"content":{"rendered":"<p>Le robinet de cuisine simple froid antique avec un long bras est un robinet d'inspiration vintage con\u00e7u pour les cuisines d'h\u00f4tels et d'appartements. Fabriqu\u00e9 en laiton de haute qualit\u00e9 et dot\u00e9 d'un rev\u00eatement antique, il ajoute un charme intemporel aux cuisines traditionnelles ou rustiques. Le long bras assure la flexibilit\u00e9 et la facilit\u00e9 d'utilisation, id\u00e9al pour les grands \u00e9viers ou les zones n\u00e9cessitant une grande port\u00e9e. Fabriqu\u00e9 en Chine, ce robinet b\u00e9n\u00e9ficie des techniques de production avanc\u00e9es de YOROOW, garantissant \u00e0 la fois beaut\u00e9 et durabilit\u00e9. Ce robinet gagne en popularit\u00e9 sur les march\u00e9s d'Am\u00e9rique du Sud et d'Asie du Sud-Est, o\u00f9 les designs vintage et classiques sont de plus en plus recherch\u00e9s pour leur esth\u00e9tique unique.<\/p>","protected":false},"excerpt":{"rendered":"<p>Le robinet de cuisine simple froid antique avec un long bras est un robinet d'inspiration vintage con\u00e7u pour les cuisines d'h\u00f4tels et d'appartements. Fabriqu\u00e9 en laiton de haute qualit\u00e9 et dot\u00e9 d'un rev\u00eatement antique, il ajoute un charme intemporel aux cuisines traditionnelles ou rustiques. Le long bras assure flexibilit\u00e9 et facilit\u00e9 d'utilisation, id\u00e9al pour les grands \u00e9viers ou...<\/p>","protected":false},"featured_media":11541,"template":"","meta":{"_acf_changed":false,"_kad_post_transparent":"default","_kad_post_title":"","_kad_post_layout":"default","_kad_post_sidebar_id":"","_kad_post_content_style":"default","_kad_post_vertical_padding":"default","_kad_post_feature":"","_kad_post_feature_position":"","_kad_post_header":false,"_kad_post_footer":false},"product_brand":[],"product_cat":[221,1535],"product_tag":[3196,3270],"class_list":{"0":"post-11615","1":"product","2":"type-product","3":"status-publish","4":"has-post-thumbnail","6":"product_cat-single-cold-kitchen-faucet-kitchen-faucet","7":"product_cat-052aseries","8":"product_tag-antique-kitchen-faucet","9":"product_tag-long-arm-kitchen-faucet","11":"first","12":"instock","13":"shipping-taxable","14":"purchasable","15":"product-type-variable","16":"wvs-archive-product-wrapper","17":"entry","18":"content-bg","19":"loop-entry"},"acf":[],"yoast_head":"<!-- This site is optimized with the Yoast SEO Premium plugin v25.4 (Yoast SEO v27.0) - https:\/\/yoast.com\/product\/yoast-seo-premium-wordpress\/ -->\n<title>Antique Single Cold Kitchen Faucet with Long Arm Kitchen Tap for Hotels &amp; Apartments Elegant Faucet Taps - YOROOW<\/title>\n<meta name=\"description\" content=\"Antique single cold kitchen faucet with extended arm design suited for hotel and apartment use. Chinese manufacturer ensures durability and compliance for export markets in Latin America and Southeast Asia.\" \/>\n<meta name=\"robots\" content=\"index, follow, max-snippet:-1, max-image-preview:large, max-video-preview:-1\" \/>\n<link rel=\"canonical\" href=\"https:\/\/www.yoroow.com\/fr\/detail-du-produit\/nouveau-robinet-de-cuisine-pour-hotel-appartement-robinet-de-cuisine-robinetterie-economique\/\" \/>\n<meta property=\"og:locale\" content=\"fr_FR\" \/>\n<meta property=\"og:type\" content=\"article\" \/>\n<meta property=\"og:title\" content=\"Antique Single Cold Kitchen Faucet with Long Arm Kitchen Tap for Hotels &amp; Apartments Elegant Faucet Taps\" \/>\n<meta property=\"og:description\" content=\"Antique single cold kitchen faucet with extended arm design suited for hotel and apartment use. Chinese manufacturer ensures durability and compliance for export markets in Latin America and Southeast Asia.\" \/>\n<meta property=\"og:url\" content=\"https:\/\/www.yoroow.com\/fr\/detail-du-produit\/nouveau-robinet-de-cuisine-pour-hotel-appartement-robinet-de-cuisine-robinetterie-economique\/\" \/>\n<meta property=\"og:site_name\" content=\"YOROOW\" \/>\n<meta property=\"article:publisher\" content=\"https:\/\/www.facebook.com\/people\/yoroowfaucetfactory\/61564236752362\/\" \/>\n<meta property=\"article:modified_time\" content=\"2025-05-16T01:25:37+00:00\" \/>\n<meta property=\"og:image\" content=\"https:\/\/www.yoroow.com\/wp-content\/uploads\/2025\/02\/6-2.jpg\" \/>\n\t<meta property=\"og:image:width\" content=\"654\" \/>\n\t<meta property=\"og:image:height\" content=\"654\" \/>\n\t<meta property=\"og:image:type\" content=\"image\/jpeg\" \/>\n<meta name=\"twitter:card\" content=\"summary_large_image\" \/>\n<meta name=\"twitter:label1\" content=\"Dur\u00e9e de lecture estim\u00e9e\" \/>\n\t<meta name=\"twitter:data1\" content=\"1 minute\" \/>\n<script type=\"application\/ld+json\" class=\"yoast-schema-graph\">{\"@context\":\"https:\/\/schema.org\",\"@graph\":[{\"@type\":\"WebPage\",\"@id\":\"https:\/\/www.yoroow.com\/fr\/detail-du-produit\/nouveau-robinet-de-cuisine-pour-hotel-appartement-robinet-de-cuisine-robinetterie-economique\/\",\"url\":\"https:\/\/www.yoroow.com\/fr\/detail-du-produit\/nouveau-robinet-de-cuisine-pour-hotel-appartement-robinet-de-cuisine-robinetterie-economique\/\",\"name\":\"Antique Single Cold Kitchen Faucet with Long Arm Kitchen Tap for Hotels & Apartments Elegant Faucet Taps - YOROOW\",\"isPartOf\":{\"@id\":\"https:\/\/www.yoroow.com\/fr\/#website\"},\"primaryImageOfPage\":{\"@id\":\"https:\/\/www.yoroow.com\/fr\/detail-du-produit\/nouveau-robinet-de-cuisine-pour-hotel-appartement-robinet-de-cuisine-robinetterie-economique\/#primaryimage\"},\"image\":{\"@id\":\"https:\/\/www.yoroow.com\/fr\/detail-du-produit\/nouveau-robinet-de-cuisine-pour-hotel-appartement-robinet-de-cuisine-robinetterie-economique\/#primaryimage\"},\"thumbnailUrl\":\"https:\/\/www.yoroow.com\/wp-content\/uploads\/2025\/02\/6-2.jpg\",\"datePublished\":\"2025-02-20T08:56:01+00:00\",\"dateModified\":\"2025-05-16T01:25:37+00:00\",\"description\":\"Antique single cold kitchen faucet with extended arm design suited for hotel and apartment use. Chinese manufacturer ensures durability and compliance for export markets in Latin America and Southeast Asia.\",\"breadcrumb\":{\"@id\":\"https:\/\/www.yoroow.com\/fr\/detail-du-produit\/nouveau-robinet-de-cuisine-pour-hotel-appartement-robinet-de-cuisine-robinetterie-economique\/#breadcrumb\"},\"inLanguage\":\"fr-FR\",\"potentialAction\":[{\"@type\":\"ReadAction\",\"target\":[\"https:\/\/www.yoroow.com\/fr\/detail-du-produit\/nouveau-robinet-de-cuisine-pour-hotel-appartement-robinet-de-cuisine-robinetterie-economique\/\"]}]},{\"@type\":\"ImageObject\",\"inLanguage\":\"fr-FR\",\"@id\":\"https:\/\/www.yoroow.com\/fr\/detail-du-produit\/nouveau-robinet-de-cuisine-pour-hotel-appartement-robinet-de-cuisine-robinetterie-economique\/#primaryimage\",\"url\":\"https:\/\/www.yoroow.com\/wp-content\/uploads\/2025\/02\/6-2.jpg\",\"contentUrl\":\"https:\/\/www.yoroow.com\/wp-content\/uploads\/2025\/02\/6-2.jpg\",\"width\":654,\"height\":654,\"caption\":\"Best Selling Wall Mounted Single Lever Kitchen Tap Commercial Kitchen Faucet with Zinc Sink Single Cold Gourmet Faucet\"},{\"@type\":\"BreadcrumbList\",\"@id\":\"https:\/\/www.yoroow.com\/fr\/detail-du-produit\/nouveau-robinet-de-cuisine-pour-hotel-appartement-robinet-de-cuisine-robinetterie-economique\/#breadcrumb\",\"itemListElement\":[{\"@type\":\"ListItem\",\"position\":1,\"name\":\"home\",\"item\":\"https:\/\/www.yoroow.com\/\"},{\"@type\":\"ListItem\",\"position\":2,\"name\":\"Product\",\"item\":\"https:\/\/www.yoroow.com\/product\/\"},{\"@type\":\"ListItem\",\"position\":3,\"name\":\"Antique Single Cold Kitchen Faucet with Long Arm Kitchen Tap for Hotels &#038; Apartments Elegant Faucet Taps\"}]},{\"@type\":\"WebSite\",\"@id\":\"https:\/\/www.yoroow.com\/fr\/#website\",\"url\":\"https:\/\/www.yoroow.com\/fr\/\",\"name\":\"YOROOW\",\"description\":\"\",\"publisher\":{\"@id\":\"https:\/\/www.yoroow.com\/fr\/#organization\"},\"potentialAction\":[{\"@type\":\"SearchAction\",\"target\":{\"@type\":\"EntryPoint\",\"urlTemplate\":\"https:\/\/www.yoroow.com\/fr\/?s={search_term_string}\"},\"query-input\":{\"@type\":\"PropertyValueSpecification\",\"valueRequired\":true,\"valueName\":\"search_term_string\"}}],\"inLanguage\":\"fr-FR\"},{\"@type\":\"Organization\",\"@id\":\"https:\/\/www.yoroow.com\/fr\/#organization\",\"name\":\"YOROOW\",\"url\":\"https:\/\/www.yoroow.com\/fr\/\",\"logo\":{\"@type\":\"ImageObject\",\"inLanguage\":\"fr-FR\",\"@id\":\"https:\/\/www.yoroow.com\/fr\/#\/schema\/logo\/image\/\",\"url\":\"https:\/\/www.yoroow.com\/wp-content\/uploads\/2024\/12\/2024123007131061.png\",\"contentUrl\":\"https:\/\/www.yoroow.com\/wp-content\/uploads\/2024\/12\/2024123007131061.png\",\"width\":168,\"height\":27,\"caption\":\"YOROOW\"},\"image\":{\"@id\":\"https:\/\/www.yoroow.com\/fr\/#\/schema\/logo\/image\/\"},\"sameAs\":[\"https:\/\/www.facebook.com\/people\/yoroowfaucetfactory\/61564236752362\/\"]}]}<\/script>\n<!-- \/ Yoast SEO Premium plugin. -->","yoast_head_json":{"title":"Antique Single Cold Kitchen Faucet with Long Arm Kitchen Tap for Hotels & Apartments Elegant Faucet Taps - YOROOW","description":"Antique single cold kitchen faucet with extended arm design suited for hotel and apartment use. Chinese manufacturer ensures durability and compliance for export markets in Latin America and Southeast Asia.","robots":{"index":"index","follow":"follow","max-snippet":"max-snippet:-1","max-image-preview":"max-image-preview:large","max-video-preview":"max-video-preview:-1"},"canonical":"https:\/\/www.yoroow.com\/fr\/detail-du-produit\/nouveau-robinet-de-cuisine-pour-hotel-appartement-robinet-de-cuisine-robinetterie-economique\/","og_locale":"fr_FR","og_type":"article","og_title":"Antique Single Cold Kitchen Faucet with Long Arm Kitchen Tap for Hotels & Apartments Elegant Faucet Taps","og_description":"Antique single cold kitchen faucet with extended arm design suited for hotel and apartment use. Chinese manufacturer ensures durability and compliance for export markets in Latin America and Southeast Asia.","og_url":"https:\/\/www.yoroow.com\/fr\/detail-du-produit\/nouveau-robinet-de-cuisine-pour-hotel-appartement-robinet-de-cuisine-robinetterie-economique\/","og_site_name":"YOROOW","article_publisher":"https:\/\/www.facebook.com\/people\/yoroowfaucetfactory\/61564236752362\/","article_modified_time":"2025-05-16T01:25:37+00:00","og_image":[{"width":654,"height":654,"url":"https:\/\/www.yoroow.com\/wp-content\/uploads\/2025\/02\/6-2.jpg","type":"image\/jpeg"}],"twitter_card":"summary_large_image","twitter_misc":{"Dur\u00e9e de lecture estim\u00e9e":"1 minute"},"schema":{"@context":"https:\/\/schema.org","@graph":[{"@type":"WebPage","@id":"https:\/\/www.yoroow.com\/fr\/detail-du-produit\/nouveau-robinet-de-cuisine-pour-hotel-appartement-robinet-de-cuisine-robinetterie-economique\/","url":"https:\/\/www.yoroow.com\/fr\/detail-du-produit\/nouveau-robinet-de-cuisine-pour-hotel-appartement-robinet-de-cuisine-robinetterie-economique\/","name":"Antique Single Cold Kitchen Faucet with Long Arm Kitchen Tap for Hotels & Apartments Elegant Faucet Taps - YOROOW","isPartOf":{"@id":"https:\/\/www.yoroow.com\/fr\/#website"},"primaryImageOfPage":{"@id":"https:\/\/www.yoroow.com\/fr\/detail-du-produit\/nouveau-robinet-de-cuisine-pour-hotel-appartement-robinet-de-cuisine-robinetterie-economique\/#primaryimage"},"image":{"@id":"https:\/\/www.yoroow.com\/fr\/detail-du-produit\/nouveau-robinet-de-cuisine-pour-hotel-appartement-robinet-de-cuisine-robinetterie-economique\/#primaryimage"},"thumbnailUrl":"https:\/\/www.yoroow.com\/wp-content\/uploads\/2025\/02\/6-2.jpg","datePublished":"2025-02-20T08:56:01+00:00","dateModified":"2025-05-16T01:25:37+00:00","description":"Antique single cold kitchen faucet with extended arm design suited for hotel and apartment use. Chinese manufacturer ensures durability and compliance for export markets in Latin America and Southeast Asia.","breadcrumb":{"@id":"https:\/\/www.yoroow.com\/fr\/detail-du-produit\/nouveau-robinet-de-cuisine-pour-hotel-appartement-robinet-de-cuisine-robinetterie-economique\/#breadcrumb"},"inLanguage":"fr-FR","potentialAction":[{"@type":"ReadAction","target":["https:\/\/www.yoroow.com\/fr\/detail-du-produit\/nouveau-robinet-de-cuisine-pour-hotel-appartement-robinet-de-cuisine-robinetterie-economique\/"]}]},{"@type":"ImageObject","inLanguage":"fr-FR","@id":"https:\/\/www.yoroow.com\/fr\/detail-du-produit\/nouveau-robinet-de-cuisine-pour-hotel-appartement-robinet-de-cuisine-robinetterie-economique\/#primaryimage","url":"https:\/\/www.yoroow.com\/wp-content\/uploads\/2025\/02\/6-2.jpg","contentUrl":"https:\/\/www.yoroow.com\/wp-content\/uploads\/2025\/02\/6-2.jpg","width":654,"height":654,"caption":"Best Selling Wall Mounted Single Lever Kitchen Tap Commercial Kitchen Faucet with Zinc Sink Single Cold Gourmet Faucet"},{"@type":"BreadcrumbList","@id":"https:\/\/www.yoroow.com\/fr\/detail-du-produit\/nouveau-robinet-de-cuisine-pour-hotel-appartement-robinet-de-cuisine-robinetterie-economique\/#breadcrumb","itemListElement":[{"@type":"ListItem","position":1,"name":"home","item":"https:\/\/www.yoroow.com\/"},{"@type":"ListItem","position":2,"name":"Product","item":"https:\/\/www.yoroow.com\/product\/"},{"@type":"ListItem","position":3,"name":"Antique Single Cold Kitchen Faucet with Long Arm Kitchen Tap for Hotels &#038; Apartments Elegant Faucet Taps"}]},{"@type":"WebSite","@id":"https:\/\/www.yoroow.com\/fr\/#website","url":"https:\/\/www.yoroow.com\/fr\/","name":"YOROOW","description":"","publisher":{"@id":"https:\/\/www.yoroow.com\/fr\/#organization"},"potentialAction":[{"@type":"SearchAction","target":{"@type":"EntryPoint","urlTemplate":"https:\/\/www.yoroow.com\/fr\/?s={search_term_string}"},"query-input":{"@type":"PropertyValueSpecification","valueRequired":true,"valueName":"search_term_string"}}],"inLanguage":"fr-FR"},{"@type":"Organization","@id":"https:\/\/www.yoroow.com\/fr\/#organization","name":"YOROOW","url":"https:\/\/www.yoroow.com\/fr\/","logo":{"@type":"ImageObject","inLanguage":"fr-FR","@id":"https:\/\/www.yoroow.com\/fr\/#\/schema\/logo\/image\/","url":"https:\/\/www.yoroow.com\/wp-content\/uploads\/2024\/12\/2024123007131061.png","contentUrl":"https:\/\/www.yoroow.com\/wp-content\/uploads\/2024\/12\/2024123007131061.png","width":168,"height":27,"caption":"YOROOW"},"image":{"@id":"https:\/\/www.yoroow.com\/fr\/#\/schema\/logo\/image\/"},"sameAs":["https:\/\/www.facebook.com\/people\/yoroowfaucetfactory\/61564236752362\/"]}]}},"_links":{"self":[{"href":"https:\/\/www.yoroow.com\/fr\/wp-json\/wp\/v2\/product\/11615","targetHints":{"allow":["GET"]}}],"collection":[{"href":"https:\/\/www.yoroow.com\/fr\/wp-json\/wp\/v2\/product"}],"about":[{"href":"https:\/\/www.yoroow.com\/fr\/wp-json\/wp\/v2\/types\/product"}],"wp:featuredmedia":[{"embeddable":true,"href":"https:\/\/www.yoroow.com\/fr\/wp-json\/wp\/v2\/media\/11541"}],"wp:attachment":[{"href":"https:\/\/www.yoroow.com\/fr\/wp-json\/wp\/v2\/media?parent=11615"}],"wp:term":[{"taxonomy":"product_brand","embeddable":true,"href":"https:\/\/www.yoroow.com\/fr\/wp-json\/wp\/v2\/product_brand?post=11615"},{"taxonomy":"product_cat","embeddable":true,"href":"https:\/\/www.yoroow.com\/fr\/wp-json\/wp\/v2\/product_cat?post=11615"},{"taxonomy":"product_tag","embeddable":true,"href":"https:\/\/www.yoroow.com\/fr\/wp-json\/wp\/v2\/product_tag?post=11615"}],"curies":[{"name":"wp","href":"https:\/\/api.w.org\/{rel}","templated":true}]}}