{"id":10312,"date":"2025-02-14T17:43:32","date_gmt":"2025-02-14T09:43:32","guid":{"rendered":"https:\/\/www.yoroow.com\/?post_type=product&#038;p=10312"},"modified":"2025-05-16T09:21:46","modified_gmt":"2025-05-16T01:21:46","slug":"yoroow-robinet-de-lavabo-eau-froide-simple-poignee-unique-robinet-de-lavabo-chrome-style-moderne-robinet-de-lavabo-en-acier-inoxydable","status":"publish","type":"product","link":"https:\/\/www.yoroow.com\/fr\/detail-du-produit\/yoroow-robinet-de-lavabo-eau-froide-simple-poignee-unique-robinet-de-lavabo-chrome-style-moderne-robinet-de-lavabo-en-acier-inoxydable\/","title":{"rendered":"201 Stainless Steel Royal Style Brass Basin Tap Contemporary Traditional Wash Basin Single Hole Certified for Home Bathroom Use"},"content":{"rendered":"<p>201 Stainless Steel Royal Style Brass Basin Tap Contemporary Traditional Wash Basin Single Hole Certified for Home Bathroom Use est un robinet de haute qualit\u00e9 con\u00e7u pour les espaces utilitaires modernes n\u00e9cessitant des solutions durables et esth\u00e9tiques pour l'eau. Le produit est dot\u00e9 d'un corps r\u00e9sistant \u00e0 la corrosion et d'un contr\u00f4le efficace du d\u00e9bit d'eau. Il est id\u00e9al pour une installation dans les maisons, les h\u00f4tels, les \u00e9coles ou les cuisines commerciales o\u00f9 la performance et la long\u00e9vit\u00e9 sont essentielles. Avec sa finition \u00e9l\u00e9gante et sa forme contemporaine, il s'int\u00e8gre aussi bien dans les int\u00e9rieurs minimalistes que classiques. Notre usine chinoise assure un contr\u00f4le strict de la qualit\u00e9 de chaque unit\u00e9 produite, en s'appuyant sur des \u00e9quipements d'usinage et de polissage de pointe pour garantir des performances constantes. Nous proposons des services OEM\/ODM flexibles, notamment en mati\u00e8re de strat\u00e9gie de marque, de conception d'emballage et de personnalisation des mat\u00e9riaux, afin de r\u00e9pondre aux divers besoins des clients. Ce mod\u00e8le est particuli\u00e8rement appr\u00e9ci\u00e9 sur les march\u00e9s d'Am\u00e9rique du Sud et d'Asie du Sud-Est en raison de son prix comp\u00e9titif, de son apparence \u00e9l\u00e9gante et de sa fonctionnalit\u00e9 fiable, ce qui en fait un choix populaire parmi les distributeurs locaux, les constructeurs et les r\u00e9novateurs. La force de fabrication de YOROOW garantit un d\u00e9lai de production rapide et un approvisionnement stable, m\u00eame pour les commandes de gros volumes. Chaque robinet est soumis \u00e0 des tests rigoureux d'\u00e9tanch\u00e9it\u00e9 et de durabilit\u00e9 avant d'\u00eatre exp\u00e9di\u00e9. Avec plus de dix ans d'exp\u00e9rience dans l'exportation, nous fournissons une assistance multilingue et des services logistiques fiables pour assurer une livraison sans heurt et dans les d\u00e9lais sur les march\u00e9s internationaux.<\/p>","protected":false},"excerpt":{"rendered":"<p>201 Stainless Steel Royal Style Brass Basin Tap Contemporary Traditional Wash Basin Single Hole Certified for Home Bathroom Use est un robinet de haute qualit\u00e9 con\u00e7u pour les espaces utilitaires modernes n\u00e9cessitant des solutions durables et esth\u00e9tiques pour l'eau. Le produit est dot\u00e9 d'un corps r\u00e9sistant \u00e0 la corrosion et d'un contr\u00f4le efficace du d\u00e9bit d'eau. Il est id\u00e9al pour une installation dans les maisons, les h\u00f4tels, les \u00e9coles ou...<\/p>","protected":false},"featured_media":10464,"template":"","meta":{"_acf_changed":false,"_kad_post_transparent":"default","_kad_post_title":"","_kad_post_layout":"default","_kad_post_sidebar_id":"","_kad_post_content_style":"default","_kad_post_vertical_padding":"default","_kad_post_feature":"","_kad_post_feature_position":"","_kad_post_header":false,"_kad_post_footer":false},"product_brand":[],"product_cat":[219],"product_tag":[3427,3499],"class_list":{"0":"post-10312","1":"product","2":"type-product","3":"status-publish","4":"has-post-thumbnail","6":"product_cat-single-cold-basin-faucet","7":"product_tag-brass-basin-tap","8":"product_tag-royal-wash-basin-tap","10":"first","11":"instock","12":"shipping-taxable","13":"purchasable","14":"product-type-variable","15":"wvs-archive-product-wrapper","16":"entry","17":"content-bg","18":"loop-entry"},"acf":[],"yoast_head":"<!-- This site is optimized with the Yoast SEO Premium plugin v25.4 (Yoast SEO v27.0) - https:\/\/yoast.com\/product\/yoast-seo-premium-wordpress\/ -->\n<title>201 Stainless Steel Royal Style Brass Basin Tap Contemporary Traditional Wash Basin Single Hole Certified for Home Bathroom Use - YOROOW<\/title>\n<meta name=\"description\" content=\"Luxury single cold basin faucet made of brass zinc alloy with ceramic valve core. Suitable for villas and apartments. Factory direct export to South America and Southeast Asia.\" \/>\n<meta name=\"robots\" content=\"index, follow, max-snippet:-1, max-image-preview:large, max-video-preview:-1\" \/>\n<link rel=\"canonical\" href=\"https:\/\/www.yoroow.com\/fr\/detail-du-produit\/yoroow-robinet-de-lavabo-eau-froide-simple-poignee-unique-robinet-de-lavabo-chrome-style-moderne-robinet-de-lavabo-en-acier-inoxydable\/\" \/>\n<meta property=\"og:locale\" content=\"fr_FR\" \/>\n<meta property=\"og:type\" content=\"article\" \/>\n<meta property=\"og:title\" content=\"201 Stainless Steel Royal Style Brass Basin Tap Contemporary Traditional Wash Basin Single Hole Certified for Home Bathroom Use\" \/>\n<meta property=\"og:description\" content=\"Luxury single cold basin faucet made of brass zinc alloy with ceramic valve core. Suitable for villas and apartments. Factory direct export to South America and Southeast Asia.\" \/>\n<meta property=\"og:url\" content=\"https:\/\/www.yoroow.com\/fr\/detail-du-produit\/yoroow-robinet-de-lavabo-eau-froide-simple-poignee-unique-robinet-de-lavabo-chrome-style-moderne-robinet-de-lavabo-en-acier-inoxydable\/\" \/>\n<meta property=\"og:site_name\" content=\"YOROOW\" \/>\n<meta property=\"article:publisher\" content=\"https:\/\/www.facebook.com\/people\/yoroowfaucetfactory\/61564236752362\/\" \/>\n<meta property=\"article:modified_time\" content=\"2025-05-16T01:21:46+00:00\" \/>\n<meta property=\"og:image\" content=\"https:\/\/www.yoroow.com\/wp-content\/uploads\/2025\/02\/\u5fae\u4fe1\u56fe\u7247_20210805101931.jpg\" \/>\n\t<meta property=\"og:image:width\" content=\"800\" \/>\n\t<meta property=\"og:image:height\" content=\"800\" \/>\n\t<meta property=\"og:image:type\" content=\"image\/jpeg\" \/>\n<meta name=\"twitter:card\" content=\"summary_large_image\" \/>\n<meta name=\"twitter:label1\" content=\"Dur\u00e9e de lecture estim\u00e9e\" \/>\n\t<meta name=\"twitter:data1\" content=\"3 minutes\" \/>\n<script type=\"application\/ld+json\" class=\"yoast-schema-graph\">{\"@context\":\"https:\/\/schema.org\",\"@graph\":[{\"@type\":\"WebPage\",\"@id\":\"https:\/\/www.yoroow.com\/fr\/detail-du-produit\/yoroow-robinet-de-lavabo-eau-froide-simple-poignee-unique-robinet-de-lavabo-chrome-style-moderne-robinet-de-lavabo-en-acier-inoxydable\/\",\"url\":\"https:\/\/www.yoroow.com\/fr\/detail-du-produit\/yoroow-robinet-de-lavabo-eau-froide-simple-poignee-unique-robinet-de-lavabo-chrome-style-moderne-robinet-de-lavabo-en-acier-inoxydable\/\",\"name\":\"201 Stainless Steel Royal Style Brass Basin Tap Contemporary Traditional Wash Basin Single Hole Certified for Home Bathroom Use - YOROOW\",\"isPartOf\":{\"@id\":\"https:\/\/www.yoroow.com\/fr\/#website\"},\"primaryImageOfPage\":{\"@id\":\"https:\/\/www.yoroow.com\/fr\/detail-du-produit\/yoroow-robinet-de-lavabo-eau-froide-simple-poignee-unique-robinet-de-lavabo-chrome-style-moderne-robinet-de-lavabo-en-acier-inoxydable\/#primaryimage\"},\"image\":{\"@id\":\"https:\/\/www.yoroow.com\/fr\/detail-du-produit\/yoroow-robinet-de-lavabo-eau-froide-simple-poignee-unique-robinet-de-lavabo-chrome-style-moderne-robinet-de-lavabo-en-acier-inoxydable\/#primaryimage\"},\"thumbnailUrl\":\"https:\/\/www.yoroow.com\/wp-content\/uploads\/2025\/02\/\u5fae\u4fe1\u56fe\u7247_20210805101931.jpg\",\"datePublished\":\"2025-02-14T09:43:32+00:00\",\"dateModified\":\"2025-05-16T01:21:46+00:00\",\"description\":\"Luxury single cold basin faucet made of brass zinc alloy with ceramic valve core. Suitable for villas and apartments. Factory direct export to South America and Southeast Asia.\",\"breadcrumb\":{\"@id\":\"https:\/\/www.yoroow.com\/fr\/detail-du-produit\/yoroow-robinet-de-lavabo-eau-froide-simple-poignee-unique-robinet-de-lavabo-chrome-style-moderne-robinet-de-lavabo-en-acier-inoxydable\/#breadcrumb\"},\"inLanguage\":\"fr-FR\",\"potentialAction\":[{\"@type\":\"ReadAction\",\"target\":[\"https:\/\/www.yoroow.com\/fr\/detail-du-produit\/yoroow-robinet-de-lavabo-eau-froide-simple-poignee-unique-robinet-de-lavabo-chrome-style-moderne-robinet-de-lavabo-en-acier-inoxydable\/\"]}]},{\"@type\":\"ImageObject\",\"inLanguage\":\"fr-FR\",\"@id\":\"https:\/\/www.yoroow.com\/fr\/detail-du-produit\/yoroow-robinet-de-lavabo-eau-froide-simple-poignee-unique-robinet-de-lavabo-chrome-style-moderne-robinet-de-lavabo-en-acier-inoxydable\/#primaryimage\",\"url\":\"https:\/\/www.yoroow.com\/wp-content\/uploads\/2025\/02\/\u5fae\u4fe1\u56fe\u7247_20210805101931.jpg\",\"contentUrl\":\"https:\/\/www.yoroow.com\/wp-content\/uploads\/2025\/02\/\u5fae\u4fe1\u56fe\u7247_20210805101931.jpg\",\"width\":800,\"height\":800,\"caption\":\"201 Stainless Steel Royal Style Brass Basin Tap Contemporary Traditional Wash Basin Single Hole Certified for Home Bathroom Use\"},{\"@type\":\"BreadcrumbList\",\"@id\":\"https:\/\/www.yoroow.com\/fr\/detail-du-produit\/yoroow-robinet-de-lavabo-eau-froide-simple-poignee-unique-robinet-de-lavabo-chrome-style-moderne-robinet-de-lavabo-en-acier-inoxydable\/#breadcrumb\",\"itemListElement\":[{\"@type\":\"ListItem\",\"position\":1,\"name\":\"home\",\"item\":\"https:\/\/www.yoroow.com\/\"},{\"@type\":\"ListItem\",\"position\":2,\"name\":\"Product\",\"item\":\"https:\/\/www.yoroow.com\/product\/\"},{\"@type\":\"ListItem\",\"position\":3,\"name\":\"201 Stainless Steel Royal Style Brass Basin Tap Contemporary Traditional Wash Basin Single Hole Certified for Home Bathroom Use\"}]},{\"@type\":\"WebSite\",\"@id\":\"https:\/\/www.yoroow.com\/fr\/#website\",\"url\":\"https:\/\/www.yoroow.com\/fr\/\",\"name\":\"YOROOW\",\"description\":\"\",\"publisher\":{\"@id\":\"https:\/\/www.yoroow.com\/fr\/#organization\"},\"potentialAction\":[{\"@type\":\"SearchAction\",\"target\":{\"@type\":\"EntryPoint\",\"urlTemplate\":\"https:\/\/www.yoroow.com\/fr\/?s={search_term_string}\"},\"query-input\":{\"@type\":\"PropertyValueSpecification\",\"valueRequired\":true,\"valueName\":\"search_term_string\"}}],\"inLanguage\":\"fr-FR\"},{\"@type\":\"Organization\",\"@id\":\"https:\/\/www.yoroow.com\/fr\/#organization\",\"name\":\"YOROOW\",\"url\":\"https:\/\/www.yoroow.com\/fr\/\",\"logo\":{\"@type\":\"ImageObject\",\"inLanguage\":\"fr-FR\",\"@id\":\"https:\/\/www.yoroow.com\/fr\/#\/schema\/logo\/image\/\",\"url\":\"https:\/\/www.yoroow.com\/wp-content\/uploads\/2024\/12\/2024123007131061.png\",\"contentUrl\":\"https:\/\/www.yoroow.com\/wp-content\/uploads\/2024\/12\/2024123007131061.png\",\"width\":168,\"height\":27,\"caption\":\"YOROOW\"},\"image\":{\"@id\":\"https:\/\/www.yoroow.com\/fr\/#\/schema\/logo\/image\/\"},\"sameAs\":[\"https:\/\/www.facebook.com\/people\/yoroowfaucetfactory\/61564236752362\/\"]}]}<\/script>\n<!-- \/ Yoast SEO Premium plugin. -->","yoast_head_json":{"title":"201 Stainless Steel Royal Style Brass Basin Tap Contemporary Traditional Wash Basin Single Hole Certified for Home Bathroom Use - YOROOW","description":"Luxury single cold basin faucet made of brass zinc alloy with ceramic valve core. Suitable for villas and apartments. Factory direct export to South America and Southeast Asia.","robots":{"index":"index","follow":"follow","max-snippet":"max-snippet:-1","max-image-preview":"max-image-preview:large","max-video-preview":"max-video-preview:-1"},"canonical":"https:\/\/www.yoroow.com\/fr\/detail-du-produit\/yoroow-robinet-de-lavabo-eau-froide-simple-poignee-unique-robinet-de-lavabo-chrome-style-moderne-robinet-de-lavabo-en-acier-inoxydable\/","og_locale":"fr_FR","og_type":"article","og_title":"201 Stainless Steel Royal Style Brass Basin Tap Contemporary Traditional Wash Basin Single Hole Certified for Home Bathroom Use","og_description":"Luxury single cold basin faucet made of brass zinc alloy with ceramic valve core. Suitable for villas and apartments. Factory direct export to South America and Southeast Asia.","og_url":"https:\/\/www.yoroow.com\/fr\/detail-du-produit\/yoroow-robinet-de-lavabo-eau-froide-simple-poignee-unique-robinet-de-lavabo-chrome-style-moderne-robinet-de-lavabo-en-acier-inoxydable\/","og_site_name":"YOROOW","article_publisher":"https:\/\/www.facebook.com\/people\/yoroowfaucetfactory\/61564236752362\/","article_modified_time":"2025-05-16T01:21:46+00:00","og_image":[{"width":800,"height":800,"url":"https:\/\/www.yoroow.com\/wp-content\/uploads\/2025\/02\/\u5fae\u4fe1\u56fe\u7247_20210805101931.jpg","type":"image\/jpeg"}],"twitter_card":"summary_large_image","twitter_misc":{"Dur\u00e9e de lecture estim\u00e9e":"3 minutes"},"schema":{"@context":"https:\/\/schema.org","@graph":[{"@type":"WebPage","@id":"https:\/\/www.yoroow.com\/fr\/detail-du-produit\/yoroow-robinet-de-lavabo-eau-froide-simple-poignee-unique-robinet-de-lavabo-chrome-style-moderne-robinet-de-lavabo-en-acier-inoxydable\/","url":"https:\/\/www.yoroow.com\/fr\/detail-du-produit\/yoroow-robinet-de-lavabo-eau-froide-simple-poignee-unique-robinet-de-lavabo-chrome-style-moderne-robinet-de-lavabo-en-acier-inoxydable\/","name":"201 Stainless Steel Royal Style Brass Basin Tap Contemporary Traditional Wash Basin Single Hole Certified for Home Bathroom Use - YOROOW","isPartOf":{"@id":"https:\/\/www.yoroow.com\/fr\/#website"},"primaryImageOfPage":{"@id":"https:\/\/www.yoroow.com\/fr\/detail-du-produit\/yoroow-robinet-de-lavabo-eau-froide-simple-poignee-unique-robinet-de-lavabo-chrome-style-moderne-robinet-de-lavabo-en-acier-inoxydable\/#primaryimage"},"image":{"@id":"https:\/\/www.yoroow.com\/fr\/detail-du-produit\/yoroow-robinet-de-lavabo-eau-froide-simple-poignee-unique-robinet-de-lavabo-chrome-style-moderne-robinet-de-lavabo-en-acier-inoxydable\/#primaryimage"},"thumbnailUrl":"https:\/\/www.yoroow.com\/wp-content\/uploads\/2025\/02\/\u5fae\u4fe1\u56fe\u7247_20210805101931.jpg","datePublished":"2025-02-14T09:43:32+00:00","dateModified":"2025-05-16T01:21:46+00:00","description":"Luxury single cold basin faucet made of brass zinc alloy with ceramic valve core. Suitable for villas and apartments. Factory direct export to South America and Southeast Asia.","breadcrumb":{"@id":"https:\/\/www.yoroow.com\/fr\/detail-du-produit\/yoroow-robinet-de-lavabo-eau-froide-simple-poignee-unique-robinet-de-lavabo-chrome-style-moderne-robinet-de-lavabo-en-acier-inoxydable\/#breadcrumb"},"inLanguage":"fr-FR","potentialAction":[{"@type":"ReadAction","target":["https:\/\/www.yoroow.com\/fr\/detail-du-produit\/yoroow-robinet-de-lavabo-eau-froide-simple-poignee-unique-robinet-de-lavabo-chrome-style-moderne-robinet-de-lavabo-en-acier-inoxydable\/"]}]},{"@type":"ImageObject","inLanguage":"fr-FR","@id":"https:\/\/www.yoroow.com\/fr\/detail-du-produit\/yoroow-robinet-de-lavabo-eau-froide-simple-poignee-unique-robinet-de-lavabo-chrome-style-moderne-robinet-de-lavabo-en-acier-inoxydable\/#primaryimage","url":"https:\/\/www.yoroow.com\/wp-content\/uploads\/2025\/02\/\u5fae\u4fe1\u56fe\u7247_20210805101931.jpg","contentUrl":"https:\/\/www.yoroow.com\/wp-content\/uploads\/2025\/02\/\u5fae\u4fe1\u56fe\u7247_20210805101931.jpg","width":800,"height":800,"caption":"201 Stainless Steel Royal Style Brass Basin Tap Contemporary Traditional Wash Basin Single Hole Certified for Home Bathroom Use"},{"@type":"BreadcrumbList","@id":"https:\/\/www.yoroow.com\/fr\/detail-du-produit\/yoroow-robinet-de-lavabo-eau-froide-simple-poignee-unique-robinet-de-lavabo-chrome-style-moderne-robinet-de-lavabo-en-acier-inoxydable\/#breadcrumb","itemListElement":[{"@type":"ListItem","position":1,"name":"home","item":"https:\/\/www.yoroow.com\/"},{"@type":"ListItem","position":2,"name":"Product","item":"https:\/\/www.yoroow.com\/product\/"},{"@type":"ListItem","position":3,"name":"201 Stainless Steel Royal Style Brass Basin Tap Contemporary Traditional Wash Basin Single Hole Certified for Home Bathroom Use"}]},{"@type":"WebSite","@id":"https:\/\/www.yoroow.com\/fr\/#website","url":"https:\/\/www.yoroow.com\/fr\/","name":"YOROOW","description":"","publisher":{"@id":"https:\/\/www.yoroow.com\/fr\/#organization"},"potentialAction":[{"@type":"SearchAction","target":{"@type":"EntryPoint","urlTemplate":"https:\/\/www.yoroow.com\/fr\/?s={search_term_string}"},"query-input":{"@type":"PropertyValueSpecification","valueRequired":true,"valueName":"search_term_string"}}],"inLanguage":"fr-FR"},{"@type":"Organization","@id":"https:\/\/www.yoroow.com\/fr\/#organization","name":"YOROOW","url":"https:\/\/www.yoroow.com\/fr\/","logo":{"@type":"ImageObject","inLanguage":"fr-FR","@id":"https:\/\/www.yoroow.com\/fr\/#\/schema\/logo\/image\/","url":"https:\/\/www.yoroow.com\/wp-content\/uploads\/2024\/12\/2024123007131061.png","contentUrl":"https:\/\/www.yoroow.com\/wp-content\/uploads\/2024\/12\/2024123007131061.png","width":168,"height":27,"caption":"YOROOW"},"image":{"@id":"https:\/\/www.yoroow.com\/fr\/#\/schema\/logo\/image\/"},"sameAs":["https:\/\/www.facebook.com\/people\/yoroowfaucetfactory\/61564236752362\/"]}]}},"_links":{"self":[{"href":"https:\/\/www.yoroow.com\/fr\/wp-json\/wp\/v2\/product\/10312","targetHints":{"allow":["GET"]}}],"collection":[{"href":"https:\/\/www.yoroow.com\/fr\/wp-json\/wp\/v2\/product"}],"about":[{"href":"https:\/\/www.yoroow.com\/fr\/wp-json\/wp\/v2\/types\/product"}],"wp:featuredmedia":[{"embeddable":true,"href":"https:\/\/www.yoroow.com\/fr\/wp-json\/wp\/v2\/media\/10464"}],"wp:attachment":[{"href":"https:\/\/www.yoroow.com\/fr\/wp-json\/wp\/v2\/media?parent=10312"}],"wp:term":[{"taxonomy":"product_brand","embeddable":true,"href":"https:\/\/www.yoroow.com\/fr\/wp-json\/wp\/v2\/product_brand?post=10312"},{"taxonomy":"product_cat","embeddable":true,"href":"https:\/\/www.yoroow.com\/fr\/wp-json\/wp\/v2\/product_cat?post=10312"},{"taxonomy":"product_tag","embeddable":true,"href":"https:\/\/www.yoroow.com\/fr\/wp-json\/wp\/v2\/product_tag?post=10312"}],"curies":[{"name":"wp","href":"https:\/\/api.w.org\/{rel}","templated":true}]}}