{"id":10262,"date":"2025-02-14T17:12:07","date_gmt":"2025-02-14T09:12:07","guid":{"rendered":"https:\/\/www.yoroow.com\/?post_type=product&#038;p=10262"},"modified":"2025-05-16T09:21:17","modified_gmt":"2025-05-16T01:21:17","slug":"prix-dusine-materiau-zinc-chrome-mitigeur-de-lavabo-de-salle-de-bain-poignee-unique-robinet-deau-froide-moderne-chrome-robinet-de-lavabo","status":"publish","type":"product","link":"https:\/\/www.yoroow.com\/fr\/detail-du-produit\/prix-dusine-materiau-zinc-chrome-mitigeur-de-lavabo-de-salle-de-bain-poignee-unique-robinet-deau-froide-moderne-chrome-robinet-de-lavabo\/","title":{"rendered":"Chrome Zinc Alloy Single Cold Basin Faucet with Handle Traditional Luxury Style Thermostatic Faucet for Washbasin Hospital Use"},"content":{"rendered":"<p>Le robinet de lavabo froid en alliage de zinc chrom\u00e9 avec poign\u00e9e est un robinet thermostatique traditionnel de luxe pour lavabo \u00e0 usage hospitalier. Il s'agit d'un robinet de haute qualit\u00e9 con\u00e7u pour les espaces utilitaires modernes qui n\u00e9cessitent des solutions durables et esth\u00e9tiques en mati\u00e8re d'eau. Le produit est dot\u00e9 d'un corps r\u00e9sistant \u00e0 la corrosion et d'un contr\u00f4le efficace du d\u00e9bit d'eau. Il est id\u00e9al pour une installation dans les maisons, les h\u00f4tels, les \u00e9coles ou les cuisines commerciales o\u00f9 la performance et la long\u00e9vit\u00e9 sont essentielles. Avec sa finition \u00e9l\u00e9gante et sa forme contemporaine, il s'int\u00e8gre aussi bien dans les int\u00e9rieurs minimalistes que classiques. Notre usine chinoise assure un contr\u00f4le strict de la qualit\u00e9 de chaque unit\u00e9 produite, en s'appuyant sur des \u00e9quipements d'usinage et de polissage de pointe pour garantir des performances constantes. Nous proposons des services OEM\/ODM flexibles, notamment en mati\u00e8re de strat\u00e9gie de marque, de conception d'emballage et de personnalisation des mat\u00e9riaux, afin de r\u00e9pondre aux divers besoins des clients. Ce mod\u00e8le est particuli\u00e8rement appr\u00e9ci\u00e9 sur les march\u00e9s d'Am\u00e9rique du Sud et d'Asie du Sud-Est en raison de son prix comp\u00e9titif, de son apparence \u00e9l\u00e9gante et de sa fonctionnalit\u00e9 fiable, ce qui en fait un choix populaire parmi les distributeurs locaux, les constructeurs et les r\u00e9novateurs. La force de fabrication de YOROOW garantit un d\u00e9lai de production rapide et un approvisionnement stable, m\u00eame pour les commandes de gros volumes. Chaque robinet est soumis \u00e0 des tests rigoureux d'\u00e9tanch\u00e9it\u00e9 et de durabilit\u00e9 avant d'\u00eatre exp\u00e9di\u00e9. Avec plus de dix ans d'exp\u00e9rience dans l'exportation, nous fournissons une assistance multilingue et des services logistiques fiables pour assurer une livraison sans heurt et dans les d\u00e9lais sur les march\u00e9s internationaux.<\/p>","protected":false},"excerpt":{"rendered":"<p>Chrome Zinc Alloy Single Cold Basin Faucet with Handle Traditional Luxury Style Thermostatic Faucet for Washbasin Hospital Use is a high-quality faucet designed for modern utility spaces requiring durable and aesthetic water solutions. The product features a corrosion-resistant body with efficient water flow control. It is ideal for installation in homes, hotels, schools, or commercial&#8230;<\/p>","protected":false},"featured_media":10266,"template":"","meta":{"_acf_changed":false,"_kad_post_transparent":"default","_kad_post_title":"","_kad_post_layout":"default","_kad_post_sidebar_id":"","_kad_post_content_style":"default","_kad_post_vertical_padding":"default","_kad_post_feature":"","_kad_post_feature_position":"","_kad_post_header":false,"_kad_post_footer":false},"product_brand":[],"product_cat":[219],"product_tag":[3441,3422],"class_list":{"0":"post-10262","1":"product","2":"type-product","3":"status-publish","4":"has-post-thumbnail","6":"product_cat-single-cold-basin-faucet","7":"product_tag-basin-faucet-chrome-zinc-alloy","8":"product_tag-zinc-round-handle-basin-tap","10":"first","11":"instock","12":"shipping-taxable","13":"purchasable","14":"product-type-variable","15":"wvs-archive-product-wrapper","16":"entry","17":"content-bg","18":"loop-entry"},"acf":[],"yoast_head":"<!-- This site is optimized with the Yoast SEO Premium plugin v25.4 (Yoast SEO v27.0) - https:\/\/yoast.com\/product\/yoast-seo-premium-wordpress\/ -->\n<title>Chrome Zinc Alloy Single Cold Basin Faucet with Handle Traditional Luxury Style Thermostatic Faucet for Washbasin Hospital Use - YOROOW<\/title>\n<meta name=\"description\" content=\"Chrome zinc alloy single cold basin faucet with handle. Traditional luxury style thermostatic faucet for washbasins and hospitals. Made in China for South American and Southeast Asian markets.\" \/>\n<meta name=\"robots\" content=\"index, follow, max-snippet:-1, max-image-preview:large, max-video-preview:-1\" \/>\n<link rel=\"canonical\" href=\"https:\/\/www.yoroow.com\/fr\/detail-du-produit\/prix-dusine-materiau-zinc-chrome-mitigeur-de-lavabo-de-salle-de-bain-poignee-unique-robinet-deau-froide-moderne-chrome-robinet-de-lavabo\/\" \/>\n<meta property=\"og:locale\" content=\"fr_FR\" \/>\n<meta property=\"og:type\" content=\"article\" \/>\n<meta property=\"og:title\" content=\"Chrome Zinc Alloy Single Cold Basin Faucet with Handle Traditional Luxury Style Thermostatic Faucet for Washbasin Hospital Use\" \/>\n<meta property=\"og:description\" content=\"Chrome zinc alloy single cold basin faucet with handle. Traditional luxury style thermostatic faucet for washbasins and hospitals. Made in China for South American and Southeast Asian markets.\" \/>\n<meta property=\"og:url\" content=\"https:\/\/www.yoroow.com\/fr\/detail-du-produit\/prix-dusine-materiau-zinc-chrome-mitigeur-de-lavabo-de-salle-de-bain-poignee-unique-robinet-deau-froide-moderne-chrome-robinet-de-lavabo\/\" \/>\n<meta property=\"og:site_name\" content=\"YOROOW\" \/>\n<meta property=\"article:publisher\" content=\"https:\/\/www.facebook.com\/people\/yoroowfaucetfactory\/61564236752362\/\" \/>\n<meta property=\"article:modified_time\" content=\"2025-05-16T01:21:17+00:00\" \/>\n<meta property=\"og:image\" content=\"https:\/\/www.yoroow.com\/wp-content\/uploads\/2025\/02\/9088A.jpg\" \/>\n\t<meta property=\"og:image:width\" content=\"521\" \/>\n\t<meta property=\"og:image:height\" content=\"521\" \/>\n\t<meta property=\"og:image:type\" content=\"image\/jpeg\" \/>\n<meta name=\"twitter:card\" content=\"summary_large_image\" \/>\n<meta name=\"twitter:label1\" content=\"Dur\u00e9e de lecture estim\u00e9e\" \/>\n\t<meta name=\"twitter:data1\" content=\"2 minutes\" \/>\n<script type=\"application\/ld+json\" class=\"yoast-schema-graph\">{\"@context\":\"https:\/\/schema.org\",\"@graph\":[{\"@type\":\"WebPage\",\"@id\":\"https:\/\/www.yoroow.com\/fr\/detail-du-produit\/prix-dusine-materiau-zinc-chrome-mitigeur-de-lavabo-de-salle-de-bain-poignee-unique-robinet-deau-froide-moderne-chrome-robinet-de-lavabo\/\",\"url\":\"https:\/\/www.yoroow.com\/fr\/detail-du-produit\/prix-dusine-materiau-zinc-chrome-mitigeur-de-lavabo-de-salle-de-bain-poignee-unique-robinet-deau-froide-moderne-chrome-robinet-de-lavabo\/\",\"name\":\"Chrome Zinc Alloy Single Cold Basin Faucet with Handle Traditional Luxury Style Thermostatic Faucet for Washbasin Hospital Use - YOROOW\",\"isPartOf\":{\"@id\":\"https:\/\/www.yoroow.com\/fr\/#website\"},\"primaryImageOfPage\":{\"@id\":\"https:\/\/www.yoroow.com\/fr\/detail-du-produit\/prix-dusine-materiau-zinc-chrome-mitigeur-de-lavabo-de-salle-de-bain-poignee-unique-robinet-deau-froide-moderne-chrome-robinet-de-lavabo\/#primaryimage\"},\"image\":{\"@id\":\"https:\/\/www.yoroow.com\/fr\/detail-du-produit\/prix-dusine-materiau-zinc-chrome-mitigeur-de-lavabo-de-salle-de-bain-poignee-unique-robinet-deau-froide-moderne-chrome-robinet-de-lavabo\/#primaryimage\"},\"thumbnailUrl\":\"https:\/\/www.yoroow.com\/wp-content\/uploads\/2025\/02\/9088A.jpg\",\"datePublished\":\"2025-02-14T09:12:07+00:00\",\"dateModified\":\"2025-05-16T01:21:17+00:00\",\"description\":\"Chrome zinc alloy single cold basin faucet with handle. Traditional luxury style thermostatic faucet for washbasins and hospitals. Made in China for South American and Southeast Asian markets.\",\"breadcrumb\":{\"@id\":\"https:\/\/www.yoroow.com\/fr\/detail-du-produit\/prix-dusine-materiau-zinc-chrome-mitigeur-de-lavabo-de-salle-de-bain-poignee-unique-robinet-deau-froide-moderne-chrome-robinet-de-lavabo\/#breadcrumb\"},\"inLanguage\":\"fr-FR\",\"potentialAction\":[{\"@type\":\"ReadAction\",\"target\":[\"https:\/\/www.yoroow.com\/fr\/detail-du-produit\/prix-dusine-materiau-zinc-chrome-mitigeur-de-lavabo-de-salle-de-bain-poignee-unique-robinet-deau-froide-moderne-chrome-robinet-de-lavabo\/\"]}]},{\"@type\":\"ImageObject\",\"inLanguage\":\"fr-FR\",\"@id\":\"https:\/\/www.yoroow.com\/fr\/detail-du-produit\/prix-dusine-materiau-zinc-chrome-mitigeur-de-lavabo-de-salle-de-bain-poignee-unique-robinet-deau-froide-moderne-chrome-robinet-de-lavabo\/#primaryimage\",\"url\":\"https:\/\/www.yoroow.com\/wp-content\/uploads\/2025\/02\/9088A.jpg\",\"contentUrl\":\"https:\/\/www.yoroow.com\/wp-content\/uploads\/2025\/02\/9088A.jpg\",\"width\":521,\"height\":521,\"caption\":\"Chrome Zinc Alloy Single Cold Basin Faucet with Handle Traditional Luxury Style Thermostatic Faucet for Washbasin Hospital Use\"},{\"@type\":\"BreadcrumbList\",\"@id\":\"https:\/\/www.yoroow.com\/fr\/detail-du-produit\/prix-dusine-materiau-zinc-chrome-mitigeur-de-lavabo-de-salle-de-bain-poignee-unique-robinet-deau-froide-moderne-chrome-robinet-de-lavabo\/#breadcrumb\",\"itemListElement\":[{\"@type\":\"ListItem\",\"position\":1,\"name\":\"home\",\"item\":\"https:\/\/www.yoroow.com\/\"},{\"@type\":\"ListItem\",\"position\":2,\"name\":\"Product\",\"item\":\"https:\/\/www.yoroow.com\/product\/\"},{\"@type\":\"ListItem\",\"position\":3,\"name\":\"Chrome Zinc Alloy Single Cold Basin Faucet with Handle Traditional Luxury Style Thermostatic Faucet for Washbasin Hospital Use\"}]},{\"@type\":\"WebSite\",\"@id\":\"https:\/\/www.yoroow.com\/fr\/#website\",\"url\":\"https:\/\/www.yoroow.com\/fr\/\",\"name\":\"YOROOW\",\"description\":\"\",\"publisher\":{\"@id\":\"https:\/\/www.yoroow.com\/fr\/#organization\"},\"potentialAction\":[{\"@type\":\"SearchAction\",\"target\":{\"@type\":\"EntryPoint\",\"urlTemplate\":\"https:\/\/www.yoroow.com\/fr\/?s={search_term_string}\"},\"query-input\":{\"@type\":\"PropertyValueSpecification\",\"valueRequired\":true,\"valueName\":\"search_term_string\"}}],\"inLanguage\":\"fr-FR\"},{\"@type\":\"Organization\",\"@id\":\"https:\/\/www.yoroow.com\/fr\/#organization\",\"name\":\"YOROOW\",\"url\":\"https:\/\/www.yoroow.com\/fr\/\",\"logo\":{\"@type\":\"ImageObject\",\"inLanguage\":\"fr-FR\",\"@id\":\"https:\/\/www.yoroow.com\/fr\/#\/schema\/logo\/image\/\",\"url\":\"https:\/\/www.yoroow.com\/wp-content\/uploads\/2024\/12\/2024123007131061.png\",\"contentUrl\":\"https:\/\/www.yoroow.com\/wp-content\/uploads\/2024\/12\/2024123007131061.png\",\"width\":168,\"height\":27,\"caption\":\"YOROOW\"},\"image\":{\"@id\":\"https:\/\/www.yoroow.com\/fr\/#\/schema\/logo\/image\/\"},\"sameAs\":[\"https:\/\/www.facebook.com\/people\/yoroowfaucetfactory\/61564236752362\/\"]}]}<\/script>\n<!-- \/ Yoast SEO Premium plugin. -->","yoast_head_json":{"title":"Chrome Zinc Alloy Single Cold Basin Faucet with Handle Traditional Luxury Style Thermostatic Faucet for Washbasin Hospital Use - YOROOW","description":"Chrome zinc alloy single cold basin faucet with handle. Traditional luxury style thermostatic faucet for washbasins and hospitals. Made in China for South American and Southeast Asian markets.","robots":{"index":"index","follow":"follow","max-snippet":"max-snippet:-1","max-image-preview":"max-image-preview:large","max-video-preview":"max-video-preview:-1"},"canonical":"https:\/\/www.yoroow.com\/fr\/detail-du-produit\/prix-dusine-materiau-zinc-chrome-mitigeur-de-lavabo-de-salle-de-bain-poignee-unique-robinet-deau-froide-moderne-chrome-robinet-de-lavabo\/","og_locale":"fr_FR","og_type":"article","og_title":"Chrome Zinc Alloy Single Cold Basin Faucet with Handle Traditional Luxury Style Thermostatic Faucet for Washbasin Hospital Use","og_description":"Chrome zinc alloy single cold basin faucet with handle. Traditional luxury style thermostatic faucet for washbasins and hospitals. Made in China for South American and Southeast Asian markets.","og_url":"https:\/\/www.yoroow.com\/fr\/detail-du-produit\/prix-dusine-materiau-zinc-chrome-mitigeur-de-lavabo-de-salle-de-bain-poignee-unique-robinet-deau-froide-moderne-chrome-robinet-de-lavabo\/","og_site_name":"YOROOW","article_publisher":"https:\/\/www.facebook.com\/people\/yoroowfaucetfactory\/61564236752362\/","article_modified_time":"2025-05-16T01:21:17+00:00","og_image":[{"width":521,"height":521,"url":"https:\/\/www.yoroow.com\/wp-content\/uploads\/2025\/02\/9088A.jpg","type":"image\/jpeg"}],"twitter_card":"summary_large_image","twitter_misc":{"Dur\u00e9e de lecture estim\u00e9e":"2 minutes"},"schema":{"@context":"https:\/\/schema.org","@graph":[{"@type":"WebPage","@id":"https:\/\/www.yoroow.com\/fr\/detail-du-produit\/prix-dusine-materiau-zinc-chrome-mitigeur-de-lavabo-de-salle-de-bain-poignee-unique-robinet-deau-froide-moderne-chrome-robinet-de-lavabo\/","url":"https:\/\/www.yoroow.com\/fr\/detail-du-produit\/prix-dusine-materiau-zinc-chrome-mitigeur-de-lavabo-de-salle-de-bain-poignee-unique-robinet-deau-froide-moderne-chrome-robinet-de-lavabo\/","name":"Chrome Zinc Alloy Single Cold Basin Faucet with Handle Traditional Luxury Style Thermostatic Faucet for Washbasin Hospital Use - YOROOW","isPartOf":{"@id":"https:\/\/www.yoroow.com\/fr\/#website"},"primaryImageOfPage":{"@id":"https:\/\/www.yoroow.com\/fr\/detail-du-produit\/prix-dusine-materiau-zinc-chrome-mitigeur-de-lavabo-de-salle-de-bain-poignee-unique-robinet-deau-froide-moderne-chrome-robinet-de-lavabo\/#primaryimage"},"image":{"@id":"https:\/\/www.yoroow.com\/fr\/detail-du-produit\/prix-dusine-materiau-zinc-chrome-mitigeur-de-lavabo-de-salle-de-bain-poignee-unique-robinet-deau-froide-moderne-chrome-robinet-de-lavabo\/#primaryimage"},"thumbnailUrl":"https:\/\/www.yoroow.com\/wp-content\/uploads\/2025\/02\/9088A.jpg","datePublished":"2025-02-14T09:12:07+00:00","dateModified":"2025-05-16T01:21:17+00:00","description":"Chrome zinc alloy single cold basin faucet with handle. Traditional luxury style thermostatic faucet for washbasins and hospitals. Made in China for South American and Southeast Asian markets.","breadcrumb":{"@id":"https:\/\/www.yoroow.com\/fr\/detail-du-produit\/prix-dusine-materiau-zinc-chrome-mitigeur-de-lavabo-de-salle-de-bain-poignee-unique-robinet-deau-froide-moderne-chrome-robinet-de-lavabo\/#breadcrumb"},"inLanguage":"fr-FR","potentialAction":[{"@type":"ReadAction","target":["https:\/\/www.yoroow.com\/fr\/detail-du-produit\/prix-dusine-materiau-zinc-chrome-mitigeur-de-lavabo-de-salle-de-bain-poignee-unique-robinet-deau-froide-moderne-chrome-robinet-de-lavabo\/"]}]},{"@type":"ImageObject","inLanguage":"fr-FR","@id":"https:\/\/www.yoroow.com\/fr\/detail-du-produit\/prix-dusine-materiau-zinc-chrome-mitigeur-de-lavabo-de-salle-de-bain-poignee-unique-robinet-deau-froide-moderne-chrome-robinet-de-lavabo\/#primaryimage","url":"https:\/\/www.yoroow.com\/wp-content\/uploads\/2025\/02\/9088A.jpg","contentUrl":"https:\/\/www.yoroow.com\/wp-content\/uploads\/2025\/02\/9088A.jpg","width":521,"height":521,"caption":"Chrome Zinc Alloy Single Cold Basin Faucet with Handle Traditional Luxury Style Thermostatic Faucet for Washbasin Hospital Use"},{"@type":"BreadcrumbList","@id":"https:\/\/www.yoroow.com\/fr\/detail-du-produit\/prix-dusine-materiau-zinc-chrome-mitigeur-de-lavabo-de-salle-de-bain-poignee-unique-robinet-deau-froide-moderne-chrome-robinet-de-lavabo\/#breadcrumb","itemListElement":[{"@type":"ListItem","position":1,"name":"home","item":"https:\/\/www.yoroow.com\/"},{"@type":"ListItem","position":2,"name":"Product","item":"https:\/\/www.yoroow.com\/product\/"},{"@type":"ListItem","position":3,"name":"Chrome Zinc Alloy Single Cold Basin Faucet with Handle Traditional Luxury Style Thermostatic Faucet for Washbasin Hospital Use"}]},{"@type":"WebSite","@id":"https:\/\/www.yoroow.com\/fr\/#website","url":"https:\/\/www.yoroow.com\/fr\/","name":"YOROOW","description":"","publisher":{"@id":"https:\/\/www.yoroow.com\/fr\/#organization"},"potentialAction":[{"@type":"SearchAction","target":{"@type":"EntryPoint","urlTemplate":"https:\/\/www.yoroow.com\/fr\/?s={search_term_string}"},"query-input":{"@type":"PropertyValueSpecification","valueRequired":true,"valueName":"search_term_string"}}],"inLanguage":"fr-FR"},{"@type":"Organization","@id":"https:\/\/www.yoroow.com\/fr\/#organization","name":"YOROOW","url":"https:\/\/www.yoroow.com\/fr\/","logo":{"@type":"ImageObject","inLanguage":"fr-FR","@id":"https:\/\/www.yoroow.com\/fr\/#\/schema\/logo\/image\/","url":"https:\/\/www.yoroow.com\/wp-content\/uploads\/2024\/12\/2024123007131061.png","contentUrl":"https:\/\/www.yoroow.com\/wp-content\/uploads\/2024\/12\/2024123007131061.png","width":168,"height":27,"caption":"YOROOW"},"image":{"@id":"https:\/\/www.yoroow.com\/fr\/#\/schema\/logo\/image\/"},"sameAs":["https:\/\/www.facebook.com\/people\/yoroowfaucetfactory\/61564236752362\/"]}]}},"_links":{"self":[{"href":"https:\/\/www.yoroow.com\/fr\/wp-json\/wp\/v2\/product\/10262","targetHints":{"allow":["GET"]}}],"collection":[{"href":"https:\/\/www.yoroow.com\/fr\/wp-json\/wp\/v2\/product"}],"about":[{"href":"https:\/\/www.yoroow.com\/fr\/wp-json\/wp\/v2\/types\/product"}],"wp:featuredmedia":[{"embeddable":true,"href":"https:\/\/www.yoroow.com\/fr\/wp-json\/wp\/v2\/media\/10266"}],"wp:attachment":[{"href":"https:\/\/www.yoroow.com\/fr\/wp-json\/wp\/v2\/media?parent=10262"}],"wp:term":[{"taxonomy":"product_brand","embeddable":true,"href":"https:\/\/www.yoroow.com\/fr\/wp-json\/wp\/v2\/product_brand?post=10262"},{"taxonomy":"product_cat","embeddable":true,"href":"https:\/\/www.yoroow.com\/fr\/wp-json\/wp\/v2\/product_cat?post=10262"},{"taxonomy":"product_tag","embeddable":true,"href":"https:\/\/www.yoroow.com\/fr\/wp-json\/wp\/v2\/product_tag?post=10262"}],"curies":[{"name":"wp","href":"https:\/\/api.w.org\/{rel}","templated":true}]}}