{"id":10218,"date":"2025-02-14T16:25:24","date_gmt":"2025-02-14T08:25:24","guid":{"rendered":"https:\/\/www.yoroow.com\/?post_type=product&#038;p=10218"},"modified":"2025-05-16T09:21:09","modified_gmt":"2025-05-16T01:21:09","slug":"luxueux-lavabo-de-salle-de-bain-en-laiton-cartouche-grand-corps-en-zinc-robinet-deau-froide-pour-lavabo-monte-sur-le-pont-%e5%a4%8d%e5%88%b6","status":"publish","type":"product","link":"https:\/\/www.yoroow.com\/fr\/detail-du-produit\/luxueux-lavabo-de-salle-de-bain-en-laiton-cartouche-grand-corps-en-zinc-robinet-deau-froide-pour-lavabo-monte-sur-le-pont-%e5%a4%8d%e5%88%b6\/","title":{"rendered":"Robinet de salle de bain moderne en acier inoxydable 304 \u00e0 un trou et une seule poign\u00e9e Design de grand bassin avec fonction de chute d'eau pour utilisation dans les centres commerciaux"},"content":{"rendered":"<p>Ce robinet de salle de bain monotrou moderne en or est dot\u00e9 d'un corps en acier inoxydable 304 et d'une poign\u00e9e unique pour faciliter le contr\u00f4le de la temp\u00e9rature. La fonction cascade ajoute une touche d'\u00e9l\u00e9gance \u00e0 toute salle de bains, et le design de son bassin haut le rend adapt\u00e9 aux applications commerciales telles que les centres commerciaux. Fabriqu\u00e9 en Chine, ce robinet b\u00e9n\u00e9ficie d'une technologie avanc\u00e9e en mati\u00e8re d'acier inoxydable et de processus de production efficaces, ce qui en fait une option int\u00e9ressante pour l'exportation vers l'Am\u00e9rique du Sud et l'Asie du Sud-Est, o\u00f9 les \u00e9quipements de salle de bains modernes et haut de gamme sont tr\u00e8s recherch\u00e9s.<\/p>","protected":false},"excerpt":{"rendered":"<div class=\"woocommerce-product-details__short-description\">\n<table class=\"has-fixed-layout\">\n<tbody>\n<tr>\n<td class=\"wp-block-table__cell-content\">\n<div class=\"block-editor-rich-text__editable rich-text\" role=\"textbox\" contenteditable=\"true\" aria-multiline=\"true\" aria-label=\"Corps \u5355\u5143\u683c\u6587\u5b57\"><strong data-rich-text-format-boundary=\"true\">Num\u00e9ro de mod\u00e8le<\/strong><\/div>\n<\/td>\n<td class=\"wp-block-table__cell-content\">9139A<\/td>\n<\/tr>\n<tr>\n<td class=\"wp-block-table__cell-content\">\n<div class=\"block-editor-rich-text__editable rich-text\" role=\"textbox\" contenteditable=\"true\" aria-multiline=\"true\" aria-label=\"Corps \u5355\u5143\u683c\u6587\u5b57\"><strong>Style<\/strong><\/div>\n<\/td>\n<td class=\"wp-block-table__cell-content\">\n<div class=\"block-editor-rich-text__editable rich-text\" role=\"textbox\" contenteditable=\"true\" aria-multiline=\"true\" aria-label=\"Corps \u5355\u5143\u683c\u6587\u5b57\">Moderne<\/div>\n<\/td>\n<\/tr>\n<tr>\n<td class=\"wp-block-table__cell-content\">\n<div class=\"block-editor-rich-text__editable rich-text\" role=\"textbox\" contenteditable=\"true\" aria-multiline=\"true\" aria-label=\"Corps \u5355\u5143\u683c\u6587\u5b57\"><strong>Mat\u00e9riau<\/strong><\/div>\n<\/td>\n<td class=\"wp-block-table__cell-content\">\n<div class=\"block-editor-rich-text__editable rich-text\" role=\"textbox\" contenteditable=\"true\" aria-multiline=\"true\" aria-label=\"Corps \u5355\u5143\u683c\u6587\u5b57\">Zinc<\/div>\n<\/td>\n<\/tr>\n<tr>\n<td class=\"wp-block-table__cell-content\">\n<div class=\"block-editor-rich-text__editable rich-text\" role=\"textbox\" contenteditable=\"true\" aria-multiline=\"true\" aria-label=\"Corps \u5355\u5143\u683c\u6587\u5b57\"><strong>Cartouche<\/strong><\/div>\n<\/td>\n<td class=\"wp-block-table__cell-content\">\n<div class=\"block-editor-rich-text__editable rich-text\" role=\"textbox\" contenteditable=\"true\" aria-multiline=\"true\" aria-label=\"Corps \u5355\u5143\u683c\u6587\u5b57\">Cartouche en laiton<\/div>\n<\/td>\n<\/tr>\n<tr>\n<td class=\"wp-block-table__cell-content\">\n<div class=\"block-editor-rich-text__editable rich-text\" role=\"textbox\" contenteditable=\"true\" aria-multiline=\"true\" aria-label=\"Corps \u5355\u5143\u683c\u6587\u5b57\"><strong>Traitement de surface<\/strong><\/div>\n<\/td>\n<td class=\"wp-block-table__cell-content\">\n<div class=\"block-editor-rich-text__editable rich-text\" role=\"textbox\" contenteditable=\"true\" aria-multiline=\"true\" aria-label=\"Corps \u5355\u5143\u683c\u6587\u5b57\">Chrome<\/div>\n<\/td>\n<\/tr>\n<tr>\n<td class=\"wp-block-table__cell-content\">\n<div class=\"block-editor-rich-text__editable rich-text\" role=\"textbox\" contenteditable=\"true\" aria-multiline=\"true\" aria-label=\"Corps \u5355\u5143\u683c\u6587\u5b57\"><strong>Types de becs<\/strong><\/div>\n<\/td>\n<td class=\"wp-block-table__cell-content\">\n<div class=\"block-editor-rich-text__editable rich-text\" role=\"textbox\" contenteditable=\"true\" aria-multiline=\"true\" aria-label=\"Corps \u5355\u5143\u683c\u6587\u5b57\">Standard<\/div>\n<\/td>\n<\/tr>\n<tr>\n<td class=\"wp-block-table__cell-content\">\n<div class=\"block-editor-rich-text__editable rich-text\" role=\"textbox\" contenteditable=\"true\" aria-multiline=\"true\" aria-label=\"Corps \u5355\u5143\u683c\u6587\u5b57\"><strong>poids<\/strong><\/div>\n<\/td>\n<td class=\"wp-block-table__cell-content\">\n<div class=\"block-editor-rich-text__editable rich-text\" role=\"textbox\" contenteditable=\"true\" aria-multiline=\"true\" aria-label=\"Corps \u5355\u5143\u683c\u6587\u5b57\">\u00a0<\/div>\n<\/td>\n<\/tr>\n<tr>\n<td class=\"wp-block-table__cell-content\">\n<div class=\"block-editor-rich-text__editable rich-text\" role=\"textbox\" contenteditable=\"true\" aria-multiline=\"true\" aria-label=\"Corps \u5355\u5143\u683c\u6587\u5b57\"><strong>Nombre de trous pour l'installation<\/strong><\/div>\n<\/td>\n<td class=\"wp-block-table__cell-content\">\n<div class=\"block-editor-rich-text__editable rich-text\" role=\"textbox\" contenteditable=\"true\" aria-multiline=\"true\" aria-label=\"Corps \u5355\u5143\u683c\u6587\u5b57\">Trou unique<\/div>\n<\/td>\n<\/tr>\n<tr>\n<td class=\"wp-block-table__cell-content\">\n<div class=\"block-editor-rich-text__editable rich-text\" role=\"textbox\" contenteditable=\"true\" aria-multiline=\"true\" aria-label=\"Corps \u5355\u5143\u683c\u6587\u5b57\"><strong>Nombre de poign\u00e9es<\/strong><\/div>\n<\/td>\n<td class=\"wp-block-table__cell-content\">\n<div class=\"block-editor-rich-text__editable rich-text\" role=\"textbox\" contenteditable=\"true\" aria-multiline=\"true\" aria-label=\"Corps \u5355\u5143\u683c\u6587\u5b57\">poign\u00e9e unique<\/div>\n<\/td>\n<\/tr>\n<tr>\n<td class=\"wp-block-table__cell-content\">\n<div class=\"block-editor-rich-text__editable rich-text\" role=\"textbox\" contenteditable=\"true\" aria-multiline=\"true\" aria-label=\"Corps \u5355\u5143\u683c\u6587\u5b57\"><strong>Type d'installation<\/strong><\/div>\n<\/td>\n<td class=\"wp-block-table__cell-content\">\n<div class=\"block-editor-rich-text__editable rich-text\" role=\"textbox\" contenteditable=\"true\" aria-multiline=\"true\" aria-label=\"Corps \u5355\u5143\u683c\u6587\u5b57\">Montage en terrasse<\/div>\n<\/td>\n<\/tr>\n<tr>\n<td class=\"wp-block-table__cell-content\">\n<div class=\"block-editor-rich-text__editable rich-text\" role=\"textbox\" contenteditable=\"true\" aria-multiline=\"true\" aria-label=\"Corps \u5355\u5143\u683c\u6587\u5b57\"><strong>InsCartridge Dur\u00e9e de vie<\/strong><\/div>\n<\/td>\n<td class=\"wp-block-table__cell-content\">\n<div class=\"block-editor-rich-text__editable rich-text\" role=\"textbox\" contenteditable=\"true\" aria-multiline=\"true\" aria-label=\"Corps \u5355\u5143\u683c\u6587\u5b57\">500000 fois Types d'ouverture de laallation<\/div>\n<\/td>\n<\/tr>\n<tr>\n<td class=\"wp-block-table__cell-content\">\n<div class=\"block-editor-rich-text__editable rich-text\" role=\"textbox\" contenteditable=\"true\" aria-multiline=\"true\" aria-label=\"Corps \u5355\u5143\u683c\u6587\u5b57\"><strong>Garantie<\/strong><\/div>\n<\/td>\n<td class=\"wp-block-table__cell-content\">\n<div class=\"block-editor-rich-text__editable rich-text\" role=\"textbox\" contenteditable=\"true\" aria-multiline=\"true\" aria-label=\"Corps \u5355\u5143\u683c\u6587\u5b57\">5 ans de garantie de qualit\u00e9<\/div>\n<\/td>\n<\/tr>\n<tr>\n<td class=\"wp-block-table__cell-content\">\n<div class=\"block-editor-rich-text__editable rich-text\" role=\"textbox\" contenteditable=\"true\" aria-multiline=\"true\" aria-label=\"Corps \u5355\u5143\u683c\u6587\u5b57\"><strong>Pression de l'eau<\/strong><\/div>\n<\/td>\n<td class=\"wp-block-table__cell-content\">\n<div class=\"block-editor-rich-text__editable rich-text\" role=\"textbox\" contenteditable=\"true\" aria-multiline=\"true\" aria-label=\"Corps \u5355\u5143\u683c\u6587\u5b57\">0,05-0,8mpa<\/div>\n<\/td>\n<\/tr>\n<tr>\n<td class=\"wp-block-table__cell-content\">\n<div class=\"block-editor-rich-text__editable rich-text\" role=\"textbox\" contenteditable=\"true\" aria-multiline=\"true\" aria-label=\"Corps \u5355\u5143\u683c\u6587\u5b57\"><strong>Temp\u00e9rature de travail<\/strong><\/div>\n<\/td>\n<td class=\"wp-block-table__cell-content\">\n<div class=\"block-editor-rich-text__editable rich-text\" role=\"textbox\" contenteditable=\"true\" aria-multiline=\"true\" aria-label=\"Corps \u5355\u5143\u683c\u6587\u5b57\">5-99\u2103<\/div>\n<\/td>\n<\/tr>\n<\/tbody>\n<\/table>\n<p>\u00a0<\/p><\/div>\n<div class=\"product_meta\">\u00a0<\/div>\n<div class=\"wp-block-kadence-advancedbtn kb-buttons-wrap kb-btns1303_b530bc-a6\">\u00a0<\/div>","protected":false},"featured_media":10223,"template":"","meta":{"_acf_changed":false,"_kad_post_transparent":"default","_kad_post_title":"","_kad_post_layout":"default","_kad_post_sidebar_id":"","_kad_post_content_style":"default","_kad_post_vertical_padding":"default","_kad_post_feature":"","_kad_post_feature_position":"","_kad_post_header":false,"_kad_post_footer":false},"product_brand":[],"product_cat":[219],"product_tag":[3395,3383],"class_list":{"0":"post-10218","1":"product","2":"type-product","3":"status-publish","4":"has-post-thumbnail","6":"product_cat-single-cold-basin-faucet","7":"product_tag-bathroom-faucets-waterfall-face-basin-faucet","8":"product_tag-tall-basin-faucet-gold","10":"first","11":"instock","12":"shipping-taxable","13":"purchasable","14":"product-type-variable","15":"wvs-archive-product-wrapper","16":"entry","17":"content-bg","18":"loop-entry"},"acf":[],"yoast_head":"<!-- This site is optimized with the Yoast SEO Premium plugin v25.4 (Yoast SEO v27.0) - https:\/\/yoast.com\/product\/yoast-seo-premium-wordpress\/ -->\n<title>Modern Gold Single-Hole Bathroom Faucet 304 Stainless Steel Single Handle Tall Basin Design with Waterfall Feature for Mall Use - YOROOW<\/title>\n<meta name=\"description\" content=\"Modern gold single-hole bathroom faucet made of 304 stainless steel. Single handle tall basin design with waterfall feature. Suitable for malls. Chinese factory exports target South American and Southeast Asian premium markets.\" \/>\n<meta name=\"robots\" content=\"index, follow, max-snippet:-1, max-image-preview:large, max-video-preview:-1\" \/>\n<link rel=\"canonical\" href=\"https:\/\/www.yoroow.com\/fr\/detail-du-produit\/luxueux-lavabo-de-salle-de-bain-en-laiton-cartouche-grand-corps-en-zinc-robinet-deau-froide-pour-lavabo-monte-sur-le-pont-\u590d\u5236\/\" \/>\n<meta property=\"og:locale\" content=\"fr_FR\" \/>\n<meta property=\"og:type\" content=\"article\" \/>\n<meta property=\"og:title\" content=\"Modern Gold Single-Hole Bathroom Faucet 304 Stainless Steel Single Handle Tall Basin Design with Waterfall Feature for Mall Use\" \/>\n<meta property=\"og:description\" content=\"Modern gold single-hole bathroom faucet made of 304 stainless steel. Single handle tall basin design with waterfall feature. Suitable for malls. Chinese factory exports target South American and Southeast Asian premium markets.\" \/>\n<meta property=\"og:url\" content=\"https:\/\/www.yoroow.com\/fr\/detail-du-produit\/luxueux-lavabo-de-salle-de-bain-en-laiton-cartouche-grand-corps-en-zinc-robinet-deau-froide-pour-lavabo-monte-sur-le-pont-\u590d\u5236\/\" \/>\n<meta property=\"og:site_name\" content=\"YOROOW\" \/>\n<meta property=\"article:publisher\" content=\"https:\/\/www.facebook.com\/people\/yoroowfaucetfactory\/61564236752362\/\" \/>\n<meta property=\"article:modified_time\" content=\"2025-05-16T01:21:09+00:00\" \/>\n<meta property=\"og:image\" content=\"https:\/\/www.yoroow.com\/wp-content\/uploads\/2025\/02\/\u5fae\u4fe1\u56fe\u7247_20240709134802.jpg\" \/>\n\t<meta property=\"og:image:width\" content=\"639\" \/>\n\t<meta property=\"og:image:height\" content=\"639\" \/>\n\t<meta property=\"og:image:type\" content=\"image\/jpeg\" \/>\n<meta name=\"twitter:card\" content=\"summary_large_image\" \/>\n<meta name=\"twitter:label1\" content=\"Dur\u00e9e de lecture estim\u00e9e\" \/>\n\t<meta name=\"twitter:data1\" content=\"2 minutes\" \/>\n<script type=\"application\/ld+json\" class=\"yoast-schema-graph\">{\"@context\":\"https:\/\/schema.org\",\"@graph\":[{\"@type\":\"WebPage\",\"@id\":\"https:\/\/www.yoroow.com\/fr\/detail-du-produit\/luxueux-lavabo-de-salle-de-bain-en-laiton-cartouche-grand-corps-en-zinc-robinet-deau-froide-pour-lavabo-monte-sur-le-pont-%e5%a4%8d%e5%88%b6\/\",\"url\":\"https:\/\/www.yoroow.com\/fr\/detail-du-produit\/luxueux-lavabo-de-salle-de-bain-en-laiton-cartouche-grand-corps-en-zinc-robinet-deau-froide-pour-lavabo-monte-sur-le-pont-%e5%a4%8d%e5%88%b6\/\",\"name\":\"Modern Gold Single-Hole Bathroom Faucet 304 Stainless Steel Single Handle Tall Basin Design with Waterfall Feature for Mall Use - YOROOW\",\"isPartOf\":{\"@id\":\"https:\/\/www.yoroow.com\/fr\/#website\"},\"primaryImageOfPage\":{\"@id\":\"https:\/\/www.yoroow.com\/fr\/detail-du-produit\/luxueux-lavabo-de-salle-de-bain-en-laiton-cartouche-grand-corps-en-zinc-robinet-deau-froide-pour-lavabo-monte-sur-le-pont-%e5%a4%8d%e5%88%b6\/#primaryimage\"},\"image\":{\"@id\":\"https:\/\/www.yoroow.com\/fr\/detail-du-produit\/luxueux-lavabo-de-salle-de-bain-en-laiton-cartouche-grand-corps-en-zinc-robinet-deau-froide-pour-lavabo-monte-sur-le-pont-%e5%a4%8d%e5%88%b6\/#primaryimage\"},\"thumbnailUrl\":\"https:\/\/www.yoroow.com\/wp-content\/uploads\/2025\/02\/\u5fae\u4fe1\u56fe\u7247_20240709134802.jpg\",\"datePublished\":\"2025-02-14T08:25:24+00:00\",\"dateModified\":\"2025-05-16T01:21:09+00:00\",\"description\":\"Modern gold single-hole bathroom faucet made of 304 stainless steel. Single handle tall basin design with waterfall feature. Suitable for malls. Chinese factory exports target South American and Southeast Asian premium markets.\",\"breadcrumb\":{\"@id\":\"https:\/\/www.yoroow.com\/fr\/detail-du-produit\/luxueux-lavabo-de-salle-de-bain-en-laiton-cartouche-grand-corps-en-zinc-robinet-deau-froide-pour-lavabo-monte-sur-le-pont-%e5%a4%8d%e5%88%b6\/#breadcrumb\"},\"inLanguage\":\"fr-FR\",\"potentialAction\":[{\"@type\":\"ReadAction\",\"target\":[\"https:\/\/www.yoroow.com\/fr\/detail-du-produit\/luxueux-lavabo-de-salle-de-bain-en-laiton-cartouche-grand-corps-en-zinc-robinet-deau-froide-pour-lavabo-monte-sur-le-pont-%e5%a4%8d%e5%88%b6\/\"]}]},{\"@type\":\"ImageObject\",\"inLanguage\":\"fr-FR\",\"@id\":\"https:\/\/www.yoroow.com\/fr\/detail-du-produit\/luxueux-lavabo-de-salle-de-bain-en-laiton-cartouche-grand-corps-en-zinc-robinet-deau-froide-pour-lavabo-monte-sur-le-pont-%e5%a4%8d%e5%88%b6\/#primaryimage\",\"url\":\"https:\/\/www.yoroow.com\/wp-content\/uploads\/2025\/02\/\u5fae\u4fe1\u56fe\u7247_20240709134802.jpg\",\"contentUrl\":\"https:\/\/www.yoroow.com\/wp-content\/uploads\/2025\/02\/\u5fae\u4fe1\u56fe\u7247_20240709134802.jpg\",\"width\":639,\"height\":639,\"caption\":\"Modern Gold Single-Hole Bathroom Faucet 304 Stainless Steel Single Handle Tall Basin Design with Waterfall Feature for Mall Use\"},{\"@type\":\"BreadcrumbList\",\"@id\":\"https:\/\/www.yoroow.com\/fr\/detail-du-produit\/luxueux-lavabo-de-salle-de-bain-en-laiton-cartouche-grand-corps-en-zinc-robinet-deau-froide-pour-lavabo-monte-sur-le-pont-%e5%a4%8d%e5%88%b6\/#breadcrumb\",\"itemListElement\":[{\"@type\":\"ListItem\",\"position\":1,\"name\":\"home\",\"item\":\"https:\/\/www.yoroow.com\/\"},{\"@type\":\"ListItem\",\"position\":2,\"name\":\"Product\",\"item\":\"https:\/\/www.yoroow.com\/product\/\"},{\"@type\":\"ListItem\",\"position\":3,\"name\":\"Modern Gold Single-Hole Bathroom Faucet 304 Stainless Steel Single Handle Tall Basin Design with Waterfall Feature for Mall Use\"}]},{\"@type\":\"WebSite\",\"@id\":\"https:\/\/www.yoroow.com\/fr\/#website\",\"url\":\"https:\/\/www.yoroow.com\/fr\/\",\"name\":\"YOROOW\",\"description\":\"\",\"publisher\":{\"@id\":\"https:\/\/www.yoroow.com\/fr\/#organization\"},\"potentialAction\":[{\"@type\":\"SearchAction\",\"target\":{\"@type\":\"EntryPoint\",\"urlTemplate\":\"https:\/\/www.yoroow.com\/fr\/?s={search_term_string}\"},\"query-input\":{\"@type\":\"PropertyValueSpecification\",\"valueRequired\":true,\"valueName\":\"search_term_string\"}}],\"inLanguage\":\"fr-FR\"},{\"@type\":\"Organization\",\"@id\":\"https:\/\/www.yoroow.com\/fr\/#organization\",\"name\":\"YOROOW\",\"url\":\"https:\/\/www.yoroow.com\/fr\/\",\"logo\":{\"@type\":\"ImageObject\",\"inLanguage\":\"fr-FR\",\"@id\":\"https:\/\/www.yoroow.com\/fr\/#\/schema\/logo\/image\/\",\"url\":\"https:\/\/www.yoroow.com\/wp-content\/uploads\/2024\/12\/2024123007131061.png\",\"contentUrl\":\"https:\/\/www.yoroow.com\/wp-content\/uploads\/2024\/12\/2024123007131061.png\",\"width\":168,\"height\":27,\"caption\":\"YOROOW\"},\"image\":{\"@id\":\"https:\/\/www.yoroow.com\/fr\/#\/schema\/logo\/image\/\"},\"sameAs\":[\"https:\/\/www.facebook.com\/people\/yoroowfaucetfactory\/61564236752362\/\"]}]}<\/script>\n<!-- \/ Yoast SEO Premium plugin. -->","yoast_head_json":{"title":"Modern Gold Single-Hole Bathroom Faucet 304 Stainless Steel Single Handle Tall Basin Design with Waterfall Feature for Mall Use - YOROOW","description":"Modern gold single-hole bathroom faucet made of 304 stainless steel. Single handle tall basin design with waterfall feature. Suitable for malls. Chinese factory exports target South American and Southeast Asian premium markets.","robots":{"index":"index","follow":"follow","max-snippet":"max-snippet:-1","max-image-preview":"max-image-preview:large","max-video-preview":"max-video-preview:-1"},"canonical":"https:\/\/www.yoroow.com\/fr\/detail-du-produit\/luxueux-lavabo-de-salle-de-bain-en-laiton-cartouche-grand-corps-en-zinc-robinet-deau-froide-pour-lavabo-monte-sur-le-pont-\u590d\u5236\/","og_locale":"fr_FR","og_type":"article","og_title":"Modern Gold Single-Hole Bathroom Faucet 304 Stainless Steel Single Handle Tall Basin Design with Waterfall Feature for Mall Use","og_description":"Modern gold single-hole bathroom faucet made of 304 stainless steel. Single handle tall basin design with waterfall feature. Suitable for malls. Chinese factory exports target South American and Southeast Asian premium markets.","og_url":"https:\/\/www.yoroow.com\/fr\/detail-du-produit\/luxueux-lavabo-de-salle-de-bain-en-laiton-cartouche-grand-corps-en-zinc-robinet-deau-froide-pour-lavabo-monte-sur-le-pont-\u590d\u5236\/","og_site_name":"YOROOW","article_publisher":"https:\/\/www.facebook.com\/people\/yoroowfaucetfactory\/61564236752362\/","article_modified_time":"2025-05-16T01:21:09+00:00","og_image":[{"width":639,"height":639,"url":"https:\/\/www.yoroow.com\/wp-content\/uploads\/2025\/02\/\u5fae\u4fe1\u56fe\u7247_20240709134802.jpg","type":"image\/jpeg"}],"twitter_card":"summary_large_image","twitter_misc":{"Dur\u00e9e de lecture estim\u00e9e":"2 minutes"},"schema":{"@context":"https:\/\/schema.org","@graph":[{"@type":"WebPage","@id":"https:\/\/www.yoroow.com\/fr\/detail-du-produit\/luxueux-lavabo-de-salle-de-bain-en-laiton-cartouche-grand-corps-en-zinc-robinet-deau-froide-pour-lavabo-monte-sur-le-pont-%e5%a4%8d%e5%88%b6\/","url":"https:\/\/www.yoroow.com\/fr\/detail-du-produit\/luxueux-lavabo-de-salle-de-bain-en-laiton-cartouche-grand-corps-en-zinc-robinet-deau-froide-pour-lavabo-monte-sur-le-pont-%e5%a4%8d%e5%88%b6\/","name":"Modern Gold Single-Hole Bathroom Faucet 304 Stainless Steel Single Handle Tall Basin Design with Waterfall Feature for Mall Use - YOROOW","isPartOf":{"@id":"https:\/\/www.yoroow.com\/fr\/#website"},"primaryImageOfPage":{"@id":"https:\/\/www.yoroow.com\/fr\/detail-du-produit\/luxueux-lavabo-de-salle-de-bain-en-laiton-cartouche-grand-corps-en-zinc-robinet-deau-froide-pour-lavabo-monte-sur-le-pont-%e5%a4%8d%e5%88%b6\/#primaryimage"},"image":{"@id":"https:\/\/www.yoroow.com\/fr\/detail-du-produit\/luxueux-lavabo-de-salle-de-bain-en-laiton-cartouche-grand-corps-en-zinc-robinet-deau-froide-pour-lavabo-monte-sur-le-pont-%e5%a4%8d%e5%88%b6\/#primaryimage"},"thumbnailUrl":"https:\/\/www.yoroow.com\/wp-content\/uploads\/2025\/02\/\u5fae\u4fe1\u56fe\u7247_20240709134802.jpg","datePublished":"2025-02-14T08:25:24+00:00","dateModified":"2025-05-16T01:21:09+00:00","description":"Modern gold single-hole bathroom faucet made of 304 stainless steel. Single handle tall basin design with waterfall feature. Suitable for malls. Chinese factory exports target South American and Southeast Asian premium markets.","breadcrumb":{"@id":"https:\/\/www.yoroow.com\/fr\/detail-du-produit\/luxueux-lavabo-de-salle-de-bain-en-laiton-cartouche-grand-corps-en-zinc-robinet-deau-froide-pour-lavabo-monte-sur-le-pont-%e5%a4%8d%e5%88%b6\/#breadcrumb"},"inLanguage":"fr-FR","potentialAction":[{"@type":"ReadAction","target":["https:\/\/www.yoroow.com\/fr\/detail-du-produit\/luxueux-lavabo-de-salle-de-bain-en-laiton-cartouche-grand-corps-en-zinc-robinet-deau-froide-pour-lavabo-monte-sur-le-pont-%e5%a4%8d%e5%88%b6\/"]}]},{"@type":"ImageObject","inLanguage":"fr-FR","@id":"https:\/\/www.yoroow.com\/fr\/detail-du-produit\/luxueux-lavabo-de-salle-de-bain-en-laiton-cartouche-grand-corps-en-zinc-robinet-deau-froide-pour-lavabo-monte-sur-le-pont-%e5%a4%8d%e5%88%b6\/#primaryimage","url":"https:\/\/www.yoroow.com\/wp-content\/uploads\/2025\/02\/\u5fae\u4fe1\u56fe\u7247_20240709134802.jpg","contentUrl":"https:\/\/www.yoroow.com\/wp-content\/uploads\/2025\/02\/\u5fae\u4fe1\u56fe\u7247_20240709134802.jpg","width":639,"height":639,"caption":"Modern Gold Single-Hole Bathroom Faucet 304 Stainless Steel Single Handle Tall Basin Design with Waterfall Feature for Mall Use"},{"@type":"BreadcrumbList","@id":"https:\/\/www.yoroow.com\/fr\/detail-du-produit\/luxueux-lavabo-de-salle-de-bain-en-laiton-cartouche-grand-corps-en-zinc-robinet-deau-froide-pour-lavabo-monte-sur-le-pont-%e5%a4%8d%e5%88%b6\/#breadcrumb","itemListElement":[{"@type":"ListItem","position":1,"name":"home","item":"https:\/\/www.yoroow.com\/"},{"@type":"ListItem","position":2,"name":"Product","item":"https:\/\/www.yoroow.com\/product\/"},{"@type":"ListItem","position":3,"name":"Modern Gold Single-Hole Bathroom Faucet 304 Stainless Steel Single Handle Tall Basin Design with Waterfall Feature for Mall Use"}]},{"@type":"WebSite","@id":"https:\/\/www.yoroow.com\/fr\/#website","url":"https:\/\/www.yoroow.com\/fr\/","name":"YOROOW","description":"","publisher":{"@id":"https:\/\/www.yoroow.com\/fr\/#organization"},"potentialAction":[{"@type":"SearchAction","target":{"@type":"EntryPoint","urlTemplate":"https:\/\/www.yoroow.com\/fr\/?s={search_term_string}"},"query-input":{"@type":"PropertyValueSpecification","valueRequired":true,"valueName":"search_term_string"}}],"inLanguage":"fr-FR"},{"@type":"Organization","@id":"https:\/\/www.yoroow.com\/fr\/#organization","name":"YOROOW","url":"https:\/\/www.yoroow.com\/fr\/","logo":{"@type":"ImageObject","inLanguage":"fr-FR","@id":"https:\/\/www.yoroow.com\/fr\/#\/schema\/logo\/image\/","url":"https:\/\/www.yoroow.com\/wp-content\/uploads\/2024\/12\/2024123007131061.png","contentUrl":"https:\/\/www.yoroow.com\/wp-content\/uploads\/2024\/12\/2024123007131061.png","width":168,"height":27,"caption":"YOROOW"},"image":{"@id":"https:\/\/www.yoroow.com\/fr\/#\/schema\/logo\/image\/"},"sameAs":["https:\/\/www.facebook.com\/people\/yoroowfaucetfactory\/61564236752362\/"]}]}},"_links":{"self":[{"href":"https:\/\/www.yoroow.com\/fr\/wp-json\/wp\/v2\/product\/10218","targetHints":{"allow":["GET"]}}],"collection":[{"href":"https:\/\/www.yoroow.com\/fr\/wp-json\/wp\/v2\/product"}],"about":[{"href":"https:\/\/www.yoroow.com\/fr\/wp-json\/wp\/v2\/types\/product"}],"wp:featuredmedia":[{"embeddable":true,"href":"https:\/\/www.yoroow.com\/fr\/wp-json\/wp\/v2\/media\/10223"}],"wp:attachment":[{"href":"https:\/\/www.yoroow.com\/fr\/wp-json\/wp\/v2\/media?parent=10218"}],"wp:term":[{"taxonomy":"product_brand","embeddable":true,"href":"https:\/\/www.yoroow.com\/fr\/wp-json\/wp\/v2\/product_brand?post=10218"},{"taxonomy":"product_cat","embeddable":true,"href":"https:\/\/www.yoroow.com\/fr\/wp-json\/wp\/v2\/product_cat?post=10218"},{"taxonomy":"product_tag","embeddable":true,"href":"https:\/\/www.yoroow.com\/fr\/wp-json\/wp\/v2\/product_tag?post=10218"}],"curies":[{"name":"wp","href":"https:\/\/api.w.org\/{rel}","templated":true}]}}