{"id":10175,"date":"2025-02-14T15:43:28","date_gmt":"2025-02-14T07:43:28","guid":{"rendered":"https:\/\/www.yoroow.com\/?post_type=product&#038;p=10175"},"modified":"2025-05-16T09:20:35","modified_gmt":"2025-05-16T01:20:35","slug":"yoroow-robinet-de-lavabo-a-une-poignee-en-zinc-eau-froide-robinet-de-lavabo-a-ouverture-rapide-pour-salle-de-bain-robinets-deau-en-plastique","status":"publish","type":"product","link":"https:\/\/www.yoroow.com\/fr\/detail-du-produit\/yoroow-robinet-de-lavabo-a-une-poignee-en-zinc-eau-froide-robinet-de-lavabo-a-ouverture-rapide-pour-salle-de-bain-robinets-deau-en-plastique\/","title":{"rendered":"Modern Single Cold Basin Faucet Hand Taps for Modern Designed Basins Faucet Accessories"},"content":{"rendered":"<p>Ce robinet \u00e0 main moderne est con\u00e7u pour \u00eatre utilis\u00e9 avec les lavabos de salles de bains contemporaines, offrant une solution simple et fonctionnelle pour l'alimentation en eau froide. La poign\u00e9e froide unique permet un contr\u00f4le facile, et le design \u00e9l\u00e9gant du robinet rehausse l'esth\u00e9tique de toute salle de bains moderne. Fabriqu\u00e9 \u00e0 partir de mat\u00e9riaux durables, il est con\u00e7u pour r\u00e9sister \u00e0 une utilisation r\u00e9guli\u00e8re. Fabriqu\u00e9 en Chine, ce produit offre des prix comp\u00e9titifs et une production efficace, ce qui en fait une excellente option pour l'exportation vers les march\u00e9s d'Am\u00e9rique du Sud et d'Asie du Sud-Est, o\u00f9 les accessoires de salle de bains modernes et abordables sont tr\u00e8s demand\u00e9s.<\/p>","protected":false},"excerpt":{"rendered":"<p>Ce robinet \u00e0 main moderne est con\u00e7u pour \u00eatre utilis\u00e9 avec les lavabos de salles de bains contemporaines, offrant une solution simple et fonctionnelle pour l'alimentation en eau froide. La poign\u00e9e froide unique permet un contr\u00f4le facile, et le design \u00e9l\u00e9gant du robinet rehausse l'esth\u00e9tique de toute salle de bains moderne. Fabriqu\u00e9 \u00e0 partir de mat\u00e9riaux durables, il est con\u00e7u pour r\u00e9sister \u00e0 une utilisation r\u00e9guli\u00e8re. Fabriqu\u00e9 en...<\/p>","protected":false},"featured_media":10182,"template":"","meta":{"_acf_changed":false,"_kad_post_transparent":"default","_kad_post_title":"","_kad_post_layout":"default","_kad_post_sidebar_id":"","_kad_post_content_style":"default","_kad_post_vertical_padding":"default","_kad_post_feature":"","_kad_post_feature_position":"","_kad_post_header":false,"_kad_post_footer":false},"product_brand":[],"product_cat":[219],"product_tag":[3435,3504],"class_list":{"0":"post-10175","1":"product","2":"type-product","3":"status-publish","4":"has-post-thumbnail","6":"product_cat-single-cold-basin-faucet","7":"product_tag-basin-hand-taps","8":"product_tag-taps-for-basin","10":"first","11":"instock","12":"shipping-taxable","13":"purchasable","14":"product-type-variable","15":"wvs-archive-product-wrapper","16":"entry","17":"content-bg","18":"loop-entry"},"acf":[],"yoast_head":"<!-- This site is optimized with the Yoast SEO Premium plugin v25.4 (Yoast SEO v27.0) - https:\/\/yoast.com\/product\/yoast-seo-premium-wordpress\/ -->\n<title>Modern Single Cold Basin Faucet Hand Taps for Modern Designed Basins Faucet Accessories - YOROOW<\/title>\n<meta name=\"description\" content=\"Modern single cold basin faucet hand taps for modern designed basins. Faucet accessories made in China for South American and Southeast Asian export markets.\" \/>\n<meta name=\"robots\" content=\"index, follow, max-snippet:-1, max-image-preview:large, max-video-preview:-1\" \/>\n<link rel=\"canonical\" href=\"https:\/\/www.yoroow.com\/fr\/detail-du-produit\/yoroow-robinet-de-lavabo-a-une-poignee-en-zinc-eau-froide-robinet-de-lavabo-a-ouverture-rapide-pour-salle-de-bain-robinets-deau-en-plastique\/\" \/>\n<meta property=\"og:locale\" content=\"fr_FR\" \/>\n<meta property=\"og:type\" content=\"article\" \/>\n<meta property=\"og:title\" content=\"Modern Single Cold Basin Faucet Hand Taps for Modern Designed Basins Faucet Accessories\" \/>\n<meta property=\"og:description\" content=\"Modern single cold basin faucet hand taps for modern designed basins. Faucet accessories made in China for South American and Southeast Asian export markets.\" \/>\n<meta property=\"og:url\" content=\"https:\/\/www.yoroow.com\/fr\/detail-du-produit\/yoroow-robinet-de-lavabo-a-une-poignee-en-zinc-eau-froide-robinet-de-lavabo-a-ouverture-rapide-pour-salle-de-bain-robinets-deau-en-plastique\/\" \/>\n<meta property=\"og:site_name\" content=\"YOROOW\" \/>\n<meta property=\"article:publisher\" content=\"https:\/\/www.facebook.com\/people\/yoroowfaucetfactory\/61564236752362\/\" \/>\n<meta property=\"article:modified_time\" content=\"2025-05-16T01:20:35+00:00\" \/>\n<meta property=\"og:image\" content=\"https:\/\/www.yoroow.com\/wp-content\/uploads\/2025\/02\/\u5fae\u4fe1\u56fe\u7247_20210609104054.jpg\" \/>\n\t<meta property=\"og:image:width\" content=\"700\" \/>\n\t<meta property=\"og:image:height\" content=\"700\" \/>\n\t<meta property=\"og:image:type\" content=\"image\/jpeg\" \/>\n<meta name=\"twitter:card\" content=\"summary_large_image\" \/>\n<meta name=\"twitter:label1\" content=\"Dur\u00e9e de lecture estim\u00e9e\" \/>\n\t<meta name=\"twitter:data1\" content=\"3 minutes\" \/>\n<script type=\"application\/ld+json\" class=\"yoast-schema-graph\">{\"@context\":\"https:\/\/schema.org\",\"@graph\":[{\"@type\":\"WebPage\",\"@id\":\"https:\/\/www.yoroow.com\/fr\/detail-du-produit\/yoroow-robinet-de-lavabo-a-une-poignee-en-zinc-eau-froide-robinet-de-lavabo-a-ouverture-rapide-pour-salle-de-bain-robinets-deau-en-plastique\/\",\"url\":\"https:\/\/www.yoroow.com\/fr\/detail-du-produit\/yoroow-robinet-de-lavabo-a-une-poignee-en-zinc-eau-froide-robinet-de-lavabo-a-ouverture-rapide-pour-salle-de-bain-robinets-deau-en-plastique\/\",\"name\":\"Modern Single Cold Basin Faucet Hand Taps for Modern Designed Basins Faucet Accessories - YOROOW\",\"isPartOf\":{\"@id\":\"https:\/\/www.yoroow.com\/fr\/#website\"},\"primaryImageOfPage\":{\"@id\":\"https:\/\/www.yoroow.com\/fr\/detail-du-produit\/yoroow-robinet-de-lavabo-a-une-poignee-en-zinc-eau-froide-robinet-de-lavabo-a-ouverture-rapide-pour-salle-de-bain-robinets-deau-en-plastique\/#primaryimage\"},\"image\":{\"@id\":\"https:\/\/www.yoroow.com\/fr\/detail-du-produit\/yoroow-robinet-de-lavabo-a-une-poignee-en-zinc-eau-froide-robinet-de-lavabo-a-ouverture-rapide-pour-salle-de-bain-robinets-deau-en-plastique\/#primaryimage\"},\"thumbnailUrl\":\"https:\/\/www.yoroow.com\/wp-content\/uploads\/2025\/02\/\u5fae\u4fe1\u56fe\u7247_20210609104054.jpg\",\"datePublished\":\"2025-02-14T07:43:28+00:00\",\"dateModified\":\"2025-05-16T01:20:35+00:00\",\"description\":\"Modern single cold basin faucet hand taps for modern designed basins. Faucet accessories made in China for South American and Southeast Asian export markets.\",\"breadcrumb\":{\"@id\":\"https:\/\/www.yoroow.com\/fr\/detail-du-produit\/yoroow-robinet-de-lavabo-a-une-poignee-en-zinc-eau-froide-robinet-de-lavabo-a-ouverture-rapide-pour-salle-de-bain-robinets-deau-en-plastique\/#breadcrumb\"},\"inLanguage\":\"fr-FR\",\"potentialAction\":[{\"@type\":\"ReadAction\",\"target\":[\"https:\/\/www.yoroow.com\/fr\/detail-du-produit\/yoroow-robinet-de-lavabo-a-une-poignee-en-zinc-eau-froide-robinet-de-lavabo-a-ouverture-rapide-pour-salle-de-bain-robinets-deau-en-plastique\/\"]}]},{\"@type\":\"ImageObject\",\"inLanguage\":\"fr-FR\",\"@id\":\"https:\/\/www.yoroow.com\/fr\/detail-du-produit\/yoroow-robinet-de-lavabo-a-une-poignee-en-zinc-eau-froide-robinet-de-lavabo-a-ouverture-rapide-pour-salle-de-bain-robinets-deau-en-plastique\/#primaryimage\",\"url\":\"https:\/\/www.yoroow.com\/wp-content\/uploads\/2025\/02\/\u5fae\u4fe1\u56fe\u7247_20210609104054.jpg\",\"contentUrl\":\"https:\/\/www.yoroow.com\/wp-content\/uploads\/2025\/02\/\u5fae\u4fe1\u56fe\u7247_20210609104054.jpg\",\"width\":700,\"height\":700,\"caption\":\"Modern Single Cold Basin Faucet Hand Taps for Modern Designed Basins Faucet Accessories\"},{\"@type\":\"BreadcrumbList\",\"@id\":\"https:\/\/www.yoroow.com\/fr\/detail-du-produit\/yoroow-robinet-de-lavabo-a-une-poignee-en-zinc-eau-froide-robinet-de-lavabo-a-ouverture-rapide-pour-salle-de-bain-robinets-deau-en-plastique\/#breadcrumb\",\"itemListElement\":[{\"@type\":\"ListItem\",\"position\":1,\"name\":\"home\",\"item\":\"https:\/\/www.yoroow.com\/\"},{\"@type\":\"ListItem\",\"position\":2,\"name\":\"Product\",\"item\":\"https:\/\/www.yoroow.com\/product\/\"},{\"@type\":\"ListItem\",\"position\":3,\"name\":\"Modern Single Cold Basin Faucet Hand Taps for Modern Designed Basins Faucet Accessories\"}]},{\"@type\":\"WebSite\",\"@id\":\"https:\/\/www.yoroow.com\/fr\/#website\",\"url\":\"https:\/\/www.yoroow.com\/fr\/\",\"name\":\"YOROOW\",\"description\":\"\",\"publisher\":{\"@id\":\"https:\/\/www.yoroow.com\/fr\/#organization\"},\"potentialAction\":[{\"@type\":\"SearchAction\",\"target\":{\"@type\":\"EntryPoint\",\"urlTemplate\":\"https:\/\/www.yoroow.com\/fr\/?s={search_term_string}\"},\"query-input\":{\"@type\":\"PropertyValueSpecification\",\"valueRequired\":true,\"valueName\":\"search_term_string\"}}],\"inLanguage\":\"fr-FR\"},{\"@type\":\"Organization\",\"@id\":\"https:\/\/www.yoroow.com\/fr\/#organization\",\"name\":\"YOROOW\",\"url\":\"https:\/\/www.yoroow.com\/fr\/\",\"logo\":{\"@type\":\"ImageObject\",\"inLanguage\":\"fr-FR\",\"@id\":\"https:\/\/www.yoroow.com\/fr\/#\/schema\/logo\/image\/\",\"url\":\"https:\/\/www.yoroow.com\/wp-content\/uploads\/2024\/12\/2024123007131061.png\",\"contentUrl\":\"https:\/\/www.yoroow.com\/wp-content\/uploads\/2024\/12\/2024123007131061.png\",\"width\":168,\"height\":27,\"caption\":\"YOROOW\"},\"image\":{\"@id\":\"https:\/\/www.yoroow.com\/fr\/#\/schema\/logo\/image\/\"},\"sameAs\":[\"https:\/\/www.facebook.com\/people\/yoroowfaucetfactory\/61564236752362\/\"]}]}<\/script>\n<!-- \/ Yoast SEO Premium plugin. -->","yoast_head_json":{"title":"Modern Single Cold Basin Faucet Hand Taps for Modern Designed Basins Faucet Accessories - YOROOW","description":"Modern single cold basin faucet hand taps for modern designed basins. Faucet accessories made in China for South American and Southeast Asian export markets.","robots":{"index":"index","follow":"follow","max-snippet":"max-snippet:-1","max-image-preview":"max-image-preview:large","max-video-preview":"max-video-preview:-1"},"canonical":"https:\/\/www.yoroow.com\/fr\/detail-du-produit\/yoroow-robinet-de-lavabo-a-une-poignee-en-zinc-eau-froide-robinet-de-lavabo-a-ouverture-rapide-pour-salle-de-bain-robinets-deau-en-plastique\/","og_locale":"fr_FR","og_type":"article","og_title":"Modern Single Cold Basin Faucet Hand Taps for Modern Designed Basins Faucet Accessories","og_description":"Modern single cold basin faucet hand taps for modern designed basins. Faucet accessories made in China for South American and Southeast Asian export markets.","og_url":"https:\/\/www.yoroow.com\/fr\/detail-du-produit\/yoroow-robinet-de-lavabo-a-une-poignee-en-zinc-eau-froide-robinet-de-lavabo-a-ouverture-rapide-pour-salle-de-bain-robinets-deau-en-plastique\/","og_site_name":"YOROOW","article_publisher":"https:\/\/www.facebook.com\/people\/yoroowfaucetfactory\/61564236752362\/","article_modified_time":"2025-05-16T01:20:35+00:00","og_image":[{"width":700,"height":700,"url":"https:\/\/www.yoroow.com\/wp-content\/uploads\/2025\/02\/\u5fae\u4fe1\u56fe\u7247_20210609104054.jpg","type":"image\/jpeg"}],"twitter_card":"summary_large_image","twitter_misc":{"Dur\u00e9e de lecture estim\u00e9e":"3 minutes"},"schema":{"@context":"https:\/\/schema.org","@graph":[{"@type":"WebPage","@id":"https:\/\/www.yoroow.com\/fr\/detail-du-produit\/yoroow-robinet-de-lavabo-a-une-poignee-en-zinc-eau-froide-robinet-de-lavabo-a-ouverture-rapide-pour-salle-de-bain-robinets-deau-en-plastique\/","url":"https:\/\/www.yoroow.com\/fr\/detail-du-produit\/yoroow-robinet-de-lavabo-a-une-poignee-en-zinc-eau-froide-robinet-de-lavabo-a-ouverture-rapide-pour-salle-de-bain-robinets-deau-en-plastique\/","name":"Modern Single Cold Basin Faucet Hand Taps for Modern Designed Basins Faucet Accessories - YOROOW","isPartOf":{"@id":"https:\/\/www.yoroow.com\/fr\/#website"},"primaryImageOfPage":{"@id":"https:\/\/www.yoroow.com\/fr\/detail-du-produit\/yoroow-robinet-de-lavabo-a-une-poignee-en-zinc-eau-froide-robinet-de-lavabo-a-ouverture-rapide-pour-salle-de-bain-robinets-deau-en-plastique\/#primaryimage"},"image":{"@id":"https:\/\/www.yoroow.com\/fr\/detail-du-produit\/yoroow-robinet-de-lavabo-a-une-poignee-en-zinc-eau-froide-robinet-de-lavabo-a-ouverture-rapide-pour-salle-de-bain-robinets-deau-en-plastique\/#primaryimage"},"thumbnailUrl":"https:\/\/www.yoroow.com\/wp-content\/uploads\/2025\/02\/\u5fae\u4fe1\u56fe\u7247_20210609104054.jpg","datePublished":"2025-02-14T07:43:28+00:00","dateModified":"2025-05-16T01:20:35+00:00","description":"Modern single cold basin faucet hand taps for modern designed basins. Faucet accessories made in China for South American and Southeast Asian export markets.","breadcrumb":{"@id":"https:\/\/www.yoroow.com\/fr\/detail-du-produit\/yoroow-robinet-de-lavabo-a-une-poignee-en-zinc-eau-froide-robinet-de-lavabo-a-ouverture-rapide-pour-salle-de-bain-robinets-deau-en-plastique\/#breadcrumb"},"inLanguage":"fr-FR","potentialAction":[{"@type":"ReadAction","target":["https:\/\/www.yoroow.com\/fr\/detail-du-produit\/yoroow-robinet-de-lavabo-a-une-poignee-en-zinc-eau-froide-robinet-de-lavabo-a-ouverture-rapide-pour-salle-de-bain-robinets-deau-en-plastique\/"]}]},{"@type":"ImageObject","inLanguage":"fr-FR","@id":"https:\/\/www.yoroow.com\/fr\/detail-du-produit\/yoroow-robinet-de-lavabo-a-une-poignee-en-zinc-eau-froide-robinet-de-lavabo-a-ouverture-rapide-pour-salle-de-bain-robinets-deau-en-plastique\/#primaryimage","url":"https:\/\/www.yoroow.com\/wp-content\/uploads\/2025\/02\/\u5fae\u4fe1\u56fe\u7247_20210609104054.jpg","contentUrl":"https:\/\/www.yoroow.com\/wp-content\/uploads\/2025\/02\/\u5fae\u4fe1\u56fe\u7247_20210609104054.jpg","width":700,"height":700,"caption":"Modern Single Cold Basin Faucet Hand Taps for Modern Designed Basins Faucet Accessories"},{"@type":"BreadcrumbList","@id":"https:\/\/www.yoroow.com\/fr\/detail-du-produit\/yoroow-robinet-de-lavabo-a-une-poignee-en-zinc-eau-froide-robinet-de-lavabo-a-ouverture-rapide-pour-salle-de-bain-robinets-deau-en-plastique\/#breadcrumb","itemListElement":[{"@type":"ListItem","position":1,"name":"home","item":"https:\/\/www.yoroow.com\/"},{"@type":"ListItem","position":2,"name":"Product","item":"https:\/\/www.yoroow.com\/product\/"},{"@type":"ListItem","position":3,"name":"Modern Single Cold Basin Faucet Hand Taps for Modern Designed Basins Faucet Accessories"}]},{"@type":"WebSite","@id":"https:\/\/www.yoroow.com\/fr\/#website","url":"https:\/\/www.yoroow.com\/fr\/","name":"YOROOW","description":"","publisher":{"@id":"https:\/\/www.yoroow.com\/fr\/#organization"},"potentialAction":[{"@type":"SearchAction","target":{"@type":"EntryPoint","urlTemplate":"https:\/\/www.yoroow.com\/fr\/?s={search_term_string}"},"query-input":{"@type":"PropertyValueSpecification","valueRequired":true,"valueName":"search_term_string"}}],"inLanguage":"fr-FR"},{"@type":"Organization","@id":"https:\/\/www.yoroow.com\/fr\/#organization","name":"YOROOW","url":"https:\/\/www.yoroow.com\/fr\/","logo":{"@type":"ImageObject","inLanguage":"fr-FR","@id":"https:\/\/www.yoroow.com\/fr\/#\/schema\/logo\/image\/","url":"https:\/\/www.yoroow.com\/wp-content\/uploads\/2024\/12\/2024123007131061.png","contentUrl":"https:\/\/www.yoroow.com\/wp-content\/uploads\/2024\/12\/2024123007131061.png","width":168,"height":27,"caption":"YOROOW"},"image":{"@id":"https:\/\/www.yoroow.com\/fr\/#\/schema\/logo\/image\/"},"sameAs":["https:\/\/www.facebook.com\/people\/yoroowfaucetfactory\/61564236752362\/"]}]}},"_links":{"self":[{"href":"https:\/\/www.yoroow.com\/fr\/wp-json\/wp\/v2\/product\/10175","targetHints":{"allow":["GET"]}}],"collection":[{"href":"https:\/\/www.yoroow.com\/fr\/wp-json\/wp\/v2\/product"}],"about":[{"href":"https:\/\/www.yoroow.com\/fr\/wp-json\/wp\/v2\/types\/product"}],"wp:featuredmedia":[{"embeddable":true,"href":"https:\/\/www.yoroow.com\/fr\/wp-json\/wp\/v2\/media\/10182"}],"wp:attachment":[{"href":"https:\/\/www.yoroow.com\/fr\/wp-json\/wp\/v2\/media?parent=10175"}],"wp:term":[{"taxonomy":"product_brand","embeddable":true,"href":"https:\/\/www.yoroow.com\/fr\/wp-json\/wp\/v2\/product_brand?post=10175"},{"taxonomy":"product_cat","embeddable":true,"href":"https:\/\/www.yoroow.com\/fr\/wp-json\/wp\/v2\/product_cat?post=10175"},{"taxonomy":"product_tag","embeddable":true,"href":"https:\/\/www.yoroow.com\/fr\/wp-json\/wp\/v2\/product_tag?post=10175"}],"curies":[{"name":"wp","href":"https:\/\/api.w.org\/{rel}","templated":true}]}}