{"id":9983,"date":"2025-02-13T17:47:03","date_gmt":"2025-02-13T09:47:03","guid":{"rendered":"https:\/\/www.yoroow.com\/?post_type=product&#038;p=9983"},"modified":"2025-05-16T09:20:22","modified_gmt":"2025-05-16T01:20:22","slug":"yoroow-grifo-de-bano-grifo-de-fregadero-de-agua-fria-grifo-montado-en-la-cubierta-de-bano-lavabo-cuadrado-grifo-de-agua","status":"publish","type":"product","link":"https:\/\/www.yoroow.com\/es\/detalle-del-producto\/yoroow-grifo-de-bano-grifo-de-fregadero-de-agua-fria-grifo-montado-en-la-cubierta-de-bano-lavabo-cuadrado-grifo-de-agua\/","title":{"rendered":"Grifo de lavabo de oro cl\u00e1sico de lujo V\u00e1lvula de cer\u00e1mica N\u00facleo medido Grifo para Villa Supermercado Centro Comercial Apartamento Hotel Taller Uso"},"content":{"rendered":"<p>Este lujoso grifo de lavabo cl\u00e1sico dorado incorpora un n\u00facleo de v\u00e1lvula de cer\u00e1mica para un funcionamiento suave y un control del agua. Su dise\u00f1o con contador lo convierte en una opci\u00f3n excelente para aplicaciones de ahorro de agua en chal\u00e9s, supermercados, centros comerciales, apartamentos, hoteles y talleres. El acabado dorado del grifo a\u00f1ade un toque lujoso a cualquier cuarto de ba\u00f1o o lavabo, lo que lo convierte en la opci\u00f3n preferida para instalaciones de gama alta. Fabricado en China por una f\u00e1brica conocida por su artesan\u00eda y atenci\u00f3n al detalle, este grifo combina estilo y practicidad. Est\u00e1 muy solicitada en Sudam\u00e9rica y el sudeste asi\u00e1tico, donde aumenta la demanda de sanitarios de lujo. La f\u00e1brica ofrece opciones de personalizaci\u00f3n, como grabado de logotipos, soluciones de embalaje y modificaciones de dise\u00f1o, para atender las necesidades espec\u00edficas de los mercados internacionales.<\/p>","protected":false},"excerpt":{"rendered":"<p>Este lujoso grifo de lavabo cl\u00e1sico dorado incorpora un n\u00facleo de v\u00e1lvula de cer\u00e1mica para un funcionamiento suave y un control del agua. Su dise\u00f1o con contador lo convierte en una excelente opci\u00f3n para aplicaciones de ahorro de agua en villas, supermercados, centros comerciales, apartamentos, hoteles y talleres. El acabado dorado del grifo a\u00f1ade un toque lujoso a cualquier cuarto de ba\u00f1o o...<\/p>","protected":false},"featured_media":9804,"template":"","meta":{"_acf_changed":false,"_kad_post_transparent":"default","_kad_post_title":"","_kad_post_layout":"default","_kad_post_sidebar_id":"","_kad_post_content_style":"default","_kad_post_vertical_padding":"default","_kad_post_feature":"","_kad_post_feature_position":"","_kad_post_header":false,"_kad_post_footer":false},"product_brand":[],"product_cat":[219],"product_tag":[3457,3393],"class_list":{"0":"post-9983","1":"product","2":"type-product","3":"status-publish","4":"has-post-thumbnail","6":"product_cat-single-cold-basin-faucet","7":"product_tag-classic-gold-basin-tap","8":"product_tag-luxury-basin-faucet","10":"first","11":"instock","12":"shipping-taxable","13":"purchasable","14":"product-type-variable","15":"wvs-archive-product-wrapper","16":"entry","17":"content-bg","18":"loop-entry"},"acf":[],"yoast_head":"<!-- This site is optimized with the Yoast SEO Premium plugin v25.4 (Yoast SEO v27.0) - https:\/\/yoast.com\/product\/yoast-seo-premium-wordpress\/ -->\n<title>Luxury Classic Gold Basin Tap Ceramic Valve Core Metered Faucet for Villa Supermarket Mall Apartment Hotel Workshop Use - YOROOW<\/title>\n<meta name=\"description\" content=\"Luxury classic gold basin tap with ceramic valve core metered faucet. Suitable for villas, supermarkets, malls, apartments, and hotels. Chinese factory exports focus on South American and Southeast Asian premium markets.\" \/>\n<meta name=\"robots\" content=\"index, follow, max-snippet:-1, max-image-preview:large, max-video-preview:-1\" \/>\n<link rel=\"canonical\" href=\"https:\/\/www.yoroow.com\/es\/detalle-del-producto\/yoroow-grifo-de-bano-grifo-de-fregadero-de-agua-fria-grifo-montado-en-la-cubierta-de-bano-lavabo-cuadrado-grifo-de-agua\/\" \/>\n<meta property=\"og:locale\" content=\"es_ES\" \/>\n<meta property=\"og:type\" content=\"article\" \/>\n<meta property=\"og:title\" content=\"Luxury Classic Gold Basin Tap Ceramic Valve Core Metered Faucet for Villa Supermarket Mall Apartment Hotel Workshop Use\" \/>\n<meta property=\"og:description\" content=\"Luxury classic gold basin tap with ceramic valve core metered faucet. Suitable for villas, supermarkets, malls, apartments, and hotels. Chinese factory exports focus on South American and Southeast Asian premium markets.\" \/>\n<meta property=\"og:url\" content=\"https:\/\/www.yoroow.com\/es\/detalle-del-producto\/yoroow-grifo-de-bano-grifo-de-fregadero-de-agua-fria-grifo-montado-en-la-cubierta-de-bano-lavabo-cuadrado-grifo-de-agua\/\" \/>\n<meta property=\"og:site_name\" content=\"YOROOW\" \/>\n<meta property=\"article:publisher\" content=\"https:\/\/www.facebook.com\/people\/yoroowfaucetfactory\/61564236752362\/\" \/>\n<meta property=\"article:modified_time\" content=\"2025-05-16T01:20:22+00:00\" \/>\n<meta property=\"og:image\" content=\"https:\/\/www.yoroow.com\/wp-content\/uploads\/2025\/02\/\u91d1\u8272.jpg\" \/>\n\t<meta property=\"og:image:width\" content=\"694\" \/>\n\t<meta property=\"og:image:height\" content=\"694\" \/>\n\t<meta property=\"og:image:type\" content=\"image\/jpeg\" \/>\n<meta name=\"twitter:card\" content=\"summary_large_image\" \/>\n<meta name=\"twitter:label1\" content=\"Tiempo de lectura\" \/>\n\t<meta name=\"twitter:data1\" content=\"2 minutos\" \/>\n<script type=\"application\/ld+json\" class=\"yoast-schema-graph\">{\"@context\":\"https:\/\/schema.org\",\"@graph\":[{\"@type\":\"WebPage\",\"@id\":\"https:\/\/www.yoroow.com\/es\/detalle-del-producto\/yoroow-grifo-de-bano-grifo-de-fregadero-de-agua-fria-grifo-montado-en-la-cubierta-de-bano-lavabo-cuadrado-grifo-de-agua\/\",\"url\":\"https:\/\/www.yoroow.com\/es\/detalle-del-producto\/yoroow-grifo-de-bano-grifo-de-fregadero-de-agua-fria-grifo-montado-en-la-cubierta-de-bano-lavabo-cuadrado-grifo-de-agua\/\",\"name\":\"Luxury Classic Gold Basin Tap Ceramic Valve Core Metered Faucet for Villa Supermarket Mall Apartment Hotel Workshop Use - YOROOW\",\"isPartOf\":{\"@id\":\"https:\/\/www.yoroow.com\/es\/#website\"},\"primaryImageOfPage\":{\"@id\":\"https:\/\/www.yoroow.com\/es\/detalle-del-producto\/yoroow-grifo-de-bano-grifo-de-fregadero-de-agua-fria-grifo-montado-en-la-cubierta-de-bano-lavabo-cuadrado-grifo-de-agua\/#primaryimage\"},\"image\":{\"@id\":\"https:\/\/www.yoroow.com\/es\/detalle-del-producto\/yoroow-grifo-de-bano-grifo-de-fregadero-de-agua-fria-grifo-montado-en-la-cubierta-de-bano-lavabo-cuadrado-grifo-de-agua\/#primaryimage\"},\"thumbnailUrl\":\"https:\/\/www.yoroow.com\/wp-content\/uploads\/2025\/02\/\u91d1\u8272.jpg\",\"datePublished\":\"2025-02-13T09:47:03+00:00\",\"dateModified\":\"2025-05-16T01:20:22+00:00\",\"description\":\"Luxury classic gold basin tap with ceramic valve core metered faucet. Suitable for villas, supermarkets, malls, apartments, and hotels. Chinese factory exports focus on South American and Southeast Asian premium markets.\",\"breadcrumb\":{\"@id\":\"https:\/\/www.yoroow.com\/es\/detalle-del-producto\/yoroow-grifo-de-bano-grifo-de-fregadero-de-agua-fria-grifo-montado-en-la-cubierta-de-bano-lavabo-cuadrado-grifo-de-agua\/#breadcrumb\"},\"inLanguage\":\"es\",\"potentialAction\":[{\"@type\":\"ReadAction\",\"target\":[\"https:\/\/www.yoroow.com\/es\/detalle-del-producto\/yoroow-grifo-de-bano-grifo-de-fregadero-de-agua-fria-grifo-montado-en-la-cubierta-de-bano-lavabo-cuadrado-grifo-de-agua\/\"]}]},{\"@type\":\"ImageObject\",\"inLanguage\":\"es\",\"@id\":\"https:\/\/www.yoroow.com\/es\/detalle-del-producto\/yoroow-grifo-de-bano-grifo-de-fregadero-de-agua-fria-grifo-montado-en-la-cubierta-de-bano-lavabo-cuadrado-grifo-de-agua\/#primaryimage\",\"url\":\"https:\/\/www.yoroow.com\/wp-content\/uploads\/2025\/02\/\u91d1\u8272.jpg\",\"contentUrl\":\"https:\/\/www.yoroow.com\/wp-content\/uploads\/2025\/02\/\u91d1\u8272.jpg\",\"width\":694,\"height\":694,\"caption\":\"Good Price Square Chrome Basin Faucet Zinc Alloy Material Cold Water Tap Ceramic Valve Core Metered Faucets for Villa Hotel Use - 9046A4\"},{\"@type\":\"BreadcrumbList\",\"@id\":\"https:\/\/www.yoroow.com\/es\/detalle-del-producto\/yoroow-grifo-de-bano-grifo-de-fregadero-de-agua-fria-grifo-montado-en-la-cubierta-de-bano-lavabo-cuadrado-grifo-de-agua\/#breadcrumb\",\"itemListElement\":[{\"@type\":\"ListItem\",\"position\":1,\"name\":\"home\",\"item\":\"https:\/\/www.yoroow.com\/\"},{\"@type\":\"ListItem\",\"position\":2,\"name\":\"Product\",\"item\":\"https:\/\/www.yoroow.com\/product\/\"},{\"@type\":\"ListItem\",\"position\":3,\"name\":\"Luxury Classic Gold Basin Tap Ceramic Valve Core Metered Faucet for Villa Supermarket Mall Apartment Hotel Workshop Use\"}]},{\"@type\":\"WebSite\",\"@id\":\"https:\/\/www.yoroow.com\/es\/#website\",\"url\":\"https:\/\/www.yoroow.com\/es\/\",\"name\":\"YOROOW\",\"description\":\"\",\"publisher\":{\"@id\":\"https:\/\/www.yoroow.com\/es\/#organization\"},\"potentialAction\":[{\"@type\":\"SearchAction\",\"target\":{\"@type\":\"EntryPoint\",\"urlTemplate\":\"https:\/\/www.yoroow.com\/es\/?s={search_term_string}\"},\"query-input\":{\"@type\":\"PropertyValueSpecification\",\"valueRequired\":true,\"valueName\":\"search_term_string\"}}],\"inLanguage\":\"es\"},{\"@type\":\"Organization\",\"@id\":\"https:\/\/www.yoroow.com\/es\/#organization\",\"name\":\"YOROOW\",\"url\":\"https:\/\/www.yoroow.com\/es\/\",\"logo\":{\"@type\":\"ImageObject\",\"inLanguage\":\"es\",\"@id\":\"https:\/\/www.yoroow.com\/es\/#\/schema\/logo\/image\/\",\"url\":\"https:\/\/www.yoroow.com\/wp-content\/uploads\/2024\/12\/2024123007131061.png\",\"contentUrl\":\"https:\/\/www.yoroow.com\/wp-content\/uploads\/2024\/12\/2024123007131061.png\",\"width\":168,\"height\":27,\"caption\":\"YOROOW\"},\"image\":{\"@id\":\"https:\/\/www.yoroow.com\/es\/#\/schema\/logo\/image\/\"},\"sameAs\":[\"https:\/\/www.facebook.com\/people\/yoroowfaucetfactory\/61564236752362\/\"]}]}<\/script>\n<!-- \/ Yoast SEO Premium plugin. -->","yoast_head_json":{"title":"Luxury Classic Gold Basin Tap Ceramic Valve Core Metered Faucet for Villa Supermarket Mall Apartment Hotel Workshop Use - YOROOW","description":"Luxury classic gold basin tap with ceramic valve core metered faucet. Suitable for villas, supermarkets, malls, apartments, and hotels. Chinese factory exports focus on South American and Southeast Asian premium markets.","robots":{"index":"index","follow":"follow","max-snippet":"max-snippet:-1","max-image-preview":"max-image-preview:large","max-video-preview":"max-video-preview:-1"},"canonical":"https:\/\/www.yoroow.com\/es\/detalle-del-producto\/yoroow-grifo-de-bano-grifo-de-fregadero-de-agua-fria-grifo-montado-en-la-cubierta-de-bano-lavabo-cuadrado-grifo-de-agua\/","og_locale":"es_ES","og_type":"article","og_title":"Luxury Classic Gold Basin Tap Ceramic Valve Core Metered Faucet for Villa Supermarket Mall Apartment Hotel Workshop Use","og_description":"Luxury classic gold basin tap with ceramic valve core metered faucet. Suitable for villas, supermarkets, malls, apartments, and hotels. Chinese factory exports focus on South American and Southeast Asian premium markets.","og_url":"https:\/\/www.yoroow.com\/es\/detalle-del-producto\/yoroow-grifo-de-bano-grifo-de-fregadero-de-agua-fria-grifo-montado-en-la-cubierta-de-bano-lavabo-cuadrado-grifo-de-agua\/","og_site_name":"YOROOW","article_publisher":"https:\/\/www.facebook.com\/people\/yoroowfaucetfactory\/61564236752362\/","article_modified_time":"2025-05-16T01:20:22+00:00","og_image":[{"width":694,"height":694,"url":"https:\/\/www.yoroow.com\/wp-content\/uploads\/2025\/02\/\u91d1\u8272.jpg","type":"image\/jpeg"}],"twitter_card":"summary_large_image","twitter_misc":{"Tiempo de lectura":"2 minutos"},"schema":{"@context":"https:\/\/schema.org","@graph":[{"@type":"WebPage","@id":"https:\/\/www.yoroow.com\/es\/detalle-del-producto\/yoroow-grifo-de-bano-grifo-de-fregadero-de-agua-fria-grifo-montado-en-la-cubierta-de-bano-lavabo-cuadrado-grifo-de-agua\/","url":"https:\/\/www.yoroow.com\/es\/detalle-del-producto\/yoroow-grifo-de-bano-grifo-de-fregadero-de-agua-fria-grifo-montado-en-la-cubierta-de-bano-lavabo-cuadrado-grifo-de-agua\/","name":"Luxury Classic Gold Basin Tap Ceramic Valve Core Metered Faucet for Villa Supermarket Mall Apartment Hotel Workshop Use - YOROOW","isPartOf":{"@id":"https:\/\/www.yoroow.com\/es\/#website"},"primaryImageOfPage":{"@id":"https:\/\/www.yoroow.com\/es\/detalle-del-producto\/yoroow-grifo-de-bano-grifo-de-fregadero-de-agua-fria-grifo-montado-en-la-cubierta-de-bano-lavabo-cuadrado-grifo-de-agua\/#primaryimage"},"image":{"@id":"https:\/\/www.yoroow.com\/es\/detalle-del-producto\/yoroow-grifo-de-bano-grifo-de-fregadero-de-agua-fria-grifo-montado-en-la-cubierta-de-bano-lavabo-cuadrado-grifo-de-agua\/#primaryimage"},"thumbnailUrl":"https:\/\/www.yoroow.com\/wp-content\/uploads\/2025\/02\/\u91d1\u8272.jpg","datePublished":"2025-02-13T09:47:03+00:00","dateModified":"2025-05-16T01:20:22+00:00","description":"Luxury classic gold basin tap with ceramic valve core metered faucet. Suitable for villas, supermarkets, malls, apartments, and hotels. Chinese factory exports focus on South American and Southeast Asian premium markets.","breadcrumb":{"@id":"https:\/\/www.yoroow.com\/es\/detalle-del-producto\/yoroow-grifo-de-bano-grifo-de-fregadero-de-agua-fria-grifo-montado-en-la-cubierta-de-bano-lavabo-cuadrado-grifo-de-agua\/#breadcrumb"},"inLanguage":"es","potentialAction":[{"@type":"ReadAction","target":["https:\/\/www.yoroow.com\/es\/detalle-del-producto\/yoroow-grifo-de-bano-grifo-de-fregadero-de-agua-fria-grifo-montado-en-la-cubierta-de-bano-lavabo-cuadrado-grifo-de-agua\/"]}]},{"@type":"ImageObject","inLanguage":"es","@id":"https:\/\/www.yoroow.com\/es\/detalle-del-producto\/yoroow-grifo-de-bano-grifo-de-fregadero-de-agua-fria-grifo-montado-en-la-cubierta-de-bano-lavabo-cuadrado-grifo-de-agua\/#primaryimage","url":"https:\/\/www.yoroow.com\/wp-content\/uploads\/2025\/02\/\u91d1\u8272.jpg","contentUrl":"https:\/\/www.yoroow.com\/wp-content\/uploads\/2025\/02\/\u91d1\u8272.jpg","width":694,"height":694,"caption":"Good Price Square Chrome Basin Faucet Zinc Alloy Material Cold Water Tap Ceramic Valve Core Metered Faucets for Villa Hotel Use - 9046A4"},{"@type":"BreadcrumbList","@id":"https:\/\/www.yoroow.com\/es\/detalle-del-producto\/yoroow-grifo-de-bano-grifo-de-fregadero-de-agua-fria-grifo-montado-en-la-cubierta-de-bano-lavabo-cuadrado-grifo-de-agua\/#breadcrumb","itemListElement":[{"@type":"ListItem","position":1,"name":"home","item":"https:\/\/www.yoroow.com\/"},{"@type":"ListItem","position":2,"name":"Product","item":"https:\/\/www.yoroow.com\/product\/"},{"@type":"ListItem","position":3,"name":"Luxury Classic Gold Basin Tap Ceramic Valve Core Metered Faucet for Villa Supermarket Mall Apartment Hotel Workshop Use"}]},{"@type":"WebSite","@id":"https:\/\/www.yoroow.com\/es\/#website","url":"https:\/\/www.yoroow.com\/es\/","name":"YOROOW","description":"","publisher":{"@id":"https:\/\/www.yoroow.com\/es\/#organization"},"potentialAction":[{"@type":"SearchAction","target":{"@type":"EntryPoint","urlTemplate":"https:\/\/www.yoroow.com\/es\/?s={search_term_string}"},"query-input":{"@type":"PropertyValueSpecification","valueRequired":true,"valueName":"search_term_string"}}],"inLanguage":"es"},{"@type":"Organization","@id":"https:\/\/www.yoroow.com\/es\/#organization","name":"YOROOW","url":"https:\/\/www.yoroow.com\/es\/","logo":{"@type":"ImageObject","inLanguage":"es","@id":"https:\/\/www.yoroow.com\/es\/#\/schema\/logo\/image\/","url":"https:\/\/www.yoroow.com\/wp-content\/uploads\/2024\/12\/2024123007131061.png","contentUrl":"https:\/\/www.yoroow.com\/wp-content\/uploads\/2024\/12\/2024123007131061.png","width":168,"height":27,"caption":"YOROOW"},"image":{"@id":"https:\/\/www.yoroow.com\/es\/#\/schema\/logo\/image\/"},"sameAs":["https:\/\/www.facebook.com\/people\/yoroowfaucetfactory\/61564236752362\/"]}]}},"_links":{"self":[{"href":"https:\/\/www.yoroow.com\/es\/wp-json\/wp\/v2\/product\/9983","targetHints":{"allow":["GET"]}}],"collection":[{"href":"https:\/\/www.yoroow.com\/es\/wp-json\/wp\/v2\/product"}],"about":[{"href":"https:\/\/www.yoroow.com\/es\/wp-json\/wp\/v2\/types\/product"}],"wp:featuredmedia":[{"embeddable":true,"href":"https:\/\/www.yoroow.com\/es\/wp-json\/wp\/v2\/media\/9804"}],"wp:attachment":[{"href":"https:\/\/www.yoroow.com\/es\/wp-json\/wp\/v2\/media?parent=9983"}],"wp:term":[{"taxonomy":"product_brand","embeddable":true,"href":"https:\/\/www.yoroow.com\/es\/wp-json\/wp\/v2\/product_brand?post=9983"},{"taxonomy":"product_cat","embeddable":true,"href":"https:\/\/www.yoroow.com\/es\/wp-json\/wp\/v2\/product_cat?post=9983"},{"taxonomy":"product_tag","embeddable":true,"href":"https:\/\/www.yoroow.com\/es\/wp-json\/wp\/v2\/product_tag?post=9983"}],"curies":[{"name":"wp","href":"https:\/\/api.w.org\/{rel}","templated":true}]}}