{"id":9973,"date":"2025-02-13T17:26:31","date_gmt":"2025-02-13T09:26:31","guid":{"rendered":"https:\/\/www.yoroow.com\/?post_type=product&#038;p=9973"},"modified":"2025-05-16T09:20:20","modified_gmt":"2025-05-16T01:20:20","slug":"buen-precio-moderno-laton-cromado-cascada-grifo-unico-frio-flexible-grifo-del-fregadero-de-la-cocina-grifo-de-la-cocina","status":"publish","type":"product","link":"https:\/\/www.yoroow.com\/es\/detalle-del-producto\/buen-precio-moderno-laton-cromado-cascada-grifo-unico-frio-flexible-grifo-del-fregadero-de-la-cocina-grifo-de-la-cocina\/","title":{"rendered":"Buen precio moderno lat\u00f3n cromado montado en la pared grifo de la cocina de un solo fr\u00edo grifo de fregadero flexible de doble asa grifos de cocina grifo"},"content":{"rendered":"<p>Este moderno grifo de cocina de lat\u00f3n cromado montado en la pared cuenta con un \u00fanico grifo de fregadero flexible fr\u00edo con dos asas para un control preciso del agua. El grifo est\u00e1 dise\u00f1ado para ofrecer practicidad y elegancia, por lo que es un complemento ideal para cualquier cocina. La duradera construcci\u00f3n de lat\u00f3n cromado garantiza que el grifo sea resistente a la corrosi\u00f3n y al desgaste, mientras que el dise\u00f1o flexible del grifo de fregadero facilita su uso para diversas tareas. Fabricado en China por una f\u00e1brica famosa por sus grifos de alta calidad, este producto es conocido por su durabilidad y relaci\u00f3n calidad-precio. Es una opci\u00f3n popular para exportar a Sudam\u00e9rica y el sudeste asi\u00e1tico, donde la demanda de accesorios de cocina de calidad pero asequibles es fuerte. La f\u00e1brica ofrece servicios OEM, que permiten personalizar el embalaje, el dise\u00f1o y la marca para satisfacer las necesidades de los mercados internacionales.<\/p>","protected":false},"excerpt":{"rendered":"<p>This modern chrome brass wall-mounted kitchen faucet features a single cold flexible sink faucet with dual handles for precise water control. The faucet is designed to offer both practicality and elegance, making it an ideal addition to any kitchen. The durable chrome brass construction ensures that the faucet is resistant to corrosion and wear, while&#8230;<\/p>","protected":false},"featured_media":19113,"template":"","meta":{"_acf_changed":false,"_kad_post_transparent":"default","_kad_post_title":"","_kad_post_layout":"default","_kad_post_sidebar_id":"","_kad_post_content_style":"default","_kad_post_vertical_padding":"default","_kad_post_feature":"","_kad_post_feature_position":"","_kad_post_header":false,"_kad_post_footer":false},"product_brand":[],"product_cat":[102,223],"product_tag":[3319,3360],"class_list":{"0":"post-9973","1":"product","2":"type-product","3":"status-publish","4":"has-post-thumbnail","6":"product_cat-kitchen-faucet","7":"product_cat-wall-mounted-kitchen-faucet","8":"product_tag-dual-handle-kitchen-faucet-taps","9":"product_tag-kitchen-taps-double-hole","11":"first","12":"instock","13":"shipping-taxable","14":"purchasable","15":"product-type-variable","16":"wvs-archive-product-wrapper","17":"entry","18":"content-bg","19":"loop-entry"},"acf":[],"yoast_head":"<!-- This site is optimized with the Yoast SEO Premium plugin v25.4 (Yoast SEO v27.0) - https:\/\/yoast.com\/product\/yoast-seo-premium-wordpress\/ -->\n<title>Good Price Modern Chrome Brass Wall Mounted Kitchen Faucet Single Cold Flexible Sink Faucet Dual Handle Kitchen Taps Faucet - YOROOW<\/title>\n<meta name=\"description\" content=\"Good price modern chrome brass wall mounted kitchen faucet. Single cold flexible sink faucet with dual handle design. Manufactured in China for export to South America and Southeast Asia markets.\" \/>\n<meta name=\"robots\" content=\"index, follow, max-snippet:-1, max-image-preview:large, max-video-preview:-1\" \/>\n<link rel=\"canonical\" href=\"https:\/\/www.yoroow.com\/es\/detalle-del-producto\/buen-precio-moderno-laton-cromado-cascada-grifo-unico-frio-flexible-grifo-del-fregadero-de-la-cocina-grifo-de-la-cocina\/\" \/>\n<meta property=\"og:locale\" content=\"es_ES\" \/>\n<meta property=\"og:type\" content=\"article\" \/>\n<meta property=\"og:title\" content=\"Good Price Modern Chrome Brass Wall Mounted Kitchen Faucet Single Cold Flexible Sink Faucet Dual Handle Kitchen Taps Faucet\" \/>\n<meta property=\"og:description\" content=\"Good price modern chrome brass wall mounted kitchen faucet. Single cold flexible sink faucet with dual handle design. Manufactured in China for export to South America and Southeast Asia markets.\" \/>\n<meta property=\"og:url\" content=\"https:\/\/www.yoroow.com\/es\/detalle-del-producto\/buen-precio-moderno-laton-cromado-cascada-grifo-unico-frio-flexible-grifo-del-fregadero-de-la-cocina-grifo-de-la-cocina\/\" \/>\n<meta property=\"og:site_name\" content=\"YOROOW\" \/>\n<meta property=\"article:publisher\" content=\"https:\/\/www.facebook.com\/people\/yoroowfaucetfactory\/61564236752362\/\" \/>\n<meta property=\"article:modified_time\" content=\"2025-05-16T01:20:20+00:00\" \/>\n<meta property=\"og:image\" content=\"https:\/\/www.yoroow.com\/wp-content\/uploads\/2025\/02\/7963C-098P-Y93.jpg\" \/>\n\t<meta property=\"og:image:width\" content=\"2560\" \/>\n\t<meta property=\"og:image:height\" content=\"2560\" \/>\n\t<meta property=\"og:image:type\" content=\"image\/jpeg\" \/>\n<meta name=\"twitter:card\" content=\"summary_large_image\" \/>\n<meta name=\"twitter:label1\" content=\"Tiempo de lectura\" \/>\n\t<meta name=\"twitter:data1\" content=\"2 minutos\" \/>\n<script type=\"application\/ld+json\" class=\"yoast-schema-graph\">{\"@context\":\"https:\/\/schema.org\",\"@graph\":[{\"@type\":\"WebPage\",\"@id\":\"https:\/\/www.yoroow.com\/es\/detalle-del-producto\/buen-precio-moderno-laton-cromado-cascada-grifo-unico-frio-flexible-grifo-del-fregadero-de-la-cocina-grifo-de-la-cocina\/\",\"url\":\"https:\/\/www.yoroow.com\/es\/detalle-del-producto\/buen-precio-moderno-laton-cromado-cascada-grifo-unico-frio-flexible-grifo-del-fregadero-de-la-cocina-grifo-de-la-cocina\/\",\"name\":\"Good Price Modern Chrome Brass Wall Mounted Kitchen Faucet Single Cold Flexible Sink Faucet Dual Handle Kitchen Taps Faucet - YOROOW\",\"isPartOf\":{\"@id\":\"https:\/\/www.yoroow.com\/es\/#website\"},\"primaryImageOfPage\":{\"@id\":\"https:\/\/www.yoroow.com\/es\/detalle-del-producto\/buen-precio-moderno-laton-cromado-cascada-grifo-unico-frio-flexible-grifo-del-fregadero-de-la-cocina-grifo-de-la-cocina\/#primaryimage\"},\"image\":{\"@id\":\"https:\/\/www.yoroow.com\/es\/detalle-del-producto\/buen-precio-moderno-laton-cromado-cascada-grifo-unico-frio-flexible-grifo-del-fregadero-de-la-cocina-grifo-de-la-cocina\/#primaryimage\"},\"thumbnailUrl\":\"https:\/\/www.yoroow.com\/wp-content\/uploads\/2025\/02\/7963C-098P-Y93.jpg\",\"datePublished\":\"2025-02-13T09:26:31+00:00\",\"dateModified\":\"2025-05-16T01:20:20+00:00\",\"description\":\"Good price modern chrome brass wall mounted kitchen faucet. Single cold flexible sink faucet with dual handle design. Manufactured in China for export to South America and Southeast Asia markets.\",\"breadcrumb\":{\"@id\":\"https:\/\/www.yoroow.com\/es\/detalle-del-producto\/buen-precio-moderno-laton-cromado-cascada-grifo-unico-frio-flexible-grifo-del-fregadero-de-la-cocina-grifo-de-la-cocina\/#breadcrumb\"},\"inLanguage\":\"es\",\"potentialAction\":[{\"@type\":\"ReadAction\",\"target\":[\"https:\/\/www.yoroow.com\/es\/detalle-del-producto\/buen-precio-moderno-laton-cromado-cascada-grifo-unico-frio-flexible-grifo-del-fregadero-de-la-cocina-grifo-de-la-cocina\/\"]}]},{\"@type\":\"ImageObject\",\"inLanguage\":\"es\",\"@id\":\"https:\/\/www.yoroow.com\/es\/detalle-del-producto\/buen-precio-moderno-laton-cromado-cascada-grifo-unico-frio-flexible-grifo-del-fregadero-de-la-cocina-grifo-de-la-cocina\/#primaryimage\",\"url\":\"https:\/\/www.yoroow.com\/wp-content\/uploads\/2025\/02\/7963C-098P-Y93.jpg\",\"contentUrl\":\"https:\/\/www.yoroow.com\/wp-content\/uploads\/2025\/02\/7963C-098P-Y93.jpg\",\"width\":2560,\"height\":2560,\"caption\":\"Good Price Modern Chrome Brass Wall Mounted Kitchen Faucet Single Cold Flexible Sink Faucet Dual Handle Kitchen Taps Faucet\"},{\"@type\":\"BreadcrumbList\",\"@id\":\"https:\/\/www.yoroow.com\/es\/detalle-del-producto\/buen-precio-moderno-laton-cromado-cascada-grifo-unico-frio-flexible-grifo-del-fregadero-de-la-cocina-grifo-de-la-cocina\/#breadcrumb\",\"itemListElement\":[{\"@type\":\"ListItem\",\"position\":1,\"name\":\"home\",\"item\":\"https:\/\/www.yoroow.com\/\"},{\"@type\":\"ListItem\",\"position\":2,\"name\":\"Product\",\"item\":\"https:\/\/www.yoroow.com\/product\/\"},{\"@type\":\"ListItem\",\"position\":3,\"name\":\"Good Price Modern Chrome Brass Wall Mounted Kitchen Faucet Single Cold Flexible Sink Faucet Dual Handle Kitchen Taps Faucet\"}]},{\"@type\":\"WebSite\",\"@id\":\"https:\/\/www.yoroow.com\/es\/#website\",\"url\":\"https:\/\/www.yoroow.com\/es\/\",\"name\":\"YOROOW\",\"description\":\"\",\"publisher\":{\"@id\":\"https:\/\/www.yoroow.com\/es\/#organization\"},\"potentialAction\":[{\"@type\":\"SearchAction\",\"target\":{\"@type\":\"EntryPoint\",\"urlTemplate\":\"https:\/\/www.yoroow.com\/es\/?s={search_term_string}\"},\"query-input\":{\"@type\":\"PropertyValueSpecification\",\"valueRequired\":true,\"valueName\":\"search_term_string\"}}],\"inLanguage\":\"es\"},{\"@type\":\"Organization\",\"@id\":\"https:\/\/www.yoroow.com\/es\/#organization\",\"name\":\"YOROOW\",\"url\":\"https:\/\/www.yoroow.com\/es\/\",\"logo\":{\"@type\":\"ImageObject\",\"inLanguage\":\"es\",\"@id\":\"https:\/\/www.yoroow.com\/es\/#\/schema\/logo\/image\/\",\"url\":\"https:\/\/www.yoroow.com\/wp-content\/uploads\/2024\/12\/2024123007131061.png\",\"contentUrl\":\"https:\/\/www.yoroow.com\/wp-content\/uploads\/2024\/12\/2024123007131061.png\",\"width\":168,\"height\":27,\"caption\":\"YOROOW\"},\"image\":{\"@id\":\"https:\/\/www.yoroow.com\/es\/#\/schema\/logo\/image\/\"},\"sameAs\":[\"https:\/\/www.facebook.com\/people\/yoroowfaucetfactory\/61564236752362\/\"]}]}<\/script>\n<!-- \/ Yoast SEO Premium plugin. -->","yoast_head_json":{"title":"Good Price Modern Chrome Brass Wall Mounted Kitchen Faucet Single Cold Flexible Sink Faucet Dual Handle Kitchen Taps Faucet - YOROOW","description":"Good price modern chrome brass wall mounted kitchen faucet. Single cold flexible sink faucet with dual handle design. Manufactured in China for export to South America and Southeast Asia markets.","robots":{"index":"index","follow":"follow","max-snippet":"max-snippet:-1","max-image-preview":"max-image-preview:large","max-video-preview":"max-video-preview:-1"},"canonical":"https:\/\/www.yoroow.com\/es\/detalle-del-producto\/buen-precio-moderno-laton-cromado-cascada-grifo-unico-frio-flexible-grifo-del-fregadero-de-la-cocina-grifo-de-la-cocina\/","og_locale":"es_ES","og_type":"article","og_title":"Good Price Modern Chrome Brass Wall Mounted Kitchen Faucet Single Cold Flexible Sink Faucet Dual Handle Kitchen Taps Faucet","og_description":"Good price modern chrome brass wall mounted kitchen faucet. Single cold flexible sink faucet with dual handle design. Manufactured in China for export to South America and Southeast Asia markets.","og_url":"https:\/\/www.yoroow.com\/es\/detalle-del-producto\/buen-precio-moderno-laton-cromado-cascada-grifo-unico-frio-flexible-grifo-del-fregadero-de-la-cocina-grifo-de-la-cocina\/","og_site_name":"YOROOW","article_publisher":"https:\/\/www.facebook.com\/people\/yoroowfaucetfactory\/61564236752362\/","article_modified_time":"2025-05-16T01:20:20+00:00","og_image":[{"width":2560,"height":2560,"url":"https:\/\/www.yoroow.com\/wp-content\/uploads\/2025\/02\/7963C-098P-Y93.jpg","type":"image\/jpeg"}],"twitter_card":"summary_large_image","twitter_misc":{"Tiempo de lectura":"2 minutos"},"schema":{"@context":"https:\/\/schema.org","@graph":[{"@type":"WebPage","@id":"https:\/\/www.yoroow.com\/es\/detalle-del-producto\/buen-precio-moderno-laton-cromado-cascada-grifo-unico-frio-flexible-grifo-del-fregadero-de-la-cocina-grifo-de-la-cocina\/","url":"https:\/\/www.yoroow.com\/es\/detalle-del-producto\/buen-precio-moderno-laton-cromado-cascada-grifo-unico-frio-flexible-grifo-del-fregadero-de-la-cocina-grifo-de-la-cocina\/","name":"Good Price Modern Chrome Brass Wall Mounted Kitchen Faucet Single Cold Flexible Sink Faucet Dual Handle Kitchen Taps Faucet - YOROOW","isPartOf":{"@id":"https:\/\/www.yoroow.com\/es\/#website"},"primaryImageOfPage":{"@id":"https:\/\/www.yoroow.com\/es\/detalle-del-producto\/buen-precio-moderno-laton-cromado-cascada-grifo-unico-frio-flexible-grifo-del-fregadero-de-la-cocina-grifo-de-la-cocina\/#primaryimage"},"image":{"@id":"https:\/\/www.yoroow.com\/es\/detalle-del-producto\/buen-precio-moderno-laton-cromado-cascada-grifo-unico-frio-flexible-grifo-del-fregadero-de-la-cocina-grifo-de-la-cocina\/#primaryimage"},"thumbnailUrl":"https:\/\/www.yoroow.com\/wp-content\/uploads\/2025\/02\/7963C-098P-Y93.jpg","datePublished":"2025-02-13T09:26:31+00:00","dateModified":"2025-05-16T01:20:20+00:00","description":"Good price modern chrome brass wall mounted kitchen faucet. Single cold flexible sink faucet with dual handle design. Manufactured in China for export to South America and Southeast Asia markets.","breadcrumb":{"@id":"https:\/\/www.yoroow.com\/es\/detalle-del-producto\/buen-precio-moderno-laton-cromado-cascada-grifo-unico-frio-flexible-grifo-del-fregadero-de-la-cocina-grifo-de-la-cocina\/#breadcrumb"},"inLanguage":"es","potentialAction":[{"@type":"ReadAction","target":["https:\/\/www.yoroow.com\/es\/detalle-del-producto\/buen-precio-moderno-laton-cromado-cascada-grifo-unico-frio-flexible-grifo-del-fregadero-de-la-cocina-grifo-de-la-cocina\/"]}]},{"@type":"ImageObject","inLanguage":"es","@id":"https:\/\/www.yoroow.com\/es\/detalle-del-producto\/buen-precio-moderno-laton-cromado-cascada-grifo-unico-frio-flexible-grifo-del-fregadero-de-la-cocina-grifo-de-la-cocina\/#primaryimage","url":"https:\/\/www.yoroow.com\/wp-content\/uploads\/2025\/02\/7963C-098P-Y93.jpg","contentUrl":"https:\/\/www.yoroow.com\/wp-content\/uploads\/2025\/02\/7963C-098P-Y93.jpg","width":2560,"height":2560,"caption":"Good Price Modern Chrome Brass Wall Mounted Kitchen Faucet Single Cold Flexible Sink Faucet Dual Handle Kitchen Taps Faucet"},{"@type":"BreadcrumbList","@id":"https:\/\/www.yoroow.com\/es\/detalle-del-producto\/buen-precio-moderno-laton-cromado-cascada-grifo-unico-frio-flexible-grifo-del-fregadero-de-la-cocina-grifo-de-la-cocina\/#breadcrumb","itemListElement":[{"@type":"ListItem","position":1,"name":"home","item":"https:\/\/www.yoroow.com\/"},{"@type":"ListItem","position":2,"name":"Product","item":"https:\/\/www.yoroow.com\/product\/"},{"@type":"ListItem","position":3,"name":"Good Price Modern Chrome Brass Wall Mounted Kitchen Faucet Single Cold Flexible Sink Faucet Dual Handle Kitchen Taps Faucet"}]},{"@type":"WebSite","@id":"https:\/\/www.yoroow.com\/es\/#website","url":"https:\/\/www.yoroow.com\/es\/","name":"YOROOW","description":"","publisher":{"@id":"https:\/\/www.yoroow.com\/es\/#organization"},"potentialAction":[{"@type":"SearchAction","target":{"@type":"EntryPoint","urlTemplate":"https:\/\/www.yoroow.com\/es\/?s={search_term_string}"},"query-input":{"@type":"PropertyValueSpecification","valueRequired":true,"valueName":"search_term_string"}}],"inLanguage":"es"},{"@type":"Organization","@id":"https:\/\/www.yoroow.com\/es\/#organization","name":"YOROOW","url":"https:\/\/www.yoroow.com\/es\/","logo":{"@type":"ImageObject","inLanguage":"es","@id":"https:\/\/www.yoroow.com\/es\/#\/schema\/logo\/image\/","url":"https:\/\/www.yoroow.com\/wp-content\/uploads\/2024\/12\/2024123007131061.png","contentUrl":"https:\/\/www.yoroow.com\/wp-content\/uploads\/2024\/12\/2024123007131061.png","width":168,"height":27,"caption":"YOROOW"},"image":{"@id":"https:\/\/www.yoroow.com\/es\/#\/schema\/logo\/image\/"},"sameAs":["https:\/\/www.facebook.com\/people\/yoroowfaucetfactory\/61564236752362\/"]}]}},"_links":{"self":[{"href":"https:\/\/www.yoroow.com\/es\/wp-json\/wp\/v2\/product\/9973","targetHints":{"allow":["GET"]}}],"collection":[{"href":"https:\/\/www.yoroow.com\/es\/wp-json\/wp\/v2\/product"}],"about":[{"href":"https:\/\/www.yoroow.com\/es\/wp-json\/wp\/v2\/types\/product"}],"wp:featuredmedia":[{"embeddable":true,"href":"https:\/\/www.yoroow.com\/es\/wp-json\/wp\/v2\/media\/19113"}],"wp:attachment":[{"href":"https:\/\/www.yoroow.com\/es\/wp-json\/wp\/v2\/media?parent=9973"}],"wp:term":[{"taxonomy":"product_brand","embeddable":true,"href":"https:\/\/www.yoroow.com\/es\/wp-json\/wp\/v2\/product_brand?post=9973"},{"taxonomy":"product_cat","embeddable":true,"href":"https:\/\/www.yoroow.com\/es\/wp-json\/wp\/v2\/product_cat?post=9973"},{"taxonomy":"product_tag","embeddable":true,"href":"https:\/\/www.yoroow.com\/es\/wp-json\/wp\/v2\/product_tag?post=9973"}],"curies":[{"name":"wp","href":"https:\/\/api.w.org\/{rel}","templated":true}]}}