{"id":9953,"date":"2025-02-13T17:01:50","date_gmt":"2025-02-13T09:01:50","guid":{"rendered":"https:\/\/www.yoroow.com\/?post_type=product&#038;p=9953"},"modified":"2025-05-16T09:19:50","modified_gmt":"2025-05-16T01:19:50","slug":"lujo-moderno-laton-pistola-griswaterfall-grifo-unico-frio-flexible-grifo-del-fregadero-de-la-cocina-grifo-de-la-ducha-de-la-cocina","status":"publish","type":"product","link":"https:\/\/www.yoroow.com\/es\/detalle-del-producto\/lujo-moderno-laton-pistola-griswaterfall-grifo-unico-frio-flexible-grifo-del-fregadero-de-la-cocina-grifo-de-la-ducha-de-la-cocina\/","title":{"rendered":"Lujo moderno lat\u00f3n montado en la pared grifo de la cocina flexible pistola gris WaterFall grifo del fregadero grifo de la cocina grifo de la ducha cascada de dise\u00f1o"},"content":{"rendered":"<p>Este moderno y lujoso grifo de cocina de lat\u00f3n montado en la pared presenta un dise\u00f1o flexible en gris pistola, perfecto para a\u00f1adir un toque de elegancia y funcionalidad a cualquier cocina. El dise\u00f1o del grifo del fregadero en cascada garantiza un flujo de agua suave e ininterrumpido, creando una experiencia de lujo cada vez que se utiliza. Con una duradera construcci\u00f3n de lat\u00f3n, este grifo est\u00e1 hecho para durar y proporciona una excelente resistencia a la corrosi\u00f3n y al desgaste. El grifo est\u00e1 equipado con una funci\u00f3n de grifo de ducha para opciones vers\u00e1tiles de flujo de agua, por lo que es ideal para diversas tareas de cocina. Fabricado en China por una f\u00e1brica conocida por su experiencia en la producci\u00f3n de grifos de cocina de alta gama, este grifo ofrece estilo y funcionalidad. Es especialmente popular en los mercados de Sudam\u00e9rica y el sudeste asi\u00e1tico, donde hay una gran demanda de accesorios de cocina modernos y lujosos. La f\u00e1brica ofrece servicios OEM para personalizar el dise\u00f1o, el embalaje y la marca, lo que la convierte en la opci\u00f3n perfecta para la exportaci\u00f3n.<\/p>","protected":false},"excerpt":{"rendered":"<p>This luxury modern brass wall-mounted kitchen faucet features a flexible gun grey design, perfect for adding a touch of elegance and functionality to any kitchen. The waterfall sink faucet design ensures a smooth and uninterrupted flow of water, creating a luxurious experience every time it is used. With a durable brass construction, this faucet is&#8230;<\/p>","protected":false},"featured_media":9961,"template":"","meta":{"_acf_changed":false,"_kad_post_transparent":"default","_kad_post_title":"","_kad_post_layout":"default","_kad_post_sidebar_id":"","_kad_post_content_style":"default","_kad_post_vertical_padding":"default","_kad_post_feature":"","_kad_post_feature_position":"","_kad_post_header":false,"_kad_post_footer":false},"product_brand":[],"product_cat":[102,223],"product_tag":[3310,3353],"class_list":{"0":"post-9953","1":"product","2":"type-product","3":"status-publish","4":"has-post-thumbnail","6":"product_cat-kitchen-faucet","7":"product_cat-wall-mounted-kitchen-faucet","8":"product_tag-kitchen-tap-water","9":"product_tag-kitchen-taps-wall-mounted","11":"first","12":"instock","13":"shipping-taxable","14":"purchasable","15":"product-type-variable","16":"wvs-archive-product-wrapper","17":"entry","18":"content-bg","19":"loop-entry"},"acf":[],"yoast_head":"<!-- This site is optimized with the Yoast SEO Premium plugin v25.4 (Yoast SEO v27.0) - https:\/\/yoast.com\/product\/yoast-seo-premium-wordpress\/ -->\n<title>Luxury Modern Brass Wall Mounted Kitchen Faucet Flexible Gun Grey WaterFall Sink Faucet Kitchen Tap Shower Tap Waterfall Design - YOROOW<\/title>\n<meta name=\"description\" content=\"Luxury modern brass wall mounted kitchen faucet with flexible gun grey waterfall design. Sink faucet with shower tap functionality. Made in China and exported to South America and Southeast Asia.\" \/>\n<meta name=\"robots\" content=\"index, follow, max-snippet:-1, max-image-preview:large, max-video-preview:-1\" \/>\n<link rel=\"canonical\" href=\"https:\/\/www.yoroow.com\/es\/detalle-del-producto\/lujo-moderno-laton-pistola-griswaterfall-grifo-unico-frio-flexible-grifo-del-fregadero-de-la-cocina-grifo-de-la-ducha-de-la-cocina\/\" \/>\n<meta property=\"og:locale\" content=\"es_ES\" \/>\n<meta property=\"og:type\" content=\"article\" \/>\n<meta property=\"og:title\" content=\"Luxury Modern Brass Wall Mounted Kitchen Faucet Flexible Gun Grey WaterFall Sink Faucet Kitchen Tap Shower Tap Waterfall Design\" \/>\n<meta property=\"og:description\" content=\"Luxury modern brass wall mounted kitchen faucet with flexible gun grey waterfall design. Sink faucet with shower tap functionality. Made in China and exported to South America and Southeast Asia.\" \/>\n<meta property=\"og:url\" content=\"https:\/\/www.yoroow.com\/es\/detalle-del-producto\/lujo-moderno-laton-pistola-griswaterfall-grifo-unico-frio-flexible-grifo-del-fregadero-de-la-cocina-grifo-de-la-ducha-de-la-cocina\/\" \/>\n<meta property=\"og:site_name\" content=\"YOROOW\" \/>\n<meta property=\"article:publisher\" content=\"https:\/\/www.facebook.com\/people\/yoroowfaucetfactory\/61564236752362\/\" \/>\n<meta property=\"article:modified_time\" content=\"2025-05-16T01:19:50+00:00\" \/>\n<meta property=\"og:image\" content=\"https:\/\/www.yoroow.com\/wp-content\/uploads\/2025\/02\/\u4e3b\u56fe_4-scaled.jpg\" \/>\n\t<meta property=\"og:image:width\" content=\"2560\" \/>\n\t<meta property=\"og:image:height\" content=\"2560\" \/>\n\t<meta property=\"og:image:type\" content=\"image\/jpeg\" \/>\n<meta name=\"twitter:card\" content=\"summary_large_image\" \/>\n<meta name=\"twitter:label1\" content=\"Tiempo de lectura\" \/>\n\t<meta name=\"twitter:data1\" content=\"2 minutos\" \/>\n<script type=\"application\/ld+json\" class=\"yoast-schema-graph\">{\"@context\":\"https:\/\/schema.org\",\"@graph\":[{\"@type\":\"WebPage\",\"@id\":\"https:\/\/www.yoroow.com\/es\/detalle-del-producto\/lujo-moderno-laton-pistola-griswaterfall-grifo-unico-frio-flexible-grifo-del-fregadero-de-la-cocina-grifo-de-la-ducha-de-la-cocina\/\",\"url\":\"https:\/\/www.yoroow.com\/es\/detalle-del-producto\/lujo-moderno-laton-pistola-griswaterfall-grifo-unico-frio-flexible-grifo-del-fregadero-de-la-cocina-grifo-de-la-ducha-de-la-cocina\/\",\"name\":\"Luxury Modern Brass Wall Mounted Kitchen Faucet Flexible Gun Grey WaterFall Sink Faucet Kitchen Tap Shower Tap Waterfall Design - YOROOW\",\"isPartOf\":{\"@id\":\"https:\/\/www.yoroow.com\/es\/#website\"},\"primaryImageOfPage\":{\"@id\":\"https:\/\/www.yoroow.com\/es\/detalle-del-producto\/lujo-moderno-laton-pistola-griswaterfall-grifo-unico-frio-flexible-grifo-del-fregadero-de-la-cocina-grifo-de-la-ducha-de-la-cocina\/#primaryimage\"},\"image\":{\"@id\":\"https:\/\/www.yoroow.com\/es\/detalle-del-producto\/lujo-moderno-laton-pistola-griswaterfall-grifo-unico-frio-flexible-grifo-del-fregadero-de-la-cocina-grifo-de-la-ducha-de-la-cocina\/#primaryimage\"},\"thumbnailUrl\":\"https:\/\/www.yoroow.com\/wp-content\/uploads\/2025\/02\/\u4e3b\u56fe_4-scaled.jpg\",\"datePublished\":\"2025-02-13T09:01:50+00:00\",\"dateModified\":\"2025-05-16T01:19:50+00:00\",\"description\":\"Luxury modern brass wall mounted kitchen faucet with flexible gun grey waterfall design. Sink faucet with shower tap functionality. Made in China and exported to South America and Southeast Asia.\",\"breadcrumb\":{\"@id\":\"https:\/\/www.yoroow.com\/es\/detalle-del-producto\/lujo-moderno-laton-pistola-griswaterfall-grifo-unico-frio-flexible-grifo-del-fregadero-de-la-cocina-grifo-de-la-ducha-de-la-cocina\/#breadcrumb\"},\"inLanguage\":\"es\",\"potentialAction\":[{\"@type\":\"ReadAction\",\"target\":[\"https:\/\/www.yoroow.com\/es\/detalle-del-producto\/lujo-moderno-laton-pistola-griswaterfall-grifo-unico-frio-flexible-grifo-del-fregadero-de-la-cocina-grifo-de-la-ducha-de-la-cocina\/\"]}]},{\"@type\":\"ImageObject\",\"inLanguage\":\"es\",\"@id\":\"https:\/\/www.yoroow.com\/es\/detalle-del-producto\/lujo-moderno-laton-pistola-griswaterfall-grifo-unico-frio-flexible-grifo-del-fregadero-de-la-cocina-grifo-de-la-ducha-de-la-cocina\/#primaryimage\",\"url\":\"https:\/\/www.yoroow.com\/wp-content\/uploads\/2025\/02\/\u4e3b\u56fe_4-scaled.jpg\",\"contentUrl\":\"https:\/\/www.yoroow.com\/wp-content\/uploads\/2025\/02\/\u4e3b\u56fe_4-scaled.jpg\",\"width\":2560,\"height\":2560,\"caption\":\"Luxury Modern Brass Wall Mounted Kitchen Faucet Flexible Gun Grey WaterFall Sink Faucet Kitchen Tap Shower Tap Waterfall Design\"},{\"@type\":\"BreadcrumbList\",\"@id\":\"https:\/\/www.yoroow.com\/es\/detalle-del-producto\/lujo-moderno-laton-pistola-griswaterfall-grifo-unico-frio-flexible-grifo-del-fregadero-de-la-cocina-grifo-de-la-ducha-de-la-cocina\/#breadcrumb\",\"itemListElement\":[{\"@type\":\"ListItem\",\"position\":1,\"name\":\"home\",\"item\":\"https:\/\/www.yoroow.com\/\"},{\"@type\":\"ListItem\",\"position\":2,\"name\":\"Product\",\"item\":\"https:\/\/www.yoroow.com\/product\/\"},{\"@type\":\"ListItem\",\"position\":3,\"name\":\"Luxury Modern Brass Wall Mounted Kitchen Faucet Flexible Gun Grey WaterFall Sink Faucet Kitchen Tap Shower Tap Waterfall Design\"}]},{\"@type\":\"WebSite\",\"@id\":\"https:\/\/www.yoroow.com\/es\/#website\",\"url\":\"https:\/\/www.yoroow.com\/es\/\",\"name\":\"YOROOW\",\"description\":\"\",\"publisher\":{\"@id\":\"https:\/\/www.yoroow.com\/es\/#organization\"},\"potentialAction\":[{\"@type\":\"SearchAction\",\"target\":{\"@type\":\"EntryPoint\",\"urlTemplate\":\"https:\/\/www.yoroow.com\/es\/?s={search_term_string}\"},\"query-input\":{\"@type\":\"PropertyValueSpecification\",\"valueRequired\":true,\"valueName\":\"search_term_string\"}}],\"inLanguage\":\"es\"},{\"@type\":\"Organization\",\"@id\":\"https:\/\/www.yoroow.com\/es\/#organization\",\"name\":\"YOROOW\",\"url\":\"https:\/\/www.yoroow.com\/es\/\",\"logo\":{\"@type\":\"ImageObject\",\"inLanguage\":\"es\",\"@id\":\"https:\/\/www.yoroow.com\/es\/#\/schema\/logo\/image\/\",\"url\":\"https:\/\/www.yoroow.com\/wp-content\/uploads\/2024\/12\/2024123007131061.png\",\"contentUrl\":\"https:\/\/www.yoroow.com\/wp-content\/uploads\/2024\/12\/2024123007131061.png\",\"width\":168,\"height\":27,\"caption\":\"YOROOW\"},\"image\":{\"@id\":\"https:\/\/www.yoroow.com\/es\/#\/schema\/logo\/image\/\"},\"sameAs\":[\"https:\/\/www.facebook.com\/people\/yoroowfaucetfactory\/61564236752362\/\"]}]}<\/script>\n<!-- \/ Yoast SEO Premium plugin. -->","yoast_head_json":{"title":"Luxury Modern Brass Wall Mounted Kitchen Faucet Flexible Gun Grey WaterFall Sink Faucet Kitchen Tap Shower Tap Waterfall Design - YOROOW","description":"Luxury modern brass wall mounted kitchen faucet with flexible gun grey waterfall design. Sink faucet with shower tap functionality. Made in China and exported to South America and Southeast Asia.","robots":{"index":"index","follow":"follow","max-snippet":"max-snippet:-1","max-image-preview":"max-image-preview:large","max-video-preview":"max-video-preview:-1"},"canonical":"https:\/\/www.yoroow.com\/es\/detalle-del-producto\/lujo-moderno-laton-pistola-griswaterfall-grifo-unico-frio-flexible-grifo-del-fregadero-de-la-cocina-grifo-de-la-ducha-de-la-cocina\/","og_locale":"es_ES","og_type":"article","og_title":"Luxury Modern Brass Wall Mounted Kitchen Faucet Flexible Gun Grey WaterFall Sink Faucet Kitchen Tap Shower Tap Waterfall Design","og_description":"Luxury modern brass wall mounted kitchen faucet with flexible gun grey waterfall design. Sink faucet with shower tap functionality. Made in China and exported to South America and Southeast Asia.","og_url":"https:\/\/www.yoroow.com\/es\/detalle-del-producto\/lujo-moderno-laton-pistola-griswaterfall-grifo-unico-frio-flexible-grifo-del-fregadero-de-la-cocina-grifo-de-la-ducha-de-la-cocina\/","og_site_name":"YOROOW","article_publisher":"https:\/\/www.facebook.com\/people\/yoroowfaucetfactory\/61564236752362\/","article_modified_time":"2025-05-16T01:19:50+00:00","og_image":[{"width":2560,"height":2560,"url":"https:\/\/www.yoroow.com\/wp-content\/uploads\/2025\/02\/\u4e3b\u56fe_4-scaled.jpg","type":"image\/jpeg"}],"twitter_card":"summary_large_image","twitter_misc":{"Tiempo de lectura":"2 minutos"},"schema":{"@context":"https:\/\/schema.org","@graph":[{"@type":"WebPage","@id":"https:\/\/www.yoroow.com\/es\/detalle-del-producto\/lujo-moderno-laton-pistola-griswaterfall-grifo-unico-frio-flexible-grifo-del-fregadero-de-la-cocina-grifo-de-la-ducha-de-la-cocina\/","url":"https:\/\/www.yoroow.com\/es\/detalle-del-producto\/lujo-moderno-laton-pistola-griswaterfall-grifo-unico-frio-flexible-grifo-del-fregadero-de-la-cocina-grifo-de-la-ducha-de-la-cocina\/","name":"Luxury Modern Brass Wall Mounted Kitchen Faucet Flexible Gun Grey WaterFall Sink Faucet Kitchen Tap Shower Tap Waterfall Design - YOROOW","isPartOf":{"@id":"https:\/\/www.yoroow.com\/es\/#website"},"primaryImageOfPage":{"@id":"https:\/\/www.yoroow.com\/es\/detalle-del-producto\/lujo-moderno-laton-pistola-griswaterfall-grifo-unico-frio-flexible-grifo-del-fregadero-de-la-cocina-grifo-de-la-ducha-de-la-cocina\/#primaryimage"},"image":{"@id":"https:\/\/www.yoroow.com\/es\/detalle-del-producto\/lujo-moderno-laton-pistola-griswaterfall-grifo-unico-frio-flexible-grifo-del-fregadero-de-la-cocina-grifo-de-la-ducha-de-la-cocina\/#primaryimage"},"thumbnailUrl":"https:\/\/www.yoroow.com\/wp-content\/uploads\/2025\/02\/\u4e3b\u56fe_4-scaled.jpg","datePublished":"2025-02-13T09:01:50+00:00","dateModified":"2025-05-16T01:19:50+00:00","description":"Luxury modern brass wall mounted kitchen faucet with flexible gun grey waterfall design. Sink faucet with shower tap functionality. Made in China and exported to South America and Southeast Asia.","breadcrumb":{"@id":"https:\/\/www.yoroow.com\/es\/detalle-del-producto\/lujo-moderno-laton-pistola-griswaterfall-grifo-unico-frio-flexible-grifo-del-fregadero-de-la-cocina-grifo-de-la-ducha-de-la-cocina\/#breadcrumb"},"inLanguage":"es","potentialAction":[{"@type":"ReadAction","target":["https:\/\/www.yoroow.com\/es\/detalle-del-producto\/lujo-moderno-laton-pistola-griswaterfall-grifo-unico-frio-flexible-grifo-del-fregadero-de-la-cocina-grifo-de-la-ducha-de-la-cocina\/"]}]},{"@type":"ImageObject","inLanguage":"es","@id":"https:\/\/www.yoroow.com\/es\/detalle-del-producto\/lujo-moderno-laton-pistola-griswaterfall-grifo-unico-frio-flexible-grifo-del-fregadero-de-la-cocina-grifo-de-la-ducha-de-la-cocina\/#primaryimage","url":"https:\/\/www.yoroow.com\/wp-content\/uploads\/2025\/02\/\u4e3b\u56fe_4-scaled.jpg","contentUrl":"https:\/\/www.yoroow.com\/wp-content\/uploads\/2025\/02\/\u4e3b\u56fe_4-scaled.jpg","width":2560,"height":2560,"caption":"Luxury Modern Brass Wall Mounted Kitchen Faucet Flexible Gun Grey WaterFall Sink Faucet Kitchen Tap Shower Tap Waterfall Design"},{"@type":"BreadcrumbList","@id":"https:\/\/www.yoroow.com\/es\/detalle-del-producto\/lujo-moderno-laton-pistola-griswaterfall-grifo-unico-frio-flexible-grifo-del-fregadero-de-la-cocina-grifo-de-la-ducha-de-la-cocina\/#breadcrumb","itemListElement":[{"@type":"ListItem","position":1,"name":"home","item":"https:\/\/www.yoroow.com\/"},{"@type":"ListItem","position":2,"name":"Product","item":"https:\/\/www.yoroow.com\/product\/"},{"@type":"ListItem","position":3,"name":"Luxury Modern Brass Wall Mounted Kitchen Faucet Flexible Gun Grey WaterFall Sink Faucet Kitchen Tap Shower Tap Waterfall Design"}]},{"@type":"WebSite","@id":"https:\/\/www.yoroow.com\/es\/#website","url":"https:\/\/www.yoroow.com\/es\/","name":"YOROOW","description":"","publisher":{"@id":"https:\/\/www.yoroow.com\/es\/#organization"},"potentialAction":[{"@type":"SearchAction","target":{"@type":"EntryPoint","urlTemplate":"https:\/\/www.yoroow.com\/es\/?s={search_term_string}"},"query-input":{"@type":"PropertyValueSpecification","valueRequired":true,"valueName":"search_term_string"}}],"inLanguage":"es"},{"@type":"Organization","@id":"https:\/\/www.yoroow.com\/es\/#organization","name":"YOROOW","url":"https:\/\/www.yoroow.com\/es\/","logo":{"@type":"ImageObject","inLanguage":"es","@id":"https:\/\/www.yoroow.com\/es\/#\/schema\/logo\/image\/","url":"https:\/\/www.yoroow.com\/wp-content\/uploads\/2024\/12\/2024123007131061.png","contentUrl":"https:\/\/www.yoroow.com\/wp-content\/uploads\/2024\/12\/2024123007131061.png","width":168,"height":27,"caption":"YOROOW"},"image":{"@id":"https:\/\/www.yoroow.com\/es\/#\/schema\/logo\/image\/"},"sameAs":["https:\/\/www.facebook.com\/people\/yoroowfaucetfactory\/61564236752362\/"]}]}},"_links":{"self":[{"href":"https:\/\/www.yoroow.com\/es\/wp-json\/wp\/v2\/product\/9953","targetHints":{"allow":["GET"]}}],"collection":[{"href":"https:\/\/www.yoroow.com\/es\/wp-json\/wp\/v2\/product"}],"about":[{"href":"https:\/\/www.yoroow.com\/es\/wp-json\/wp\/v2\/types\/product"}],"wp:featuredmedia":[{"embeddable":true,"href":"https:\/\/www.yoroow.com\/es\/wp-json\/wp\/v2\/media\/9961"}],"wp:attachment":[{"href":"https:\/\/www.yoroow.com\/es\/wp-json\/wp\/v2\/media?parent=9953"}],"wp:term":[{"taxonomy":"product_brand","embeddable":true,"href":"https:\/\/www.yoroow.com\/es\/wp-json\/wp\/v2\/product_brand?post=9953"},{"taxonomy":"product_cat","embeddable":true,"href":"https:\/\/www.yoroow.com\/es\/wp-json\/wp\/v2\/product_cat?post=9953"},{"taxonomy":"product_tag","embeddable":true,"href":"https:\/\/www.yoroow.com\/es\/wp-json\/wp\/v2\/product_tag?post=9953"}],"curies":[{"name":"wp","href":"https:\/\/api.w.org\/{rel}","templated":true}]}}