{"id":9925,"date":"2025-02-13T15:30:31","date_gmt":"2025-02-13T07:30:31","guid":{"rendered":"https:\/\/www.yoroow.com\/?post_type=product&#038;p=9925"},"modified":"2025-05-16T09:19:46","modified_gmt":"2025-05-16T01:19:46","slug":"yoroow-acero-inoxidable-ducha-de-mano-alta-presion-ducha-de-mano-bano-liquido-silicona-boquilla-mano-acero-inoxidable","status":"publish","type":"product","link":"https:\/\/www.yoroow.com\/es\/detalle-del-producto\/yoroow-acero-inoxidable-ducha-de-mano-alta-presion-ducha-de-mano-bano-liquido-silicona-boquilla-mano-acero-inoxidable\/","title":{"rendered":"Shattaf de alta calidad de acero inoxidable de mano de alta presi\u00f3n cabezal de ducha Grifo de ba\u00f1o Trim Ba\u00f1o Ducha"},"content":{"rendered":"<p>Este cabezal de ducha manual de acero inoxidable Shattaf de alta calidad est\u00e1 dise\u00f1ado para proporcionar un caudal de agua a alta presi\u00f3n, por lo que es perfecto para cuartos de ba\u00f1o que requieren un rendimiento potente. Presenta un dise\u00f1o elegante, con una construcci\u00f3n de acero inoxidable que garantiza su durabilidad y resistencia a la corrosi\u00f3n. La funci\u00f3n manual permite una mayor flexibilidad y facilidad de uso, mientras que el sistema de alta presi\u00f3n garantiza una experiencia de ducha satisfactoria. El embellecedor de la grifer\u00eda est\u00e1 dise\u00f1ado para complementar varias decoraciones de cuartos de ba\u00f1o, ofreciendo tanto practicidad como estilo. Fabricado en China por una f\u00e1brica conocida por su experiencia en la producci\u00f3n de accesorios de ba\u00f1o de alto rendimiento, este producto se beneficia de procesos de fabricaci\u00f3n avanzados que garantizan resultados de primera calidad. Este cabezal de ducha es especialmente popular en Sudam\u00e9rica y el sudeste asi\u00e1tico, donde la demanda de accesorios de ba\u00f1o duraderos y de alto rendimiento es elevada. La f\u00e1brica ofrece servicios OEM, que incluyen la personalizaci\u00f3n de la marca, el embalaje y el dise\u00f1o, para satisfacer las necesidades espec\u00edficas de los mercados internacionales.<\/p>","protected":false},"excerpt":{"rendered":"<p>This high-quality Shattaf stainless steel handheld showerhead is designed to provide high-pressure water flow, making it perfect for bathrooms that require powerful performance. It features a sleek design, with a stainless steel construction ensuring both durability and resistance to corrosion. The handheld feature allows for greater flexibility and ease of use, while the high-pressure system\u2026<\/p>","protected":false},"featured_media":9927,"template":"","meta":{"_acf_changed":false,"_kad_post_transparent":"default","_kad_post_title":"","_kad_post_layout":"default","_kad_post_sidebar_id":"","_kad_post_content_style":"default","_kad_post_vertical_padding":"default","_kad_post_feature":"","_kad_post_feature_position":"","_kad_post_header":false,"_kad_post_footer":false},"product_brand":[],"product_cat":[236],"product_tag":[5262,5284],"class_list":{"0":"post-9925","1":"product","2":"type-product","3":"status-publish","4":"has-post-thumbnail","6":"product_cat-shower-head-hand","7":"product_tag-basin-faucet-with-shattaf-shower","8":"product_tag-shower-hand-held-trim","10":"first","11":"instock","12":"shipping-taxable","13":"product-type-simple","14":"entry","15":"content-bg","16":"loop-entry"},"acf":[],"yoast_head":"<!-- This site is optimized with the Yoast SEO Premium plugin v25.4 (Yoast SEO v27.0) - https:\/\/yoast.com\/product\/yoast-seo-premium-wordpress\/ -->\n<title>High-quality Shattaf Stainless Steel Handheld High Pressure Showerhead Bathroom Faucet Trim Bath Shower - YOROOW<\/title>\n<meta name=\"description\" content=\"High-quality shattaf stainless steel handheld high-pressure showerhead. Suitable for bathroom faucet trim and bath showers. Factory direct exports serve South American and Southeast Asian customers.\" \/>\n<meta name=\"robots\" content=\"index, follow, max-snippet:-1, max-image-preview:large, max-video-preview:-1\" \/>\n<link rel=\"canonical\" href=\"https:\/\/www.yoroow.com\/es\/detalle-del-producto\/yoroow-acero-inoxidable-ducha-de-mano-alta-presion-ducha-de-mano-bano-liquido-silicona-boquilla-mano-acero-inoxidable\/\" \/>\n<meta property=\"og:locale\" content=\"es_ES\" \/>\n<meta property=\"og:type\" content=\"article\" \/>\n<meta property=\"og:title\" content=\"High-quality Shattaf Stainless Steel Handheld High Pressure Showerhead Bathroom Faucet Trim Bath Shower\" \/>\n<meta property=\"og:description\" content=\"High-quality shattaf stainless steel handheld high-pressure showerhead. Suitable for bathroom faucet trim and bath showers. Factory direct exports serve South American and Southeast Asian customers.\" \/>\n<meta property=\"og:url\" content=\"https:\/\/www.yoroow.com\/es\/detalle-del-producto\/yoroow-acero-inoxidable-ducha-de-mano-alta-presion-ducha-de-mano-bano-liquido-silicona-boquilla-mano-acero-inoxidable\/\" \/>\n<meta property=\"og:site_name\" content=\"YOROOW\" \/>\n<meta property=\"article:publisher\" content=\"https:\/\/www.facebook.com\/people\/yoroowfaucetfactory\/61564236752362\/\" \/>\n<meta property=\"article:modified_time\" content=\"2025-05-16T01:19:46+00:00\" \/>\n<meta property=\"og:image\" content=\"https:\/\/www.yoroow.com\/wp-content\/uploads\/2025\/02\/HS-3307-5.webp\" \/>\n\t<meta property=\"og:image:width\" content=\"1000\" \/>\n\t<meta property=\"og:image:height\" content=\"1000\" \/>\n\t<meta property=\"og:image:type\" content=\"image\/webp\" \/>\n<meta name=\"twitter:card\" content=\"summary_large_image\" \/>\n<meta name=\"twitter:label1\" content=\"Tiempo de lectura\" \/>\n\t<meta name=\"twitter:data1\" content=\"1 minuto\" \/>\n<script type=\"application\/ld+json\" class=\"yoast-schema-graph\">{\"@context\":\"https:\/\/schema.org\",\"@graph\":[{\"@type\":\"WebPage\",\"@id\":\"https:\/\/www.yoroow.com\/es\/detalle-del-producto\/yoroow-acero-inoxidable-ducha-de-mano-alta-presion-ducha-de-mano-bano-liquido-silicona-boquilla-mano-acero-inoxidable\/\",\"url\":\"https:\/\/www.yoroow.com\/es\/detalle-del-producto\/yoroow-acero-inoxidable-ducha-de-mano-alta-presion-ducha-de-mano-bano-liquido-silicona-boquilla-mano-acero-inoxidable\/\",\"name\":\"High-quality Shattaf Stainless Steel Handheld High Pressure Showerhead Bathroom Faucet Trim Bath Shower - YOROOW\",\"isPartOf\":{\"@id\":\"https:\/\/www.yoroow.com\/es\/#website\"},\"primaryImageOfPage\":{\"@id\":\"https:\/\/www.yoroow.com\/es\/detalle-del-producto\/yoroow-acero-inoxidable-ducha-de-mano-alta-presion-ducha-de-mano-bano-liquido-silicona-boquilla-mano-acero-inoxidable\/#primaryimage\"},\"image\":{\"@id\":\"https:\/\/www.yoroow.com\/es\/detalle-del-producto\/yoroow-acero-inoxidable-ducha-de-mano-alta-presion-ducha-de-mano-bano-liquido-silicona-boquilla-mano-acero-inoxidable\/#primaryimage\"},\"thumbnailUrl\":\"https:\/\/www.yoroow.com\/wp-content\/uploads\/2025\/02\/HS-3307-5.webp\",\"datePublished\":\"2025-02-13T07:30:31+00:00\",\"dateModified\":\"2025-05-16T01:19:46+00:00\",\"description\":\"High-quality shattaf stainless steel handheld high-pressure showerhead. Suitable for bathroom faucet trim and bath showers. Factory direct exports serve South American and Southeast Asian customers.\",\"breadcrumb\":{\"@id\":\"https:\/\/www.yoroow.com\/es\/detalle-del-producto\/yoroow-acero-inoxidable-ducha-de-mano-alta-presion-ducha-de-mano-bano-liquido-silicona-boquilla-mano-acero-inoxidable\/#breadcrumb\"},\"inLanguage\":\"es\",\"potentialAction\":[{\"@type\":\"ReadAction\",\"target\":[\"https:\/\/www.yoroow.com\/es\/detalle-del-producto\/yoroow-acero-inoxidable-ducha-de-mano-alta-presion-ducha-de-mano-bano-liquido-silicona-boquilla-mano-acero-inoxidable\/\"]}]},{\"@type\":\"ImageObject\",\"inLanguage\":\"es\",\"@id\":\"https:\/\/www.yoroow.com\/es\/detalle-del-producto\/yoroow-acero-inoxidable-ducha-de-mano-alta-presion-ducha-de-mano-bano-liquido-silicona-boquilla-mano-acero-inoxidable\/#primaryimage\",\"url\":\"https:\/\/www.yoroow.com\/wp-content\/uploads\/2025\/02\/HS-3307-5.webp\",\"contentUrl\":\"https:\/\/www.yoroow.com\/wp-content\/uploads\/2025\/02\/HS-3307-5.webp\",\"width\":1000,\"height\":1000,\"caption\":\"High-quality Shattaf Stainless Steel Handheld High Pressure Showerhead Bathroom Faucet Trim Bath Shower\"},{\"@type\":\"BreadcrumbList\",\"@id\":\"https:\/\/www.yoroow.com\/es\/detalle-del-producto\/yoroow-acero-inoxidable-ducha-de-mano-alta-presion-ducha-de-mano-bano-liquido-silicona-boquilla-mano-acero-inoxidable\/#breadcrumb\",\"itemListElement\":[{\"@type\":\"ListItem\",\"position\":1,\"name\":\"home\",\"item\":\"https:\/\/www.yoroow.com\/\"},{\"@type\":\"ListItem\",\"position\":2,\"name\":\"Product\",\"item\":\"https:\/\/www.yoroow.com\/product\/\"},{\"@type\":\"ListItem\",\"position\":3,\"name\":\"High-quality Shattaf Stainless Steel Handheld High Pressure Showerhead Bathroom Faucet Trim Bath Shower\"}]},{\"@type\":\"WebSite\",\"@id\":\"https:\/\/www.yoroow.com\/es\/#website\",\"url\":\"https:\/\/www.yoroow.com\/es\/\",\"name\":\"YOROOW\",\"description\":\"\",\"publisher\":{\"@id\":\"https:\/\/www.yoroow.com\/es\/#organization\"},\"potentialAction\":[{\"@type\":\"SearchAction\",\"target\":{\"@type\":\"EntryPoint\",\"urlTemplate\":\"https:\/\/www.yoroow.com\/es\/?s={search_term_string}\"},\"query-input\":{\"@type\":\"PropertyValueSpecification\",\"valueRequired\":true,\"valueName\":\"search_term_string\"}}],\"inLanguage\":\"es\"},{\"@type\":\"Organization\",\"@id\":\"https:\/\/www.yoroow.com\/es\/#organization\",\"name\":\"YOROOW\",\"url\":\"https:\/\/www.yoroow.com\/es\/\",\"logo\":{\"@type\":\"ImageObject\",\"inLanguage\":\"es\",\"@id\":\"https:\/\/www.yoroow.com\/es\/#\/schema\/logo\/image\/\",\"url\":\"https:\/\/www.yoroow.com\/wp-content\/uploads\/2024\/12\/2024123007131061.png\",\"contentUrl\":\"https:\/\/www.yoroow.com\/wp-content\/uploads\/2024\/12\/2024123007131061.png\",\"width\":168,\"height\":27,\"caption\":\"YOROOW\"},\"image\":{\"@id\":\"https:\/\/www.yoroow.com\/es\/#\/schema\/logo\/image\/\"},\"sameAs\":[\"https:\/\/www.facebook.com\/people\/yoroowfaucetfactory\/61564236752362\/\"]}]}<\/script>\n<!-- \/ Yoast SEO Premium plugin. -->","yoast_head_json":{"title":"High-quality Shattaf Stainless Steel Handheld High Pressure Showerhead Bathroom Faucet Trim Bath Shower - YOROOW","description":"High-quality shattaf stainless steel handheld high-pressure showerhead. Suitable for bathroom faucet trim and bath showers. Factory direct exports serve South American and Southeast Asian customers.","robots":{"index":"index","follow":"follow","max-snippet":"max-snippet:-1","max-image-preview":"max-image-preview:large","max-video-preview":"max-video-preview:-1"},"canonical":"https:\/\/www.yoroow.com\/es\/detalle-del-producto\/yoroow-acero-inoxidable-ducha-de-mano-alta-presion-ducha-de-mano-bano-liquido-silicona-boquilla-mano-acero-inoxidable\/","og_locale":"es_ES","og_type":"article","og_title":"High-quality Shattaf Stainless Steel Handheld High Pressure Showerhead Bathroom Faucet Trim Bath Shower","og_description":"High-quality shattaf stainless steel handheld high-pressure showerhead. Suitable for bathroom faucet trim and bath showers. Factory direct exports serve South American and Southeast Asian customers.","og_url":"https:\/\/www.yoroow.com\/es\/detalle-del-producto\/yoroow-acero-inoxidable-ducha-de-mano-alta-presion-ducha-de-mano-bano-liquido-silicona-boquilla-mano-acero-inoxidable\/","og_site_name":"YOROOW","article_publisher":"https:\/\/www.facebook.com\/people\/yoroowfaucetfactory\/61564236752362\/","article_modified_time":"2025-05-16T01:19:46+00:00","og_image":[{"width":1000,"height":1000,"url":"https:\/\/www.yoroow.com\/wp-content\/uploads\/2025\/02\/HS-3307-5.webp","type":"image\/webp"}],"twitter_card":"summary_large_image","twitter_misc":{"Tiempo de lectura":"1 minuto"},"schema":{"@context":"https:\/\/schema.org","@graph":[{"@type":"WebPage","@id":"https:\/\/www.yoroow.com\/es\/detalle-del-producto\/yoroow-acero-inoxidable-ducha-de-mano-alta-presion-ducha-de-mano-bano-liquido-silicona-boquilla-mano-acero-inoxidable\/","url":"https:\/\/www.yoroow.com\/es\/detalle-del-producto\/yoroow-acero-inoxidable-ducha-de-mano-alta-presion-ducha-de-mano-bano-liquido-silicona-boquilla-mano-acero-inoxidable\/","name":"High-quality Shattaf Stainless Steel Handheld High Pressure Showerhead Bathroom Faucet Trim Bath Shower - YOROOW","isPartOf":{"@id":"https:\/\/www.yoroow.com\/es\/#website"},"primaryImageOfPage":{"@id":"https:\/\/www.yoroow.com\/es\/detalle-del-producto\/yoroow-acero-inoxidable-ducha-de-mano-alta-presion-ducha-de-mano-bano-liquido-silicona-boquilla-mano-acero-inoxidable\/#primaryimage"},"image":{"@id":"https:\/\/www.yoroow.com\/es\/detalle-del-producto\/yoroow-acero-inoxidable-ducha-de-mano-alta-presion-ducha-de-mano-bano-liquido-silicona-boquilla-mano-acero-inoxidable\/#primaryimage"},"thumbnailUrl":"https:\/\/www.yoroow.com\/wp-content\/uploads\/2025\/02\/HS-3307-5.webp","datePublished":"2025-02-13T07:30:31+00:00","dateModified":"2025-05-16T01:19:46+00:00","description":"High-quality shattaf stainless steel handheld high-pressure showerhead. Suitable for bathroom faucet trim and bath showers. Factory direct exports serve South American and Southeast Asian customers.","breadcrumb":{"@id":"https:\/\/www.yoroow.com\/es\/detalle-del-producto\/yoroow-acero-inoxidable-ducha-de-mano-alta-presion-ducha-de-mano-bano-liquido-silicona-boquilla-mano-acero-inoxidable\/#breadcrumb"},"inLanguage":"es","potentialAction":[{"@type":"ReadAction","target":["https:\/\/www.yoroow.com\/es\/detalle-del-producto\/yoroow-acero-inoxidable-ducha-de-mano-alta-presion-ducha-de-mano-bano-liquido-silicona-boquilla-mano-acero-inoxidable\/"]}]},{"@type":"ImageObject","inLanguage":"es","@id":"https:\/\/www.yoroow.com\/es\/detalle-del-producto\/yoroow-acero-inoxidable-ducha-de-mano-alta-presion-ducha-de-mano-bano-liquido-silicona-boquilla-mano-acero-inoxidable\/#primaryimage","url":"https:\/\/www.yoroow.com\/wp-content\/uploads\/2025\/02\/HS-3307-5.webp","contentUrl":"https:\/\/www.yoroow.com\/wp-content\/uploads\/2025\/02\/HS-3307-5.webp","width":1000,"height":1000,"caption":"High-quality Shattaf Stainless Steel Handheld High Pressure Showerhead Bathroom Faucet Trim Bath Shower"},{"@type":"BreadcrumbList","@id":"https:\/\/www.yoroow.com\/es\/detalle-del-producto\/yoroow-acero-inoxidable-ducha-de-mano-alta-presion-ducha-de-mano-bano-liquido-silicona-boquilla-mano-acero-inoxidable\/#breadcrumb","itemListElement":[{"@type":"ListItem","position":1,"name":"home","item":"https:\/\/www.yoroow.com\/"},{"@type":"ListItem","position":2,"name":"Product","item":"https:\/\/www.yoroow.com\/product\/"},{"@type":"ListItem","position":3,"name":"High-quality Shattaf Stainless Steel Handheld High Pressure Showerhead Bathroom Faucet Trim Bath Shower"}]},{"@type":"WebSite","@id":"https:\/\/www.yoroow.com\/es\/#website","url":"https:\/\/www.yoroow.com\/es\/","name":"YOROOW","description":"","publisher":{"@id":"https:\/\/www.yoroow.com\/es\/#organization"},"potentialAction":[{"@type":"SearchAction","target":{"@type":"EntryPoint","urlTemplate":"https:\/\/www.yoroow.com\/es\/?s={search_term_string}"},"query-input":{"@type":"PropertyValueSpecification","valueRequired":true,"valueName":"search_term_string"}}],"inLanguage":"es"},{"@type":"Organization","@id":"https:\/\/www.yoroow.com\/es\/#organization","name":"YOROOW","url":"https:\/\/www.yoroow.com\/es\/","logo":{"@type":"ImageObject","inLanguage":"es","@id":"https:\/\/www.yoroow.com\/es\/#\/schema\/logo\/image\/","url":"https:\/\/www.yoroow.com\/wp-content\/uploads\/2024\/12\/2024123007131061.png","contentUrl":"https:\/\/www.yoroow.com\/wp-content\/uploads\/2024\/12\/2024123007131061.png","width":168,"height":27,"caption":"YOROOW"},"image":{"@id":"https:\/\/www.yoroow.com\/es\/#\/schema\/logo\/image\/"},"sameAs":["https:\/\/www.facebook.com\/people\/yoroowfaucetfactory\/61564236752362\/"]}]}},"_links":{"self":[{"href":"https:\/\/www.yoroow.com\/es\/wp-json\/wp\/v2\/product\/9925","targetHints":{"allow":["GET"]}}],"collection":[{"href":"https:\/\/www.yoroow.com\/es\/wp-json\/wp\/v2\/product"}],"about":[{"href":"https:\/\/www.yoroow.com\/es\/wp-json\/wp\/v2\/types\/product"}],"wp:featuredmedia":[{"embeddable":true,"href":"https:\/\/www.yoroow.com\/es\/wp-json\/wp\/v2\/media\/9927"}],"wp:attachment":[{"href":"https:\/\/www.yoroow.com\/es\/wp-json\/wp\/v2\/media?parent=9925"}],"wp:term":[{"taxonomy":"product_brand","embeddable":true,"href":"https:\/\/www.yoroow.com\/es\/wp-json\/wp\/v2\/product_brand?post=9925"},{"taxonomy":"product_cat","embeddable":true,"href":"https:\/\/www.yoroow.com\/es\/wp-json\/wp\/v2\/product_cat?post=9925"},{"taxonomy":"product_tag","embeddable":true,"href":"https:\/\/www.yoroow.com\/es\/wp-json\/wp\/v2\/product_tag?post=9925"}],"curies":[{"name":"wp","href":"https:\/\/api.w.org\/{rel}","templated":true}]}}