{"id":9790,"date":"2025-02-13T11:30:07","date_gmt":"2025-02-13T03:30:07","guid":{"rendered":"https:\/\/www.yoroow.com\/?post_type=product&#038;p=9790"},"modified":"2025-05-16T09:19:42","modified_gmt":"2025-05-16T01:19:42","slug":"venta-directa-de-fabrica-de-zinc-cepillado-cuadrado-montado-en-la-cubierta-del-lavabo-grifo-de-agua-fria-grifo-del-bano","status":"publish","type":"product","link":"https:\/\/www.yoroow.com\/es\/detalle-del-producto\/venta-directa-de-fabrica-de-zinc-cepillado-cuadrado-montado-en-la-cubierta-del-lavabo-grifo-de-agua-fria-grifo-del-bano\/","title":{"rendered":"Buen Precio Cuadrado Cromo Lavabo Grifo Aleaci\u00f3n de Zinc Material Grifo de Agua Fr\u00eda V\u00e1lvula de Cer\u00e1mica N\u00facleo Medido Grifos para Villa Hotel Uso"},"content":{"rendered":"<p>Este grifo de lavabo cromado cuadrado est\u00e1 fabricado en aleaci\u00f3n de zinc duradera y dise\u00f1ado espec\u00edficamente para el uso de agua fr\u00eda en cuartos de ba\u00f1o de villas y hoteles. El n\u00facleo de la v\u00e1lvula de cer\u00e1mica garantiza un funcionamiento suave y el control del agua, mientras que el elegante acabado cromado a\u00f1ade una est\u00e9tica moderna a cualquier cuarto de ba\u00f1o. Como grifo con contador, ayuda a ahorrar agua y es ideal para entornos en los que la conservaci\u00f3n del agua es importante, como hoteles, villas de lujo y ba\u00f1os p\u00fablicos. Fabricado por una f\u00e1brica china con amplia experiencia en la producci\u00f3n de grifos de alta calidad, este producto es conocido por su durabilidad y rentabilidad. La f\u00e1brica ofrece servicios OEM para personalizar el embalaje, el dise\u00f1o y la marca, lo que la convierte en la opci\u00f3n preferida en los mercados de Sudam\u00e9rica y el Sudeste Asi\u00e1tico. La robusta construcci\u00f3n del grifo, sus caracter\u00edsticas de ahorro de agua y su moderno dise\u00f1o lo convierten en la mejor opci\u00f3n tanto para nuevas construcciones como para proyectos de renovaci\u00f3n.<\/p>","protected":false},"excerpt":{"rendered":"<p>Este grifo de lavabo cromado cuadrado est\u00e1 fabricado en aleaci\u00f3n de zinc duradera y dise\u00f1ado espec\u00edficamente para el uso de agua fr\u00eda en cuartos de ba\u00f1o de villas y hoteles. El n\u00facleo de la v\u00e1lvula de cer\u00e1mica garantiza un funcionamiento suave y el control del agua, mientras que el elegante acabado cromado a\u00f1ade una est\u00e9tica moderna a cualquier cuarto de ba\u00f1o. Como grifo con contador, ayuda a ahorrar agua y es ideal...<\/p>","protected":false},"featured_media":9830,"template":"","meta":{"_acf_changed":false,"_kad_post_transparent":"default","_kad_post_title":"","_kad_post_layout":"default","_kad_post_sidebar_id":"","_kad_post_content_style":"default","_kad_post_vertical_padding":"default","_kad_post_feature":"","_kad_post_feature_position":"","_kad_post_header":false,"_kad_post_footer":false},"product_brand":[],"product_cat":[219],"product_tag":[3399,3379],"class_list":{"0":"post-9790","1":"product","2":"type-product","3":"status-publish","4":"has-post-thumbnail","6":"product_cat-single-cold-basin-faucet","7":"product_tag-chrome-basin-faucet","8":"product_tag-square-chrome-bathroom-faucet-basin-water-tap","10":"first","11":"instock","12":"shipping-taxable","13":"purchasable","14":"product-type-variable","15":"wvs-archive-product-wrapper","16":"entry","17":"content-bg","18":"loop-entry"},"acf":[],"yoast_head":"<!-- This site is optimized with the Yoast SEO Premium plugin v25.4 (Yoast SEO v27.0) - https:\/\/yoast.com\/product\/yoast-seo-premium-wordpress\/ -->\n<title>Good Price Square Chrome Basin Faucet Zinc Alloy Material Cold Water Tap Ceramic Valve Core Metered Faucets for Villa Hotel Use - YOROOW<\/title>\n<meta name=\"description\" content=\"Good price square chrome basin faucet made of zinc alloy. Cold water tap with ceramic valve core. Metered faucets ideal for villas and hotels. Factory direct export to South America and Southeast Asia.\" \/>\n<meta name=\"robots\" content=\"index, follow, max-snippet:-1, max-image-preview:large, max-video-preview:-1\" \/>\n<link rel=\"canonical\" href=\"https:\/\/www.yoroow.com\/es\/detalle-del-producto\/venta-directa-de-fabrica-de-zinc-cepillado-cuadrado-montado-en-la-cubierta-del-lavabo-grifo-de-agua-fria-grifo-del-bano\/\" \/>\n<meta property=\"og:locale\" content=\"es_ES\" \/>\n<meta property=\"og:type\" content=\"article\" \/>\n<meta property=\"og:title\" content=\"Good Price Square Chrome Basin Faucet Zinc Alloy Material Cold Water Tap Ceramic Valve Core Metered Faucets for Villa Hotel Use\" \/>\n<meta property=\"og:description\" content=\"Good price square chrome basin faucet made of zinc alloy. Cold water tap with ceramic valve core. Metered faucets ideal for villas and hotels. Factory direct export to South America and Southeast Asia.\" \/>\n<meta property=\"og:url\" content=\"https:\/\/www.yoroow.com\/es\/detalle-del-producto\/venta-directa-de-fabrica-de-zinc-cepillado-cuadrado-montado-en-la-cubierta-del-lavabo-grifo-de-agua-fria-grifo-del-bano\/\" \/>\n<meta property=\"og:site_name\" content=\"YOROOW\" \/>\n<meta property=\"article:publisher\" content=\"https:\/\/www.facebook.com\/people\/yoroowfaucetfactory\/61564236752362\/\" \/>\n<meta property=\"article:modified_time\" content=\"2025-05-16T01:19:42+00:00\" \/>\n<meta property=\"og:image\" content=\"https:\/\/www.yoroow.com\/wp-content\/uploads\/2025\/02\/3-3-1.jpg\" \/>\n\t<meta property=\"og:image:width\" content=\"631\" \/>\n\t<meta property=\"og:image:height\" content=\"631\" \/>\n\t<meta property=\"og:image:type\" content=\"image\/jpeg\" \/>\n<meta name=\"twitter:card\" content=\"summary_large_image\" \/>\n<meta name=\"twitter:label1\" content=\"Tiempo de lectura\" \/>\n\t<meta name=\"twitter:data1\" content=\"1 minuto\" \/>\n<script type=\"application\/ld+json\" class=\"yoast-schema-graph\">{\"@context\":\"https:\/\/schema.org\",\"@graph\":[{\"@type\":\"WebPage\",\"@id\":\"https:\/\/www.yoroow.com\/es\/detalle-del-producto\/venta-directa-de-fabrica-de-zinc-cepillado-cuadrado-montado-en-la-cubierta-del-lavabo-grifo-de-agua-fria-grifo-del-bano\/\",\"url\":\"https:\/\/www.yoroow.com\/es\/detalle-del-producto\/venta-directa-de-fabrica-de-zinc-cepillado-cuadrado-montado-en-la-cubierta-del-lavabo-grifo-de-agua-fria-grifo-del-bano\/\",\"name\":\"Good Price Square Chrome Basin Faucet Zinc Alloy Material Cold Water Tap Ceramic Valve Core Metered Faucets for Villa Hotel Use - YOROOW\",\"isPartOf\":{\"@id\":\"https:\/\/www.yoroow.com\/es\/#website\"},\"primaryImageOfPage\":{\"@id\":\"https:\/\/www.yoroow.com\/es\/detalle-del-producto\/venta-directa-de-fabrica-de-zinc-cepillado-cuadrado-montado-en-la-cubierta-del-lavabo-grifo-de-agua-fria-grifo-del-bano\/#primaryimage\"},\"image\":{\"@id\":\"https:\/\/www.yoroow.com\/es\/detalle-del-producto\/venta-directa-de-fabrica-de-zinc-cepillado-cuadrado-montado-en-la-cubierta-del-lavabo-grifo-de-agua-fria-grifo-del-bano\/#primaryimage\"},\"thumbnailUrl\":\"https:\/\/www.yoroow.com\/wp-content\/uploads\/2025\/02\/3-3-1.jpg\",\"datePublished\":\"2025-02-13T03:30:07+00:00\",\"dateModified\":\"2025-05-16T01:19:42+00:00\",\"description\":\"Good price square chrome basin faucet made of zinc alloy. Cold water tap with ceramic valve core. Metered faucets ideal for villas and hotels. Factory direct export to South America and Southeast Asia.\",\"breadcrumb\":{\"@id\":\"https:\/\/www.yoroow.com\/es\/detalle-del-producto\/venta-directa-de-fabrica-de-zinc-cepillado-cuadrado-montado-en-la-cubierta-del-lavabo-grifo-de-agua-fria-grifo-del-bano\/#breadcrumb\"},\"inLanguage\":\"es\",\"potentialAction\":[{\"@type\":\"ReadAction\",\"target\":[\"https:\/\/www.yoroow.com\/es\/detalle-del-producto\/venta-directa-de-fabrica-de-zinc-cepillado-cuadrado-montado-en-la-cubierta-del-lavabo-grifo-de-agua-fria-grifo-del-bano\/\"]}]},{\"@type\":\"ImageObject\",\"inLanguage\":\"es\",\"@id\":\"https:\/\/www.yoroow.com\/es\/detalle-del-producto\/venta-directa-de-fabrica-de-zinc-cepillado-cuadrado-montado-en-la-cubierta-del-lavabo-grifo-de-agua-fria-grifo-del-bano\/#primaryimage\",\"url\":\"https:\/\/www.yoroow.com\/wp-content\/uploads\/2025\/02\/3-3-1.jpg\",\"contentUrl\":\"https:\/\/www.yoroow.com\/wp-content\/uploads\/2025\/02\/3-3-1.jpg\",\"width\":631,\"height\":631,\"caption\":\"Good Price Square Chrome Basin Faucet Zinc Alloy Material Cold Water Tap Ceramic Valve Core Metered Faucets for Villa Hotel Use\"},{\"@type\":\"BreadcrumbList\",\"@id\":\"https:\/\/www.yoroow.com\/es\/detalle-del-producto\/venta-directa-de-fabrica-de-zinc-cepillado-cuadrado-montado-en-la-cubierta-del-lavabo-grifo-de-agua-fria-grifo-del-bano\/#breadcrumb\",\"itemListElement\":[{\"@type\":\"ListItem\",\"position\":1,\"name\":\"home\",\"item\":\"https:\/\/www.yoroow.com\/\"},{\"@type\":\"ListItem\",\"position\":2,\"name\":\"Product\",\"item\":\"https:\/\/www.yoroow.com\/product\/\"},{\"@type\":\"ListItem\",\"position\":3,\"name\":\"Good Price Square Chrome Basin Faucet Zinc Alloy Material Cold Water Tap Ceramic Valve Core Metered Faucets for Villa Hotel Use\"}]},{\"@type\":\"WebSite\",\"@id\":\"https:\/\/www.yoroow.com\/es\/#website\",\"url\":\"https:\/\/www.yoroow.com\/es\/\",\"name\":\"YOROOW\",\"description\":\"\",\"publisher\":{\"@id\":\"https:\/\/www.yoroow.com\/es\/#organization\"},\"potentialAction\":[{\"@type\":\"SearchAction\",\"target\":{\"@type\":\"EntryPoint\",\"urlTemplate\":\"https:\/\/www.yoroow.com\/es\/?s={search_term_string}\"},\"query-input\":{\"@type\":\"PropertyValueSpecification\",\"valueRequired\":true,\"valueName\":\"search_term_string\"}}],\"inLanguage\":\"es\"},{\"@type\":\"Organization\",\"@id\":\"https:\/\/www.yoroow.com\/es\/#organization\",\"name\":\"YOROOW\",\"url\":\"https:\/\/www.yoroow.com\/es\/\",\"logo\":{\"@type\":\"ImageObject\",\"inLanguage\":\"es\",\"@id\":\"https:\/\/www.yoroow.com\/es\/#\/schema\/logo\/image\/\",\"url\":\"https:\/\/www.yoroow.com\/wp-content\/uploads\/2024\/12\/2024123007131061.png\",\"contentUrl\":\"https:\/\/www.yoroow.com\/wp-content\/uploads\/2024\/12\/2024123007131061.png\",\"width\":168,\"height\":27,\"caption\":\"YOROOW\"},\"image\":{\"@id\":\"https:\/\/www.yoroow.com\/es\/#\/schema\/logo\/image\/\"},\"sameAs\":[\"https:\/\/www.facebook.com\/people\/yoroowfaucetfactory\/61564236752362\/\"]}]}<\/script>\n<!-- \/ Yoast SEO Premium plugin. -->","yoast_head_json":{"title":"Good Price Square Chrome Basin Faucet Zinc Alloy Material Cold Water Tap Ceramic Valve Core Metered Faucets for Villa Hotel Use - YOROOW","description":"Good price square chrome basin faucet made of zinc alloy. Cold water tap with ceramic valve core. Metered faucets ideal for villas and hotels. Factory direct export to South America and Southeast Asia.","robots":{"index":"index","follow":"follow","max-snippet":"max-snippet:-1","max-image-preview":"max-image-preview:large","max-video-preview":"max-video-preview:-1"},"canonical":"https:\/\/www.yoroow.com\/es\/detalle-del-producto\/venta-directa-de-fabrica-de-zinc-cepillado-cuadrado-montado-en-la-cubierta-del-lavabo-grifo-de-agua-fria-grifo-del-bano\/","og_locale":"es_ES","og_type":"article","og_title":"Good Price Square Chrome Basin Faucet Zinc Alloy Material Cold Water Tap Ceramic Valve Core Metered Faucets for Villa Hotel Use","og_description":"Good price square chrome basin faucet made of zinc alloy. Cold water tap with ceramic valve core. Metered faucets ideal for villas and hotels. Factory direct export to South America and Southeast Asia.","og_url":"https:\/\/www.yoroow.com\/es\/detalle-del-producto\/venta-directa-de-fabrica-de-zinc-cepillado-cuadrado-montado-en-la-cubierta-del-lavabo-grifo-de-agua-fria-grifo-del-bano\/","og_site_name":"YOROOW","article_publisher":"https:\/\/www.facebook.com\/people\/yoroowfaucetfactory\/61564236752362\/","article_modified_time":"2025-05-16T01:19:42+00:00","og_image":[{"width":631,"height":631,"url":"https:\/\/www.yoroow.com\/wp-content\/uploads\/2025\/02\/3-3-1.jpg","type":"image\/jpeg"}],"twitter_card":"summary_large_image","twitter_misc":{"Tiempo de lectura":"1 minuto"},"schema":{"@context":"https:\/\/schema.org","@graph":[{"@type":"WebPage","@id":"https:\/\/www.yoroow.com\/es\/detalle-del-producto\/venta-directa-de-fabrica-de-zinc-cepillado-cuadrado-montado-en-la-cubierta-del-lavabo-grifo-de-agua-fria-grifo-del-bano\/","url":"https:\/\/www.yoroow.com\/es\/detalle-del-producto\/venta-directa-de-fabrica-de-zinc-cepillado-cuadrado-montado-en-la-cubierta-del-lavabo-grifo-de-agua-fria-grifo-del-bano\/","name":"Good Price Square Chrome Basin Faucet Zinc Alloy Material Cold Water Tap Ceramic Valve Core Metered Faucets for Villa Hotel Use - YOROOW","isPartOf":{"@id":"https:\/\/www.yoroow.com\/es\/#website"},"primaryImageOfPage":{"@id":"https:\/\/www.yoroow.com\/es\/detalle-del-producto\/venta-directa-de-fabrica-de-zinc-cepillado-cuadrado-montado-en-la-cubierta-del-lavabo-grifo-de-agua-fria-grifo-del-bano\/#primaryimage"},"image":{"@id":"https:\/\/www.yoroow.com\/es\/detalle-del-producto\/venta-directa-de-fabrica-de-zinc-cepillado-cuadrado-montado-en-la-cubierta-del-lavabo-grifo-de-agua-fria-grifo-del-bano\/#primaryimage"},"thumbnailUrl":"https:\/\/www.yoroow.com\/wp-content\/uploads\/2025\/02\/3-3-1.jpg","datePublished":"2025-02-13T03:30:07+00:00","dateModified":"2025-05-16T01:19:42+00:00","description":"Good price square chrome basin faucet made of zinc alloy. Cold water tap with ceramic valve core. Metered faucets ideal for villas and hotels. Factory direct export to South America and Southeast Asia.","breadcrumb":{"@id":"https:\/\/www.yoroow.com\/es\/detalle-del-producto\/venta-directa-de-fabrica-de-zinc-cepillado-cuadrado-montado-en-la-cubierta-del-lavabo-grifo-de-agua-fria-grifo-del-bano\/#breadcrumb"},"inLanguage":"es","potentialAction":[{"@type":"ReadAction","target":["https:\/\/www.yoroow.com\/es\/detalle-del-producto\/venta-directa-de-fabrica-de-zinc-cepillado-cuadrado-montado-en-la-cubierta-del-lavabo-grifo-de-agua-fria-grifo-del-bano\/"]}]},{"@type":"ImageObject","inLanguage":"es","@id":"https:\/\/www.yoroow.com\/es\/detalle-del-producto\/venta-directa-de-fabrica-de-zinc-cepillado-cuadrado-montado-en-la-cubierta-del-lavabo-grifo-de-agua-fria-grifo-del-bano\/#primaryimage","url":"https:\/\/www.yoroow.com\/wp-content\/uploads\/2025\/02\/3-3-1.jpg","contentUrl":"https:\/\/www.yoroow.com\/wp-content\/uploads\/2025\/02\/3-3-1.jpg","width":631,"height":631,"caption":"Good Price Square Chrome Basin Faucet Zinc Alloy Material Cold Water Tap Ceramic Valve Core Metered Faucets for Villa Hotel Use"},{"@type":"BreadcrumbList","@id":"https:\/\/www.yoroow.com\/es\/detalle-del-producto\/venta-directa-de-fabrica-de-zinc-cepillado-cuadrado-montado-en-la-cubierta-del-lavabo-grifo-de-agua-fria-grifo-del-bano\/#breadcrumb","itemListElement":[{"@type":"ListItem","position":1,"name":"home","item":"https:\/\/www.yoroow.com\/"},{"@type":"ListItem","position":2,"name":"Product","item":"https:\/\/www.yoroow.com\/product\/"},{"@type":"ListItem","position":3,"name":"Good Price Square Chrome Basin Faucet Zinc Alloy Material Cold Water Tap Ceramic Valve Core Metered Faucets for Villa Hotel Use"}]},{"@type":"WebSite","@id":"https:\/\/www.yoroow.com\/es\/#website","url":"https:\/\/www.yoroow.com\/es\/","name":"YOROOW","description":"","publisher":{"@id":"https:\/\/www.yoroow.com\/es\/#organization"},"potentialAction":[{"@type":"SearchAction","target":{"@type":"EntryPoint","urlTemplate":"https:\/\/www.yoroow.com\/es\/?s={search_term_string}"},"query-input":{"@type":"PropertyValueSpecification","valueRequired":true,"valueName":"search_term_string"}}],"inLanguage":"es"},{"@type":"Organization","@id":"https:\/\/www.yoroow.com\/es\/#organization","name":"YOROOW","url":"https:\/\/www.yoroow.com\/es\/","logo":{"@type":"ImageObject","inLanguage":"es","@id":"https:\/\/www.yoroow.com\/es\/#\/schema\/logo\/image\/","url":"https:\/\/www.yoroow.com\/wp-content\/uploads\/2024\/12\/2024123007131061.png","contentUrl":"https:\/\/www.yoroow.com\/wp-content\/uploads\/2024\/12\/2024123007131061.png","width":168,"height":27,"caption":"YOROOW"},"image":{"@id":"https:\/\/www.yoroow.com\/es\/#\/schema\/logo\/image\/"},"sameAs":["https:\/\/www.facebook.com\/people\/yoroowfaucetfactory\/61564236752362\/"]}]}},"_links":{"self":[{"href":"https:\/\/www.yoroow.com\/es\/wp-json\/wp\/v2\/product\/9790","targetHints":{"allow":["GET"]}}],"collection":[{"href":"https:\/\/www.yoroow.com\/es\/wp-json\/wp\/v2\/product"}],"about":[{"href":"https:\/\/www.yoroow.com\/es\/wp-json\/wp\/v2\/types\/product"}],"wp:featuredmedia":[{"embeddable":true,"href":"https:\/\/www.yoroow.com\/es\/wp-json\/wp\/v2\/media\/9830"}],"wp:attachment":[{"href":"https:\/\/www.yoroow.com\/es\/wp-json\/wp\/v2\/media?parent=9790"}],"wp:term":[{"taxonomy":"product_brand","embeddable":true,"href":"https:\/\/www.yoroow.com\/es\/wp-json\/wp\/v2\/product_brand?post=9790"},{"taxonomy":"product_cat","embeddable":true,"href":"https:\/\/www.yoroow.com\/es\/wp-json\/wp\/v2\/product_cat?post=9790"},{"taxonomy":"product_tag","embeddable":true,"href":"https:\/\/www.yoroow.com\/es\/wp-json\/wp\/v2\/product_tag?post=9790"}],"curies":[{"name":"wp","href":"https:\/\/api.w.org\/{rel}","templated":true}]}}