{"id":9215,"date":"2025-01-23T14:02:24","date_gmt":"2025-01-23T06:02:24","guid":{"rendered":"https:\/\/www.yoroow.com\/?post_type=product&#038;p=9215"},"modified":"2025-05-16T09:16:53","modified_gmt":"2025-05-16T01:16:53","slug":"alta-calidad-epdm-tubo-interior-de-la-manguera-de-ducha-de-acero-inoxidable-304-manguera-flexible-de-ducha-de-mano-manguera-de-la-cabeza-para-el-bano","status":"publish","type":"product","link":"https:\/\/www.yoroow.com\/es\/detalle-del-producto\/alta-calidad-epdm-tubo-interior-de-la-manguera-de-ducha-de-acero-inoxidable-304-manguera-flexible-de-ducha-de-mano-manguera-de-la-cabeza-para-el-bano\/","title":{"rendered":"Alta calidad EPDM tubo interior de la manguera del grifo de la cocina 304 de acero inoxidable flexible de mano de ducha de ba\u00f1o grifo accesorio"},"content":{"rendered":"<p>Fabricada con un duradero n\u00facleo interior de EPDM y un trenzado exterior de acero inoxidable 304, esta manguera flexible para grifos ofrece una excelente resistencia a la presi\u00f3n y protecci\u00f3n contra la corrosi\u00f3n para su uso en cocinas y ba\u00f1os. Est\u00e1 dise\u00f1ada para cabezales de ducha manuales, grifos extra\u00edbles y otros puntos de suministro de agua que requieren flexibilidad y resistencia. Fabricada en nuestras instalaciones de China con estrictas normas de l\u00ednea de producci\u00f3n, ofrecemos la posibilidad de personalizar la longitud y los tipos de conector. Esta manguera tiene una gran demanda en el sudeste asi\u00e1tico por su flexibilidad y rendimiento, y es la preferida en Sudam\u00e9rica por su larga vida \u00fatil y excelente relaci\u00f3n calidad-precio.<\/p>","protected":false},"excerpt":{"rendered":"<p>Fabricada con un duradero n\u00facleo interior de EPDM y un trenzado exterior de acero inoxidable 304, esta manguera flexible para grifos ofrece una excelente resistencia a la presi\u00f3n y protecci\u00f3n contra la corrosi\u00f3n para su uso en cocinas y ba\u00f1os. Est\u00e1 dise\u00f1ado para cabezales de ducha de mano, grifos extra\u00edbles y otros puntos de suministro de agua que requieren flexibilidad y resistencia. Fabricada en nuestras instalaciones de China con...<\/p>","protected":false},"featured_media":9216,"template":"","meta":{"_acf_changed":false,"_kad_post_transparent":"default","_kad_post_title":"","_kad_post_layout":"default","_kad_post_sidebar_id":"","_kad_post_content_style":"default","_kad_post_vertical_padding":"default","_kad_post_feature":"","_kad_post_feature_position":"","_kad_post_header":false,"_kad_post_footer":false},"product_brand":[],"product_cat":[237],"product_tag":[7060,6973],"class_list":{"0":"post-9215","1":"product","2":"type-product","3":"status-publish","4":"has-post-thumbnail","6":"product_cat-faucet-hose","7":"product_tag-basin-faucet-pipe","8":"product_tag-kitchen-faucet-hose","10":"first","11":"instock","12":"shipping-taxable","13":"purchasable","14":"product-type-variable","15":"wvs-archive-product-wrapper","16":"entry","17":"content-bg","18":"loop-entry"},"acf":[],"yoast_head":"<!-- This site is optimized with the Yoast SEO Premium plugin v25.4 (Yoast SEO v27.0) - https:\/\/yoast.com\/product\/yoast-seo-premium-wordpress\/ -->\n<title>High Quality EPDM Inner Tube Kitchen Faucet Hose 304 Stainless Steel Flexible Handheld Shower Head Bathroom Faucet Accessory - YOROOW<\/title>\n<meta name=\"description\" content=\"High quality EPDM inner tube kitchen faucet hose with 304 stainless steel flexible handheld shower head accessory. Ensures durability and water tightness. Produced in China with strict standards, ideal for export to South America and Southeast Asia kitchens needing quality faucet hoses.\" \/>\n<meta name=\"robots\" content=\"index, follow, max-snippet:-1, max-image-preview:large, max-video-preview:-1\" \/>\n<link rel=\"canonical\" href=\"https:\/\/www.yoroow.com\/es\/detalle-del-producto\/alta-calidad-epdm-tubo-interior-de-la-manguera-de-ducha-de-acero-inoxidable-304-manguera-flexible-de-ducha-de-mano-manguera-de-la-cabeza-para-el-bano\/\" \/>\n<meta property=\"og:locale\" content=\"es_ES\" \/>\n<meta property=\"og:type\" content=\"article\" \/>\n<meta property=\"og:title\" content=\"High Quality EPDM Inner Tube Kitchen Faucet Hose 304 Stainless Steel Flexible Handheld Shower Head Bathroom Faucet Accessory\" \/>\n<meta property=\"og:description\" content=\"High quality EPDM inner tube kitchen faucet hose with 304 stainless steel flexible handheld shower head accessory. Ensures durability and water tightness. Produced in China with strict standards, ideal for export to South America and Southeast Asia kitchens needing quality faucet hoses.\" \/>\n<meta property=\"og:url\" content=\"https:\/\/www.yoroow.com\/es\/detalle-del-producto\/alta-calidad-epdm-tubo-interior-de-la-manguera-de-ducha-de-acero-inoxidable-304-manguera-flexible-de-ducha-de-mano-manguera-de-la-cabeza-para-el-bano\/\" \/>\n<meta property=\"og:site_name\" content=\"YOROOW\" \/>\n<meta property=\"article:publisher\" content=\"https:\/\/www.facebook.com\/people\/yoroowfaucetfactory\/61564236752362\/\" \/>\n<meta property=\"article:modified_time\" content=\"2025-05-16T01:16:53+00:00\" \/>\n<meta property=\"og:image\" content=\"https:\/\/www.yoroow.com\/wp-content\/uploads\/2025\/01\/\u4e3b\u56fe_1-2.jpg\" \/>\n\t<meta property=\"og:image:width\" content=\"800\" \/>\n\t<meta property=\"og:image:height\" content=\"800\" \/>\n\t<meta property=\"og:image:type\" content=\"image\/jpeg\" \/>\n<meta name=\"twitter:card\" content=\"summary_large_image\" \/>\n<meta name=\"twitter:label1\" content=\"Tiempo de lectura\" \/>\n\t<meta name=\"twitter:data1\" content=\"1 minuto\" \/>\n<script type=\"application\/ld+json\" class=\"yoast-schema-graph\">{\"@context\":\"https:\/\/schema.org\",\"@graph\":[{\"@type\":\"WebPage\",\"@id\":\"https:\/\/www.yoroow.com\/es\/detalle-del-producto\/alta-calidad-epdm-tubo-interior-de-la-manguera-de-ducha-de-acero-inoxidable-304-manguera-flexible-de-ducha-de-mano-manguera-de-la-cabeza-para-el-bano\/\",\"url\":\"https:\/\/www.yoroow.com\/es\/detalle-del-producto\/alta-calidad-epdm-tubo-interior-de-la-manguera-de-ducha-de-acero-inoxidable-304-manguera-flexible-de-ducha-de-mano-manguera-de-la-cabeza-para-el-bano\/\",\"name\":\"High Quality EPDM Inner Tube Kitchen Faucet Hose 304 Stainless Steel Flexible Handheld Shower Head Bathroom Faucet Accessory - YOROOW\",\"isPartOf\":{\"@id\":\"https:\/\/www.yoroow.com\/es\/#website\"},\"primaryImageOfPage\":{\"@id\":\"https:\/\/www.yoroow.com\/es\/detalle-del-producto\/alta-calidad-epdm-tubo-interior-de-la-manguera-de-ducha-de-acero-inoxidable-304-manguera-flexible-de-ducha-de-mano-manguera-de-la-cabeza-para-el-bano\/#primaryimage\"},\"image\":{\"@id\":\"https:\/\/www.yoroow.com\/es\/detalle-del-producto\/alta-calidad-epdm-tubo-interior-de-la-manguera-de-ducha-de-acero-inoxidable-304-manguera-flexible-de-ducha-de-mano-manguera-de-la-cabeza-para-el-bano\/#primaryimage\"},\"thumbnailUrl\":\"https:\/\/www.yoroow.com\/wp-content\/uploads\/2025\/01\/\u4e3b\u56fe_1-2.jpg\",\"datePublished\":\"2025-01-23T06:02:24+00:00\",\"dateModified\":\"2025-05-16T01:16:53+00:00\",\"description\":\"High quality EPDM inner tube kitchen faucet hose with 304 stainless steel flexible handheld shower head accessory. Ensures durability and water tightness. Produced in China with strict standards, ideal for export to South America and Southeast Asia kitchens needing quality faucet hoses.\",\"breadcrumb\":{\"@id\":\"https:\/\/www.yoroow.com\/es\/detalle-del-producto\/alta-calidad-epdm-tubo-interior-de-la-manguera-de-ducha-de-acero-inoxidable-304-manguera-flexible-de-ducha-de-mano-manguera-de-la-cabeza-para-el-bano\/#breadcrumb\"},\"inLanguage\":\"es\",\"potentialAction\":[{\"@type\":\"ReadAction\",\"target\":[\"https:\/\/www.yoroow.com\/es\/detalle-del-producto\/alta-calidad-epdm-tubo-interior-de-la-manguera-de-ducha-de-acero-inoxidable-304-manguera-flexible-de-ducha-de-mano-manguera-de-la-cabeza-para-el-bano\/\"]}]},{\"@type\":\"ImageObject\",\"inLanguage\":\"es\",\"@id\":\"https:\/\/www.yoroow.com\/es\/detalle-del-producto\/alta-calidad-epdm-tubo-interior-de-la-manguera-de-ducha-de-acero-inoxidable-304-manguera-flexible-de-ducha-de-mano-manguera-de-la-cabeza-para-el-bano\/#primaryimage\",\"url\":\"https:\/\/www.yoroow.com\/wp-content\/uploads\/2025\/01\/\u4e3b\u56fe_1-2.jpg\",\"contentUrl\":\"https:\/\/www.yoroow.com\/wp-content\/uploads\/2025\/01\/\u4e3b\u56fe_1-2.jpg\",\"width\":800,\"height\":800,\"caption\":\"High quality EPDM inner tube shower hose 304 stainless steel hose flexible handheld shower head hose for bathroom\"},{\"@type\":\"BreadcrumbList\",\"@id\":\"https:\/\/www.yoroow.com\/es\/detalle-del-producto\/alta-calidad-epdm-tubo-interior-de-la-manguera-de-ducha-de-acero-inoxidable-304-manguera-flexible-de-ducha-de-mano-manguera-de-la-cabeza-para-el-bano\/#breadcrumb\",\"itemListElement\":[{\"@type\":\"ListItem\",\"position\":1,\"name\":\"home\",\"item\":\"https:\/\/www.yoroow.com\/\"},{\"@type\":\"ListItem\",\"position\":2,\"name\":\"Product\",\"item\":\"https:\/\/www.yoroow.com\/product\/\"},{\"@type\":\"ListItem\",\"position\":3,\"name\":\"High Quality EPDM Inner Tube Kitchen Faucet Hose 304 Stainless Steel Flexible Handheld Shower Head Bathroom Faucet Accessory\"}]},{\"@type\":\"WebSite\",\"@id\":\"https:\/\/www.yoroow.com\/es\/#website\",\"url\":\"https:\/\/www.yoroow.com\/es\/\",\"name\":\"YOROOW\",\"description\":\"\",\"publisher\":{\"@id\":\"https:\/\/www.yoroow.com\/es\/#organization\"},\"potentialAction\":[{\"@type\":\"SearchAction\",\"target\":{\"@type\":\"EntryPoint\",\"urlTemplate\":\"https:\/\/www.yoroow.com\/es\/?s={search_term_string}\"},\"query-input\":{\"@type\":\"PropertyValueSpecification\",\"valueRequired\":true,\"valueName\":\"search_term_string\"}}],\"inLanguage\":\"es\"},{\"@type\":\"Organization\",\"@id\":\"https:\/\/www.yoroow.com\/es\/#organization\",\"name\":\"YOROOW\",\"url\":\"https:\/\/www.yoroow.com\/es\/\",\"logo\":{\"@type\":\"ImageObject\",\"inLanguage\":\"es\",\"@id\":\"https:\/\/www.yoroow.com\/es\/#\/schema\/logo\/image\/\",\"url\":\"https:\/\/www.yoroow.com\/wp-content\/uploads\/2024\/12\/2024123007131061.png\",\"contentUrl\":\"https:\/\/www.yoroow.com\/wp-content\/uploads\/2024\/12\/2024123007131061.png\",\"width\":168,\"height\":27,\"caption\":\"YOROOW\"},\"image\":{\"@id\":\"https:\/\/www.yoroow.com\/es\/#\/schema\/logo\/image\/\"},\"sameAs\":[\"https:\/\/www.facebook.com\/people\/yoroowfaucetfactory\/61564236752362\/\"]}]}<\/script>\n<!-- \/ Yoast SEO Premium plugin. -->","yoast_head_json":{"title":"High Quality EPDM Inner Tube Kitchen Faucet Hose 304 Stainless Steel Flexible Handheld Shower Head Bathroom Faucet Accessory - YOROOW","description":"High quality EPDM inner tube kitchen faucet hose with 304 stainless steel flexible handheld shower head accessory. Ensures durability and water tightness. Produced in China with strict standards, ideal for export to South America and Southeast Asia kitchens needing quality faucet hoses.","robots":{"index":"index","follow":"follow","max-snippet":"max-snippet:-1","max-image-preview":"max-image-preview:large","max-video-preview":"max-video-preview:-1"},"canonical":"https:\/\/www.yoroow.com\/es\/detalle-del-producto\/alta-calidad-epdm-tubo-interior-de-la-manguera-de-ducha-de-acero-inoxidable-304-manguera-flexible-de-ducha-de-mano-manguera-de-la-cabeza-para-el-bano\/","og_locale":"es_ES","og_type":"article","og_title":"High Quality EPDM Inner Tube Kitchen Faucet Hose 304 Stainless Steel Flexible Handheld Shower Head Bathroom Faucet Accessory","og_description":"High quality EPDM inner tube kitchen faucet hose with 304 stainless steel flexible handheld shower head accessory. Ensures durability and water tightness. Produced in China with strict standards, ideal for export to South America and Southeast Asia kitchens needing quality faucet hoses.","og_url":"https:\/\/www.yoroow.com\/es\/detalle-del-producto\/alta-calidad-epdm-tubo-interior-de-la-manguera-de-ducha-de-acero-inoxidable-304-manguera-flexible-de-ducha-de-mano-manguera-de-la-cabeza-para-el-bano\/","og_site_name":"YOROOW","article_publisher":"https:\/\/www.facebook.com\/people\/yoroowfaucetfactory\/61564236752362\/","article_modified_time":"2025-05-16T01:16:53+00:00","og_image":[{"width":800,"height":800,"url":"https:\/\/www.yoroow.com\/wp-content\/uploads\/2025\/01\/\u4e3b\u56fe_1-2.jpg","type":"image\/jpeg"}],"twitter_card":"summary_large_image","twitter_misc":{"Tiempo de lectura":"1 minuto"},"schema":{"@context":"https:\/\/schema.org","@graph":[{"@type":"WebPage","@id":"https:\/\/www.yoroow.com\/es\/detalle-del-producto\/alta-calidad-epdm-tubo-interior-de-la-manguera-de-ducha-de-acero-inoxidable-304-manguera-flexible-de-ducha-de-mano-manguera-de-la-cabeza-para-el-bano\/","url":"https:\/\/www.yoroow.com\/es\/detalle-del-producto\/alta-calidad-epdm-tubo-interior-de-la-manguera-de-ducha-de-acero-inoxidable-304-manguera-flexible-de-ducha-de-mano-manguera-de-la-cabeza-para-el-bano\/","name":"High Quality EPDM Inner Tube Kitchen Faucet Hose 304 Stainless Steel Flexible Handheld Shower Head Bathroom Faucet Accessory - YOROOW","isPartOf":{"@id":"https:\/\/www.yoroow.com\/es\/#website"},"primaryImageOfPage":{"@id":"https:\/\/www.yoroow.com\/es\/detalle-del-producto\/alta-calidad-epdm-tubo-interior-de-la-manguera-de-ducha-de-acero-inoxidable-304-manguera-flexible-de-ducha-de-mano-manguera-de-la-cabeza-para-el-bano\/#primaryimage"},"image":{"@id":"https:\/\/www.yoroow.com\/es\/detalle-del-producto\/alta-calidad-epdm-tubo-interior-de-la-manguera-de-ducha-de-acero-inoxidable-304-manguera-flexible-de-ducha-de-mano-manguera-de-la-cabeza-para-el-bano\/#primaryimage"},"thumbnailUrl":"https:\/\/www.yoroow.com\/wp-content\/uploads\/2025\/01\/\u4e3b\u56fe_1-2.jpg","datePublished":"2025-01-23T06:02:24+00:00","dateModified":"2025-05-16T01:16:53+00:00","description":"High quality EPDM inner tube kitchen faucet hose with 304 stainless steel flexible handheld shower head accessory. Ensures durability and water tightness. Produced in China with strict standards, ideal for export to South America and Southeast Asia kitchens needing quality faucet hoses.","breadcrumb":{"@id":"https:\/\/www.yoroow.com\/es\/detalle-del-producto\/alta-calidad-epdm-tubo-interior-de-la-manguera-de-ducha-de-acero-inoxidable-304-manguera-flexible-de-ducha-de-mano-manguera-de-la-cabeza-para-el-bano\/#breadcrumb"},"inLanguage":"es","potentialAction":[{"@type":"ReadAction","target":["https:\/\/www.yoroow.com\/es\/detalle-del-producto\/alta-calidad-epdm-tubo-interior-de-la-manguera-de-ducha-de-acero-inoxidable-304-manguera-flexible-de-ducha-de-mano-manguera-de-la-cabeza-para-el-bano\/"]}]},{"@type":"ImageObject","inLanguage":"es","@id":"https:\/\/www.yoroow.com\/es\/detalle-del-producto\/alta-calidad-epdm-tubo-interior-de-la-manguera-de-ducha-de-acero-inoxidable-304-manguera-flexible-de-ducha-de-mano-manguera-de-la-cabeza-para-el-bano\/#primaryimage","url":"https:\/\/www.yoroow.com\/wp-content\/uploads\/2025\/01\/\u4e3b\u56fe_1-2.jpg","contentUrl":"https:\/\/www.yoroow.com\/wp-content\/uploads\/2025\/01\/\u4e3b\u56fe_1-2.jpg","width":800,"height":800,"caption":"High quality EPDM inner tube shower hose 304 stainless steel hose flexible handheld shower head hose for bathroom"},{"@type":"BreadcrumbList","@id":"https:\/\/www.yoroow.com\/es\/detalle-del-producto\/alta-calidad-epdm-tubo-interior-de-la-manguera-de-ducha-de-acero-inoxidable-304-manguera-flexible-de-ducha-de-mano-manguera-de-la-cabeza-para-el-bano\/#breadcrumb","itemListElement":[{"@type":"ListItem","position":1,"name":"home","item":"https:\/\/www.yoroow.com\/"},{"@type":"ListItem","position":2,"name":"Product","item":"https:\/\/www.yoroow.com\/product\/"},{"@type":"ListItem","position":3,"name":"High Quality EPDM Inner Tube Kitchen Faucet Hose 304 Stainless Steel Flexible Handheld Shower Head Bathroom Faucet Accessory"}]},{"@type":"WebSite","@id":"https:\/\/www.yoroow.com\/es\/#website","url":"https:\/\/www.yoroow.com\/es\/","name":"YOROOW","description":"","publisher":{"@id":"https:\/\/www.yoroow.com\/es\/#organization"},"potentialAction":[{"@type":"SearchAction","target":{"@type":"EntryPoint","urlTemplate":"https:\/\/www.yoroow.com\/es\/?s={search_term_string}"},"query-input":{"@type":"PropertyValueSpecification","valueRequired":true,"valueName":"search_term_string"}}],"inLanguage":"es"},{"@type":"Organization","@id":"https:\/\/www.yoroow.com\/es\/#organization","name":"YOROOW","url":"https:\/\/www.yoroow.com\/es\/","logo":{"@type":"ImageObject","inLanguage":"es","@id":"https:\/\/www.yoroow.com\/es\/#\/schema\/logo\/image\/","url":"https:\/\/www.yoroow.com\/wp-content\/uploads\/2024\/12\/2024123007131061.png","contentUrl":"https:\/\/www.yoroow.com\/wp-content\/uploads\/2024\/12\/2024123007131061.png","width":168,"height":27,"caption":"YOROOW"},"image":{"@id":"https:\/\/www.yoroow.com\/es\/#\/schema\/logo\/image\/"},"sameAs":["https:\/\/www.facebook.com\/people\/yoroowfaucetfactory\/61564236752362\/"]}]}},"_links":{"self":[{"href":"https:\/\/www.yoroow.com\/es\/wp-json\/wp\/v2\/product\/9215","targetHints":{"allow":["GET"]}}],"collection":[{"href":"https:\/\/www.yoroow.com\/es\/wp-json\/wp\/v2\/product"}],"about":[{"href":"https:\/\/www.yoroow.com\/es\/wp-json\/wp\/v2\/types\/product"}],"wp:featuredmedia":[{"embeddable":true,"href":"https:\/\/www.yoroow.com\/es\/wp-json\/wp\/v2\/media\/9216"}],"wp:attachment":[{"href":"https:\/\/www.yoroow.com\/es\/wp-json\/wp\/v2\/media?parent=9215"}],"wp:term":[{"taxonomy":"product_brand","embeddable":true,"href":"https:\/\/www.yoroow.com\/es\/wp-json\/wp\/v2\/product_brand?post=9215"},{"taxonomy":"product_cat","embeddable":true,"href":"https:\/\/www.yoroow.com\/es\/wp-json\/wp\/v2\/product_cat?post=9215"},{"taxonomy":"product_tag","embeddable":true,"href":"https:\/\/www.yoroow.com\/es\/wp-json\/wp\/v2\/product_tag?post=9215"}],"curies":[{"name":"wp","href":"https:\/\/api.w.org\/{rel}","templated":true}]}}