{"id":5365,"date":"2024-12-21T10:57:42","date_gmt":"2024-12-21T02:57:42","guid":{"rendered":"https:\/\/www.yoroow.com\/?post_type=product&#038;p=5365"},"modified":"2025-05-16T09:16:03","modified_gmt":"2025-05-16T01:16:03","slug":"china-fabrica-monomando-304-de-acero-inoxidable-cepillado-niquel-lavabo-grifo-de-montaje-en-cubierta-de-agua-fria-lavabo-grifo-para-el-bano","status":"publish","type":"product","link":"https:\/\/www.yoroow.com\/es\/detalle-del-producto\/china-fabrica-monomando-304-de-acero-inoxidable-cepillado-niquel-lavabo-grifo-de-montaje-en-cubierta-de-agua-fria-lavabo-grifo-para-el-bano\/","title":{"rendered":"China F\u00e1brica de un solo mango de acero inoxidable 304 n\u00edquel cepillado grifo del lavabo de montaje en cubierta de agua fr\u00eda grifo del lavabo para el ba\u00f1o"},"content":{"rendered":"<p>Este grifo monomando para lavabo est\u00e1 fabricado en acero inoxidable 304 con un acabado de n\u00edquel cepillado, que ofrece un aspecto elegante y moderno para los lavabos de los cuartos de ba\u00f1o. Est\u00e1 montado en cubierta y es apto para uso con agua fr\u00eda. Ideal para hogares, hoteles y espacios comerciales de Sudam\u00e9rica y el sudeste asi\u00e1tico, este grifo combina durabilidad y elegancia. Fabricado en nuestra f\u00e1brica china con estrictos controles de calidad, admite personalizaci\u00f3n OEM y entrega r\u00e1pida a granel. Dise\u00f1ado seg\u00fan normas internacionales, garantiza un rendimiento duradero y un gran atractivo visual.<\/p>","protected":false},"excerpt":{"rendered":"<p>Este grifo monomando para lavabo est\u00e1 fabricado en acero inoxidable 304 con un acabado de n\u00edquel cepillado, que ofrece un aspecto elegante y moderno para los lavabos de los cuartos de ba\u00f1o. Est\u00e1 montado en cubierta y es apto para uso con agua fr\u00eda. Ideal para hogares, hoteles y espacios comerciales en Sudam\u00e9rica y el sudeste asi\u00e1tico, el grifo combina durabilidad y elegancia. Fabricado en nuestra...<\/p>","protected":false},"featured_media":6710,"template":"","meta":{"_acf_changed":false,"_kad_post_transparent":"default","_kad_post_title":"","_kad_post_layout":"default","_kad_post_sidebar_id":"","_kad_post_content_style":"default","_kad_post_vertical_padding":"default","_kad_post_feature":"","_kad_post_feature_position":"","_kad_post_header":false,"_kad_post_footer":false},"product_brand":[],"product_cat":[219],"product_tag":[5999,3803],"class_list":{"0":"post-5365","1":"product","2":"type-product","3":"status-publish","4":"has-post-thumbnail","6":"product_cat-single-cold-basin-faucet","7":"product_tag-basin-faucet","8":"product_tag-bathroom","10":"first","11":"instock","12":"shipping-taxable","13":"purchasable","14":"product-type-variable","15":"wvs-archive-product-wrapper","16":"entry","17":"content-bg","18":"loop-entry"},"acf":[],"yoast_head":"<!-- This site is optimized with the Yoast SEO Premium plugin v25.4 (Yoast SEO v27.0) - https:\/\/yoast.com\/product\/yoast-seo-premium-wordpress\/ -->\n<title>China Factory Single Handle 304 Stainless Steel Brushed Nickel Basin Faucet Deck Mount Cold Water Basin Faucet For Bathroom - YOROOW<\/title>\n<meta name=\"description\" content=\"China factory single handle 304 stainless steel brushed nickel basin faucet deck mount cold water faucet suitable for bathroom use. Durable, corrosion resistant with sleek design. Chinese factory direct sales ensures competitive pricing, ideal for export to South America and Southeast Asia bathroom markets seeking quality stainless steel faucets.\" \/>\n<meta name=\"robots\" content=\"index, follow, max-snippet:-1, max-image-preview:large, max-video-preview:-1\" \/>\n<link rel=\"canonical\" href=\"https:\/\/www.yoroow.com\/es\/detalle-del-producto\/china-fabrica-monomando-304-de-acero-inoxidable-cepillado-niquel-lavabo-grifo-de-montaje-en-cubierta-de-agua-fria-lavabo-grifo-para-el-bano\/\" \/>\n<meta property=\"og:locale\" content=\"es_ES\" \/>\n<meta property=\"og:type\" content=\"article\" \/>\n<meta property=\"og:title\" content=\"China Factory Single Handle 304 Stainless Steel Brushed Nickel Basin Faucet Deck Mount Cold Water Basin Faucet For Bathroom\" \/>\n<meta property=\"og:description\" content=\"China factory single handle 304 stainless steel brushed nickel basin faucet deck mount cold water faucet suitable for bathroom use. Durable, corrosion resistant with sleek design. Chinese factory direct sales ensures competitive pricing, ideal for export to South America and Southeast Asia bathroom markets seeking quality stainless steel faucets.\" \/>\n<meta property=\"og:url\" content=\"https:\/\/www.yoroow.com\/es\/detalle-del-producto\/china-fabrica-monomando-304-de-acero-inoxidable-cepillado-niquel-lavabo-grifo-de-montaje-en-cubierta-de-agua-fria-lavabo-grifo-para-el-bano\/\" \/>\n<meta property=\"og:site_name\" content=\"YOROOW\" \/>\n<meta property=\"article:publisher\" content=\"https:\/\/www.facebook.com\/people\/yoroowfaucetfactory\/61564236752362\/\" \/>\n<meta property=\"article:modified_time\" content=\"2025-05-16T01:16:03+00:00\" \/>\n<meta property=\"og:image\" content=\"https:\/\/www.yoroow.com\/wp-content\/uploads\/2024\/12\/2024122509172295.jpg\" \/>\n\t<meta property=\"og:image:width\" content=\"800\" \/>\n\t<meta property=\"og:image:height\" content=\"800\" \/>\n\t<meta property=\"og:image:type\" content=\"image\/jpeg\" \/>\n<meta name=\"twitter:card\" content=\"summary_large_image\" \/>\n<meta name=\"twitter:label1\" content=\"Tiempo de lectura\" \/>\n\t<meta name=\"twitter:data1\" content=\"2 minutos\" \/>\n<script type=\"application\/ld+json\" class=\"yoast-schema-graph\">{\"@context\":\"https:\/\/schema.org\",\"@graph\":[{\"@type\":\"WebPage\",\"@id\":\"https:\/\/www.yoroow.com\/es\/detalle-del-producto\/china-fabrica-monomando-304-de-acero-inoxidable-cepillado-niquel-lavabo-grifo-de-montaje-en-cubierta-de-agua-fria-lavabo-grifo-para-el-bano\/\",\"url\":\"https:\/\/www.yoroow.com\/es\/detalle-del-producto\/china-fabrica-monomando-304-de-acero-inoxidable-cepillado-niquel-lavabo-grifo-de-montaje-en-cubierta-de-agua-fria-lavabo-grifo-para-el-bano\/\",\"name\":\"China Factory Single Handle 304 Stainless Steel Brushed Nickel Basin Faucet Deck Mount Cold Water Basin Faucet For Bathroom - YOROOW\",\"isPartOf\":{\"@id\":\"https:\/\/www.yoroow.com\/es\/#website\"},\"primaryImageOfPage\":{\"@id\":\"https:\/\/www.yoroow.com\/es\/detalle-del-producto\/china-fabrica-monomando-304-de-acero-inoxidable-cepillado-niquel-lavabo-grifo-de-montaje-en-cubierta-de-agua-fria-lavabo-grifo-para-el-bano\/#primaryimage\"},\"image\":{\"@id\":\"https:\/\/www.yoroow.com\/es\/detalle-del-producto\/china-fabrica-monomando-304-de-acero-inoxidable-cepillado-niquel-lavabo-grifo-de-montaje-en-cubierta-de-agua-fria-lavabo-grifo-para-el-bano\/#primaryimage\"},\"thumbnailUrl\":\"https:\/\/www.yoroow.com\/wp-content\/uploads\/2024\/12\/2024122509172295.jpg\",\"datePublished\":\"2024-12-21T02:57:42+00:00\",\"dateModified\":\"2025-05-16T01:16:03+00:00\",\"description\":\"China factory single handle 304 stainless steel brushed nickel basin faucet deck mount cold water faucet suitable for bathroom use. Durable, corrosion resistant with sleek design. Chinese factory direct sales ensures competitive pricing, ideal for export to South America and Southeast Asia bathroom markets seeking quality stainless steel faucets.\",\"breadcrumb\":{\"@id\":\"https:\/\/www.yoroow.com\/es\/detalle-del-producto\/china-fabrica-monomando-304-de-acero-inoxidable-cepillado-niquel-lavabo-grifo-de-montaje-en-cubierta-de-agua-fria-lavabo-grifo-para-el-bano\/#breadcrumb\"},\"inLanguage\":\"es\",\"potentialAction\":[{\"@type\":\"ReadAction\",\"target\":[\"https:\/\/www.yoroow.com\/es\/detalle-del-producto\/china-fabrica-monomando-304-de-acero-inoxidable-cepillado-niquel-lavabo-grifo-de-montaje-en-cubierta-de-agua-fria-lavabo-grifo-para-el-bano\/\"]}]},{\"@type\":\"ImageObject\",\"inLanguage\":\"es\",\"@id\":\"https:\/\/www.yoroow.com\/es\/detalle-del-producto\/china-fabrica-monomando-304-de-acero-inoxidable-cepillado-niquel-lavabo-grifo-de-montaje-en-cubierta-de-agua-fria-lavabo-grifo-para-el-bano\/#primaryimage\",\"url\":\"https:\/\/www.yoroow.com\/wp-content\/uploads\/2024\/12\/2024122509172295.jpg\",\"contentUrl\":\"https:\/\/www.yoroow.com\/wp-content\/uploads\/2024\/12\/2024122509172295.jpg\",\"width\":800,\"height\":800,\"caption\":\"China Factory Single Handle 304 Stainless Steel Brushed Nickel Basin Faucet Deck Mount Cold Water Basin Faucet For Bathroom\"},{\"@type\":\"BreadcrumbList\",\"@id\":\"https:\/\/www.yoroow.com\/es\/detalle-del-producto\/china-fabrica-monomando-304-de-acero-inoxidable-cepillado-niquel-lavabo-grifo-de-montaje-en-cubierta-de-agua-fria-lavabo-grifo-para-el-bano\/#breadcrumb\",\"itemListElement\":[{\"@type\":\"ListItem\",\"position\":1,\"name\":\"home\",\"item\":\"https:\/\/www.yoroow.com\/\"},{\"@type\":\"ListItem\",\"position\":2,\"name\":\"Product\",\"item\":\"https:\/\/www.yoroow.com\/product\/\"},{\"@type\":\"ListItem\",\"position\":3,\"name\":\"China Factory Single Handle 304 Stainless Steel Brushed Nickel Basin Faucet Deck Mount Cold Water Basin Faucet For Bathroom\"}]},{\"@type\":\"WebSite\",\"@id\":\"https:\/\/www.yoroow.com\/es\/#website\",\"url\":\"https:\/\/www.yoroow.com\/es\/\",\"name\":\"YOROOW\",\"description\":\"\",\"publisher\":{\"@id\":\"https:\/\/www.yoroow.com\/es\/#organization\"},\"potentialAction\":[{\"@type\":\"SearchAction\",\"target\":{\"@type\":\"EntryPoint\",\"urlTemplate\":\"https:\/\/www.yoroow.com\/es\/?s={search_term_string}\"},\"query-input\":{\"@type\":\"PropertyValueSpecification\",\"valueRequired\":true,\"valueName\":\"search_term_string\"}}],\"inLanguage\":\"es\"},{\"@type\":\"Organization\",\"@id\":\"https:\/\/www.yoroow.com\/es\/#organization\",\"name\":\"YOROOW\",\"url\":\"https:\/\/www.yoroow.com\/es\/\",\"logo\":{\"@type\":\"ImageObject\",\"inLanguage\":\"es\",\"@id\":\"https:\/\/www.yoroow.com\/es\/#\/schema\/logo\/image\/\",\"url\":\"https:\/\/www.yoroow.com\/wp-content\/uploads\/2024\/12\/2024123007131061.png\",\"contentUrl\":\"https:\/\/www.yoroow.com\/wp-content\/uploads\/2024\/12\/2024123007131061.png\",\"width\":168,\"height\":27,\"caption\":\"YOROOW\"},\"image\":{\"@id\":\"https:\/\/www.yoroow.com\/es\/#\/schema\/logo\/image\/\"},\"sameAs\":[\"https:\/\/www.facebook.com\/people\/yoroowfaucetfactory\/61564236752362\/\"]}]}<\/script>\n<!-- \/ Yoast SEO Premium plugin. -->","yoast_head_json":{"title":"China Factory Single Handle 304 Stainless Steel Brushed Nickel Basin Faucet Deck Mount Cold Water Basin Faucet For Bathroom - YOROOW","description":"China factory single handle 304 stainless steel brushed nickel basin faucet deck mount cold water faucet suitable for bathroom use. Durable, corrosion resistant with sleek design. Chinese factory direct sales ensures competitive pricing, ideal for export to South America and Southeast Asia bathroom markets seeking quality stainless steel faucets.","robots":{"index":"index","follow":"follow","max-snippet":"max-snippet:-1","max-image-preview":"max-image-preview:large","max-video-preview":"max-video-preview:-1"},"canonical":"https:\/\/www.yoroow.com\/es\/detalle-del-producto\/china-fabrica-monomando-304-de-acero-inoxidable-cepillado-niquel-lavabo-grifo-de-montaje-en-cubierta-de-agua-fria-lavabo-grifo-para-el-bano\/","og_locale":"es_ES","og_type":"article","og_title":"China Factory Single Handle 304 Stainless Steel Brushed Nickel Basin Faucet Deck Mount Cold Water Basin Faucet For Bathroom","og_description":"China factory single handle 304 stainless steel brushed nickel basin faucet deck mount cold water faucet suitable for bathroom use. Durable, corrosion resistant with sleek design. Chinese factory direct sales ensures competitive pricing, ideal for export to South America and Southeast Asia bathroom markets seeking quality stainless steel faucets.","og_url":"https:\/\/www.yoroow.com\/es\/detalle-del-producto\/china-fabrica-monomando-304-de-acero-inoxidable-cepillado-niquel-lavabo-grifo-de-montaje-en-cubierta-de-agua-fria-lavabo-grifo-para-el-bano\/","og_site_name":"YOROOW","article_publisher":"https:\/\/www.facebook.com\/people\/yoroowfaucetfactory\/61564236752362\/","article_modified_time":"2025-05-16T01:16:03+00:00","og_image":[{"width":800,"height":800,"url":"https:\/\/www.yoroow.com\/wp-content\/uploads\/2024\/12\/2024122509172295.jpg","type":"image\/jpeg"}],"twitter_card":"summary_large_image","twitter_misc":{"Tiempo de lectura":"2 minutos"},"schema":{"@context":"https:\/\/schema.org","@graph":[{"@type":"WebPage","@id":"https:\/\/www.yoroow.com\/es\/detalle-del-producto\/china-fabrica-monomando-304-de-acero-inoxidable-cepillado-niquel-lavabo-grifo-de-montaje-en-cubierta-de-agua-fria-lavabo-grifo-para-el-bano\/","url":"https:\/\/www.yoroow.com\/es\/detalle-del-producto\/china-fabrica-monomando-304-de-acero-inoxidable-cepillado-niquel-lavabo-grifo-de-montaje-en-cubierta-de-agua-fria-lavabo-grifo-para-el-bano\/","name":"China Factory Single Handle 304 Stainless Steel Brushed Nickel Basin Faucet Deck Mount Cold Water Basin Faucet For Bathroom - YOROOW","isPartOf":{"@id":"https:\/\/www.yoroow.com\/es\/#website"},"primaryImageOfPage":{"@id":"https:\/\/www.yoroow.com\/es\/detalle-del-producto\/china-fabrica-monomando-304-de-acero-inoxidable-cepillado-niquel-lavabo-grifo-de-montaje-en-cubierta-de-agua-fria-lavabo-grifo-para-el-bano\/#primaryimage"},"image":{"@id":"https:\/\/www.yoroow.com\/es\/detalle-del-producto\/china-fabrica-monomando-304-de-acero-inoxidable-cepillado-niquel-lavabo-grifo-de-montaje-en-cubierta-de-agua-fria-lavabo-grifo-para-el-bano\/#primaryimage"},"thumbnailUrl":"https:\/\/www.yoroow.com\/wp-content\/uploads\/2024\/12\/2024122509172295.jpg","datePublished":"2024-12-21T02:57:42+00:00","dateModified":"2025-05-16T01:16:03+00:00","description":"China factory single handle 304 stainless steel brushed nickel basin faucet deck mount cold water faucet suitable for bathroom use. Durable, corrosion resistant with sleek design. Chinese factory direct sales ensures competitive pricing, ideal for export to South America and Southeast Asia bathroom markets seeking quality stainless steel faucets.","breadcrumb":{"@id":"https:\/\/www.yoroow.com\/es\/detalle-del-producto\/china-fabrica-monomando-304-de-acero-inoxidable-cepillado-niquel-lavabo-grifo-de-montaje-en-cubierta-de-agua-fria-lavabo-grifo-para-el-bano\/#breadcrumb"},"inLanguage":"es","potentialAction":[{"@type":"ReadAction","target":["https:\/\/www.yoroow.com\/es\/detalle-del-producto\/china-fabrica-monomando-304-de-acero-inoxidable-cepillado-niquel-lavabo-grifo-de-montaje-en-cubierta-de-agua-fria-lavabo-grifo-para-el-bano\/"]}]},{"@type":"ImageObject","inLanguage":"es","@id":"https:\/\/www.yoroow.com\/es\/detalle-del-producto\/china-fabrica-monomando-304-de-acero-inoxidable-cepillado-niquel-lavabo-grifo-de-montaje-en-cubierta-de-agua-fria-lavabo-grifo-para-el-bano\/#primaryimage","url":"https:\/\/www.yoroow.com\/wp-content\/uploads\/2024\/12\/2024122509172295.jpg","contentUrl":"https:\/\/www.yoroow.com\/wp-content\/uploads\/2024\/12\/2024122509172295.jpg","width":800,"height":800,"caption":"China Factory Single Handle 304 Stainless Steel Brushed Nickel Basin Faucet Deck Mount Cold Water Basin Faucet For Bathroom"},{"@type":"BreadcrumbList","@id":"https:\/\/www.yoroow.com\/es\/detalle-del-producto\/china-fabrica-monomando-304-de-acero-inoxidable-cepillado-niquel-lavabo-grifo-de-montaje-en-cubierta-de-agua-fria-lavabo-grifo-para-el-bano\/#breadcrumb","itemListElement":[{"@type":"ListItem","position":1,"name":"home","item":"https:\/\/www.yoroow.com\/"},{"@type":"ListItem","position":2,"name":"Product","item":"https:\/\/www.yoroow.com\/product\/"},{"@type":"ListItem","position":3,"name":"China Factory Single Handle 304 Stainless Steel Brushed Nickel Basin Faucet Deck Mount Cold Water Basin Faucet For Bathroom"}]},{"@type":"WebSite","@id":"https:\/\/www.yoroow.com\/es\/#website","url":"https:\/\/www.yoroow.com\/es\/","name":"YOROOW","description":"","publisher":{"@id":"https:\/\/www.yoroow.com\/es\/#organization"},"potentialAction":[{"@type":"SearchAction","target":{"@type":"EntryPoint","urlTemplate":"https:\/\/www.yoroow.com\/es\/?s={search_term_string}"},"query-input":{"@type":"PropertyValueSpecification","valueRequired":true,"valueName":"search_term_string"}}],"inLanguage":"es"},{"@type":"Organization","@id":"https:\/\/www.yoroow.com\/es\/#organization","name":"YOROOW","url":"https:\/\/www.yoroow.com\/es\/","logo":{"@type":"ImageObject","inLanguage":"es","@id":"https:\/\/www.yoroow.com\/es\/#\/schema\/logo\/image\/","url":"https:\/\/www.yoroow.com\/wp-content\/uploads\/2024\/12\/2024123007131061.png","contentUrl":"https:\/\/www.yoroow.com\/wp-content\/uploads\/2024\/12\/2024123007131061.png","width":168,"height":27,"caption":"YOROOW"},"image":{"@id":"https:\/\/www.yoroow.com\/es\/#\/schema\/logo\/image\/"},"sameAs":["https:\/\/www.facebook.com\/people\/yoroowfaucetfactory\/61564236752362\/"]}]}},"_links":{"self":[{"href":"https:\/\/www.yoroow.com\/es\/wp-json\/wp\/v2\/product\/5365","targetHints":{"allow":["GET"]}}],"collection":[{"href":"https:\/\/www.yoroow.com\/es\/wp-json\/wp\/v2\/product"}],"about":[{"href":"https:\/\/www.yoroow.com\/es\/wp-json\/wp\/v2\/types\/product"}],"wp:featuredmedia":[{"embeddable":true,"href":"https:\/\/www.yoroow.com\/es\/wp-json\/wp\/v2\/media\/6710"}],"wp:attachment":[{"href":"https:\/\/www.yoroow.com\/es\/wp-json\/wp\/v2\/media?parent=5365"}],"wp:term":[{"taxonomy":"product_brand","embeddable":true,"href":"https:\/\/www.yoroow.com\/es\/wp-json\/wp\/v2\/product_brand?post=5365"},{"taxonomy":"product_cat","embeddable":true,"href":"https:\/\/www.yoroow.com\/es\/wp-json\/wp\/v2\/product_cat?post=5365"},{"taxonomy":"product_tag","embeddable":true,"href":"https:\/\/www.yoroow.com\/es\/wp-json\/wp\/v2\/product_tag?post=5365"}],"curies":[{"name":"wp","href":"https:\/\/api.w.org\/{rel}","templated":true}]}}