{"id":5339,"date":"2024-12-21T10:27:22","date_gmt":"2024-12-21T02:27:22","guid":{"rendered":"https:\/\/www.yoroow.com\/?post_type=product&#038;p=5339"},"modified":"2025-05-16T09:15:35","modified_gmt":"2025-05-16T01:15:35","slug":"bielorrusia-alta-calidad-pie-paso-publico-cromo-inodoro-valvula-de-descarga","status":"publish","type":"product","link":"https:\/\/www.yoroow.com\/es\/detalle-del-producto\/bielorrusia-alta-calidad-pie-paso-publico-cromo-inodoro-valvula-de-descarga\/","title":{"rendered":"Belorussia V\u00e1lvula cromada de alta calidad para inodoro V\u00e1lvula de descarga manual para inodoro occidental Pedal de pie Accesorio para ba\u00f1o p\u00fablico"},"content":{"rendered":"<p>Esta v\u00e1lvula de descarga de inodoro presenta un dise\u00f1o de pedal manual, lo que la hace ideal para aseos p\u00fablicos e instalaciones comerciales. Fabricada con materiales de alta calidad y acabada en cromo pulido, garantiza higiene, durabilidad y resistencia al uso diario intensivo. El mecanismo accionado con el pie minimiza el contacto con las manos, lo que favorece la higiene en entornos muy transitados, como aeropuertos, escuelas y centros comerciales. Es compatible con los inodoros de estilo occidental y admite una instalaci\u00f3n y un mantenimiento sencillos. Fabricada por el cualificado equipo de YOROOW, la v\u00e1lvula de descarga cumple las normas internacionales de calidad y est\u00e1 dise\u00f1ada para durar y funcionar sin problemas. La f\u00e1brica ofrece la posibilidad de personalizar el dise\u00f1o y las normas de montaje para satisfacer las necesidades de las instalaciones p\u00fablicas de Sudam\u00e9rica y el Sudeste Asi\u00e1tico. Con un s\u00f3lido apoyo log\u00edstico, una programaci\u00f3n flexible de la producci\u00f3n y una s\u00f3lida garant\u00eda de calidad, YOROOW suministra este producto con un precio competitivo, ideal para clientes municipales, hosteleros e institucionales.<\/p>","protected":false},"excerpt":{"rendered":"<p>This toilet flush valve features a manual foot-step pedal design, making it ideal for public restrooms and commercial facilities. Constructed with high-quality materials and finished in polished chrome, it ensures hygiene, durability, and resistance to heavy daily use. The foot-operated mechanism minimizes hand contact, promoting sanitation in high-traffic environments like airports, schools, and shopping centers\u2026.<\/p>","protected":false},"featured_media":6714,"template":"","meta":{"_acf_changed":false,"_kad_post_transparent":"default","_kad_post_title":"","_kad_post_layout":"default","_kad_post_sidebar_id":"","_kad_post_content_style":"default","_kad_post_vertical_padding":"default","_kad_post_feature":"","_kad_post_feature_position":"","_kad_post_header":false,"_kad_post_footer":false},"product_brand":[],"product_cat":[139,229],"product_tag":[7252,7246],"class_list":{"0":"post-5339","1":"product","2":"type-product","3":"status-publish","4":"has-post-thumbnail","6":"product_cat-toilet-flush-valve","7":"product_cat-manual-toilet-flush-valve","8":"product_tag-toilet-flush-valve","9":"product_tag-western-toilet-flush-valve","11":"first","12":"instock","13":"shipping-taxable","14":"purchasable","15":"product-type-variable","16":"wvs-archive-product-wrapper","17":"entry","18":"content-bg","19":"loop-entry"},"acf":[],"yoast_head":"<!-- This site is optimized with the Yoast SEO Premium plugin v25.4 (Yoast SEO v27.0) - https:\/\/yoast.com\/product\/yoast-seo-premium-wordpress\/ -->\n<title>Belorussia High Quality Chrome Toilet Flush Valve Western Toilet Manual Flush Valve Foot Step Pedal Public Restroom Accessory - YOROOW<\/title>\n<meta name=\"description\" content=\"Belorussia high quality chrome toilet flush valve designed for western toilets with manual flush and foot step pedal operation. Reliable and suitable for public restroom use. Chinese factory production ensures competitive pricing and quality control, ideal for export to South America and Southeast Asia where western-style toilet accessories are increasing in demand.\" \/>\n<meta name=\"robots\" content=\"index, follow, max-snippet:-1, max-image-preview:large, max-video-preview:-1\" \/>\n<link rel=\"canonical\" href=\"https:\/\/www.yoroow.com\/es\/detalle-del-producto\/bielorrusia-alta-calidad-pie-paso-publico-cromo-inodoro-valvula-de-descarga\/\" \/>\n<meta property=\"og:locale\" content=\"es_ES\" \/>\n<meta property=\"og:type\" content=\"article\" \/>\n<meta property=\"og:title\" content=\"Belorussia High Quality Chrome Toilet Flush Valve Western Toilet Manual Flush Valve Foot Step Pedal Public Restroom Accessory\" \/>\n<meta property=\"og:description\" content=\"Belorussia high quality chrome toilet flush valve designed for western toilets with manual flush and foot step pedal operation. Reliable and suitable for public restroom use. Chinese factory production ensures competitive pricing and quality control, ideal for export to South America and Southeast Asia where western-style toilet accessories are increasing in demand.\" \/>\n<meta property=\"og:url\" content=\"https:\/\/www.yoroow.com\/es\/detalle-del-producto\/bielorrusia-alta-calidad-pie-paso-publico-cromo-inodoro-valvula-de-descarga\/\" \/>\n<meta property=\"og:site_name\" content=\"YOROOW\" \/>\n<meta property=\"article:publisher\" content=\"https:\/\/www.facebook.com\/people\/yoroowfaucetfactory\/61564236752362\/\" \/>\n<meta property=\"article:modified_time\" content=\"2025-05-16T01:15:35+00:00\" \/>\n<meta property=\"og:image\" content=\"https:\/\/www.yoroow.com\/wp-content\/uploads\/2024\/12\/2024122509230527.jpg\" \/>\n\t<meta property=\"og:image:width\" content=\"800\" \/>\n\t<meta property=\"og:image:height\" content=\"800\" \/>\n\t<meta property=\"og:image:type\" content=\"image\/jpeg\" \/>\n<meta name=\"twitter:card\" content=\"summary_large_image\" \/>\n<meta name=\"twitter:label1\" content=\"Tiempo de lectura\" \/>\n\t<meta name=\"twitter:data1\" content=\"2 minutos\" \/>\n<script type=\"application\/ld+json\" class=\"yoast-schema-graph\">{\"@context\":\"https:\/\/schema.org\",\"@graph\":[{\"@type\":\"WebPage\",\"@id\":\"https:\/\/www.yoroow.com\/es\/detalle-del-producto\/bielorrusia-alta-calidad-pie-paso-publico-cromo-inodoro-valvula-de-descarga\/\",\"url\":\"https:\/\/www.yoroow.com\/es\/detalle-del-producto\/bielorrusia-alta-calidad-pie-paso-publico-cromo-inodoro-valvula-de-descarga\/\",\"name\":\"Belorussia High Quality Chrome Toilet Flush Valve Western Toilet Manual Flush Valve Foot Step Pedal Public Restroom Accessory - YOROOW\",\"isPartOf\":{\"@id\":\"https:\/\/www.yoroow.com\/es\/#website\"},\"primaryImageOfPage\":{\"@id\":\"https:\/\/www.yoroow.com\/es\/detalle-del-producto\/bielorrusia-alta-calidad-pie-paso-publico-cromo-inodoro-valvula-de-descarga\/#primaryimage\"},\"image\":{\"@id\":\"https:\/\/www.yoroow.com\/es\/detalle-del-producto\/bielorrusia-alta-calidad-pie-paso-publico-cromo-inodoro-valvula-de-descarga\/#primaryimage\"},\"thumbnailUrl\":\"https:\/\/www.yoroow.com\/wp-content\/uploads\/2024\/12\/2024122509230527.jpg\",\"datePublished\":\"2024-12-21T02:27:22+00:00\",\"dateModified\":\"2025-05-16T01:15:35+00:00\",\"description\":\"Belorussia high quality chrome toilet flush valve designed for western toilets with manual flush and foot step pedal operation. Reliable and suitable for public restroom use. Chinese factory production ensures competitive pricing and quality control, ideal for export to South America and Southeast Asia where western-style toilet accessories are increasing in demand.\",\"breadcrumb\":{\"@id\":\"https:\/\/www.yoroow.com\/es\/detalle-del-producto\/bielorrusia-alta-calidad-pie-paso-publico-cromo-inodoro-valvula-de-descarga\/#breadcrumb\"},\"inLanguage\":\"es\",\"potentialAction\":[{\"@type\":\"ReadAction\",\"target\":[\"https:\/\/www.yoroow.com\/es\/detalle-del-producto\/bielorrusia-alta-calidad-pie-paso-publico-cromo-inodoro-valvula-de-descarga\/\"]}]},{\"@type\":\"ImageObject\",\"inLanguage\":\"es\",\"@id\":\"https:\/\/www.yoroow.com\/es\/detalle-del-producto\/bielorrusia-alta-calidad-pie-paso-publico-cromo-inodoro-valvula-de-descarga\/#primaryimage\",\"url\":\"https:\/\/www.yoroow.com\/wp-content\/uploads\/2024\/12\/2024122509230527.jpg\",\"contentUrl\":\"https:\/\/www.yoroow.com\/wp-content\/uploads\/2024\/12\/2024122509230527.jpg\",\"width\":800,\"height\":800,\"caption\":\"Belorussia High Quality Chrome Toilet Flush Valve Western Toilet Manual Flush Valve Foot Step Pedal Public Restroom Accessory\"},{\"@type\":\"BreadcrumbList\",\"@id\":\"https:\/\/www.yoroow.com\/es\/detalle-del-producto\/bielorrusia-alta-calidad-pie-paso-publico-cromo-inodoro-valvula-de-descarga\/#breadcrumb\",\"itemListElement\":[{\"@type\":\"ListItem\",\"position\":1,\"name\":\"home\",\"item\":\"https:\/\/www.yoroow.com\/\"},{\"@type\":\"ListItem\",\"position\":2,\"name\":\"Product\",\"item\":\"https:\/\/www.yoroow.com\/product\/\"},{\"@type\":\"ListItem\",\"position\":3,\"name\":\"Belorussia High Quality Chrome Toilet Flush Valve Western Toilet Manual Flush Valve Foot Step Pedal Public Restroom Accessory\"}]},{\"@type\":\"WebSite\",\"@id\":\"https:\/\/www.yoroow.com\/es\/#website\",\"url\":\"https:\/\/www.yoroow.com\/es\/\",\"name\":\"YOROOW\",\"description\":\"\",\"publisher\":{\"@id\":\"https:\/\/www.yoroow.com\/es\/#organization\"},\"potentialAction\":[{\"@type\":\"SearchAction\",\"target\":{\"@type\":\"EntryPoint\",\"urlTemplate\":\"https:\/\/www.yoroow.com\/es\/?s={search_term_string}\"},\"query-input\":{\"@type\":\"PropertyValueSpecification\",\"valueRequired\":true,\"valueName\":\"search_term_string\"}}],\"inLanguage\":\"es\"},{\"@type\":\"Organization\",\"@id\":\"https:\/\/www.yoroow.com\/es\/#organization\",\"name\":\"YOROOW\",\"url\":\"https:\/\/www.yoroow.com\/es\/\",\"logo\":{\"@type\":\"ImageObject\",\"inLanguage\":\"es\",\"@id\":\"https:\/\/www.yoroow.com\/es\/#\/schema\/logo\/image\/\",\"url\":\"https:\/\/www.yoroow.com\/wp-content\/uploads\/2024\/12\/2024123007131061.png\",\"contentUrl\":\"https:\/\/www.yoroow.com\/wp-content\/uploads\/2024\/12\/2024123007131061.png\",\"width\":168,\"height\":27,\"caption\":\"YOROOW\"},\"image\":{\"@id\":\"https:\/\/www.yoroow.com\/es\/#\/schema\/logo\/image\/\"},\"sameAs\":[\"https:\/\/www.facebook.com\/people\/yoroowfaucetfactory\/61564236752362\/\"]}]}<\/script>\n<!-- \/ Yoast SEO Premium plugin. -->","yoast_head_json":{"title":"Belorussia High Quality Chrome Toilet Flush Valve Western Toilet Manual Flush Valve Foot Step Pedal Public Restroom Accessory - YOROOW","description":"Belorussia high quality chrome toilet flush valve designed for western toilets with manual flush and foot step pedal operation. Reliable and suitable for public restroom use. Chinese factory production ensures competitive pricing and quality control, ideal for export to South America and Southeast Asia where western-style toilet accessories are increasing in demand.","robots":{"index":"index","follow":"follow","max-snippet":"max-snippet:-1","max-image-preview":"max-image-preview:large","max-video-preview":"max-video-preview:-1"},"canonical":"https:\/\/www.yoroow.com\/es\/detalle-del-producto\/bielorrusia-alta-calidad-pie-paso-publico-cromo-inodoro-valvula-de-descarga\/","og_locale":"es_ES","og_type":"article","og_title":"Belorussia High Quality Chrome Toilet Flush Valve Western Toilet Manual Flush Valve Foot Step Pedal Public Restroom Accessory","og_description":"Belorussia high quality chrome toilet flush valve designed for western toilets with manual flush and foot step pedal operation. Reliable and suitable for public restroom use. Chinese factory production ensures competitive pricing and quality control, ideal for export to South America and Southeast Asia where western-style toilet accessories are increasing in demand.","og_url":"https:\/\/www.yoroow.com\/es\/detalle-del-producto\/bielorrusia-alta-calidad-pie-paso-publico-cromo-inodoro-valvula-de-descarga\/","og_site_name":"YOROOW","article_publisher":"https:\/\/www.facebook.com\/people\/yoroowfaucetfactory\/61564236752362\/","article_modified_time":"2025-05-16T01:15:35+00:00","og_image":[{"width":800,"height":800,"url":"https:\/\/www.yoroow.com\/wp-content\/uploads\/2024\/12\/2024122509230527.jpg","type":"image\/jpeg"}],"twitter_card":"summary_large_image","twitter_misc":{"Tiempo de lectura":"2 minutos"},"schema":{"@context":"https:\/\/schema.org","@graph":[{"@type":"WebPage","@id":"https:\/\/www.yoroow.com\/es\/detalle-del-producto\/bielorrusia-alta-calidad-pie-paso-publico-cromo-inodoro-valvula-de-descarga\/","url":"https:\/\/www.yoroow.com\/es\/detalle-del-producto\/bielorrusia-alta-calidad-pie-paso-publico-cromo-inodoro-valvula-de-descarga\/","name":"Belorussia High Quality Chrome Toilet Flush Valve Western Toilet Manual Flush Valve Foot Step Pedal Public Restroom Accessory - YOROOW","isPartOf":{"@id":"https:\/\/www.yoroow.com\/es\/#website"},"primaryImageOfPage":{"@id":"https:\/\/www.yoroow.com\/es\/detalle-del-producto\/bielorrusia-alta-calidad-pie-paso-publico-cromo-inodoro-valvula-de-descarga\/#primaryimage"},"image":{"@id":"https:\/\/www.yoroow.com\/es\/detalle-del-producto\/bielorrusia-alta-calidad-pie-paso-publico-cromo-inodoro-valvula-de-descarga\/#primaryimage"},"thumbnailUrl":"https:\/\/www.yoroow.com\/wp-content\/uploads\/2024\/12\/2024122509230527.jpg","datePublished":"2024-12-21T02:27:22+00:00","dateModified":"2025-05-16T01:15:35+00:00","description":"Belorussia high quality chrome toilet flush valve designed for western toilets with manual flush and foot step pedal operation. Reliable and suitable for public restroom use. Chinese factory production ensures competitive pricing and quality control, ideal for export to South America and Southeast Asia where western-style toilet accessories are increasing in demand.","breadcrumb":{"@id":"https:\/\/www.yoroow.com\/es\/detalle-del-producto\/bielorrusia-alta-calidad-pie-paso-publico-cromo-inodoro-valvula-de-descarga\/#breadcrumb"},"inLanguage":"es","potentialAction":[{"@type":"ReadAction","target":["https:\/\/www.yoroow.com\/es\/detalle-del-producto\/bielorrusia-alta-calidad-pie-paso-publico-cromo-inodoro-valvula-de-descarga\/"]}]},{"@type":"ImageObject","inLanguage":"es","@id":"https:\/\/www.yoroow.com\/es\/detalle-del-producto\/bielorrusia-alta-calidad-pie-paso-publico-cromo-inodoro-valvula-de-descarga\/#primaryimage","url":"https:\/\/www.yoroow.com\/wp-content\/uploads\/2024\/12\/2024122509230527.jpg","contentUrl":"https:\/\/www.yoroow.com\/wp-content\/uploads\/2024\/12\/2024122509230527.jpg","width":800,"height":800,"caption":"Belorussia High Quality Chrome Toilet Flush Valve Western Toilet Manual Flush Valve Foot Step Pedal Public Restroom Accessory"},{"@type":"BreadcrumbList","@id":"https:\/\/www.yoroow.com\/es\/detalle-del-producto\/bielorrusia-alta-calidad-pie-paso-publico-cromo-inodoro-valvula-de-descarga\/#breadcrumb","itemListElement":[{"@type":"ListItem","position":1,"name":"home","item":"https:\/\/www.yoroow.com\/"},{"@type":"ListItem","position":2,"name":"Product","item":"https:\/\/www.yoroow.com\/product\/"},{"@type":"ListItem","position":3,"name":"Belorussia High Quality Chrome Toilet Flush Valve Western Toilet Manual Flush Valve Foot Step Pedal Public Restroom Accessory"}]},{"@type":"WebSite","@id":"https:\/\/www.yoroow.com\/es\/#website","url":"https:\/\/www.yoroow.com\/es\/","name":"YOROOW","description":"","publisher":{"@id":"https:\/\/www.yoroow.com\/es\/#organization"},"potentialAction":[{"@type":"SearchAction","target":{"@type":"EntryPoint","urlTemplate":"https:\/\/www.yoroow.com\/es\/?s={search_term_string}"},"query-input":{"@type":"PropertyValueSpecification","valueRequired":true,"valueName":"search_term_string"}}],"inLanguage":"es"},{"@type":"Organization","@id":"https:\/\/www.yoroow.com\/es\/#organization","name":"YOROOW","url":"https:\/\/www.yoroow.com\/es\/","logo":{"@type":"ImageObject","inLanguage":"es","@id":"https:\/\/www.yoroow.com\/es\/#\/schema\/logo\/image\/","url":"https:\/\/www.yoroow.com\/wp-content\/uploads\/2024\/12\/2024123007131061.png","contentUrl":"https:\/\/www.yoroow.com\/wp-content\/uploads\/2024\/12\/2024123007131061.png","width":168,"height":27,"caption":"YOROOW"},"image":{"@id":"https:\/\/www.yoroow.com\/es\/#\/schema\/logo\/image\/"},"sameAs":["https:\/\/www.facebook.com\/people\/yoroowfaucetfactory\/61564236752362\/"]}]}},"_links":{"self":[{"href":"https:\/\/www.yoroow.com\/es\/wp-json\/wp\/v2\/product\/5339","targetHints":{"allow":["GET"]}}],"collection":[{"href":"https:\/\/www.yoroow.com\/es\/wp-json\/wp\/v2\/product"}],"about":[{"href":"https:\/\/www.yoroow.com\/es\/wp-json\/wp\/v2\/types\/product"}],"wp:featuredmedia":[{"embeddable":true,"href":"https:\/\/www.yoroow.com\/es\/wp-json\/wp\/v2\/media\/6714"}],"wp:attachment":[{"href":"https:\/\/www.yoroow.com\/es\/wp-json\/wp\/v2\/media?parent=5339"}],"wp:term":[{"taxonomy":"product_brand","embeddable":true,"href":"https:\/\/www.yoroow.com\/es\/wp-json\/wp\/v2\/product_brand?post=5339"},{"taxonomy":"product_cat","embeddable":true,"href":"https:\/\/www.yoroow.com\/es\/wp-json\/wp\/v2\/product_cat?post=5339"},{"taxonomy":"product_tag","embeddable":true,"href":"https:\/\/www.yoroow.com\/es\/wp-json\/wp\/v2\/product_tag?post=5339"}],"curies":[{"name":"wp","href":"https:\/\/api.w.org\/{rel}","templated":true}]}}