{"id":5005,"date":"2024-12-20T17:08:05","date_gmt":"2024-12-20T09:08:05","guid":{"rendered":"https:\/\/www.yoroow.com\/?post_type=product&#038;p=5005"},"modified":"2025-05-16T09:14:54","modified_gmt":"2025-05-16T01:14:54","slug":"lujo-acero-inoxidable-dorado-niquel-cepillado-monomando-cano-cascada-grifo-bano-grifo-lavabo-mezclador-grifo","status":"publish","type":"product","link":"https:\/\/www.yoroow.com\/es\/detalle-del-producto\/lujo-acero-inoxidable-dorado-niquel-cepillado-monomando-cano-cascada-grifo-bano-grifo-lavabo-mezclador-grifo\/","title":{"rendered":"De lujo de acero inoxidable de oro de n\u00edquel cepillado de una sola manija de la cascada de ca\u00f1o grifo del ba\u00f1o grifo del lavabo mezclador del grifo"},"content":{"rendered":"<p>Lujo de acero inoxidable de oro de n\u00edquel cepillado de un solo mango de ca\u00f1o en cascada Grifo de ba\u00f1o Lavatory Faucet Lavabo Grifo mezclador Este grifo de ba\u00f1o de lujo cuenta con un acabado de n\u00edquel cepillado de oro y un ca\u00f1o en cascada, creando un aspecto sofisticado para cuartos de ba\u00f1o modernos. El dise\u00f1o monomando garantiza un f\u00e1cil control del agua, mientras que la construcci\u00f3n en acero inoxidable asegura su durabilidad. Fabricado en la f\u00e1brica china de YOROOW, es una excelente opci\u00f3n para exportar a Sudam\u00e9rica y el Sudeste Asi\u00e1tico, donde los accesorios de ba\u00f1o de lujo son cada vez m\u00e1s demandados.<\/p>","protected":false},"excerpt":{"rendered":"<p>Luxury Golden Stainless Steel Brushed Nickel Single Handle Waterfall Spout Bathroom Faucet Lavatory Faucet Basin Mixer Tap This luxury bathroom faucet features a golden brushed nickel finish and a waterfall spout, creating a sophisticated look for modern bathrooms. The single-handle design ensures easy water control, while the stainless steel construction ensures durability. Manufactured in YOROOW\u2019s&#8230;<\/p>","protected":false},"featured_media":6242,"template":"","meta":{"_acf_changed":false,"_kad_post_transparent":"default","_kad_post_title":"","_kad_post_layout":"default","_kad_post_sidebar_id":"","_kad_post_content_style":"default","_kad_post_vertical_padding":"default","_kad_post_feature":"","_kad_post_feature_position":"","_kad_post_header":false,"_kad_post_footer":false},"product_brand":[],"product_cat":[238],"product_tag":[3803,5980],"class_list":{"0":"post-5005","1":"product","2":"type-product","3":"status-publish","4":"has-post-thumbnail","6":"product_cat-mixer-basin-faucet","7":"product_tag-bathroom","8":"product_tag-bathroom-basin-mixer-tap-faucet","10":"first","11":"instock","12":"shipping-taxable","13":"purchasable","14":"product-type-variable","15":"wvs-archive-product-wrapper","16":"entry","17":"content-bg","18":"loop-entry"},"acf":[],"yoast_head":"<!-- This site is optimized with the Yoast SEO Premium plugin v25.4 (Yoast SEO v27.0) - https:\/\/yoast.com\/product\/yoast-seo-premium-wordpress\/ -->\n<title>Luxury Golden Stainless Steel Brushed Nickel Single Handle Waterfall Spout Bathroom Faucet Lavatory Faucet Basin Mixer Tap - YOROOW<\/title>\n<meta name=\"description\" content=\"Luxury golden stainless steel brushed nickel single handle waterfall spout bathroom faucet combines elegant design with durable materials. Ideal for bathroom lavatories needing stylish water flow. Made in China with advanced finishing processes, targeting export to South America and Southeast Asia&#039;s premium bathroom fixtures markets.\" \/>\n<meta name=\"robots\" content=\"index, follow, max-snippet:-1, max-image-preview:large, max-video-preview:-1\" \/>\n<link rel=\"canonical\" href=\"https:\/\/www.yoroow.com\/es\/detalle-del-producto\/lujo-acero-inoxidable-dorado-niquel-cepillado-monomando-cano-cascada-grifo-bano-grifo-lavabo-mezclador-grifo\/\" \/>\n<meta property=\"og:locale\" content=\"es_ES\" \/>\n<meta property=\"og:type\" content=\"article\" \/>\n<meta property=\"og:title\" content=\"Luxury Golden Stainless Steel Brushed Nickel Single Handle Waterfall Spout Bathroom Faucet Lavatory Faucet Basin Mixer Tap\" \/>\n<meta property=\"og:description\" content=\"Luxury golden stainless steel brushed nickel single handle waterfall spout bathroom faucet combines elegant design with durable materials. Ideal for bathroom lavatories needing stylish water flow. Made in China with advanced finishing processes, targeting export to South America and Southeast Asia&#039;s premium bathroom fixtures markets.\" \/>\n<meta property=\"og:url\" content=\"https:\/\/www.yoroow.com\/es\/detalle-del-producto\/lujo-acero-inoxidable-dorado-niquel-cepillado-monomando-cano-cascada-grifo-bano-grifo-lavabo-mezclador-grifo\/\" \/>\n<meta property=\"og:site_name\" content=\"YOROOW\" \/>\n<meta property=\"article:publisher\" content=\"https:\/\/www.facebook.com\/people\/yoroowfaucetfactory\/61564236752362\/\" \/>\n<meta property=\"article:modified_time\" content=\"2025-05-16T01:14:54+00:00\" \/>\n<meta property=\"og:image\" content=\"https:\/\/www.yoroow.com\/wp-content\/uploads\/2024\/12\/2024122208302252.jpg\" \/>\n\t<meta property=\"og:image:width\" content=\"1200\" \/>\n\t<meta property=\"og:image:height\" content=\"1200\" \/>\n\t<meta property=\"og:image:type\" content=\"image\/jpeg\" \/>\n<meta name=\"twitter:card\" content=\"summary_large_image\" \/>\n<meta name=\"twitter:label1\" content=\"Tiempo de lectura\" \/>\n\t<meta name=\"twitter:data1\" content=\"2 minutos\" \/>\n<script type=\"application\/ld+json\" class=\"yoast-schema-graph\">{\"@context\":\"https:\/\/schema.org\",\"@graph\":[{\"@type\":\"WebPage\",\"@id\":\"https:\/\/www.yoroow.com\/es\/detalle-del-producto\/lujo-acero-inoxidable-dorado-niquel-cepillado-monomando-cano-cascada-grifo-bano-grifo-lavabo-mezclador-grifo\/\",\"url\":\"https:\/\/www.yoroow.com\/es\/detalle-del-producto\/lujo-acero-inoxidable-dorado-niquel-cepillado-monomando-cano-cascada-grifo-bano-grifo-lavabo-mezclador-grifo\/\",\"name\":\"Luxury Golden Stainless Steel Brushed Nickel Single Handle Waterfall Spout Bathroom Faucet Lavatory Faucet Basin Mixer Tap - YOROOW\",\"isPartOf\":{\"@id\":\"https:\/\/www.yoroow.com\/es\/#website\"},\"primaryImageOfPage\":{\"@id\":\"https:\/\/www.yoroow.com\/es\/detalle-del-producto\/lujo-acero-inoxidable-dorado-niquel-cepillado-monomando-cano-cascada-grifo-bano-grifo-lavabo-mezclador-grifo\/#primaryimage\"},\"image\":{\"@id\":\"https:\/\/www.yoroow.com\/es\/detalle-del-producto\/lujo-acero-inoxidable-dorado-niquel-cepillado-monomando-cano-cascada-grifo-bano-grifo-lavabo-mezclador-grifo\/#primaryimage\"},\"thumbnailUrl\":\"https:\/\/www.yoroow.com\/wp-content\/uploads\/2024\/12\/2024122208302252.jpg\",\"datePublished\":\"2024-12-20T09:08:05+00:00\",\"dateModified\":\"2025-05-16T01:14:54+00:00\",\"description\":\"Luxury golden stainless steel brushed nickel single handle waterfall spout bathroom faucet combines elegant design with durable materials. Ideal for bathroom lavatories needing stylish water flow. Made in China with advanced finishing processes, targeting export to South America and Southeast Asia's premium bathroom fixtures markets.\",\"breadcrumb\":{\"@id\":\"https:\/\/www.yoroow.com\/es\/detalle-del-producto\/lujo-acero-inoxidable-dorado-niquel-cepillado-monomando-cano-cascada-grifo-bano-grifo-lavabo-mezclador-grifo\/#breadcrumb\"},\"inLanguage\":\"es\",\"potentialAction\":[{\"@type\":\"ReadAction\",\"target\":[\"https:\/\/www.yoroow.com\/es\/detalle-del-producto\/lujo-acero-inoxidable-dorado-niquel-cepillado-monomando-cano-cascada-grifo-bano-grifo-lavabo-mezclador-grifo\/\"]}]},{\"@type\":\"ImageObject\",\"inLanguage\":\"es\",\"@id\":\"https:\/\/www.yoroow.com\/es\/detalle-del-producto\/lujo-acero-inoxidable-dorado-niquel-cepillado-monomando-cano-cascada-grifo-bano-grifo-lavabo-mezclador-grifo\/#primaryimage\",\"url\":\"https:\/\/www.yoroow.com\/wp-content\/uploads\/2024\/12\/2024122208302252.jpg\",\"contentUrl\":\"https:\/\/www.yoroow.com\/wp-content\/uploads\/2024\/12\/2024122208302252.jpg\",\"width\":1200,\"height\":1200,\"caption\":\"Luxury Golden Stainless Steel Brushed Nickel Single Handle Waterfall Spout Bathroom Faucet Lavatory Faucet Basin Mixer Tap\"},{\"@type\":\"BreadcrumbList\",\"@id\":\"https:\/\/www.yoroow.com\/es\/detalle-del-producto\/lujo-acero-inoxidable-dorado-niquel-cepillado-monomando-cano-cascada-grifo-bano-grifo-lavabo-mezclador-grifo\/#breadcrumb\",\"itemListElement\":[{\"@type\":\"ListItem\",\"position\":1,\"name\":\"home\",\"item\":\"https:\/\/www.yoroow.com\/\"},{\"@type\":\"ListItem\",\"position\":2,\"name\":\"Product\",\"item\":\"https:\/\/www.yoroow.com\/product\/\"},{\"@type\":\"ListItem\",\"position\":3,\"name\":\"Luxury Golden Stainless Steel Brushed Nickel Single Handle Waterfall Spout Bathroom Faucet Lavatory Faucet Basin Mixer Tap\"}]},{\"@type\":\"WebSite\",\"@id\":\"https:\/\/www.yoroow.com\/es\/#website\",\"url\":\"https:\/\/www.yoroow.com\/es\/\",\"name\":\"YOROOW\",\"description\":\"\",\"publisher\":{\"@id\":\"https:\/\/www.yoroow.com\/es\/#organization\"},\"potentialAction\":[{\"@type\":\"SearchAction\",\"target\":{\"@type\":\"EntryPoint\",\"urlTemplate\":\"https:\/\/www.yoroow.com\/es\/?s={search_term_string}\"},\"query-input\":{\"@type\":\"PropertyValueSpecification\",\"valueRequired\":true,\"valueName\":\"search_term_string\"}}],\"inLanguage\":\"es\"},{\"@type\":\"Organization\",\"@id\":\"https:\/\/www.yoroow.com\/es\/#organization\",\"name\":\"YOROOW\",\"url\":\"https:\/\/www.yoroow.com\/es\/\",\"logo\":{\"@type\":\"ImageObject\",\"inLanguage\":\"es\",\"@id\":\"https:\/\/www.yoroow.com\/es\/#\/schema\/logo\/image\/\",\"url\":\"https:\/\/www.yoroow.com\/wp-content\/uploads\/2024\/12\/2024123007131061.png\",\"contentUrl\":\"https:\/\/www.yoroow.com\/wp-content\/uploads\/2024\/12\/2024123007131061.png\",\"width\":168,\"height\":27,\"caption\":\"YOROOW\"},\"image\":{\"@id\":\"https:\/\/www.yoroow.com\/es\/#\/schema\/logo\/image\/\"},\"sameAs\":[\"https:\/\/www.facebook.com\/people\/yoroowfaucetfactory\/61564236752362\/\"]}]}<\/script>\n<!-- \/ Yoast SEO Premium plugin. -->","yoast_head_json":{"title":"Luxury Golden Stainless Steel Brushed Nickel Single Handle Waterfall Spout Bathroom Faucet Lavatory Faucet Basin Mixer Tap - YOROOW","description":"Luxury golden stainless steel brushed nickel single handle waterfall spout bathroom faucet combines elegant design with durable materials. Ideal for bathroom lavatories needing stylish water flow. Made in China with advanced finishing processes, targeting export to South America and Southeast Asia's premium bathroom fixtures markets.","robots":{"index":"index","follow":"follow","max-snippet":"max-snippet:-1","max-image-preview":"max-image-preview:large","max-video-preview":"max-video-preview:-1"},"canonical":"https:\/\/www.yoroow.com\/es\/detalle-del-producto\/lujo-acero-inoxidable-dorado-niquel-cepillado-monomando-cano-cascada-grifo-bano-grifo-lavabo-mezclador-grifo\/","og_locale":"es_ES","og_type":"article","og_title":"Luxury Golden Stainless Steel Brushed Nickel Single Handle Waterfall Spout Bathroom Faucet Lavatory Faucet Basin Mixer Tap","og_description":"Luxury golden stainless steel brushed nickel single handle waterfall spout bathroom faucet combines elegant design with durable materials. Ideal for bathroom lavatories needing stylish water flow. Made in China with advanced finishing processes, targeting export to South America and Southeast Asia's premium bathroom fixtures markets.","og_url":"https:\/\/www.yoroow.com\/es\/detalle-del-producto\/lujo-acero-inoxidable-dorado-niquel-cepillado-monomando-cano-cascada-grifo-bano-grifo-lavabo-mezclador-grifo\/","og_site_name":"YOROOW","article_publisher":"https:\/\/www.facebook.com\/people\/yoroowfaucetfactory\/61564236752362\/","article_modified_time":"2025-05-16T01:14:54+00:00","og_image":[{"width":1200,"height":1200,"url":"https:\/\/www.yoroow.com\/wp-content\/uploads\/2024\/12\/2024122208302252.jpg","type":"image\/jpeg"}],"twitter_card":"summary_large_image","twitter_misc":{"Tiempo de lectura":"2 minutos"},"schema":{"@context":"https:\/\/schema.org","@graph":[{"@type":"WebPage","@id":"https:\/\/www.yoroow.com\/es\/detalle-del-producto\/lujo-acero-inoxidable-dorado-niquel-cepillado-monomando-cano-cascada-grifo-bano-grifo-lavabo-mezclador-grifo\/","url":"https:\/\/www.yoroow.com\/es\/detalle-del-producto\/lujo-acero-inoxidable-dorado-niquel-cepillado-monomando-cano-cascada-grifo-bano-grifo-lavabo-mezclador-grifo\/","name":"Luxury Golden Stainless Steel Brushed Nickel Single Handle Waterfall Spout Bathroom Faucet Lavatory Faucet Basin Mixer Tap - YOROOW","isPartOf":{"@id":"https:\/\/www.yoroow.com\/es\/#website"},"primaryImageOfPage":{"@id":"https:\/\/www.yoroow.com\/es\/detalle-del-producto\/lujo-acero-inoxidable-dorado-niquel-cepillado-monomando-cano-cascada-grifo-bano-grifo-lavabo-mezclador-grifo\/#primaryimage"},"image":{"@id":"https:\/\/www.yoroow.com\/es\/detalle-del-producto\/lujo-acero-inoxidable-dorado-niquel-cepillado-monomando-cano-cascada-grifo-bano-grifo-lavabo-mezclador-grifo\/#primaryimage"},"thumbnailUrl":"https:\/\/www.yoroow.com\/wp-content\/uploads\/2024\/12\/2024122208302252.jpg","datePublished":"2024-12-20T09:08:05+00:00","dateModified":"2025-05-16T01:14:54+00:00","description":"Luxury golden stainless steel brushed nickel single handle waterfall spout bathroom faucet combines elegant design with durable materials. Ideal for bathroom lavatories needing stylish water flow. Made in China with advanced finishing processes, targeting export to South America and Southeast Asia's premium bathroom fixtures markets.","breadcrumb":{"@id":"https:\/\/www.yoroow.com\/es\/detalle-del-producto\/lujo-acero-inoxidable-dorado-niquel-cepillado-monomando-cano-cascada-grifo-bano-grifo-lavabo-mezclador-grifo\/#breadcrumb"},"inLanguage":"es","potentialAction":[{"@type":"ReadAction","target":["https:\/\/www.yoroow.com\/es\/detalle-del-producto\/lujo-acero-inoxidable-dorado-niquel-cepillado-monomando-cano-cascada-grifo-bano-grifo-lavabo-mezclador-grifo\/"]}]},{"@type":"ImageObject","inLanguage":"es","@id":"https:\/\/www.yoroow.com\/es\/detalle-del-producto\/lujo-acero-inoxidable-dorado-niquel-cepillado-monomando-cano-cascada-grifo-bano-grifo-lavabo-mezclador-grifo\/#primaryimage","url":"https:\/\/www.yoroow.com\/wp-content\/uploads\/2024\/12\/2024122208302252.jpg","contentUrl":"https:\/\/www.yoroow.com\/wp-content\/uploads\/2024\/12\/2024122208302252.jpg","width":1200,"height":1200,"caption":"Luxury Golden Stainless Steel Brushed Nickel Single Handle Waterfall Spout Bathroom Faucet Lavatory Faucet Basin Mixer Tap"},{"@type":"BreadcrumbList","@id":"https:\/\/www.yoroow.com\/es\/detalle-del-producto\/lujo-acero-inoxidable-dorado-niquel-cepillado-monomando-cano-cascada-grifo-bano-grifo-lavabo-mezclador-grifo\/#breadcrumb","itemListElement":[{"@type":"ListItem","position":1,"name":"home","item":"https:\/\/www.yoroow.com\/"},{"@type":"ListItem","position":2,"name":"Product","item":"https:\/\/www.yoroow.com\/product\/"},{"@type":"ListItem","position":3,"name":"Luxury Golden Stainless Steel Brushed Nickel Single Handle Waterfall Spout Bathroom Faucet Lavatory Faucet Basin Mixer Tap"}]},{"@type":"WebSite","@id":"https:\/\/www.yoroow.com\/es\/#website","url":"https:\/\/www.yoroow.com\/es\/","name":"YOROOW","description":"","publisher":{"@id":"https:\/\/www.yoroow.com\/es\/#organization"},"potentialAction":[{"@type":"SearchAction","target":{"@type":"EntryPoint","urlTemplate":"https:\/\/www.yoroow.com\/es\/?s={search_term_string}"},"query-input":{"@type":"PropertyValueSpecification","valueRequired":true,"valueName":"search_term_string"}}],"inLanguage":"es"},{"@type":"Organization","@id":"https:\/\/www.yoroow.com\/es\/#organization","name":"YOROOW","url":"https:\/\/www.yoroow.com\/es\/","logo":{"@type":"ImageObject","inLanguage":"es","@id":"https:\/\/www.yoroow.com\/es\/#\/schema\/logo\/image\/","url":"https:\/\/www.yoroow.com\/wp-content\/uploads\/2024\/12\/2024123007131061.png","contentUrl":"https:\/\/www.yoroow.com\/wp-content\/uploads\/2024\/12\/2024123007131061.png","width":168,"height":27,"caption":"YOROOW"},"image":{"@id":"https:\/\/www.yoroow.com\/es\/#\/schema\/logo\/image\/"},"sameAs":["https:\/\/www.facebook.com\/people\/yoroowfaucetfactory\/61564236752362\/"]}]}},"_links":{"self":[{"href":"https:\/\/www.yoroow.com\/es\/wp-json\/wp\/v2\/product\/5005","targetHints":{"allow":["GET"]}}],"collection":[{"href":"https:\/\/www.yoroow.com\/es\/wp-json\/wp\/v2\/product"}],"about":[{"href":"https:\/\/www.yoroow.com\/es\/wp-json\/wp\/v2\/types\/product"}],"wp:featuredmedia":[{"embeddable":true,"href":"https:\/\/www.yoroow.com\/es\/wp-json\/wp\/v2\/media\/6242"}],"wp:attachment":[{"href":"https:\/\/www.yoroow.com\/es\/wp-json\/wp\/v2\/media?parent=5005"}],"wp:term":[{"taxonomy":"product_brand","embeddable":true,"href":"https:\/\/www.yoroow.com\/es\/wp-json\/wp\/v2\/product_brand?post=5005"},{"taxonomy":"product_cat","embeddable":true,"href":"https:\/\/www.yoroow.com\/es\/wp-json\/wp\/v2\/product_cat?post=5005"},{"taxonomy":"product_tag","embeddable":true,"href":"https:\/\/www.yoroow.com\/es\/wp-json\/wp\/v2\/product_tag?post=5005"}],"curies":[{"name":"wp","href":"https:\/\/api.w.org\/{rel}","templated":true}]}}