{"id":4939,"date":"2024-12-20T15:36:52","date_gmt":"2024-12-20T07:36:52","guid":{"rendered":"https:\/\/www.yoroow.com\/?post_type=product&#038;p=4939"},"modified":"2025-05-16T09:14:10","modified_gmt":"2025-05-16T01:14:10","slug":"moderno-grifo-de-lavabo-de-zinc-con-cartucho-de-laton-de-alta-calidad","status":"publish","type":"product","link":"https:\/\/www.yoroow.com\/es\/detalle-del-producto\/moderno-grifo-de-lavabo-de-zinc-con-cartucho-de-laton-de-alta-calidad\/","title":{"rendered":"Cromo Zinc Aleaci\u00f3n Lavabo Mezclador Grifos Termost\u00e1tico Dise\u00f1o Contempor\u00e1neo para la Escuela Hospital Lavabo Uso"},"content":{"rendered":"<p>Aleaci\u00f3n de zinc cromado Grifo mezclador de lavabo Grifos termost\u00e1ticos de dise\u00f1o contempor\u00e1neo para uso en lavabos de escuelas y hospitales Este grifo termost\u00e1tico de lavabo garantiza un control estable de la temperatura del agua, evitando cambios bruscos de temperatura, lo que resulta crucial en instalaciones p\u00fablicas como escuelas y hospitales. La construcci\u00f3n en aleaci\u00f3n de zinc cromado ofrece tanto durabilidad como atractivo est\u00e9tico. La f\u00e1brica de YOROOW produce estos grifos con tecnolog\u00edas avanzadas para garantizar un rendimiento fiable y una larga vida \u00fatil. Este producto es especialmente atractivo para los mercados de Sudam\u00e9rica y el Sudeste Asi\u00e1tico, donde est\u00e1 aumentando la demanda de accesorios de ba\u00f1o duraderos y de calidad.<\/p>","protected":false},"excerpt":{"rendered":"<p>Aleaci\u00f3n de zinc cromado Grifo mezclador de lavabo Grifos termost\u00e1ticos de dise\u00f1o contempor\u00e1neo para uso en lavabos de escuelas y hospitales Este grifo termost\u00e1tico de lavabo garantiza un control estable de la temperatura del agua, evitando cambios bruscos de temperatura, lo que resulta crucial en instalaciones p\u00fablicas como escuelas y hospitales. La construcci\u00f3n en aleaci\u00f3n de zinc cromado ofrece tanto durabilidad como atractivo est\u00e9tico. La f\u00e1brica de YOROOW produce estos grifos con...<\/p>","protected":false},"featured_media":10774,"template":"","meta":{"_acf_changed":false,"_kad_post_transparent":"default","_kad_post_title":"","_kad_post_layout":"default","_kad_post_sidebar_id":"","_kad_post_content_style":"default","_kad_post_vertical_padding":"default","_kad_post_feature":"","_kad_post_feature_position":"","_kad_post_header":false,"_kad_post_footer":false},"product_brand":[],"product_cat":[219],"product_tag":[3365,3419],"class_list":{"0":"post-4939","1":"product","2":"type-product","3":"status-publish","4":"has-post-thumbnail","6":"product_cat-single-cold-basin-faucet","7":"product_tag-basin-faucet-chrome-zinc-alloy-faucet-taps","8":"product_tag-face-basin-faucet","10":"first","11":"instock","12":"shipping-taxable","13":"purchasable","14":"product-type-variable","15":"wvs-archive-product-wrapper","16":"entry","17":"content-bg","18":"loop-entry"},"acf":[],"yoast_head":"<!-- This site is optimized with the Yoast SEO Premium plugin v25.4 (Yoast SEO v27.0) - https:\/\/yoast.com\/product\/yoast-seo-premium-wordpress\/ -->\n<title>Chrome Zinc Alloy Basin Mixer Faucet Taps Thermostatic Contemporary Design for School Hospital Washbasin Use - YOROOW<\/title>\n<meta name=\"description\" content=\"Chrome zinc alloy basin mixer faucet taps with thermostatic control designed for school and hospital washbasins. The contemporary design offers reliable temperature regulation and easy installation. Produced in China with strict quality control, this product fits well in institutional environments popular in South America and Southeast Asia, providing safe and efficient water management solutions.\" \/>\n<meta name=\"robots\" content=\"index, follow, max-snippet:-1, max-image-preview:large, max-video-preview:-1\" \/>\n<link rel=\"canonical\" href=\"https:\/\/www.yoroow.com\/es\/detalle-del-producto\/moderno-grifo-de-lavabo-de-zinc-con-cartucho-de-laton-de-alta-calidad\/\" \/>\n<meta property=\"og:locale\" content=\"es_ES\" \/>\n<meta property=\"og:type\" content=\"article\" \/>\n<meta property=\"og:title\" content=\"Chrome Zinc Alloy Basin Mixer Faucet Taps Thermostatic Contemporary Design for School Hospital Washbasin Use\" \/>\n<meta property=\"og:description\" content=\"Chrome zinc alloy basin mixer faucet taps with thermostatic control designed for school and hospital washbasins. The contemporary design offers reliable temperature regulation and easy installation. Produced in China with strict quality control, this product fits well in institutional environments popular in South America and Southeast Asia, providing safe and efficient water management solutions.\" \/>\n<meta property=\"og:url\" content=\"https:\/\/www.yoroow.com\/es\/detalle-del-producto\/moderno-grifo-de-lavabo-de-zinc-con-cartucho-de-laton-de-alta-calidad\/\" \/>\n<meta property=\"og:site_name\" content=\"YOROOW\" \/>\n<meta property=\"article:publisher\" content=\"https:\/\/www.facebook.com\/people\/yoroowfaucetfactory\/61564236752362\/\" \/>\n<meta property=\"article:modified_time\" content=\"2025-05-16T01:14:10+00:00\" \/>\n<meta property=\"og:image\" content=\"https:\/\/www.yoroow.com\/wp-content\/uploads\/2024\/12\/\u5fae\u4fe1\u56fe\u7247_20250218104919.jpg\" \/>\n\t<meta property=\"og:image:width\" content=\"800\" \/>\n\t<meta property=\"og:image:height\" content=\"800\" \/>\n\t<meta property=\"og:image:type\" content=\"image\/jpeg\" \/>\n<meta name=\"twitter:card\" content=\"summary_large_image\" \/>\n<meta name=\"twitter:label1\" content=\"Tiempo de lectura\" \/>\n\t<meta name=\"twitter:data1\" content=\"1 minuto\" \/>\n<script type=\"application\/ld+json\" class=\"yoast-schema-graph\">{\"@context\":\"https:\/\/schema.org\",\"@graph\":[{\"@type\":\"WebPage\",\"@id\":\"https:\/\/www.yoroow.com\/es\/detalle-del-producto\/moderno-grifo-de-lavabo-de-zinc-con-cartucho-de-laton-de-alta-calidad\/\",\"url\":\"https:\/\/www.yoroow.com\/es\/detalle-del-producto\/moderno-grifo-de-lavabo-de-zinc-con-cartucho-de-laton-de-alta-calidad\/\",\"name\":\"Chrome Zinc Alloy Basin Mixer Faucet Taps Thermostatic Contemporary Design for School Hospital Washbasin Use - YOROOW\",\"isPartOf\":{\"@id\":\"https:\/\/www.yoroow.com\/es\/#website\"},\"primaryImageOfPage\":{\"@id\":\"https:\/\/www.yoroow.com\/es\/detalle-del-producto\/moderno-grifo-de-lavabo-de-zinc-con-cartucho-de-laton-de-alta-calidad\/#primaryimage\"},\"image\":{\"@id\":\"https:\/\/www.yoroow.com\/es\/detalle-del-producto\/moderno-grifo-de-lavabo-de-zinc-con-cartucho-de-laton-de-alta-calidad\/#primaryimage\"},\"thumbnailUrl\":\"https:\/\/www.yoroow.com\/wp-content\/uploads\/2024\/12\/\u5fae\u4fe1\u56fe\u7247_20250218104919.jpg\",\"datePublished\":\"2024-12-20T07:36:52+00:00\",\"dateModified\":\"2025-05-16T01:14:10+00:00\",\"description\":\"Chrome zinc alloy basin mixer faucet taps with thermostatic control designed for school and hospital washbasins. The contemporary design offers reliable temperature regulation and easy installation. Produced in China with strict quality control, this product fits well in institutional environments popular in South America and Southeast Asia, providing safe and efficient water management solutions.\",\"breadcrumb\":{\"@id\":\"https:\/\/www.yoroow.com\/es\/detalle-del-producto\/moderno-grifo-de-lavabo-de-zinc-con-cartucho-de-laton-de-alta-calidad\/#breadcrumb\"},\"inLanguage\":\"es\",\"potentialAction\":[{\"@type\":\"ReadAction\",\"target\":[\"https:\/\/www.yoroow.com\/es\/detalle-del-producto\/moderno-grifo-de-lavabo-de-zinc-con-cartucho-de-laton-de-alta-calidad\/\"]}]},{\"@type\":\"ImageObject\",\"inLanguage\":\"es\",\"@id\":\"https:\/\/www.yoroow.com\/es\/detalle-del-producto\/moderno-grifo-de-lavabo-de-zinc-con-cartucho-de-laton-de-alta-calidad\/#primaryimage\",\"url\":\"https:\/\/www.yoroow.com\/wp-content\/uploads\/2024\/12\/\u5fae\u4fe1\u56fe\u7247_20250218104919.jpg\",\"contentUrl\":\"https:\/\/www.yoroow.com\/wp-content\/uploads\/2024\/12\/\u5fae\u4fe1\u56fe\u7247_20250218104919.jpg\",\"width\":800,\"height\":800,\"caption\":\"Chrome Zinc Alloy Basin Mixer Faucet Taps Thermostatic Contemporary Design for School Hospital Washbasin Use\"},{\"@type\":\"BreadcrumbList\",\"@id\":\"https:\/\/www.yoroow.com\/es\/detalle-del-producto\/moderno-grifo-de-lavabo-de-zinc-con-cartucho-de-laton-de-alta-calidad\/#breadcrumb\",\"itemListElement\":[{\"@type\":\"ListItem\",\"position\":1,\"name\":\"home\",\"item\":\"https:\/\/www.yoroow.com\/\"},{\"@type\":\"ListItem\",\"position\":2,\"name\":\"Product\",\"item\":\"https:\/\/www.yoroow.com\/product\/\"},{\"@type\":\"ListItem\",\"position\":3,\"name\":\"Chrome Zinc Alloy Basin Mixer Faucet Taps Thermostatic Contemporary Design for School Hospital Washbasin Use\"}]},{\"@type\":\"WebSite\",\"@id\":\"https:\/\/www.yoroow.com\/es\/#website\",\"url\":\"https:\/\/www.yoroow.com\/es\/\",\"name\":\"YOROOW\",\"description\":\"\",\"publisher\":{\"@id\":\"https:\/\/www.yoroow.com\/es\/#organization\"},\"potentialAction\":[{\"@type\":\"SearchAction\",\"target\":{\"@type\":\"EntryPoint\",\"urlTemplate\":\"https:\/\/www.yoroow.com\/es\/?s={search_term_string}\"},\"query-input\":{\"@type\":\"PropertyValueSpecification\",\"valueRequired\":true,\"valueName\":\"search_term_string\"}}],\"inLanguage\":\"es\"},{\"@type\":\"Organization\",\"@id\":\"https:\/\/www.yoroow.com\/es\/#organization\",\"name\":\"YOROOW\",\"url\":\"https:\/\/www.yoroow.com\/es\/\",\"logo\":{\"@type\":\"ImageObject\",\"inLanguage\":\"es\",\"@id\":\"https:\/\/www.yoroow.com\/es\/#\/schema\/logo\/image\/\",\"url\":\"https:\/\/www.yoroow.com\/wp-content\/uploads\/2024\/12\/2024123007131061.png\",\"contentUrl\":\"https:\/\/www.yoroow.com\/wp-content\/uploads\/2024\/12\/2024123007131061.png\",\"width\":168,\"height\":27,\"caption\":\"YOROOW\"},\"image\":{\"@id\":\"https:\/\/www.yoroow.com\/es\/#\/schema\/logo\/image\/\"},\"sameAs\":[\"https:\/\/www.facebook.com\/people\/yoroowfaucetfactory\/61564236752362\/\"]}]}<\/script>\n<!-- \/ Yoast SEO Premium plugin. -->","yoast_head_json":{"title":"Chrome Zinc Alloy Basin Mixer Faucet Taps Thermostatic Contemporary Design for School Hospital Washbasin Use - YOROOW","description":"Chrome zinc alloy basin mixer faucet taps with thermostatic control designed for school and hospital washbasins. The contemporary design offers reliable temperature regulation and easy installation. Produced in China with strict quality control, this product fits well in institutional environments popular in South America and Southeast Asia, providing safe and efficient water management solutions.","robots":{"index":"index","follow":"follow","max-snippet":"max-snippet:-1","max-image-preview":"max-image-preview:large","max-video-preview":"max-video-preview:-1"},"canonical":"https:\/\/www.yoroow.com\/es\/detalle-del-producto\/moderno-grifo-de-lavabo-de-zinc-con-cartucho-de-laton-de-alta-calidad\/","og_locale":"es_ES","og_type":"article","og_title":"Chrome Zinc Alloy Basin Mixer Faucet Taps Thermostatic Contemporary Design for School Hospital Washbasin Use","og_description":"Chrome zinc alloy basin mixer faucet taps with thermostatic control designed for school and hospital washbasins. The contemporary design offers reliable temperature regulation and easy installation. Produced in China with strict quality control, this product fits well in institutional environments popular in South America and Southeast Asia, providing safe and efficient water management solutions.","og_url":"https:\/\/www.yoroow.com\/es\/detalle-del-producto\/moderno-grifo-de-lavabo-de-zinc-con-cartucho-de-laton-de-alta-calidad\/","og_site_name":"YOROOW","article_publisher":"https:\/\/www.facebook.com\/people\/yoroowfaucetfactory\/61564236752362\/","article_modified_time":"2025-05-16T01:14:10+00:00","og_image":[{"width":800,"height":800,"url":"https:\/\/www.yoroow.com\/wp-content\/uploads\/2024\/12\/\u5fae\u4fe1\u56fe\u7247_20250218104919.jpg","type":"image\/jpeg"}],"twitter_card":"summary_large_image","twitter_misc":{"Tiempo de lectura":"1 minuto"},"schema":{"@context":"https:\/\/schema.org","@graph":[{"@type":"WebPage","@id":"https:\/\/www.yoroow.com\/es\/detalle-del-producto\/moderno-grifo-de-lavabo-de-zinc-con-cartucho-de-laton-de-alta-calidad\/","url":"https:\/\/www.yoroow.com\/es\/detalle-del-producto\/moderno-grifo-de-lavabo-de-zinc-con-cartucho-de-laton-de-alta-calidad\/","name":"Chrome Zinc Alloy Basin Mixer Faucet Taps Thermostatic Contemporary Design for School Hospital Washbasin Use - YOROOW","isPartOf":{"@id":"https:\/\/www.yoroow.com\/es\/#website"},"primaryImageOfPage":{"@id":"https:\/\/www.yoroow.com\/es\/detalle-del-producto\/moderno-grifo-de-lavabo-de-zinc-con-cartucho-de-laton-de-alta-calidad\/#primaryimage"},"image":{"@id":"https:\/\/www.yoroow.com\/es\/detalle-del-producto\/moderno-grifo-de-lavabo-de-zinc-con-cartucho-de-laton-de-alta-calidad\/#primaryimage"},"thumbnailUrl":"https:\/\/www.yoroow.com\/wp-content\/uploads\/2024\/12\/\u5fae\u4fe1\u56fe\u7247_20250218104919.jpg","datePublished":"2024-12-20T07:36:52+00:00","dateModified":"2025-05-16T01:14:10+00:00","description":"Chrome zinc alloy basin mixer faucet taps with thermostatic control designed for school and hospital washbasins. The contemporary design offers reliable temperature regulation and easy installation. Produced in China with strict quality control, this product fits well in institutional environments popular in South America and Southeast Asia, providing safe and efficient water management solutions.","breadcrumb":{"@id":"https:\/\/www.yoroow.com\/es\/detalle-del-producto\/moderno-grifo-de-lavabo-de-zinc-con-cartucho-de-laton-de-alta-calidad\/#breadcrumb"},"inLanguage":"es","potentialAction":[{"@type":"ReadAction","target":["https:\/\/www.yoroow.com\/es\/detalle-del-producto\/moderno-grifo-de-lavabo-de-zinc-con-cartucho-de-laton-de-alta-calidad\/"]}]},{"@type":"ImageObject","inLanguage":"es","@id":"https:\/\/www.yoroow.com\/es\/detalle-del-producto\/moderno-grifo-de-lavabo-de-zinc-con-cartucho-de-laton-de-alta-calidad\/#primaryimage","url":"https:\/\/www.yoroow.com\/wp-content\/uploads\/2024\/12\/\u5fae\u4fe1\u56fe\u7247_20250218104919.jpg","contentUrl":"https:\/\/www.yoroow.com\/wp-content\/uploads\/2024\/12\/\u5fae\u4fe1\u56fe\u7247_20250218104919.jpg","width":800,"height":800,"caption":"Chrome Zinc Alloy Basin Mixer Faucet Taps Thermostatic Contemporary Design for School Hospital Washbasin Use"},{"@type":"BreadcrumbList","@id":"https:\/\/www.yoroow.com\/es\/detalle-del-producto\/moderno-grifo-de-lavabo-de-zinc-con-cartucho-de-laton-de-alta-calidad\/#breadcrumb","itemListElement":[{"@type":"ListItem","position":1,"name":"home","item":"https:\/\/www.yoroow.com\/"},{"@type":"ListItem","position":2,"name":"Product","item":"https:\/\/www.yoroow.com\/product\/"},{"@type":"ListItem","position":3,"name":"Chrome Zinc Alloy Basin Mixer Faucet Taps Thermostatic Contemporary Design for School Hospital Washbasin Use"}]},{"@type":"WebSite","@id":"https:\/\/www.yoroow.com\/es\/#website","url":"https:\/\/www.yoroow.com\/es\/","name":"YOROOW","description":"","publisher":{"@id":"https:\/\/www.yoroow.com\/es\/#organization"},"potentialAction":[{"@type":"SearchAction","target":{"@type":"EntryPoint","urlTemplate":"https:\/\/www.yoroow.com\/es\/?s={search_term_string}"},"query-input":{"@type":"PropertyValueSpecification","valueRequired":true,"valueName":"search_term_string"}}],"inLanguage":"es"},{"@type":"Organization","@id":"https:\/\/www.yoroow.com\/es\/#organization","name":"YOROOW","url":"https:\/\/www.yoroow.com\/es\/","logo":{"@type":"ImageObject","inLanguage":"es","@id":"https:\/\/www.yoroow.com\/es\/#\/schema\/logo\/image\/","url":"https:\/\/www.yoroow.com\/wp-content\/uploads\/2024\/12\/2024123007131061.png","contentUrl":"https:\/\/www.yoroow.com\/wp-content\/uploads\/2024\/12\/2024123007131061.png","width":168,"height":27,"caption":"YOROOW"},"image":{"@id":"https:\/\/www.yoroow.com\/es\/#\/schema\/logo\/image\/"},"sameAs":["https:\/\/www.facebook.com\/people\/yoroowfaucetfactory\/61564236752362\/"]}]}},"_links":{"self":[{"href":"https:\/\/www.yoroow.com\/es\/wp-json\/wp\/v2\/product\/4939","targetHints":{"allow":["GET"]}}],"collection":[{"href":"https:\/\/www.yoroow.com\/es\/wp-json\/wp\/v2\/product"}],"about":[{"href":"https:\/\/www.yoroow.com\/es\/wp-json\/wp\/v2\/types\/product"}],"wp:featuredmedia":[{"embeddable":true,"href":"https:\/\/www.yoroow.com\/es\/wp-json\/wp\/v2\/media\/10774"}],"wp:attachment":[{"href":"https:\/\/www.yoroow.com\/es\/wp-json\/wp\/v2\/media?parent=4939"}],"wp:term":[{"taxonomy":"product_brand","embeddable":true,"href":"https:\/\/www.yoroow.com\/es\/wp-json\/wp\/v2\/product_brand?post=4939"},{"taxonomy":"product_cat","embeddable":true,"href":"https:\/\/www.yoroow.com\/es\/wp-json\/wp\/v2\/product_cat?post=4939"},{"taxonomy":"product_tag","embeddable":true,"href":"https:\/\/www.yoroow.com\/es\/wp-json\/wp\/v2\/product_tag?post=4939"}],"curies":[{"name":"wp","href":"https:\/\/api.w.org\/{rel}","templated":true}]}}