{"id":4280,"date":"2024-12-19T11:22:03","date_gmt":"2024-12-19T03:22:03","guid":{"rendered":"https:\/\/www.yoroow.com\/?post_type=product&#038;p=4280"},"modified":"2025-05-16T09:11:49","modified_gmt":"2025-05-16T01:11:49","slug":"venta-caliente-grifo-de-bano-monomando-monomando-de-agua-fria-del-fregadero-grifo-montado-en-la-cubierta-de-bano-lavabo-cuadrado-grifo-de-agua","status":"publish","type":"product","link":"https:\/\/www.yoroow.com\/es\/detalle-del-producto\/venta-caliente-grifo-de-bano-monomando-monomando-de-agua-fria-del-fregadero-grifo-montado-en-la-cubierta-de-bano-lavabo-cuadrado-grifo-de-agua\/","title":{"rendered":"Contemporary Single-Hole Bathroom Basin Faucet Modern Design Single-Handle Cold Water Face Tap for Apartment or Hotel Use"},"content":{"rendered":"<p>Contemporary Single-Hole Bathroom Basin Faucet Modern Design Single-Handle Cold Water Face Tap for Apartment or Hotel Use and bathroom face basin tap traditional, el grifo para lavabo de ba\u00f1o ofrece una soluci\u00f3n moderna y eficiente tanto para ba\u00f1os residenciales como comerciales. El dise\u00f1o de orificio \u00fanico facilita la instalaci\u00f3n, mientras que el mando monomando ofrece una regulaci\u00f3n precisa de la temperatura y el caudal del agua. Fabricado con materiales de alta calidad, este grifo est\u00e1 dise\u00f1ado para resistir el paso del tiempo. Producido en nuestra avanzada f\u00e1brica china de grifer\u00eda, este grifo de ba\u00f1o es una opci\u00f3n asequible pero lujosa para los clientes de Sudam\u00e9rica y el Sudeste Asi\u00e1tico. La combinaci\u00f3n de dise\u00f1o elegante y alta funcionalidad lo convierte en una opci\u00f3n popular para hoteles, apartamentos y hogares.                                                                                                                                                       |<\/p>","protected":false},"excerpt":{"rendered":"<p>Contemporary Single-Hole Bathroom Basin Faucet Modern Design Single-Handle Cold Water Face Tap for Apartment or Hotel Use and bathroom face basin tap traditional, bathroom wash basin faucet offers a modern and efficient solution for both residential and commercial bathrooms. The single-hole design makes installation easier, while the single-handle control offers precise water temperature and flow\u2026<\/p>","protected":false},"featured_media":4590,"template":"","meta":{"_acf_changed":false,"_kad_post_transparent":"default","_kad_post_title":"","_kad_post_layout":"default","_kad_post_sidebar_id":"","_kad_post_content_style":"default","_kad_post_vertical_padding":"default","_kad_post_feature":"","_kad_post_feature_position":"","_kad_post_header":false,"_kad_post_footer":false},"product_brand":[],"product_cat":[219,1557],"product_tag":[3455,3398],"class_list":{"0":"post-4280","1":"product","2":"type-product","3":"status-publish","4":"has-post-thumbnail","6":"product_cat-single-cold-basin-faucet","7":"product_cat-square-basin-faucet","8":"product_tag-bathroom-face-basin-tap-traditional","9":"product_tag-bathroom-wash-basin-faucet","11":"first","12":"instock","13":"shipping-taxable","14":"purchasable","15":"product-type-variable","16":"wvs-archive-product-wrapper","17":"entry","18":"content-bg","19":"loop-entry"},"acf":[],"yoast_head":"<!-- This site is optimized with the Yoast SEO Premium plugin v25.4 (Yoast SEO v27.0) - https:\/\/yoast.com\/product\/yoast-seo-premium-wordpress\/ -->\n<title>Contemporary Single-Hole Bathroom Basin Faucet Modern Design Single-Handle Cold Water Face Tap for Apartment or Hotel Use - YOROOW<\/title>\n<meta name=\"description\" content=\"Contemporary Single-Hole Bathroom Basin Faucet with single-handle cold water operation is made from zinc alloy and designed for apartments and hotels. Chinese production offers good pricing and customization options. Exported to South America and Southeast Asia with focus on affordable sanitary ware.\" \/>\n<meta name=\"robots\" content=\"index, follow, max-snippet:-1, max-image-preview:large, max-video-preview:-1\" \/>\n<link rel=\"canonical\" href=\"https:\/\/www.yoroow.com\/es\/detalle-del-producto\/venta-caliente-grifo-de-bano-monomando-monomando-de-agua-fria-del-fregadero-grifo-montado-en-la-cubierta-de-bano-lavabo-cuadrado-grifo-de-agua\/\" \/>\n<meta property=\"og:locale\" content=\"es_ES\" \/>\n<meta property=\"og:type\" content=\"article\" \/>\n<meta property=\"og:title\" content=\"Contemporary Single-Hole Bathroom Basin Faucet Modern Design Single-Handle Cold Water Face Tap for Apartment or Hotel Use\" \/>\n<meta property=\"og:description\" content=\"Contemporary Single-Hole Bathroom Basin Faucet with single-handle cold water operation is made from zinc alloy and designed for apartments and hotels. Chinese production offers good pricing and customization options. Exported to South America and Southeast Asia with focus on affordable sanitary ware.\" \/>\n<meta property=\"og:url\" content=\"https:\/\/www.yoroow.com\/es\/detalle-del-producto\/venta-caliente-grifo-de-bano-monomando-monomando-de-agua-fria-del-fregadero-grifo-montado-en-la-cubierta-de-bano-lavabo-cuadrado-grifo-de-agua\/\" \/>\n<meta property=\"og:site_name\" content=\"YOROOW\" \/>\n<meta property=\"article:publisher\" content=\"https:\/\/www.facebook.com\/people\/yoroowfaucetfactory\/61564236752362\/\" \/>\n<meta property=\"article:modified_time\" content=\"2025-05-16T01:11:49+00:00\" \/>\n<meta property=\"og:image\" content=\"https:\/\/www.yoroow.com\/wp-content\/uploads\/2024\/12\/\u4e3b\u56fe_1-4.jpg\" \/>\n\t<meta property=\"og:image:width\" content=\"652\" \/>\n\t<meta property=\"og:image:height\" content=\"652\" \/>\n\t<meta property=\"og:image:type\" content=\"image\/jpeg\" \/>\n<meta name=\"twitter:card\" content=\"summary_large_image\" \/>\n<meta name=\"twitter:label1\" content=\"Tiempo de lectura\" \/>\n\t<meta name=\"twitter:data1\" content=\"2 minutos\" \/>\n<script type=\"application\/ld+json\" class=\"yoast-schema-graph\">{\"@context\":\"https:\/\/schema.org\",\"@graph\":[{\"@type\":\"WebPage\",\"@id\":\"https:\/\/www.yoroow.com\/es\/detalle-del-producto\/venta-caliente-grifo-de-bano-monomando-monomando-de-agua-fria-del-fregadero-grifo-montado-en-la-cubierta-de-bano-lavabo-cuadrado-grifo-de-agua\/\",\"url\":\"https:\/\/www.yoroow.com\/es\/detalle-del-producto\/venta-caliente-grifo-de-bano-monomando-monomando-de-agua-fria-del-fregadero-grifo-montado-en-la-cubierta-de-bano-lavabo-cuadrado-grifo-de-agua\/\",\"name\":\"Contemporary Single-Hole Bathroom Basin Faucet Modern Design Single-Handle Cold Water Face Tap for Apartment or Hotel Use - YOROOW\",\"isPartOf\":{\"@id\":\"https:\/\/www.yoroow.com\/es\/#website\"},\"primaryImageOfPage\":{\"@id\":\"https:\/\/www.yoroow.com\/es\/detalle-del-producto\/venta-caliente-grifo-de-bano-monomando-monomando-de-agua-fria-del-fregadero-grifo-montado-en-la-cubierta-de-bano-lavabo-cuadrado-grifo-de-agua\/#primaryimage\"},\"image\":{\"@id\":\"https:\/\/www.yoroow.com\/es\/detalle-del-producto\/venta-caliente-grifo-de-bano-monomando-monomando-de-agua-fria-del-fregadero-grifo-montado-en-la-cubierta-de-bano-lavabo-cuadrado-grifo-de-agua\/#primaryimage\"},\"thumbnailUrl\":\"https:\/\/www.yoroow.com\/wp-content\/uploads\/2024\/12\/\u4e3b\u56fe_1-4.jpg\",\"datePublished\":\"2024-12-19T03:22:03+00:00\",\"dateModified\":\"2025-05-16T01:11:49+00:00\",\"description\":\"Contemporary Single-Hole Bathroom Basin Faucet with single-handle cold water operation is made from zinc alloy and designed for apartments and hotels. Chinese production offers good pricing and customization options. Exported to South America and Southeast Asia with focus on affordable sanitary ware.\",\"breadcrumb\":{\"@id\":\"https:\/\/www.yoroow.com\/es\/detalle-del-producto\/venta-caliente-grifo-de-bano-monomando-monomando-de-agua-fria-del-fregadero-grifo-montado-en-la-cubierta-de-bano-lavabo-cuadrado-grifo-de-agua\/#breadcrumb\"},\"inLanguage\":\"es\",\"potentialAction\":[{\"@type\":\"ReadAction\",\"target\":[\"https:\/\/www.yoroow.com\/es\/detalle-del-producto\/venta-caliente-grifo-de-bano-monomando-monomando-de-agua-fria-del-fregadero-grifo-montado-en-la-cubierta-de-bano-lavabo-cuadrado-grifo-de-agua\/\"]}]},{\"@type\":\"ImageObject\",\"inLanguage\":\"es\",\"@id\":\"https:\/\/www.yoroow.com\/es\/detalle-del-producto\/venta-caliente-grifo-de-bano-monomando-monomando-de-agua-fria-del-fregadero-grifo-montado-en-la-cubierta-de-bano-lavabo-cuadrado-grifo-de-agua\/#primaryimage\",\"url\":\"https:\/\/www.yoroow.com\/wp-content\/uploads\/2024\/12\/\u4e3b\u56fe_1-4.jpg\",\"contentUrl\":\"https:\/\/www.yoroow.com\/wp-content\/uploads\/2024\/12\/\u4e3b\u56fe_1-4.jpg\",\"width\":652,\"height\":652,\"caption\":\"Contemporary Single-Hole Bathroom Basin Faucet Modern Design Single-Handle Cold Water Face Tap for Apartment or Hotel Use\"},{\"@type\":\"BreadcrumbList\",\"@id\":\"https:\/\/www.yoroow.com\/es\/detalle-del-producto\/venta-caliente-grifo-de-bano-monomando-monomando-de-agua-fria-del-fregadero-grifo-montado-en-la-cubierta-de-bano-lavabo-cuadrado-grifo-de-agua\/#breadcrumb\",\"itemListElement\":[{\"@type\":\"ListItem\",\"position\":1,\"name\":\"home\",\"item\":\"https:\/\/www.yoroow.com\/\"},{\"@type\":\"ListItem\",\"position\":2,\"name\":\"Product\",\"item\":\"https:\/\/www.yoroow.com\/product\/\"},{\"@type\":\"ListItem\",\"position\":3,\"name\":\"Contemporary Single-Hole Bathroom Basin Faucet Modern Design Single-Handle Cold Water Face Tap for Apartment or Hotel Use\"}]},{\"@type\":\"WebSite\",\"@id\":\"https:\/\/www.yoroow.com\/es\/#website\",\"url\":\"https:\/\/www.yoroow.com\/es\/\",\"name\":\"YOROOW\",\"description\":\"\",\"publisher\":{\"@id\":\"https:\/\/www.yoroow.com\/es\/#organization\"},\"potentialAction\":[{\"@type\":\"SearchAction\",\"target\":{\"@type\":\"EntryPoint\",\"urlTemplate\":\"https:\/\/www.yoroow.com\/es\/?s={search_term_string}\"},\"query-input\":{\"@type\":\"PropertyValueSpecification\",\"valueRequired\":true,\"valueName\":\"search_term_string\"}}],\"inLanguage\":\"es\"},{\"@type\":\"Organization\",\"@id\":\"https:\/\/www.yoroow.com\/es\/#organization\",\"name\":\"YOROOW\",\"url\":\"https:\/\/www.yoroow.com\/es\/\",\"logo\":{\"@type\":\"ImageObject\",\"inLanguage\":\"es\",\"@id\":\"https:\/\/www.yoroow.com\/es\/#\/schema\/logo\/image\/\",\"url\":\"https:\/\/www.yoroow.com\/wp-content\/uploads\/2024\/12\/2024123007131061.png\",\"contentUrl\":\"https:\/\/www.yoroow.com\/wp-content\/uploads\/2024\/12\/2024123007131061.png\",\"width\":168,\"height\":27,\"caption\":\"YOROOW\"},\"image\":{\"@id\":\"https:\/\/www.yoroow.com\/es\/#\/schema\/logo\/image\/\"},\"sameAs\":[\"https:\/\/www.facebook.com\/people\/yoroowfaucetfactory\/61564236752362\/\"]}]}<\/script>\n<!-- \/ Yoast SEO Premium plugin. -->","yoast_head_json":{"title":"Contemporary Single-Hole Bathroom Basin Faucet Modern Design Single-Handle Cold Water Face Tap for Apartment or Hotel Use - YOROOW","description":"Contemporary Single-Hole Bathroom Basin Faucet with single-handle cold water operation is made from zinc alloy and designed for apartments and hotels. Chinese production offers good pricing and customization options. Exported to South America and Southeast Asia with focus on affordable sanitary ware.","robots":{"index":"index","follow":"follow","max-snippet":"max-snippet:-1","max-image-preview":"max-image-preview:large","max-video-preview":"max-video-preview:-1"},"canonical":"https:\/\/www.yoroow.com\/es\/detalle-del-producto\/venta-caliente-grifo-de-bano-monomando-monomando-de-agua-fria-del-fregadero-grifo-montado-en-la-cubierta-de-bano-lavabo-cuadrado-grifo-de-agua\/","og_locale":"es_ES","og_type":"article","og_title":"Contemporary Single-Hole Bathroom Basin Faucet Modern Design Single-Handle Cold Water Face Tap for Apartment or Hotel Use","og_description":"Contemporary Single-Hole Bathroom Basin Faucet with single-handle cold water operation is made from zinc alloy and designed for apartments and hotels. Chinese production offers good pricing and customization options. Exported to South America and Southeast Asia with focus on affordable sanitary ware.","og_url":"https:\/\/www.yoroow.com\/es\/detalle-del-producto\/venta-caliente-grifo-de-bano-monomando-monomando-de-agua-fria-del-fregadero-grifo-montado-en-la-cubierta-de-bano-lavabo-cuadrado-grifo-de-agua\/","og_site_name":"YOROOW","article_publisher":"https:\/\/www.facebook.com\/people\/yoroowfaucetfactory\/61564236752362\/","article_modified_time":"2025-05-16T01:11:49+00:00","og_image":[{"width":652,"height":652,"url":"https:\/\/www.yoroow.com\/wp-content\/uploads\/2024\/12\/\u4e3b\u56fe_1-4.jpg","type":"image\/jpeg"}],"twitter_card":"summary_large_image","twitter_misc":{"Tiempo de lectura":"2 minutos"},"schema":{"@context":"https:\/\/schema.org","@graph":[{"@type":"WebPage","@id":"https:\/\/www.yoroow.com\/es\/detalle-del-producto\/venta-caliente-grifo-de-bano-monomando-monomando-de-agua-fria-del-fregadero-grifo-montado-en-la-cubierta-de-bano-lavabo-cuadrado-grifo-de-agua\/","url":"https:\/\/www.yoroow.com\/es\/detalle-del-producto\/venta-caliente-grifo-de-bano-monomando-monomando-de-agua-fria-del-fregadero-grifo-montado-en-la-cubierta-de-bano-lavabo-cuadrado-grifo-de-agua\/","name":"Contemporary Single-Hole Bathroom Basin Faucet Modern Design Single-Handle Cold Water Face Tap for Apartment or Hotel Use - YOROOW","isPartOf":{"@id":"https:\/\/www.yoroow.com\/es\/#website"},"primaryImageOfPage":{"@id":"https:\/\/www.yoroow.com\/es\/detalle-del-producto\/venta-caliente-grifo-de-bano-monomando-monomando-de-agua-fria-del-fregadero-grifo-montado-en-la-cubierta-de-bano-lavabo-cuadrado-grifo-de-agua\/#primaryimage"},"image":{"@id":"https:\/\/www.yoroow.com\/es\/detalle-del-producto\/venta-caliente-grifo-de-bano-monomando-monomando-de-agua-fria-del-fregadero-grifo-montado-en-la-cubierta-de-bano-lavabo-cuadrado-grifo-de-agua\/#primaryimage"},"thumbnailUrl":"https:\/\/www.yoroow.com\/wp-content\/uploads\/2024\/12\/\u4e3b\u56fe_1-4.jpg","datePublished":"2024-12-19T03:22:03+00:00","dateModified":"2025-05-16T01:11:49+00:00","description":"Contemporary Single-Hole Bathroom Basin Faucet with single-handle cold water operation is made from zinc alloy and designed for apartments and hotels. Chinese production offers good pricing and customization options. Exported to South America and Southeast Asia with focus on affordable sanitary ware.","breadcrumb":{"@id":"https:\/\/www.yoroow.com\/es\/detalle-del-producto\/venta-caliente-grifo-de-bano-monomando-monomando-de-agua-fria-del-fregadero-grifo-montado-en-la-cubierta-de-bano-lavabo-cuadrado-grifo-de-agua\/#breadcrumb"},"inLanguage":"es","potentialAction":[{"@type":"ReadAction","target":["https:\/\/www.yoroow.com\/es\/detalle-del-producto\/venta-caliente-grifo-de-bano-monomando-monomando-de-agua-fria-del-fregadero-grifo-montado-en-la-cubierta-de-bano-lavabo-cuadrado-grifo-de-agua\/"]}]},{"@type":"ImageObject","inLanguage":"es","@id":"https:\/\/www.yoroow.com\/es\/detalle-del-producto\/venta-caliente-grifo-de-bano-monomando-monomando-de-agua-fria-del-fregadero-grifo-montado-en-la-cubierta-de-bano-lavabo-cuadrado-grifo-de-agua\/#primaryimage","url":"https:\/\/www.yoroow.com\/wp-content\/uploads\/2024\/12\/\u4e3b\u56fe_1-4.jpg","contentUrl":"https:\/\/www.yoroow.com\/wp-content\/uploads\/2024\/12\/\u4e3b\u56fe_1-4.jpg","width":652,"height":652,"caption":"Contemporary Single-Hole Bathroom Basin Faucet Modern Design Single-Handle Cold Water Face Tap for Apartment or Hotel Use"},{"@type":"BreadcrumbList","@id":"https:\/\/www.yoroow.com\/es\/detalle-del-producto\/venta-caliente-grifo-de-bano-monomando-monomando-de-agua-fria-del-fregadero-grifo-montado-en-la-cubierta-de-bano-lavabo-cuadrado-grifo-de-agua\/#breadcrumb","itemListElement":[{"@type":"ListItem","position":1,"name":"home","item":"https:\/\/www.yoroow.com\/"},{"@type":"ListItem","position":2,"name":"Product","item":"https:\/\/www.yoroow.com\/product\/"},{"@type":"ListItem","position":3,"name":"Contemporary Single-Hole Bathroom Basin Faucet Modern Design Single-Handle Cold Water Face Tap for Apartment or Hotel Use"}]},{"@type":"WebSite","@id":"https:\/\/www.yoroow.com\/es\/#website","url":"https:\/\/www.yoroow.com\/es\/","name":"YOROOW","description":"","publisher":{"@id":"https:\/\/www.yoroow.com\/es\/#organization"},"potentialAction":[{"@type":"SearchAction","target":{"@type":"EntryPoint","urlTemplate":"https:\/\/www.yoroow.com\/es\/?s={search_term_string}"},"query-input":{"@type":"PropertyValueSpecification","valueRequired":true,"valueName":"search_term_string"}}],"inLanguage":"es"},{"@type":"Organization","@id":"https:\/\/www.yoroow.com\/es\/#organization","name":"YOROOW","url":"https:\/\/www.yoroow.com\/es\/","logo":{"@type":"ImageObject","inLanguage":"es","@id":"https:\/\/www.yoroow.com\/es\/#\/schema\/logo\/image\/","url":"https:\/\/www.yoroow.com\/wp-content\/uploads\/2024\/12\/2024123007131061.png","contentUrl":"https:\/\/www.yoroow.com\/wp-content\/uploads\/2024\/12\/2024123007131061.png","width":168,"height":27,"caption":"YOROOW"},"image":{"@id":"https:\/\/www.yoroow.com\/es\/#\/schema\/logo\/image\/"},"sameAs":["https:\/\/www.facebook.com\/people\/yoroowfaucetfactory\/61564236752362\/"]}]}},"_links":{"self":[{"href":"https:\/\/www.yoroow.com\/es\/wp-json\/wp\/v2\/product\/4280","targetHints":{"allow":["GET"]}}],"collection":[{"href":"https:\/\/www.yoroow.com\/es\/wp-json\/wp\/v2\/product"}],"about":[{"href":"https:\/\/www.yoroow.com\/es\/wp-json\/wp\/v2\/types\/product"}],"wp:featuredmedia":[{"embeddable":true,"href":"https:\/\/www.yoroow.com\/es\/wp-json\/wp\/v2\/media\/4590"}],"wp:attachment":[{"href":"https:\/\/www.yoroow.com\/es\/wp-json\/wp\/v2\/media?parent=4280"}],"wp:term":[{"taxonomy":"product_brand","embeddable":true,"href":"https:\/\/www.yoroow.com\/es\/wp-json\/wp\/v2\/product_brand?post=4280"},{"taxonomy":"product_cat","embeddable":true,"href":"https:\/\/www.yoroow.com\/es\/wp-json\/wp\/v2\/product_cat?post=4280"},{"taxonomy":"product_tag","embeddable":true,"href":"https:\/\/www.yoroow.com\/es\/wp-json\/wp\/v2\/product_tag?post=4280"}],"curies":[{"name":"wp","href":"https:\/\/api.w.org\/{rel}","templated":true}]}}