{"id":2365,"date":"2024-11-27T16:30:38","date_gmt":"2024-11-27T08:30:38","guid":{"rendered":"https:\/\/www.yoroow.com\/?post_type=product&#038;p=2365"},"modified":"2025-05-16T09:10:41","modified_gmt":"2025-05-16T01:10:41","slug":"yoroow-griferia-sanitaria-de-buena-calidad-grifo-de-agua-cromado-mango-de-zinc-valvula-oculta-de-laton","status":"publish","type":"product","link":"https:\/\/www.yoroow.com\/es\/detalle-del-producto\/yoroow-griferia-sanitaria-de-buena-calidad-grifo-de-agua-cromado-mango-de-zinc-valvula-oculta-de-laton\/","title":{"rendered":"V\u00e1lvula oculta de lat\u00f3n de alta calidad moderna Mango de zinc cromado Buen accesorio sanitario V\u00e1lvula oculta de cisterna de cierre de agua"},"content":{"rendered":"<p>Esta alta calidad moderna de lat\u00f3n oculto V\u00e1lvula cromado Zinc Mango Buen accesorio sanitario Agua Stop oculto Cisterna V\u00e1lvula est\u00e1 dise\u00f1ada con la est\u00e9tica moderna y funcionalidad duradera en mente, por lo que es ideal para diversas aplicaciones, tales como hogares, gimnasios, hoteles o ba\u00f1os comerciales. Fabricado directamente en nuestra f\u00e1brica de grifos de China, este producto presenta una selecci\u00f3n de materiales de primera calidad, ingenier\u00eda de precisi\u00f3n y una tecnolog\u00eda de ahorro de agua fiable. Centrada en la excelencia en la exportaci\u00f3n, especialmente para los clientes de los mercados sudamericano y del sudeste asi\u00e1tico, nuestra f\u00e1brica garantiza la consistencia de la calidad, precios competitivos y admite la marca OEM para satisfacer necesidades comerciales \u00fanicas.<\/p>","protected":false},"excerpt":{"rendered":"<p>This High Quality Modern Brass Concealed Valve Chrome-Plated Zinc Handle Good Sanitary Fitting Water Stop Concealed Cistern Valve is designed with both modern aesthetics and durable functionality in mind, making it ideal for diverse applications such as homes, gyms, hotels, or commercial restrooms. Manufactured directly from our China-based faucet factory, this product showcases premium material\u2026<\/p>","protected":false},"featured_media":7130,"template":"","meta":{"_acf_changed":false,"_kad_post_transparent":"default","_kad_post_title":"","_kad_post_layout":"default","_kad_post_sidebar_id":"","_kad_post_content_style":"default","_kad_post_vertical_padding":"default","_kad_post_feature":"","_kad_post_feature_position":"","_kad_post_header":false,"_kad_post_footer":false},"product_brand":[],"product_cat":[224],"product_tag":[2988,3004],"class_list":{"0":"post-2365","1":"product","2":"type-product","3":"status-publish","4":"has-post-thumbnail","6":"product_cat-single-cold-concealed-valve","7":"product_tag-brass-concealed-valve","8":"product_tag-concealed-cistern-valve","10":"first","11":"instock","12":"shipping-taxable","13":"purchasable","14":"product-type-variable","15":"wvs-archive-product-wrapper","16":"entry","17":"content-bg","18":"loop-entry"},"acf":[],"yoast_head":"<!-- This site is optimized with the Yoast SEO Premium plugin v25.4 (Yoast SEO v27.0) - https:\/\/yoast.com\/product\/yoast-seo-premium-wordpress\/ -->\n<title>High Quality Modern Brass Concealed Valve Chrome-Plated Zinc Handle Good Sanitary Fitting Water Stop Concealed Cistern Valve - YOROOW<\/title>\n<meta name=\"description\" content=\"High Quality Modern Brass Concealed Valve with chrome-plated zinc handle ensures reliable water stop function for concealed cistern installations. Manufactured in China with strict quality standards, suitable for commercial and residential sanitary fittings. Exported extensively to South American and Southeast Asian countries needing premium concealed valves.\" \/>\n<meta name=\"robots\" content=\"index, follow, max-snippet:-1, max-image-preview:large, max-video-preview:-1\" \/>\n<link rel=\"canonical\" href=\"https:\/\/www.yoroow.com\/es\/detalle-del-producto\/yoroow-griferia-sanitaria-de-buena-calidad-grifo-de-agua-cromado-mango-de-zinc-valvula-oculta-de-laton\/\" \/>\n<meta property=\"og:locale\" content=\"es_ES\" \/>\n<meta property=\"og:type\" content=\"article\" \/>\n<meta property=\"og:title\" content=\"High Quality Modern Brass Concealed Valve Chrome-Plated Zinc Handle Good Sanitary Fitting Water Stop Concealed Cistern Valve\" \/>\n<meta property=\"og:description\" content=\"High Quality Modern Brass Concealed Valve with chrome-plated zinc handle ensures reliable water stop function for concealed cistern installations. Manufactured in China with strict quality standards, suitable for commercial and residential sanitary fittings. Exported extensively to South American and Southeast Asian countries needing premium concealed valves.\" \/>\n<meta property=\"og:url\" content=\"https:\/\/www.yoroow.com\/es\/detalle-del-producto\/yoroow-griferia-sanitaria-de-buena-calidad-grifo-de-agua-cromado-mango-de-zinc-valvula-oculta-de-laton\/\" \/>\n<meta property=\"og:site_name\" content=\"YOROOW\" \/>\n<meta property=\"article:publisher\" content=\"https:\/\/www.facebook.com\/people\/yoroowfaucetfactory\/61564236752362\/\" \/>\n<meta property=\"article:modified_time\" content=\"2025-05-16T01:10:41+00:00\" \/>\n<meta property=\"og:image\" content=\"https:\/\/www.yoroow.com\/wp-content\/uploads\/2024\/12\/2024123009321529.jpg\" \/>\n\t<meta property=\"og:image:width\" content=\"800\" \/>\n\t<meta property=\"og:image:height\" content=\"800\" \/>\n\t<meta property=\"og:image:type\" content=\"image\/jpeg\" \/>\n<meta name=\"twitter:card\" content=\"summary_large_image\" \/>\n<meta name=\"twitter:label1\" content=\"Tiempo de lectura\" \/>\n\t<meta name=\"twitter:data1\" content=\"2 minutos\" \/>\n<script type=\"application\/ld+json\" class=\"yoast-schema-graph\">{\"@context\":\"https:\/\/schema.org\",\"@graph\":[{\"@type\":\"WebPage\",\"@id\":\"https:\/\/www.yoroow.com\/es\/detalle-del-producto\/yoroow-griferia-sanitaria-de-buena-calidad-grifo-de-agua-cromado-mango-de-zinc-valvula-oculta-de-laton\/\",\"url\":\"https:\/\/www.yoroow.com\/es\/detalle-del-producto\/yoroow-griferia-sanitaria-de-buena-calidad-grifo-de-agua-cromado-mango-de-zinc-valvula-oculta-de-laton\/\",\"name\":\"High Quality Modern Brass Concealed Valve Chrome-Plated Zinc Handle Good Sanitary Fitting Water Stop Concealed Cistern Valve - YOROOW\",\"isPartOf\":{\"@id\":\"https:\/\/www.yoroow.com\/es\/#website\"},\"primaryImageOfPage\":{\"@id\":\"https:\/\/www.yoroow.com\/es\/detalle-del-producto\/yoroow-griferia-sanitaria-de-buena-calidad-grifo-de-agua-cromado-mango-de-zinc-valvula-oculta-de-laton\/#primaryimage\"},\"image\":{\"@id\":\"https:\/\/www.yoroow.com\/es\/detalle-del-producto\/yoroow-griferia-sanitaria-de-buena-calidad-grifo-de-agua-cromado-mango-de-zinc-valvula-oculta-de-laton\/#primaryimage\"},\"thumbnailUrl\":\"https:\/\/www.yoroow.com\/wp-content\/uploads\/2024\/12\/2024123009321529.jpg\",\"datePublished\":\"2024-11-27T08:30:38+00:00\",\"dateModified\":\"2025-05-16T01:10:41+00:00\",\"description\":\"High Quality Modern Brass Concealed Valve with chrome-plated zinc handle ensures reliable water stop function for concealed cistern installations. Manufactured in China with strict quality standards, suitable for commercial and residential sanitary fittings. Exported extensively to South American and Southeast Asian countries needing premium concealed valves.\",\"breadcrumb\":{\"@id\":\"https:\/\/www.yoroow.com\/es\/detalle-del-producto\/yoroow-griferia-sanitaria-de-buena-calidad-grifo-de-agua-cromado-mango-de-zinc-valvula-oculta-de-laton\/#breadcrumb\"},\"inLanguage\":\"es\",\"potentialAction\":[{\"@type\":\"ReadAction\",\"target\":[\"https:\/\/www.yoroow.com\/es\/detalle-del-producto\/yoroow-griferia-sanitaria-de-buena-calidad-grifo-de-agua-cromado-mango-de-zinc-valvula-oculta-de-laton\/\"]}]},{\"@type\":\"ImageObject\",\"inLanguage\":\"es\",\"@id\":\"https:\/\/www.yoroow.com\/es\/detalle-del-producto\/yoroow-griferia-sanitaria-de-buena-calidad-grifo-de-agua-cromado-mango-de-zinc-valvula-oculta-de-laton\/#primaryimage\",\"url\":\"https:\/\/www.yoroow.com\/wp-content\/uploads\/2024\/12\/2024123009321529.jpg\",\"contentUrl\":\"https:\/\/www.yoroow.com\/wp-content\/uploads\/2024\/12\/2024123009321529.jpg\",\"width\":800,\"height\":800,\"caption\":\"High Quality Modern Brass Concealed Valve Chrome-Plated Zinc Handle Good Sanitary Fitting Water Stop Concealed Cistern Valve - 5700C2-598A-QK\"},{\"@type\":\"BreadcrumbList\",\"@id\":\"https:\/\/www.yoroow.com\/es\/detalle-del-producto\/yoroow-griferia-sanitaria-de-buena-calidad-grifo-de-agua-cromado-mango-de-zinc-valvula-oculta-de-laton\/#breadcrumb\",\"itemListElement\":[{\"@type\":\"ListItem\",\"position\":1,\"name\":\"home\",\"item\":\"https:\/\/www.yoroow.com\/\"},{\"@type\":\"ListItem\",\"position\":2,\"name\":\"Product\",\"item\":\"https:\/\/www.yoroow.com\/product\/\"},{\"@type\":\"ListItem\",\"position\":3,\"name\":\"High Quality Modern Brass Concealed Valve Chrome-Plated Zinc Handle Good Sanitary Fitting Water Stop Concealed Cistern Valve\"}]},{\"@type\":\"WebSite\",\"@id\":\"https:\/\/www.yoroow.com\/es\/#website\",\"url\":\"https:\/\/www.yoroow.com\/es\/\",\"name\":\"YOROOW\",\"description\":\"\",\"publisher\":{\"@id\":\"https:\/\/www.yoroow.com\/es\/#organization\"},\"potentialAction\":[{\"@type\":\"SearchAction\",\"target\":{\"@type\":\"EntryPoint\",\"urlTemplate\":\"https:\/\/www.yoroow.com\/es\/?s={search_term_string}\"},\"query-input\":{\"@type\":\"PropertyValueSpecification\",\"valueRequired\":true,\"valueName\":\"search_term_string\"}}],\"inLanguage\":\"es\"},{\"@type\":\"Organization\",\"@id\":\"https:\/\/www.yoroow.com\/es\/#organization\",\"name\":\"YOROOW\",\"url\":\"https:\/\/www.yoroow.com\/es\/\",\"logo\":{\"@type\":\"ImageObject\",\"inLanguage\":\"es\",\"@id\":\"https:\/\/www.yoroow.com\/es\/#\/schema\/logo\/image\/\",\"url\":\"https:\/\/www.yoroow.com\/wp-content\/uploads\/2024\/12\/2024123007131061.png\",\"contentUrl\":\"https:\/\/www.yoroow.com\/wp-content\/uploads\/2024\/12\/2024123007131061.png\",\"width\":168,\"height\":27,\"caption\":\"YOROOW\"},\"image\":{\"@id\":\"https:\/\/www.yoroow.com\/es\/#\/schema\/logo\/image\/\"},\"sameAs\":[\"https:\/\/www.facebook.com\/people\/yoroowfaucetfactory\/61564236752362\/\"]}]}<\/script>\n<!-- \/ Yoast SEO Premium plugin. -->","yoast_head_json":{"title":"High Quality Modern Brass Concealed Valve Chrome-Plated Zinc Handle Good Sanitary Fitting Water Stop Concealed Cistern Valve - YOROOW","description":"High Quality Modern Brass Concealed Valve with chrome-plated zinc handle ensures reliable water stop function for concealed cistern installations. Manufactured in China with strict quality standards, suitable for commercial and residential sanitary fittings. Exported extensively to South American and Southeast Asian countries needing premium concealed valves.","robots":{"index":"index","follow":"follow","max-snippet":"max-snippet:-1","max-image-preview":"max-image-preview:large","max-video-preview":"max-video-preview:-1"},"canonical":"https:\/\/www.yoroow.com\/es\/detalle-del-producto\/yoroow-griferia-sanitaria-de-buena-calidad-grifo-de-agua-cromado-mango-de-zinc-valvula-oculta-de-laton\/","og_locale":"es_ES","og_type":"article","og_title":"High Quality Modern Brass Concealed Valve Chrome-Plated Zinc Handle Good Sanitary Fitting Water Stop Concealed Cistern Valve","og_description":"High Quality Modern Brass Concealed Valve with chrome-plated zinc handle ensures reliable water stop function for concealed cistern installations. Manufactured in China with strict quality standards, suitable for commercial and residential sanitary fittings. Exported extensively to South American and Southeast Asian countries needing premium concealed valves.","og_url":"https:\/\/www.yoroow.com\/es\/detalle-del-producto\/yoroow-griferia-sanitaria-de-buena-calidad-grifo-de-agua-cromado-mango-de-zinc-valvula-oculta-de-laton\/","og_site_name":"YOROOW","article_publisher":"https:\/\/www.facebook.com\/people\/yoroowfaucetfactory\/61564236752362\/","article_modified_time":"2025-05-16T01:10:41+00:00","og_image":[{"width":800,"height":800,"url":"https:\/\/www.yoroow.com\/wp-content\/uploads\/2024\/12\/2024123009321529.jpg","type":"image\/jpeg"}],"twitter_card":"summary_large_image","twitter_misc":{"Tiempo de lectura":"2 minutos"},"schema":{"@context":"https:\/\/schema.org","@graph":[{"@type":"WebPage","@id":"https:\/\/www.yoroow.com\/es\/detalle-del-producto\/yoroow-griferia-sanitaria-de-buena-calidad-grifo-de-agua-cromado-mango-de-zinc-valvula-oculta-de-laton\/","url":"https:\/\/www.yoroow.com\/es\/detalle-del-producto\/yoroow-griferia-sanitaria-de-buena-calidad-grifo-de-agua-cromado-mango-de-zinc-valvula-oculta-de-laton\/","name":"High Quality Modern Brass Concealed Valve Chrome-Plated Zinc Handle Good Sanitary Fitting Water Stop Concealed Cistern Valve - YOROOW","isPartOf":{"@id":"https:\/\/www.yoroow.com\/es\/#website"},"primaryImageOfPage":{"@id":"https:\/\/www.yoroow.com\/es\/detalle-del-producto\/yoroow-griferia-sanitaria-de-buena-calidad-grifo-de-agua-cromado-mango-de-zinc-valvula-oculta-de-laton\/#primaryimage"},"image":{"@id":"https:\/\/www.yoroow.com\/es\/detalle-del-producto\/yoroow-griferia-sanitaria-de-buena-calidad-grifo-de-agua-cromado-mango-de-zinc-valvula-oculta-de-laton\/#primaryimage"},"thumbnailUrl":"https:\/\/www.yoroow.com\/wp-content\/uploads\/2024\/12\/2024123009321529.jpg","datePublished":"2024-11-27T08:30:38+00:00","dateModified":"2025-05-16T01:10:41+00:00","description":"High Quality Modern Brass Concealed Valve with chrome-plated zinc handle ensures reliable water stop function for concealed cistern installations. Manufactured in China with strict quality standards, suitable for commercial and residential sanitary fittings. Exported extensively to South American and Southeast Asian countries needing premium concealed valves.","breadcrumb":{"@id":"https:\/\/www.yoroow.com\/es\/detalle-del-producto\/yoroow-griferia-sanitaria-de-buena-calidad-grifo-de-agua-cromado-mango-de-zinc-valvula-oculta-de-laton\/#breadcrumb"},"inLanguage":"es","potentialAction":[{"@type":"ReadAction","target":["https:\/\/www.yoroow.com\/es\/detalle-del-producto\/yoroow-griferia-sanitaria-de-buena-calidad-grifo-de-agua-cromado-mango-de-zinc-valvula-oculta-de-laton\/"]}]},{"@type":"ImageObject","inLanguage":"es","@id":"https:\/\/www.yoroow.com\/es\/detalle-del-producto\/yoroow-griferia-sanitaria-de-buena-calidad-grifo-de-agua-cromado-mango-de-zinc-valvula-oculta-de-laton\/#primaryimage","url":"https:\/\/www.yoroow.com\/wp-content\/uploads\/2024\/12\/2024123009321529.jpg","contentUrl":"https:\/\/www.yoroow.com\/wp-content\/uploads\/2024\/12\/2024123009321529.jpg","width":800,"height":800,"caption":"High Quality Modern Brass Concealed Valve Chrome-Plated Zinc Handle Good Sanitary Fitting Water Stop Concealed Cistern Valve - 5700C2-598A-QK"},{"@type":"BreadcrumbList","@id":"https:\/\/www.yoroow.com\/es\/detalle-del-producto\/yoroow-griferia-sanitaria-de-buena-calidad-grifo-de-agua-cromado-mango-de-zinc-valvula-oculta-de-laton\/#breadcrumb","itemListElement":[{"@type":"ListItem","position":1,"name":"home","item":"https:\/\/www.yoroow.com\/"},{"@type":"ListItem","position":2,"name":"Product","item":"https:\/\/www.yoroow.com\/product\/"},{"@type":"ListItem","position":3,"name":"High Quality Modern Brass Concealed Valve Chrome-Plated Zinc Handle Good Sanitary Fitting Water Stop Concealed Cistern Valve"}]},{"@type":"WebSite","@id":"https:\/\/www.yoroow.com\/es\/#website","url":"https:\/\/www.yoroow.com\/es\/","name":"YOROOW","description":"","publisher":{"@id":"https:\/\/www.yoroow.com\/es\/#organization"},"potentialAction":[{"@type":"SearchAction","target":{"@type":"EntryPoint","urlTemplate":"https:\/\/www.yoroow.com\/es\/?s={search_term_string}"},"query-input":{"@type":"PropertyValueSpecification","valueRequired":true,"valueName":"search_term_string"}}],"inLanguage":"es"},{"@type":"Organization","@id":"https:\/\/www.yoroow.com\/es\/#organization","name":"YOROOW","url":"https:\/\/www.yoroow.com\/es\/","logo":{"@type":"ImageObject","inLanguage":"es","@id":"https:\/\/www.yoroow.com\/es\/#\/schema\/logo\/image\/","url":"https:\/\/www.yoroow.com\/wp-content\/uploads\/2024\/12\/2024123007131061.png","contentUrl":"https:\/\/www.yoroow.com\/wp-content\/uploads\/2024\/12\/2024123007131061.png","width":168,"height":27,"caption":"YOROOW"},"image":{"@id":"https:\/\/www.yoroow.com\/es\/#\/schema\/logo\/image\/"},"sameAs":["https:\/\/www.facebook.com\/people\/yoroowfaucetfactory\/61564236752362\/"]}]}},"_links":{"self":[{"href":"https:\/\/www.yoroow.com\/es\/wp-json\/wp\/v2\/product\/2365","targetHints":{"allow":["GET"]}}],"collection":[{"href":"https:\/\/www.yoroow.com\/es\/wp-json\/wp\/v2\/product"}],"about":[{"href":"https:\/\/www.yoroow.com\/es\/wp-json\/wp\/v2\/types\/product"}],"wp:featuredmedia":[{"embeddable":true,"href":"https:\/\/www.yoroow.com\/es\/wp-json\/wp\/v2\/media\/7130"}],"wp:attachment":[{"href":"https:\/\/www.yoroow.com\/es\/wp-json\/wp\/v2\/media?parent=2365"}],"wp:term":[{"taxonomy":"product_brand","embeddable":true,"href":"https:\/\/www.yoroow.com\/es\/wp-json\/wp\/v2\/product_brand?post=2365"},{"taxonomy":"product_cat","embeddable":true,"href":"https:\/\/www.yoroow.com\/es\/wp-json\/wp\/v2\/product_cat?post=2365"},{"taxonomy":"product_tag","embeddable":true,"href":"https:\/\/www.yoroow.com\/es\/wp-json\/wp\/v2\/product_tag?post=2365"}],"curies":[{"name":"wp","href":"https:\/\/api.w.org\/{rel}","templated":true}]}}