{"id":2359,"date":"2024-11-27T16:26:33","date_gmt":"2024-11-27T08:26:33","guid":{"rendered":"https:\/\/www.yoroow.com\/?post_type=product&#038;p=2359"},"modified":"2025-05-16T09:10:39","modified_gmt":"2025-05-16T01:10:39","slug":"fabricante-grifo-monomando-lavabo-agua-cresta-grifo-piezas","status":"publish","type":"product","link":"https:\/\/www.yoroow.com\/es\/detalle-del-producto\/fabricante-grifo-monomando-lavabo-agua-cresta-grifo-piezas\/","title":{"rendered":"Dise\u00f1o moderno de una manija de ba\u00f1o lavabo grifo de agua Piezas de zinc grifo de agua Bibcock Accesorios de agua para uso en ba\u00f1os"},"content":{"rendered":"<p>This Modern Design One-Handle Bathroom Basin Faucet Water Faucet Parts Zinc Water Tap Bibcock Water Accessories is designed with both modern aesthetics and durable functionality in mind, making it ideal for diverse applications such as homes, gyms, hotels, or commercial restrooms. Manufactured directly from our China-based faucet factory, this product showcases premium material selection, precision engineering, and reliable water-saving technology. With a focus on export excellence, especially for customers in the South American and Southeast Asian markets, our factory ensures quality consistency, competitive pricing, and supports OEM branding to meet unique business needs.<\/p>","protected":false},"excerpt":{"rendered":"<p>This Modern Design One-Handle Bathroom Basin Faucet Water Faucet Parts Zinc Water Tap Bibcock Water Accessories is designed with both modern aesthetics and durable functionality in mind, making it ideal for diverse applications such as homes, gyms, hotels, or commercial restrooms. Manufactured directly from our China-based faucet factory, this product showcases premium material selection, precision\u2026<\/p>","protected":false},"featured_media":2364,"template":"","meta":{"_acf_changed":false,"_kad_post_transparent":"default","_kad_post_title":"","_kad_post_layout":"default","_kad_post_sidebar_id":"","_kad_post_content_style":"default","_kad_post_vertical_padding":"default","_kad_post_feature":"","_kad_post_feature_position":"","_kad_post_header":false,"_kad_post_footer":false},"product_brand":[],"product_cat":[217],"product_tag":[1445,1404],"class_list":{"0":"post-2359","1":"product","2":"type-product","3":"status-publish","4":"has-post-thumbnail","6":"product_cat-water-tap","7":"product_tag-bibcock-water-tap","8":"product_tag-zinc-water-tap","10":"first","11":"instock","12":"shipping-taxable","13":"purchasable","14":"product-type-variable","15":"wvs-archive-product-wrapper","16":"entry","17":"content-bg","18":"loop-entry"},"acf":[],"yoast_head":"<!-- This site is optimized with the Yoast SEO Premium plugin v25.4 (Yoast SEO v27.0) - https:\/\/yoast.com\/product\/yoast-seo-premium-wordpress\/ -->\n<title>Modern Design One-Handle Bathroom Basin Faucet Water Faucet Parts Zinc Water Tap Bibcock Water Accessories for Bathroom Use - YOROOW<\/title>\n<meta name=\"description\" content=\"Modern Design One-Handle Bathroom Basin Faucet constructed from zinc alloy provides durable water tap functionality with stylish single-handle operation. Ideal for modern bathrooms, it combines aesthetics and performance. Chinese factory offers customization and direct factory prices, focusing on exports to Latin America and Southeast Asia.\" \/>\n<meta name=\"robots\" content=\"index, follow, max-snippet:-1, max-image-preview:large, max-video-preview:-1\" \/>\n<link rel=\"canonical\" href=\"https:\/\/www.yoroow.com\/es\/detalle-del-producto\/fabricante-grifo-monomando-lavabo-agua-cresta-grifo-piezas\/\" \/>\n<meta property=\"og:locale\" content=\"es_ES\" \/>\n<meta property=\"og:type\" content=\"article\" \/>\n<meta property=\"og:title\" content=\"Modern Design One-Handle Bathroom Basin Faucet Water Faucet Parts Zinc Water Tap Bibcock Water Accessories for Bathroom Use\" \/>\n<meta property=\"og:description\" content=\"Modern Design One-Handle Bathroom Basin Faucet constructed from zinc alloy provides durable water tap functionality with stylish single-handle operation. Ideal for modern bathrooms, it combines aesthetics and performance. Chinese factory offers customization and direct factory prices, focusing on exports to Latin America and Southeast Asia.\" \/>\n<meta property=\"og:url\" content=\"https:\/\/www.yoroow.com\/es\/detalle-del-producto\/fabricante-grifo-monomando-lavabo-agua-cresta-grifo-piezas\/\" \/>\n<meta property=\"og:site_name\" content=\"YOROOW\" \/>\n<meta property=\"article:publisher\" content=\"https:\/\/www.facebook.com\/people\/yoroowfaucetfactory\/61564236752362\/\" \/>\n<meta property=\"article:modified_time\" content=\"2025-05-16T01:10:39+00:00\" \/>\n<meta property=\"og:image\" content=\"https:\/\/www.yoroow.com\/wp-content\/uploads\/2024\/11\/\u4e3b\u56fe_1-21.jpg\" \/>\n\t<meta property=\"og:image:width\" content=\"800\" \/>\n\t<meta property=\"og:image:height\" content=\"800\" \/>\n\t<meta property=\"og:image:type\" content=\"image\/jpeg\" \/>\n<meta name=\"twitter:card\" content=\"summary_large_image\" \/>\n<meta name=\"twitter:label1\" content=\"Tiempo de lectura\" \/>\n\t<meta name=\"twitter:data1\" content=\"1 minuto\" \/>\n<script type=\"application\/ld+json\" class=\"yoast-schema-graph\">{\"@context\":\"https:\/\/schema.org\",\"@graph\":[{\"@type\":\"WebPage\",\"@id\":\"https:\/\/www.yoroow.com\/es\/detalle-del-producto\/fabricante-grifo-monomando-lavabo-agua-cresta-grifo-piezas\/\",\"url\":\"https:\/\/www.yoroow.com\/es\/detalle-del-producto\/fabricante-grifo-monomando-lavabo-agua-cresta-grifo-piezas\/\",\"name\":\"Modern Design One-Handle Bathroom Basin Faucet Water Faucet Parts Zinc Water Tap Bibcock Water Accessories for Bathroom Use - YOROOW\",\"isPartOf\":{\"@id\":\"https:\/\/www.yoroow.com\/es\/#website\"},\"primaryImageOfPage\":{\"@id\":\"https:\/\/www.yoroow.com\/es\/detalle-del-producto\/fabricante-grifo-monomando-lavabo-agua-cresta-grifo-piezas\/#primaryimage\"},\"image\":{\"@id\":\"https:\/\/www.yoroow.com\/es\/detalle-del-producto\/fabricante-grifo-monomando-lavabo-agua-cresta-grifo-piezas\/#primaryimage\"},\"thumbnailUrl\":\"https:\/\/www.yoroow.com\/wp-content\/uploads\/2024\/11\/\u4e3b\u56fe_1-21.jpg\",\"datePublished\":\"2024-11-27T08:26:33+00:00\",\"dateModified\":\"2025-05-16T01:10:39+00:00\",\"description\":\"Modern Design One-Handle Bathroom Basin Faucet constructed from zinc alloy provides durable water tap functionality with stylish single-handle operation. Ideal for modern bathrooms, it combines aesthetics and performance. Chinese factory offers customization and direct factory prices, focusing on exports to Latin America and Southeast Asia.\",\"breadcrumb\":{\"@id\":\"https:\/\/www.yoroow.com\/es\/detalle-del-producto\/fabricante-grifo-monomando-lavabo-agua-cresta-grifo-piezas\/#breadcrumb\"},\"inLanguage\":\"es\",\"potentialAction\":[{\"@type\":\"ReadAction\",\"target\":[\"https:\/\/www.yoroow.com\/es\/detalle-del-producto\/fabricante-grifo-monomando-lavabo-agua-cresta-grifo-piezas\/\"]}]},{\"@type\":\"ImageObject\",\"inLanguage\":\"es\",\"@id\":\"https:\/\/www.yoroow.com\/es\/detalle-del-producto\/fabricante-grifo-monomando-lavabo-agua-cresta-grifo-piezas\/#primaryimage\",\"url\":\"https:\/\/www.yoroow.com\/wp-content\/uploads\/2024\/11\/\u4e3b\u56fe_1-21.jpg\",\"contentUrl\":\"https:\/\/www.yoroow.com\/wp-content\/uploads\/2024\/11\/\u4e3b\u56fe_1-21.jpg\",\"width\":800,\"height\":800,\"caption\":\"Modern Design One-Handle Bathroom Basin Faucet Water Faucet Parts Zinc Water Tap Bibcock Water Accessories for Bathroom Use\"},{\"@type\":\"BreadcrumbList\",\"@id\":\"https:\/\/www.yoroow.com\/es\/detalle-del-producto\/fabricante-grifo-monomando-lavabo-agua-cresta-grifo-piezas\/#breadcrumb\",\"itemListElement\":[{\"@type\":\"ListItem\",\"position\":1,\"name\":\"home\",\"item\":\"https:\/\/www.yoroow.com\/\"},{\"@type\":\"ListItem\",\"position\":2,\"name\":\"Product\",\"item\":\"https:\/\/www.yoroow.com\/product\/\"},{\"@type\":\"ListItem\",\"position\":3,\"name\":\"Modern Design One-Handle Bathroom Basin Faucet Water Faucet Parts Zinc Water Tap Bibcock Water Accessories for Bathroom Use\"}]},{\"@type\":\"WebSite\",\"@id\":\"https:\/\/www.yoroow.com\/es\/#website\",\"url\":\"https:\/\/www.yoroow.com\/es\/\",\"name\":\"YOROOW\",\"description\":\"\",\"publisher\":{\"@id\":\"https:\/\/www.yoroow.com\/es\/#organization\"},\"potentialAction\":[{\"@type\":\"SearchAction\",\"target\":{\"@type\":\"EntryPoint\",\"urlTemplate\":\"https:\/\/www.yoroow.com\/es\/?s={search_term_string}\"},\"query-input\":{\"@type\":\"PropertyValueSpecification\",\"valueRequired\":true,\"valueName\":\"search_term_string\"}}],\"inLanguage\":\"es\"},{\"@type\":\"Organization\",\"@id\":\"https:\/\/www.yoroow.com\/es\/#organization\",\"name\":\"YOROOW\",\"url\":\"https:\/\/www.yoroow.com\/es\/\",\"logo\":{\"@type\":\"ImageObject\",\"inLanguage\":\"es\",\"@id\":\"https:\/\/www.yoroow.com\/es\/#\/schema\/logo\/image\/\",\"url\":\"https:\/\/www.yoroow.com\/wp-content\/uploads\/2024\/12\/2024123007131061.png\",\"contentUrl\":\"https:\/\/www.yoroow.com\/wp-content\/uploads\/2024\/12\/2024123007131061.png\",\"width\":168,\"height\":27,\"caption\":\"YOROOW\"},\"image\":{\"@id\":\"https:\/\/www.yoroow.com\/es\/#\/schema\/logo\/image\/\"},\"sameAs\":[\"https:\/\/www.facebook.com\/people\/yoroowfaucetfactory\/61564236752362\/\"]}]}<\/script>\n<!-- \/ Yoast SEO Premium plugin. -->","yoast_head_json":{"title":"Modern Design One-Handle Bathroom Basin Faucet Water Faucet Parts Zinc Water Tap Bibcock Water Accessories for Bathroom Use - YOROOW","description":"Modern Design One-Handle Bathroom Basin Faucet constructed from zinc alloy provides durable water tap functionality with stylish single-handle operation. Ideal for modern bathrooms, it combines aesthetics and performance. Chinese factory offers customization and direct factory prices, focusing on exports to Latin America and Southeast Asia.","robots":{"index":"index","follow":"follow","max-snippet":"max-snippet:-1","max-image-preview":"max-image-preview:large","max-video-preview":"max-video-preview:-1"},"canonical":"https:\/\/www.yoroow.com\/es\/detalle-del-producto\/fabricante-grifo-monomando-lavabo-agua-cresta-grifo-piezas\/","og_locale":"es_ES","og_type":"article","og_title":"Modern Design One-Handle Bathroom Basin Faucet Water Faucet Parts Zinc Water Tap Bibcock Water Accessories for Bathroom Use","og_description":"Modern Design One-Handle Bathroom Basin Faucet constructed from zinc alloy provides durable water tap functionality with stylish single-handle operation. Ideal for modern bathrooms, it combines aesthetics and performance. Chinese factory offers customization and direct factory prices, focusing on exports to Latin America and Southeast Asia.","og_url":"https:\/\/www.yoroow.com\/es\/detalle-del-producto\/fabricante-grifo-monomando-lavabo-agua-cresta-grifo-piezas\/","og_site_name":"YOROOW","article_publisher":"https:\/\/www.facebook.com\/people\/yoroowfaucetfactory\/61564236752362\/","article_modified_time":"2025-05-16T01:10:39+00:00","og_image":[{"width":800,"height":800,"url":"https:\/\/www.yoroow.com\/wp-content\/uploads\/2024\/11\/\u4e3b\u56fe_1-21.jpg","type":"image\/jpeg"}],"twitter_card":"summary_large_image","twitter_misc":{"Tiempo de lectura":"1 minuto"},"schema":{"@context":"https:\/\/schema.org","@graph":[{"@type":"WebPage","@id":"https:\/\/www.yoroow.com\/es\/detalle-del-producto\/fabricante-grifo-monomando-lavabo-agua-cresta-grifo-piezas\/","url":"https:\/\/www.yoroow.com\/es\/detalle-del-producto\/fabricante-grifo-monomando-lavabo-agua-cresta-grifo-piezas\/","name":"Modern Design One-Handle Bathroom Basin Faucet Water Faucet Parts Zinc Water Tap Bibcock Water Accessories for Bathroom Use - YOROOW","isPartOf":{"@id":"https:\/\/www.yoroow.com\/es\/#website"},"primaryImageOfPage":{"@id":"https:\/\/www.yoroow.com\/es\/detalle-del-producto\/fabricante-grifo-monomando-lavabo-agua-cresta-grifo-piezas\/#primaryimage"},"image":{"@id":"https:\/\/www.yoroow.com\/es\/detalle-del-producto\/fabricante-grifo-monomando-lavabo-agua-cresta-grifo-piezas\/#primaryimage"},"thumbnailUrl":"https:\/\/www.yoroow.com\/wp-content\/uploads\/2024\/11\/\u4e3b\u56fe_1-21.jpg","datePublished":"2024-11-27T08:26:33+00:00","dateModified":"2025-05-16T01:10:39+00:00","description":"Modern Design One-Handle Bathroom Basin Faucet constructed from zinc alloy provides durable water tap functionality with stylish single-handle operation. Ideal for modern bathrooms, it combines aesthetics and performance. Chinese factory offers customization and direct factory prices, focusing on exports to Latin America and Southeast Asia.","breadcrumb":{"@id":"https:\/\/www.yoroow.com\/es\/detalle-del-producto\/fabricante-grifo-monomando-lavabo-agua-cresta-grifo-piezas\/#breadcrumb"},"inLanguage":"es","potentialAction":[{"@type":"ReadAction","target":["https:\/\/www.yoroow.com\/es\/detalle-del-producto\/fabricante-grifo-monomando-lavabo-agua-cresta-grifo-piezas\/"]}]},{"@type":"ImageObject","inLanguage":"es","@id":"https:\/\/www.yoroow.com\/es\/detalle-del-producto\/fabricante-grifo-monomando-lavabo-agua-cresta-grifo-piezas\/#primaryimage","url":"https:\/\/www.yoroow.com\/wp-content\/uploads\/2024\/11\/\u4e3b\u56fe_1-21.jpg","contentUrl":"https:\/\/www.yoroow.com\/wp-content\/uploads\/2024\/11\/\u4e3b\u56fe_1-21.jpg","width":800,"height":800,"caption":"Modern Design One-Handle Bathroom Basin Faucet Water Faucet Parts Zinc Water Tap Bibcock Water Accessories for Bathroom Use"},{"@type":"BreadcrumbList","@id":"https:\/\/www.yoroow.com\/es\/detalle-del-producto\/fabricante-grifo-monomando-lavabo-agua-cresta-grifo-piezas\/#breadcrumb","itemListElement":[{"@type":"ListItem","position":1,"name":"home","item":"https:\/\/www.yoroow.com\/"},{"@type":"ListItem","position":2,"name":"Product","item":"https:\/\/www.yoroow.com\/product\/"},{"@type":"ListItem","position":3,"name":"Modern Design One-Handle Bathroom Basin Faucet Water Faucet Parts Zinc Water Tap Bibcock Water Accessories for Bathroom Use"}]},{"@type":"WebSite","@id":"https:\/\/www.yoroow.com\/es\/#website","url":"https:\/\/www.yoroow.com\/es\/","name":"YOROOW","description":"","publisher":{"@id":"https:\/\/www.yoroow.com\/es\/#organization"},"potentialAction":[{"@type":"SearchAction","target":{"@type":"EntryPoint","urlTemplate":"https:\/\/www.yoroow.com\/es\/?s={search_term_string}"},"query-input":{"@type":"PropertyValueSpecification","valueRequired":true,"valueName":"search_term_string"}}],"inLanguage":"es"},{"@type":"Organization","@id":"https:\/\/www.yoroow.com\/es\/#organization","name":"YOROOW","url":"https:\/\/www.yoroow.com\/es\/","logo":{"@type":"ImageObject","inLanguage":"es","@id":"https:\/\/www.yoroow.com\/es\/#\/schema\/logo\/image\/","url":"https:\/\/www.yoroow.com\/wp-content\/uploads\/2024\/12\/2024123007131061.png","contentUrl":"https:\/\/www.yoroow.com\/wp-content\/uploads\/2024\/12\/2024123007131061.png","width":168,"height":27,"caption":"YOROOW"},"image":{"@id":"https:\/\/www.yoroow.com\/es\/#\/schema\/logo\/image\/"},"sameAs":["https:\/\/www.facebook.com\/people\/yoroowfaucetfactory\/61564236752362\/"]}]}},"_links":{"self":[{"href":"https:\/\/www.yoroow.com\/es\/wp-json\/wp\/v2\/product\/2359","targetHints":{"allow":["GET"]}}],"collection":[{"href":"https:\/\/www.yoroow.com\/es\/wp-json\/wp\/v2\/product"}],"about":[{"href":"https:\/\/www.yoroow.com\/es\/wp-json\/wp\/v2\/types\/product"}],"wp:featuredmedia":[{"embeddable":true,"href":"https:\/\/www.yoroow.com\/es\/wp-json\/wp\/v2\/media\/2364"}],"wp:attachment":[{"href":"https:\/\/www.yoroow.com\/es\/wp-json\/wp\/v2\/media?parent=2359"}],"wp:term":[{"taxonomy":"product_brand","embeddable":true,"href":"https:\/\/www.yoroow.com\/es\/wp-json\/wp\/v2\/product_brand?post=2359"},{"taxonomy":"product_cat","embeddable":true,"href":"https:\/\/www.yoroow.com\/es\/wp-json\/wp\/v2\/product_cat?post=2359"},{"taxonomy":"product_tag","embeddable":true,"href":"https:\/\/www.yoroow.com\/es\/wp-json\/wp\/v2\/product_tag?post=2359"}],"curies":[{"name":"wp","href":"https:\/\/api.w.org\/{rel}","templated":true}]}}