{"id":2300,"date":"2024-11-27T16:00:10","date_gmt":"2024-11-27T08:00:10","guid":{"rendered":"https:\/\/www.yoroow.com\/?post_type=product&#038;p=2300"},"modified":"2025-05-16T09:10:27","modified_gmt":"2025-05-16T01:10:27","slug":"venta-directa-de-fabrica-cromado-monomando-de-cocina-monomando-de-agua-fria-grifo-de-pared-de-cocina-cuerpo-de-zinc-grifos-de-agua-de-la-cocina","status":"publish","type":"product","link":"https:\/\/www.yoroow.com\/es\/detalle-del-producto\/venta-directa-de-fabrica-cromado-monomando-de-cocina-monomando-de-agua-fria-grifo-de-pared-de-cocina-cuerpo-de-zinc-grifos-de-agua-de-la-cocina\/","title":{"rendered":"Venta directa de f\u00e1brica de lat\u00f3n antiguo montado en la pared grifo de la cocina moderna de zinc solo grifo fr\u00edo n\u00edquel cepillado FinishSingle Handle"},"content":{"rendered":"<p>Esta venta directa de f\u00e1brica de lat\u00f3n antiguo montado en la pared grifo de la cocina moderna de zinc solo grifo fr\u00edo acabado n\u00edquel cepillado est\u00e1 dise\u00f1ado con la est\u00e9tica moderna y funcionalidad duradera en mente, por lo que es ideal para diversas aplicaciones, tales como hogares, gimnasios, hoteles o ba\u00f1os comerciales. Fabricado directamente en nuestra f\u00e1brica de grifos con sede en China, este producto presenta una selecci\u00f3n de materiales de primera calidad, ingenier\u00eda de precisi\u00f3n y una tecnolog\u00eda de ahorro de agua fiable. Centrada en la excelencia en la exportaci\u00f3n, especialmente para los clientes de los mercados sudamericano y del sudeste asi\u00e1tico, nuestra f\u00e1brica garantiza la consistencia de la calidad, precios competitivos y admite la marca OEM para satisfacer necesidades comerciales \u00fanicas.<\/p>","protected":false},"excerpt":{"rendered":"<p>This Factory Direct Sale Antique Brass Wall Mounted Kitchen Faucet Modern Zinc Single Cold Tap Brushed Nickel Finish is designed with both modern aesthetics and durable functionality in mind, making it ideal for diverse applications such as homes, gyms, hotels, or commercial restrooms. Manufactured directly from our China-based faucet factory, this product showcases premium material&#8230;<\/p>","protected":false},"featured_media":2303,"template":"","meta":{"_acf_changed":false,"_kad_post_transparent":"default","_kad_post_title":"","_kad_post_layout":"default","_kad_post_sidebar_id":"","_kad_post_content_style":"default","_kad_post_vertical_padding":"default","_kad_post_feature":"","_kad_post_feature_position":"","_kad_post_header":false,"_kad_post_footer":false},"product_brand":[],"product_cat":[221,223],"product_tag":[3295,3289],"class_list":{"0":"post-2300","1":"product","2":"type-product","3":"status-publish","4":"has-post-thumbnail","6":"product_cat-single-cold-kitchen-faucet-kitchen-faucet","7":"product_cat-wall-mounted-kitchen-faucet","8":"product_tag-antique-brass-kitchen-taps","9":"product_tag-kitchen-tap-water-and-morden-zinc","11":"first","12":"instock","13":"shipping-taxable","14":"purchasable","15":"product-type-variable","16":"wvs-archive-product-wrapper","17":"entry","18":"content-bg","19":"loop-entry"},"acf":[],"yoast_head":"<!-- This site is optimized with the Yoast SEO Premium plugin v25.4 (Yoast SEO v27.0) - https:\/\/yoast.com\/product\/yoast-seo-premium-wordpress\/ -->\n<title>Factory Direct Sale Antique Brass Wall Mounted Kitchen Faucet Modern Zinc Single Cold Tap Brushed Nickel FinishSingle Handle - YOROOW<\/title>\n<meta name=\"description\" content=\"Antique Brass Wall Mounted Kitchen Faucet combines classic aesthetics with modern zinc alloy construction and brushed nickel finish. Suitable for kitchen and utility areas, this single cold tap offers durability and easy wall mounting. Exported from China to South American and Southeast Asian markets focusing on vintage style kitchen solutions.\" \/>\n<meta name=\"robots\" content=\"index, follow, max-snippet:-1, max-image-preview:large, max-video-preview:-1\" \/>\n<link rel=\"canonical\" href=\"https:\/\/www.yoroow.com\/es\/detalle-del-producto\/venta-directa-de-fabrica-cromado-monomando-de-cocina-monomando-de-agua-fria-grifo-de-pared-de-cocina-cuerpo-de-zinc-grifos-de-agua-de-la-cocina\/\" \/>\n<meta property=\"og:locale\" content=\"es_ES\" \/>\n<meta property=\"og:type\" content=\"article\" \/>\n<meta property=\"og:title\" content=\"Factory Direct Sale Antique Brass Wall Mounted Kitchen Faucet Modern Zinc Single Cold Tap Brushed Nickel FinishSingle Handle\" \/>\n<meta property=\"og:description\" content=\"Antique Brass Wall Mounted Kitchen Faucet combines classic aesthetics with modern zinc alloy construction and brushed nickel finish. Suitable for kitchen and utility areas, this single cold tap offers durability and easy wall mounting. Exported from China to South American and Southeast Asian markets focusing on vintage style kitchen solutions.\" \/>\n<meta property=\"og:url\" content=\"https:\/\/www.yoroow.com\/es\/detalle-del-producto\/venta-directa-de-fabrica-cromado-monomando-de-cocina-monomando-de-agua-fria-grifo-de-pared-de-cocina-cuerpo-de-zinc-grifos-de-agua-de-la-cocina\/\" \/>\n<meta property=\"og:site_name\" content=\"YOROOW\" \/>\n<meta property=\"article:publisher\" content=\"https:\/\/www.facebook.com\/people\/yoroowfaucetfactory\/61564236752362\/\" \/>\n<meta property=\"article:modified_time\" content=\"2025-05-16T01:10:27+00:00\" \/>\n<meta property=\"og:image\" content=\"https:\/\/www.yoroow.com\/wp-content\/uploads\/2024\/11\/\u4e3b\u56fe_3-2.jpg\" \/>\n\t<meta property=\"og:image:width\" content=\"653\" \/>\n\t<meta property=\"og:image:height\" content=\"653\" \/>\n\t<meta property=\"og:image:type\" content=\"image\/jpeg\" \/>\n<meta name=\"twitter:card\" content=\"summary_large_image\" \/>\n<meta name=\"twitter:label1\" content=\"Tiempo de lectura\" \/>\n\t<meta name=\"twitter:data1\" content=\"1 minuto\" \/>\n<script type=\"application\/ld+json\" class=\"yoast-schema-graph\">{\"@context\":\"https:\/\/schema.org\",\"@graph\":[{\"@type\":\"WebPage\",\"@id\":\"https:\/\/www.yoroow.com\/es\/detalle-del-producto\/venta-directa-de-fabrica-cromado-monomando-de-cocina-monomando-de-agua-fria-grifo-de-pared-de-cocina-cuerpo-de-zinc-grifos-de-agua-de-la-cocina\/\",\"url\":\"https:\/\/www.yoroow.com\/es\/detalle-del-producto\/venta-directa-de-fabrica-cromado-monomando-de-cocina-monomando-de-agua-fria-grifo-de-pared-de-cocina-cuerpo-de-zinc-grifos-de-agua-de-la-cocina\/\",\"name\":\"Factory Direct Sale Antique Brass Wall Mounted Kitchen Faucet Modern Zinc Single Cold Tap Brushed Nickel FinishSingle Handle - YOROOW\",\"isPartOf\":{\"@id\":\"https:\/\/www.yoroow.com\/es\/#website\"},\"primaryImageOfPage\":{\"@id\":\"https:\/\/www.yoroow.com\/es\/detalle-del-producto\/venta-directa-de-fabrica-cromado-monomando-de-cocina-monomando-de-agua-fria-grifo-de-pared-de-cocina-cuerpo-de-zinc-grifos-de-agua-de-la-cocina\/#primaryimage\"},\"image\":{\"@id\":\"https:\/\/www.yoroow.com\/es\/detalle-del-producto\/venta-directa-de-fabrica-cromado-monomando-de-cocina-monomando-de-agua-fria-grifo-de-pared-de-cocina-cuerpo-de-zinc-grifos-de-agua-de-la-cocina\/#primaryimage\"},\"thumbnailUrl\":\"https:\/\/www.yoroow.com\/wp-content\/uploads\/2024\/11\/\u4e3b\u56fe_3-2.jpg\",\"datePublished\":\"2024-11-27T08:00:10+00:00\",\"dateModified\":\"2025-05-16T01:10:27+00:00\",\"description\":\"Antique Brass Wall Mounted Kitchen Faucet combines classic aesthetics with modern zinc alloy construction and brushed nickel finish. Suitable for kitchen and utility areas, this single cold tap offers durability and easy wall mounting. Exported from China to South American and Southeast Asian markets focusing on vintage style kitchen solutions.\",\"breadcrumb\":{\"@id\":\"https:\/\/www.yoroow.com\/es\/detalle-del-producto\/venta-directa-de-fabrica-cromado-monomando-de-cocina-monomando-de-agua-fria-grifo-de-pared-de-cocina-cuerpo-de-zinc-grifos-de-agua-de-la-cocina\/#breadcrumb\"},\"inLanguage\":\"es\",\"potentialAction\":[{\"@type\":\"ReadAction\",\"target\":[\"https:\/\/www.yoroow.com\/es\/detalle-del-producto\/venta-directa-de-fabrica-cromado-monomando-de-cocina-monomando-de-agua-fria-grifo-de-pared-de-cocina-cuerpo-de-zinc-grifos-de-agua-de-la-cocina\/\"]}]},{\"@type\":\"ImageObject\",\"inLanguage\":\"es\",\"@id\":\"https:\/\/www.yoroow.com\/es\/detalle-del-producto\/venta-directa-de-fabrica-cromado-monomando-de-cocina-monomando-de-agua-fria-grifo-de-pared-de-cocina-cuerpo-de-zinc-grifos-de-agua-de-la-cocina\/#primaryimage\",\"url\":\"https:\/\/www.yoroow.com\/wp-content\/uploads\/2024\/11\/\u4e3b\u56fe_3-2.jpg\",\"contentUrl\":\"https:\/\/www.yoroow.com\/wp-content\/uploads\/2024\/11\/\u4e3b\u56fe_3-2.jpg\",\"width\":653,\"height\":653,\"caption\":\"Factory Direct Sale Antique Brass Wall Mounted Kitchen Faucet Modern Zinc Single Cold Tap Brushed Nickel FinishSingle Handle\"},{\"@type\":\"BreadcrumbList\",\"@id\":\"https:\/\/www.yoroow.com\/es\/detalle-del-producto\/venta-directa-de-fabrica-cromado-monomando-de-cocina-monomando-de-agua-fria-grifo-de-pared-de-cocina-cuerpo-de-zinc-grifos-de-agua-de-la-cocina\/#breadcrumb\",\"itemListElement\":[{\"@type\":\"ListItem\",\"position\":1,\"name\":\"home\",\"item\":\"https:\/\/www.yoroow.com\/\"},{\"@type\":\"ListItem\",\"position\":2,\"name\":\"Product\",\"item\":\"https:\/\/www.yoroow.com\/product\/\"},{\"@type\":\"ListItem\",\"position\":3,\"name\":\"Factory Direct Sale Antique Brass Wall Mounted Kitchen Faucet Modern Zinc Single Cold Tap Brushed Nickel FinishSingle Handle\"}]},{\"@type\":\"WebSite\",\"@id\":\"https:\/\/www.yoroow.com\/es\/#website\",\"url\":\"https:\/\/www.yoroow.com\/es\/\",\"name\":\"YOROOW\",\"description\":\"\",\"publisher\":{\"@id\":\"https:\/\/www.yoroow.com\/es\/#organization\"},\"potentialAction\":[{\"@type\":\"SearchAction\",\"target\":{\"@type\":\"EntryPoint\",\"urlTemplate\":\"https:\/\/www.yoroow.com\/es\/?s={search_term_string}\"},\"query-input\":{\"@type\":\"PropertyValueSpecification\",\"valueRequired\":true,\"valueName\":\"search_term_string\"}}],\"inLanguage\":\"es\"},{\"@type\":\"Organization\",\"@id\":\"https:\/\/www.yoroow.com\/es\/#organization\",\"name\":\"YOROOW\",\"url\":\"https:\/\/www.yoroow.com\/es\/\",\"logo\":{\"@type\":\"ImageObject\",\"inLanguage\":\"es\",\"@id\":\"https:\/\/www.yoroow.com\/es\/#\/schema\/logo\/image\/\",\"url\":\"https:\/\/www.yoroow.com\/wp-content\/uploads\/2024\/12\/2024123007131061.png\",\"contentUrl\":\"https:\/\/www.yoroow.com\/wp-content\/uploads\/2024\/12\/2024123007131061.png\",\"width\":168,\"height\":27,\"caption\":\"YOROOW\"},\"image\":{\"@id\":\"https:\/\/www.yoroow.com\/es\/#\/schema\/logo\/image\/\"},\"sameAs\":[\"https:\/\/www.facebook.com\/people\/yoroowfaucetfactory\/61564236752362\/\"]}]}<\/script>\n<!-- \/ Yoast SEO Premium plugin. -->","yoast_head_json":{"title":"Factory Direct Sale Antique Brass Wall Mounted Kitchen Faucet Modern Zinc Single Cold Tap Brushed Nickel FinishSingle Handle - YOROOW","description":"Antique Brass Wall Mounted Kitchen Faucet combines classic aesthetics with modern zinc alloy construction and brushed nickel finish. Suitable for kitchen and utility areas, this single cold tap offers durability and easy wall mounting. Exported from China to South American and Southeast Asian markets focusing on vintage style kitchen solutions.","robots":{"index":"index","follow":"follow","max-snippet":"max-snippet:-1","max-image-preview":"max-image-preview:large","max-video-preview":"max-video-preview:-1"},"canonical":"https:\/\/www.yoroow.com\/es\/detalle-del-producto\/venta-directa-de-fabrica-cromado-monomando-de-cocina-monomando-de-agua-fria-grifo-de-pared-de-cocina-cuerpo-de-zinc-grifos-de-agua-de-la-cocina\/","og_locale":"es_ES","og_type":"article","og_title":"Factory Direct Sale Antique Brass Wall Mounted Kitchen Faucet Modern Zinc Single Cold Tap Brushed Nickel FinishSingle Handle","og_description":"Antique Brass Wall Mounted Kitchen Faucet combines classic aesthetics with modern zinc alloy construction and brushed nickel finish. Suitable for kitchen and utility areas, this single cold tap offers durability and easy wall mounting. Exported from China to South American and Southeast Asian markets focusing on vintage style kitchen solutions.","og_url":"https:\/\/www.yoroow.com\/es\/detalle-del-producto\/venta-directa-de-fabrica-cromado-monomando-de-cocina-monomando-de-agua-fria-grifo-de-pared-de-cocina-cuerpo-de-zinc-grifos-de-agua-de-la-cocina\/","og_site_name":"YOROOW","article_publisher":"https:\/\/www.facebook.com\/people\/yoroowfaucetfactory\/61564236752362\/","article_modified_time":"2025-05-16T01:10:27+00:00","og_image":[{"width":653,"height":653,"url":"https:\/\/www.yoroow.com\/wp-content\/uploads\/2024\/11\/\u4e3b\u56fe_3-2.jpg","type":"image\/jpeg"}],"twitter_card":"summary_large_image","twitter_misc":{"Tiempo de lectura":"1 minuto"},"schema":{"@context":"https:\/\/schema.org","@graph":[{"@type":"WebPage","@id":"https:\/\/www.yoroow.com\/es\/detalle-del-producto\/venta-directa-de-fabrica-cromado-monomando-de-cocina-monomando-de-agua-fria-grifo-de-pared-de-cocina-cuerpo-de-zinc-grifos-de-agua-de-la-cocina\/","url":"https:\/\/www.yoroow.com\/es\/detalle-del-producto\/venta-directa-de-fabrica-cromado-monomando-de-cocina-monomando-de-agua-fria-grifo-de-pared-de-cocina-cuerpo-de-zinc-grifos-de-agua-de-la-cocina\/","name":"Factory Direct Sale Antique Brass Wall Mounted Kitchen Faucet Modern Zinc Single Cold Tap Brushed Nickel FinishSingle Handle - YOROOW","isPartOf":{"@id":"https:\/\/www.yoroow.com\/es\/#website"},"primaryImageOfPage":{"@id":"https:\/\/www.yoroow.com\/es\/detalle-del-producto\/venta-directa-de-fabrica-cromado-monomando-de-cocina-monomando-de-agua-fria-grifo-de-pared-de-cocina-cuerpo-de-zinc-grifos-de-agua-de-la-cocina\/#primaryimage"},"image":{"@id":"https:\/\/www.yoroow.com\/es\/detalle-del-producto\/venta-directa-de-fabrica-cromado-monomando-de-cocina-monomando-de-agua-fria-grifo-de-pared-de-cocina-cuerpo-de-zinc-grifos-de-agua-de-la-cocina\/#primaryimage"},"thumbnailUrl":"https:\/\/www.yoroow.com\/wp-content\/uploads\/2024\/11\/\u4e3b\u56fe_3-2.jpg","datePublished":"2024-11-27T08:00:10+00:00","dateModified":"2025-05-16T01:10:27+00:00","description":"Antique Brass Wall Mounted Kitchen Faucet combines classic aesthetics with modern zinc alloy construction and brushed nickel finish. Suitable for kitchen and utility areas, this single cold tap offers durability and easy wall mounting. Exported from China to South American and Southeast Asian markets focusing on vintage style kitchen solutions.","breadcrumb":{"@id":"https:\/\/www.yoroow.com\/es\/detalle-del-producto\/venta-directa-de-fabrica-cromado-monomando-de-cocina-monomando-de-agua-fria-grifo-de-pared-de-cocina-cuerpo-de-zinc-grifos-de-agua-de-la-cocina\/#breadcrumb"},"inLanguage":"es","potentialAction":[{"@type":"ReadAction","target":["https:\/\/www.yoroow.com\/es\/detalle-del-producto\/venta-directa-de-fabrica-cromado-monomando-de-cocina-monomando-de-agua-fria-grifo-de-pared-de-cocina-cuerpo-de-zinc-grifos-de-agua-de-la-cocina\/"]}]},{"@type":"ImageObject","inLanguage":"es","@id":"https:\/\/www.yoroow.com\/es\/detalle-del-producto\/venta-directa-de-fabrica-cromado-monomando-de-cocina-monomando-de-agua-fria-grifo-de-pared-de-cocina-cuerpo-de-zinc-grifos-de-agua-de-la-cocina\/#primaryimage","url":"https:\/\/www.yoroow.com\/wp-content\/uploads\/2024\/11\/\u4e3b\u56fe_3-2.jpg","contentUrl":"https:\/\/www.yoroow.com\/wp-content\/uploads\/2024\/11\/\u4e3b\u56fe_3-2.jpg","width":653,"height":653,"caption":"Factory Direct Sale Antique Brass Wall Mounted Kitchen Faucet Modern Zinc Single Cold Tap Brushed Nickel FinishSingle Handle"},{"@type":"BreadcrumbList","@id":"https:\/\/www.yoroow.com\/es\/detalle-del-producto\/venta-directa-de-fabrica-cromado-monomando-de-cocina-monomando-de-agua-fria-grifo-de-pared-de-cocina-cuerpo-de-zinc-grifos-de-agua-de-la-cocina\/#breadcrumb","itemListElement":[{"@type":"ListItem","position":1,"name":"home","item":"https:\/\/www.yoroow.com\/"},{"@type":"ListItem","position":2,"name":"Product","item":"https:\/\/www.yoroow.com\/product\/"},{"@type":"ListItem","position":3,"name":"Factory Direct Sale Antique Brass Wall Mounted Kitchen Faucet Modern Zinc Single Cold Tap Brushed Nickel FinishSingle Handle"}]},{"@type":"WebSite","@id":"https:\/\/www.yoroow.com\/es\/#website","url":"https:\/\/www.yoroow.com\/es\/","name":"YOROOW","description":"","publisher":{"@id":"https:\/\/www.yoroow.com\/es\/#organization"},"potentialAction":[{"@type":"SearchAction","target":{"@type":"EntryPoint","urlTemplate":"https:\/\/www.yoroow.com\/es\/?s={search_term_string}"},"query-input":{"@type":"PropertyValueSpecification","valueRequired":true,"valueName":"search_term_string"}}],"inLanguage":"es"},{"@type":"Organization","@id":"https:\/\/www.yoroow.com\/es\/#organization","name":"YOROOW","url":"https:\/\/www.yoroow.com\/es\/","logo":{"@type":"ImageObject","inLanguage":"es","@id":"https:\/\/www.yoroow.com\/es\/#\/schema\/logo\/image\/","url":"https:\/\/www.yoroow.com\/wp-content\/uploads\/2024\/12\/2024123007131061.png","contentUrl":"https:\/\/www.yoroow.com\/wp-content\/uploads\/2024\/12\/2024123007131061.png","width":168,"height":27,"caption":"YOROOW"},"image":{"@id":"https:\/\/www.yoroow.com\/es\/#\/schema\/logo\/image\/"},"sameAs":["https:\/\/www.facebook.com\/people\/yoroowfaucetfactory\/61564236752362\/"]}]}},"_links":{"self":[{"href":"https:\/\/www.yoroow.com\/es\/wp-json\/wp\/v2\/product\/2300","targetHints":{"allow":["GET"]}}],"collection":[{"href":"https:\/\/www.yoroow.com\/es\/wp-json\/wp\/v2\/product"}],"about":[{"href":"https:\/\/www.yoroow.com\/es\/wp-json\/wp\/v2\/types\/product"}],"wp:featuredmedia":[{"embeddable":true,"href":"https:\/\/www.yoroow.com\/es\/wp-json\/wp\/v2\/media\/2303"}],"wp:attachment":[{"href":"https:\/\/www.yoroow.com\/es\/wp-json\/wp\/v2\/media?parent=2300"}],"wp:term":[{"taxonomy":"product_brand","embeddable":true,"href":"https:\/\/www.yoroow.com\/es\/wp-json\/wp\/v2\/product_brand?post=2300"},{"taxonomy":"product_cat","embeddable":true,"href":"https:\/\/www.yoroow.com\/es\/wp-json\/wp\/v2\/product_cat?post=2300"},{"taxonomy":"product_tag","embeddable":true,"href":"https:\/\/www.yoroow.com\/es\/wp-json\/wp\/v2\/product_tag?post=2300"}],"curies":[{"name":"wp","href":"https:\/\/api.w.org\/{rel}","templated":true}]}}