{"id":19466,"date":"2025-05-07T15:48:35","date_gmt":"2025-05-07T07:48:35","guid":{"rendered":"https:\/\/www.yoroow.com\/?post_type=product&#038;p=19466"},"modified":"2025-05-16T09:51:29","modified_gmt":"2025-05-16T01:51:29","slug":"moderno-cuadrado-cromo-lluvia-ducha-grifo-oculto-comercial-popular-banos-accesorio","status":"publish","type":"product","link":"https:\/\/www.yoroow.com\/es\/detalle-del-producto\/moderno-cuadrado-cromo-lluvia-ducha-grifo-oculto-comercial-popular-banos-accesorio\/","title":{"rendered":"Moderno Cuadrado Cromo Ducha de Lluvia Grifo Oculto Comercial Popular Ba\u00f1os Accesorio"},"content":{"rendered":"<p>Moderno Cuadrado Cromo Ducha de Lluvia Grifo Oculto Comercial Popular Ba\u00f1os Accesorio est\u00e1 dise\u00f1ado para ba\u00f1os comerciales y residenciales que buscan una est\u00e9tica moderna y una excelente cobertura de agua. El dise\u00f1o de cascada cuadrada ofrece un rociado amplio y uniforme para una experiencia de ducha lujosa. Fabricado en lat\u00f3n cromado de alta calidad, resiste el \u00f3xido y la corrosi\u00f3n, apto para entornos h\u00famedos. Producido en una f\u00e1brica china mediante avanzados procesos de chapado y mecanizado, admite la marca OEM y tama\u00f1os personalizados. Este producto es ideal para exportar a Sudam\u00e9rica y el sudeste asi\u00e1tico, donde hoteles, gimnasios y hogares modernos buscan soluciones de ducha elegantes y duraderas. Ofrecemos servicios de exportaci\u00f3n profesionales, con env\u00edos a pa\u00edses como M\u00e9xico, Colombia, Vietnam y Malasia. |<\/p>","protected":false},"excerpt":{"rendered":"<p>Modern Square Chrome Rainfall Shower Faucet Concealed Commercial Popular Bathrooms Accessory is designed for commercial and residential bathrooms seeking a modern aesthetic and excellent water coverage. The square rainfall design offers a wide, even spray for a luxurious shower experience. Made of high-quality chrome-plated brass, it resists rust and corrosion, suitable for humid environments. Produced\u2026<\/p>","protected":false},"featured_media":19468,"template":"","meta":{"_acf_changed":false,"_kad_post_transparent":"default","_kad_post_title":"","_kad_post_layout":"default","_kad_post_sidebar_id":"","_kad_post_content_style":"default","_kad_post_vertical_padding":"default","_kad_post_feature":"","_kad_post_feature_position":"","_kad_post_header":false,"_kad_post_footer":false},"product_brand":[],"product_cat":[1570,7865],"product_tag":[4299,4386],"class_list":{"0":"post-19466","1":"product","2":"type-product","3":"status-publish","4":"has-post-thumbnail","6":"product_cat-shower-arm","7":"product_cat-c-shower","8":"product_tag-commercial-shower-head","9":"product_tag-popular-shower-head","11":"first","12":"instock","13":"shipping-taxable","14":"purchasable","15":"product-type-variable","16":"wvs-archive-product-wrapper","17":"entry","18":"content-bg","19":"loop-entry"},"acf":[],"yoast_head":"<!-- This site is optimized with the Yoast SEO Premium plugin v25.4 (Yoast SEO v27.0) - https:\/\/yoast.com\/product\/yoast-seo-premium-wordpress\/ -->\n<title>Modern Square Chrome Rainfall Shower Faucet Concealed Commercial Popular Bathrooms Accessory - YOROOW<\/title>\n<meta name=\"description\" content=\"Modern square chrome rainfall shower faucet with concealed installation designed for commercial and popular bathroom use. Manufactured in China with export focus on South America and Southeast Asia hospitality sectors.\" \/>\n<meta name=\"robots\" content=\"index, follow, max-snippet:-1, max-image-preview:large, max-video-preview:-1\" \/>\n<link rel=\"canonical\" href=\"https:\/\/www.yoroow.com\/es\/detalle-del-producto\/moderno-cuadrado-cromo-lluvia-ducha-grifo-oculto-comercial-popular-banos-accesorio\/\" \/>\n<meta property=\"og:locale\" content=\"es_ES\" \/>\n<meta property=\"og:type\" content=\"article\" \/>\n<meta property=\"og:title\" content=\"Modern Square Chrome Rainfall Shower Faucet Concealed Commercial Popular Bathrooms Accessory\" \/>\n<meta property=\"og:description\" content=\"Modern square chrome rainfall shower faucet with concealed installation designed for commercial and popular bathroom use. Manufactured in China with export focus on South America and Southeast Asia hospitality sectors.\" \/>\n<meta property=\"og:url\" content=\"https:\/\/www.yoroow.com\/es\/detalle-del-producto\/moderno-cuadrado-cromo-lluvia-ducha-grifo-oculto-comercial-popular-banos-accesorio\/\" \/>\n<meta property=\"og:site_name\" content=\"YOROOW\" \/>\n<meta property=\"article:publisher\" content=\"https:\/\/www.facebook.com\/people\/yoroowfaucetfactory\/61564236752362\/\" \/>\n<meta property=\"article:modified_time\" content=\"2025-05-16T01:51:29+00:00\" \/>\n<meta property=\"og:image\" content=\"https:\/\/www.yoroow.com\/wp-content\/uploads\/2025\/05\/\u56fe\u72471.jpg\" \/>\n\t<meta property=\"og:image:width\" content=\"408\" \/>\n\t<meta property=\"og:image:height\" content=\"408\" \/>\n\t<meta property=\"og:image:type\" content=\"image\/jpeg\" \/>\n<meta name=\"twitter:card\" content=\"summary_large_image\" \/>\n<meta name=\"twitter:label1\" content=\"Tiempo de lectura\" \/>\n\t<meta name=\"twitter:data1\" content=\"1 minuto\" \/>\n<script type=\"application\/ld+json\" class=\"yoast-schema-graph\">{\"@context\":\"https:\/\/schema.org\",\"@graph\":[{\"@type\":\"WebPage\",\"@id\":\"https:\/\/www.yoroow.com\/es\/detalle-del-producto\/moderno-cuadrado-cromo-lluvia-ducha-grifo-oculto-comercial-popular-banos-accesorio\/\",\"url\":\"https:\/\/www.yoroow.com\/es\/detalle-del-producto\/moderno-cuadrado-cromo-lluvia-ducha-grifo-oculto-comercial-popular-banos-accesorio\/\",\"name\":\"Modern Square Chrome Rainfall Shower Faucet Concealed Commercial Popular Bathrooms Accessory - YOROOW\",\"isPartOf\":{\"@id\":\"https:\/\/www.yoroow.com\/es\/#website\"},\"primaryImageOfPage\":{\"@id\":\"https:\/\/www.yoroow.com\/es\/detalle-del-producto\/moderno-cuadrado-cromo-lluvia-ducha-grifo-oculto-comercial-popular-banos-accesorio\/#primaryimage\"},\"image\":{\"@id\":\"https:\/\/www.yoroow.com\/es\/detalle-del-producto\/moderno-cuadrado-cromo-lluvia-ducha-grifo-oculto-comercial-popular-banos-accesorio\/#primaryimage\"},\"thumbnailUrl\":\"https:\/\/www.yoroow.com\/wp-content\/uploads\/2025\/05\/\u56fe\u72471.jpg\",\"datePublished\":\"2025-05-07T07:48:35+00:00\",\"dateModified\":\"2025-05-16T01:51:29+00:00\",\"description\":\"Modern square chrome rainfall shower faucet with concealed installation designed for commercial and popular bathroom use. Manufactured in China with export focus on South America and Southeast Asia hospitality sectors.\",\"breadcrumb\":{\"@id\":\"https:\/\/www.yoroow.com\/es\/detalle-del-producto\/moderno-cuadrado-cromo-lluvia-ducha-grifo-oculto-comercial-popular-banos-accesorio\/#breadcrumb\"},\"inLanguage\":\"es\",\"potentialAction\":[{\"@type\":\"ReadAction\",\"target\":[\"https:\/\/www.yoroow.com\/es\/detalle-del-producto\/moderno-cuadrado-cromo-lluvia-ducha-grifo-oculto-comercial-popular-banos-accesorio\/\"]}]},{\"@type\":\"ImageObject\",\"inLanguage\":\"es\",\"@id\":\"https:\/\/www.yoroow.com\/es\/detalle-del-producto\/moderno-cuadrado-cromo-lluvia-ducha-grifo-oculto-comercial-popular-banos-accesorio\/#primaryimage\",\"url\":\"https:\/\/www.yoroow.com\/wp-content\/uploads\/2025\/05\/\u56fe\u72471.jpg\",\"contentUrl\":\"https:\/\/www.yoroow.com\/wp-content\/uploads\/2025\/05\/\u56fe\u72471.jpg\",\"width\":408,\"height\":408,\"caption\":\"Modern Square Chrome Rainfall Shower Faucet Concealed Commercial Popular Bathrooms Accessory\"},{\"@type\":\"BreadcrumbList\",\"@id\":\"https:\/\/www.yoroow.com\/es\/detalle-del-producto\/moderno-cuadrado-cromo-lluvia-ducha-grifo-oculto-comercial-popular-banos-accesorio\/#breadcrumb\",\"itemListElement\":[{\"@type\":\"ListItem\",\"position\":1,\"name\":\"home\",\"item\":\"https:\/\/www.yoroow.com\/\"},{\"@type\":\"ListItem\",\"position\":2,\"name\":\"Product\",\"item\":\"https:\/\/www.yoroow.com\/product\/\"},{\"@type\":\"ListItem\",\"position\":3,\"name\":\"Modern Square Chrome Rainfall Shower Faucet Concealed Commercial Popular Bathrooms Accessory\"}]},{\"@type\":\"WebSite\",\"@id\":\"https:\/\/www.yoroow.com\/es\/#website\",\"url\":\"https:\/\/www.yoroow.com\/es\/\",\"name\":\"YOROOW\",\"description\":\"\",\"publisher\":{\"@id\":\"https:\/\/www.yoroow.com\/es\/#organization\"},\"potentialAction\":[{\"@type\":\"SearchAction\",\"target\":{\"@type\":\"EntryPoint\",\"urlTemplate\":\"https:\/\/www.yoroow.com\/es\/?s={search_term_string}\"},\"query-input\":{\"@type\":\"PropertyValueSpecification\",\"valueRequired\":true,\"valueName\":\"search_term_string\"}}],\"inLanguage\":\"es\"},{\"@type\":\"Organization\",\"@id\":\"https:\/\/www.yoroow.com\/es\/#organization\",\"name\":\"YOROOW\",\"url\":\"https:\/\/www.yoroow.com\/es\/\",\"logo\":{\"@type\":\"ImageObject\",\"inLanguage\":\"es\",\"@id\":\"https:\/\/www.yoroow.com\/es\/#\/schema\/logo\/image\/\",\"url\":\"https:\/\/www.yoroow.com\/wp-content\/uploads\/2024\/12\/2024123007131061.png\",\"contentUrl\":\"https:\/\/www.yoroow.com\/wp-content\/uploads\/2024\/12\/2024123007131061.png\",\"width\":168,\"height\":27,\"caption\":\"YOROOW\"},\"image\":{\"@id\":\"https:\/\/www.yoroow.com\/es\/#\/schema\/logo\/image\/\"},\"sameAs\":[\"https:\/\/www.facebook.com\/people\/yoroowfaucetfactory\/61564236752362\/\"]}]}<\/script>\n<!-- \/ Yoast SEO Premium plugin. -->","yoast_head_json":{"title":"Modern Square Chrome Rainfall Shower Faucet Concealed Commercial Popular Bathrooms Accessory - YOROOW","description":"Modern square chrome rainfall shower faucet with concealed installation designed for commercial and popular bathroom use. Manufactured in China with export focus on South America and Southeast Asia hospitality sectors.","robots":{"index":"index","follow":"follow","max-snippet":"max-snippet:-1","max-image-preview":"max-image-preview:large","max-video-preview":"max-video-preview:-1"},"canonical":"https:\/\/www.yoroow.com\/es\/detalle-del-producto\/moderno-cuadrado-cromo-lluvia-ducha-grifo-oculto-comercial-popular-banos-accesorio\/","og_locale":"es_ES","og_type":"article","og_title":"Modern Square Chrome Rainfall Shower Faucet Concealed Commercial Popular Bathrooms Accessory","og_description":"Modern square chrome rainfall shower faucet with concealed installation designed for commercial and popular bathroom use. Manufactured in China with export focus on South America and Southeast Asia hospitality sectors.","og_url":"https:\/\/www.yoroow.com\/es\/detalle-del-producto\/moderno-cuadrado-cromo-lluvia-ducha-grifo-oculto-comercial-popular-banos-accesorio\/","og_site_name":"YOROOW","article_publisher":"https:\/\/www.facebook.com\/people\/yoroowfaucetfactory\/61564236752362\/","article_modified_time":"2025-05-16T01:51:29+00:00","og_image":[{"width":408,"height":408,"url":"https:\/\/www.yoroow.com\/wp-content\/uploads\/2025\/05\/\u56fe\u72471.jpg","type":"image\/jpeg"}],"twitter_card":"summary_large_image","twitter_misc":{"Tiempo de lectura":"1 minuto"},"schema":{"@context":"https:\/\/schema.org","@graph":[{"@type":"WebPage","@id":"https:\/\/www.yoroow.com\/es\/detalle-del-producto\/moderno-cuadrado-cromo-lluvia-ducha-grifo-oculto-comercial-popular-banos-accesorio\/","url":"https:\/\/www.yoroow.com\/es\/detalle-del-producto\/moderno-cuadrado-cromo-lluvia-ducha-grifo-oculto-comercial-popular-banos-accesorio\/","name":"Modern Square Chrome Rainfall Shower Faucet Concealed Commercial Popular Bathrooms Accessory - YOROOW","isPartOf":{"@id":"https:\/\/www.yoroow.com\/es\/#website"},"primaryImageOfPage":{"@id":"https:\/\/www.yoroow.com\/es\/detalle-del-producto\/moderno-cuadrado-cromo-lluvia-ducha-grifo-oculto-comercial-popular-banos-accesorio\/#primaryimage"},"image":{"@id":"https:\/\/www.yoroow.com\/es\/detalle-del-producto\/moderno-cuadrado-cromo-lluvia-ducha-grifo-oculto-comercial-popular-banos-accesorio\/#primaryimage"},"thumbnailUrl":"https:\/\/www.yoroow.com\/wp-content\/uploads\/2025\/05\/\u56fe\u72471.jpg","datePublished":"2025-05-07T07:48:35+00:00","dateModified":"2025-05-16T01:51:29+00:00","description":"Modern square chrome rainfall shower faucet with concealed installation designed for commercial and popular bathroom use. Manufactured in China with export focus on South America and Southeast Asia hospitality sectors.","breadcrumb":{"@id":"https:\/\/www.yoroow.com\/es\/detalle-del-producto\/moderno-cuadrado-cromo-lluvia-ducha-grifo-oculto-comercial-popular-banos-accesorio\/#breadcrumb"},"inLanguage":"es","potentialAction":[{"@type":"ReadAction","target":["https:\/\/www.yoroow.com\/es\/detalle-del-producto\/moderno-cuadrado-cromo-lluvia-ducha-grifo-oculto-comercial-popular-banos-accesorio\/"]}]},{"@type":"ImageObject","inLanguage":"es","@id":"https:\/\/www.yoroow.com\/es\/detalle-del-producto\/moderno-cuadrado-cromo-lluvia-ducha-grifo-oculto-comercial-popular-banos-accesorio\/#primaryimage","url":"https:\/\/www.yoroow.com\/wp-content\/uploads\/2025\/05\/\u56fe\u72471.jpg","contentUrl":"https:\/\/www.yoroow.com\/wp-content\/uploads\/2025\/05\/\u56fe\u72471.jpg","width":408,"height":408,"caption":"Modern Square Chrome Rainfall Shower Faucet Concealed Commercial Popular Bathrooms Accessory"},{"@type":"BreadcrumbList","@id":"https:\/\/www.yoroow.com\/es\/detalle-del-producto\/moderno-cuadrado-cromo-lluvia-ducha-grifo-oculto-comercial-popular-banos-accesorio\/#breadcrumb","itemListElement":[{"@type":"ListItem","position":1,"name":"home","item":"https:\/\/www.yoroow.com\/"},{"@type":"ListItem","position":2,"name":"Product","item":"https:\/\/www.yoroow.com\/product\/"},{"@type":"ListItem","position":3,"name":"Modern Square Chrome Rainfall Shower Faucet Concealed Commercial Popular Bathrooms Accessory"}]},{"@type":"WebSite","@id":"https:\/\/www.yoroow.com\/es\/#website","url":"https:\/\/www.yoroow.com\/es\/","name":"YOROOW","description":"","publisher":{"@id":"https:\/\/www.yoroow.com\/es\/#organization"},"potentialAction":[{"@type":"SearchAction","target":{"@type":"EntryPoint","urlTemplate":"https:\/\/www.yoroow.com\/es\/?s={search_term_string}"},"query-input":{"@type":"PropertyValueSpecification","valueRequired":true,"valueName":"search_term_string"}}],"inLanguage":"es"},{"@type":"Organization","@id":"https:\/\/www.yoroow.com\/es\/#organization","name":"YOROOW","url":"https:\/\/www.yoroow.com\/es\/","logo":{"@type":"ImageObject","inLanguage":"es","@id":"https:\/\/www.yoroow.com\/es\/#\/schema\/logo\/image\/","url":"https:\/\/www.yoroow.com\/wp-content\/uploads\/2024\/12\/2024123007131061.png","contentUrl":"https:\/\/www.yoroow.com\/wp-content\/uploads\/2024\/12\/2024123007131061.png","width":168,"height":27,"caption":"YOROOW"},"image":{"@id":"https:\/\/www.yoroow.com\/es\/#\/schema\/logo\/image\/"},"sameAs":["https:\/\/www.facebook.com\/people\/yoroowfaucetfactory\/61564236752362\/"]}]}},"_links":{"self":[{"href":"https:\/\/www.yoroow.com\/es\/wp-json\/wp\/v2\/product\/19466","targetHints":{"allow":["GET"]}}],"collection":[{"href":"https:\/\/www.yoroow.com\/es\/wp-json\/wp\/v2\/product"}],"about":[{"href":"https:\/\/www.yoroow.com\/es\/wp-json\/wp\/v2\/types\/product"}],"wp:featuredmedia":[{"embeddable":true,"href":"https:\/\/www.yoroow.com\/es\/wp-json\/wp\/v2\/media\/19468"}],"wp:attachment":[{"href":"https:\/\/www.yoroow.com\/es\/wp-json\/wp\/v2\/media?parent=19466"}],"wp:term":[{"taxonomy":"product_brand","embeddable":true,"href":"https:\/\/www.yoroow.com\/es\/wp-json\/wp\/v2\/product_brand?post=19466"},{"taxonomy":"product_cat","embeddable":true,"href":"https:\/\/www.yoroow.com\/es\/wp-json\/wp\/v2\/product_cat?post=19466"},{"taxonomy":"product_tag","embeddable":true,"href":"https:\/\/www.yoroow.com\/es\/wp-json\/wp\/v2\/product_tag?post=19466"}],"curies":[{"name":"wp","href":"https:\/\/api.w.org\/{rel}","templated":true}]}}