{"id":19413,"date":"2025-05-07T14:00:43","date_gmt":"2025-05-07T06:00:43","guid":{"rendered":"https:\/\/www.yoroow.com\/?post_type=product&#038;p=19413"},"modified":"2025-05-16T09:50:47","modified_gmt":"2025-05-16T01:50:47","slug":"fabrica-directa-de-laton-cocina-bano-desague-zanja-cuadrada-ranuras-galvanoplastia-anti-olor-desague-del-piso-levitacion-magnetica-hoteles","status":"publish","type":"product","link":"https:\/\/www.yoroow.com\/es\/detalle-del-producto\/fabrica-directa-de-laton-cocina-bano-desague-zanja-cuadrada-ranuras-galvanoplastia-anti-olor-desague-del-piso-levitacion-magnetica-hoteles\/","title":{"rendered":"F\u00e1brica directa de lat\u00f3n cocina ba\u00f1o desag\u00fce zanja cuadrada ranuras galvanoplastia antiolor desag\u00fce del piso de levitaci\u00f3n magn\u00e9tica Hoteles"},"content":{"rendered":"<p>El desag\u00fce de ba\u00f1o de cocina de lat\u00f3n directo de f\u00e1brica con ranuras de zanja cuadradas presenta un acabado galvanizado que combina propiedades antiolor con tecnolog\u00eda de levitaci\u00f3n magn\u00e9tica para minimizar el ruido y mejorar el flujo de agua. Hecho de lat\u00f3n de primera calidad, este desag\u00fce de suelo ofrece una excelente durabilidad y resistencia al desgaste y la corrosi\u00f3n. Ideal para su uso en hoteles y cocinas y ba\u00f1os residenciales de lujo, garantiza un drenaje eficaz a la vez que evita los olores de los gases del alcantarillado. Fabricado por una f\u00e1brica china especializada en productos de lat\u00f3n, nuestra l\u00ednea de producci\u00f3n incluye mecanizado CNC, chapado y pulido final bajo estrictas garant\u00edas de calidad. Admitimos la marca OEM y descuentos por pedido al por mayor. Este desag\u00fce est\u00e1 dise\u00f1ado para su exportaci\u00f3n a los mercados de Sudam\u00e9rica y el sudeste asi\u00e1tico, donde los clientes aprecian las soluciones de desag\u00fce innovadoras y de alta calidad que combinan estilo y rendimiento. Nuestra experiencia log\u00edstica garantiza una entrega r\u00e1pida y segura a Brasil, Argentina, Indonesia y Malasia. |<\/p>","protected":false},"excerpt":{"rendered":"<p>Factory Direct Brass Kitchen Bathroom Drain with Square Trench Slots features an electroplated finish that combines anti-odor properties with magnetic levitation technology to minimize noise and improve water flow. Made of premium brass, this floor drain offers outstanding durability and resistance to wear and corrosion. Ideal for use in hotels and upscale residential kitchens and\u2026<\/p>","protected":false},"featured_media":19416,"template":"","meta":{"_acf_changed":false,"_kad_post_transparent":"default","_kad_post_title":"","_kad_post_layout":"default","_kad_post_sidebar_id":"","_kad_post_content_style":"default","_kad_post_vertical_padding":"default","_kad_post_feature":"","_kad_post_feature_position":"","_kad_post_header":false,"_kad_post_footer":false},"product_brand":[],"product_cat":[340,7863],"product_tag":[3803,7876],"class_list":{"0":"post-19413","1":"product","2":"type-product","3":"status-publish","4":"has-post-thumbnail","6":"product_cat-floor-drain","7":"product_cat-c-floordrain","8":"product_tag-bathroom","9":"product_tag-floor-drain","11":"first","12":"instock","13":"shipping-taxable","14":"product-type-variable","15":"wvs-archive-product-wrapper","16":"entry","17":"content-bg","18":"loop-entry"},"acf":[],"yoast_head":"<!-- This site is optimized with the Yoast SEO Premium plugin v25.4 (Yoast SEO v27.0) - https:\/\/yoast.com\/product\/yoast-seo-premium-wordpress\/ -->\n<title>Factory Direct Brass Kitchen Bathroom Drain Square Trench Slots Electroplated Anti-Odor Floor Drain Magnetic Levitation Hotels - YOROOW<\/title>\n<meta name=\"description\" content=\"Factory direct brass kitchen and bathroom drain with square trench slots, electroplated anti-odor floor drain featuring magnetic levitation. Produced in China for commercial and residential customers in South America and Southeast Asia.\" \/>\n<meta name=\"robots\" content=\"index, follow, max-snippet:-1, max-image-preview:large, max-video-preview:-1\" \/>\n<link rel=\"canonical\" href=\"https:\/\/www.yoroow.com\/es\/detalle-del-producto\/fabrica-directa-de-laton-cocina-bano-desague-zanja-cuadrada-ranuras-galvanoplastia-anti-olor-desague-del-piso-levitacion-magnetica-hoteles\/\" \/>\n<meta property=\"og:locale\" content=\"es_ES\" \/>\n<meta property=\"og:type\" content=\"article\" \/>\n<meta property=\"og:title\" content=\"Factory Direct Brass Kitchen Bathroom Drain Square Trench Slots Electroplated Anti-Odor Floor Drain Magnetic Levitation Hotels\" \/>\n<meta property=\"og:description\" content=\"Factory direct brass kitchen and bathroom drain with square trench slots, electroplated anti-odor floor drain featuring magnetic levitation. Produced in China for commercial and residential customers in South America and Southeast Asia.\" \/>\n<meta property=\"og:url\" content=\"https:\/\/www.yoroow.com\/es\/detalle-del-producto\/fabrica-directa-de-laton-cocina-bano-desague-zanja-cuadrada-ranuras-galvanoplastia-anti-olor-desague-del-piso-levitacion-magnetica-hoteles\/\" \/>\n<meta property=\"og:site_name\" content=\"YOROOW\" \/>\n<meta property=\"article:publisher\" content=\"https:\/\/www.facebook.com\/people\/yoroowfaucetfactory\/61564236752362\/\" \/>\n<meta property=\"article:modified_time\" content=\"2025-05-16T01:50:47+00:00\" \/>\n<meta property=\"og:image\" content=\"https:\/\/www.yoroow.com\/wp-content\/uploads\/2025\/05\/\u7535\u9540\u5730\u6f0f-1.jpg\" \/>\n\t<meta property=\"og:image:width\" content=\"653\" \/>\n\t<meta property=\"og:image:height\" content=\"653\" \/>\n\t<meta property=\"og:image:type\" content=\"image\/jpeg\" \/>\n<meta name=\"twitter:card\" content=\"summary_large_image\" \/>\n<meta name=\"twitter:label1\" content=\"Tiempo de lectura\" \/>\n\t<meta name=\"twitter:data1\" content=\"1 minuto\" \/>\n<script type=\"application\/ld+json\" class=\"yoast-schema-graph\">{\"@context\":\"https:\/\/schema.org\",\"@graph\":[{\"@type\":\"WebPage\",\"@id\":\"https:\/\/www.yoroow.com\/es\/detalle-del-producto\/fabrica-directa-de-laton-cocina-bano-desague-zanja-cuadrada-ranuras-galvanoplastia-anti-olor-desague-del-piso-levitacion-magnetica-hoteles\/\",\"url\":\"https:\/\/www.yoroow.com\/es\/detalle-del-producto\/fabrica-directa-de-laton-cocina-bano-desague-zanja-cuadrada-ranuras-galvanoplastia-anti-olor-desague-del-piso-levitacion-magnetica-hoteles\/\",\"name\":\"Factory Direct Brass Kitchen Bathroom Drain Square Trench Slots Electroplated Anti-Odor Floor Drain Magnetic Levitation Hotels - YOROOW\",\"isPartOf\":{\"@id\":\"https:\/\/www.yoroow.com\/es\/#website\"},\"primaryImageOfPage\":{\"@id\":\"https:\/\/www.yoroow.com\/es\/detalle-del-producto\/fabrica-directa-de-laton-cocina-bano-desague-zanja-cuadrada-ranuras-galvanoplastia-anti-olor-desague-del-piso-levitacion-magnetica-hoteles\/#primaryimage\"},\"image\":{\"@id\":\"https:\/\/www.yoroow.com\/es\/detalle-del-producto\/fabrica-directa-de-laton-cocina-bano-desague-zanja-cuadrada-ranuras-galvanoplastia-anti-olor-desague-del-piso-levitacion-magnetica-hoteles\/#primaryimage\"},\"thumbnailUrl\":\"https:\/\/www.yoroow.com\/wp-content\/uploads\/2025\/05\/\u7535\u9540\u5730\u6f0f-1.jpg\",\"datePublished\":\"2025-05-07T06:00:43+00:00\",\"dateModified\":\"2025-05-16T01:50:47+00:00\",\"description\":\"Factory direct brass kitchen and bathroom drain with square trench slots, electroplated anti-odor floor drain featuring magnetic levitation. Produced in China for commercial and residential customers in South America and Southeast Asia.\",\"breadcrumb\":{\"@id\":\"https:\/\/www.yoroow.com\/es\/detalle-del-producto\/fabrica-directa-de-laton-cocina-bano-desague-zanja-cuadrada-ranuras-galvanoplastia-anti-olor-desague-del-piso-levitacion-magnetica-hoteles\/#breadcrumb\"},\"inLanguage\":\"es\",\"potentialAction\":[{\"@type\":\"ReadAction\",\"target\":[\"https:\/\/www.yoroow.com\/es\/detalle-del-producto\/fabrica-directa-de-laton-cocina-bano-desague-zanja-cuadrada-ranuras-galvanoplastia-anti-olor-desague-del-piso-levitacion-magnetica-hoteles\/\"]}]},{\"@type\":\"ImageObject\",\"inLanguage\":\"es\",\"@id\":\"https:\/\/www.yoroow.com\/es\/detalle-del-producto\/fabrica-directa-de-laton-cocina-bano-desague-zanja-cuadrada-ranuras-galvanoplastia-anti-olor-desague-del-piso-levitacion-magnetica-hoteles\/#primaryimage\",\"url\":\"https:\/\/www.yoroow.com\/wp-content\/uploads\/2025\/05\/\u7535\u9540\u5730\u6f0f-1.jpg\",\"contentUrl\":\"https:\/\/www.yoroow.com\/wp-content\/uploads\/2025\/05\/\u7535\u9540\u5730\u6f0f-1.jpg\",\"width\":653,\"height\":653,\"caption\":\"Factory Direct Brass Kitchen Bathroom Drain Square Trench Slots Electroplated Anti-Odor Floor Drain Magnetic Levitation Hotels\"},{\"@type\":\"BreadcrumbList\",\"@id\":\"https:\/\/www.yoroow.com\/es\/detalle-del-producto\/fabrica-directa-de-laton-cocina-bano-desague-zanja-cuadrada-ranuras-galvanoplastia-anti-olor-desague-del-piso-levitacion-magnetica-hoteles\/#breadcrumb\",\"itemListElement\":[{\"@type\":\"ListItem\",\"position\":1,\"name\":\"home\",\"item\":\"https:\/\/www.yoroow.com\/\"},{\"@type\":\"ListItem\",\"position\":2,\"name\":\"Product\",\"item\":\"https:\/\/www.yoroow.com\/product\/\"},{\"@type\":\"ListItem\",\"position\":3,\"name\":\"Factory Direct Brass Kitchen Bathroom Drain Square Trench Slots Electroplated Anti-Odor Floor Drain Magnetic Levitation Hotels\"}]},{\"@type\":\"WebSite\",\"@id\":\"https:\/\/www.yoroow.com\/es\/#website\",\"url\":\"https:\/\/www.yoroow.com\/es\/\",\"name\":\"YOROOW\",\"description\":\"\",\"publisher\":{\"@id\":\"https:\/\/www.yoroow.com\/es\/#organization\"},\"potentialAction\":[{\"@type\":\"SearchAction\",\"target\":{\"@type\":\"EntryPoint\",\"urlTemplate\":\"https:\/\/www.yoroow.com\/es\/?s={search_term_string}\"},\"query-input\":{\"@type\":\"PropertyValueSpecification\",\"valueRequired\":true,\"valueName\":\"search_term_string\"}}],\"inLanguage\":\"es\"},{\"@type\":\"Organization\",\"@id\":\"https:\/\/www.yoroow.com\/es\/#organization\",\"name\":\"YOROOW\",\"url\":\"https:\/\/www.yoroow.com\/es\/\",\"logo\":{\"@type\":\"ImageObject\",\"inLanguage\":\"es\",\"@id\":\"https:\/\/www.yoroow.com\/es\/#\/schema\/logo\/image\/\",\"url\":\"https:\/\/www.yoroow.com\/wp-content\/uploads\/2024\/12\/2024123007131061.png\",\"contentUrl\":\"https:\/\/www.yoroow.com\/wp-content\/uploads\/2024\/12\/2024123007131061.png\",\"width\":168,\"height\":27,\"caption\":\"YOROOW\"},\"image\":{\"@id\":\"https:\/\/www.yoroow.com\/es\/#\/schema\/logo\/image\/\"},\"sameAs\":[\"https:\/\/www.facebook.com\/people\/yoroowfaucetfactory\/61564236752362\/\"]}]}<\/script>\n<!-- \/ Yoast SEO Premium plugin. -->","yoast_head_json":{"title":"Factory Direct Brass Kitchen Bathroom Drain Square Trench Slots Electroplated Anti-Odor Floor Drain Magnetic Levitation Hotels - YOROOW","description":"Factory direct brass kitchen and bathroom drain with square trench slots, electroplated anti-odor floor drain featuring magnetic levitation. Produced in China for commercial and residential customers in South America and Southeast Asia.","robots":{"index":"index","follow":"follow","max-snippet":"max-snippet:-1","max-image-preview":"max-image-preview:large","max-video-preview":"max-video-preview:-1"},"canonical":"https:\/\/www.yoroow.com\/es\/detalle-del-producto\/fabrica-directa-de-laton-cocina-bano-desague-zanja-cuadrada-ranuras-galvanoplastia-anti-olor-desague-del-piso-levitacion-magnetica-hoteles\/","og_locale":"es_ES","og_type":"article","og_title":"Factory Direct Brass Kitchen Bathroom Drain Square Trench Slots Electroplated Anti-Odor Floor Drain Magnetic Levitation Hotels","og_description":"Factory direct brass kitchen and bathroom drain with square trench slots, electroplated anti-odor floor drain featuring magnetic levitation. Produced in China for commercial and residential customers in South America and Southeast Asia.","og_url":"https:\/\/www.yoroow.com\/es\/detalle-del-producto\/fabrica-directa-de-laton-cocina-bano-desague-zanja-cuadrada-ranuras-galvanoplastia-anti-olor-desague-del-piso-levitacion-magnetica-hoteles\/","og_site_name":"YOROOW","article_publisher":"https:\/\/www.facebook.com\/people\/yoroowfaucetfactory\/61564236752362\/","article_modified_time":"2025-05-16T01:50:47+00:00","og_image":[{"width":653,"height":653,"url":"https:\/\/www.yoroow.com\/wp-content\/uploads\/2025\/05\/\u7535\u9540\u5730\u6f0f-1.jpg","type":"image\/jpeg"}],"twitter_card":"summary_large_image","twitter_misc":{"Tiempo de lectura":"1 minuto"},"schema":{"@context":"https:\/\/schema.org","@graph":[{"@type":"WebPage","@id":"https:\/\/www.yoroow.com\/es\/detalle-del-producto\/fabrica-directa-de-laton-cocina-bano-desague-zanja-cuadrada-ranuras-galvanoplastia-anti-olor-desague-del-piso-levitacion-magnetica-hoteles\/","url":"https:\/\/www.yoroow.com\/es\/detalle-del-producto\/fabrica-directa-de-laton-cocina-bano-desague-zanja-cuadrada-ranuras-galvanoplastia-anti-olor-desague-del-piso-levitacion-magnetica-hoteles\/","name":"Factory Direct Brass Kitchen Bathroom Drain Square Trench Slots Electroplated Anti-Odor Floor Drain Magnetic Levitation Hotels - YOROOW","isPartOf":{"@id":"https:\/\/www.yoroow.com\/es\/#website"},"primaryImageOfPage":{"@id":"https:\/\/www.yoroow.com\/es\/detalle-del-producto\/fabrica-directa-de-laton-cocina-bano-desague-zanja-cuadrada-ranuras-galvanoplastia-anti-olor-desague-del-piso-levitacion-magnetica-hoteles\/#primaryimage"},"image":{"@id":"https:\/\/www.yoroow.com\/es\/detalle-del-producto\/fabrica-directa-de-laton-cocina-bano-desague-zanja-cuadrada-ranuras-galvanoplastia-anti-olor-desague-del-piso-levitacion-magnetica-hoteles\/#primaryimage"},"thumbnailUrl":"https:\/\/www.yoroow.com\/wp-content\/uploads\/2025\/05\/\u7535\u9540\u5730\u6f0f-1.jpg","datePublished":"2025-05-07T06:00:43+00:00","dateModified":"2025-05-16T01:50:47+00:00","description":"Factory direct brass kitchen and bathroom drain with square trench slots, electroplated anti-odor floor drain featuring magnetic levitation. Produced in China for commercial and residential customers in South America and Southeast Asia.","breadcrumb":{"@id":"https:\/\/www.yoroow.com\/es\/detalle-del-producto\/fabrica-directa-de-laton-cocina-bano-desague-zanja-cuadrada-ranuras-galvanoplastia-anti-olor-desague-del-piso-levitacion-magnetica-hoteles\/#breadcrumb"},"inLanguage":"es","potentialAction":[{"@type":"ReadAction","target":["https:\/\/www.yoroow.com\/es\/detalle-del-producto\/fabrica-directa-de-laton-cocina-bano-desague-zanja-cuadrada-ranuras-galvanoplastia-anti-olor-desague-del-piso-levitacion-magnetica-hoteles\/"]}]},{"@type":"ImageObject","inLanguage":"es","@id":"https:\/\/www.yoroow.com\/es\/detalle-del-producto\/fabrica-directa-de-laton-cocina-bano-desague-zanja-cuadrada-ranuras-galvanoplastia-anti-olor-desague-del-piso-levitacion-magnetica-hoteles\/#primaryimage","url":"https:\/\/www.yoroow.com\/wp-content\/uploads\/2025\/05\/\u7535\u9540\u5730\u6f0f-1.jpg","contentUrl":"https:\/\/www.yoroow.com\/wp-content\/uploads\/2025\/05\/\u7535\u9540\u5730\u6f0f-1.jpg","width":653,"height":653,"caption":"Factory Direct Brass Kitchen Bathroom Drain Square Trench Slots Electroplated Anti-Odor Floor Drain Magnetic Levitation Hotels"},{"@type":"BreadcrumbList","@id":"https:\/\/www.yoroow.com\/es\/detalle-del-producto\/fabrica-directa-de-laton-cocina-bano-desague-zanja-cuadrada-ranuras-galvanoplastia-anti-olor-desague-del-piso-levitacion-magnetica-hoteles\/#breadcrumb","itemListElement":[{"@type":"ListItem","position":1,"name":"home","item":"https:\/\/www.yoroow.com\/"},{"@type":"ListItem","position":2,"name":"Product","item":"https:\/\/www.yoroow.com\/product\/"},{"@type":"ListItem","position":3,"name":"Factory Direct Brass Kitchen Bathroom Drain Square Trench Slots Electroplated Anti-Odor Floor Drain Magnetic Levitation Hotels"}]},{"@type":"WebSite","@id":"https:\/\/www.yoroow.com\/es\/#website","url":"https:\/\/www.yoroow.com\/es\/","name":"YOROOW","description":"","publisher":{"@id":"https:\/\/www.yoroow.com\/es\/#organization"},"potentialAction":[{"@type":"SearchAction","target":{"@type":"EntryPoint","urlTemplate":"https:\/\/www.yoroow.com\/es\/?s={search_term_string}"},"query-input":{"@type":"PropertyValueSpecification","valueRequired":true,"valueName":"search_term_string"}}],"inLanguage":"es"},{"@type":"Organization","@id":"https:\/\/www.yoroow.com\/es\/#organization","name":"YOROOW","url":"https:\/\/www.yoroow.com\/es\/","logo":{"@type":"ImageObject","inLanguage":"es","@id":"https:\/\/www.yoroow.com\/es\/#\/schema\/logo\/image\/","url":"https:\/\/www.yoroow.com\/wp-content\/uploads\/2024\/12\/2024123007131061.png","contentUrl":"https:\/\/www.yoroow.com\/wp-content\/uploads\/2024\/12\/2024123007131061.png","width":168,"height":27,"caption":"YOROOW"},"image":{"@id":"https:\/\/www.yoroow.com\/es\/#\/schema\/logo\/image\/"},"sameAs":["https:\/\/www.facebook.com\/people\/yoroowfaucetfactory\/61564236752362\/"]}]}},"_links":{"self":[{"href":"https:\/\/www.yoroow.com\/es\/wp-json\/wp\/v2\/product\/19413","targetHints":{"allow":["GET"]}}],"collection":[{"href":"https:\/\/www.yoroow.com\/es\/wp-json\/wp\/v2\/product"}],"about":[{"href":"https:\/\/www.yoroow.com\/es\/wp-json\/wp\/v2\/types\/product"}],"wp:featuredmedia":[{"embeddable":true,"href":"https:\/\/www.yoroow.com\/es\/wp-json\/wp\/v2\/media\/19416"}],"wp:attachment":[{"href":"https:\/\/www.yoroow.com\/es\/wp-json\/wp\/v2\/media?parent=19413"}],"wp:term":[{"taxonomy":"product_brand","embeddable":true,"href":"https:\/\/www.yoroow.com\/es\/wp-json\/wp\/v2\/product_brand?post=19413"},{"taxonomy":"product_cat","embeddable":true,"href":"https:\/\/www.yoroow.com\/es\/wp-json\/wp\/v2\/product_cat?post=19413"},{"taxonomy":"product_tag","embeddable":true,"href":"https:\/\/www.yoroow.com\/es\/wp-json\/wp\/v2\/product_tag?post=19413"}],"curies":[{"name":"wp","href":"https:\/\/api.w.org\/{rel}","templated":true}]}}