{"id":19381,"date":"2025-05-07T10:25:45","date_gmt":"2025-05-07T02:25:45","guid":{"rendered":"https:\/\/www.yoroow.com\/?post_type=product&#038;p=19381"},"modified":"2025-05-16T09:50:05","modified_gmt":"2025-05-16T01:50:05","slug":"moderna-manguera-de-ducha-de-cromo-durable-de-acero-inoxidable-ducha-de-mano-cuarto-de-bano-flexible-cabezal-de-ducha-abs-plastico-musulman-grifo-accesorio","status":"publish","type":"product","link":"https:\/\/www.yoroow.com\/es\/detalle-del-producto\/moderna-manguera-de-ducha-de-cromo-durable-de-acero-inoxidable-ducha-de-mano-cuarto-de-bano-flexible-cabezal-de-ducha-abs-plastico-musulman-grifo-accesorio\/","title":{"rendered":"Moderno Cromo Manguera de ducha Durable Acero Inoxidable Ducha de mano Ba\u00f1o Flexible Ducha ABS Pl\u00e1stico muslim Grifo Accesorio"},"content":{"rendered":"<p>Este moderno flexo de ducha cromado est\u00e1 fabricado en acero inoxidable resistente, combinado con un cabezal de teleducha de pl\u00e1stico ABS. Su flexibilidad y resistencia la hacen apta para varios cuartos de ba\u00f1o, incluidos los que responden a pr\u00e1cticas culturales espec\u00edficas. Los fabricantes chinos emplean materiales y m\u00e9todos de producci\u00f3n avanzados para garantizar la longevidad del producto. La combinaci\u00f3n de durabilidad, pertinencia cultural y asequibilidad lo sit\u00faa en una buena posici\u00f3n en los diversos mercados de Sudam\u00e9rica y el Sudeste Asi\u00e1tico.<\/p>","protected":false},"excerpt":{"rendered":"<p>This modern chrome shower hose is constructed from durable stainless steel, paired with an ABS plastic hand shower head. Its flexibility and strength make it suitable for various bathroom setups, including those catering to specific cultural practices. Chinese manufacturers employ advanced materials and production methods to ensure product longevity. The combination of durability, cultural relevance,\u2026<\/p>","protected":false},"featured_media":19383,"template":"","meta":{"_acf_changed":false,"_kad_post_transparent":"default","_kad_post_title":"","_kad_post_layout":"default","_kad_post_sidebar_id":"","_kad_post_content_style":"default","_kad_post_vertical_padding":"default","_kad_post_feature":"","_kad_post_feature_position":"","_kad_post_header":false,"_kad_post_footer":false},"product_brand":[],"product_cat":[121,7865],"product_tag":[3388,5239],"class_list":{"0":"post-19381","1":"product","2":"type-product","3":"status-publish","4":"has-post-thumbnail","6":"product_cat-shower-set","7":"product_cat-c-shower","8":"product_tag-modern-square-basin-faucet","9":"product_tag-plastic-abs-muslim-hand-shower-bidet-spray-shattaf","11":"first","12":"instock","13":"shipping-taxable","14":"purchasable","15":"product-type-variable","16":"wvs-archive-product-wrapper","17":"entry","18":"content-bg","19":"loop-entry"},"acf":[],"yoast_head":"<!-- This site is optimized with the Yoast SEO Premium plugin v25.4 (Yoast SEO v27.0) - https:\/\/yoast.com\/product\/yoast-seo-premium-wordpress\/ -->\n<title>Modern Chrome Shower Hose Durable Stainless Steel Hand Shower Bathroom Flexible Shower Head ABS Plastic muslim Faucet Accessory - YOROOW<\/title>\n<meta name=\"description\" content=\"Modern chrome shower hose made of durable stainless steel with flexible hand shower and ABS plastic. Ideal bathroom accessory manufactured in China for South American and Southeast Asian markets with strict quality standards.\" \/>\n<meta name=\"robots\" content=\"index, follow, max-snippet:-1, max-image-preview:large, max-video-preview:-1\" \/>\n<link rel=\"canonical\" href=\"https:\/\/www.yoroow.com\/es\/detalle-del-producto\/moderna-manguera-de-ducha-de-cromo-durable-de-acero-inoxidable-ducha-de-mano-cuarto-de-bano-flexible-cabezal-de-ducha-abs-plastico-musulman-grifo-accesorio\/\" \/>\n<meta property=\"og:locale\" content=\"es_ES\" \/>\n<meta property=\"og:type\" content=\"article\" \/>\n<meta property=\"og:title\" content=\"Modern Chrome Shower Hose Durable Stainless Steel Hand Shower Bathroom Flexible Shower Head ABS Plastic muslim Faucet Accessory\" \/>\n<meta property=\"og:description\" content=\"Modern chrome shower hose made of durable stainless steel with flexible hand shower and ABS plastic. Ideal bathroom accessory manufactured in China for South American and Southeast Asian markets with strict quality standards.\" \/>\n<meta property=\"og:url\" content=\"https:\/\/www.yoroow.com\/es\/detalle-del-producto\/moderna-manguera-de-ducha-de-cromo-durable-de-acero-inoxidable-ducha-de-mano-cuarto-de-bano-flexible-cabezal-de-ducha-abs-plastico-musulman-grifo-accesorio\/\" \/>\n<meta property=\"og:site_name\" content=\"YOROOW\" \/>\n<meta property=\"article:publisher\" content=\"https:\/\/www.facebook.com\/people\/yoroowfaucetfactory\/61564236752362\/\" \/>\n<meta property=\"article:modified_time\" content=\"2025-05-16T01:50:05+00:00\" \/>\n<meta property=\"og:image\" content=\"https:\/\/www.yoroow.com\/wp-content\/uploads\/2025\/05\/\u4e09\u4ef6\u5957.jpg\" \/>\n\t<meta property=\"og:image:width\" content=\"600\" \/>\n\t<meta property=\"og:image:height\" content=\"600\" \/>\n\t<meta property=\"og:image:type\" content=\"image\/jpeg\" \/>\n<meta name=\"twitter:card\" content=\"summary_large_image\" \/>\n<meta name=\"twitter:label1\" content=\"Tiempo de lectura\" \/>\n\t<meta name=\"twitter:data1\" content=\"1 minuto\" \/>\n<script type=\"application\/ld+json\" class=\"yoast-schema-graph\">{\"@context\":\"https:\/\/schema.org\",\"@graph\":[{\"@type\":\"WebPage\",\"@id\":\"https:\/\/www.yoroow.com\/es\/detalle-del-producto\/moderna-manguera-de-ducha-de-cromo-durable-de-acero-inoxidable-ducha-de-mano-cuarto-de-bano-flexible-cabezal-de-ducha-abs-plastico-musulman-grifo-accesorio\/\",\"url\":\"https:\/\/www.yoroow.com\/es\/detalle-del-producto\/moderna-manguera-de-ducha-de-cromo-durable-de-acero-inoxidable-ducha-de-mano-cuarto-de-bano-flexible-cabezal-de-ducha-abs-plastico-musulman-grifo-accesorio\/\",\"name\":\"Modern Chrome Shower Hose Durable Stainless Steel Hand Shower Bathroom Flexible Shower Head ABS Plastic muslim Faucet Accessory - YOROOW\",\"isPartOf\":{\"@id\":\"https:\/\/www.yoroow.com\/es\/#website\"},\"primaryImageOfPage\":{\"@id\":\"https:\/\/www.yoroow.com\/es\/detalle-del-producto\/moderna-manguera-de-ducha-de-cromo-durable-de-acero-inoxidable-ducha-de-mano-cuarto-de-bano-flexible-cabezal-de-ducha-abs-plastico-musulman-grifo-accesorio\/#primaryimage\"},\"image\":{\"@id\":\"https:\/\/www.yoroow.com\/es\/detalle-del-producto\/moderna-manguera-de-ducha-de-cromo-durable-de-acero-inoxidable-ducha-de-mano-cuarto-de-bano-flexible-cabezal-de-ducha-abs-plastico-musulman-grifo-accesorio\/#primaryimage\"},\"thumbnailUrl\":\"https:\/\/www.yoroow.com\/wp-content\/uploads\/2025\/05\/\u4e09\u4ef6\u5957.jpg\",\"datePublished\":\"2025-05-07T02:25:45+00:00\",\"dateModified\":\"2025-05-16T01:50:05+00:00\",\"description\":\"Modern chrome shower hose made of durable stainless steel with flexible hand shower and ABS plastic. Ideal bathroom accessory manufactured in China for South American and Southeast Asian markets with strict quality standards.\",\"breadcrumb\":{\"@id\":\"https:\/\/www.yoroow.com\/es\/detalle-del-producto\/moderna-manguera-de-ducha-de-cromo-durable-de-acero-inoxidable-ducha-de-mano-cuarto-de-bano-flexible-cabezal-de-ducha-abs-plastico-musulman-grifo-accesorio\/#breadcrumb\"},\"inLanguage\":\"es\",\"potentialAction\":[{\"@type\":\"ReadAction\",\"target\":[\"https:\/\/www.yoroow.com\/es\/detalle-del-producto\/moderna-manguera-de-ducha-de-cromo-durable-de-acero-inoxidable-ducha-de-mano-cuarto-de-bano-flexible-cabezal-de-ducha-abs-plastico-musulman-grifo-accesorio\/\"]}]},{\"@type\":\"ImageObject\",\"inLanguage\":\"es\",\"@id\":\"https:\/\/www.yoroow.com\/es\/detalle-del-producto\/moderna-manguera-de-ducha-de-cromo-durable-de-acero-inoxidable-ducha-de-mano-cuarto-de-bano-flexible-cabezal-de-ducha-abs-plastico-musulman-grifo-accesorio\/#primaryimage\",\"url\":\"https:\/\/www.yoroow.com\/wp-content\/uploads\/2025\/05\/\u4e09\u4ef6\u5957.jpg\",\"contentUrl\":\"https:\/\/www.yoroow.com\/wp-content\/uploads\/2025\/05\/\u4e09\u4ef6\u5957.jpg\",\"width\":600,\"height\":600,\"caption\":\"Modern Chrome Shower Hose Durable Stainless Steel Hand Shower Bathroom Flexible Shower Head ABS Plastic muslim Faucet Accessory\"},{\"@type\":\"BreadcrumbList\",\"@id\":\"https:\/\/www.yoroow.com\/es\/detalle-del-producto\/moderna-manguera-de-ducha-de-cromo-durable-de-acero-inoxidable-ducha-de-mano-cuarto-de-bano-flexible-cabezal-de-ducha-abs-plastico-musulman-grifo-accesorio\/#breadcrumb\",\"itemListElement\":[{\"@type\":\"ListItem\",\"position\":1,\"name\":\"home\",\"item\":\"https:\/\/www.yoroow.com\/\"},{\"@type\":\"ListItem\",\"position\":2,\"name\":\"Product\",\"item\":\"https:\/\/www.yoroow.com\/product\/\"},{\"@type\":\"ListItem\",\"position\":3,\"name\":\"Modern Chrome Shower Hose Durable Stainless Steel Hand Shower Bathroom Flexible Shower Head ABS Plastic muslim Faucet Accessory\"}]},{\"@type\":\"WebSite\",\"@id\":\"https:\/\/www.yoroow.com\/es\/#website\",\"url\":\"https:\/\/www.yoroow.com\/es\/\",\"name\":\"YOROOW\",\"description\":\"\",\"publisher\":{\"@id\":\"https:\/\/www.yoroow.com\/es\/#organization\"},\"potentialAction\":[{\"@type\":\"SearchAction\",\"target\":{\"@type\":\"EntryPoint\",\"urlTemplate\":\"https:\/\/www.yoroow.com\/es\/?s={search_term_string}\"},\"query-input\":{\"@type\":\"PropertyValueSpecification\",\"valueRequired\":true,\"valueName\":\"search_term_string\"}}],\"inLanguage\":\"es\"},{\"@type\":\"Organization\",\"@id\":\"https:\/\/www.yoroow.com\/es\/#organization\",\"name\":\"YOROOW\",\"url\":\"https:\/\/www.yoroow.com\/es\/\",\"logo\":{\"@type\":\"ImageObject\",\"inLanguage\":\"es\",\"@id\":\"https:\/\/www.yoroow.com\/es\/#\/schema\/logo\/image\/\",\"url\":\"https:\/\/www.yoroow.com\/wp-content\/uploads\/2024\/12\/2024123007131061.png\",\"contentUrl\":\"https:\/\/www.yoroow.com\/wp-content\/uploads\/2024\/12\/2024123007131061.png\",\"width\":168,\"height\":27,\"caption\":\"YOROOW\"},\"image\":{\"@id\":\"https:\/\/www.yoroow.com\/es\/#\/schema\/logo\/image\/\"},\"sameAs\":[\"https:\/\/www.facebook.com\/people\/yoroowfaucetfactory\/61564236752362\/\"]}]}<\/script>\n<!-- \/ Yoast SEO Premium plugin. -->","yoast_head_json":{"title":"Modern Chrome Shower Hose Durable Stainless Steel Hand Shower Bathroom Flexible Shower Head ABS Plastic muslim Faucet Accessory - YOROOW","description":"Modern chrome shower hose made of durable stainless steel with flexible hand shower and ABS plastic. Ideal bathroom accessory manufactured in China for South American and Southeast Asian markets with strict quality standards.","robots":{"index":"index","follow":"follow","max-snippet":"max-snippet:-1","max-image-preview":"max-image-preview:large","max-video-preview":"max-video-preview:-1"},"canonical":"https:\/\/www.yoroow.com\/es\/detalle-del-producto\/moderna-manguera-de-ducha-de-cromo-durable-de-acero-inoxidable-ducha-de-mano-cuarto-de-bano-flexible-cabezal-de-ducha-abs-plastico-musulman-grifo-accesorio\/","og_locale":"es_ES","og_type":"article","og_title":"Modern Chrome Shower Hose Durable Stainless Steel Hand Shower Bathroom Flexible Shower Head ABS Plastic muslim Faucet Accessory","og_description":"Modern chrome shower hose made of durable stainless steel with flexible hand shower and ABS plastic. Ideal bathroom accessory manufactured in China for South American and Southeast Asian markets with strict quality standards.","og_url":"https:\/\/www.yoroow.com\/es\/detalle-del-producto\/moderna-manguera-de-ducha-de-cromo-durable-de-acero-inoxidable-ducha-de-mano-cuarto-de-bano-flexible-cabezal-de-ducha-abs-plastico-musulman-grifo-accesorio\/","og_site_name":"YOROOW","article_publisher":"https:\/\/www.facebook.com\/people\/yoroowfaucetfactory\/61564236752362\/","article_modified_time":"2025-05-16T01:50:05+00:00","og_image":[{"width":600,"height":600,"url":"https:\/\/www.yoroow.com\/wp-content\/uploads\/2025\/05\/\u4e09\u4ef6\u5957.jpg","type":"image\/jpeg"}],"twitter_card":"summary_large_image","twitter_misc":{"Tiempo de lectura":"1 minuto"},"schema":{"@context":"https:\/\/schema.org","@graph":[{"@type":"WebPage","@id":"https:\/\/www.yoroow.com\/es\/detalle-del-producto\/moderna-manguera-de-ducha-de-cromo-durable-de-acero-inoxidable-ducha-de-mano-cuarto-de-bano-flexible-cabezal-de-ducha-abs-plastico-musulman-grifo-accesorio\/","url":"https:\/\/www.yoroow.com\/es\/detalle-del-producto\/moderna-manguera-de-ducha-de-cromo-durable-de-acero-inoxidable-ducha-de-mano-cuarto-de-bano-flexible-cabezal-de-ducha-abs-plastico-musulman-grifo-accesorio\/","name":"Modern Chrome Shower Hose Durable Stainless Steel Hand Shower Bathroom Flexible Shower Head ABS Plastic muslim Faucet Accessory - YOROOW","isPartOf":{"@id":"https:\/\/www.yoroow.com\/es\/#website"},"primaryImageOfPage":{"@id":"https:\/\/www.yoroow.com\/es\/detalle-del-producto\/moderna-manguera-de-ducha-de-cromo-durable-de-acero-inoxidable-ducha-de-mano-cuarto-de-bano-flexible-cabezal-de-ducha-abs-plastico-musulman-grifo-accesorio\/#primaryimage"},"image":{"@id":"https:\/\/www.yoroow.com\/es\/detalle-del-producto\/moderna-manguera-de-ducha-de-cromo-durable-de-acero-inoxidable-ducha-de-mano-cuarto-de-bano-flexible-cabezal-de-ducha-abs-plastico-musulman-grifo-accesorio\/#primaryimage"},"thumbnailUrl":"https:\/\/www.yoroow.com\/wp-content\/uploads\/2025\/05\/\u4e09\u4ef6\u5957.jpg","datePublished":"2025-05-07T02:25:45+00:00","dateModified":"2025-05-16T01:50:05+00:00","description":"Modern chrome shower hose made of durable stainless steel with flexible hand shower and ABS plastic. Ideal bathroom accessory manufactured in China for South American and Southeast Asian markets with strict quality standards.","breadcrumb":{"@id":"https:\/\/www.yoroow.com\/es\/detalle-del-producto\/moderna-manguera-de-ducha-de-cromo-durable-de-acero-inoxidable-ducha-de-mano-cuarto-de-bano-flexible-cabezal-de-ducha-abs-plastico-musulman-grifo-accesorio\/#breadcrumb"},"inLanguage":"es","potentialAction":[{"@type":"ReadAction","target":["https:\/\/www.yoroow.com\/es\/detalle-del-producto\/moderna-manguera-de-ducha-de-cromo-durable-de-acero-inoxidable-ducha-de-mano-cuarto-de-bano-flexible-cabezal-de-ducha-abs-plastico-musulman-grifo-accesorio\/"]}]},{"@type":"ImageObject","inLanguage":"es","@id":"https:\/\/www.yoroow.com\/es\/detalle-del-producto\/moderna-manguera-de-ducha-de-cromo-durable-de-acero-inoxidable-ducha-de-mano-cuarto-de-bano-flexible-cabezal-de-ducha-abs-plastico-musulman-grifo-accesorio\/#primaryimage","url":"https:\/\/www.yoroow.com\/wp-content\/uploads\/2025\/05\/\u4e09\u4ef6\u5957.jpg","contentUrl":"https:\/\/www.yoroow.com\/wp-content\/uploads\/2025\/05\/\u4e09\u4ef6\u5957.jpg","width":600,"height":600,"caption":"Modern Chrome Shower Hose Durable Stainless Steel Hand Shower Bathroom Flexible Shower Head ABS Plastic muslim Faucet Accessory"},{"@type":"BreadcrumbList","@id":"https:\/\/www.yoroow.com\/es\/detalle-del-producto\/moderna-manguera-de-ducha-de-cromo-durable-de-acero-inoxidable-ducha-de-mano-cuarto-de-bano-flexible-cabezal-de-ducha-abs-plastico-musulman-grifo-accesorio\/#breadcrumb","itemListElement":[{"@type":"ListItem","position":1,"name":"home","item":"https:\/\/www.yoroow.com\/"},{"@type":"ListItem","position":2,"name":"Product","item":"https:\/\/www.yoroow.com\/product\/"},{"@type":"ListItem","position":3,"name":"Modern Chrome Shower Hose Durable Stainless Steel Hand Shower Bathroom Flexible Shower Head ABS Plastic muslim Faucet Accessory"}]},{"@type":"WebSite","@id":"https:\/\/www.yoroow.com\/es\/#website","url":"https:\/\/www.yoroow.com\/es\/","name":"YOROOW","description":"","publisher":{"@id":"https:\/\/www.yoroow.com\/es\/#organization"},"potentialAction":[{"@type":"SearchAction","target":{"@type":"EntryPoint","urlTemplate":"https:\/\/www.yoroow.com\/es\/?s={search_term_string}"},"query-input":{"@type":"PropertyValueSpecification","valueRequired":true,"valueName":"search_term_string"}}],"inLanguage":"es"},{"@type":"Organization","@id":"https:\/\/www.yoroow.com\/es\/#organization","name":"YOROOW","url":"https:\/\/www.yoroow.com\/es\/","logo":{"@type":"ImageObject","inLanguage":"es","@id":"https:\/\/www.yoroow.com\/es\/#\/schema\/logo\/image\/","url":"https:\/\/www.yoroow.com\/wp-content\/uploads\/2024\/12\/2024123007131061.png","contentUrl":"https:\/\/www.yoroow.com\/wp-content\/uploads\/2024\/12\/2024123007131061.png","width":168,"height":27,"caption":"YOROOW"},"image":{"@id":"https:\/\/www.yoroow.com\/es\/#\/schema\/logo\/image\/"},"sameAs":["https:\/\/www.facebook.com\/people\/yoroowfaucetfactory\/61564236752362\/"]}]}},"_links":{"self":[{"href":"https:\/\/www.yoroow.com\/es\/wp-json\/wp\/v2\/product\/19381","targetHints":{"allow":["GET"]}}],"collection":[{"href":"https:\/\/www.yoroow.com\/es\/wp-json\/wp\/v2\/product"}],"about":[{"href":"https:\/\/www.yoroow.com\/es\/wp-json\/wp\/v2\/types\/product"}],"wp:featuredmedia":[{"embeddable":true,"href":"https:\/\/www.yoroow.com\/es\/wp-json\/wp\/v2\/media\/19383"}],"wp:attachment":[{"href":"https:\/\/www.yoroow.com\/es\/wp-json\/wp\/v2\/media?parent=19381"}],"wp:term":[{"taxonomy":"product_brand","embeddable":true,"href":"https:\/\/www.yoroow.com\/es\/wp-json\/wp\/v2\/product_brand?post=19381"},{"taxonomy":"product_cat","embeddable":true,"href":"https:\/\/www.yoroow.com\/es\/wp-json\/wp\/v2\/product_cat?post=19381"},{"taxonomy":"product_tag","embeddable":true,"href":"https:\/\/www.yoroow.com\/es\/wp-json\/wp\/v2\/product_tag?post=19381"}],"curies":[{"name":"wp","href":"https:\/\/api.w.org\/{rel}","templated":true}]}}