{"id":18596,"date":"2025-04-15T16:36:41","date_gmt":"2025-04-15T08:36:41","guid":{"rendered":"https:\/\/www.yoroow.com\/?post_type=product&#038;p=18596"},"modified":"2025-05-16T09:49:53","modified_gmt":"2025-05-16T01:49:53","slug":"salida-de-fabrica-instalacion-oculta-salida-doble-grifo-de-ducha-colgante-de-pared-cascada-modo-bano-ducha-grifos","status":"publish","type":"product","link":"https:\/\/www.yoroow.com\/es\/detalle-del-producto\/salida-de-fabrica-instalacion-oculta-salida-doble-grifo-de-ducha-colgante-de-pared-cascada-modo-bano-ducha-grifos\/","title":{"rendered":"Lujo personalizado ba\u00f1o ducha grifos instalaci\u00f3n oculta doble salida cascada modo de salida de f\u00e1brica de zinc grifo de lat\u00f3n para la pared"},"content":{"rendered":"<p>Este lujoso conjunto de grifer\u00eda de ducha para ba\u00f1era ofrece una instalaci\u00f3n oculta con salidas dobles, incluido un modo de cascada para una experiencia similar a la de un spa. Fabricado con una combinaci\u00f3n de zinc y lat\u00f3n, garantiza durabilidad y un acabado de primera calidad. Las f\u00e1bricas chinas est\u00e1n especializadas en producir con precisi\u00f3n accesorios tan complejos, atendiendo a requisitos de dise\u00f1o personalizados. Sus lujosas caracter\u00edsticas y su precio competitivo la convierten en una opci\u00f3n atractiva para proyectos de cuartos de ba\u00f1o de lujo en Sudam\u00e9rica y el sudeste asi\u00e1tico, donde hay una demanda creciente de soluciones de ba\u00f1o de gama alta pero asequibles.<\/p>","protected":false},"excerpt":{"rendered":"<p>Este lujoso conjunto de grifer\u00eda de ducha para ba\u00f1era ofrece una instalaci\u00f3n oculta con salidas dobles, incluido un modo de cascada para una experiencia similar a la de un spa. Fabricado con una combinaci\u00f3n de zinc y lat\u00f3n, garantiza durabilidad y un acabado de primera calidad. Las f\u00e1bricas chinas est\u00e1n especializadas en producir con precisi\u00f3n accesorios tan complejos, atendiendo a requisitos de dise\u00f1o personalizados. Las lujosas caracter\u00edsticas y...<\/p>","protected":false},"featured_media":18598,"template":"","meta":{"_acf_changed":false,"_kad_post_transparent":"default","_kad_post_title":"","_kad_post_layout":"default","_kad_post_sidebar_id":"","_kad_post_content_style":"default","_kad_post_vertical_padding":"default","_kad_post_feature":"","_kad_post_feature_position":"","_kad_post_header":false,"_kad_post_footer":false},"product_brand":[],"product_cat":[122],"product_tag":[6343,6580],"class_list":{"0":"post-18596","1":"product","2":"type-product","3":"status-publish","4":"has-post-thumbnail","6":"product_cat-bathshower-faucet","7":"product_tag-brass-faucet-and-shower","8":"product_tag-luxury-custom-bath-faucet","10":"first","11":"instock","12":"shipping-taxable","13":"purchasable","14":"product-type-variable","15":"wvs-archive-product-wrapper","16":"entry","17":"content-bg","18":"loop-entry"},"acf":[],"yoast_head":"<!-- This site is optimized with the Yoast SEO Premium plugin v25.4 (Yoast SEO v27.0) - https:\/\/yoast.com\/product\/yoast-seo-premium-wordpress\/ -->\n<title>Luxury Custom Bath Shower Faucets Concealed Installation Double Outlet Waterfall Mode Factory Outlet Zinc Brass Faucet for Wall - YOROOW<\/title>\n<meta name=\"description\" content=\"Luxury custom bath shower faucet with concealed installation and double outlet waterfall mode, made of zinc brass. Factory direct sales from China ensure competitive pricing and quality, targeting South America and Southeast Asia customers.\" \/>\n<meta name=\"robots\" content=\"index, follow, max-snippet:-1, max-image-preview:large, max-video-preview:-1\" \/>\n<link rel=\"canonical\" href=\"https:\/\/www.yoroow.com\/es\/detalle-del-producto\/salida-de-fabrica-instalacion-oculta-salida-doble-grifo-de-ducha-colgante-de-pared-cascada-modo-bano-ducha-grifos\/\" \/>\n<meta property=\"og:locale\" content=\"es_ES\" \/>\n<meta property=\"og:type\" content=\"article\" \/>\n<meta property=\"og:title\" content=\"Luxury Custom Bath Shower Faucets Concealed Installation Double Outlet Waterfall Mode Factory Outlet Zinc Brass Faucet for Wall\" \/>\n<meta property=\"og:description\" content=\"Luxury custom bath shower faucet with concealed installation and double outlet waterfall mode, made of zinc brass. Factory direct sales from China ensure competitive pricing and quality, targeting South America and Southeast Asia customers.\" \/>\n<meta property=\"og:url\" content=\"https:\/\/www.yoroow.com\/es\/detalle-del-producto\/salida-de-fabrica-instalacion-oculta-salida-doble-grifo-de-ducha-colgante-de-pared-cascada-modo-bano-ducha-grifos\/\" \/>\n<meta property=\"og:site_name\" content=\"YOROOW\" \/>\n<meta property=\"article:publisher\" content=\"https:\/\/www.facebook.com\/people\/yoroowfaucetfactory\/61564236752362\/\" \/>\n<meta property=\"article:modified_time\" content=\"2025-05-16T01:49:53+00:00\" \/>\n<meta property=\"og:image\" content=\"https:\/\/www.yoroow.com\/wp-content\/uploads\/2025\/04\/1-1-1.jpg\" \/>\n\t<meta property=\"og:image:width\" content=\"1600\" \/>\n\t<meta property=\"og:image:height\" content=\"1600\" \/>\n\t<meta property=\"og:image:type\" content=\"image\/jpeg\" \/>\n<meta name=\"twitter:card\" content=\"summary_large_image\" \/>\n<meta name=\"twitter:label1\" content=\"Tiempo de lectura\" \/>\n\t<meta name=\"twitter:data1\" content=\"1 minuto\" \/>\n<script type=\"application\/ld+json\" class=\"yoast-schema-graph\">{\"@context\":\"https:\/\/schema.org\",\"@graph\":[{\"@type\":\"WebPage\",\"@id\":\"https:\/\/www.yoroow.com\/es\/detalle-del-producto\/salida-de-fabrica-instalacion-oculta-salida-doble-grifo-de-ducha-colgante-de-pared-cascada-modo-bano-ducha-grifos\/\",\"url\":\"https:\/\/www.yoroow.com\/es\/detalle-del-producto\/salida-de-fabrica-instalacion-oculta-salida-doble-grifo-de-ducha-colgante-de-pared-cascada-modo-bano-ducha-grifos\/\",\"name\":\"Luxury Custom Bath Shower Faucets Concealed Installation Double Outlet Waterfall Mode Factory Outlet Zinc Brass Faucet for Wall - YOROOW\",\"isPartOf\":{\"@id\":\"https:\/\/www.yoroow.com\/es\/#website\"},\"primaryImageOfPage\":{\"@id\":\"https:\/\/www.yoroow.com\/es\/detalle-del-producto\/salida-de-fabrica-instalacion-oculta-salida-doble-grifo-de-ducha-colgante-de-pared-cascada-modo-bano-ducha-grifos\/#primaryimage\"},\"image\":{\"@id\":\"https:\/\/www.yoroow.com\/es\/detalle-del-producto\/salida-de-fabrica-instalacion-oculta-salida-doble-grifo-de-ducha-colgante-de-pared-cascada-modo-bano-ducha-grifos\/#primaryimage\"},\"thumbnailUrl\":\"https:\/\/www.yoroow.com\/wp-content\/uploads\/2025\/04\/1-1-1.jpg\",\"datePublished\":\"2025-04-15T08:36:41+00:00\",\"dateModified\":\"2025-05-16T01:49:53+00:00\",\"description\":\"Luxury custom bath shower faucet with concealed installation and double outlet waterfall mode, made of zinc brass. Factory direct sales from China ensure competitive pricing and quality, targeting South America and Southeast Asia customers.\",\"breadcrumb\":{\"@id\":\"https:\/\/www.yoroow.com\/es\/detalle-del-producto\/salida-de-fabrica-instalacion-oculta-salida-doble-grifo-de-ducha-colgante-de-pared-cascada-modo-bano-ducha-grifos\/#breadcrumb\"},\"inLanguage\":\"es\",\"potentialAction\":[{\"@type\":\"ReadAction\",\"target\":[\"https:\/\/www.yoroow.com\/es\/detalle-del-producto\/salida-de-fabrica-instalacion-oculta-salida-doble-grifo-de-ducha-colgante-de-pared-cascada-modo-bano-ducha-grifos\/\"]}]},{\"@type\":\"ImageObject\",\"inLanguage\":\"es\",\"@id\":\"https:\/\/www.yoroow.com\/es\/detalle-del-producto\/salida-de-fabrica-instalacion-oculta-salida-doble-grifo-de-ducha-colgante-de-pared-cascada-modo-bano-ducha-grifos\/#primaryimage\",\"url\":\"https:\/\/www.yoroow.com\/wp-content\/uploads\/2025\/04\/1-1-1.jpg\",\"contentUrl\":\"https:\/\/www.yoroow.com\/wp-content\/uploads\/2025\/04\/1-1-1.jpg\",\"width\":1600,\"height\":1600,\"caption\":\"Modern Single-Handle Copper Shower Wall Mounted Faucet Elegant Design Bath Shower Basin Sink Mixer Tap Trending Alloy Ceramic Valve Shower\"},{\"@type\":\"BreadcrumbList\",\"@id\":\"https:\/\/www.yoroow.com\/es\/detalle-del-producto\/salida-de-fabrica-instalacion-oculta-salida-doble-grifo-de-ducha-colgante-de-pared-cascada-modo-bano-ducha-grifos\/#breadcrumb\",\"itemListElement\":[{\"@type\":\"ListItem\",\"position\":1,\"name\":\"home\",\"item\":\"https:\/\/www.yoroow.com\/\"},{\"@type\":\"ListItem\",\"position\":2,\"name\":\"Product\",\"item\":\"https:\/\/www.yoroow.com\/product\/\"},{\"@type\":\"ListItem\",\"position\":3,\"name\":\"Luxury Custom Bath Shower Faucets Concealed Installation Double Outlet Waterfall Mode Factory Outlet Zinc Brass Faucet for Wall\"}]},{\"@type\":\"WebSite\",\"@id\":\"https:\/\/www.yoroow.com\/es\/#website\",\"url\":\"https:\/\/www.yoroow.com\/es\/\",\"name\":\"YOROOW\",\"description\":\"\",\"publisher\":{\"@id\":\"https:\/\/www.yoroow.com\/es\/#organization\"},\"potentialAction\":[{\"@type\":\"SearchAction\",\"target\":{\"@type\":\"EntryPoint\",\"urlTemplate\":\"https:\/\/www.yoroow.com\/es\/?s={search_term_string}\"},\"query-input\":{\"@type\":\"PropertyValueSpecification\",\"valueRequired\":true,\"valueName\":\"search_term_string\"}}],\"inLanguage\":\"es\"},{\"@type\":\"Organization\",\"@id\":\"https:\/\/www.yoroow.com\/es\/#organization\",\"name\":\"YOROOW\",\"url\":\"https:\/\/www.yoroow.com\/es\/\",\"logo\":{\"@type\":\"ImageObject\",\"inLanguage\":\"es\",\"@id\":\"https:\/\/www.yoroow.com\/es\/#\/schema\/logo\/image\/\",\"url\":\"https:\/\/www.yoroow.com\/wp-content\/uploads\/2024\/12\/2024123007131061.png\",\"contentUrl\":\"https:\/\/www.yoroow.com\/wp-content\/uploads\/2024\/12\/2024123007131061.png\",\"width\":168,\"height\":27,\"caption\":\"YOROOW\"},\"image\":{\"@id\":\"https:\/\/www.yoroow.com\/es\/#\/schema\/logo\/image\/\"},\"sameAs\":[\"https:\/\/www.facebook.com\/people\/yoroowfaucetfactory\/61564236752362\/\"]}]}<\/script>\n<!-- \/ Yoast SEO Premium plugin. -->","yoast_head_json":{"title":"Luxury Custom Bath Shower Faucets Concealed Installation Double Outlet Waterfall Mode Factory Outlet Zinc Brass Faucet for Wall - YOROOW","description":"Luxury custom bath shower faucet with concealed installation and double outlet waterfall mode, made of zinc brass. Factory direct sales from China ensure competitive pricing and quality, targeting South America and Southeast Asia customers.","robots":{"index":"index","follow":"follow","max-snippet":"max-snippet:-1","max-image-preview":"max-image-preview:large","max-video-preview":"max-video-preview:-1"},"canonical":"https:\/\/www.yoroow.com\/es\/detalle-del-producto\/salida-de-fabrica-instalacion-oculta-salida-doble-grifo-de-ducha-colgante-de-pared-cascada-modo-bano-ducha-grifos\/","og_locale":"es_ES","og_type":"article","og_title":"Luxury Custom Bath Shower Faucets Concealed Installation Double Outlet Waterfall Mode Factory Outlet Zinc Brass Faucet for Wall","og_description":"Luxury custom bath shower faucet with concealed installation and double outlet waterfall mode, made of zinc brass. Factory direct sales from China ensure competitive pricing and quality, targeting South America and Southeast Asia customers.","og_url":"https:\/\/www.yoroow.com\/es\/detalle-del-producto\/salida-de-fabrica-instalacion-oculta-salida-doble-grifo-de-ducha-colgante-de-pared-cascada-modo-bano-ducha-grifos\/","og_site_name":"YOROOW","article_publisher":"https:\/\/www.facebook.com\/people\/yoroowfaucetfactory\/61564236752362\/","article_modified_time":"2025-05-16T01:49:53+00:00","og_image":[{"width":1600,"height":1600,"url":"https:\/\/www.yoroow.com\/wp-content\/uploads\/2025\/04\/1-1-1.jpg","type":"image\/jpeg"}],"twitter_card":"summary_large_image","twitter_misc":{"Tiempo de lectura":"1 minuto"},"schema":{"@context":"https:\/\/schema.org","@graph":[{"@type":"WebPage","@id":"https:\/\/www.yoroow.com\/es\/detalle-del-producto\/salida-de-fabrica-instalacion-oculta-salida-doble-grifo-de-ducha-colgante-de-pared-cascada-modo-bano-ducha-grifos\/","url":"https:\/\/www.yoroow.com\/es\/detalle-del-producto\/salida-de-fabrica-instalacion-oculta-salida-doble-grifo-de-ducha-colgante-de-pared-cascada-modo-bano-ducha-grifos\/","name":"Luxury Custom Bath Shower Faucets Concealed Installation Double Outlet Waterfall Mode Factory Outlet Zinc Brass Faucet for Wall - YOROOW","isPartOf":{"@id":"https:\/\/www.yoroow.com\/es\/#website"},"primaryImageOfPage":{"@id":"https:\/\/www.yoroow.com\/es\/detalle-del-producto\/salida-de-fabrica-instalacion-oculta-salida-doble-grifo-de-ducha-colgante-de-pared-cascada-modo-bano-ducha-grifos\/#primaryimage"},"image":{"@id":"https:\/\/www.yoroow.com\/es\/detalle-del-producto\/salida-de-fabrica-instalacion-oculta-salida-doble-grifo-de-ducha-colgante-de-pared-cascada-modo-bano-ducha-grifos\/#primaryimage"},"thumbnailUrl":"https:\/\/www.yoroow.com\/wp-content\/uploads\/2025\/04\/1-1-1.jpg","datePublished":"2025-04-15T08:36:41+00:00","dateModified":"2025-05-16T01:49:53+00:00","description":"Luxury custom bath shower faucet with concealed installation and double outlet waterfall mode, made of zinc brass. Factory direct sales from China ensure competitive pricing and quality, targeting South America and Southeast Asia customers.","breadcrumb":{"@id":"https:\/\/www.yoroow.com\/es\/detalle-del-producto\/salida-de-fabrica-instalacion-oculta-salida-doble-grifo-de-ducha-colgante-de-pared-cascada-modo-bano-ducha-grifos\/#breadcrumb"},"inLanguage":"es","potentialAction":[{"@type":"ReadAction","target":["https:\/\/www.yoroow.com\/es\/detalle-del-producto\/salida-de-fabrica-instalacion-oculta-salida-doble-grifo-de-ducha-colgante-de-pared-cascada-modo-bano-ducha-grifos\/"]}]},{"@type":"ImageObject","inLanguage":"es","@id":"https:\/\/www.yoroow.com\/es\/detalle-del-producto\/salida-de-fabrica-instalacion-oculta-salida-doble-grifo-de-ducha-colgante-de-pared-cascada-modo-bano-ducha-grifos\/#primaryimage","url":"https:\/\/www.yoroow.com\/wp-content\/uploads\/2025\/04\/1-1-1.jpg","contentUrl":"https:\/\/www.yoroow.com\/wp-content\/uploads\/2025\/04\/1-1-1.jpg","width":1600,"height":1600,"caption":"Modern Single-Handle Copper Shower Wall Mounted Faucet Elegant Design Bath Shower Basin Sink Mixer Tap Trending Alloy Ceramic Valve Shower"},{"@type":"BreadcrumbList","@id":"https:\/\/www.yoroow.com\/es\/detalle-del-producto\/salida-de-fabrica-instalacion-oculta-salida-doble-grifo-de-ducha-colgante-de-pared-cascada-modo-bano-ducha-grifos\/#breadcrumb","itemListElement":[{"@type":"ListItem","position":1,"name":"home","item":"https:\/\/www.yoroow.com\/"},{"@type":"ListItem","position":2,"name":"Product","item":"https:\/\/www.yoroow.com\/product\/"},{"@type":"ListItem","position":3,"name":"Luxury Custom Bath Shower Faucets Concealed Installation Double Outlet Waterfall Mode Factory Outlet Zinc Brass Faucet for Wall"}]},{"@type":"WebSite","@id":"https:\/\/www.yoroow.com\/es\/#website","url":"https:\/\/www.yoroow.com\/es\/","name":"YOROOW","description":"","publisher":{"@id":"https:\/\/www.yoroow.com\/es\/#organization"},"potentialAction":[{"@type":"SearchAction","target":{"@type":"EntryPoint","urlTemplate":"https:\/\/www.yoroow.com\/es\/?s={search_term_string}"},"query-input":{"@type":"PropertyValueSpecification","valueRequired":true,"valueName":"search_term_string"}}],"inLanguage":"es"},{"@type":"Organization","@id":"https:\/\/www.yoroow.com\/es\/#organization","name":"YOROOW","url":"https:\/\/www.yoroow.com\/es\/","logo":{"@type":"ImageObject","inLanguage":"es","@id":"https:\/\/www.yoroow.com\/es\/#\/schema\/logo\/image\/","url":"https:\/\/www.yoroow.com\/wp-content\/uploads\/2024\/12\/2024123007131061.png","contentUrl":"https:\/\/www.yoroow.com\/wp-content\/uploads\/2024\/12\/2024123007131061.png","width":168,"height":27,"caption":"YOROOW"},"image":{"@id":"https:\/\/www.yoroow.com\/es\/#\/schema\/logo\/image\/"},"sameAs":["https:\/\/www.facebook.com\/people\/yoroowfaucetfactory\/61564236752362\/"]}]}},"_links":{"self":[{"href":"https:\/\/www.yoroow.com\/es\/wp-json\/wp\/v2\/product\/18596","targetHints":{"allow":["GET"]}}],"collection":[{"href":"https:\/\/www.yoroow.com\/es\/wp-json\/wp\/v2\/product"}],"about":[{"href":"https:\/\/www.yoroow.com\/es\/wp-json\/wp\/v2\/types\/product"}],"wp:featuredmedia":[{"embeddable":true,"href":"https:\/\/www.yoroow.com\/es\/wp-json\/wp\/v2\/media\/18598"}],"wp:attachment":[{"href":"https:\/\/www.yoroow.com\/es\/wp-json\/wp\/v2\/media?parent=18596"}],"wp:term":[{"taxonomy":"product_brand","embeddable":true,"href":"https:\/\/www.yoroow.com\/es\/wp-json\/wp\/v2\/product_brand?post=18596"},{"taxonomy":"product_cat","embeddable":true,"href":"https:\/\/www.yoroow.com\/es\/wp-json\/wp\/v2\/product_cat?post=18596"},{"taxonomy":"product_tag","embeddable":true,"href":"https:\/\/www.yoroow.com\/es\/wp-json\/wp\/v2\/product_tag?post=18596"}],"curies":[{"name":"wp","href":"https:\/\/api.w.org\/{rel}","templated":true}]}}