{"id":17226,"date":"2025-03-29T14:32:59","date_gmt":"2025-03-29T06:32:59","guid":{"rendered":"https:\/\/www.yoroow.com\/?post_type=product&#038;p=17226"},"modified":"2025-05-16T09:49:25","modified_gmt":"2025-05-16T01:49:25","slug":"diseno-moderno-personalizable-mango-de-palanca-de-reemplazo-hueco-de-aleacion-de-zinc-para-grifos-mezcladores-de-bano-caliente-frio","status":"publish","type":"product","link":"https:\/\/www.yoroow.com\/es\/detalle-del-producto\/diseno-moderno-personalizable-mango-de-palanca-de-reemplazo-hueco-de-aleacion-de-zinc-para-grifos-mezcladores-de-bano-caliente-frio\/","title":{"rendered":"Palanca de recambio de dise\u00f1o moderno y personalizable de aleaci\u00f3n de zinc hueca para grifos mezcladores de ba\u00f1o de agua fr\u00eda y caliente"},"content":{"rendered":"<p>Esta maneta personalizable presenta un moderno dise\u00f1o hueco, fabricado en aleaci\u00f3n de zinc de alta calidad. Adecuado para grifos mezcladores de ba\u00f1o de agua fr\u00eda y caliente, ofrece una elegante actualizaci\u00f3n de los accesorios existentes. Las f\u00e1bricas chinas utilizan procesos de fundici\u00f3n y acabado de precisi\u00f3n para garantizar una calidad y un acabado uniformes. El car\u00e1cter personalizable de la maneta permite adaptar la marca y el dise\u00f1o, lo que la hace atractiva para los distribuidores de Sudam\u00e9rica y el sudeste asi\u00e1tico que buscan productos diferenciados para satisfacer las diversas preferencias de los consumidores.<\/p>","protected":false},"excerpt":{"rendered":"<p>This customizable lever handle boasts a modern hollow-out design, crafted from high-quality zinc alloy. Suitable for both hot and cold bathroom mixer taps, it offers a stylish upgrade to existing fixtures. Chinese factories utilize precision casting and finishing processes to ensure consistent quality and finish. The handle\u2019s customizable nature allows for branding and design adaptations,\u2026<\/p>","protected":false},"featured_media":17246,"template":"","meta":{"_acf_changed":false,"_kad_post_transparent":"default","_kad_post_title":"","_kad_post_layout":"default","_kad_post_sidebar_id":"","_kad_post_content_style":"default","_kad_post_vertical_padding":"default","_kad_post_feature":"","_kad_post_feature_position":"","_kad_post_header":false,"_kad_post_footer":false},"product_brand":[],"product_cat":[7106],"product_tag":[7126,7125],"class_list":{"0":"post-17226","1":"product","2":"type-product","3":"status-publish","4":"has-post-thumbnail","6":"product_cat-faucet-handle","7":"product_tag-universal-faucet-handle","8":"product_tag-zinc-faucet-handle-fittings","10":"first","11":"instock","12":"shipping-taxable","13":"purchasable","14":"product-type-variable","15":"wvs-archive-product-wrapper","16":"entry","17":"content-bg","18":"loop-entry"},"acf":[],"yoast_head":"<!-- This site is optimized with the Yoast SEO Premium plugin v25.4 (Yoast SEO v27.0) - https:\/\/yoast.com\/product\/yoast-seo-premium-wordpress\/ -->\n<title>Customizable Modern Design Replacement Lever Handle Hollow-Out Zinc Alloy for Hot &amp; Cold Bathroom Mixer Taps - YOROOW<\/title>\n<meta name=\"description\" content=\"Customizable modern design replacement lever handle made of hollow-out zinc alloy for hot and cold bathroom mixer taps. High precision manufacturing in China focused on export to South American and Southeast Asian markets.\" \/>\n<meta name=\"robots\" content=\"index, follow, max-snippet:-1, max-image-preview:large, max-video-preview:-1\" \/>\n<link rel=\"canonical\" href=\"https:\/\/www.yoroow.com\/es\/detalle-del-producto\/diseno-moderno-personalizable-mango-de-palanca-de-reemplazo-hueco-de-aleacion-de-zinc-para-grifos-mezcladores-de-bano-caliente-frio\/\" \/>\n<meta property=\"og:locale\" content=\"es_ES\" \/>\n<meta property=\"og:type\" content=\"article\" \/>\n<meta property=\"og:title\" content=\"Customizable Modern Design Replacement Lever Handle Hollow-Out Zinc Alloy for Hot &amp; Cold Bathroom Mixer Taps\" \/>\n<meta property=\"og:description\" content=\"Customizable modern design replacement lever handle made of hollow-out zinc alloy for hot and cold bathroom mixer taps. High precision manufacturing in China focused on export to South American and Southeast Asian markets.\" \/>\n<meta property=\"og:url\" content=\"https:\/\/www.yoroow.com\/es\/detalle-del-producto\/diseno-moderno-personalizable-mango-de-palanca-de-reemplazo-hueco-de-aleacion-de-zinc-para-grifos-mezcladores-de-bano-caliente-frio\/\" \/>\n<meta property=\"og:site_name\" content=\"YOROOW\" \/>\n<meta property=\"article:publisher\" content=\"https:\/\/www.facebook.com\/people\/yoroowfaucetfactory\/61564236752362\/\" \/>\n<meta property=\"article:modified_time\" content=\"2025-05-16T01:49:25+00:00\" \/>\n<meta property=\"og:image\" content=\"https:\/\/www.yoroow.com\/wp-content\/uploads\/2025\/03\/120P-2.jpg\" \/>\n\t<meta property=\"og:image:width\" content=\"800\" \/>\n\t<meta property=\"og:image:height\" content=\"800\" \/>\n\t<meta property=\"og:image:type\" content=\"image\/jpeg\" \/>\n<meta name=\"twitter:card\" content=\"summary_large_image\" \/>\n<meta name=\"twitter:label1\" content=\"Tiempo de lectura\" \/>\n\t<meta name=\"twitter:data1\" content=\"1 minuto\" \/>\n<script type=\"application\/ld+json\" class=\"yoast-schema-graph\">{\"@context\":\"https:\/\/schema.org\",\"@graph\":[{\"@type\":\"WebPage\",\"@id\":\"https:\/\/www.yoroow.com\/es\/detalle-del-producto\/diseno-moderno-personalizable-mango-de-palanca-de-reemplazo-hueco-de-aleacion-de-zinc-para-grifos-mezcladores-de-bano-caliente-frio\/\",\"url\":\"https:\/\/www.yoroow.com\/es\/detalle-del-producto\/diseno-moderno-personalizable-mango-de-palanca-de-reemplazo-hueco-de-aleacion-de-zinc-para-grifos-mezcladores-de-bano-caliente-frio\/\",\"name\":\"Customizable Modern Design Replacement Lever Handle Hollow-Out Zinc Alloy for Hot & Cold Bathroom Mixer Taps - YOROOW\",\"isPartOf\":{\"@id\":\"https:\/\/www.yoroow.com\/es\/#website\"},\"primaryImageOfPage\":{\"@id\":\"https:\/\/www.yoroow.com\/es\/detalle-del-producto\/diseno-moderno-personalizable-mango-de-palanca-de-reemplazo-hueco-de-aleacion-de-zinc-para-grifos-mezcladores-de-bano-caliente-frio\/#primaryimage\"},\"image\":{\"@id\":\"https:\/\/www.yoroow.com\/es\/detalle-del-producto\/diseno-moderno-personalizable-mango-de-palanca-de-reemplazo-hueco-de-aleacion-de-zinc-para-grifos-mezcladores-de-bano-caliente-frio\/#primaryimage\"},\"thumbnailUrl\":\"https:\/\/www.yoroow.com\/wp-content\/uploads\/2025\/03\/120P-2.jpg\",\"datePublished\":\"2025-03-29T06:32:59+00:00\",\"dateModified\":\"2025-05-16T01:49:25+00:00\",\"description\":\"Customizable modern design replacement lever handle made of hollow-out zinc alloy for hot and cold bathroom mixer taps. High precision manufacturing in China focused on export to South American and Southeast Asian markets.\",\"breadcrumb\":{\"@id\":\"https:\/\/www.yoroow.com\/es\/detalle-del-producto\/diseno-moderno-personalizable-mango-de-palanca-de-reemplazo-hueco-de-aleacion-de-zinc-para-grifos-mezcladores-de-bano-caliente-frio\/#breadcrumb\"},\"inLanguage\":\"es\",\"potentialAction\":[{\"@type\":\"ReadAction\",\"target\":[\"https:\/\/www.yoroow.com\/es\/detalle-del-producto\/diseno-moderno-personalizable-mango-de-palanca-de-reemplazo-hueco-de-aleacion-de-zinc-para-grifos-mezcladores-de-bano-caliente-frio\/\"]}]},{\"@type\":\"ImageObject\",\"inLanguage\":\"es\",\"@id\":\"https:\/\/www.yoroow.com\/es\/detalle-del-producto\/diseno-moderno-personalizable-mango-de-palanca-de-reemplazo-hueco-de-aleacion-de-zinc-para-grifos-mezcladores-de-bano-caliente-frio\/#primaryimage\",\"url\":\"https:\/\/www.yoroow.com\/wp-content\/uploads\/2025\/03\/120P-2.jpg\",\"contentUrl\":\"https:\/\/www.yoroow.com\/wp-content\/uploads\/2025\/03\/120P-2.jpg\",\"width\":800,\"height\":800,\"caption\":\"Customizable Modern Design Replacement Lever Handle Hollow-Out Zinc Alloy for Hot & Cold Bathroom Mixer Taps\"},{\"@type\":\"BreadcrumbList\",\"@id\":\"https:\/\/www.yoroow.com\/es\/detalle-del-producto\/diseno-moderno-personalizable-mango-de-palanca-de-reemplazo-hueco-de-aleacion-de-zinc-para-grifos-mezcladores-de-bano-caliente-frio\/#breadcrumb\",\"itemListElement\":[{\"@type\":\"ListItem\",\"position\":1,\"name\":\"home\",\"item\":\"https:\/\/www.yoroow.com\/\"},{\"@type\":\"ListItem\",\"position\":2,\"name\":\"Product\",\"item\":\"https:\/\/www.yoroow.com\/product\/\"},{\"@type\":\"ListItem\",\"position\":3,\"name\":\"Customizable Modern Design Replacement Lever Handle Hollow-Out Zinc Alloy for Hot &#038; Cold Bathroom Mixer Taps\"}]},{\"@type\":\"WebSite\",\"@id\":\"https:\/\/www.yoroow.com\/es\/#website\",\"url\":\"https:\/\/www.yoroow.com\/es\/\",\"name\":\"YOROOW\",\"description\":\"\",\"publisher\":{\"@id\":\"https:\/\/www.yoroow.com\/es\/#organization\"},\"potentialAction\":[{\"@type\":\"SearchAction\",\"target\":{\"@type\":\"EntryPoint\",\"urlTemplate\":\"https:\/\/www.yoroow.com\/es\/?s={search_term_string}\"},\"query-input\":{\"@type\":\"PropertyValueSpecification\",\"valueRequired\":true,\"valueName\":\"search_term_string\"}}],\"inLanguage\":\"es\"},{\"@type\":\"Organization\",\"@id\":\"https:\/\/www.yoroow.com\/es\/#organization\",\"name\":\"YOROOW\",\"url\":\"https:\/\/www.yoroow.com\/es\/\",\"logo\":{\"@type\":\"ImageObject\",\"inLanguage\":\"es\",\"@id\":\"https:\/\/www.yoroow.com\/es\/#\/schema\/logo\/image\/\",\"url\":\"https:\/\/www.yoroow.com\/wp-content\/uploads\/2024\/12\/2024123007131061.png\",\"contentUrl\":\"https:\/\/www.yoroow.com\/wp-content\/uploads\/2024\/12\/2024123007131061.png\",\"width\":168,\"height\":27,\"caption\":\"YOROOW\"},\"image\":{\"@id\":\"https:\/\/www.yoroow.com\/es\/#\/schema\/logo\/image\/\"},\"sameAs\":[\"https:\/\/www.facebook.com\/people\/yoroowfaucetfactory\/61564236752362\/\"]}]}<\/script>\n<!-- \/ Yoast SEO Premium plugin. -->","yoast_head_json":{"title":"Customizable Modern Design Replacement Lever Handle Hollow-Out Zinc Alloy for Hot & Cold Bathroom Mixer Taps - YOROOW","description":"Customizable modern design replacement lever handle made of hollow-out zinc alloy for hot and cold bathroom mixer taps. High precision manufacturing in China focused on export to South American and Southeast Asian markets.","robots":{"index":"index","follow":"follow","max-snippet":"max-snippet:-1","max-image-preview":"max-image-preview:large","max-video-preview":"max-video-preview:-1"},"canonical":"https:\/\/www.yoroow.com\/es\/detalle-del-producto\/diseno-moderno-personalizable-mango-de-palanca-de-reemplazo-hueco-de-aleacion-de-zinc-para-grifos-mezcladores-de-bano-caliente-frio\/","og_locale":"es_ES","og_type":"article","og_title":"Customizable Modern Design Replacement Lever Handle Hollow-Out Zinc Alloy for Hot & Cold Bathroom Mixer Taps","og_description":"Customizable modern design replacement lever handle made of hollow-out zinc alloy for hot and cold bathroom mixer taps. High precision manufacturing in China focused on export to South American and Southeast Asian markets.","og_url":"https:\/\/www.yoroow.com\/es\/detalle-del-producto\/diseno-moderno-personalizable-mango-de-palanca-de-reemplazo-hueco-de-aleacion-de-zinc-para-grifos-mezcladores-de-bano-caliente-frio\/","og_site_name":"YOROOW","article_publisher":"https:\/\/www.facebook.com\/people\/yoroowfaucetfactory\/61564236752362\/","article_modified_time":"2025-05-16T01:49:25+00:00","og_image":[{"width":800,"height":800,"url":"https:\/\/www.yoroow.com\/wp-content\/uploads\/2025\/03\/120P-2.jpg","type":"image\/jpeg"}],"twitter_card":"summary_large_image","twitter_misc":{"Tiempo de lectura":"1 minuto"},"schema":{"@context":"https:\/\/schema.org","@graph":[{"@type":"WebPage","@id":"https:\/\/www.yoroow.com\/es\/detalle-del-producto\/diseno-moderno-personalizable-mango-de-palanca-de-reemplazo-hueco-de-aleacion-de-zinc-para-grifos-mezcladores-de-bano-caliente-frio\/","url":"https:\/\/www.yoroow.com\/es\/detalle-del-producto\/diseno-moderno-personalizable-mango-de-palanca-de-reemplazo-hueco-de-aleacion-de-zinc-para-grifos-mezcladores-de-bano-caliente-frio\/","name":"Customizable Modern Design Replacement Lever Handle Hollow-Out Zinc Alloy for Hot & Cold Bathroom Mixer Taps - YOROOW","isPartOf":{"@id":"https:\/\/www.yoroow.com\/es\/#website"},"primaryImageOfPage":{"@id":"https:\/\/www.yoroow.com\/es\/detalle-del-producto\/diseno-moderno-personalizable-mango-de-palanca-de-reemplazo-hueco-de-aleacion-de-zinc-para-grifos-mezcladores-de-bano-caliente-frio\/#primaryimage"},"image":{"@id":"https:\/\/www.yoroow.com\/es\/detalle-del-producto\/diseno-moderno-personalizable-mango-de-palanca-de-reemplazo-hueco-de-aleacion-de-zinc-para-grifos-mezcladores-de-bano-caliente-frio\/#primaryimage"},"thumbnailUrl":"https:\/\/www.yoroow.com\/wp-content\/uploads\/2025\/03\/120P-2.jpg","datePublished":"2025-03-29T06:32:59+00:00","dateModified":"2025-05-16T01:49:25+00:00","description":"Customizable modern design replacement lever handle made of hollow-out zinc alloy for hot and cold bathroom mixer taps. High precision manufacturing in China focused on export to South American and Southeast Asian markets.","breadcrumb":{"@id":"https:\/\/www.yoroow.com\/es\/detalle-del-producto\/diseno-moderno-personalizable-mango-de-palanca-de-reemplazo-hueco-de-aleacion-de-zinc-para-grifos-mezcladores-de-bano-caliente-frio\/#breadcrumb"},"inLanguage":"es","potentialAction":[{"@type":"ReadAction","target":["https:\/\/www.yoroow.com\/es\/detalle-del-producto\/diseno-moderno-personalizable-mango-de-palanca-de-reemplazo-hueco-de-aleacion-de-zinc-para-grifos-mezcladores-de-bano-caliente-frio\/"]}]},{"@type":"ImageObject","inLanguage":"es","@id":"https:\/\/www.yoroow.com\/es\/detalle-del-producto\/diseno-moderno-personalizable-mango-de-palanca-de-reemplazo-hueco-de-aleacion-de-zinc-para-grifos-mezcladores-de-bano-caliente-frio\/#primaryimage","url":"https:\/\/www.yoroow.com\/wp-content\/uploads\/2025\/03\/120P-2.jpg","contentUrl":"https:\/\/www.yoroow.com\/wp-content\/uploads\/2025\/03\/120P-2.jpg","width":800,"height":800,"caption":"Customizable Modern Design Replacement Lever Handle Hollow-Out Zinc Alloy for Hot & Cold Bathroom Mixer Taps"},{"@type":"BreadcrumbList","@id":"https:\/\/www.yoroow.com\/es\/detalle-del-producto\/diseno-moderno-personalizable-mango-de-palanca-de-reemplazo-hueco-de-aleacion-de-zinc-para-grifos-mezcladores-de-bano-caliente-frio\/#breadcrumb","itemListElement":[{"@type":"ListItem","position":1,"name":"home","item":"https:\/\/www.yoroow.com\/"},{"@type":"ListItem","position":2,"name":"Product","item":"https:\/\/www.yoroow.com\/product\/"},{"@type":"ListItem","position":3,"name":"Customizable Modern Design Replacement Lever Handle Hollow-Out Zinc Alloy for Hot &#038; Cold Bathroom Mixer Taps"}]},{"@type":"WebSite","@id":"https:\/\/www.yoroow.com\/es\/#website","url":"https:\/\/www.yoroow.com\/es\/","name":"YOROOW","description":"","publisher":{"@id":"https:\/\/www.yoroow.com\/es\/#organization"},"potentialAction":[{"@type":"SearchAction","target":{"@type":"EntryPoint","urlTemplate":"https:\/\/www.yoroow.com\/es\/?s={search_term_string}"},"query-input":{"@type":"PropertyValueSpecification","valueRequired":true,"valueName":"search_term_string"}}],"inLanguage":"es"},{"@type":"Organization","@id":"https:\/\/www.yoroow.com\/es\/#organization","name":"YOROOW","url":"https:\/\/www.yoroow.com\/es\/","logo":{"@type":"ImageObject","inLanguage":"es","@id":"https:\/\/www.yoroow.com\/es\/#\/schema\/logo\/image\/","url":"https:\/\/www.yoroow.com\/wp-content\/uploads\/2024\/12\/2024123007131061.png","contentUrl":"https:\/\/www.yoroow.com\/wp-content\/uploads\/2024\/12\/2024123007131061.png","width":168,"height":27,"caption":"YOROOW"},"image":{"@id":"https:\/\/www.yoroow.com\/es\/#\/schema\/logo\/image\/"},"sameAs":["https:\/\/www.facebook.com\/people\/yoroowfaucetfactory\/61564236752362\/"]}]}},"_links":{"self":[{"href":"https:\/\/www.yoroow.com\/es\/wp-json\/wp\/v2\/product\/17226","targetHints":{"allow":["GET"]}}],"collection":[{"href":"https:\/\/www.yoroow.com\/es\/wp-json\/wp\/v2\/product"}],"about":[{"href":"https:\/\/www.yoroow.com\/es\/wp-json\/wp\/v2\/types\/product"}],"wp:featuredmedia":[{"embeddable":true,"href":"https:\/\/www.yoroow.com\/es\/wp-json\/wp\/v2\/media\/17246"}],"wp:attachment":[{"href":"https:\/\/www.yoroow.com\/es\/wp-json\/wp\/v2\/media?parent=17226"}],"wp:term":[{"taxonomy":"product_brand","embeddable":true,"href":"https:\/\/www.yoroow.com\/es\/wp-json\/wp\/v2\/product_brand?post=17226"},{"taxonomy":"product_cat","embeddable":true,"href":"https:\/\/www.yoroow.com\/es\/wp-json\/wp\/v2\/product_cat?post=17226"},{"taxonomy":"product_tag","embeddable":true,"href":"https:\/\/www.yoroow.com\/es\/wp-json\/wp\/v2\/product_tag?post=17226"}],"curies":[{"name":"wp","href":"https:\/\/api.w.org\/{rel}","templated":true}]}}